{"id":5208,"date":"2022-02-20T21:58:44","date_gmt":"2022-02-20T21:58:44","guid":{"rendered":"https:\/\/medicinasinc.com\/no\/?post_type=product&#038;p=5208"},"modified":"2022-03-22T00:59:17","modified_gmt":"2022-03-22T00:59:17","slug":"kjop-imovan-zopiklon-7-5-mg","status":"publish","type":"product","link":"https:\/\/medicinasinc.com\/no\/product\/kjop-imovan-zopiklon-7-5-mg\/","title":{"rendered":"Kj\u00f8p Imovane Zopiclone 7,5 mg"},"content":{"rendered":"<p>Imovane Zopiclone-tabletter kan kj\u00f8pes p\u00e5 nettet.<\/p>\n<p>Imovane Zopiclone-tabletter kan kj\u00f8pes p\u00e5 nettet.<\/p>\n<p>Imovane: Zopiclone tilh\u00f8rer klassen beroligende-hypnotiske legemidler. Det er foreskrevet for symptomatisk lindring av s\u00f8vnproblemer p\u00e5 kort sikt.<\/p>\n","protected":false},"excerpt":{"rendered":"<div class=\"woocommerce-product-details__short-description\">\n<p>Kj\u00f8p zopiklon 7,5 mg tabletter online, zopiklon 7,5 mg uk, zopiklon online, zopiklon eu, zopiklon singapore, zopiklon uk, zopiklon amazon, zopiklon tabletter 7,5m neste dag levering<\/p>\n<p>Imovane Zopiclone tabletter kan kj\u00f8pes p\u00e5 nettet.<\/p>\n<p>Imovane: Zopiclone er et beroligende-hypnotisk medikament. Det brukes til \u00e5 behandle s\u00f8vnproblemer p\u00e5 kort sikt og som en symptomatisk behandling.<\/p>\n<p>Imovane (Zopiclone) kan kj\u00f8pes p\u00e5 nett med en gyldig australsk resept. Bestglobalmeds.com tilbyr gratis frakt p\u00e5 alle reseptbelagte varer til Australia.<\/p>\n<p>Imovane (Zopiclone) er et beroligende-hypnotisk medikament. Det brukes til \u00e5 behandle s\u00f8vnproblemer p\u00e5 kort sikt og som en symptomatisk behandling.<\/p>\n<\/p><\/div>\n","protected":false},"featured_media":5226,"comment_status":"open","ping_status":"closed","template":"","meta":[],"product_brand":[],"product_cat":[1117],"product_tag":[1362,1367,1368,1363,1364,1365,1366,1369],"class_list":{"0":"post-5208","1":"product","2":"type-product","3":"status-publish","4":"has-post-thumbnail","6":"product_cat-kjop-smerte-sove-sexpiller","7":"product_tag-buy-zopiclone-7-5mg-tablets-next-day-delivery","8":"product_tag-buy-zopiclone-singapore","9":"product_tag-buy-zopiclone-uk","10":"product_tag-kjp-zopiklon-7-5mg-tabletter-online","11":"product_tag-kjp-zopiklon-7-5mg-uk","12":"product_tag-kj-c3-b8p-zopiklon-eu","13":"product_tag-kjp-zopiklon-online","14":"product_tag-zopiklon-amazon","16":"first","17":"instock","18":"shipping-taxable","19":"purchasable","20":"product-type-variable","21":"has-default-attributes"},"yoast_head":"<!-- This site is optimized with the Yoast SEO plugin v27.3 - https:\/\/yoast.com\/product\/yoast-seo-wordpress\/ -->\n<title>Kj\u00f8p Imovane Zopiclone 7,5 mg - Beste beste globale medisiner<\/title>\n<meta name=\"description\" content=\"kj\u00f8p zopiklon 7,5 mg tabletter online, kj\u00f8p zopiklon 7,5 mg uk, kj\u00f8p zopiklon online, kj\u00f8p zopiklon eu, kj\u00f8p zopiklon singapore, kj\u00f8p zopiklon uk, zopiklon amazon, kj\u00f8p zopiklon 7,5 mg tabletter neste dag levering,\" \/>\n<meta name=\"robots\" content=\"index, follow, max-snippet:-1, max-image-preview:large, max-video-preview:-1\" \/>\n<link rel=\"canonical\" href=\"https:\/\/medicinasinc.com\/no\/product\/kjop-imovan-zopiklon-7-5-mg\/\" \/>\n<meta property=\"og:locale\" content=\"nn_NO\" \/>\n<meta property=\"og:type\" content=\"article\" \/>\n<meta property=\"og:title\" content=\"Kj\u00f8p Imovane Zopiclone 7,5 mg - Beste beste globale medisiner\" \/>\n<meta property=\"og:description\" content=\"kj\u00f8p zopiklon 7,5 mg tabletter online, kj\u00f8p zopiklon 7,5 mg uk, kj\u00f8p zopiklon online, kj\u00f8p zopiklon eu, kj\u00f8p zopiklon singapore, kj\u00f8p zopiklon uk, zopiklon amazon, kj\u00f8p zopiklon 7,5 mg tabletter neste dag levering,\" \/>\n<meta property=\"og:url\" content=\"https:\/\/medicinasinc.com\/no\/product\/kjop-imovan-zopiklon-7-5-mg\/\" \/>\n<meta property=\"og:site_name\" content=\"Medicinas Inc\" \/>\n<meta property=\"article:modified_time\" content=\"2022-03-22T00:59:17+00:00\" \/>\n<meta property=\"og:image\" content=\"https:\/\/medicinasinc.com\/no\/wp-content\/uploads\/sites\/14\/2022\/02\/Buy-Imovane-Zopiclone-7.5-mg.jpg\" \/>\n\t<meta property=\"og:image:width\" content=\"570\" \/>\n\t<meta property=\"og:image:height\" content=\"340\" \/>\n\t<meta property=\"og:image:type\" content=\"image\/jpeg\" \/>\n<meta name=\"twitter:card\" content=\"summary_large_image\" \/>\n<meta name=\"twitter:label1\" content=\"Est. reading time\" \/>\n\t<meta name=\"twitter:data1\" content=\"1 minutt\" \/>\n<script type=\"application\/ld+json\" class=\"yoast-schema-graph\">{\"@context\":\"https:\\\/\\\/schema.org\",\"@graph\":[{\"@type\":\"WebPage\",\"@id\":\"https:\\\/\\\/medicinasinc.com\\\/no\\\/product\\\/kjop-imovan-zopiklon-7-5-mg\\\/\",\"url\":\"https:\\\/\\\/medicinasinc.com\\\/no\\\/product\\\/kjop-imovan-zopiklon-7-5-mg\\\/\",\"name\":\"Kj\u00f8p Imovane Zopiclone 7,5 mg - Beste beste globale medisiner\",\"isPartOf\":{\"@id\":\"https:\\\/\\\/medicinasinc.com\\\/no\\\/#website\"},\"primaryImageOfPage\":{\"@id\":\"https:\\\/\\\/medicinasinc.com\\\/no\\\/product\\\/kjop-imovan-zopiklon-7-5-mg\\\/#primaryimage\"},\"image\":{\"@id\":\"https:\\\/\\\/medicinasinc.com\\\/no\\\/product\\\/kjop-imovan-zopiklon-7-5-mg\\\/#primaryimage\"},\"thumbnailUrl\":\"https:\\\/\\\/medicinasinc.com\\\/no\\\/wp-content\\\/uploads\\\/sites\\\/14\\\/2022\\\/02\\\/Buy-Imovane-Zopiclone-7.5-mg.jpg\",\"datePublished\":\"2022-02-20T21:58:44+00:00\",\"dateModified\":\"2022-03-22T00:59:17+00:00\",\"description\":\"kj\u00f8p zopiklon 7,5 mg tabletter online, kj\u00f8p zopiklon 7,5 mg uk, kj\u00f8p zopiklon online, kj\u00f8p zopiklon eu, kj\u00f8p zopiklon singapore, kj\u00f8p zopiklon uk, zopiklon amazon, kj\u00f8p zopiklon 7,5 mg tabletter neste dag levering,\",\"breadcrumb\":{\"@id\":\"https:\\\/\\\/medicinasinc.com\\\/no\\\/product\\\/kjop-imovan-zopiklon-7-5-mg\\\/#breadcrumb\"},\"inLanguage\":\"nn-NO\",\"potentialAction\":[{\"@type\":\"ReadAction\",\"target\":[\"https:\\\/\\\/medicinasinc.com\\\/no\\\/product\\\/kjop-imovan-zopiklon-7-5-mg\\\/\"]}]},{\"@type\":\"ImageObject\",\"inLanguage\":\"nn-NO\",\"@id\":\"https:\\\/\\\/medicinasinc.com\\\/no\\\/product\\\/kjop-imovan-zopiklon-7-5-mg\\\/#primaryimage\",\"url\":\"https:\\\/\\\/medicinasinc.com\\\/no\\\/wp-content\\\/uploads\\\/sites\\\/14\\\/2022\\\/02\\\/Buy-Imovane-Zopiclone-7.5-mg.jpg\",\"contentUrl\":\"https:\\\/\\\/medicinasinc.com\\\/no\\\/wp-content\\\/uploads\\\/sites\\\/14\\\/2022\\\/02\\\/Buy-Imovane-Zopiclone-7.5-mg.jpg\",\"width\":570,\"height\":340},{\"@type\":\"BreadcrumbList\",\"@id\":\"https:\\\/\\\/medicinasinc.com\\\/no\\\/product\\\/kjop-imovan-zopiklon-7-5-mg\\\/#breadcrumb\",\"itemListElement\":[{\"@type\":\"ListItem\",\"position\":1,\"name\":\"Butikk\",\"item\":\"https:\\\/\\\/medicinasinc.com\\\/no\\\/butikk\\\/\"},{\"@type\":\"ListItem\",\"position\":2,\"name\":\"Kj\u00f8p Imovane Zopiclone 7,5 mg\"}]},{\"@type\":\"WebSite\",\"@id\":\"https:\\\/\\\/medicinasinc.com\\\/no\\\/#website\",\"url\":\"https:\\\/\\\/medicinasinc.com\\\/no\\\/\",\"name\":\"Medicinas Inc\",\"description\":\"Helsemedisinsk klinikk\",\"potentialAction\":[{\"@type\":\"SearchAction\",\"target\":{\"@type\":\"EntryPoint\",\"urlTemplate\":\"https:\\\/\\\/medicinasinc.com\\\/no\\\/?s={search_term_string}\"},\"query-input\":{\"@type\":\"PropertyValueSpecification\",\"valueRequired\":true,\"valueName\":\"search_term_string\"}}],\"inLanguage\":\"nn-NO\"}]}<\/script>\n<!-- \/ Yoast SEO plugin. -->","yoast_head_json":{"title":"Kj\u00f8p Imovane Zopiclone 7,5 mg - Beste beste globale medisiner","description":"kj\u00f8p zopiklon 7,5 mg tabletter online, kj\u00f8p zopiklon 7,5 mg uk, kj\u00f8p zopiklon online, kj\u00f8p zopiklon eu, kj\u00f8p zopiklon singapore, kj\u00f8p zopiklon uk, zopiklon amazon, kj\u00f8p zopiklon 7,5 mg tabletter neste dag levering,","robots":{"index":"index","follow":"follow","max-snippet":"max-snippet:-1","max-image-preview":"max-image-preview:large","max-video-preview":"max-video-preview:-1"},"canonical":"https:\/\/medicinasinc.com\/no\/product\/kjop-imovan-zopiklon-7-5-mg\/","og_locale":"nn_NO","og_type":"article","og_title":"Kj\u00f8p Imovane Zopiclone 7,5 mg - Beste beste globale medisiner","og_description":"kj\u00f8p zopiklon 7,5 mg tabletter online, kj\u00f8p zopiklon 7,5 mg uk, kj\u00f8p zopiklon online, kj\u00f8p zopiklon eu, kj\u00f8p zopiklon singapore, kj\u00f8p zopiklon uk, zopiklon amazon, kj\u00f8p zopiklon 7,5 mg tabletter neste dag levering,","og_url":"https:\/\/medicinasinc.com\/no\/product\/kjop-imovan-zopiklon-7-5-mg\/","og_site_name":"Medicinas Inc","article_modified_time":"2022-03-22T00:59:17+00:00","og_image":[{"width":570,"height":340,"url":"https:\/\/medicinasinc.com\/no\/wp-content\/uploads\/sites\/14\/2022\/02\/Buy-Imovane-Zopiclone-7.5-mg.jpg","type":"image\/jpeg"}],"twitter_card":"summary_large_image","twitter_misc":{"Est. reading time":"1 minutt"},"schema":{"@context":"https:\/\/schema.org","@graph":[{"@type":"WebPage","@id":"https:\/\/medicinasinc.com\/no\/product\/kjop-imovan-zopiklon-7-5-mg\/","url":"https:\/\/medicinasinc.com\/no\/product\/kjop-imovan-zopiklon-7-5-mg\/","name":"Kj\u00f8p Imovane Zopiclone 7,5 mg - Beste beste globale medisiner","isPartOf":{"@id":"https:\/\/medicinasinc.com\/no\/#website"},"primaryImageOfPage":{"@id":"https:\/\/medicinasinc.com\/no\/product\/kjop-imovan-zopiklon-7-5-mg\/#primaryimage"},"image":{"@id":"https:\/\/medicinasinc.com\/no\/product\/kjop-imovan-zopiklon-7-5-mg\/#primaryimage"},"thumbnailUrl":"https:\/\/medicinasinc.com\/no\/wp-content\/uploads\/sites\/14\/2022\/02\/Buy-Imovane-Zopiclone-7.5-mg.jpg","datePublished":"2022-02-20T21:58:44+00:00","dateModified":"2022-03-22T00:59:17+00:00","description":"kj\u00f8p zopiklon 7,5 mg tabletter online, kj\u00f8p zopiklon 7,5 mg uk, kj\u00f8p zopiklon online, kj\u00f8p zopiklon eu, kj\u00f8p zopiklon singapore, kj\u00f8p zopiklon uk, zopiklon amazon, kj\u00f8p zopiklon 7,5 mg tabletter neste dag levering,","breadcrumb":{"@id":"https:\/\/medicinasinc.com\/no\/product\/kjop-imovan-zopiklon-7-5-mg\/#breadcrumb"},"inLanguage":"nn-NO","potentialAction":[{"@type":"ReadAction","target":["https:\/\/medicinasinc.com\/no\/product\/kjop-imovan-zopiklon-7-5-mg\/"]}]},{"@type":"ImageObject","inLanguage":"nn-NO","@id":"https:\/\/medicinasinc.com\/no\/product\/kjop-imovan-zopiklon-7-5-mg\/#primaryimage","url":"https:\/\/medicinasinc.com\/no\/wp-content\/uploads\/sites\/14\/2022\/02\/Buy-Imovane-Zopiclone-7.5-mg.jpg","contentUrl":"https:\/\/medicinasinc.com\/no\/wp-content\/uploads\/sites\/14\/2022\/02\/Buy-Imovane-Zopiclone-7.5-mg.jpg","width":570,"height":340},{"@type":"BreadcrumbList","@id":"https:\/\/medicinasinc.com\/no\/product\/kjop-imovan-zopiklon-7-5-mg\/#breadcrumb","itemListElement":[{"@type":"ListItem","position":1,"name":"Butikk","item":"https:\/\/medicinasinc.com\/no\/butikk\/"},{"@type":"ListItem","position":2,"name":"Kj\u00f8p Imovane Zopiclone 7,5 mg"}]},{"@type":"WebSite","@id":"https:\/\/medicinasinc.com\/no\/#website","url":"https:\/\/medicinasinc.com\/no\/","name":"Medicinas Inc","description":"Helsemedisinsk klinikk","potentialAction":[{"@type":"SearchAction","target":{"@type":"EntryPoint","urlTemplate":"https:\/\/medicinasinc.com\/no\/?s={search_term_string}"},"query-input":{"@type":"PropertyValueSpecification","valueRequired":true,"valueName":"search_term_string"}}],"inLanguage":"nn-NO"}]}},"_links":{"self":[{"href":"https:\/\/medicinasinc.com\/no\/wp-json\/wp\/v2\/product\/5208","targetHints":{"allow":["GET"]}}],"collection":[{"href":"https:\/\/medicinasinc.com\/no\/wp-json\/wp\/v2\/product"}],"about":[{"href":"https:\/\/medicinasinc.com\/no\/wp-json\/wp\/v2\/types\/product"}],"replies":[{"embeddable":true,"href":"https:\/\/medicinasinc.com\/no\/wp-json\/wp\/v2\/comments?post=5208"}],"wp:featuredmedia":[{"embeddable":true,"href":"https:\/\/medicinasinc.com\/no\/wp-json\/wp\/v2\/media\/5226"}],"wp:attachment":[{"href":"https:\/\/medicinasinc.com\/no\/wp-json\/wp\/v2\/media?parent=5208"}],"wp:term":[{"taxonomy":"product_brand","embeddable":true,"href":"https:\/\/medicinasinc.com\/no\/wp-json\/wp\/v2\/product_brand?post=5208"},{"taxonomy":"product_cat","embeddable":true,"href":"https:\/\/medicinasinc.com\/no\/wp-json\/wp\/v2\/product_cat?post=5208"},{"taxonomy":"product_tag","embeddable":true,"href":"https:\/\/medicinasinc.com\/no\/wp-json\/wp\/v2\/product_tag?post=5208"}],"curies":[{"name":"wp","href":"https:\/\/api.w.org\/{rel}","templated":true}]}}