{"id":5207,"date":"2022-02-20T21:57:05","date_gmt":"2022-02-20T21:57:05","guid":{"rendered":"https:\/\/medicinasinc.com\/no\/?post_type=product&#038;p=5207"},"modified":"2022-03-22T00:59:26","modified_gmt":"2022-03-22T00:59:26","slug":"kjop-imitrex-sumatriptan-100-mg","status":"publish","type":"product","link":"https:\/\/medicinasinc.com\/no\/product\/kjop-imitrex-sumatriptan-100-mg\/","title":{"rendered":"Kj\u00f8p imitrex Sumatriptan 100 mg"},"content":{"rendered":"<div class=\"product-next-previous\">\n<div class=\"product-prev\">\n<p>Kj\u00f8p Imitrex 100mg-tabletter p\u00e5 nettet Imitrex-informasjon (merkevare og generisk)<\/p>\n<p>Bestglobalmeds.com\u00a0selger for tiden merke Imitrex, vanligvis kjent som Imigran, produsert av GSK i Tyrkia og Aspen i Australia. I tillegg f\u00f8rer vi GSK-merket Imitrex fra Canada. Sumatriptan er tilgjengelig generisk fra Pharma Science i Canada, Sun Pharma i India (Suminat), og Dexcel Pharma og Accord Pharma i Storbritannia.<\/p>\n<p>Dosering<\/p>\n<p>Imitrex kommer i en rekke doseringsformuleringer og niv\u00e5er. Imitrex og Sumatriptan er begge tilgjengelige i 50 mg og 100 mg tablettdoseringsformer. I tillegg tilbyr vi generiske Imitrex 25 mg tabletter. I tillegg er merket Imitrex tilgjengelig som 20 mg nesespraypakker, 6 mg\/0,5 ml injiserbare hetteglass, startsett for statistiske doser og statistiske dosekassetter.<\/p>\n<p>Bruk<\/p>\n<p>Imitrex (Sumatriptan) er et medikament som brukes til \u00e5 behandle migrenehodepine. Imitrex forhindrer ikke migrene eller reduserer hyppigheten av dem. Det brukes kun til \u00e5 behandle migrenesymptomer som allerede har startet. Det hjelper til med \u00e5 lindre hodepine, ubehag og andre migrenesymptomer som kvalme, oppkast og lys- eller lydf\u00f8lsomhet. Sumatriptan er medlem av triptanklassen av medisiner. Denne medisinen virker ved \u00e5 forstyrre et naturlig forekommende kjemikalie (serotonin) som f\u00e5r hjernens blod\u00e5rer til \u00e5 trekke seg sammen. I tillegg vil det lindre smerte ved \u00e5 p\u00e5virke spesifikke nerver i hjernen.<\/p>\n<p>Konsekvenser<\/p>\n<p>Konsulter legen din umiddelbart hvis du opplever noen av f\u00f8lgende alvorlige bivirkninger: bryst, kjeve eller venstre armsmerter; blodig diar\u00e9; besvimelse; rask, uregelmessig, bankende hjerterytme; psykiske\/hum\u00f8rproblemer; sterke mage\/magesmerter; alvorlige brystsmerter; anfall; utydelig tale; visuelle endringer. F\u00f8lgende er noen av de mest utbredte bivirkningene: \u2022 Svimmelhet og d\u00f8sighet; \u2022 Prikking\/nummenhet\/prikkende\/varmefornemmelser; \u2022 R\u00f8dming.<br \/> \u2022 Forh\u00f8yet blodtrykk \u2014 Kontroller blodtrykket regelmessig for \u00e5 sikre sikkerhet;<br \/> \u2022 Utmattelse; \u2022 Svakhet<\/p>\n<p>Kontraindikasjoner og interaksjoner<\/p>\n<p>Imitrex skal ikke brukes til \u00e5 behandle en vanlig spenningshodepine eller en som resulterer i tap av bevegelse p\u00e5 den ene siden av kroppen. Imitrex b\u00f8r ikke brukes hvis du er allergisk mot sumatriptan eller hvis du har f\u00f8lgende tilstander: \u2022 En historie med hjerteinfarkt eller hjerneslag; \u2022 Visse hjerterytmeforstyrrelser; \u2022 Sirkulasjonsproblemer som resulterer i manglende blodtilf\u00f8rsel til kroppen; \u2022 Hjerteproblemer; \u2022 Lever- eller nyresykdom; \u2022 Ukontrollert h\u00f8yt blodtrykk;<\/p>\n<p>Imitrex b\u00f8r ikke tas innen 24 timer etter bruk av annen behandling med migrenehodepine. Informer legen din om alle aktuelle medisiner du tar, inkludert reseptbelagte, reseptfrie og urtemedisiner, inkludert MAO-hemmere, selektive serotonin-reopptakshemmere og noradrenalin-gjenopptakshemmere. Sumatriptan kan for\u00e5rsake svimmelhet eller d\u00f8sighet. Alkohol eller marihuana kan \u00f8ke din svimmelhet eller d\u00f8sighet. Unng\u00e5 \u00e5 kj\u00f8re bil, betjene maskiner eller utf\u00f8re andre aktiviteter som krever \u00e5rv\u00e5kenhet. Drikk alkoholholdige drikker med m\u00e5te. Imitrex er ikke kjent for \u00e5 skade et uf\u00f8dt barn. Hvis du er gravid, kontakt legen din. Sumatriptan skilles ut i morsmelk og kan for\u00e5rsake skade p\u00e5 et ammende spedbarn. Amming b\u00f8r unng\u00e5s i 12 timer etter bruk av Imitrex. Imitrex anbefales ikke for bruk av noen under 18 \u00e5r.<\/p>\n<p>Sp\u00f8rsm\u00e5l og svar<br \/> Hvorfor er Imitrex rimeligere i Canada enn i USA?<\/p>\n<p>Generelt , alle legemiddelpriser, ikke bare Imitrex, er rimeligere n\u00e5r de kj\u00f8pes fra Canada, ettersom myndighetene regulerer prisen p\u00e5 b\u00e5de merkenavn og generiske medisiner. I tillegg, siden vi startet opp i 2006, har v\u00e5rt m\u00e5l v\u00e6rt \u00e5 gi trygg og rimelig medisin til befolkningen i USA.<\/p>\n<p>Er det trygt \u00e5 kj\u00f8pe Imitrex fra apoteket?<\/p>\n<p>V\u00e5re produkter er utelukkende hentet fra anlegg som er sertifisert av myndighetene i landene de importeres fra. CanadaPharmacyOnline.com bruker en streng utvelgelsesprosedyre for v\u00e5re partnere for \u00e5 sikre at du, v\u00e5r kunde, f\u00e5r den sikreste medisinen som mulig. I tillegg er vi et sertifisert kanadisk apotek som overholder alle provinslover.<\/p>\n<p>Hvor mye koster generisk Imitrex 100 mg i apoteket ditt?<\/p>\n<p>Generisk Imitrex 100 mg er tilgjengelig for s\u00e5 lite som mulig som $28,99 for 12 tabletter, mens 50 mg-dosen er tilgjengelig for s\u00e5 lite som $57,99 for 18 piller.<\/p>\n<p>Hvor mye koster en tablett?<\/p>\n<p>Imitrex 100 mg er tilgjengelig i generisk skjema for $2,27 per tablett og i merkeform for $8,67 per tablett p\u00e5 apoteket v\u00e5rt.<\/p>\n<p>Hvor mye koster frakt?<\/p>\n<p>V\u00e5r faste leveringspris er $10,00 per bestilling. Apoteket v\u00e5rt er forpliktet til \u00e5 gi deg lavest mulig pris p\u00e5 varer av h\u00f8y kvalitet.<\/p>\n<p>Hvordan bestiller jeg hos apoteket ditt?<\/p>\n<p>Det er veldig enkelt \u00e5 bestille Imitrex fra oss . Du kan legge inn bestillingen din online eller p\u00e5 telefon med kundeservice. Bes\u00f8k v\u00e5r Hvordan bestiller-side for mer informasjon eller for \u00e5 starte bestillingsprosessen.<\/p>\n<p>Er prisen p\u00e5 Imitrex konkurransedyktig?<\/p>\n<p>Ja, vi er stolte av \u00e5 gi noen av de laveste prisene som er tilgjengelige i kanadiske apotek. I sjeldne situasjoner kan vi v\u00e6re i stand til \u00e5 like eller sl\u00e5 prisene til v\u00e5re konkurrenter. Vennligst kontakt v\u00e5r h\u00f8flige kundest\u00f8tte p\u00e5 1866.920.3784.<\/p>\n<p>Kan jeg kj\u00f8pe Imitrex fra deg over disk?<\/p>\n<p>Nei, Imitrex er kun tilgjengelig med en gyldig resept fra legen din. Uten gyldig resept selger vi ikke dette produktet.<\/p>\n<p>Imitrex 50 mg vs. Imitrex 100 mg: Hva er forskjellen?<\/p>\n<p>Doseforskjellen gjenspeiler mengden av aktive ingredienser ) inkludert i medisinen.<\/p>\n<p>Imitrex sin virkningsmekanisme<\/p>\n<\/p><\/div><\/div>\n<div class=\"product-next-previous\">\n<div class=\"product-prev\"><\/div><\/div>\n","protected":false},"excerpt":{"rendered":"<div class=\"woocommerce-product-details__short-description\">\n<p>Imitrex Sumatriptan 100 mg piller kan kj\u00f8pes online. IMITREX er en 5-HT1B\/1D serotoninreseptoragonist (triptan) godkjent for umiddelbar behandling av migrene hos voksne med eller uten aura.<\/p>\n<p>Sumatriptan kan kj\u00f8pes online gjennom v\u00e5rt nettapotek som er registrert i Storbritannia.<\/p>\n<p> p&gt; <\/p>\n<p>Sumatriptan er et migrenemedisin med en raskt innsettende virkning. Garantert laveste pris i Storbritannia.<\/p>\n<p>Sumatriptan migrenetabletter kan kj\u00f8pes trygt og sikkert p\u00e5 nettet fra et britisk apotek.<\/p>\n<p>Sumatriptan er en generisk form for Imigran som er rimeligere. <\/p>\n<p>Kj\u00f8p Imitrex (Sumatriptan) med rabatt fra et lisensiert beste globale medikapotek&#8230;. 50mg100mg<\/p>\n<p>Kj\u00f8p Imitrex online i dag fra v\u00e5rt kanadiske apotek!<\/p>\n<\/p><\/div>\n","protected":false},"featured_media":5224,"comment_status":"open","ping_status":"closed","template":"","meta":[],"product_brand":[],"product_cat":[1117],"product_tag":[1338,1347,1346,1340,1359,1361,1341,1342,1343,1344,1345,1339,1360,1348,1349,1350,1351,1356,1352,1353,1354,1355,1357,1358],"class_list":{"0":"post-5207","1":"product","2":"type-product","3":"status-publish","4":"has-post-thumbnail","6":"product_cat-kjop-smerte-sove-sexpiller","7":"product_tag-en-pasient-lider-av-migrene-hodepine-hva-er-handlingen-av-sumatriptan-imitrex","8":"product_tag-er-sumatriptan-det-samme-som-imitrex","9":"product_tag-is-sumatriptan-imitrex","10":"product_tag-gjr-imitrex-generisk-sumatriptan","11":"product_tag-hva-er-sumatriptan-100-mg-brukt-til","12":"product_tag-hvor-kan-kjpes-sumatriptan-over-the-counter","13":"product_tag-imitrex-nesespray-sumatriptan","14":"product_tag-imitrex-sumatriptan","15":"product_tag-imitrex-sumatriptan-suksinat","16":"product_tag-imitrex-vs-sumatriptan","17":"product_tag-injection-sumatriptan-imitrex","18":"product_tag-kjp-sumatriptan-online-usa","19":"product_tag-nr-br-sumatriptan-imitrex-unngs","20":"product_tag-sumatriptan-imitrex-50-mg-tablett-pris","21":"product_tag-sumatriptan-100-mg-online","22":"product_tag-sumatriptan-50-mg-reseptfri","23":"product_tag-sumatriptan-50mg","24":"product_tag-sumatriptan-bivirkninger","25":"product_tag-sumatriptan-imitrex","26":"product_tag-sumatriptan-imitrex-plaster","27":"product_tag-sumatriptan-imitrex-treximet","28":"product_tag-sumatriptan-over-the-counter-usa","29":"product_tag-sumatriptan-succinat-imitrex","30":"product_tag-sumatriptan-vs-imitrex","32":"first","33":"instock","34":"shipping-taxable","35":"purchasable","36":"product-type-variable","37":"has-default-attributes"},"yoast_head":"<!-- This site is optimized with the Yoast SEO plugin v27.3 - https:\/\/yoast.com\/product\/yoast-seo-wordpress\/ -->\n<title>Kj\u00f8p imitrex Sumatriptan 100 mg - Best Global Meds<\/title>\n<meta name=\"description\" content=\"Kj\u00f8p imitrex Sumatriptan100 mg migrenetabletter trygt og sikkert fra et britisk nettapotek. Sumatriptan\u00a0er en generisk, billigere versjon av Imigran.\" \/>\n<meta name=\"robots\" content=\"index, follow, max-snippet:-1, max-image-preview:large, max-video-preview:-1\" \/>\n<link rel=\"canonical\" href=\"https:\/\/medicinasinc.com\/no\/product\/kjop-imitrex-sumatriptan-100-mg\/\" \/>\n<meta property=\"og:locale\" content=\"nn_NO\" \/>\n<meta property=\"og:type\" content=\"article\" \/>\n<meta property=\"og:title\" content=\"Kj\u00f8p imitrex Sumatriptan 100 mg - Best Global Meds\" \/>\n<meta property=\"og:description\" content=\"Kj\u00f8p imitrex Sumatriptan100 mg migrenetabletter trygt og sikkert fra et britisk nettapotek. Sumatriptan\u00a0er en generisk, billigere versjon av Imigran.\" \/>\n<meta property=\"og:url\" content=\"https:\/\/medicinasinc.com\/no\/product\/kjop-imitrex-sumatriptan-100-mg\/\" \/>\n<meta property=\"og:site_name\" content=\"Medicinas Inc\" \/>\n<meta property=\"article:modified_time\" content=\"2022-03-22T00:59:26+00:00\" \/>\n<meta property=\"og:image\" content=\"https:\/\/medicinasinc.com\/no\/wp-content\/uploads\/sites\/14\/2022\/02\/Buy-imitrex-Sumatriptan-100-mg.jpg\" \/>\n\t<meta property=\"og:image:width\" content=\"846\" \/>\n\t<meta property=\"og:image:height\" content=\"600\" \/>\n\t<meta property=\"og:image:type\" content=\"image\/jpeg\" \/>\n<meta name=\"twitter:card\" content=\"summary_large_image\" \/>\n<meta name=\"twitter:label1\" content=\"Est. reading time\" \/>\n\t<meta name=\"twitter:data1\" content=\"4 minutt\" \/>\n<script type=\"application\/ld+json\" class=\"yoast-schema-graph\">{\"@context\":\"https:\\\/\\\/schema.org\",\"@graph\":[{\"@type\":\"WebPage\",\"@id\":\"https:\\\/\\\/medicinasinc.com\\\/no\\\/product\\\/kjop-imitrex-sumatriptan-100-mg\\\/\",\"url\":\"https:\\\/\\\/medicinasinc.com\\\/no\\\/product\\\/kjop-imitrex-sumatriptan-100-mg\\\/\",\"name\":\"Kj\u00f8p imitrex Sumatriptan 100 mg - Best Global Meds\",\"isPartOf\":{\"@id\":\"https:\\\/\\\/medicinasinc.com\\\/no\\\/#website\"},\"primaryImageOfPage\":{\"@id\":\"https:\\\/\\\/medicinasinc.com\\\/no\\\/product\\\/kjop-imitrex-sumatriptan-100-mg\\\/#primaryimage\"},\"image\":{\"@id\":\"https:\\\/\\\/medicinasinc.com\\\/no\\\/product\\\/kjop-imitrex-sumatriptan-100-mg\\\/#primaryimage\"},\"thumbnailUrl\":\"https:\\\/\\\/medicinasinc.com\\\/no\\\/wp-content\\\/uploads\\\/sites\\\/14\\\/2022\\\/02\\\/Buy-imitrex-Sumatriptan-100-mg.jpg\",\"datePublished\":\"2022-02-20T21:57:05+00:00\",\"dateModified\":\"2022-03-22T00:59:26+00:00\",\"description\":\"Kj\u00f8p imitrex Sumatriptan100 mg migrenetabletter trygt og sikkert fra et britisk nettapotek. Sumatriptan\u00a0er en generisk, billigere versjon av Imigran.\",\"breadcrumb\":{\"@id\":\"https:\\\/\\\/medicinasinc.com\\\/no\\\/product\\\/kjop-imitrex-sumatriptan-100-mg\\\/#breadcrumb\"},\"inLanguage\":\"nn-NO\",\"potentialAction\":[{\"@type\":\"ReadAction\",\"target\":[\"https:\\\/\\\/medicinasinc.com\\\/no\\\/product\\\/kjop-imitrex-sumatriptan-100-mg\\\/\"]}]},{\"@type\":\"ImageObject\",\"inLanguage\":\"nn-NO\",\"@id\":\"https:\\\/\\\/medicinasinc.com\\\/no\\\/product\\\/kjop-imitrex-sumatriptan-100-mg\\\/#primaryimage\",\"url\":\"https:\\\/\\\/medicinasinc.com\\\/no\\\/wp-content\\\/uploads\\\/sites\\\/14\\\/2022\\\/02\\\/Buy-imitrex-Sumatriptan-100-mg.jpg\",\"contentUrl\":\"https:\\\/\\\/medicinasinc.com\\\/no\\\/wp-content\\\/uploads\\\/sites\\\/14\\\/2022\\\/02\\\/Buy-imitrex-Sumatriptan-100-mg.jpg\",\"width\":846,\"height\":600},{\"@type\":\"BreadcrumbList\",\"@id\":\"https:\\\/\\\/medicinasinc.com\\\/no\\\/product\\\/kjop-imitrex-sumatriptan-100-mg\\\/#breadcrumb\",\"itemListElement\":[{\"@type\":\"ListItem\",\"position\":1,\"name\":\"Butikk\",\"item\":\"https:\\\/\\\/medicinasinc.com\\\/no\\\/butikk\\\/\"},{\"@type\":\"ListItem\",\"position\":2,\"name\":\"Kj\u00f8p imitrex Sumatriptan 100 mg\"}]},{\"@type\":\"WebSite\",\"@id\":\"https:\\\/\\\/medicinasinc.com\\\/no\\\/#website\",\"url\":\"https:\\\/\\\/medicinasinc.com\\\/no\\\/\",\"name\":\"Medicinas Inc\",\"description\":\"Helsemedisinsk klinikk\",\"potentialAction\":[{\"@type\":\"SearchAction\",\"target\":{\"@type\":\"EntryPoint\",\"urlTemplate\":\"https:\\\/\\\/medicinasinc.com\\\/no\\\/?s={search_term_string}\"},\"query-input\":{\"@type\":\"PropertyValueSpecification\",\"valueRequired\":true,\"valueName\":\"search_term_string\"}}],\"inLanguage\":\"nn-NO\"}]}<\/script>\n<!-- \/ Yoast SEO plugin. -->","yoast_head_json":{"title":"Kj\u00f8p imitrex Sumatriptan 100 mg - Best Global Meds","description":"Kj\u00f8p imitrex Sumatriptan100 mg migrenetabletter trygt og sikkert fra et britisk nettapotek. Sumatriptan\u00a0er en generisk, billigere versjon av Imigran.","robots":{"index":"index","follow":"follow","max-snippet":"max-snippet:-1","max-image-preview":"max-image-preview:large","max-video-preview":"max-video-preview:-1"},"canonical":"https:\/\/medicinasinc.com\/no\/product\/kjop-imitrex-sumatriptan-100-mg\/","og_locale":"nn_NO","og_type":"article","og_title":"Kj\u00f8p imitrex Sumatriptan 100 mg - Best Global Meds","og_description":"Kj\u00f8p imitrex Sumatriptan100 mg migrenetabletter trygt og sikkert fra et britisk nettapotek. Sumatriptan\u00a0er en generisk, billigere versjon av Imigran.","og_url":"https:\/\/medicinasinc.com\/no\/product\/kjop-imitrex-sumatriptan-100-mg\/","og_site_name":"Medicinas Inc","article_modified_time":"2022-03-22T00:59:26+00:00","og_image":[{"width":846,"height":600,"url":"https:\/\/medicinasinc.com\/no\/wp-content\/uploads\/sites\/14\/2022\/02\/Buy-imitrex-Sumatriptan-100-mg.jpg","type":"image\/jpeg"}],"twitter_card":"summary_large_image","twitter_misc":{"Est. reading time":"4 minutt"},"schema":{"@context":"https:\/\/schema.org","@graph":[{"@type":"WebPage","@id":"https:\/\/medicinasinc.com\/no\/product\/kjop-imitrex-sumatriptan-100-mg\/","url":"https:\/\/medicinasinc.com\/no\/product\/kjop-imitrex-sumatriptan-100-mg\/","name":"Kj\u00f8p imitrex Sumatriptan 100 mg - Best Global Meds","isPartOf":{"@id":"https:\/\/medicinasinc.com\/no\/#website"},"primaryImageOfPage":{"@id":"https:\/\/medicinasinc.com\/no\/product\/kjop-imitrex-sumatriptan-100-mg\/#primaryimage"},"image":{"@id":"https:\/\/medicinasinc.com\/no\/product\/kjop-imitrex-sumatriptan-100-mg\/#primaryimage"},"thumbnailUrl":"https:\/\/medicinasinc.com\/no\/wp-content\/uploads\/sites\/14\/2022\/02\/Buy-imitrex-Sumatriptan-100-mg.jpg","datePublished":"2022-02-20T21:57:05+00:00","dateModified":"2022-03-22T00:59:26+00:00","description":"Kj\u00f8p imitrex Sumatriptan100 mg migrenetabletter trygt og sikkert fra et britisk nettapotek. Sumatriptan\u00a0er en generisk, billigere versjon av Imigran.","breadcrumb":{"@id":"https:\/\/medicinasinc.com\/no\/product\/kjop-imitrex-sumatriptan-100-mg\/#breadcrumb"},"inLanguage":"nn-NO","potentialAction":[{"@type":"ReadAction","target":["https:\/\/medicinasinc.com\/no\/product\/kjop-imitrex-sumatriptan-100-mg\/"]}]},{"@type":"ImageObject","inLanguage":"nn-NO","@id":"https:\/\/medicinasinc.com\/no\/product\/kjop-imitrex-sumatriptan-100-mg\/#primaryimage","url":"https:\/\/medicinasinc.com\/no\/wp-content\/uploads\/sites\/14\/2022\/02\/Buy-imitrex-Sumatriptan-100-mg.jpg","contentUrl":"https:\/\/medicinasinc.com\/no\/wp-content\/uploads\/sites\/14\/2022\/02\/Buy-imitrex-Sumatriptan-100-mg.jpg","width":846,"height":600},{"@type":"BreadcrumbList","@id":"https:\/\/medicinasinc.com\/no\/product\/kjop-imitrex-sumatriptan-100-mg\/#breadcrumb","itemListElement":[{"@type":"ListItem","position":1,"name":"Butikk","item":"https:\/\/medicinasinc.com\/no\/butikk\/"},{"@type":"ListItem","position":2,"name":"Kj\u00f8p imitrex Sumatriptan 100 mg"}]},{"@type":"WebSite","@id":"https:\/\/medicinasinc.com\/no\/#website","url":"https:\/\/medicinasinc.com\/no\/","name":"Medicinas Inc","description":"Helsemedisinsk klinikk","potentialAction":[{"@type":"SearchAction","target":{"@type":"EntryPoint","urlTemplate":"https:\/\/medicinasinc.com\/no\/?s={search_term_string}"},"query-input":{"@type":"PropertyValueSpecification","valueRequired":true,"valueName":"search_term_string"}}],"inLanguage":"nn-NO"}]}},"_links":{"self":[{"href":"https:\/\/medicinasinc.com\/no\/wp-json\/wp\/v2\/product\/5207","targetHints":{"allow":["GET"]}}],"collection":[{"href":"https:\/\/medicinasinc.com\/no\/wp-json\/wp\/v2\/product"}],"about":[{"href":"https:\/\/medicinasinc.com\/no\/wp-json\/wp\/v2\/types\/product"}],"replies":[{"embeddable":true,"href":"https:\/\/medicinasinc.com\/no\/wp-json\/wp\/v2\/comments?post=5207"}],"wp:featuredmedia":[{"embeddable":true,"href":"https:\/\/medicinasinc.com\/no\/wp-json\/wp\/v2\/media\/5224"}],"wp:attachment":[{"href":"https:\/\/medicinasinc.com\/no\/wp-json\/wp\/v2\/media?parent=5207"}],"wp:term":[{"taxonomy":"product_brand","embeddable":true,"href":"https:\/\/medicinasinc.com\/no\/wp-json\/wp\/v2\/product_brand?post=5207"},{"taxonomy":"product_cat","embeddable":true,"href":"https:\/\/medicinasinc.com\/no\/wp-json\/wp\/v2\/product_cat?post=5207"},{"taxonomy":"product_tag","embeddable":true,"href":"https:\/\/medicinasinc.com\/no\/wp-json\/wp\/v2\/product_tag?post=5207"}],"curies":[{"name":"wp","href":"https:\/\/api.w.org\/{rel}","templated":true}]}}