{"id":5184,"date":"2022-02-20T21:36:32","date_gmt":"2022-02-20T21:36:32","guid":{"rendered":"https:\/\/medicinasinc.com\/no\/?post_type=product&#038;p=5184"},"modified":"2022-03-22T00:59:44","modified_gmt":"2022-03-22T00:59:44","slug":"kjop-hydrokodon-10-325mg","status":"publish","type":"product","link":"https:\/\/medicinasinc.com\/no\/product\/kjop-hydrokodon-10-325mg\/","title":{"rendered":"Kj\u00f8p Hydrocodone 10\/325mg"},"content":{"rendered":"<p>Hvor kan du kj\u00f8pe\u00a0Hydrocodone 10\/325mg?<\/p>\n<p>Fordi Hydrocodone er et kraftig smertestillende middel, kan du f\u00e5 det p\u00e5 nettet uten resept. Opiumsvalmuen gir kodein, som brukes til \u00e5 lage dette stoffet. N\u00e5r hydrokodon produseres fra kodein, er de smertestillende effektene sterkere og varer lenger. Som et resultat av dette foreskriver leger ofte hydrokodon i stedet for kodein for \u00e5 behandle alvorlig smerte.<\/p>\n<p>I hjernen endrer hydrokodon den kjemiske likevekten, blokkerer virkningen av smertereseptorer og avlaster dermed brukeren av enhver smerteoppfatning. <\/p>\n<p>P\u00e5 grunn av den akutte og kroniske naturen til bruddsmerter, er hydrokodon et av de beste alternativene for \u00e5 behandle det. N\u00e5r folk ikke klarer \u00e5 sove om natten p\u00e5 grunn av smertene, kan hydrokodon hjelpe dem \u00e5 slappe av og la dem f\u00e5 hvile noen timer.<\/p>\n<p>Hydrokodon b\u00f8r bare tas av de som opplever smerte som en resultat av beinbrudd, if\u00f8lge medisinsk vurdering. De med andre typer smerte, for eksempel spasmer, s\u00e5r eller sting fra en operasjon, kan fortsatt ta det. Hydrokodon er en av de mest effektive smertestillende medikamentene i noen av disse situasjonene.<\/p>\n<p>Hydrokodondoser m\u00e5 overv\u00e5kes n\u00f8ye. Denne medisinen kan ha alvorlige bivirkninger hvis den brukes i feil mengde. Avhengighet av denne medisinen er en vanlig bivirkning ved \u00e5 f\u00e5 feil dosering. P\u00e5 grunn av det store potensialet for misbruk og avhengighet, b\u00f8r hydrokodon brukes sparsomt og sjelden. Hydrokodon b\u00f8r ikke tas mer enn 20 mg daglig av de som lider av kroniske smerter. Enhver dose utover dette vil sannsynligvis f\u00f8re til avhengighet og til slutt avhengighet.<\/p>\n<p>Forholdsregler for hydrokodon inkluderer \u00e5 s\u00f8rge for at riktig dosering tas til enhver tid. Dette legemidlet kan for\u00e5rsake alvorlige negative effekter hvis det tas i feil mengder. Hydrokodon b\u00f8r ikke kj\u00f8pes av personer med astma eller \u00e5ndedrettsvansker fordi det fremmer grunn pust, noe som kan v\u00e6re et stort problem for dem. Start med sm\u00e5 doser hvis du kj\u00f8per hydrokodon p\u00e5 nett uten resept, slik at du kan l\u00e6re hvor mye kroppen din trenger.<\/p>\n<p>Hydrokodon er kjent for \u00e5 for\u00e5rsake en rekke ubehagelige bivirkninger, inkludert s\u00f8vnighet, svimmelhet og kvalme. N\u00e5r du kj\u00f8per hydrokodon p\u00e5 nett uten resept og tar det, s\u00f8rg for \u00e5 spise et godt balansert kosthold for \u00e5 unng\u00e5 ford\u00f8yelses- og tarmproblemer.<\/p>\n","protected":false},"excerpt":{"rendered":"<div class=\"woocommerce-product-details__short-description\">\n<p>Beste stedet \u00e5 kj\u00f8pe Hydrocodone 10 325mg online. Juridiske medisiner kan bli funnet p\u00e5 Best Global Meds, et anerkjent nettapotek. Du kan spare tid og penger ved \u00e5 bestille online.<\/p>\n<p>Hvor kan man f\u00e5 Hydrocodone 10\/325mg p\u00e5 nettet?<\/p>\n<p>Gravide kvinner b\u00f8r r\u00e5df\u00f8re seg med legene sine f\u00f8r de tar dette stoffet fordi det er i FDA graviditetsklasse B, som betyr at det ikke er noen m\u00e5te \u00e5 bestemme hvordan det vil p\u00e5virke et uf\u00f8dt barn eller klekking.<\/p>\n<p>Til salgs: Percocet 10\/325mg &#8211; Kj\u00f8p uten resept&#8230;<\/p>\n<p>Anbefalte nettapoteker for \u00e5 kj\u00f8pe Vicodin.<\/p>\n<\/p><\/div>\n","protected":false},"featured_media":5203,"comment_status":"open","ping_status":"closed","template":"","meta":[],"product_brand":[],"product_cat":[1117],"product_tag":[1322,1323,1324,1316,1315,1299,1300,1298,1319,1317,1318,1325,1297,1320,1302,1321,1326,1327,1328,1329,1330,1331,1332,1333,1334,1308,1311,1335,1312,1336,1337,1313,1309,1310],"class_list":{"0":"post-5184","1":"product","2":"type-product","3":"status-publish","4":"has-post-thumbnail","6":"product_cat-kjop-smerte-sove-sexpiller","7":"product_tag-ordre-hydrokodon","8":"product_tag-bestille-hydrokodon-online","9":"product_tag-bestill-online-watson-540-500-mg","10":"product_tag-billig-hydrokodon","11":"product_tag-buy-hydrocodone-online-bitcoins","12":"product_tag-generic-watson","13":"product_tag-generic-watson-pills-for-sale-in-usa","14":"product_tag-generiske-piller-til-salg-i-usa","15":"product_tag-hydrocodone-watson","16":"product_tag-hydrokodon","17":"product_tag-hydrokodon-piller","18":"product_tag-kjpe-hydrokodon","19":"product_tag-kjp-watson-online","20":"product_tag-lortab","21":"product_tag-medisiner-uten-resept","22":"product_tag-online-buy-watson-540-500-mg","23":"product_tag-watson","24":"product_tag-watson-325-mg","25":"product_tag-watson-325mg","26":"product_tag-watson-540","27":"product_tag-watson-540-500-mg-kjp-online","28":"product_tag-watson-853-hydrokodon-10-325-mg","29":"product_tag-watson-853-hydrocodone-10-325-mg-er-en-hvit-farget-og-kapsel-form-tablett-designet-for-behandling-av-smerte","30":"product_tag-watson-853-hydrokodon-online","31":"product_tag-watson-853-hvit-pille","32":"product_tag-watson-dosering","33":"product_tag-watson-hydrokodon-smerte-tap-piller","34":"product_tag-watson-lortab","35":"product_tag-watson-medication","36":"product_tag-watson-medisin","37":"product_tag-watson-piller-uten-resept-andel","38":"product_tag-watson-smerte-lindring-tablett","39":"product_tag-watson-til-salg-i-uk","40":"product_tag-watson-til-salg-i-usa","42":"first","43":"instock","44":"shipping-taxable","45":"purchasable","46":"product-type-variable","47":"has-default-attributes"},"yoast_head":"<!-- This site is optimized with the Yoast SEO plugin v27.3 - https:\/\/yoast.com\/product\/yoast-seo-wordpress\/ -->\n<title>Kj\u00f8p Hydrocodone 10\/325mg - Beste beste globale medisiner<\/title>\n<meta name=\"description\" content=\"Kj\u00f8p Hydrocodone 10 325mg for salg Storbritannia, Europa online til den beste prisen. Best Global Meds er et p\u00e5litelig nettapotek med lovlige legemidler. Bestill online og trygg tid og penger.\" \/>\n<meta name=\"robots\" content=\"index, follow, max-snippet:-1, max-image-preview:large, max-video-preview:-1\" \/>\n<link rel=\"canonical\" href=\"https:\/\/medicinasinc.com\/no\/product\/kjop-hydrokodon-10-325mg\/\" \/>\n<meta property=\"og:locale\" content=\"nn_NO\" \/>\n<meta property=\"og:type\" content=\"article\" \/>\n<meta property=\"og:title\" content=\"Kj\u00f8p Hydrocodone 10\/325mg - Beste beste globale medisiner\" \/>\n<meta property=\"og:description\" content=\"Kj\u00f8p Hydrocodone 10 325mg for salg Storbritannia, Europa online til den beste prisen. Best Global Meds er et p\u00e5litelig nettapotek med lovlige legemidler. Bestill online og trygg tid og penger.\" \/>\n<meta property=\"og:url\" content=\"https:\/\/medicinasinc.com\/no\/product\/kjop-hydrokodon-10-325mg\/\" \/>\n<meta property=\"og:site_name\" content=\"Medicinas Inc\" \/>\n<meta property=\"article:modified_time\" content=\"2022-03-22T00:59:44+00:00\" \/>\n<meta property=\"og:image\" content=\"https:\/\/medicinasinc.com\/no\/wp-content\/uploads\/sites\/14\/2022\/02\/buy-hydrocodone-10-325mg-online.jpg\" \/>\n\t<meta property=\"og:image:width\" content=\"600\" \/>\n\t<meta property=\"og:image:height\" content=\"600\" \/>\n\t<meta property=\"og:image:type\" content=\"image\/jpeg\" \/>\n<meta name=\"twitter:card\" content=\"summary_large_image\" \/>\n<meta name=\"twitter:label1\" content=\"Est. reading time\" \/>\n\t<meta name=\"twitter:data1\" content=\"2 minutt\" \/>\n<script type=\"application\/ld+json\" class=\"yoast-schema-graph\">{\"@context\":\"https:\\\/\\\/schema.org\",\"@graph\":[{\"@type\":\"WebPage\",\"@id\":\"https:\\\/\\\/medicinasinc.com\\\/no\\\/product\\\/kjop-hydrokodon-10-325mg\\\/\",\"url\":\"https:\\\/\\\/medicinasinc.com\\\/no\\\/product\\\/kjop-hydrokodon-10-325mg\\\/\",\"name\":\"Kj\u00f8p Hydrocodone 10\\\/325mg - Beste beste globale medisiner\",\"isPartOf\":{\"@id\":\"https:\\\/\\\/medicinasinc.com\\\/no\\\/#website\"},\"primaryImageOfPage\":{\"@id\":\"https:\\\/\\\/medicinasinc.com\\\/no\\\/product\\\/kjop-hydrokodon-10-325mg\\\/#primaryimage\"},\"image\":{\"@id\":\"https:\\\/\\\/medicinasinc.com\\\/no\\\/product\\\/kjop-hydrokodon-10-325mg\\\/#primaryimage\"},\"thumbnailUrl\":\"https:\\\/\\\/medicinasinc.com\\\/no\\\/wp-content\\\/uploads\\\/sites\\\/14\\\/2022\\\/02\\\/buy-hydrocodone-10-325mg-online.jpg\",\"datePublished\":\"2022-02-20T21:36:32+00:00\",\"dateModified\":\"2022-03-22T00:59:44+00:00\",\"description\":\"Kj\u00f8p Hydrocodone 10 325mg for salg Storbritannia, Europa online til den beste prisen. Best Global Meds er et p\u00e5litelig nettapotek med lovlige legemidler. Bestill online og trygg tid og penger.\",\"breadcrumb\":{\"@id\":\"https:\\\/\\\/medicinasinc.com\\\/no\\\/product\\\/kjop-hydrokodon-10-325mg\\\/#breadcrumb\"},\"inLanguage\":\"nn-NO\",\"potentialAction\":[{\"@type\":\"ReadAction\",\"target\":[\"https:\\\/\\\/medicinasinc.com\\\/no\\\/product\\\/kjop-hydrokodon-10-325mg\\\/\"]}]},{\"@type\":\"ImageObject\",\"inLanguage\":\"nn-NO\",\"@id\":\"https:\\\/\\\/medicinasinc.com\\\/no\\\/product\\\/kjop-hydrokodon-10-325mg\\\/#primaryimage\",\"url\":\"https:\\\/\\\/medicinasinc.com\\\/no\\\/wp-content\\\/uploads\\\/sites\\\/14\\\/2022\\\/02\\\/buy-hydrocodone-10-325mg-online.jpg\",\"contentUrl\":\"https:\\\/\\\/medicinasinc.com\\\/no\\\/wp-content\\\/uploads\\\/sites\\\/14\\\/2022\\\/02\\\/buy-hydrocodone-10-325mg-online.jpg\",\"width\":600,\"height\":600},{\"@type\":\"BreadcrumbList\",\"@id\":\"https:\\\/\\\/medicinasinc.com\\\/no\\\/product\\\/kjop-hydrokodon-10-325mg\\\/#breadcrumb\",\"itemListElement\":[{\"@type\":\"ListItem\",\"position\":1,\"name\":\"Butikk\",\"item\":\"https:\\\/\\\/medicinasinc.com\\\/no\\\/butikk\\\/\"},{\"@type\":\"ListItem\",\"position\":2,\"name\":\"Kj\u00f8p Hydrocodone 10\\\/325mg\"}]},{\"@type\":\"WebSite\",\"@id\":\"https:\\\/\\\/medicinasinc.com\\\/no\\\/#website\",\"url\":\"https:\\\/\\\/medicinasinc.com\\\/no\\\/\",\"name\":\"Medicinas Inc\",\"description\":\"Helsemedisinsk klinikk\",\"potentialAction\":[{\"@type\":\"SearchAction\",\"target\":{\"@type\":\"EntryPoint\",\"urlTemplate\":\"https:\\\/\\\/medicinasinc.com\\\/no\\\/?s={search_term_string}\"},\"query-input\":{\"@type\":\"PropertyValueSpecification\",\"valueRequired\":true,\"valueName\":\"search_term_string\"}}],\"inLanguage\":\"nn-NO\"}]}<\/script>\n<!-- \/ Yoast SEO plugin. -->","yoast_head_json":{"title":"Kj\u00f8p Hydrocodone 10\/325mg - Beste beste globale medisiner","description":"Kj\u00f8p Hydrocodone 10 325mg for salg Storbritannia, Europa online til den beste prisen. Best Global Meds er et p\u00e5litelig nettapotek med lovlige legemidler. Bestill online og trygg tid og penger.","robots":{"index":"index","follow":"follow","max-snippet":"max-snippet:-1","max-image-preview":"max-image-preview:large","max-video-preview":"max-video-preview:-1"},"canonical":"https:\/\/medicinasinc.com\/no\/product\/kjop-hydrokodon-10-325mg\/","og_locale":"nn_NO","og_type":"article","og_title":"Kj\u00f8p Hydrocodone 10\/325mg - Beste beste globale medisiner","og_description":"Kj\u00f8p Hydrocodone 10 325mg for salg Storbritannia, Europa online til den beste prisen. Best Global Meds er et p\u00e5litelig nettapotek med lovlige legemidler. Bestill online og trygg tid og penger.","og_url":"https:\/\/medicinasinc.com\/no\/product\/kjop-hydrokodon-10-325mg\/","og_site_name":"Medicinas Inc","article_modified_time":"2022-03-22T00:59:44+00:00","og_image":[{"width":600,"height":600,"url":"https:\/\/medicinasinc.com\/no\/wp-content\/uploads\/sites\/14\/2022\/02\/buy-hydrocodone-10-325mg-online.jpg","type":"image\/jpeg"}],"twitter_card":"summary_large_image","twitter_misc":{"Est. reading time":"2 minutt"},"schema":{"@context":"https:\/\/schema.org","@graph":[{"@type":"WebPage","@id":"https:\/\/medicinasinc.com\/no\/product\/kjop-hydrokodon-10-325mg\/","url":"https:\/\/medicinasinc.com\/no\/product\/kjop-hydrokodon-10-325mg\/","name":"Kj\u00f8p Hydrocodone 10\/325mg - Beste beste globale medisiner","isPartOf":{"@id":"https:\/\/medicinasinc.com\/no\/#website"},"primaryImageOfPage":{"@id":"https:\/\/medicinasinc.com\/no\/product\/kjop-hydrokodon-10-325mg\/#primaryimage"},"image":{"@id":"https:\/\/medicinasinc.com\/no\/product\/kjop-hydrokodon-10-325mg\/#primaryimage"},"thumbnailUrl":"https:\/\/medicinasinc.com\/no\/wp-content\/uploads\/sites\/14\/2022\/02\/buy-hydrocodone-10-325mg-online.jpg","datePublished":"2022-02-20T21:36:32+00:00","dateModified":"2022-03-22T00:59:44+00:00","description":"Kj\u00f8p Hydrocodone 10 325mg for salg Storbritannia, Europa online til den beste prisen. Best Global Meds er et p\u00e5litelig nettapotek med lovlige legemidler. Bestill online og trygg tid og penger.","breadcrumb":{"@id":"https:\/\/medicinasinc.com\/no\/product\/kjop-hydrokodon-10-325mg\/#breadcrumb"},"inLanguage":"nn-NO","potentialAction":[{"@type":"ReadAction","target":["https:\/\/medicinasinc.com\/no\/product\/kjop-hydrokodon-10-325mg\/"]}]},{"@type":"ImageObject","inLanguage":"nn-NO","@id":"https:\/\/medicinasinc.com\/no\/product\/kjop-hydrokodon-10-325mg\/#primaryimage","url":"https:\/\/medicinasinc.com\/no\/wp-content\/uploads\/sites\/14\/2022\/02\/buy-hydrocodone-10-325mg-online.jpg","contentUrl":"https:\/\/medicinasinc.com\/no\/wp-content\/uploads\/sites\/14\/2022\/02\/buy-hydrocodone-10-325mg-online.jpg","width":600,"height":600},{"@type":"BreadcrumbList","@id":"https:\/\/medicinasinc.com\/no\/product\/kjop-hydrokodon-10-325mg\/#breadcrumb","itemListElement":[{"@type":"ListItem","position":1,"name":"Butikk","item":"https:\/\/medicinasinc.com\/no\/butikk\/"},{"@type":"ListItem","position":2,"name":"Kj\u00f8p Hydrocodone 10\/325mg"}]},{"@type":"WebSite","@id":"https:\/\/medicinasinc.com\/no\/#website","url":"https:\/\/medicinasinc.com\/no\/","name":"Medicinas Inc","description":"Helsemedisinsk klinikk","potentialAction":[{"@type":"SearchAction","target":{"@type":"EntryPoint","urlTemplate":"https:\/\/medicinasinc.com\/no\/?s={search_term_string}"},"query-input":{"@type":"PropertyValueSpecification","valueRequired":true,"valueName":"search_term_string"}}],"inLanguage":"nn-NO"}]}},"_links":{"self":[{"href":"https:\/\/medicinasinc.com\/no\/wp-json\/wp\/v2\/product\/5184","targetHints":{"allow":["GET"]}}],"collection":[{"href":"https:\/\/medicinasinc.com\/no\/wp-json\/wp\/v2\/product"}],"about":[{"href":"https:\/\/medicinasinc.com\/no\/wp-json\/wp\/v2\/types\/product"}],"replies":[{"embeddable":true,"href":"https:\/\/medicinasinc.com\/no\/wp-json\/wp\/v2\/comments?post=5184"}],"wp:featuredmedia":[{"embeddable":true,"href":"https:\/\/medicinasinc.com\/no\/wp-json\/wp\/v2\/media\/5203"}],"wp:attachment":[{"href":"https:\/\/medicinasinc.com\/no\/wp-json\/wp\/v2\/media?parent=5184"}],"wp:term":[{"taxonomy":"product_brand","embeddable":true,"href":"https:\/\/medicinasinc.com\/no\/wp-json\/wp\/v2\/product_brand?post=5184"},{"taxonomy":"product_cat","embeddable":true,"href":"https:\/\/medicinasinc.com\/no\/wp-json\/wp\/v2\/product_cat?post=5184"},{"taxonomy":"product_tag","embeddable":true,"href":"https:\/\/medicinasinc.com\/no\/wp-json\/wp\/v2\/product_tag?post=5184"}],"curies":[{"name":"wp","href":"https:\/\/api.w.org\/{rel}","templated":true}]}}