{"id":5183,"date":"2022-02-20T21:35:10","date_gmt":"2022-02-20T21:35:10","guid":{"rendered":"https:\/\/medicinasinc.com\/no\/?post_type=product&#038;p=5183"},"modified":"2022-03-22T01:00:02","modified_gmt":"2022-03-22T01:00:02","slug":"hydrokodon-10-500mg","status":"publish","type":"product","link":"https:\/\/medicinasinc.com\/no\/product\/hydrokodon-10-500mg\/","title":{"rendered":"Hydrokodon 10\/500 mg"},"content":{"rendered":"<div class=\"product-next-previous\">\n<div class=\"product-prev\">\n<p>Hydrokodon 10\/500 mg piller er tilgjengelig for kj\u00f8p p\u00e5 nettet for \u00f8yeblikket.<\/p>\n<p>H\u00f8ykvalitetskombinasjon medisin for moderat til alvorlig smertebehandling, Watson 540 (Hydrocodone) 500 mg er Watson 540 (Hydrocodone). Acetaminophen og Hydrocodone brukes i formuleringen av Hydrocodone for salg. Ikke-opioid paracetamol og opioidhydrokodon er begge smertestillende midler.<\/p>\n<p>I hjernen endrer denne medisinen m\u00e5ten kroppen reagerer p\u00e5 og opplever smerte p\u00e5. En persons temperatur kan ogs\u00e5 reduseres ved bruk av dette stoffet.<\/p>\n<p>P\u00e5 grunn av de betydelige u\u00f8nskede effektene av grunt\/langsom pust som kan oppst\u00e5 n\u00e5r du kj\u00f8per hydrokodon p\u00e5 nettet, anbefales det ikke for barn yngre enn 6 \u00e5r. \u00e5r gammel.<\/p>\n<p>F\u00f8r du starter denne medisinen, s\u00f8rg for \u00e5 lese pasientinformasjonsvedlegget som ble levert til deg av legen din.<\/p>\n<p>Kj\u00f8p hydrokodon kan tas oralt, med eller uten m\u00e5ltider , avhengig av brukerens preferanser. R\u00e5df\u00f8r deg med legen din eller helsepersonell f\u00f8r du tar stoffet hvis du opplever kvalme.<\/p>\n<p>Hva er i hver Watson 540-tablett?<\/p>\n<p>Natriumstearat av magnesium<br \/> Mikrokrystallinsk cellulose<br \/> CrospovidonesCroscarmellose Den er laget av natriumstearat<br \/> StivelsePovidon<br \/> Polyetylentereftalatoksid<br \/> Inneholder FARGEPULVER Nr. 10 D&amp;C Gul<\/p>\n<p>&nbsp;<\/p>\n<p>Avhengig av pasientens generelle respons og medisinske tilstand, kan doseringen av dette legemidlet variere. Fors\u00f8k aldri \u00e5 \u00f8ke dosen av medisinen, og slutt kun \u00e5 ta den hvis legen din ber deg om det.<\/p>\n<p>Br\u00e5 seponering av medisinen kan f\u00f8re til abstinenser. For \u00e5 unng\u00e5 abstinenssymptomer, f\u00f8lg legens instruksjoner for \u00e5 redusere medisindosen gradvis.<\/p>\n<p>Nettkj\u00f8p av hydrokodon kan til tider f\u00f8re til avhengighet. Det anbefales at den spesifiserte dosen av medisinen ikke overskrides for \u00e5 forhindre legemiddelavhengighet.<\/p>\n<p>Allergi:<\/p>\n<p>Sp\u00f8r legen din eller helsepersonell om du kan bruke denne medisinen fordi du er allergisk mot ingrediensene acetaminophen og hydrokodon. En persons reaksjon p\u00e5 dette produktet kan bli negativt p\u00e5virket av tilstedev\u00e6relsen av aktive stoffer i formuleringen.<\/p>\n<p>D\u00f8sighet:<\/p>\n<p>D\u00f8sighet eller svimmelhet kan oppst\u00e5 som en bivirkning av denne medisinen. Bilkj\u00f8ring, bruk av maskiner eller annen aktivitet som krever full oppmerksomhet eller \u00e5rv\u00e5kenhet b\u00f8r unng\u00e5s. Vennligst avst\u00e5 fra \u00e5 delta i noen av disse aktivitetene f\u00f8r du er sikker p\u00e5 at du kan gj\u00f8re det uten \u00e5 st\u00f8te p\u00e5 noen vanskeligheter.<\/p>\n<p>Graviditet:<\/p>\n<p>Gravide kvinner anbefales ikke \u00e5 ta denne medisinen. Bruk kun dette stoffet hvis det er absolutt n\u00f8dvendig. R\u00e5df\u00f8r deg med legen din eller apoteket for \u00e5 l\u00e6re om fordelene og ulempene ved \u00e5 ta denne medisinen mens du er gravid.<\/p>\n<p>Amming<\/p>\n<p>\u00c5 ta denne medisinen under amming kan ha en negativ effekt p\u00e5 babyens helse. Leger b\u00f8r konsulteres raskt hvis babyen din viser merkelige symptomer som pustevansker eller sl\u00f8vhet, samt problemer med \u00e5 spise.<\/p>\n<p>Oppkast, svimmelhet, s\u00f8vnighet og forstoppelse kan oppst\u00e5 som f\u00f8lge av bruk av hydrokodon. Etter hvert som medisinen fortsetter, kan noen av disse bivirkningene reduseres i alvorlighetsgrad over tid. Hvis noen av disse symptomene forverres, b\u00f8r du s\u00f8ke akutt legehjelp for \u00e5 finne en l\u00f8sning.<\/p>\n<p>Du b\u00f8r innta mye fiber og drikke mye vann for \u00e5 unng\u00e5 forstoppelse. Ta et avf\u00f8ringsmiddel for \u00e5 lindre symptomene p\u00e5 forstoppelse hvis du trenger det. Du b\u00f8r s\u00f8ke r\u00e5d hos legen din f\u00f8r du tar et avf\u00f8ringsmiddel.<\/p>\n<p>Du b\u00f8r sakte reise deg fra en ligge- eller sittende stilling hvis du \u00f8nsker \u00e5 redusere symptomene p\u00e5 svimmelhet og svimmelhet.<\/p>\n<\/p><\/div><\/div>\n","protected":false},"excerpt":{"rendered":"<div class=\"woocommerce-product-details__short-description\">\n<p>Kj\u00f8p Hydrocodone 10\/500mg piller for salg i Storbritannia, EU og Europa kan kj\u00f8pes online fra nettstedet v\u00e5rt. Dihydrokodeinon (hydrokodon) er et halvfabrikat opioid avledet fra kodein og tebain, to vanlig forekommende beroligende midler.<\/p>\n<p>For moderate til sterke smerter er den aktive ingrediensen i Watson 540 (hydrokodon) 500 mg hydrokodon. Acetaminophen og Hydrocodone brukes i formuleringen av Hydrocodone for salg. Hydroksykodon er et smertestillende middel for opioider, mens paracetamol er ikke-opioid.<\/p>\n<\/p><\/div>\n","protected":false},"featured_media":5201,"comment_status":"open","ping_status":"closed","template":"","meta":[],"product_brand":[],"product_cat":[1117],"product_tag":[1299,1300,1298,1301,1297,1302,1303,1304,1305,1306,1307,1308,1311,1312,1314,1313,1309,1310],"class_list":{"0":"post-5183","1":"product","2":"type-product","3":"status-publish","4":"has-post-thumbnail","6":"product_cat-kjop-smerte-sove-sexpiller","7":"product_tag-generic-watson","8":"product_tag-generic-watson-pills-for-sale-in-usa","9":"product_tag-generiske-piller-til-salg-i-usa","10":"product_tag-hydrocodone-for-sale","11":"product_tag-kjp-watson-online","12":"product_tag-medisiner-uten-resept","13":"product_tag-watson-500-mg","14":"product_tag-watson-500mg","15":"product_tag-watson-540-hydrokodon-500-mg","16":"product_tag-watson-540-hydrokodon-online","17":"product_tag-watson-540-medisin","18":"product_tag-watson-dosering","19":"product_tag-watson-hydrokodon-smerte-tap-piller","20":"product_tag-watson-medication","21":"product_tag-watson-piller-uten-resept","22":"product_tag-watson-smerte-lindring-tablett","23":"product_tag-watson-til-salg-i-uk","24":"product_tag-watson-til-salg-i-usa","26":"first","27":"instock","28":"shipping-taxable","29":"purchasable","30":"product-type-variable","31":"has-default-attributes"},"yoast_head":"<!-- This site is optimized with the Yoast SEO plugin v27.3 - https:\/\/yoast.com\/product\/yoast-seo-wordpress\/ -->\n<title>Kj\u00f8p Hydrocodone 10\/500mg - Beste beste globale medisiner<\/title>\n<meta name=\"description\" content=\"Kj\u00f8p Hydrocodone 10\/500mg piller for salg UK, EU, Europe online. Hydrokodon eller dihydrokodeinon er et halvfabrikat opioid utledet fra to av de vanligste beroligende midlene, kodein og tebain.\" \/>\n<meta name=\"robots\" content=\"index, follow, max-snippet:-1, max-image-preview:large, max-video-preview:-1\" \/>\n<link rel=\"canonical\" href=\"https:\/\/medicinasinc.com\/no\/product\/hydrokodon-10-500mg\/\" \/>\n<meta property=\"og:locale\" content=\"nn_NO\" \/>\n<meta property=\"og:type\" content=\"article\" \/>\n<meta property=\"og:title\" content=\"Kj\u00f8p Hydrocodone 10\/500mg - Beste beste globale medisiner\" \/>\n<meta property=\"og:description\" content=\"Kj\u00f8p Hydrocodone 10\/500mg piller for salg UK, EU, Europe online. Hydrokodon eller dihydrokodeinon er et halvfabrikat opioid utledet fra to av de vanligste beroligende midlene, kodein og tebain.\" \/>\n<meta property=\"og:url\" content=\"https:\/\/medicinasinc.com\/no\/product\/hydrokodon-10-500mg\/\" \/>\n<meta property=\"og:site_name\" content=\"Medicinas Inc\" \/>\n<meta property=\"article:modified_time\" content=\"2022-03-22T01:00:02+00:00\" \/>\n<meta property=\"og:image\" content=\"https:\/\/medicinasinc.com\/no\/wp-content\/uploads\/sites\/14\/2022\/02\/buy-hydrocodone-10-500mg-pills-online.jpg\" \/>\n\t<meta property=\"og:image:width\" content=\"600\" \/>\n\t<meta property=\"og:image:height\" content=\"600\" \/>\n\t<meta property=\"og:image:type\" content=\"image\/jpeg\" \/>\n<meta name=\"twitter:card\" content=\"summary_large_image\" \/>\n<meta name=\"twitter:label1\" content=\"Est. reading time\" \/>\n\t<meta name=\"twitter:data1\" content=\"3 minutt\" \/>\n<script type=\"application\/ld+json\" class=\"yoast-schema-graph\">{\"@context\":\"https:\\\/\\\/schema.org\",\"@graph\":[{\"@type\":\"WebPage\",\"@id\":\"https:\\\/\\\/medicinasinc.com\\\/no\\\/product\\\/hydrokodon-10-500mg\\\/\",\"url\":\"https:\\\/\\\/medicinasinc.com\\\/no\\\/product\\\/hydrokodon-10-500mg\\\/\",\"name\":\"Kj\u00f8p Hydrocodone 10\\\/500mg - Beste beste globale medisiner\",\"isPartOf\":{\"@id\":\"https:\\\/\\\/medicinasinc.com\\\/no\\\/#website\"},\"primaryImageOfPage\":{\"@id\":\"https:\\\/\\\/medicinasinc.com\\\/no\\\/product\\\/hydrokodon-10-500mg\\\/#primaryimage\"},\"image\":{\"@id\":\"https:\\\/\\\/medicinasinc.com\\\/no\\\/product\\\/hydrokodon-10-500mg\\\/#primaryimage\"},\"thumbnailUrl\":\"https:\\\/\\\/medicinasinc.com\\\/no\\\/wp-content\\\/uploads\\\/sites\\\/14\\\/2022\\\/02\\\/buy-hydrocodone-10-500mg-pills-online.jpg\",\"datePublished\":\"2022-02-20T21:35:10+00:00\",\"dateModified\":\"2022-03-22T01:00:02+00:00\",\"description\":\"Kj\u00f8p Hydrocodone 10\\\/500mg piller for salg UK, EU, Europe online. Hydrokodon eller dihydrokodeinon er et halvfabrikat opioid utledet fra to av de vanligste beroligende midlene, kodein og tebain.\",\"breadcrumb\":{\"@id\":\"https:\\\/\\\/medicinasinc.com\\\/no\\\/product\\\/hydrokodon-10-500mg\\\/#breadcrumb\"},\"inLanguage\":\"nn-NO\",\"potentialAction\":[{\"@type\":\"ReadAction\",\"target\":[\"https:\\\/\\\/medicinasinc.com\\\/no\\\/product\\\/hydrokodon-10-500mg\\\/\"]}]},{\"@type\":\"ImageObject\",\"inLanguage\":\"nn-NO\",\"@id\":\"https:\\\/\\\/medicinasinc.com\\\/no\\\/product\\\/hydrokodon-10-500mg\\\/#primaryimage\",\"url\":\"https:\\\/\\\/medicinasinc.com\\\/no\\\/wp-content\\\/uploads\\\/sites\\\/14\\\/2022\\\/02\\\/buy-hydrocodone-10-500mg-pills-online.jpg\",\"contentUrl\":\"https:\\\/\\\/medicinasinc.com\\\/no\\\/wp-content\\\/uploads\\\/sites\\\/14\\\/2022\\\/02\\\/buy-hydrocodone-10-500mg-pills-online.jpg\",\"width\":600,\"height\":600},{\"@type\":\"BreadcrumbList\",\"@id\":\"https:\\\/\\\/medicinasinc.com\\\/no\\\/product\\\/hydrokodon-10-500mg\\\/#breadcrumb\",\"itemListElement\":[{\"@type\":\"ListItem\",\"position\":1,\"name\":\"Butikk\",\"item\":\"https:\\\/\\\/medicinasinc.com\\\/no\\\/butikk\\\/\"},{\"@type\":\"ListItem\",\"position\":2,\"name\":\"Hydrokodon 10\\\/500 mg\"}]},{\"@type\":\"WebSite\",\"@id\":\"https:\\\/\\\/medicinasinc.com\\\/no\\\/#website\",\"url\":\"https:\\\/\\\/medicinasinc.com\\\/no\\\/\",\"name\":\"Medicinas Inc\",\"description\":\"Helsemedisinsk klinikk\",\"potentialAction\":[{\"@type\":\"SearchAction\",\"target\":{\"@type\":\"EntryPoint\",\"urlTemplate\":\"https:\\\/\\\/medicinasinc.com\\\/no\\\/?s={search_term_string}\"},\"query-input\":{\"@type\":\"PropertyValueSpecification\",\"valueRequired\":true,\"valueName\":\"search_term_string\"}}],\"inLanguage\":\"nn-NO\"}]}<\/script>\n<!-- \/ Yoast SEO plugin. -->","yoast_head_json":{"title":"Kj\u00f8p Hydrocodone 10\/500mg - Beste beste globale medisiner","description":"Kj\u00f8p Hydrocodone 10\/500mg piller for salg UK, EU, Europe online. Hydrokodon eller dihydrokodeinon er et halvfabrikat opioid utledet fra to av de vanligste beroligende midlene, kodein og tebain.","robots":{"index":"index","follow":"follow","max-snippet":"max-snippet:-1","max-image-preview":"max-image-preview:large","max-video-preview":"max-video-preview:-1"},"canonical":"https:\/\/medicinasinc.com\/no\/product\/hydrokodon-10-500mg\/","og_locale":"nn_NO","og_type":"article","og_title":"Kj\u00f8p Hydrocodone 10\/500mg - Beste beste globale medisiner","og_description":"Kj\u00f8p Hydrocodone 10\/500mg piller for salg UK, EU, Europe online. Hydrokodon eller dihydrokodeinon er et halvfabrikat opioid utledet fra to av de vanligste beroligende midlene, kodein og tebain.","og_url":"https:\/\/medicinasinc.com\/no\/product\/hydrokodon-10-500mg\/","og_site_name":"Medicinas Inc","article_modified_time":"2022-03-22T01:00:02+00:00","og_image":[{"width":600,"height":600,"url":"https:\/\/medicinasinc.com\/no\/wp-content\/uploads\/sites\/14\/2022\/02\/buy-hydrocodone-10-500mg-pills-online.jpg","type":"image\/jpeg"}],"twitter_card":"summary_large_image","twitter_misc":{"Est. reading time":"3 minutt"},"schema":{"@context":"https:\/\/schema.org","@graph":[{"@type":"WebPage","@id":"https:\/\/medicinasinc.com\/no\/product\/hydrokodon-10-500mg\/","url":"https:\/\/medicinasinc.com\/no\/product\/hydrokodon-10-500mg\/","name":"Kj\u00f8p Hydrocodone 10\/500mg - Beste beste globale medisiner","isPartOf":{"@id":"https:\/\/medicinasinc.com\/no\/#website"},"primaryImageOfPage":{"@id":"https:\/\/medicinasinc.com\/no\/product\/hydrokodon-10-500mg\/#primaryimage"},"image":{"@id":"https:\/\/medicinasinc.com\/no\/product\/hydrokodon-10-500mg\/#primaryimage"},"thumbnailUrl":"https:\/\/medicinasinc.com\/no\/wp-content\/uploads\/sites\/14\/2022\/02\/buy-hydrocodone-10-500mg-pills-online.jpg","datePublished":"2022-02-20T21:35:10+00:00","dateModified":"2022-03-22T01:00:02+00:00","description":"Kj\u00f8p Hydrocodone 10\/500mg piller for salg UK, EU, Europe online. Hydrokodon eller dihydrokodeinon er et halvfabrikat opioid utledet fra to av de vanligste beroligende midlene, kodein og tebain.","breadcrumb":{"@id":"https:\/\/medicinasinc.com\/no\/product\/hydrokodon-10-500mg\/#breadcrumb"},"inLanguage":"nn-NO","potentialAction":[{"@type":"ReadAction","target":["https:\/\/medicinasinc.com\/no\/product\/hydrokodon-10-500mg\/"]}]},{"@type":"ImageObject","inLanguage":"nn-NO","@id":"https:\/\/medicinasinc.com\/no\/product\/hydrokodon-10-500mg\/#primaryimage","url":"https:\/\/medicinasinc.com\/no\/wp-content\/uploads\/sites\/14\/2022\/02\/buy-hydrocodone-10-500mg-pills-online.jpg","contentUrl":"https:\/\/medicinasinc.com\/no\/wp-content\/uploads\/sites\/14\/2022\/02\/buy-hydrocodone-10-500mg-pills-online.jpg","width":600,"height":600},{"@type":"BreadcrumbList","@id":"https:\/\/medicinasinc.com\/no\/product\/hydrokodon-10-500mg\/#breadcrumb","itemListElement":[{"@type":"ListItem","position":1,"name":"Butikk","item":"https:\/\/medicinasinc.com\/no\/butikk\/"},{"@type":"ListItem","position":2,"name":"Hydrokodon 10\/500 mg"}]},{"@type":"WebSite","@id":"https:\/\/medicinasinc.com\/no\/#website","url":"https:\/\/medicinasinc.com\/no\/","name":"Medicinas Inc","description":"Helsemedisinsk klinikk","potentialAction":[{"@type":"SearchAction","target":{"@type":"EntryPoint","urlTemplate":"https:\/\/medicinasinc.com\/no\/?s={search_term_string}"},"query-input":{"@type":"PropertyValueSpecification","valueRequired":true,"valueName":"search_term_string"}}],"inLanguage":"nn-NO"}]}},"_links":{"self":[{"href":"https:\/\/medicinasinc.com\/no\/wp-json\/wp\/v2\/product\/5183","targetHints":{"allow":["GET"]}}],"collection":[{"href":"https:\/\/medicinasinc.com\/no\/wp-json\/wp\/v2\/product"}],"about":[{"href":"https:\/\/medicinasinc.com\/no\/wp-json\/wp\/v2\/types\/product"}],"replies":[{"embeddable":true,"href":"https:\/\/medicinasinc.com\/no\/wp-json\/wp\/v2\/comments?post=5183"}],"wp:featuredmedia":[{"embeddable":true,"href":"https:\/\/medicinasinc.com\/no\/wp-json\/wp\/v2\/media\/5201"}],"wp:attachment":[{"href":"https:\/\/medicinasinc.com\/no\/wp-json\/wp\/v2\/media?parent=5183"}],"wp:term":[{"taxonomy":"product_brand","embeddable":true,"href":"https:\/\/medicinasinc.com\/no\/wp-json\/wp\/v2\/product_brand?post=5183"},{"taxonomy":"product_cat","embeddable":true,"href":"https:\/\/medicinasinc.com\/no\/wp-json\/wp\/v2\/product_cat?post=5183"},{"taxonomy":"product_tag","embeddable":true,"href":"https:\/\/medicinasinc.com\/no\/wp-json\/wp\/v2\/product_tag?post=5183"}],"curies":[{"name":"wp","href":"https:\/\/api.w.org\/{rel}","templated":true}]}}