{"id":5182,"date":"2022-02-20T21:32:53","date_gmt":"2022-02-20T21:32:53","guid":{"rendered":"https:\/\/medicinasinc.com\/no\/?post_type=product&#038;p=5182"},"modified":"2022-03-22T01:00:12","modified_gmt":"2022-03-22T01:00:12","slug":"kjop-fentanyl-plaster-for-transdermal-system","status":"publish","type":"product","link":"https:\/\/medicinasinc.com\/no\/product\/kjop-fentanyl-plaster-for-transdermal-system\/","title":{"rendered":"Kj\u00f8p fentanyl patch for transdermal system"},"content":{"rendered":"<div class=\"product-next-previous\">\n<div class=\"product-prev\">\n<p>Transdermale plaster med Fentanyl er tilgjengelig for kj\u00f8p<br \/> Co Fentanyl er hva?<\/p>\n<p>Opioider er en klasse legemidler som inkluderer fentanyl. Hvis du lider av kroniske (langvarige) sterke smerter og allerede bruker en opioid (narkotisk) medisin, kan du ha nytte av bruken av fentanyl.<\/p>\n<p>Hva er prisen p\u00e5 co-fentanyl?<\/p>\n<p>PocketPills tilbyr Co Fentanyl uten kostnad. Hvis forsikringen din dekker kostnadene for Co Fentanyl, kan du kanskje f\u00e5 den til en redusert pris. Dispenserings- og leveringskostnader b\u00f8r tas med i den endelige kostnaden for Co Fentanyl-kj\u00f8pet.<\/p>\n<p>Hvor mye er Co Fentanyls utleveringsgebyr?<\/p>\n<p>Bestilling av Co Fentanyl fra oss kommer med et utleveringsgebyr p\u00e5 bare $0. Hvis du leter etter den billigste Co Fentanyl-prisen i Canada, er Pocketpills her for \u00e5 hjelpe.<br \/> S\u00f8rg for \u00e5 dra nytte av v\u00e5rt gratis frakttilbud i Canada.<\/p>\n<p>Medikamentnavn: Co-Fentanyl <\/p>\n<p>Toksisiteter<\/p>\n<p>En rekke medikamenter har potensial til \u00e5 indusere u\u00f8nskede konsekvenser.<\/p>\n<p>N\u00e5r et legemiddel brukes som foreskrevet, kan det oppst\u00e5 bivirkninger som ikke forventes . Det er mulig for bivirkninger \u00e5 v\u00e6re lette eller alvorlige, s\u00e5 vel som langvarige eller kortvarige.<\/p>\n<p>Ikke alle som tar Co Fentanyl opplever f\u00f8lgende bivirkninger (Fentanyl-transdermal).<\/p>\n<p>Snakk med legen din hvis du er bekymret for bivirkninger av Co Fentanyl (Fentanyl-transdermal).<\/p>\n<p>Minst 1 % av Co Fentanyl-brukere har hatt f\u00f8lgende bivirkninger (Fentanyl-transdermal) . Det er mulig at noen av disse bivirkningene vil g\u00e5 over av seg selv med tiden.<\/p>\n<p>Hvis du merker noen av disse bivirkningene og de er plagsomme eller alvorlige, kontakt legen din. Hvis du har problemer med bivirkninger, sp\u00f8r apoteket om hjelp.<\/p>\n<p>forvirring<br \/> Forstoppelse<br \/> forstoppelse problemer med \u00e5 fokusere s\u00f8vnighet og svimmelhet om kvelden<br \/> F\u00f8ler deg engstelig, r\u00f8dmer , og \u00e5 ha hodepine er alle symptomer p\u00e5 munnt\u00f8rrhet.<br \/> mangel p\u00e5 hukommelse<br \/> ubehag eller kl\u00f8e ved p\u00e5f\u00f8ringsstedet<\/p>\n<p>Ofte stilte sp\u00f8rsm\u00e5l om Co Fentanyl<br \/> To Purchase Co Fentanyl Online, du trenger \u00e5 vite hvordan.<\/p>\n<p>Hvis du har en gyldig resept fra legen din, kan du kj\u00f8pe Co Fentanyl online hos PocketPills. Du kan begynne med \u00e5 laste opp resepten din, kj\u00f8pe en refill eller chatte med en av v\u00e5re kanadiske leger for \u00e5 motta en resept p\u00e5 nett ved \u00e5 overf\u00f8re eksisterende resepter til apoteket v\u00e5rt. En resept for co-fentanyl: Hvor g\u00e5r jeg herfra?<\/p>\n<p>P\u00e5 pocketpills.com kan du snakke med en kanadisk lege over internett. I l\u00f8pet av timen din kan v\u00e5re leger skrive ut resepter p\u00e5 legemidler til deg over internett. Uten ekstra kostnad kan du f\u00e5 resepten levert hjem diskret og i originalemballasjen etter at du har mottatt den.<\/p>\n<p>Hvor snart kan jeg forvente pakken min?<\/p>\n<p>Ja! Noen steder kan vi tilby levering samme dag. I tillegg til levering neste dag, tilbyr vi ogs\u00e5 frakt over natten.<br \/> Hvor mye koster Co Fentanyl-frakt til Canada?<br \/> Co Fentanyls fraktkostnader til deg i Canada er helt gratis. De reduserte utleveringsgebyrene og gratis frakten som tilbys av Pocketpills gj\u00f8r det lettere for kanadiere \u00e5 motta medisinene de trenger.<br \/> Levering av Co Fentanyl til mitt hus?<br \/> Hvis du bestilte reseptbelagte legemidler fra oss i Canada med en gyldig resept, vi kan sende Co Fentanyl p\u00e5 d\u00f8ren. Kontakt oss hvis du er usikker p\u00e5 om vi leverer i din region.<br \/> Hvor kan jeg f\u00e5 gratis co-fentanyl i Canada?<br \/> Hvis du har en helseforsikringsplan som dekker co-fentanyl, kan du f\u00e5 den gratis i Canada. Finn ut om du er kvalifisert for gratis Co Fentanyl ved \u00e5 kontakte leverand\u00f8ren din eller oss.<br \/> Hvor kan jeg finne en lege for \u00e5 f\u00e5 Co Fentanyl?<br \/> Ja. For \u00e5 finne ut om du er kvalifisert for resept p\u00e5 Co Fentanyl, kan du planlegge en online konsultasjon med en kanadisk lege gjennom Best Global Meds.<br \/> Uten resept kan jeg kj\u00f8pe Co Fentanyl?<br \/> For \u00e5 kj\u00f8pe Co Fentanyl fra oss m\u00e5 du ha en gyldig resept. Trenger du resept, ta kontakt med oss. Du kan kontakte en av v\u00e5re leger n\u00e5r det passer deg.<\/p>\n<p>&nbsp;<\/p>\n<p>Denne medisinen brukes til \u00e5 behandle kroniske smerter (som p\u00e5 grunn av kreft). Opioide (narkotiske) analgetika, som fentanyl er medlem av, er en vanlig type smertestillende midler. Det endrer m\u00e5ten kroppen din oppfatter og reagerer p\u00e5 smerte ved \u00e5 virke p\u00e5 hjernen.<\/p>\n<p>Pl\u00e5sterformen av fentanyl skal ikke brukes til \u00e5 behandle mild eller kortvarig smerte. &laquo;som&raquo; er ikke en passende betegnelse for dette stoffet.<\/p>\n<\/p><\/div><\/div>\n","protected":false},"excerpt":{"rendered":"<p>I Storbritannia er det mulig \u00e5 kj\u00f8pe fentanylplaster p\u00e5 nett, s\u00e5 vel som fentanyl generelt, samt fentanylplaster for salg der.<\/p>\n<p>Platter med fentanyl brukes til \u00e5 behandle kroniske smerter&amp;#8230 ;. N\u00e5r du samler inn resepter eller skaffer ekstra medisiner, nevner du plasteret du bruker til apoteket.<\/p>\n","protected":false},"featured_media":5199,"comment_status":"open","ping_status":"closed","template":"","meta":[],"product_brand":[],"product_cat":[1117],"product_tag":[1247,1248,1249,1250,1251,1252,1267,1253,1254,1277,1271,1274,1280,1256,1260,1261,1262,1263,1268,1269,1270,1272,1275,1279,1257,1258,1259,1278,1273,1293,1281,1282,1283,1285,1294,1295,1296,1286,1284,1287,1288,1289,1265,1264,1276,1292,1290,1291,1255,1266],"class_list":{"0":"post-5182","1":"product","2":"type-product","3":"status-publish","4":"has-post-thumbnail","6":"product_cat-kjop-smerte-sove-sexpiller","7":"product_tag-100-mg-fentanylplaster","8":"product_tag-100-mg-fentanyl-plaster-gatepris","9":"product_tag-12-mikrogram-fentanyl-plaster","10":"product_tag-25-mcg-fentanyl-plaster-ekvivalent","11":"product_tag-50-mg-fentanylplaster","12":"product_tag-75-mg-fentanylplaster","13":"product_tag-fentanyl-plaster-avhending","14":"product_tag-best-place-to-put-fentanyl-patch","15":"product_tag-beste-mten-komme-hy-p-fentanyl-gips","16":"product_tag-fentanyl-plaster-bivirkninger","17":"product_tag-fentanyl-plaster-doser","18":"product_tag-fentanyl-plaster-dosering","19":"product_tag-fentanyl-transdermal-plaster","20":"product_tag-fentanyl-gel-patch","21":"product_tag-fentanyl-patch-100mcg","22":"product_tag-fentanyl-patch-25-mcg-street-value","23":"product_tag-fentanyl-patch-50-mcg","24":"product_tag-fentanyl-patch-75-mcg","25":"product_tag-fentanyl-patch-dosage","26":"product_tag-fentanyl-patch-dosage-12-mcg","27":"product_tag-fentanyl-patch-dosage-chart","28":"product_tag-fentanyl-patch-doses","29":"product_tag-fentanyl-patch-for-sale","30":"product_tag-fentanyl-patch-withdrawals","31":"product_tag-fentanyl-smerteplaster","32":"product_tag-fentanyl-gips","33":"product_tag-fentanyl-gips-100-mcg","34":"product_tag-fentanyl-plaster-bruker","35":"product_tag-fentanyl-gips-doser-12-mcg","36":"product_tag-gate-verdi-av-fentanyl-plaster","37":"product_tag-how-long-does-a-fentanyl-patch-stay-in-your-system","38":"product_tag-how-long-does-it-take-for-a-fentanyl-patch-to-kick-in","39":"product_tag-how-to-apply-fentanyl-patch","40":"product_tag-how-to-smoke-a-fentanyl-patch","41":"product_tag-hva-er-fentanyl-plaster","42":"product_tag-hvor--plassere-fentanyl-plaster","43":"product_tag-hvor-kan-settes-fentanyl-plaster","44":"product_tag-hvordan-ta-tape-av-fentanyl-plaster-uten-uttak","45":"product_tag-hvordan--bryte-ned-fentanyl-plaster","46":"product_tag-hvordan-bruke-fentanyl-plaster","47":"product_tag-injiser-fentanyl-plaster","48":"product_tag-mallinckrodt-fentanyl-plaster-ekstraksjon","49":"product_tag-fentanyl-plaster-merker","50":"product_tag-fentanyl-plaster-applikasjon","51":"product_tag-fentanyl-gips-pakkevedlegg","52":"product_tag-ryke-fentanyl-plaster","53":"product_tag-sandoz-fentanyl-plaster","54":"product_tag-skyte-fentanyl-plaster","55":"product_tag-spise-fentanyl-plaster","56":"product_tag-fentanyl-lapp-tygging","58":"first","59":"instock","60":"shipping-taxable","61":"purchasable","62":"product-type-variable","63":"has-default-attributes"},"yoast_head":"<!-- This site is optimized with the Yoast SEO plugin v27.3 - https:\/\/yoast.com\/product\/yoast-seo-wordpress\/ -->\n<title>Kj\u00f8p fentanyl depotplaster for transdermal system - Beste beste globale medisiner<\/title>\n<meta name=\"description\" content=\"Kj\u00f8p\u00a0fentanylplaster\u00a0p\u00e5 nett uk, fentanyl\u00a0p\u00e5 nett\u00a0uk, pris for\u00a0fentanylplaster\u00a0uk,\u00a0kj\u00f8p fentanylplaster\u00a0uk, fentanyl gatepris Storbritannia, fentanylplaster\u00a0til salgs\u00a0uk\" \/>\n<meta name=\"robots\" content=\"index, follow, max-snippet:-1, max-image-preview:large, max-video-preview:-1\" \/>\n<link rel=\"canonical\" href=\"https:\/\/medicinasinc.com\/no\/product\/kjop-fentanyl-plaster-for-transdermal-system\/\" \/>\n<meta property=\"og:locale\" content=\"nn_NO\" \/>\n<meta property=\"og:type\" content=\"article\" \/>\n<meta property=\"og:title\" content=\"Kj\u00f8p fentanyl depotplaster for transdermal system - Beste beste globale medisiner\" \/>\n<meta property=\"og:description\" content=\"Kj\u00f8p\u00a0fentanylplaster\u00a0p\u00e5 nett uk, fentanyl\u00a0p\u00e5 nett\u00a0uk, pris for\u00a0fentanylplaster\u00a0uk,\u00a0kj\u00f8p fentanylplaster\u00a0uk, fentanyl gatepris Storbritannia, fentanylplaster\u00a0til salgs\u00a0uk\" \/>\n<meta property=\"og:url\" content=\"https:\/\/medicinasinc.com\/no\/product\/kjop-fentanyl-plaster-for-transdermal-system\/\" \/>\n<meta property=\"og:site_name\" content=\"Medicinas Inc\" \/>\n<meta property=\"article:modified_time\" content=\"2022-03-22T01:00:12+00:00\" \/>\n<meta property=\"og:image\" content=\"https:\/\/medicinasinc.com\/no\/wp-content\/uploads\/sites\/14\/2022\/02\/buy-fentanyl-transdermal-system-patch.jpg\" \/>\n\t<meta property=\"og:image:width\" content=\"600\" \/>\n\t<meta property=\"og:image:height\" content=\"600\" \/>\n\t<meta property=\"og:image:type\" content=\"image\/jpeg\" \/>\n<meta name=\"twitter:card\" content=\"summary_large_image\" \/>\n<meta name=\"twitter:label1\" content=\"Est. reading time\" \/>\n\t<meta name=\"twitter:data1\" content=\"4 minutt\" \/>\n<script type=\"application\/ld+json\" class=\"yoast-schema-graph\">{\"@context\":\"https:\\\/\\\/schema.org\",\"@graph\":[{\"@type\":\"WebPage\",\"@id\":\"https:\\\/\\\/medicinasinc.com\\\/no\\\/product\\\/kjop-fentanyl-plaster-for-transdermal-system\\\/\",\"url\":\"https:\\\/\\\/medicinasinc.com\\\/no\\\/product\\\/kjop-fentanyl-plaster-for-transdermal-system\\\/\",\"name\":\"Kj\u00f8p fentanyl depotplaster for transdermal system - Beste beste globale medisiner\",\"isPartOf\":{\"@id\":\"https:\\\/\\\/medicinasinc.com\\\/no\\\/#website\"},\"primaryImageOfPage\":{\"@id\":\"https:\\\/\\\/medicinasinc.com\\\/no\\\/product\\\/kjop-fentanyl-plaster-for-transdermal-system\\\/#primaryimage\"},\"image\":{\"@id\":\"https:\\\/\\\/medicinasinc.com\\\/no\\\/product\\\/kjop-fentanyl-plaster-for-transdermal-system\\\/#primaryimage\"},\"thumbnailUrl\":\"https:\\\/\\\/medicinasinc.com\\\/no\\\/wp-content\\\/uploads\\\/sites\\\/14\\\/2022\\\/02\\\/buy-fentanyl-transdermal-system-patch.jpg\",\"datePublished\":\"2022-02-20T21:32:53+00:00\",\"dateModified\":\"2022-03-22T01:00:12+00:00\",\"description\":\"Kj\u00f8p\u00a0fentanylplaster\u00a0p\u00e5 nett uk, fentanyl\u00a0p\u00e5 nett\u00a0uk, pris for\u00a0fentanylplaster\u00a0uk,\u00a0kj\u00f8p fentanylplaster\u00a0uk, fentanyl gatepris Storbritannia, fentanylplaster\u00a0til salgs\u00a0uk\",\"breadcrumb\":{\"@id\":\"https:\\\/\\\/medicinasinc.com\\\/no\\\/product\\\/kjop-fentanyl-plaster-for-transdermal-system\\\/#breadcrumb\"},\"inLanguage\":\"nn-NO\",\"potentialAction\":[{\"@type\":\"ReadAction\",\"target\":[\"https:\\\/\\\/medicinasinc.com\\\/no\\\/product\\\/kjop-fentanyl-plaster-for-transdermal-system\\\/\"]}]},{\"@type\":\"ImageObject\",\"inLanguage\":\"nn-NO\",\"@id\":\"https:\\\/\\\/medicinasinc.com\\\/no\\\/product\\\/kjop-fentanyl-plaster-for-transdermal-system\\\/#primaryimage\",\"url\":\"https:\\\/\\\/medicinasinc.com\\\/no\\\/wp-content\\\/uploads\\\/sites\\\/14\\\/2022\\\/02\\\/buy-fentanyl-transdermal-system-patch.jpg\",\"contentUrl\":\"https:\\\/\\\/medicinasinc.com\\\/no\\\/wp-content\\\/uploads\\\/sites\\\/14\\\/2022\\\/02\\\/buy-fentanyl-transdermal-system-patch.jpg\",\"width\":600,\"height\":600},{\"@type\":\"BreadcrumbList\",\"@id\":\"https:\\\/\\\/medicinasinc.com\\\/no\\\/product\\\/kjop-fentanyl-plaster-for-transdermal-system\\\/#breadcrumb\",\"itemListElement\":[{\"@type\":\"ListItem\",\"position\":1,\"name\":\"Butikk\",\"item\":\"https:\\\/\\\/medicinasinc.com\\\/no\\\/butikk\\\/\"},{\"@type\":\"ListItem\",\"position\":2,\"name\":\"Kj\u00f8p fentanyl patch for transdermal system\"}]},{\"@type\":\"WebSite\",\"@id\":\"https:\\\/\\\/medicinasinc.com\\\/no\\\/#website\",\"url\":\"https:\\\/\\\/medicinasinc.com\\\/no\\\/\",\"name\":\"Medicinas Inc\",\"description\":\"Helsemedisinsk klinikk\",\"potentialAction\":[{\"@type\":\"SearchAction\",\"target\":{\"@type\":\"EntryPoint\",\"urlTemplate\":\"https:\\\/\\\/medicinasinc.com\\\/no\\\/?s={search_term_string}\"},\"query-input\":{\"@type\":\"PropertyValueSpecification\",\"valueRequired\":true,\"valueName\":\"search_term_string\"}}],\"inLanguage\":\"nn-NO\"}]}<\/script>\n<!-- \/ Yoast SEO plugin. -->","yoast_head_json":{"title":"Kj\u00f8p fentanyl depotplaster for transdermal system - Beste beste globale medisiner","description":"Kj\u00f8p\u00a0fentanylplaster\u00a0p\u00e5 nett uk, fentanyl\u00a0p\u00e5 nett\u00a0uk, pris for\u00a0fentanylplaster\u00a0uk,\u00a0kj\u00f8p fentanylplaster\u00a0uk, fentanyl gatepris Storbritannia, fentanylplaster\u00a0til salgs\u00a0uk","robots":{"index":"index","follow":"follow","max-snippet":"max-snippet:-1","max-image-preview":"max-image-preview:large","max-video-preview":"max-video-preview:-1"},"canonical":"https:\/\/medicinasinc.com\/no\/product\/kjop-fentanyl-plaster-for-transdermal-system\/","og_locale":"nn_NO","og_type":"article","og_title":"Kj\u00f8p fentanyl depotplaster for transdermal system - Beste beste globale medisiner","og_description":"Kj\u00f8p\u00a0fentanylplaster\u00a0p\u00e5 nett uk, fentanyl\u00a0p\u00e5 nett\u00a0uk, pris for\u00a0fentanylplaster\u00a0uk,\u00a0kj\u00f8p fentanylplaster\u00a0uk, fentanyl gatepris Storbritannia, fentanylplaster\u00a0til salgs\u00a0uk","og_url":"https:\/\/medicinasinc.com\/no\/product\/kjop-fentanyl-plaster-for-transdermal-system\/","og_site_name":"Medicinas Inc","article_modified_time":"2022-03-22T01:00:12+00:00","og_image":[{"width":600,"height":600,"url":"https:\/\/medicinasinc.com\/no\/wp-content\/uploads\/sites\/14\/2022\/02\/buy-fentanyl-transdermal-system-patch.jpg","type":"image\/jpeg"}],"twitter_card":"summary_large_image","twitter_misc":{"Est. reading time":"4 minutt"},"schema":{"@context":"https:\/\/schema.org","@graph":[{"@type":"WebPage","@id":"https:\/\/medicinasinc.com\/no\/product\/kjop-fentanyl-plaster-for-transdermal-system\/","url":"https:\/\/medicinasinc.com\/no\/product\/kjop-fentanyl-plaster-for-transdermal-system\/","name":"Kj\u00f8p fentanyl depotplaster for transdermal system - Beste beste globale medisiner","isPartOf":{"@id":"https:\/\/medicinasinc.com\/no\/#website"},"primaryImageOfPage":{"@id":"https:\/\/medicinasinc.com\/no\/product\/kjop-fentanyl-plaster-for-transdermal-system\/#primaryimage"},"image":{"@id":"https:\/\/medicinasinc.com\/no\/product\/kjop-fentanyl-plaster-for-transdermal-system\/#primaryimage"},"thumbnailUrl":"https:\/\/medicinasinc.com\/no\/wp-content\/uploads\/sites\/14\/2022\/02\/buy-fentanyl-transdermal-system-patch.jpg","datePublished":"2022-02-20T21:32:53+00:00","dateModified":"2022-03-22T01:00:12+00:00","description":"Kj\u00f8p\u00a0fentanylplaster\u00a0p\u00e5 nett uk, fentanyl\u00a0p\u00e5 nett\u00a0uk, pris for\u00a0fentanylplaster\u00a0uk,\u00a0kj\u00f8p fentanylplaster\u00a0uk, fentanyl gatepris Storbritannia, fentanylplaster\u00a0til salgs\u00a0uk","breadcrumb":{"@id":"https:\/\/medicinasinc.com\/no\/product\/kjop-fentanyl-plaster-for-transdermal-system\/#breadcrumb"},"inLanguage":"nn-NO","potentialAction":[{"@type":"ReadAction","target":["https:\/\/medicinasinc.com\/no\/product\/kjop-fentanyl-plaster-for-transdermal-system\/"]}]},{"@type":"ImageObject","inLanguage":"nn-NO","@id":"https:\/\/medicinasinc.com\/no\/product\/kjop-fentanyl-plaster-for-transdermal-system\/#primaryimage","url":"https:\/\/medicinasinc.com\/no\/wp-content\/uploads\/sites\/14\/2022\/02\/buy-fentanyl-transdermal-system-patch.jpg","contentUrl":"https:\/\/medicinasinc.com\/no\/wp-content\/uploads\/sites\/14\/2022\/02\/buy-fentanyl-transdermal-system-patch.jpg","width":600,"height":600},{"@type":"BreadcrumbList","@id":"https:\/\/medicinasinc.com\/no\/product\/kjop-fentanyl-plaster-for-transdermal-system\/#breadcrumb","itemListElement":[{"@type":"ListItem","position":1,"name":"Butikk","item":"https:\/\/medicinasinc.com\/no\/butikk\/"},{"@type":"ListItem","position":2,"name":"Kj\u00f8p fentanyl patch for transdermal system"}]},{"@type":"WebSite","@id":"https:\/\/medicinasinc.com\/no\/#website","url":"https:\/\/medicinasinc.com\/no\/","name":"Medicinas Inc","description":"Helsemedisinsk klinikk","potentialAction":[{"@type":"SearchAction","target":{"@type":"EntryPoint","urlTemplate":"https:\/\/medicinasinc.com\/no\/?s={search_term_string}"},"query-input":{"@type":"PropertyValueSpecification","valueRequired":true,"valueName":"search_term_string"}}],"inLanguage":"nn-NO"}]}},"_links":{"self":[{"href":"https:\/\/medicinasinc.com\/no\/wp-json\/wp\/v2\/product\/5182","targetHints":{"allow":["GET"]}}],"collection":[{"href":"https:\/\/medicinasinc.com\/no\/wp-json\/wp\/v2\/product"}],"about":[{"href":"https:\/\/medicinasinc.com\/no\/wp-json\/wp\/v2\/types\/product"}],"replies":[{"embeddable":true,"href":"https:\/\/medicinasinc.com\/no\/wp-json\/wp\/v2\/comments?post=5182"}],"wp:featuredmedia":[{"embeddable":true,"href":"https:\/\/medicinasinc.com\/no\/wp-json\/wp\/v2\/media\/5199"}],"wp:attachment":[{"href":"https:\/\/medicinasinc.com\/no\/wp-json\/wp\/v2\/media?parent=5182"}],"wp:term":[{"taxonomy":"product_brand","embeddable":true,"href":"https:\/\/medicinasinc.com\/no\/wp-json\/wp\/v2\/product_brand?post=5182"},{"taxonomy":"product_cat","embeddable":true,"href":"https:\/\/medicinasinc.com\/no\/wp-json\/wp\/v2\/product_cat?post=5182"},{"taxonomy":"product_tag","embeddable":true,"href":"https:\/\/medicinasinc.com\/no\/wp-json\/wp\/v2\/product_tag?post=5182"}],"curies":[{"name":"wp","href":"https:\/\/api.w.org\/{rel}","templated":true}]}}