{"id":5151,"date":"2022-02-20T21:07:35","date_gmt":"2022-02-20T21:07:35","guid":{"rendered":"https:\/\/medicinasinc.com\/no\/?post_type=product&#038;p=5151"},"modified":"2022-03-22T01:00:20","modified_gmt":"2022-03-22T01:00:20","slug":"kjop-diazepam-10-mg","status":"publish","type":"product","link":"https:\/\/medicinasinc.com\/no\/product\/kjop-diazepam-10-mg\/","title":{"rendered":"Kj\u00f8p Diazepam 10 mg"},"content":{"rendered":"<p>Kj\u00f8p 10mg Dextripam online (Diazepam)<\/p>\n<p>Diazepam 10 mg for salg online i Storbritannia, Europa til den beste prisen er tilgjengelig her. Juridiske medisiner er tilgjengelige p\u00e5 bestglobalmeds.com, et p\u00e5litelig nettapotek. Du kan spare tid og penger ved \u00e5 bestille online.<\/p>\n<p>Dextripam 10mg tabletter kan kj\u00f8pes p\u00e5 nettet. Diazepam er et medikament som brukes til \u00e5 behandle angst, alkoholabstinenssymptomer eller muskelkramper.<\/p>\n<p>En dose p\u00e5 10 mg Diazepam kan kj\u00f8pes i Storbritannia. Diazepam (Valium 10 mg) kan kj\u00f8pes p\u00e5 bestsleepingtablets.com. Vi har et godt utvalg av Diazepam-piller p\u00e5 lager!<\/p>\n<p>Diazepam (Generisk Valium) og andre&#8230; kan sammenlignes, trykte kuponger kan skaffes, og pengebesparende strategier kan bli funnet. Du kan legge inn en bestilling online og f\u00e5 den levert p\u00e5 d\u00f8ren.<\/p>\n<div class=\"product-next-previous\">\n<div class=\"product-prev\"><\/div><\/div>\n","protected":false},"excerpt":{"rendered":"<p>Kj\u00f8p Diazepam 10 mg for salg online i Storbritannia, Europa til den beste prisen er tilgjengelig her. Juridiske medisiner er tilgjengelige p\u00e5 bestglobalmeds.com, et p\u00e5litelig nettapotek. Du kan spare tid og penger ved \u00e5 bestille online.<\/p>\n<p>Dextripam 10mg tabletter kan kj\u00f8pes p\u00e5 nettet. Diazepam er et medikament som brukes til \u00e5 behandle angst, alkoholabstinenssymptomer eller muskelkramper.<\/p>\n<p>En dose p\u00e5 10 mg Diazepam kan kj\u00f8pes i Storbritannia. Diazepam (Valium 10 mg) kan kj\u00f8pes p\u00e5 bestsleepingtablets.com. Vi har et godt tilbud av Diazepam-piller p\u00e5 lager!<\/p>\n<p>Diazepam (Generic Valium) og andre&#8230; kan sammenlignes, trykte kuponger kan f\u00e5s, og pengebesparende strategier kan bli funnet. Du kan legge inn en bestilling online og f\u00e5 den levert p\u00e5 d\u00f8ren.<\/p>\n","protected":false},"featured_media":5170,"comment_status":"open","ping_status":"closed","template":"","meta":[],"product_brand":[],"product_cat":[1117],"product_tag":[],"class_list":{"0":"post-5151","1":"product","2":"type-product","3":"status-publish","4":"has-post-thumbnail","6":"product_cat-kjop-smerte-sove-sexpiller","8":"first","9":"instock","10":"shipping-taxable","11":"purchasable","12":"product-type-variable","13":"has-default-attributes"},"yoast_head":"<!-- This site is optimized with the Yoast SEO plugin v27.3 - https:\/\/yoast.com\/product\/yoast-seo-wordpress\/ -->\n<title>Kj\u00f8p Diazepam 10 mg - Beste beste globale medisiner<\/title>\n<meta name=\"description\" content=\"Kj\u00f8p Diazepam 10 mg til salgs Storbritannia, Europa online til den beste prisen. bestglobalmeds.com er et p\u00e5litelig nettapotek med lovlige legemidler. Bestill online og trygg tid og penger.\" \/>\n<meta name=\"robots\" content=\"index, follow, max-snippet:-1, max-image-preview:large, max-video-preview:-1\" \/>\n<link rel=\"canonical\" href=\"https:\/\/medicinasinc.com\/no\/product\/kjop-diazepam-10-mg\/\" \/>\n<meta property=\"og:locale\" content=\"nn_NO\" \/>\n<meta property=\"og:type\" content=\"article\" \/>\n<meta property=\"og:title\" content=\"Kj\u00f8p Diazepam 10 mg - Beste beste globale medisiner\" \/>\n<meta property=\"og:description\" content=\"Kj\u00f8p Diazepam 10 mg til salgs Storbritannia, Europa online til den beste prisen. bestglobalmeds.com er et p\u00e5litelig nettapotek med lovlige legemidler. Bestill online og trygg tid og penger.\" \/>\n<meta property=\"og:url\" content=\"https:\/\/medicinasinc.com\/no\/product\/kjop-diazepam-10-mg\/\" \/>\n<meta property=\"og:site_name\" content=\"Medicinas Inc\" \/>\n<meta property=\"article:modified_time\" content=\"2022-03-22T01:00:20+00:00\" \/>\n<meta property=\"og:image\" content=\"https:\/\/medicinasinc.com\/no\/wp-content\/uploads\/sites\/14\/2022\/02\/Buy-Diazepam-10-mg.jpg\" \/>\n\t<meta property=\"og:image:width\" content=\"400\" \/>\n\t<meta property=\"og:image:height\" content=\"400\" \/>\n\t<meta property=\"og:image:type\" content=\"image\/jpeg\" \/>\n<meta name=\"twitter:card\" content=\"summary_large_image\" \/>\n<meta name=\"twitter:label1\" content=\"Est. reading time\" \/>\n\t<meta name=\"twitter:data1\" content=\"1 minutt\" \/>\n<script type=\"application\/ld+json\" class=\"yoast-schema-graph\">{\"@context\":\"https:\\\/\\\/schema.org\",\"@graph\":[{\"@type\":\"WebPage\",\"@id\":\"https:\\\/\\\/medicinasinc.com\\\/no\\\/product\\\/kjop-diazepam-10-mg\\\/\",\"url\":\"https:\\\/\\\/medicinasinc.com\\\/no\\\/product\\\/kjop-diazepam-10-mg\\\/\",\"name\":\"Kj\u00f8p Diazepam 10 mg - Beste beste globale medisiner\",\"isPartOf\":{\"@id\":\"https:\\\/\\\/medicinasinc.com\\\/no\\\/#website\"},\"primaryImageOfPage\":{\"@id\":\"https:\\\/\\\/medicinasinc.com\\\/no\\\/product\\\/kjop-diazepam-10-mg\\\/#primaryimage\"},\"image\":{\"@id\":\"https:\\\/\\\/medicinasinc.com\\\/no\\\/product\\\/kjop-diazepam-10-mg\\\/#primaryimage\"},\"thumbnailUrl\":\"https:\\\/\\\/medicinasinc.com\\\/no\\\/wp-content\\\/uploads\\\/sites\\\/14\\\/2022\\\/02\\\/Buy-Diazepam-10-mg.jpg\",\"datePublished\":\"2022-02-20T21:07:35+00:00\",\"dateModified\":\"2022-03-22T01:00:20+00:00\",\"description\":\"Kj\u00f8p Diazepam 10 mg til salgs Storbritannia, Europa online til den beste prisen. bestglobalmeds.com er et p\u00e5litelig nettapotek med lovlige legemidler. Bestill online og trygg tid og penger.\",\"breadcrumb\":{\"@id\":\"https:\\\/\\\/medicinasinc.com\\\/no\\\/product\\\/kjop-diazepam-10-mg\\\/#breadcrumb\"},\"inLanguage\":\"nn-NO\",\"potentialAction\":[{\"@type\":\"ReadAction\",\"target\":[\"https:\\\/\\\/medicinasinc.com\\\/no\\\/product\\\/kjop-diazepam-10-mg\\\/\"]}]},{\"@type\":\"ImageObject\",\"inLanguage\":\"nn-NO\",\"@id\":\"https:\\\/\\\/medicinasinc.com\\\/no\\\/product\\\/kjop-diazepam-10-mg\\\/#primaryimage\",\"url\":\"https:\\\/\\\/medicinasinc.com\\\/no\\\/wp-content\\\/uploads\\\/sites\\\/14\\\/2022\\\/02\\\/Buy-Diazepam-10-mg.jpg\",\"contentUrl\":\"https:\\\/\\\/medicinasinc.com\\\/no\\\/wp-content\\\/uploads\\\/sites\\\/14\\\/2022\\\/02\\\/Buy-Diazepam-10-mg.jpg\",\"width\":400,\"height\":400},{\"@type\":\"BreadcrumbList\",\"@id\":\"https:\\\/\\\/medicinasinc.com\\\/no\\\/product\\\/kjop-diazepam-10-mg\\\/#breadcrumb\",\"itemListElement\":[{\"@type\":\"ListItem\",\"position\":1,\"name\":\"Butikk\",\"item\":\"https:\\\/\\\/medicinasinc.com\\\/no\\\/butikk\\\/\"},{\"@type\":\"ListItem\",\"position\":2,\"name\":\"Kj\u00f8p Diazepam 10 mg\"}]},{\"@type\":\"WebSite\",\"@id\":\"https:\\\/\\\/medicinasinc.com\\\/no\\\/#website\",\"url\":\"https:\\\/\\\/medicinasinc.com\\\/no\\\/\",\"name\":\"Medicinas Inc\",\"description\":\"Helsemedisinsk klinikk\",\"potentialAction\":[{\"@type\":\"SearchAction\",\"target\":{\"@type\":\"EntryPoint\",\"urlTemplate\":\"https:\\\/\\\/medicinasinc.com\\\/no\\\/?s={search_term_string}\"},\"query-input\":{\"@type\":\"PropertyValueSpecification\",\"valueRequired\":true,\"valueName\":\"search_term_string\"}}],\"inLanguage\":\"nn-NO\"}]}<\/script>\n<!-- \/ Yoast SEO plugin. -->","yoast_head_json":{"title":"Kj\u00f8p Diazepam 10 mg - Beste beste globale medisiner","description":"Kj\u00f8p Diazepam 10 mg til salgs Storbritannia, Europa online til den beste prisen. bestglobalmeds.com er et p\u00e5litelig nettapotek med lovlige legemidler. Bestill online og trygg tid og penger.","robots":{"index":"index","follow":"follow","max-snippet":"max-snippet:-1","max-image-preview":"max-image-preview:large","max-video-preview":"max-video-preview:-1"},"canonical":"https:\/\/medicinasinc.com\/no\/product\/kjop-diazepam-10-mg\/","og_locale":"nn_NO","og_type":"article","og_title":"Kj\u00f8p Diazepam 10 mg - Beste beste globale medisiner","og_description":"Kj\u00f8p Diazepam 10 mg til salgs Storbritannia, Europa online til den beste prisen. bestglobalmeds.com er et p\u00e5litelig nettapotek med lovlige legemidler. Bestill online og trygg tid og penger.","og_url":"https:\/\/medicinasinc.com\/no\/product\/kjop-diazepam-10-mg\/","og_site_name":"Medicinas Inc","article_modified_time":"2022-03-22T01:00:20+00:00","og_image":[{"width":400,"height":400,"url":"https:\/\/medicinasinc.com\/no\/wp-content\/uploads\/sites\/14\/2022\/02\/Buy-Diazepam-10-mg.jpg","type":"image\/jpeg"}],"twitter_card":"summary_large_image","twitter_misc":{"Est. reading time":"1 minutt"},"schema":{"@context":"https:\/\/schema.org","@graph":[{"@type":"WebPage","@id":"https:\/\/medicinasinc.com\/no\/product\/kjop-diazepam-10-mg\/","url":"https:\/\/medicinasinc.com\/no\/product\/kjop-diazepam-10-mg\/","name":"Kj\u00f8p Diazepam 10 mg - Beste beste globale medisiner","isPartOf":{"@id":"https:\/\/medicinasinc.com\/no\/#website"},"primaryImageOfPage":{"@id":"https:\/\/medicinasinc.com\/no\/product\/kjop-diazepam-10-mg\/#primaryimage"},"image":{"@id":"https:\/\/medicinasinc.com\/no\/product\/kjop-diazepam-10-mg\/#primaryimage"},"thumbnailUrl":"https:\/\/medicinasinc.com\/no\/wp-content\/uploads\/sites\/14\/2022\/02\/Buy-Diazepam-10-mg.jpg","datePublished":"2022-02-20T21:07:35+00:00","dateModified":"2022-03-22T01:00:20+00:00","description":"Kj\u00f8p Diazepam 10 mg til salgs Storbritannia, Europa online til den beste prisen. bestglobalmeds.com er et p\u00e5litelig nettapotek med lovlige legemidler. Bestill online og trygg tid og penger.","breadcrumb":{"@id":"https:\/\/medicinasinc.com\/no\/product\/kjop-diazepam-10-mg\/#breadcrumb"},"inLanguage":"nn-NO","potentialAction":[{"@type":"ReadAction","target":["https:\/\/medicinasinc.com\/no\/product\/kjop-diazepam-10-mg\/"]}]},{"@type":"ImageObject","inLanguage":"nn-NO","@id":"https:\/\/medicinasinc.com\/no\/product\/kjop-diazepam-10-mg\/#primaryimage","url":"https:\/\/medicinasinc.com\/no\/wp-content\/uploads\/sites\/14\/2022\/02\/Buy-Diazepam-10-mg.jpg","contentUrl":"https:\/\/medicinasinc.com\/no\/wp-content\/uploads\/sites\/14\/2022\/02\/Buy-Diazepam-10-mg.jpg","width":400,"height":400},{"@type":"BreadcrumbList","@id":"https:\/\/medicinasinc.com\/no\/product\/kjop-diazepam-10-mg\/#breadcrumb","itemListElement":[{"@type":"ListItem","position":1,"name":"Butikk","item":"https:\/\/medicinasinc.com\/no\/butikk\/"},{"@type":"ListItem","position":2,"name":"Kj\u00f8p Diazepam 10 mg"}]},{"@type":"WebSite","@id":"https:\/\/medicinasinc.com\/no\/#website","url":"https:\/\/medicinasinc.com\/no\/","name":"Medicinas Inc","description":"Helsemedisinsk klinikk","potentialAction":[{"@type":"SearchAction","target":{"@type":"EntryPoint","urlTemplate":"https:\/\/medicinasinc.com\/no\/?s={search_term_string}"},"query-input":{"@type":"PropertyValueSpecification","valueRequired":true,"valueName":"search_term_string"}}],"inLanguage":"nn-NO"}]}},"_links":{"self":[{"href":"https:\/\/medicinasinc.com\/no\/wp-json\/wp\/v2\/product\/5151","targetHints":{"allow":["GET"]}}],"collection":[{"href":"https:\/\/medicinasinc.com\/no\/wp-json\/wp\/v2\/product"}],"about":[{"href":"https:\/\/medicinasinc.com\/no\/wp-json\/wp\/v2\/types\/product"}],"replies":[{"embeddable":true,"href":"https:\/\/medicinasinc.com\/no\/wp-json\/wp\/v2\/comments?post=5151"}],"wp:featuredmedia":[{"embeddable":true,"href":"https:\/\/medicinasinc.com\/no\/wp-json\/wp\/v2\/media\/5170"}],"wp:attachment":[{"href":"https:\/\/medicinasinc.com\/no\/wp-json\/wp\/v2\/media?parent=5151"}],"wp:term":[{"taxonomy":"product_brand","embeddable":true,"href":"https:\/\/medicinasinc.com\/no\/wp-json\/wp\/v2\/product_brand?post=5151"},{"taxonomy":"product_cat","embeddable":true,"href":"https:\/\/medicinasinc.com\/no\/wp-json\/wp\/v2\/product_cat?post=5151"},{"taxonomy":"product_tag","embeddable":true,"href":"https:\/\/medicinasinc.com\/no\/wp-json\/wp\/v2\/product_tag?post=5151"}],"curies":[{"name":"wp","href":"https:\/\/api.w.org\/{rel}","templated":true}]}}