{"id":5149,"date":"2022-02-20T21:05:49","date_gmt":"2022-02-20T21:05:49","guid":{"rendered":"https:\/\/medicinasinc.com\/no\/?post_type=product&#038;p=5149"},"modified":"2022-03-22T01:00:49","modified_gmt":"2022-03-22T01:00:49","slug":"kjop-kodein-sulfat-30-mg","status":"publish","type":"product","link":"https:\/\/medicinasinc.com\/no\/product\/kjop-kodein-sulfat-30-mg\/","title":{"rendered":"Kj\u00f8p kodeinsulfat 30 mg"},"content":{"rendered":"<p>kj\u00f8p p\u00e5 nett av 30 mg kodeinfosfat<\/p>\n<p>Kodein\u00a0(fosfat)\u00a030 mg\u00a0piller\/tabletter:<\/p>\n<p>Kodein\u00a0(fosfat) kurerer smerte eller hoste. Dette stoffet er et hoste- og smertestillende middel i ett, og er narkotisk smertestillende.<\/p>\n<p>Du kan kj\u00f8pe kodeinfosfat 30 mg p\u00e5 internett og f\u00e5 det levert over natten p\u00e5 d\u00f8ren via FedEx, uten resept, som s\u00e5 lenge du er i USA.<\/p>\n<p>Kodeinfosfat 30 mg er tilgjengelig for kj\u00f8p p\u00e5 nettet, med rask, sikker og sporbar levering for alle kj\u00f8p. N\u00e5 er tiden inne for \u00e5 kj\u00f8pe kodeinfosfat p\u00e5 nettet.<\/p>\n<p>Tabletter med kodeinfosfat (30 mg). Kodein er et kraftig smertestillende middel som kun kan f\u00e5s p\u00e5 resept fra lege. Et potent opiat og narkotisk middel som fungerer bra. Bestill\u00a0..<\/p>\n<p>beroligende midler selges reseptfritt. For tiden p\u00e5 markedet. Kodein er et smertestillende middel som kan brukes til \u00e5 behandle eller forebygge moderat til alvorlig ubehag. Det kan ogs\u00e5 brukes til \u00e5 behandle en rekke plager. Kodein er tilgjengelig uten resept til en sv\u00e6rt rimelig pris p\u00e5 nettet.<\/p>\n","protected":false},"excerpt":{"rendered":"<p>Kodein\u00a0(fosfat)\u00a030 mg\u00a0piller\/tabletter: Kodein (fosfat) brukes til \u00e5 lindre hoste og smerte. Dette stoffet er et hoste- og smertestillende middel i ett, og er narkotisk smertestillende.<\/p>\n<p>Du kan kj\u00f8pe kodeinfosfat\u00a030 mg p\u00e5 internett og f\u00e5 det levert over natten p\u00e5 d\u00f8ren via FedEx, uten resept, som s\u00e5 lenge du er i USA.<\/p>\n<p>Kodeinfosfat 30 mg er tilgjengelig for kj\u00f8p p\u00e5 nettet, med rask, sikker og sporbar levering for alle kj\u00f8p. N\u00e5 er tiden inne for \u00e5 kj\u00f8pe kodeinfosfat p\u00e5 nettet.<\/p>\n<p>Tabletter med kodeinfosfat (30 mg). Kodein er et kraftig smertestillende middel som kun kan f\u00e5s etter resept fra lege. Et potent opiat og narkotisk middel som fungerer bra. Bestill\u00a0..<\/p>\n<p>beroligende midler selges reseptfritt. For tiden p\u00e5 markedet. Kodein er et smertestillende middel som kan brukes til \u00e5 behandle eller forebygge moderat til alvorlig ubehag. Det kan ogs\u00e5 brukes til \u00e5 behandle en rekke plager. Kodein er tilgjengelig uten resept til en sv\u00e6rt rimelig pris p\u00e5 nettet.<\/p>\n","protected":false},"featured_media":5166,"comment_status":"open","ping_status":"closed","template":"","meta":[],"product_brand":[],"product_cat":[1117],"product_tag":[],"class_list":{"0":"post-5149","1":"product","2":"type-product","3":"status-publish","4":"has-post-thumbnail","6":"product_cat-kjop-smerte-sove-sexpiller","8":"first","9":"instock","10":"shipping-taxable","11":"purchasable","12":"product-type-variable","13":"has-default-attributes"},"yoast_head":"<!-- This site is optimized with the Yoast SEO plugin v27.3 - https:\/\/yoast.com\/product\/yoast-seo-wordpress\/ -->\n<title>Kj\u00f8p Codeine Sulfate 30 mg - Beste beste globale medisiner<\/title>\n<meta name=\"description\" content=\"Kj\u00f8p kodeinsulfat 30 mg p\u00e5 nettet, frakt over natten, merkede medisiner, levering via FedEx, DPD Ingen resepter n\u00f8dvendig, levering i USA, Storbritannia, Europa.\" \/>\n<meta name=\"robots\" content=\"index, follow, max-snippet:-1, max-image-preview:large, max-video-preview:-1\" \/>\n<link rel=\"canonical\" href=\"https:\/\/medicinasinc.com\/no\/product\/kjop-kodein-sulfat-30-mg\/\" \/>\n<meta property=\"og:locale\" content=\"nn_NO\" \/>\n<meta property=\"og:type\" content=\"article\" \/>\n<meta property=\"og:title\" content=\"Kj\u00f8p Codeine Sulfate 30 mg - Beste beste globale medisiner\" \/>\n<meta property=\"og:description\" content=\"Kj\u00f8p kodeinsulfat 30 mg p\u00e5 nettet, frakt over natten, merkede medisiner, levering via FedEx, DPD Ingen resepter n\u00f8dvendig, levering i USA, Storbritannia, Europa.\" \/>\n<meta property=\"og:url\" content=\"https:\/\/medicinasinc.com\/no\/product\/kjop-kodein-sulfat-30-mg\/\" \/>\n<meta property=\"og:site_name\" content=\"Medicinas Inc\" \/>\n<meta property=\"article:modified_time\" content=\"2022-03-22T01:00:49+00:00\" \/>\n<meta property=\"og:image\" content=\"https:\/\/medicinasinc.com\/no\/wp-content\/uploads\/sites\/14\/2022\/02\/buy-codeine-sulfate-30mg-online.jpg\" \/>\n\t<meta property=\"og:image:width\" content=\"600\" \/>\n\t<meta property=\"og:image:height\" content=\"600\" \/>\n\t<meta property=\"og:image:type\" content=\"image\/jpeg\" \/>\n<meta name=\"twitter:card\" content=\"summary_large_image\" \/>\n<meta name=\"twitter:label1\" content=\"Est. reading time\" \/>\n\t<meta name=\"twitter:data1\" content=\"1 minutt\" \/>\n<script type=\"application\/ld+json\" class=\"yoast-schema-graph\">{\"@context\":\"https:\\\/\\\/schema.org\",\"@graph\":[{\"@type\":\"WebPage\",\"@id\":\"https:\\\/\\\/medicinasinc.com\\\/no\\\/product\\\/kjop-kodein-sulfat-30-mg\\\/\",\"url\":\"https:\\\/\\\/medicinasinc.com\\\/no\\\/product\\\/kjop-kodein-sulfat-30-mg\\\/\",\"name\":\"Kj\u00f8p Codeine Sulfate 30 mg - Beste beste globale medisiner\",\"isPartOf\":{\"@id\":\"https:\\\/\\\/medicinasinc.com\\\/no\\\/#website\"},\"primaryImageOfPage\":{\"@id\":\"https:\\\/\\\/medicinasinc.com\\\/no\\\/product\\\/kjop-kodein-sulfat-30-mg\\\/#primaryimage\"},\"image\":{\"@id\":\"https:\\\/\\\/medicinasinc.com\\\/no\\\/product\\\/kjop-kodein-sulfat-30-mg\\\/#primaryimage\"},\"thumbnailUrl\":\"https:\\\/\\\/medicinasinc.com\\\/no\\\/wp-content\\\/uploads\\\/sites\\\/14\\\/2022\\\/02\\\/buy-codeine-sulfate-30mg-online.jpg\",\"datePublished\":\"2022-02-20T21:05:49+00:00\",\"dateModified\":\"2022-03-22T01:00:49+00:00\",\"description\":\"Kj\u00f8p kodeinsulfat 30 mg p\u00e5 nettet, frakt over natten, merkede medisiner, levering via FedEx, DPD Ingen resepter n\u00f8dvendig, levering i USA, Storbritannia, Europa.\",\"breadcrumb\":{\"@id\":\"https:\\\/\\\/medicinasinc.com\\\/no\\\/product\\\/kjop-kodein-sulfat-30-mg\\\/#breadcrumb\"},\"inLanguage\":\"nn-NO\",\"potentialAction\":[{\"@type\":\"ReadAction\",\"target\":[\"https:\\\/\\\/medicinasinc.com\\\/no\\\/product\\\/kjop-kodein-sulfat-30-mg\\\/\"]}]},{\"@type\":\"ImageObject\",\"inLanguage\":\"nn-NO\",\"@id\":\"https:\\\/\\\/medicinasinc.com\\\/no\\\/product\\\/kjop-kodein-sulfat-30-mg\\\/#primaryimage\",\"url\":\"https:\\\/\\\/medicinasinc.com\\\/no\\\/wp-content\\\/uploads\\\/sites\\\/14\\\/2022\\\/02\\\/buy-codeine-sulfate-30mg-online.jpg\",\"contentUrl\":\"https:\\\/\\\/medicinasinc.com\\\/no\\\/wp-content\\\/uploads\\\/sites\\\/14\\\/2022\\\/02\\\/buy-codeine-sulfate-30mg-online.jpg\",\"width\":600,\"height\":600},{\"@type\":\"BreadcrumbList\",\"@id\":\"https:\\\/\\\/medicinasinc.com\\\/no\\\/product\\\/kjop-kodein-sulfat-30-mg\\\/#breadcrumb\",\"itemListElement\":[{\"@type\":\"ListItem\",\"position\":1,\"name\":\"Butikk\",\"item\":\"https:\\\/\\\/medicinasinc.com\\\/no\\\/butikk\\\/\"},{\"@type\":\"ListItem\",\"position\":2,\"name\":\"Kj\u00f8p kodeinsulfat 30 mg\"}]},{\"@type\":\"WebSite\",\"@id\":\"https:\\\/\\\/medicinasinc.com\\\/no\\\/#website\",\"url\":\"https:\\\/\\\/medicinasinc.com\\\/no\\\/\",\"name\":\"Medicinas Inc\",\"description\":\"Helsemedisinsk klinikk\",\"potentialAction\":[{\"@type\":\"SearchAction\",\"target\":{\"@type\":\"EntryPoint\",\"urlTemplate\":\"https:\\\/\\\/medicinasinc.com\\\/no\\\/?s={search_term_string}\"},\"query-input\":{\"@type\":\"PropertyValueSpecification\",\"valueRequired\":true,\"valueName\":\"search_term_string\"}}],\"inLanguage\":\"nn-NO\"}]}<\/script>\n<!-- \/ Yoast SEO plugin. -->","yoast_head_json":{"title":"Kj\u00f8p Codeine Sulfate 30 mg - Beste beste globale medisiner","description":"Kj\u00f8p kodeinsulfat 30 mg p\u00e5 nettet, frakt over natten, merkede medisiner, levering via FedEx, DPD Ingen resepter n\u00f8dvendig, levering i USA, Storbritannia, Europa.","robots":{"index":"index","follow":"follow","max-snippet":"max-snippet:-1","max-image-preview":"max-image-preview:large","max-video-preview":"max-video-preview:-1"},"canonical":"https:\/\/medicinasinc.com\/no\/product\/kjop-kodein-sulfat-30-mg\/","og_locale":"nn_NO","og_type":"article","og_title":"Kj\u00f8p Codeine Sulfate 30 mg - Beste beste globale medisiner","og_description":"Kj\u00f8p kodeinsulfat 30 mg p\u00e5 nettet, frakt over natten, merkede medisiner, levering via FedEx, DPD Ingen resepter n\u00f8dvendig, levering i USA, Storbritannia, Europa.","og_url":"https:\/\/medicinasinc.com\/no\/product\/kjop-kodein-sulfat-30-mg\/","og_site_name":"Medicinas Inc","article_modified_time":"2022-03-22T01:00:49+00:00","og_image":[{"width":600,"height":600,"url":"https:\/\/medicinasinc.com\/no\/wp-content\/uploads\/sites\/14\/2022\/02\/buy-codeine-sulfate-30mg-online.jpg","type":"image\/jpeg"}],"twitter_card":"summary_large_image","twitter_misc":{"Est. reading time":"1 minutt"},"schema":{"@context":"https:\/\/schema.org","@graph":[{"@type":"WebPage","@id":"https:\/\/medicinasinc.com\/no\/product\/kjop-kodein-sulfat-30-mg\/","url":"https:\/\/medicinasinc.com\/no\/product\/kjop-kodein-sulfat-30-mg\/","name":"Kj\u00f8p Codeine Sulfate 30 mg - Beste beste globale medisiner","isPartOf":{"@id":"https:\/\/medicinasinc.com\/no\/#website"},"primaryImageOfPage":{"@id":"https:\/\/medicinasinc.com\/no\/product\/kjop-kodein-sulfat-30-mg\/#primaryimage"},"image":{"@id":"https:\/\/medicinasinc.com\/no\/product\/kjop-kodein-sulfat-30-mg\/#primaryimage"},"thumbnailUrl":"https:\/\/medicinasinc.com\/no\/wp-content\/uploads\/sites\/14\/2022\/02\/buy-codeine-sulfate-30mg-online.jpg","datePublished":"2022-02-20T21:05:49+00:00","dateModified":"2022-03-22T01:00:49+00:00","description":"Kj\u00f8p kodeinsulfat 30 mg p\u00e5 nettet, frakt over natten, merkede medisiner, levering via FedEx, DPD Ingen resepter n\u00f8dvendig, levering i USA, Storbritannia, Europa.","breadcrumb":{"@id":"https:\/\/medicinasinc.com\/no\/product\/kjop-kodein-sulfat-30-mg\/#breadcrumb"},"inLanguage":"nn-NO","potentialAction":[{"@type":"ReadAction","target":["https:\/\/medicinasinc.com\/no\/product\/kjop-kodein-sulfat-30-mg\/"]}]},{"@type":"ImageObject","inLanguage":"nn-NO","@id":"https:\/\/medicinasinc.com\/no\/product\/kjop-kodein-sulfat-30-mg\/#primaryimage","url":"https:\/\/medicinasinc.com\/no\/wp-content\/uploads\/sites\/14\/2022\/02\/buy-codeine-sulfate-30mg-online.jpg","contentUrl":"https:\/\/medicinasinc.com\/no\/wp-content\/uploads\/sites\/14\/2022\/02\/buy-codeine-sulfate-30mg-online.jpg","width":600,"height":600},{"@type":"BreadcrumbList","@id":"https:\/\/medicinasinc.com\/no\/product\/kjop-kodein-sulfat-30-mg\/#breadcrumb","itemListElement":[{"@type":"ListItem","position":1,"name":"Butikk","item":"https:\/\/medicinasinc.com\/no\/butikk\/"},{"@type":"ListItem","position":2,"name":"Kj\u00f8p kodeinsulfat 30 mg"}]},{"@type":"WebSite","@id":"https:\/\/medicinasinc.com\/no\/#website","url":"https:\/\/medicinasinc.com\/no\/","name":"Medicinas Inc","description":"Helsemedisinsk klinikk","potentialAction":[{"@type":"SearchAction","target":{"@type":"EntryPoint","urlTemplate":"https:\/\/medicinasinc.com\/no\/?s={search_term_string}"},"query-input":{"@type":"PropertyValueSpecification","valueRequired":true,"valueName":"search_term_string"}}],"inLanguage":"nn-NO"}]}},"_links":{"self":[{"href":"https:\/\/medicinasinc.com\/no\/wp-json\/wp\/v2\/product\/5149","targetHints":{"allow":["GET"]}}],"collection":[{"href":"https:\/\/medicinasinc.com\/no\/wp-json\/wp\/v2\/product"}],"about":[{"href":"https:\/\/medicinasinc.com\/no\/wp-json\/wp\/v2\/types\/product"}],"replies":[{"embeddable":true,"href":"https:\/\/medicinasinc.com\/no\/wp-json\/wp\/v2\/comments?post=5149"}],"wp:featuredmedia":[{"embeddable":true,"href":"https:\/\/medicinasinc.com\/no\/wp-json\/wp\/v2\/media\/5166"}],"wp:attachment":[{"href":"https:\/\/medicinasinc.com\/no\/wp-json\/wp\/v2\/media?parent=5149"}],"wp:term":[{"taxonomy":"product_brand","embeddable":true,"href":"https:\/\/medicinasinc.com\/no\/wp-json\/wp\/v2\/product_brand?post=5149"},{"taxonomy":"product_cat","embeddable":true,"href":"https:\/\/medicinasinc.com\/no\/wp-json\/wp\/v2\/product_cat?post=5149"},{"taxonomy":"product_tag","embeddable":true,"href":"https:\/\/medicinasinc.com\/no\/wp-json\/wp\/v2\/product_tag?post=5149"}],"curies":[{"name":"wp","href":"https:\/\/api.w.org\/{rel}","templated":true}]}}