{"id":5148,"date":"2022-02-20T21:04:44","date_gmt":"2022-02-20T21:04:44","guid":{"rendered":"https:\/\/medicinasinc.com\/no\/?post_type=product&#038;p=5148"},"modified":"2022-03-22T01:00:57","modified_gmt":"2022-03-22T01:00:57","slug":"kjop-bunex-0-2mg-buprenorfin","status":"publish","type":"product","link":"https:\/\/medicinasinc.com\/no\/product\/kjop-bunex-0-2mg-buprenorfin\/","title":{"rendered":"Kj\u00f8p Bunex 0,2 mg (buprenorfin)"},"content":{"rendered":"<p>Bunex Buprenorfin-piller kan kj\u00f8pes over internett.<\/p>\n<p>Hvor kan jeg f\u00e5 Buprenorfin? Hvor kan jeg f\u00e5 buprenorfin i resept?<\/p>\n<p>Det er et halvsyntetisk smertestillende middel utviklet fra den naturlig forekommende opiumsvalmuens kjemiske forbindelser. Opiumsvalmuen er kilden til kjemikaliet tebain, som brukes til \u00e5 lage buprenorfin. Fordi buprenorfin er semisyntetisk, er det et syntetisk opioid. Alle legemidler som stammer fra opiumsvalmuen omtales som opioider i det medisinske milj\u00f8et. Opioider er blant de mest effektive smertestillende som er tilgjengelige, med effekter som mye oppveier effekten av de fleste andre legemidler.<\/p>\n<p>I hvilken forstand virker stoffet Buprenorfin? Hvor kan du kj\u00f8pe buprenorfin<\/p>\n<p>Etter \u00e5 ha blitt absorbert i blodet har buprenorfin en effekt p\u00e5 nervesystemet. Dette skjer n\u00e5r buprenorfin kommer inn i hjernen, hvor det blokkerer nerveendene som overf\u00f8rer smerte. Buprenorfin adresserer ikke den underliggende \u00e5rsaken til pasientens ubehag; snarere reduserer det deres oppfatning av det, slik at de kan slappe av.<\/p>\n<p>Folk f\u00e5r regelmessig foreskrevet buprenorfin. Smerter fra muskelspasmer er den vanligste grunnen til at folk tar buprenorfin. Hvis du noen gang opplever en spasme, b\u00f8r du vurdere \u00e5 kj\u00f8pe buprenorfin for \u00e5 se om det kan hjelpe deg med \u00e5 takle ubehaget.<br \/> Pasienter som har gjennomg\u00e5tt kirurgi eller som takler brudd f\u00e5r vanligvis buprenorfin foreskrevet av leger. Buprenorfin hjelper disse personene med \u00e5 h\u00e5ndtere smerter til de har helbredet fra den underliggende kilden til ubehag.<\/p>\n<p>I hvilken forstand virker stoffet Buprenorfin? Hvor kan man kj\u00f8pe buprenorfin<\/p>\n<p>En persons niv\u00e5 av ubehag og mental styrke p\u00e5virker i stor grad doseringen av buprenorfin. Vanligvis b\u00f8r en lav dose p\u00e5 8 mg pr\u00f8ves f\u00f8rst, og hvis det ikke virker b\u00f8r en h\u00f8yere dose p\u00e5 16 mg pr\u00f8ves. Buprenorfin kan \u00f8kes til 24 mg selv om 16 mg er ineffektivt. Generelt, hvis du planlegger \u00e5 kj\u00f8pe buprenorfin online uten resept, ikke g\u00e5 utover denne anbefalte dosen.<\/p>\n<p>I hvilken forstand virker stoffet Buprenorfin? Hvor kan du kj\u00f8pe buprenorfin<\/p>\n<p>For gravide kvinner er ikke buprenorfin en passende behandling fordi det har en betydelig innvirkning p\u00e5 kvinners reproduktive systemer. \u00c5 ta buprenorfin kan v\u00e6re farlig for noen mennesker som er f\u00f8lsomme for opioider. P\u00e5 grunn av farene ved \u00e5 bruke buprenorfin til kreftpasienter, b\u00f8r de konsultere en lege f\u00f8r de kj\u00f8per buprenorfin p\u00e5 nettet.<\/p>\n<p>I tillegg til d\u00f8sighet, latskap, svimmelhet, hodepine og kvalme, kan buprenorfin for\u00e5rsake en rekke andre bivirkninger . I tillegg til dette kan noen mennesker oppleve en endring i ber\u00f8ringssansen, i s\u00e5 fall b\u00f8r de opps\u00f8ke lege.<\/p>\n<p>The Action Of Buprenorphine<br \/> Buprenorphines applikasjoner<br \/> U\u00f8nskede reaksjoner p\u00e5 Buprenorfin Symptomer p\u00e5 buprenorfinavhengighet<\/p>\n","protected":false},"excerpt":{"rendered":"<p>Kj\u00f8p Bunex 0.2mg (Buprenorphine) for salg UK, EU online fra Bestglobalmeds.com.com apotek til billige og rimelige priser med trygg og rask frakt<\/p>\n<p>Kj\u00f8p Bunex 0.2mg (Buprenorphine) online &#8211; Fra Bestglobalmeds.com.com nettapotek til billige og rimelige priser med trygg og rask frakt.Kontakt oss p\u00e5 info@bestglobalmeds.com<\/p>\n<p>Kj\u00f8p Bunex 0,2mg (Buprenorphine) online<\/p>\n<p>Bunex 0,2 mg (buprenorfin) priser p\u00e5 nett<\/p>\n<p>Bunex 0,2mg (buprenorfin) priser<\/p>\n<p>&nbsp;<\/p>\n<p>kj\u00f8p Bunex 0,2mg (buprenorfin)<\/p>\n","protected":false},"featured_media":5164,"comment_status":"open","ping_status":"closed","template":"","meta":[],"product_brand":[],"product_cat":[1117],"product_tag":[1240,1237,1238,1239,1241,1242,1243,1245,1244,1246],"class_list":{"0":"post-5148","1":"product","2":"type-product","3":"status-publish","4":"has-post-thumbnail","6":"product_cat-kjop-smerte-sove-sexpiller","7":"product_tag-bunex-buprenorphine-0-2mg-by-safe-pharma","8":"product_tag-bunex-buprenorfin-0-20mg","9":"product_tag-bunex-buprenorfin-0-20mg-og-steroider","10":"product_tag-bunex-buprenorphine-0-20mg-online","11":"product_tag-bunex-buprenorfin-8mg","12":"product_tag-bunex-buprenorfin-online","13":"product_tag-bunex-buprenorfin","14":"product_tag-cbt-pharmaceuticals-shop-pain-killers-bunex-buprenorphine-20-mg","15":"product_tag-kjp-buprenorfin-bunex-0-20mg","16":"product_tag-tramapartramadol-hcl-paracetamol-pris-3-kjp-online-bunexbuprenorfin","18":"first","19":"instock","20":"shipping-taxable","21":"purchasable","22":"product-type-variable","23":"has-default-attributes"},"yoast_head":"<!-- This site is optimized with the Yoast SEO plugin v27.3 - https:\/\/yoast.com\/product\/yoast-seo-wordpress\/ -->\n<title>Kj\u00f8p Bunex 0,2mg (Buprenorphine) - Researchem<\/title>\n<meta name=\"description\" content=\"Kj\u00f8p Bunex 0.2mg (Buprenorphine) for salg UK, EU online fra Bestglobalmeds.com.com apotek til billige og rimelige priser med trygg og rask frakt\" \/>\n<meta name=\"robots\" content=\"index, follow, max-snippet:-1, max-image-preview:large, max-video-preview:-1\" \/>\n<link rel=\"canonical\" href=\"https:\/\/medicinasinc.com\/no\/product\/kjop-bunex-0-2mg-buprenorfin\/\" \/>\n<meta property=\"og:locale\" content=\"nn_NO\" \/>\n<meta property=\"og:type\" content=\"article\" \/>\n<meta property=\"og:title\" content=\"Kj\u00f8p Bunex 0,2mg (Buprenorphine) - Researchem\" \/>\n<meta property=\"og:description\" content=\"Kj\u00f8p Bunex 0.2mg (Buprenorphine) for salg UK, EU online fra Bestglobalmeds.com.com apotek til billige og rimelige priser med trygg og rask frakt\" \/>\n<meta property=\"og:url\" content=\"https:\/\/medicinasinc.com\/no\/product\/kjop-bunex-0-2mg-buprenorfin\/\" \/>\n<meta property=\"og:site_name\" content=\"Medicinas Inc\" \/>\n<meta property=\"article:modified_time\" content=\"2022-03-22T01:00:57+00:00\" \/>\n<meta property=\"og:image\" content=\"https:\/\/medicinasinc.com\/no\/wp-content\/uploads\/sites\/14\/2022\/02\/Buy-Bunex-0.2mg.jpg\" \/>\n\t<meta property=\"og:image:width\" content=\"600\" \/>\n\t<meta property=\"og:image:height\" content=\"600\" \/>\n\t<meta property=\"og:image:type\" content=\"image\/jpeg\" \/>\n<meta name=\"twitter:card\" content=\"summary_large_image\" \/>\n<meta name=\"twitter:label1\" content=\"Est. reading time\" \/>\n\t<meta name=\"twitter:data1\" content=\"2 minutt\" \/>\n<script type=\"application\/ld+json\" class=\"yoast-schema-graph\">{\"@context\":\"https:\\\/\\\/schema.org\",\"@graph\":[{\"@type\":\"WebPage\",\"@id\":\"https:\\\/\\\/medicinasinc.com\\\/no\\\/product\\\/kjop-bunex-0-2mg-buprenorfin\\\/\",\"url\":\"https:\\\/\\\/medicinasinc.com\\\/no\\\/product\\\/kjop-bunex-0-2mg-buprenorfin\\\/\",\"name\":\"Kj\u00f8p Bunex 0,2mg (Buprenorphine) - Researchem\",\"isPartOf\":{\"@id\":\"https:\\\/\\\/medicinasinc.com\\\/no\\\/#website\"},\"primaryImageOfPage\":{\"@id\":\"https:\\\/\\\/medicinasinc.com\\\/no\\\/product\\\/kjop-bunex-0-2mg-buprenorfin\\\/#primaryimage\"},\"image\":{\"@id\":\"https:\\\/\\\/medicinasinc.com\\\/no\\\/product\\\/kjop-bunex-0-2mg-buprenorfin\\\/#primaryimage\"},\"thumbnailUrl\":\"https:\\\/\\\/medicinasinc.com\\\/no\\\/wp-content\\\/uploads\\\/sites\\\/14\\\/2022\\\/02\\\/Buy-Bunex-0.2mg.jpg\",\"datePublished\":\"2022-02-20T21:04:44+00:00\",\"dateModified\":\"2022-03-22T01:00:57+00:00\",\"description\":\"Kj\u00f8p Bunex 0.2mg (Buprenorphine) for salg UK, EU online fra Bestglobalmeds.com.com apotek til billige og rimelige priser med trygg og rask frakt\",\"breadcrumb\":{\"@id\":\"https:\\\/\\\/medicinasinc.com\\\/no\\\/product\\\/kjop-bunex-0-2mg-buprenorfin\\\/#breadcrumb\"},\"inLanguage\":\"nn-NO\",\"potentialAction\":[{\"@type\":\"ReadAction\",\"target\":[\"https:\\\/\\\/medicinasinc.com\\\/no\\\/product\\\/kjop-bunex-0-2mg-buprenorfin\\\/\"]}]},{\"@type\":\"ImageObject\",\"inLanguage\":\"nn-NO\",\"@id\":\"https:\\\/\\\/medicinasinc.com\\\/no\\\/product\\\/kjop-bunex-0-2mg-buprenorfin\\\/#primaryimage\",\"url\":\"https:\\\/\\\/medicinasinc.com\\\/no\\\/wp-content\\\/uploads\\\/sites\\\/14\\\/2022\\\/02\\\/Buy-Bunex-0.2mg.jpg\",\"contentUrl\":\"https:\\\/\\\/medicinasinc.com\\\/no\\\/wp-content\\\/uploads\\\/sites\\\/14\\\/2022\\\/02\\\/Buy-Bunex-0.2mg.jpg\",\"width\":600,\"height\":600},{\"@type\":\"BreadcrumbList\",\"@id\":\"https:\\\/\\\/medicinasinc.com\\\/no\\\/product\\\/kjop-bunex-0-2mg-buprenorfin\\\/#breadcrumb\",\"itemListElement\":[{\"@type\":\"ListItem\",\"position\":1,\"name\":\"Butikk\",\"item\":\"https:\\\/\\\/medicinasinc.com\\\/no\\\/butikk\\\/\"},{\"@type\":\"ListItem\",\"position\":2,\"name\":\"Kj\u00f8p Bunex 0,2 mg (buprenorfin)\"}]},{\"@type\":\"WebSite\",\"@id\":\"https:\\\/\\\/medicinasinc.com\\\/no\\\/#website\",\"url\":\"https:\\\/\\\/medicinasinc.com\\\/no\\\/\",\"name\":\"Medicinas Inc\",\"description\":\"Helsemedisinsk klinikk\",\"potentialAction\":[{\"@type\":\"SearchAction\",\"target\":{\"@type\":\"EntryPoint\",\"urlTemplate\":\"https:\\\/\\\/medicinasinc.com\\\/no\\\/?s={search_term_string}\"},\"query-input\":{\"@type\":\"PropertyValueSpecification\",\"valueRequired\":true,\"valueName\":\"search_term_string\"}}],\"inLanguage\":\"nn-NO\"}]}<\/script>\n<!-- \/ Yoast SEO plugin. -->","yoast_head_json":{"title":"Kj\u00f8p Bunex 0,2mg (Buprenorphine) - Researchem","description":"Kj\u00f8p Bunex 0.2mg (Buprenorphine) for salg UK, EU online fra Bestglobalmeds.com.com apotek til billige og rimelige priser med trygg og rask frakt","robots":{"index":"index","follow":"follow","max-snippet":"max-snippet:-1","max-image-preview":"max-image-preview:large","max-video-preview":"max-video-preview:-1"},"canonical":"https:\/\/medicinasinc.com\/no\/product\/kjop-bunex-0-2mg-buprenorfin\/","og_locale":"nn_NO","og_type":"article","og_title":"Kj\u00f8p Bunex 0,2mg (Buprenorphine) - Researchem","og_description":"Kj\u00f8p Bunex 0.2mg (Buprenorphine) for salg UK, EU online fra Bestglobalmeds.com.com apotek til billige og rimelige priser med trygg og rask frakt","og_url":"https:\/\/medicinasinc.com\/no\/product\/kjop-bunex-0-2mg-buprenorfin\/","og_site_name":"Medicinas Inc","article_modified_time":"2022-03-22T01:00:57+00:00","og_image":[{"width":600,"height":600,"url":"https:\/\/medicinasinc.com\/no\/wp-content\/uploads\/sites\/14\/2022\/02\/Buy-Bunex-0.2mg.jpg","type":"image\/jpeg"}],"twitter_card":"summary_large_image","twitter_misc":{"Est. reading time":"2 minutt"},"schema":{"@context":"https:\/\/schema.org","@graph":[{"@type":"WebPage","@id":"https:\/\/medicinasinc.com\/no\/product\/kjop-bunex-0-2mg-buprenorfin\/","url":"https:\/\/medicinasinc.com\/no\/product\/kjop-bunex-0-2mg-buprenorfin\/","name":"Kj\u00f8p Bunex 0,2mg (Buprenorphine) - Researchem","isPartOf":{"@id":"https:\/\/medicinasinc.com\/no\/#website"},"primaryImageOfPage":{"@id":"https:\/\/medicinasinc.com\/no\/product\/kjop-bunex-0-2mg-buprenorfin\/#primaryimage"},"image":{"@id":"https:\/\/medicinasinc.com\/no\/product\/kjop-bunex-0-2mg-buprenorfin\/#primaryimage"},"thumbnailUrl":"https:\/\/medicinasinc.com\/no\/wp-content\/uploads\/sites\/14\/2022\/02\/Buy-Bunex-0.2mg.jpg","datePublished":"2022-02-20T21:04:44+00:00","dateModified":"2022-03-22T01:00:57+00:00","description":"Kj\u00f8p Bunex 0.2mg (Buprenorphine) for salg UK, EU online fra Bestglobalmeds.com.com apotek til billige og rimelige priser med trygg og rask frakt","breadcrumb":{"@id":"https:\/\/medicinasinc.com\/no\/product\/kjop-bunex-0-2mg-buprenorfin\/#breadcrumb"},"inLanguage":"nn-NO","potentialAction":[{"@type":"ReadAction","target":["https:\/\/medicinasinc.com\/no\/product\/kjop-bunex-0-2mg-buprenorfin\/"]}]},{"@type":"ImageObject","inLanguage":"nn-NO","@id":"https:\/\/medicinasinc.com\/no\/product\/kjop-bunex-0-2mg-buprenorfin\/#primaryimage","url":"https:\/\/medicinasinc.com\/no\/wp-content\/uploads\/sites\/14\/2022\/02\/Buy-Bunex-0.2mg.jpg","contentUrl":"https:\/\/medicinasinc.com\/no\/wp-content\/uploads\/sites\/14\/2022\/02\/Buy-Bunex-0.2mg.jpg","width":600,"height":600},{"@type":"BreadcrumbList","@id":"https:\/\/medicinasinc.com\/no\/product\/kjop-bunex-0-2mg-buprenorfin\/#breadcrumb","itemListElement":[{"@type":"ListItem","position":1,"name":"Butikk","item":"https:\/\/medicinasinc.com\/no\/butikk\/"},{"@type":"ListItem","position":2,"name":"Kj\u00f8p Bunex 0,2 mg (buprenorfin)"}]},{"@type":"WebSite","@id":"https:\/\/medicinasinc.com\/no\/#website","url":"https:\/\/medicinasinc.com\/no\/","name":"Medicinas Inc","description":"Helsemedisinsk klinikk","potentialAction":[{"@type":"SearchAction","target":{"@type":"EntryPoint","urlTemplate":"https:\/\/medicinasinc.com\/no\/?s={search_term_string}"},"query-input":{"@type":"PropertyValueSpecification","valueRequired":true,"valueName":"search_term_string"}}],"inLanguage":"nn-NO"}]}},"_links":{"self":[{"href":"https:\/\/medicinasinc.com\/no\/wp-json\/wp\/v2\/product\/5148","targetHints":{"allow":["GET"]}}],"collection":[{"href":"https:\/\/medicinasinc.com\/no\/wp-json\/wp\/v2\/product"}],"about":[{"href":"https:\/\/medicinasinc.com\/no\/wp-json\/wp\/v2\/types\/product"}],"replies":[{"embeddable":true,"href":"https:\/\/medicinasinc.com\/no\/wp-json\/wp\/v2\/comments?post=5148"}],"wp:featuredmedia":[{"embeddable":true,"href":"https:\/\/medicinasinc.com\/no\/wp-json\/wp\/v2\/media\/5164"}],"wp:attachment":[{"href":"https:\/\/medicinasinc.com\/no\/wp-json\/wp\/v2\/media?parent=5148"}],"wp:term":[{"taxonomy":"product_brand","embeddable":true,"href":"https:\/\/medicinasinc.com\/no\/wp-json\/wp\/v2\/product_brand?post=5148"},{"taxonomy":"product_cat","embeddable":true,"href":"https:\/\/medicinasinc.com\/no\/wp-json\/wp\/v2\/product_cat?post=5148"},{"taxonomy":"product_tag","embeddable":true,"href":"https:\/\/medicinasinc.com\/no\/wp-json\/wp\/v2\/product_tag?post=5148"}],"curies":[{"name":"wp","href":"https:\/\/api.w.org\/{rel}","templated":true}]}}