{"id":5125,"date":"2022-02-20T20:43:45","date_gmt":"2022-02-20T20:43:45","guid":{"rendered":"https:\/\/medicinasinc.com\/no\/?post_type=product&#038;p=5125"},"modified":"2022-03-22T01:01:07","modified_gmt":"2022-03-22T01:01:07","slug":"kjop-ativan-0-5mg-1mg-2mg","status":"publish","type":"product","link":"https:\/\/medicinasinc.com\/no\/product\/kjop-ativan-0-5mg-1mg-2mg\/","title":{"rendered":"Kj\u00f8p Ativan 0,5mg, 1mg, 2mg"},"content":{"rendered":"<p>Det beste stedet \u00e5 kj\u00f8pe Ativan er p\u00e5 internett N\u00f8yaktig hva er Lorazepam, og hvordan fungerer det?<br \/> For \u00e5 kj\u00f8pe Ativan online, klikk her. Benzodiazepinene, som lorazepam er medlem av, er en klasse med medisiner. Ved \u00e5 \u00f8ke aktiviteten til bestemte hjernenevrotransmittere, antas lorazepam \u00e5 v\u00e6re effektivt.<\/p>\n<p>For \u00e5 lindre angst og anfall foreskrives lorazepam.<\/p>\n<p>Kj\u00f8pe av lorazepam p\u00e5 internett eller fra en kilde utenfor USA er full av fare. Medisiner som selges og distribueres i andre land enn USA oppfyller ikke FDAs krav om sikker bruk (FDA). Det er mulig at disse pillene ikke kommer fra et lovlig apotek eller inneholder skadelige stoffer.<\/p>\n<p>Les dette n\u00f8ye.<br \/> Hvis du har myasthenia gravis, trangvinklet glaukom, alvorlig respirasjonssvikt eller en allergi mot Valium eller en sammenlignbar medisin, b\u00f8r du unng\u00e5 \u00e5 ta lorazepam.<\/p>\n<p>Medikamentet lorazepam b\u00f8r ikke tas av kvinner som er gravide. N\u00e5r den administreres til en baby, har denne medisinen potensial til \u00e5 indusere alvorlige f\u00f8dselsavvik eller livstruende abstinenssymptomer.<\/p>\n<p>Bare de som f\u00e5r Lorazepam b\u00f8r ta det, da det kan v\u00e6re vanedannende. Narkotikamisbruk kan f\u00f8re til avhengighet, overdose eller d\u00f8d hvis medisinen misbrukes p\u00e5 noen m\u00e5te. Alle med en historie med narkotikamisbruk eller avhengighet b\u00f8r aldri f\u00e5 denne medisinen. S\u00f8rg for at medisinen oppbevares p\u00e5 et trygt sted hvor andre ikke kan f\u00e5 tilgang til det.<\/p>\n<p>Hvis du bruker lorazepam med alkohol, opioider eller andre medisiner som gj\u00f8r deg d\u00f8sig eller senker pusten, kan du oppleve d\u00f8delig bivirkninger.<\/p>\n<p>F\u00f8r du bruker medisiner, vennligst kontakt helsepersonell.<br \/> f\u00f8lgende forhold n\u00f8dvendiggj\u00f8r umiddelbar seponering av behandling med lorazepam<\/p>\n<p>glaukom med en smal vinkel; eller<\/p>\n<p>En historie med benzodiazepinallergier (diazepam, alprazolam, Ativan, Klonopin, Restoril, Tranxene, Valium, Versed, Xanax og andre).<\/p>\n<p>Hvis du har noen av f\u00f8lgende forhold, b\u00f8r du ikke ta lorazepam:<\/p>\n<p>KOLS (kronisk obstruktiv lungesykdom) eller s\u00f8vnapn\u00e9 (pust som stopper mens du sover) er eksempler p\u00e5 pusteproblemer.<\/p>\n<p>avhengighet av narkotika eller alkohol <\/p>\n<p>symptomer p\u00e5 tristhet, d\u00e5rlig hum\u00f8r eller selvmordstanker eller handling<\/p>\n<p>sykdom i nyrene eller leveren<\/p>\n<p>ufrivillige kramper<\/p>\n<p>gr\u00f8nn st\u00e6r. <\/p>\n<p>\u00c5 bruke lorazepam mens du er gravid \u00f8ker risikoen for at barnet ditt blir avhengig av medisinen. Etter f\u00f8dselen kan den nyf\u00f8dte f\u00e5 livstruende abstinenssymptomer som f\u00f8lge av dette. Medisinsk behandling kan v\u00e6re n\u00f8dvendig i flere uker for babyer f\u00f8dt avhengige av vanedannende medikamenter.<\/p>\n<p>Trenger jeg \u00e5 ta lorazepam p\u00e5 en bestemt m\u00e5te?<br \/> Lorazepam b\u00f8r brukes n\u00f8yaktig som foreskrevet. Les alle legemiddelanbefalinger og instruksjoner p\u00e5 reseptetiketten. F\u00f8lg alltid legens instruksjoner n\u00e5r du tar lorazepam. Jo mer du bruker dette legemidlet, jo mer sannsynlig er det at du m\u00e5 fortelle legen din.<\/p>\n<p>Lorazepam kan v\u00e6re vanedannende. Misbruk kan f\u00f8re til avhengighet, overdose eller til og med d\u00f8d. Kast medisinen p\u00e5 et omr\u00e5de utenfor rekkevidde for andre. Det er en forbrytelse \u00e5 distribuere eller selge denne medisinen.<\/p>\n<p>M\u00e5l flytende medisin med forsiktighet. Skaff deg et dosem\u00e5leinstrument, eller bruk den medf\u00f8lgende spr\u00f8yten (ikke en kj\u00f8kkenskje).<\/p>\n<p>Med mindre legen din har bestemt noe annet, m\u00e5 du ikke ta lorazepam i mer enn fire m\u00e5neder om gangen. Hvis symptomene dine ikke blir bedre eller forverres, kontakt legen din.<\/p>\n<p>N\u00e5r du tar denne medisinen p\u00e5 langtidsbasis, kan du kreve regelmessige medisinske unders\u00f8kelser.<\/p>\n<p>Hvis du plutselig slutter \u00e5 tar denne medisinen, risikerer du \u00e5 oppleve ubehagelige bivirkninger. Bestill en avtale med legen din for \u00e5 l\u00e6re hvordan du slutter \u00e5 ta denne medisinen.<\/p>\n<p>Ikke utsett for fuktighet eller h\u00f8ye temperaturer; oppbevares ved romtemperatur.<\/p>\n<p>Oppbevar lorazepamv\u00e6ske i kj\u00f8leskap for langtidsoppbevaring. Ikke behold v\u00e6sker som ikke har blitt brukt innen 90 dager.<\/p>\n<p>Hold oversikt over medisinene dine. Du b\u00f8r holde \u00f8ye med alle som misbruker eller misbruker det.<\/p>\n","protected":false},"excerpt":{"rendered":"<p>Lorazepam 0,5 mg, 1 mg, 2 mg onlinepriser, kj\u00f8p ativan 2mg online, kj\u00f8p Lorazepam-tabletter p\u00e5 nettet.<\/p>\n<p>Tramadol 50mg h\u00f8y nettpris p\u00e5 lorazepam (Ativan) 2mg tablett. Det brukes ogs\u00e5 i behandling av angst.<\/p>\n<p>piller\/tabletter Lorazepam (Ativan) 2mg<\/p>\n<p>Angst, tristhet og s\u00f8vnl\u00f8shet er alle vanlige bivirkninger av angstmedisinen Ativan ( Lorazepam) (vansker med \u00e5 sove). Det er et slags benzodiazepin.<\/p>\n<p>Uten resept kan du kj\u00f8pe Lorazepam 2 mg tabletter p\u00e5 nett (ingen RX).<\/p>\n","protected":false},"featured_media":5144,"comment_status":"open","ping_status":"closed","template":"","meta":[],"product_brand":[],"product_cat":[1117],"product_tag":[1221,1195,1196,1197,1199,1198,1200,1201,1202,1204,1203,1205,1207,1206,1209,1208,1214,1210,1211,1212,1213,1217,1218,1223,1215,1216,1220,1219,1222,1224,1236,1233,1234,1235,1226,1225,1227,1228,1229,1230,1231,1232],"class_list":{"0":"post-5125","1":"product","2":"type-product","3":"status-publish","4":"has-post-thumbnail","6":"product_cat-kjop-smerte-sove-sexpiller","7":"product_tag-ativan-tabletter-sublingual","8":"product_tag-ativan-1-mg-sublingual-tablets","9":"product_tag-ativan-1-mg-tablets","10":"product_tag-ativan-1-tab","11":"product_tag-ativan-1mg-tablett-bivirkninger","12":"product_tag-ativan-1mg-tablett-dose","13":"product_tag-ativan-2-mg-tabletter","14":"product_tag-ativan-2-tab","15":"product_tag-ativan-2-5-mg-pris","16":"product_tag-ativan-2mg-bivirkninger","17":"product_tag-ativan-2mg-pille","18":"product_tag-ativan-2mg-tablett","19":"product_tag-ativan-2mg-tablet-online-order-amazon","20":"product_tag-ativan-2mg-tablett-p-hindi","21":"product_tag-ativan-apotek","22":"product_tag-ativan-dosering-2mg","23":"product_tag-ativan-nettbrett","24":"product_tag-ativan-tab-0-5-mg","25":"product_tag-ativan-tab-1mg","26":"product_tag-ativan-tab-1mg-50","27":"product_tag-ativan-tab-1mg-precio","28":"product_tag-ativan-tablets-2-5-mg","29":"product_tag-ativan-tablets-australia","30":"product_tag-ativan-tablets-uses","31":"product_tag-ativan-tablett-0-5mg","32":"product_tag-ativan-tabletter-1mg","33":"product_tag-ativan-tabletter-dosering","34":"product_tag-ativan-tabletter-kjp","35":"product_tag-ativan-nettbrett-uk","36":"product_tag-buy-ativan-online","37":"product_tag-hva-brukes-ativan-nettbrett-til","38":"product_tag-hva-er-ativan-nettbrett-for","39":"product_tag-hvordan-gjr-ativan-nettbrett-ser-ut","40":"product_tag-hvordan-ser-ativan-nettbrett-se-ut","41":"product_tag-kan-ativan-tabletter-injiseres","42":"product_tag-kan-ativan-tabletter-bli-knust","43":"product_tag-lorazepam-2-mg-tablet-online-delivery","44":"product_tag-lorazepam-tabletter-ativan-2mg","45":"product_tag-pfizer-tablett-2mg","46":"product_tag-tab-ativan-1","47":"product_tag-tab-ativan-1mg-bruker-p-hindi","48":"product_tag-tivan-2mg-tablett","50":"first","51":"instock","52":"shipping-taxable","53":"purchasable","54":"product-type-variable"},"yoast_head":"<!-- This site is optimized with the Yoast SEO plugin v27.3 - https:\/\/yoast.com\/product\/yoast-seo-wordpress\/ -->\n<title>Kj\u00f8p Ativan 2mg - Kj\u00f8p Ativan 1mg - Kj\u00f8p Ativan 0,5mg - Beste globale medisiner<\/title>\n<meta name=\"description\" content=\"Kj\u00f8p Lorazepam-tabletter p\u00e5 nettet, kj\u00f8p Lorazepam p\u00e5 nettet, kj\u00f8p Ativan p\u00e5 nettet, Lorazepam 0,5 mg, 1 mg, 2 mg p\u00e5 nettpriser,\u00a0kj\u00f8p ativan 2mg\u00a0p\u00e5 nett Storbritannia, Europa\" \/>\n<meta name=\"robots\" content=\"index, follow, max-snippet:-1, max-image-preview:large, max-video-preview:-1\" \/>\n<link rel=\"canonical\" href=\"https:\/\/medicinasinc.com\/no\/product\/kjop-ativan-0-5mg-1mg-2mg\/\" \/>\n<meta property=\"og:locale\" content=\"nn_NO\" \/>\n<meta property=\"og:type\" content=\"article\" \/>\n<meta property=\"og:title\" content=\"Kj\u00f8p Ativan 2mg - Kj\u00f8p Ativan 1mg - Kj\u00f8p Ativan 0,5mg - Beste globale medisiner\" \/>\n<meta property=\"og:description\" content=\"Kj\u00f8p Lorazepam-tabletter p\u00e5 nettet, kj\u00f8p Lorazepam p\u00e5 nettet, kj\u00f8p Ativan p\u00e5 nettet, Lorazepam 0,5 mg, 1 mg, 2 mg p\u00e5 nettpriser,\u00a0kj\u00f8p ativan 2mg\u00a0p\u00e5 nett Storbritannia, Europa\" \/>\n<meta property=\"og:url\" content=\"https:\/\/medicinasinc.com\/no\/product\/kjop-ativan-0-5mg-1mg-2mg\/\" \/>\n<meta property=\"og:site_name\" content=\"Medicinas Inc\" \/>\n<meta property=\"article:modified_time\" content=\"2022-03-22T01:01:07+00:00\" \/>\n<meta property=\"og:image\" content=\"https:\/\/medicinasinc.com\/no\/wp-content\/uploads\/sites\/14\/2022\/02\/Buy-Ativan-Online-1.jpg\" \/>\n\t<meta property=\"og:image:width\" content=\"300\" \/>\n\t<meta property=\"og:image:height\" content=\"300\" \/>\n\t<meta property=\"og:image:type\" content=\"image\/jpeg\" \/>\n<meta name=\"twitter:card\" content=\"summary_large_image\" \/>\n<meta name=\"twitter:label1\" content=\"Est. reading time\" \/>\n\t<meta name=\"twitter:data1\" content=\"3 minutt\" \/>\n<script type=\"application\/ld+json\" class=\"yoast-schema-graph\">{\"@context\":\"https:\\\/\\\/schema.org\",\"@graph\":[{\"@type\":\"WebPage\",\"@id\":\"https:\\\/\\\/medicinasinc.com\\\/no\\\/product\\\/kjop-ativan-0-5mg-1mg-2mg\\\/\",\"url\":\"https:\\\/\\\/medicinasinc.com\\\/no\\\/product\\\/kjop-ativan-0-5mg-1mg-2mg\\\/\",\"name\":\"Kj\u00f8p Ativan 2mg - Kj\u00f8p Ativan 1mg - Kj\u00f8p Ativan 0,5mg - Beste globale medisiner\",\"isPartOf\":{\"@id\":\"https:\\\/\\\/medicinasinc.com\\\/no\\\/#website\"},\"primaryImageOfPage\":{\"@id\":\"https:\\\/\\\/medicinasinc.com\\\/no\\\/product\\\/kjop-ativan-0-5mg-1mg-2mg\\\/#primaryimage\"},\"image\":{\"@id\":\"https:\\\/\\\/medicinasinc.com\\\/no\\\/product\\\/kjop-ativan-0-5mg-1mg-2mg\\\/#primaryimage\"},\"thumbnailUrl\":\"https:\\\/\\\/medicinasinc.com\\\/no\\\/wp-content\\\/uploads\\\/sites\\\/14\\\/2022\\\/02\\\/Buy-Ativan-Online-1.jpg\",\"datePublished\":\"2022-02-20T20:43:45+00:00\",\"dateModified\":\"2022-03-22T01:01:07+00:00\",\"description\":\"Kj\u00f8p Lorazepam-tabletter p\u00e5 nettet, kj\u00f8p Lorazepam p\u00e5 nettet, kj\u00f8p Ativan p\u00e5 nettet, Lorazepam 0,5 mg, 1 mg, 2 mg p\u00e5 nettpriser,\u00a0kj\u00f8p ativan 2mg\u00a0p\u00e5 nett Storbritannia, Europa\",\"breadcrumb\":{\"@id\":\"https:\\\/\\\/medicinasinc.com\\\/no\\\/product\\\/kjop-ativan-0-5mg-1mg-2mg\\\/#breadcrumb\"},\"inLanguage\":\"nn-NO\",\"potentialAction\":[{\"@type\":\"ReadAction\",\"target\":[\"https:\\\/\\\/medicinasinc.com\\\/no\\\/product\\\/kjop-ativan-0-5mg-1mg-2mg\\\/\"]}]},{\"@type\":\"ImageObject\",\"inLanguage\":\"nn-NO\",\"@id\":\"https:\\\/\\\/medicinasinc.com\\\/no\\\/product\\\/kjop-ativan-0-5mg-1mg-2mg\\\/#primaryimage\",\"url\":\"https:\\\/\\\/medicinasinc.com\\\/no\\\/wp-content\\\/uploads\\\/sites\\\/14\\\/2022\\\/02\\\/Buy-Ativan-Online-1.jpg\",\"contentUrl\":\"https:\\\/\\\/medicinasinc.com\\\/no\\\/wp-content\\\/uploads\\\/sites\\\/14\\\/2022\\\/02\\\/Buy-Ativan-Online-1.jpg\",\"width\":300,\"height\":300},{\"@type\":\"BreadcrumbList\",\"@id\":\"https:\\\/\\\/medicinasinc.com\\\/no\\\/product\\\/kjop-ativan-0-5mg-1mg-2mg\\\/#breadcrumb\",\"itemListElement\":[{\"@type\":\"ListItem\",\"position\":1,\"name\":\"Butikk\",\"item\":\"https:\\\/\\\/medicinasinc.com\\\/no\\\/butikk\\\/\"},{\"@type\":\"ListItem\",\"position\":2,\"name\":\"Kj\u00f8p Ativan 0,5mg, 1mg, 2mg\"}]},{\"@type\":\"WebSite\",\"@id\":\"https:\\\/\\\/medicinasinc.com\\\/no\\\/#website\",\"url\":\"https:\\\/\\\/medicinasinc.com\\\/no\\\/\",\"name\":\"Medicinas Inc\",\"description\":\"Helsemedisinsk klinikk\",\"potentialAction\":[{\"@type\":\"SearchAction\",\"target\":{\"@type\":\"EntryPoint\",\"urlTemplate\":\"https:\\\/\\\/medicinasinc.com\\\/no\\\/?s={search_term_string}\"},\"query-input\":{\"@type\":\"PropertyValueSpecification\",\"valueRequired\":true,\"valueName\":\"search_term_string\"}}],\"inLanguage\":\"nn-NO\"}]}<\/script>\n<!-- \/ Yoast SEO plugin. -->","yoast_head_json":{"title":"Kj\u00f8p Ativan 2mg - Kj\u00f8p Ativan 1mg - Kj\u00f8p Ativan 0,5mg - Beste globale medisiner","description":"Kj\u00f8p Lorazepam-tabletter p\u00e5 nettet, kj\u00f8p Lorazepam p\u00e5 nettet, kj\u00f8p Ativan p\u00e5 nettet, Lorazepam 0,5 mg, 1 mg, 2 mg p\u00e5 nettpriser,\u00a0kj\u00f8p ativan 2mg\u00a0p\u00e5 nett Storbritannia, Europa","robots":{"index":"index","follow":"follow","max-snippet":"max-snippet:-1","max-image-preview":"max-image-preview:large","max-video-preview":"max-video-preview:-1"},"canonical":"https:\/\/medicinasinc.com\/no\/product\/kjop-ativan-0-5mg-1mg-2mg\/","og_locale":"nn_NO","og_type":"article","og_title":"Kj\u00f8p Ativan 2mg - Kj\u00f8p Ativan 1mg - Kj\u00f8p Ativan 0,5mg - Beste globale medisiner","og_description":"Kj\u00f8p Lorazepam-tabletter p\u00e5 nettet, kj\u00f8p Lorazepam p\u00e5 nettet, kj\u00f8p Ativan p\u00e5 nettet, Lorazepam 0,5 mg, 1 mg, 2 mg p\u00e5 nettpriser,\u00a0kj\u00f8p ativan 2mg\u00a0p\u00e5 nett Storbritannia, Europa","og_url":"https:\/\/medicinasinc.com\/no\/product\/kjop-ativan-0-5mg-1mg-2mg\/","og_site_name":"Medicinas Inc","article_modified_time":"2022-03-22T01:01:07+00:00","og_image":[{"width":300,"height":300,"url":"https:\/\/medicinasinc.com\/no\/wp-content\/uploads\/sites\/14\/2022\/02\/Buy-Ativan-Online-1.jpg","type":"image\/jpeg"}],"twitter_card":"summary_large_image","twitter_misc":{"Est. reading time":"3 minutt"},"schema":{"@context":"https:\/\/schema.org","@graph":[{"@type":"WebPage","@id":"https:\/\/medicinasinc.com\/no\/product\/kjop-ativan-0-5mg-1mg-2mg\/","url":"https:\/\/medicinasinc.com\/no\/product\/kjop-ativan-0-5mg-1mg-2mg\/","name":"Kj\u00f8p Ativan 2mg - Kj\u00f8p Ativan 1mg - Kj\u00f8p Ativan 0,5mg - Beste globale medisiner","isPartOf":{"@id":"https:\/\/medicinasinc.com\/no\/#website"},"primaryImageOfPage":{"@id":"https:\/\/medicinasinc.com\/no\/product\/kjop-ativan-0-5mg-1mg-2mg\/#primaryimage"},"image":{"@id":"https:\/\/medicinasinc.com\/no\/product\/kjop-ativan-0-5mg-1mg-2mg\/#primaryimage"},"thumbnailUrl":"https:\/\/medicinasinc.com\/no\/wp-content\/uploads\/sites\/14\/2022\/02\/Buy-Ativan-Online-1.jpg","datePublished":"2022-02-20T20:43:45+00:00","dateModified":"2022-03-22T01:01:07+00:00","description":"Kj\u00f8p Lorazepam-tabletter p\u00e5 nettet, kj\u00f8p Lorazepam p\u00e5 nettet, kj\u00f8p Ativan p\u00e5 nettet, Lorazepam 0,5 mg, 1 mg, 2 mg p\u00e5 nettpriser,\u00a0kj\u00f8p ativan 2mg\u00a0p\u00e5 nett Storbritannia, Europa","breadcrumb":{"@id":"https:\/\/medicinasinc.com\/no\/product\/kjop-ativan-0-5mg-1mg-2mg\/#breadcrumb"},"inLanguage":"nn-NO","potentialAction":[{"@type":"ReadAction","target":["https:\/\/medicinasinc.com\/no\/product\/kjop-ativan-0-5mg-1mg-2mg\/"]}]},{"@type":"ImageObject","inLanguage":"nn-NO","@id":"https:\/\/medicinasinc.com\/no\/product\/kjop-ativan-0-5mg-1mg-2mg\/#primaryimage","url":"https:\/\/medicinasinc.com\/no\/wp-content\/uploads\/sites\/14\/2022\/02\/Buy-Ativan-Online-1.jpg","contentUrl":"https:\/\/medicinasinc.com\/no\/wp-content\/uploads\/sites\/14\/2022\/02\/Buy-Ativan-Online-1.jpg","width":300,"height":300},{"@type":"BreadcrumbList","@id":"https:\/\/medicinasinc.com\/no\/product\/kjop-ativan-0-5mg-1mg-2mg\/#breadcrumb","itemListElement":[{"@type":"ListItem","position":1,"name":"Butikk","item":"https:\/\/medicinasinc.com\/no\/butikk\/"},{"@type":"ListItem","position":2,"name":"Kj\u00f8p Ativan 0,5mg, 1mg, 2mg"}]},{"@type":"WebSite","@id":"https:\/\/medicinasinc.com\/no\/#website","url":"https:\/\/medicinasinc.com\/no\/","name":"Medicinas Inc","description":"Helsemedisinsk klinikk","potentialAction":[{"@type":"SearchAction","target":{"@type":"EntryPoint","urlTemplate":"https:\/\/medicinasinc.com\/no\/?s={search_term_string}"},"query-input":{"@type":"PropertyValueSpecification","valueRequired":true,"valueName":"search_term_string"}}],"inLanguage":"nn-NO"}]}},"_links":{"self":[{"href":"https:\/\/medicinasinc.com\/no\/wp-json\/wp\/v2\/product\/5125","targetHints":{"allow":["GET"]}}],"collection":[{"href":"https:\/\/medicinasinc.com\/no\/wp-json\/wp\/v2\/product"}],"about":[{"href":"https:\/\/medicinasinc.com\/no\/wp-json\/wp\/v2\/types\/product"}],"replies":[{"embeddable":true,"href":"https:\/\/medicinasinc.com\/no\/wp-json\/wp\/v2\/comments?post=5125"}],"wp:featuredmedia":[{"embeddable":true,"href":"https:\/\/medicinasinc.com\/no\/wp-json\/wp\/v2\/media\/5144"}],"wp:attachment":[{"href":"https:\/\/medicinasinc.com\/no\/wp-json\/wp\/v2\/media?parent=5125"}],"wp:term":[{"taxonomy":"product_brand","embeddable":true,"href":"https:\/\/medicinasinc.com\/no\/wp-json\/wp\/v2\/product_brand?post=5125"},{"taxonomy":"product_cat","embeddable":true,"href":"https:\/\/medicinasinc.com\/no\/wp-json\/wp\/v2\/product_cat?post=5125"},{"taxonomy":"product_tag","embeddable":true,"href":"https:\/\/medicinasinc.com\/no\/wp-json\/wp\/v2\/product_tag?post=5125"}],"curies":[{"name":"wp","href":"https:\/\/api.w.org\/{rel}","templated":true}]}}