{"id":5124,"date":"2022-02-20T20:42:48","date_gmt":"2022-02-20T20:42:48","guid":{"rendered":"https:\/\/medicinasinc.com\/no\/?post_type=product&#038;p=5124"},"modified":"2022-03-22T01:01:16","modified_gmt":"2022-03-22T01:01:16","slug":"kjop-ambien-10-mg","status":"publish","type":"product","link":"https:\/\/medicinasinc.com\/no\/product\/kjop-ambien-10-mg\/","title":{"rendered":"Kj\u00f8p Ambien 10 mg"},"content":{"rendered":"<div class=\"ty-tabs cm-j-tabs clearfix\">\n<p>kj\u00f8p Ambien 10mg online<\/p>\n<h2><a href=\"https:\/\/www.bestglobalmeds.com\/category\/blog\/\" target=\"_blank\" rel=\"noopener\">Kj\u00f8p Ambien 10mg Overnight Delivery<\/a><\/h2>\n<h2>Kj\u00f8p Ambien 10mg Online<\/h2>\n<p>USAs laveste pris p\u00e5\u00a0<em>Ambien<\/em>\u00a0(<em>Zolpidem<\/em>\u00a05mg &amp;\u00a0<em>10mg<\/em>) Piller og USAs f\u00f8rste juridiske registrerte online legetjeneste som tilbyr det. Gratis sporet levering i Storbritannia. Ambien, Zolpidem, ambien\u00a0<em>10mg<\/em>, Zolpidem Tartrate, kj\u00f8p sovetabletter p\u00e5 nettet, kj\u00f8p anti-angst p\u00e5 nettet, antidepressiva,\u00a0<em>kj\u00f8p ambien<\/em>\u00a0uten resept.<\/p>\n<ul class=\"ty-tabs__list\">\n<li id=\"description\" class=\"ty-tabs__item cm-js active\"><a class=\"ty-tabs__a\">Beskrivelse<\/a><\/li>\n<li id=\"product_tab_9\" class=\"ty-tabs__item cm-js\"><a class=\"ty-tabs__a\">Pasientinformasjon<\/a><\/li>\n<\/ul><\/div>\n<div id=\"tabs_content \" class=\"cm-tabs-content ty-tabs__content clearfix\">\n<div id=\"content_description\" class=\"ty-wysiwyg-content content-description active\">\n<div>\n<div class=\"product-description\">\n<h4>Sov med Zolpidem og Ambien<\/h4>\n<table>\n<thead>\n<tr>\n<th>Zolpidem<\/th>\n<th>Bel\u00f8p<\/th>\n<th>Type<\/th>\n<th>Aksje<\/th>\n<p> th&gt; <\/tr>\n<\/thead>\n<tbody>\n<tr>\n<th>Ambien<\/th>\n<th>5mg<\/th>\n<th>Nettbrett<\/th>\n<th>Kj\u00f8p USA\u2713<\/th>\n<\/tr>\n<tr>\n<td>Zolpidem-tabletter<\/td>\n<td>5mg<\/td>\n<td>Piller<\/td>\n<td>Online USA \u2713<\/td>\n<\/tr>\n<tr>\n<td>Ambien-tabletter<\/td>\n<td>10mg<\/td>\n<td>Medisin e<\/td>\n<td>US \u2713<\/td>\n<\/tr>\n<\/tbody>\n<\/table>\n<h4>Forholdsregler f\u00f8r du tar Zolpidem<\/h4>\n<p>Det er forholdsregler som m\u00e5 vurderes f\u00f8r du bestemmer deg for \u00e5 ta det. Under visse omstendigheter er det kanskje ikke det mest passende valget av medikament. Sp\u00f8r en lege om din helsemessige egnethet ved \u00e5 ta det som en behandling for s\u00f8vnl\u00f8shet. Hvis du har noen av f\u00f8lgende forhold, s\u00f8k lege:<\/p>\n<ul>\n<li>Historie om alkoholisme eller narkotikamisbruk<\/li>\n<li>Gravid eller planlegger \u00e5 bli gravid<\/li>\n<li>Har en pustetilstand (bronkitt, astma eller emfysem)<\/li>\n<li>Historie om lever- eller nyresykdom<\/li>\n<li>Har myasthenia gravis (nervesykdom som resulterer i svekkelse av muskler)<\/li>\n<li>Allergier til noen av ingrediensene<\/li>\n<li>Har tilbakevendende personlighetsforstyrrelse eller depresjon<\/li>\n<li>Har s\u00f8vnapn\u00e9<\/li>\n<li>Eldre<\/li>\n<\/ul>\n<p>I sv\u00e6rt sjeldne tilfeller I tilfeller kan inntak av Ambien f\u00f8re til bivirkninger, inkludert hevelse av lepper, ansikt, svelg og tunge eller ha pustevansker. Det anbefales ogs\u00e5 at det ikke skal brukes kontinuerlig i mer enn 4 uker fordi det kan f\u00f8re til abstinenssymptomer som oppkast, kvalme, angst og magekramper. Kjent som en kortsiktig <a href=\"https:\/\/globalhomemed.com\/\">behandling for s\u00f8vnl\u00f8shet<\/a>, er det en mulighet for \u00e5 f\u00e5 problemer med \u00e5 sove n\u00e5r du slutter \u00e5 bruke den. Det kalles en &laquo;rebound insomnia&raquo; som til slutt avtar etter en til to dager. R\u00e5df\u00f8r deg alltid med legen din ang\u00e5ende bruken av denne sovemedisinen.<\/p>\n<h2>kj\u00f8p Ambien 10mg online<\/h2>\n<\/p><\/div><\/div><\/div><\/div>\n","protected":false},"excerpt":{"rendered":"<p>Kj\u00f8p Ambien 10 mg piller p\u00e5 nettet. Ambien brukes til \u00e5 behandle en s\u00f8vnforstyrrelse. Umiddelbart utladningstablett brukes til \u00e5 hjelpe deg med \u00e5 nikke n\u00e5r du f\u00f8rst g\u00e5r til sofaen.<\/p>\n<p>Ambien, Zolpidem, ambien\u00a0<em>10mg<\/em>, Zolpidem Tartrate, kj\u00f8p sovetabletter p\u00e5 nett, kj\u00f8p anti angst p\u00e5 nettet, antidepressiva,\u00a0<em>kj\u00f8p ambien<\/em>\u00a0uten resept.<\/p>\n","protected":false},"featured_media":5142,"comment_status":"open","ping_status":"closed","template":"","meta":[],"product_brand":[],"product_cat":[1117],"product_tag":[],"class_list":{"0":"post-5124","1":"product","2":"type-product","3":"status-publish","4":"has-post-thumbnail","6":"product_cat-kjop-smerte-sove-sexpiller","8":"first","9":"instock","10":"shipping-taxable","11":"purchasable","12":"product-type-variable","13":"has-default-attributes"},"yoast_head":"<!-- This site is optimized with the Yoast SEO plugin v27.3 - https:\/\/yoast.com\/product\/yoast-seo-wordpress\/ -->\n<title>Kj\u00f8p Ambien 10 mg - Ambien 10 mg - Beste globale medisiner<\/title>\n<meta name=\"description\" content=\"Kj\u00f8p Ambien 10 mg, Ambien, Zolpidem, ambien\u00a010mg, Zolpidem Tartrate, kj\u00f8p sovemedisiner p\u00e5 nettet, kj\u00f8p anti-angst p\u00e5 nettet, antidepressiva,\u00a0kj\u00f8p ambien\u00a0uten resept.\" \/>\n<meta name=\"robots\" content=\"index, follow, max-snippet:-1, max-image-preview:large, max-video-preview:-1\" \/>\n<link rel=\"canonical\" href=\"https:\/\/medicinasinc.com\/no\/product\/kjop-ambien-10-mg\/\" \/>\n<meta property=\"og:locale\" content=\"nn_NO\" \/>\n<meta property=\"og:type\" content=\"article\" \/>\n<meta property=\"og:title\" content=\"Kj\u00f8p Ambien 10 mg - Ambien 10 mg - Beste globale medisiner\" \/>\n<meta property=\"og:description\" content=\"Kj\u00f8p Ambien 10 mg, Ambien, Zolpidem, ambien\u00a010mg, Zolpidem Tartrate, kj\u00f8p sovemedisiner p\u00e5 nettet, kj\u00f8p anti-angst p\u00e5 nettet, antidepressiva,\u00a0kj\u00f8p ambien\u00a0uten resept.\" \/>\n<meta property=\"og:url\" content=\"https:\/\/medicinasinc.com\/no\/product\/kjop-ambien-10-mg\/\" \/>\n<meta property=\"og:site_name\" content=\"Medicinas Inc\" \/>\n<meta property=\"article:modified_time\" content=\"2022-03-22T01:01:16+00:00\" \/>\n<meta property=\"og:image\" content=\"https:\/\/medicinasinc.com\/no\/wp-content\/uploads\/sites\/14\/2022\/02\/Buy-Ambien-10mg.jpg\" \/>\n\t<meta property=\"og:image:width\" content=\"225\" \/>\n\t<meta property=\"og:image:height\" content=\"225\" \/>\n\t<meta property=\"og:image:type\" content=\"image\/jpeg\" \/>\n<meta name=\"twitter:card\" content=\"summary_large_image\" \/>\n<meta name=\"twitter:label1\" content=\"Est. reading time\" \/>\n\t<meta name=\"twitter:data1\" content=\"2 minutt\" \/>\n<script type=\"application\/ld+json\" class=\"yoast-schema-graph\">{\"@context\":\"https:\\\/\\\/schema.org\",\"@graph\":[{\"@type\":\"WebPage\",\"@id\":\"https:\\\/\\\/medicinasinc.com\\\/no\\\/product\\\/kjop-ambien-10-mg\\\/\",\"url\":\"https:\\\/\\\/medicinasinc.com\\\/no\\\/product\\\/kjop-ambien-10-mg\\\/\",\"name\":\"Kj\u00f8p Ambien 10 mg - Ambien 10 mg - Beste globale medisiner\",\"isPartOf\":{\"@id\":\"https:\\\/\\\/medicinasinc.com\\\/no\\\/#website\"},\"primaryImageOfPage\":{\"@id\":\"https:\\\/\\\/medicinasinc.com\\\/no\\\/product\\\/kjop-ambien-10-mg\\\/#primaryimage\"},\"image\":{\"@id\":\"https:\\\/\\\/medicinasinc.com\\\/no\\\/product\\\/kjop-ambien-10-mg\\\/#primaryimage\"},\"thumbnailUrl\":\"https:\\\/\\\/medicinasinc.com\\\/no\\\/wp-content\\\/uploads\\\/sites\\\/14\\\/2022\\\/02\\\/Buy-Ambien-10mg.jpg\",\"datePublished\":\"2022-02-20T20:42:48+00:00\",\"dateModified\":\"2022-03-22T01:01:16+00:00\",\"description\":\"Kj\u00f8p Ambien 10 mg, Ambien, Zolpidem, ambien\u00a010mg, Zolpidem Tartrate, kj\u00f8p sovemedisiner p\u00e5 nettet, kj\u00f8p anti-angst p\u00e5 nettet, antidepressiva,\u00a0kj\u00f8p ambien\u00a0uten resept.\",\"breadcrumb\":{\"@id\":\"https:\\\/\\\/medicinasinc.com\\\/no\\\/product\\\/kjop-ambien-10-mg\\\/#breadcrumb\"},\"inLanguage\":\"nn-NO\",\"potentialAction\":[{\"@type\":\"ReadAction\",\"target\":[\"https:\\\/\\\/medicinasinc.com\\\/no\\\/product\\\/kjop-ambien-10-mg\\\/\"]}]},{\"@type\":\"ImageObject\",\"inLanguage\":\"nn-NO\",\"@id\":\"https:\\\/\\\/medicinasinc.com\\\/no\\\/product\\\/kjop-ambien-10-mg\\\/#primaryimage\",\"url\":\"https:\\\/\\\/medicinasinc.com\\\/no\\\/wp-content\\\/uploads\\\/sites\\\/14\\\/2022\\\/02\\\/Buy-Ambien-10mg.jpg\",\"contentUrl\":\"https:\\\/\\\/medicinasinc.com\\\/no\\\/wp-content\\\/uploads\\\/sites\\\/14\\\/2022\\\/02\\\/Buy-Ambien-10mg.jpg\",\"width\":225,\"height\":225},{\"@type\":\"BreadcrumbList\",\"@id\":\"https:\\\/\\\/medicinasinc.com\\\/no\\\/product\\\/kjop-ambien-10-mg\\\/#breadcrumb\",\"itemListElement\":[{\"@type\":\"ListItem\",\"position\":1,\"name\":\"Butikk\",\"item\":\"https:\\\/\\\/medicinasinc.com\\\/no\\\/butikk\\\/\"},{\"@type\":\"ListItem\",\"position\":2,\"name\":\"Kj\u00f8p Ambien 10 mg\"}]},{\"@type\":\"WebSite\",\"@id\":\"https:\\\/\\\/medicinasinc.com\\\/no\\\/#website\",\"url\":\"https:\\\/\\\/medicinasinc.com\\\/no\\\/\",\"name\":\"Medicinas Inc\",\"description\":\"Helsemedisinsk klinikk\",\"potentialAction\":[{\"@type\":\"SearchAction\",\"target\":{\"@type\":\"EntryPoint\",\"urlTemplate\":\"https:\\\/\\\/medicinasinc.com\\\/no\\\/?s={search_term_string}\"},\"query-input\":{\"@type\":\"PropertyValueSpecification\",\"valueRequired\":true,\"valueName\":\"search_term_string\"}}],\"inLanguage\":\"nn-NO\"}]}<\/script>\n<!-- \/ Yoast SEO plugin. -->","yoast_head_json":{"title":"Kj\u00f8p Ambien 10 mg - Ambien 10 mg - Beste globale medisiner","description":"Kj\u00f8p Ambien 10 mg, Ambien, Zolpidem, ambien\u00a010mg, Zolpidem Tartrate, kj\u00f8p sovemedisiner p\u00e5 nettet, kj\u00f8p anti-angst p\u00e5 nettet, antidepressiva,\u00a0kj\u00f8p ambien\u00a0uten resept.","robots":{"index":"index","follow":"follow","max-snippet":"max-snippet:-1","max-image-preview":"max-image-preview:large","max-video-preview":"max-video-preview:-1"},"canonical":"https:\/\/medicinasinc.com\/no\/product\/kjop-ambien-10-mg\/","og_locale":"nn_NO","og_type":"article","og_title":"Kj\u00f8p Ambien 10 mg - Ambien 10 mg - Beste globale medisiner","og_description":"Kj\u00f8p Ambien 10 mg, Ambien, Zolpidem, ambien\u00a010mg, Zolpidem Tartrate, kj\u00f8p sovemedisiner p\u00e5 nettet, kj\u00f8p anti-angst p\u00e5 nettet, antidepressiva,\u00a0kj\u00f8p ambien\u00a0uten resept.","og_url":"https:\/\/medicinasinc.com\/no\/product\/kjop-ambien-10-mg\/","og_site_name":"Medicinas Inc","article_modified_time":"2022-03-22T01:01:16+00:00","og_image":[{"width":225,"height":225,"url":"https:\/\/medicinasinc.com\/no\/wp-content\/uploads\/sites\/14\/2022\/02\/Buy-Ambien-10mg.jpg","type":"image\/jpeg"}],"twitter_card":"summary_large_image","twitter_misc":{"Est. reading time":"2 minutt"},"schema":{"@context":"https:\/\/schema.org","@graph":[{"@type":"WebPage","@id":"https:\/\/medicinasinc.com\/no\/product\/kjop-ambien-10-mg\/","url":"https:\/\/medicinasinc.com\/no\/product\/kjop-ambien-10-mg\/","name":"Kj\u00f8p Ambien 10 mg - Ambien 10 mg - Beste globale medisiner","isPartOf":{"@id":"https:\/\/medicinasinc.com\/no\/#website"},"primaryImageOfPage":{"@id":"https:\/\/medicinasinc.com\/no\/product\/kjop-ambien-10-mg\/#primaryimage"},"image":{"@id":"https:\/\/medicinasinc.com\/no\/product\/kjop-ambien-10-mg\/#primaryimage"},"thumbnailUrl":"https:\/\/medicinasinc.com\/no\/wp-content\/uploads\/sites\/14\/2022\/02\/Buy-Ambien-10mg.jpg","datePublished":"2022-02-20T20:42:48+00:00","dateModified":"2022-03-22T01:01:16+00:00","description":"Kj\u00f8p Ambien 10 mg, Ambien, Zolpidem, ambien\u00a010mg, Zolpidem Tartrate, kj\u00f8p sovemedisiner p\u00e5 nettet, kj\u00f8p anti-angst p\u00e5 nettet, antidepressiva,\u00a0kj\u00f8p ambien\u00a0uten resept.","breadcrumb":{"@id":"https:\/\/medicinasinc.com\/no\/product\/kjop-ambien-10-mg\/#breadcrumb"},"inLanguage":"nn-NO","potentialAction":[{"@type":"ReadAction","target":["https:\/\/medicinasinc.com\/no\/product\/kjop-ambien-10-mg\/"]}]},{"@type":"ImageObject","inLanguage":"nn-NO","@id":"https:\/\/medicinasinc.com\/no\/product\/kjop-ambien-10-mg\/#primaryimage","url":"https:\/\/medicinasinc.com\/no\/wp-content\/uploads\/sites\/14\/2022\/02\/Buy-Ambien-10mg.jpg","contentUrl":"https:\/\/medicinasinc.com\/no\/wp-content\/uploads\/sites\/14\/2022\/02\/Buy-Ambien-10mg.jpg","width":225,"height":225},{"@type":"BreadcrumbList","@id":"https:\/\/medicinasinc.com\/no\/product\/kjop-ambien-10-mg\/#breadcrumb","itemListElement":[{"@type":"ListItem","position":1,"name":"Butikk","item":"https:\/\/medicinasinc.com\/no\/butikk\/"},{"@type":"ListItem","position":2,"name":"Kj\u00f8p Ambien 10 mg"}]},{"@type":"WebSite","@id":"https:\/\/medicinasinc.com\/no\/#website","url":"https:\/\/medicinasinc.com\/no\/","name":"Medicinas Inc","description":"Helsemedisinsk klinikk","potentialAction":[{"@type":"SearchAction","target":{"@type":"EntryPoint","urlTemplate":"https:\/\/medicinasinc.com\/no\/?s={search_term_string}"},"query-input":{"@type":"PropertyValueSpecification","valueRequired":true,"valueName":"search_term_string"}}],"inLanguage":"nn-NO"}]}},"_links":{"self":[{"href":"https:\/\/medicinasinc.com\/no\/wp-json\/wp\/v2\/product\/5124","targetHints":{"allow":["GET"]}}],"collection":[{"href":"https:\/\/medicinasinc.com\/no\/wp-json\/wp\/v2\/product"}],"about":[{"href":"https:\/\/medicinasinc.com\/no\/wp-json\/wp\/v2\/types\/product"}],"replies":[{"embeddable":true,"href":"https:\/\/medicinasinc.com\/no\/wp-json\/wp\/v2\/comments?post=5124"}],"wp:featuredmedia":[{"embeddable":true,"href":"https:\/\/medicinasinc.com\/no\/wp-json\/wp\/v2\/media\/5142"}],"wp:attachment":[{"href":"https:\/\/medicinasinc.com\/no\/wp-json\/wp\/v2\/media?parent=5124"}],"wp:term":[{"taxonomy":"product_brand","embeddable":true,"href":"https:\/\/medicinasinc.com\/no\/wp-json\/wp\/v2\/product_brand?post=5124"},{"taxonomy":"product_cat","embeddable":true,"href":"https:\/\/medicinasinc.com\/no\/wp-json\/wp\/v2\/product_cat?post=5124"},{"taxonomy":"product_tag","embeddable":true,"href":"https:\/\/medicinasinc.com\/no\/wp-json\/wp\/v2\/product_tag?post=5124"}],"curies":[{"name":"wp","href":"https:\/\/api.w.org\/{rel}","templated":true}]}}