{"id":5123,"date":"2022-02-20T20:39:42","date_gmt":"2022-02-20T20:39:42","guid":{"rendered":"https:\/\/medicinasinc.com\/no\/?post_type=product&#038;p=5123"},"modified":"2022-03-22T01:01:26","modified_gmt":"2022-03-22T01:01:26","slug":"kjop-alprox-2mg-xanax","status":"publish","type":"product","link":"https:\/\/medicinasinc.com\/no\/product\/kjop-alprox-2mg-xanax\/","title":{"rendered":"Kj\u00f8p Alprox 2mg (Xanax)"},"content":{"rendered":"<p>Ser du etter XANAX 2mg til salgs til en rimelig pris? Dra nytte av Best Global Meds&raquo; lave priser og rask levering av XANAX 2mg p\u00e5 d\u00f8rstokken!<\/p>\n<p>I Storbritannia kan du kj\u00f8pe Alprazolam online. UK\/EU Brand of Alprazolam (Xanax) 2mg&#8230; Angstmedisin 2 mg tablett er sterkere i Storbritannia.<\/p>\n<p>Hvor kan jeg kj\u00f8pe Xanax p\u00e5 nett? Hvor kan jeg kj\u00f8pe Xanax 2MG online? Hvor kan jeg kj\u00f8pe Xanax 1MG online?<\/p>\n<p>Sedative og beroligende effekter er mulige med Xanax.<\/p>\n<p>Xanax 2Mg Kj\u00f8p online Storbritannia Det er krampaktig \u00e5 se Bestille Xanax Overnight morfologisk. Waxier Wilburn trosser Buying Xanax Online Reddit og subtiler tilbudet p\u00e5 en mer masete m\u00e5te.<\/p>\n<p>Xanax uten resept kan kj\u00f8pes billig p\u00e5 nett. Hvor kan jeg kj\u00f8pe fentermin i bulk til den laveste prisen? Bilder av 2mg xanax generika<\/p>\n<p>Denne medisinen brukes til \u00e5 behandle panikklidelser og angstlidelser som uventet intens frykt og spenning for\u00e5rsaket av stress. Alprazolam er 0,5 MG, 1 MG, 2 MG tablett. Det er best \u00e5 begynne med en lav dose og jobbe deg opp til en st\u00f8rre. For \u00e5 unng\u00e5 abstinenssymptomer som anfall, aggressiv oppf\u00f8rsel, t\u00e5kesyn osv. hvis du plutselig slutter \u00e5 ta denne medisinen.<\/p>\n<p>Alprazolam 0,5 MG tablett kan tas med eller uten mat, alt etter hva du foretrekker. Ikke overskrid den anbefalte dosen. Hvis du merker noen bivirkninger, gj\u00f8r en avtale med legen din med en gang. For \u00e5 unng\u00e5 abstinenssymptomer, ikke slutt \u00e5 ta medisinen uten \u00e5 bes\u00f8ke legen din f\u00f8rst!<\/p>\n<p>Hva er involvert i prosessen<br \/> Hyperpolarisering og stabilitet av nevronmembranen oppn\u00e5s begge gjennom denne medisinens interaksjon med klorid kanaler, som forhindrer ytterligere celleeksitasjon.<\/p>\n","protected":false},"excerpt":{"rendered":"<p>Alprox 2 mg piller kan kj\u00f8pes online (Xanax). Hva er Alprox 2mg? Er det mulig \u00e5 kj\u00f8pe det p\u00e5 nett? Er Alprox 2mg tilgjengelig over disk?<\/p>\n<p>Handle Alprazolam Xanax 2 mg tablett i Storbritannia, Europa p\u00e5 v\u00e5rt nettapotek for beste globale medisiner med rask global levering! Du vil oppdage de beste prisene p\u00e5 Alprazolam 2 MG Tablet her!<\/p>\n<p>Xanax 2 mg tablett brukes til \u00e5 behandle panikklidelser og angst, som uventet intens frykt og spenning for\u00e5rsaket av stress. Kj\u00f8p Xanax 2 mg tablett. Det er best \u00e5 begynne med en lav dose og jobbe deg opp til en st\u00f8rre. Abstinenssymptomer inkludert anfall, aggressiv oppf\u00f8rsel, t\u00e5kesyn og mer kan oppst\u00e5 hvis du plutselig slutter \u00e5 ta denne medisinen.<\/p>\n","protected":false},"featured_media":5140,"comment_status":"open","ping_status":"closed","template":"","meta":[],"product_brand":[],"product_cat":[703],"product_tag":[1125,1126,1127,1128,1129,1130,1158,1133,1132,1137,1138,1139,1134,1140,1142,1141,1144,1145,1166,1136,1151,1146,1147,1135,1148,1131,1149,1150,1154,1155,1156,1152,1153,1157,1159,1143,1160,1162,1163,1164,1165,1188,1161,1169,1171,1192,1172,1174,1183,1176,1177,1179,1184,1191,1173,1180,1181,1193,1194,1182,1178,1170,1168,1167,1175,1185,1186,1187,1189,1190],"class_list":{"0":"post-5123","1":"product","2":"type-product","3":"status-publish","4":"has-post-thumbnail","6":"product_cat-kjpe-psykedeliske-narkotika","7":"product_tag-alprazolam-25","8":"product_tag-alprazolam-25-for-katter","9":"product_tag-alprazolam-0-25-mg","10":"product_tag-alprazolam-0-5-mg-pris","11":"product_tag-alprazolam-1mg-bl","12":"product_tag-alprazolam-2mg-barer","13":"product_tag-alprazolam-anmeldelser","14":"product_tag-alprazolam-bl-pille","15":"product_tag-alprazolam-blue","16":"product_tag-alprazolam-dose-for-dogs","17":"product_tag-alprazolam-dosis-para-dormir-profundamente","18":"product_tag-alprazolam-efectos-secundarios","19":"product_tag-alprazolam-flaske","20":"product_tag-alprazolam-for-hunder","21":"product_tag-alprazolam-for-hunder-bivirkninger","22":"product_tag-alprazolam-for-hunder-online","23":"product_tag-alprazolam-for-svn","24":"product_tag-alprazolam-fra-mexico","25":"product_tag-alprazolam-gul","26":"product_tag-alprazolam-hunder","27":"product_tag-alprazolam-hva-brukes-det-til","28":"product_tag-alprazolam-intensol","29":"product_tag-alprazolam-interaksjoner","30":"product_tag-alprazolam-kostnad","31":"product_tag-alprazolam-muskel-avslappende-dose","32":"product_tag-alprazolam-og-alkohol","33":"product_tag-alprazolam-online","34":"product_tag-alprazolam-para-dormir","35":"product_tag-alprazolam-price","36":"product_tag-alprazolam-pronounce","37":"product_tag-alprazolam-psychonaut","38":"product_tag-alprazolam-pulver","39":"product_tag-alprazolam-pulver-til-salg","40":"product_tag-alprazolam-refill-regler","41":"product_tag-alprazolam-syntese","42":"product_tag-alprazolam-til-salg","43":"product_tag-alprazolam-urin-deteksjon-tid","44":"product_tag-alprazolam-vs-klonazepam","45":"product_tag-alprazolam-vs-lorazepam","46":"product_tag-alprazolam-xanax","47":"product_tag-alprazolam-xr","48":"product_tag-bestille-alprazolam-online","49":"product_tag-alprazolam-bruk","50":"product_tag-buying-alprazolam","51":"product_tag-clonazepam-vs-alprazolam","52":"product_tag-det-beste-stedet--kjpe-alprazolam-online","53":"product_tag-diazepam-vs-alprazolam","54":"product_tag-difference-between-lorazepam-and-alprazolam","55":"product_tag-er-alprazolam-et-kontrollert-stoff","56":"product_tag-farmapram-alprazolam","57":"product_tag-farmapram-alprazolam-2mg","58":"product_tag-flualprazolam-vs-alprazolam","59":"product_tag-flytende-alprazolam","60":"product_tag-snort-alprazolam","61":"product_tag-forskjellen-mellom-alprazolam-og-lorazepam","62":"product_tag-grnnstein-alprazolam","63":"product_tag-how-long-does-alprazolam-last-in-urine-reddit","64":"product_tag-hva-er-alprazolam-brukes-til-deling","65":"product_tag-hvor-kan-kjpe-alprazolam-online","66":"product_tag-hvordan-kjpe-alprazolam-online","67":"product_tag-influensa-alprazolam","68":"product_tag-kan-alprazolam-f-deg-hy","69":"product_tag-kjp-alprazolam-online","70":"product_tag-kjpe-alprazolam","71":"product_tag-leger-som-forskriver-alprazolam-nr-meg","72":"product_tag-lorazepam-vs-alprazolam","73":"product_tag-lorazepam-vs-alprazolam-reddit","74":"product_tag-meksikansk-alprazolam-2mg","75":"product_tag-purchase-alprazolam-online","76":"product_tag-sandoz-alprazolam","78":"first","79":"instock","80":"shipping-taxable","81":"purchasable","82":"product-type-variable"},"yoast_head":"<!-- This site is optimized with the Yoast SEO plugin v27.3 - https:\/\/yoast.com\/product\/yoast-seo-wordpress\/ -->\n<title>Kj\u00f8p Alprox 2mg (Xanax) - Bestill Xanax - Beste beste globale medisiner<\/title>\n<meta name=\"description\" content=\"Kj\u00f8p Alprox 2mg piller online (Xanax). kj\u00f8p Alprox online, Alprox online, kj\u00f8p alprox online, kj\u00f8p xanax, Kj\u00f8p Alprazolam Xanax 2 mg Tablet UK, Europa\" \/>\n<meta name=\"robots\" content=\"index, follow, max-snippet:-1, max-image-preview:large, max-video-preview:-1\" \/>\n<link rel=\"canonical\" href=\"https:\/\/medicinasinc.com\/no\/product\/kjop-alprox-2mg-xanax\/\" \/>\n<meta property=\"og:locale\" content=\"nn_NO\" \/>\n<meta property=\"og:type\" content=\"article\" \/>\n<meta property=\"og:title\" content=\"Kj\u00f8p Alprox 2mg (Xanax) - Bestill Xanax - Beste beste globale medisiner\" \/>\n<meta property=\"og:description\" content=\"Kj\u00f8p Alprox 2mg piller online (Xanax). kj\u00f8p Alprox online, Alprox online, kj\u00f8p alprox online, kj\u00f8p xanax, Kj\u00f8p Alprazolam Xanax 2 mg Tablet UK, Europa\" \/>\n<meta property=\"og:url\" content=\"https:\/\/medicinasinc.com\/no\/product\/kjop-alprox-2mg-xanax\/\" \/>\n<meta property=\"og:site_name\" content=\"Medicinas Inc\" \/>\n<meta property=\"article:modified_time\" content=\"2022-03-22T01:01:26+00:00\" \/>\n<meta property=\"og:image\" content=\"https:\/\/medicinasinc.com\/no\/wp-content\/uploads\/sites\/14\/2022\/02\/Buy-Alprox-2mg.jpg\" \/>\n\t<meta property=\"og:image:width\" content=\"600\" \/>\n\t<meta property=\"og:image:height\" content=\"600\" \/>\n\t<meta property=\"og:image:type\" content=\"image\/jpeg\" \/>\n<meta name=\"twitter:card\" content=\"summary_large_image\" \/>\n<meta name=\"twitter:label1\" content=\"Est. reading time\" \/>\n\t<meta name=\"twitter:data1\" content=\"2 minutt\" \/>\n<script type=\"application\/ld+json\" class=\"yoast-schema-graph\">{\"@context\":\"https:\\\/\\\/schema.org\",\"@graph\":[{\"@type\":\"WebPage\",\"@id\":\"https:\\\/\\\/medicinasinc.com\\\/no\\\/product\\\/kjop-alprox-2mg-xanax\\\/\",\"url\":\"https:\\\/\\\/medicinasinc.com\\\/no\\\/product\\\/kjop-alprox-2mg-xanax\\\/\",\"name\":\"Kj\u00f8p Alprox 2mg (Xanax) - Bestill Xanax - Beste beste globale medisiner\",\"isPartOf\":{\"@id\":\"https:\\\/\\\/medicinasinc.com\\\/no\\\/#website\"},\"primaryImageOfPage\":{\"@id\":\"https:\\\/\\\/medicinasinc.com\\\/no\\\/product\\\/kjop-alprox-2mg-xanax\\\/#primaryimage\"},\"image\":{\"@id\":\"https:\\\/\\\/medicinasinc.com\\\/no\\\/product\\\/kjop-alprox-2mg-xanax\\\/#primaryimage\"},\"thumbnailUrl\":\"https:\\\/\\\/medicinasinc.com\\\/no\\\/wp-content\\\/uploads\\\/sites\\\/14\\\/2022\\\/02\\\/Buy-Alprox-2mg.jpg\",\"datePublished\":\"2022-02-20T20:39:42+00:00\",\"dateModified\":\"2022-03-22T01:01:26+00:00\",\"description\":\"Kj\u00f8p Alprox 2mg piller online (Xanax). kj\u00f8p Alprox online, Alprox online, kj\u00f8p alprox online, kj\u00f8p xanax, Kj\u00f8p Alprazolam Xanax 2 mg Tablet UK, Europa\",\"breadcrumb\":{\"@id\":\"https:\\\/\\\/medicinasinc.com\\\/no\\\/product\\\/kjop-alprox-2mg-xanax\\\/#breadcrumb\"},\"inLanguage\":\"nn-NO\",\"potentialAction\":[{\"@type\":\"ReadAction\",\"target\":[\"https:\\\/\\\/medicinasinc.com\\\/no\\\/product\\\/kjop-alprox-2mg-xanax\\\/\"]}]},{\"@type\":\"ImageObject\",\"inLanguage\":\"nn-NO\",\"@id\":\"https:\\\/\\\/medicinasinc.com\\\/no\\\/product\\\/kjop-alprox-2mg-xanax\\\/#primaryimage\",\"url\":\"https:\\\/\\\/medicinasinc.com\\\/no\\\/wp-content\\\/uploads\\\/sites\\\/14\\\/2022\\\/02\\\/Buy-Alprox-2mg.jpg\",\"contentUrl\":\"https:\\\/\\\/medicinasinc.com\\\/no\\\/wp-content\\\/uploads\\\/sites\\\/14\\\/2022\\\/02\\\/Buy-Alprox-2mg.jpg\",\"width\":600,\"height\":600},{\"@type\":\"BreadcrumbList\",\"@id\":\"https:\\\/\\\/medicinasinc.com\\\/no\\\/product\\\/kjop-alprox-2mg-xanax\\\/#breadcrumb\",\"itemListElement\":[{\"@type\":\"ListItem\",\"position\":1,\"name\":\"Butikk\",\"item\":\"https:\\\/\\\/medicinasinc.com\\\/no\\\/butikk\\\/\"},{\"@type\":\"ListItem\",\"position\":2,\"name\":\"Kj\u00f8p Alprox 2mg (Xanax)\"}]},{\"@type\":\"WebSite\",\"@id\":\"https:\\\/\\\/medicinasinc.com\\\/no\\\/#website\",\"url\":\"https:\\\/\\\/medicinasinc.com\\\/no\\\/\",\"name\":\"Medicinas Inc\",\"description\":\"Helsemedisinsk klinikk\",\"potentialAction\":[{\"@type\":\"SearchAction\",\"target\":{\"@type\":\"EntryPoint\",\"urlTemplate\":\"https:\\\/\\\/medicinasinc.com\\\/no\\\/?s={search_term_string}\"},\"query-input\":{\"@type\":\"PropertyValueSpecification\",\"valueRequired\":true,\"valueName\":\"search_term_string\"}}],\"inLanguage\":\"nn-NO\"}]}<\/script>\n<!-- \/ Yoast SEO plugin. -->","yoast_head_json":{"title":"Kj\u00f8p Alprox 2mg (Xanax) - Bestill Xanax - Beste beste globale medisiner","description":"Kj\u00f8p Alprox 2mg piller online (Xanax). kj\u00f8p Alprox online, Alprox online, kj\u00f8p alprox online, kj\u00f8p xanax, Kj\u00f8p Alprazolam Xanax 2 mg Tablet UK, Europa","robots":{"index":"index","follow":"follow","max-snippet":"max-snippet:-1","max-image-preview":"max-image-preview:large","max-video-preview":"max-video-preview:-1"},"canonical":"https:\/\/medicinasinc.com\/no\/product\/kjop-alprox-2mg-xanax\/","og_locale":"nn_NO","og_type":"article","og_title":"Kj\u00f8p Alprox 2mg (Xanax) - Bestill Xanax - Beste beste globale medisiner","og_description":"Kj\u00f8p Alprox 2mg piller online (Xanax). kj\u00f8p Alprox online, Alprox online, kj\u00f8p alprox online, kj\u00f8p xanax, Kj\u00f8p Alprazolam Xanax 2 mg Tablet UK, Europa","og_url":"https:\/\/medicinasinc.com\/no\/product\/kjop-alprox-2mg-xanax\/","og_site_name":"Medicinas Inc","article_modified_time":"2022-03-22T01:01:26+00:00","og_image":[{"width":600,"height":600,"url":"https:\/\/medicinasinc.com\/no\/wp-content\/uploads\/sites\/14\/2022\/02\/Buy-Alprox-2mg.jpg","type":"image\/jpeg"}],"twitter_card":"summary_large_image","twitter_misc":{"Est. reading time":"2 minutt"},"schema":{"@context":"https:\/\/schema.org","@graph":[{"@type":"WebPage","@id":"https:\/\/medicinasinc.com\/no\/product\/kjop-alprox-2mg-xanax\/","url":"https:\/\/medicinasinc.com\/no\/product\/kjop-alprox-2mg-xanax\/","name":"Kj\u00f8p Alprox 2mg (Xanax) - Bestill Xanax - Beste beste globale medisiner","isPartOf":{"@id":"https:\/\/medicinasinc.com\/no\/#website"},"primaryImageOfPage":{"@id":"https:\/\/medicinasinc.com\/no\/product\/kjop-alprox-2mg-xanax\/#primaryimage"},"image":{"@id":"https:\/\/medicinasinc.com\/no\/product\/kjop-alprox-2mg-xanax\/#primaryimage"},"thumbnailUrl":"https:\/\/medicinasinc.com\/no\/wp-content\/uploads\/sites\/14\/2022\/02\/Buy-Alprox-2mg.jpg","datePublished":"2022-02-20T20:39:42+00:00","dateModified":"2022-03-22T01:01:26+00:00","description":"Kj\u00f8p Alprox 2mg piller online (Xanax). kj\u00f8p Alprox online, Alprox online, kj\u00f8p alprox online, kj\u00f8p xanax, Kj\u00f8p Alprazolam Xanax 2 mg Tablet UK, Europa","breadcrumb":{"@id":"https:\/\/medicinasinc.com\/no\/product\/kjop-alprox-2mg-xanax\/#breadcrumb"},"inLanguage":"nn-NO","potentialAction":[{"@type":"ReadAction","target":["https:\/\/medicinasinc.com\/no\/product\/kjop-alprox-2mg-xanax\/"]}]},{"@type":"ImageObject","inLanguage":"nn-NO","@id":"https:\/\/medicinasinc.com\/no\/product\/kjop-alprox-2mg-xanax\/#primaryimage","url":"https:\/\/medicinasinc.com\/no\/wp-content\/uploads\/sites\/14\/2022\/02\/Buy-Alprox-2mg.jpg","contentUrl":"https:\/\/medicinasinc.com\/no\/wp-content\/uploads\/sites\/14\/2022\/02\/Buy-Alprox-2mg.jpg","width":600,"height":600},{"@type":"BreadcrumbList","@id":"https:\/\/medicinasinc.com\/no\/product\/kjop-alprox-2mg-xanax\/#breadcrumb","itemListElement":[{"@type":"ListItem","position":1,"name":"Butikk","item":"https:\/\/medicinasinc.com\/no\/butikk\/"},{"@type":"ListItem","position":2,"name":"Kj\u00f8p Alprox 2mg (Xanax)"}]},{"@type":"WebSite","@id":"https:\/\/medicinasinc.com\/no\/#website","url":"https:\/\/medicinasinc.com\/no\/","name":"Medicinas Inc","description":"Helsemedisinsk klinikk","potentialAction":[{"@type":"SearchAction","target":{"@type":"EntryPoint","urlTemplate":"https:\/\/medicinasinc.com\/no\/?s={search_term_string}"},"query-input":{"@type":"PropertyValueSpecification","valueRequired":true,"valueName":"search_term_string"}}],"inLanguage":"nn-NO"}]}},"_links":{"self":[{"href":"https:\/\/medicinasinc.com\/no\/wp-json\/wp\/v2\/product\/5123","targetHints":{"allow":["GET"]}}],"collection":[{"href":"https:\/\/medicinasinc.com\/no\/wp-json\/wp\/v2\/product"}],"about":[{"href":"https:\/\/medicinasinc.com\/no\/wp-json\/wp\/v2\/types\/product"}],"replies":[{"embeddable":true,"href":"https:\/\/medicinasinc.com\/no\/wp-json\/wp\/v2\/comments?post=5123"}],"wp:featuredmedia":[{"embeddable":true,"href":"https:\/\/medicinasinc.com\/no\/wp-json\/wp\/v2\/media\/5140"}],"wp:attachment":[{"href":"https:\/\/medicinasinc.com\/no\/wp-json\/wp\/v2\/media?parent=5123"}],"wp:term":[{"taxonomy":"product_brand","embeddable":true,"href":"https:\/\/medicinasinc.com\/no\/wp-json\/wp\/v2\/product_brand?post=5123"},{"taxonomy":"product_cat","embeddable":true,"href":"https:\/\/medicinasinc.com\/no\/wp-json\/wp\/v2\/product_cat?post=5123"},{"taxonomy":"product_tag","embeddable":true,"href":"https:\/\/medicinasinc.com\/no\/wp-json\/wp\/v2\/product_tag?post=5123"}],"curies":[{"name":"wp","href":"https:\/\/api.w.org\/{rel}","templated":true}]}}