{"id":5122,"date":"2022-02-20T20:38:15","date_gmt":"2022-02-20T20:38:15","guid":{"rendered":"https:\/\/medicinasinc.com\/no\/?post_type=product&#038;p=5122"},"modified":"2022-03-22T01:01:37","modified_gmt":"2022-03-22T01:01:37","slug":"buy-adderall-30-mg","status":"publish","type":"product","link":"https:\/\/medicinasinc.com\/no\/product\/buy-adderall-30-mg\/","title":{"rendered":"Kj\u00f8p Adderall 30 mg"},"content":{"rendered":"<p>Kj\u00f8p Adderall 30mg orale piller online ved \u00e5 bruke Bitcoin. I tillegg brukes det til \u00e5 behandle oppmerksomhetsunderskudd hyperaktivitetsforstyrrelser (ADHD) og narkolepsi.<\/p>\n<p>Kj\u00f8p Adderall 30 mg online med rask global levering fra v\u00e5rt Global Med nettapotek! Du finner den beste Adderall 30 mg for kj\u00f8p her!<\/p>\n<p>Adderall 30 MG er en reseptbelagt medisin som er laget ved \u00e5 blande og dekstroamfetamin. Disse to komponentene fungerer som nervesystemets viktigste stimulanser. I tillegg har disse stimulantene en effekt p\u00e5 hjernekjemikaliene og nevronene som regulerer impuls og hyperaktivitet. Medisinen brukes f\u00f8rst og fremst til \u00e5 behandle narkolepsi og oppmerksomhetsunderskudd hyperaktivitetsforstyrrelse (ADHD). Forbruk er tillatt i et begrenset antall nasjoner, nemlig Canada og USA.<\/p>\n<p>Det mest alvorlige problemet med Buy Adderall 30Mg Online er dette ordet som begynner med W<\/p>\n<p>Hver datter eller gutten er f\u00f8dt med en ganske god hukommelse.<\/p>\n<p>Kj\u00f8p Adderall 30mg. Det er ikke krav om resept. Frakt er helt sikker og diskret. Levering er tilgjengelig over natten. Garantert penger refundert.<\/p>\n<p>Du kan kj\u00f8pe Adderall-piller uten resept p\u00e5 nettet, Adderall p\u00e5 PC-en \u00e5pen, og Kan jeg kj\u00f8pe Adderall Online.<\/p>\n<p>Forholdsregler for dosering:<\/p>\n<p> Selv om en person kan trenge Adderall XR, b\u00f8r han eller hun bes\u00f8ke en lege f\u00f8r den f\u00f8rste dosen hvis de har en overaktiv skjoldbruskkjertel, moderat til alvorlig h\u00f8yt blodtrykk, glaukom, en hvilken som helst hjertesykdom, eller tidligere var en rus- eller alkoholmisbruker. I tillegg oppfordres enkeltpersoner til ikke \u00e5 misbruke medisinens dosering, da dette kan f\u00f8re til store negative effekter p\u00e5 hjertet eller, i verste fall, d\u00f8d.<\/p>\n<p>Positivt resultat:<\/p>\n<p>Som med alle stoffer, har det \u00e5 spise det en rekke effekter, b\u00e5de positive og d\u00e5rlige. I tillegg har Adderall 30 MG. Det har blitt lagt merke til at bruk av det i en kortere periode som anbefalt av en lege har en gunstig effekt p\u00e5 en persons helse ved \u00e5 forhindre ADHD-symptomer. Dette skjer av f\u00f8lgende \u00e5rsaker:<\/p>\n<p>Det \u00f8ker niv\u00e5ene av nevrotransmittere som dopamin og noradrenalin i hjernen v\u00e5r. I tillegg tjener disse spesifikke forbindelsene i hjernen til \u00e5 \u00f8ke energiniv\u00e5et, v\u00e5kenhet og fokus.<br \/> Medisinen kan \u00f8ke hastigheten p\u00e5 hjertefrekvensen og opprettholde blodtilf\u00f8rselen til musklene.<br \/> Konsekvent bruk som foreskrevet av leger kan resultere i \u00f8kt energi og kraft, noe som anses \u00e5 v\u00e6re sammenlignbart med kokainforbruk.<br \/> Negativt resultat:<\/p>\n<p>P\u00e5 grunn av det faktum at Adderall 30 MG er et sv\u00e6rt sensitivt medikament som bruker det uten leges resept kan ha en d\u00e5rlig effekt p\u00e5 helsen din.<\/p>\n<p>Irritabilitet<br \/> Vektreduksjon som er usunn som f\u00f8lge av appetittdemping<br \/> S\u00f8vnl\u00f8shet og forstyrret s\u00f8vnm\u00f8nster<br \/> Alvorlige hjertekomplikasjoner<\/p>\n<p>&nbsp;<\/p>\n<p>&nbsp;<\/p>\n<p>&nbsp;<\/p>\n<p>I tilfelle misbruk:<\/p>\n<p>Leger har alltid informert pasienter \u00e5 bruke medisiner forsiktig, og hvis Adderall 30 MG ble misbrukt, resulterte det i \u00f8kte energiniv\u00e5er og sterk oppfriskning. I tillegg kan overforbruk av sistnevnte stoff resultere i ubehagelige symptomer som:<\/p>\n<p>Redusert oppmerksomhet p\u00e5 spesifikke oppgaver<br \/> Depresjon og treghet<br \/> Husk disse tretthetspunktene:<\/p>\n<p>I tillegg er det noen ting \u00e5 vurdere f\u00f8r du bruker Adderall 30 MG.<\/p>\n<p>Forskere r\u00e5det individer til \u00e5 ikke innta det hvis de hadde tatt MAO-hemmere som linezolid, metylenbl\u00e5tt injeksjon, isokarboksazid eller rasagilin i l\u00f8pet av de foreg\u00e5ende 14 dagene, siden dette kan resultere i en alvorlig farmakologisk interaksjon, som helt sikkert er usunn.<\/p>\n<p>I tillegg b\u00f8r en person som er allergisk mot sentralstimulerende medisiner unng\u00e5 det, eller hvis han eller hun allerede takler f\u00f8lgende:<\/p>\n<p>Enhver alvorlig koronararterie eller hjertesykdom<br \/> Hypertensjon (normal til h\u00f8y)<br \/> Angst og stress p\u00e5 et rekordh\u00f8yt niv\u00e5<br \/> Avhengighet av narkotika eller alkohol<br \/> Hva om noen er Adderall XR-avhengige?<\/p>\n<p>Avhengighet av et slikt stoff kan manifestere seg p\u00e5 to m\u00e5ter: psykologisk og fysisk.<\/p>\n<p>Hvis en person tar det p\u00e5 daglig basis og det blir inngrodd i livet hans, vil han utvikle en psykologisk avhengighet eller avhengighet av det. I tillegg kan det \u00e5 begrense tilgangen til det uansett grunn v\u00e6re plagsomt, og mentalt avhengige individer vil ha regelmessig stress eller hodepine.<\/p>\n<p>I tillegg, for mentalt avhengige individer, eskalerer forbruket ofte til farlige niv\u00e5er, og de er tvunget til \u00e5 fortsette \u00e5 drikke det selv med fare for livet. Imidlertid er en kur tilgjengelig i dette tilfellet. Dette atferdsm\u00f8nsteret kan endres gjennom psykiatrisk behandling. If\u00f8lge spesialister kan en terapi kalt kognitiv atferdsterapi v\u00e6re fordelaktig.<\/p>\n<p>For det andre, n\u00e5r en person er vant til \u00e5 ha et h\u00f8yere niv\u00e5 av dopamin tilgjengelig i hjernen, kan reduksjon av Adderall XR resultere i en reduksjon i dopamin niv\u00e5er, noe som resulterer i f\u00f8lgende:<\/p>\n<p>&nbsp;<\/p>\n<p>Depresjon eller utmattelse<br \/> \u00c5 sove unaturlig eller forbli v\u00e5ken i uvanlig lange perioder<\/p>\n<p>Det er n\u00f8dvendig \u00e5 understreke her at fysisk avhengighet kan fremkalle en trang til \u00e5 konsumere mer av stoffet for \u00e5 opprettholde tilfredshet, noe som kan resultere i en rekke u\u00f8nskede effekter og overdose.<\/p>\n<p>Men inntak av dem kun etter ekspertveiledning eller med den st\u00f8rste forsiktighet kan beskytte folk mot negative konsekvenser.<\/p>\n","protected":false},"excerpt":{"rendered":"<p>Kj\u00f8p Adderall 30 mg i Storbritannia og Europa fra v\u00e5rt beste globale nettapotek med rask internasjonal levering! Du finner den beste Adderall 30 mg for kj\u00f8p her!<\/p>\n<p>Kj\u00f8p Adderall 30 mg online. Kj\u00f8p Adderall 30 mg online fra en av de beste nettbutikkene til den beste prisen. Adderall er ogs\u00e5 kjent som amfetamin og dekstroamfetamin og brukes til \u00e5 behandle oppmerksomhetsunderskudd hyperaktivitetsforstyrrelse (ADHD) (oppmerksomhetsunderskudd hyperaktivitetsforstyrrelse).<\/p>\n<p>Adderall 30 MG er en reseptbelagt medisin som lages ved \u00e5 blande og dekstroamfetamin. Disse to komponentene fungerer som nervesystemets viktigste stimulanser. I tillegg har disse stimulantene en effekt p\u00e5 hjernekjemikaliene og nevronene som regulerer impulser og hyperaktivitet.<\/p>\n","protected":false},"featured_media":5138,"comment_status":"open","ping_status":"closed","template":"","meta":[],"product_brand":[],"product_cat":[1117],"product_tag":[1118,1121,1123,1124,1120,1119,1122],"class_list":{"0":"post-5122","1":"product","2":"type-product","3":"status-publish","4":"has-post-thumbnail","6":"product_cat-kjop-smerte-sove-sexpiller","7":"product_tag-adderall-30-mg-til-salg","8":"product_tag-bestille-adderall-30-mg-online","9":"product_tag-det-beste-stedet--kjpe-adderall-30-mg-online","10":"product_tag-hvor-kan-kjpe-adderall-30-mg-online","11":"product_tag-hvordan-kjpe-adderall-30-mg-online","12":"product_tag-buy-adderall-30-mg-online","13":"product_tag-purchase-adderall-30-mg-online","15":"first","16":"instock","17":"shipping-taxable","18":"purchasable","19":"product-type-variable","20":"has-default-attributes"},"yoast_head":"<!-- This site is optimized with the Yoast SEO plugin v27.3 - https:\/\/yoast.com\/product\/yoast-seo-wordpress\/ -->\n<title>Kj\u00f8p Adderall 30 mg - Adderall 30 mg - Beste globale medisiner<\/title>\n<meta name=\"description\" content=\"Kj\u00f8p Adderall 30mg piller online. Kj\u00f8p Adderall online 30 mg hos en av de beste forhandlerne p\u00e5 nett til den beste prisen. Adderall er ogs\u00e5 kjent som amfetamin og dekstroamfetamin som brukes til behandling av ADHD (oppmerksomhetsunderskudd hyperaktivitetsforstyrrelse).\" \/>\n<meta name=\"robots\" content=\"index, follow, max-snippet:-1, max-image-preview:large, max-video-preview:-1\" \/>\n<link rel=\"canonical\" href=\"https:\/\/medicinasinc.com\/no\/product\/buy-adderall-30-mg\/\" \/>\n<meta property=\"og:locale\" content=\"nn_NO\" \/>\n<meta property=\"og:type\" content=\"article\" \/>\n<meta property=\"og:title\" content=\"Kj\u00f8p Adderall 30 mg - Adderall 30 mg - Beste globale medisiner\" \/>\n<meta property=\"og:description\" content=\"Kj\u00f8p Adderall 30mg piller online. Kj\u00f8p Adderall online 30 mg hos en av de beste forhandlerne p\u00e5 nett til den beste prisen. Adderall er ogs\u00e5 kjent som amfetamin og dekstroamfetamin som brukes til behandling av ADHD (oppmerksomhetsunderskudd hyperaktivitetsforstyrrelse).\" \/>\n<meta property=\"og:url\" content=\"https:\/\/medicinasinc.com\/no\/product\/buy-adderall-30-mg\/\" \/>\n<meta property=\"og:site_name\" content=\"Medicinas Inc\" \/>\n<meta property=\"article:modified_time\" content=\"2022-03-22T01:01:37+00:00\" \/>\n<meta property=\"og:image\" content=\"https:\/\/medicinasinc.com\/no\/wp-content\/uploads\/sites\/14\/2022\/02\/Buy-Adderall-30-MG.jpg\" \/>\n\t<meta property=\"og:image:width\" content=\"392\" \/>\n\t<meta property=\"og:image:height\" content=\"300\" \/>\n\t<meta property=\"og:image:type\" content=\"image\/jpeg\" \/>\n<meta name=\"twitter:card\" content=\"summary_large_image\" \/>\n<meta name=\"twitter:label1\" content=\"Est. reading time\" \/>\n\t<meta name=\"twitter:data1\" content=\"4 minutt\" \/>\n<script type=\"application\/ld+json\" class=\"yoast-schema-graph\">{\"@context\":\"https:\\\/\\\/schema.org\",\"@graph\":[{\"@type\":\"WebPage\",\"@id\":\"https:\\\/\\\/medicinasinc.com\\\/no\\\/product\\\/buy-adderall-30-mg\\\/\",\"url\":\"https:\\\/\\\/medicinasinc.com\\\/no\\\/product\\\/buy-adderall-30-mg\\\/\",\"name\":\"Kj\u00f8p Adderall 30 mg - Adderall 30 mg - Beste globale medisiner\",\"isPartOf\":{\"@id\":\"https:\\\/\\\/medicinasinc.com\\\/no\\\/#website\"},\"primaryImageOfPage\":{\"@id\":\"https:\\\/\\\/medicinasinc.com\\\/no\\\/product\\\/buy-adderall-30-mg\\\/#primaryimage\"},\"image\":{\"@id\":\"https:\\\/\\\/medicinasinc.com\\\/no\\\/product\\\/buy-adderall-30-mg\\\/#primaryimage\"},\"thumbnailUrl\":\"https:\\\/\\\/medicinasinc.com\\\/no\\\/wp-content\\\/uploads\\\/sites\\\/14\\\/2022\\\/02\\\/Buy-Adderall-30-MG.jpg\",\"datePublished\":\"2022-02-20T20:38:15+00:00\",\"dateModified\":\"2022-03-22T01:01:37+00:00\",\"description\":\"Kj\u00f8p Adderall 30mg piller online. Kj\u00f8p Adderall online 30 mg hos en av de beste forhandlerne p\u00e5 nett til den beste prisen. Adderall er ogs\u00e5 kjent som amfetamin og dekstroamfetamin som brukes til behandling av ADHD (oppmerksomhetsunderskudd hyperaktivitetsforstyrrelse).\",\"breadcrumb\":{\"@id\":\"https:\\\/\\\/medicinasinc.com\\\/no\\\/product\\\/buy-adderall-30-mg\\\/#breadcrumb\"},\"inLanguage\":\"nn-NO\",\"potentialAction\":[{\"@type\":\"ReadAction\",\"target\":[\"https:\\\/\\\/medicinasinc.com\\\/no\\\/product\\\/buy-adderall-30-mg\\\/\"]}]},{\"@type\":\"ImageObject\",\"inLanguage\":\"nn-NO\",\"@id\":\"https:\\\/\\\/medicinasinc.com\\\/no\\\/product\\\/buy-adderall-30-mg\\\/#primaryimage\",\"url\":\"https:\\\/\\\/medicinasinc.com\\\/no\\\/wp-content\\\/uploads\\\/sites\\\/14\\\/2022\\\/02\\\/Buy-Adderall-30-MG.jpg\",\"contentUrl\":\"https:\\\/\\\/medicinasinc.com\\\/no\\\/wp-content\\\/uploads\\\/sites\\\/14\\\/2022\\\/02\\\/Buy-Adderall-30-MG.jpg\",\"width\":392,\"height\":300},{\"@type\":\"BreadcrumbList\",\"@id\":\"https:\\\/\\\/medicinasinc.com\\\/no\\\/product\\\/buy-adderall-30-mg\\\/#breadcrumb\",\"itemListElement\":[{\"@type\":\"ListItem\",\"position\":1,\"name\":\"Butikk\",\"item\":\"https:\\\/\\\/medicinasinc.com\\\/no\\\/butikk\\\/\"},{\"@type\":\"ListItem\",\"position\":2,\"name\":\"Kj\u00f8p Adderall 30 mg\"}]},{\"@type\":\"WebSite\",\"@id\":\"https:\\\/\\\/medicinasinc.com\\\/no\\\/#website\",\"url\":\"https:\\\/\\\/medicinasinc.com\\\/no\\\/\",\"name\":\"Medicinas Inc\",\"description\":\"Helsemedisinsk klinikk\",\"potentialAction\":[{\"@type\":\"SearchAction\",\"target\":{\"@type\":\"EntryPoint\",\"urlTemplate\":\"https:\\\/\\\/medicinasinc.com\\\/no\\\/?s={search_term_string}\"},\"query-input\":{\"@type\":\"PropertyValueSpecification\",\"valueRequired\":true,\"valueName\":\"search_term_string\"}}],\"inLanguage\":\"nn-NO\"}]}<\/script>\n<!-- \/ Yoast SEO plugin. -->","yoast_head_json":{"title":"Kj\u00f8p Adderall 30 mg - Adderall 30 mg - Beste globale medisiner","description":"Kj\u00f8p Adderall 30mg piller online. Kj\u00f8p Adderall online 30 mg hos en av de beste forhandlerne p\u00e5 nett til den beste prisen. Adderall er ogs\u00e5 kjent som amfetamin og dekstroamfetamin som brukes til behandling av ADHD (oppmerksomhetsunderskudd hyperaktivitetsforstyrrelse).","robots":{"index":"index","follow":"follow","max-snippet":"max-snippet:-1","max-image-preview":"max-image-preview:large","max-video-preview":"max-video-preview:-1"},"canonical":"https:\/\/medicinasinc.com\/no\/product\/buy-adderall-30-mg\/","og_locale":"nn_NO","og_type":"article","og_title":"Kj\u00f8p Adderall 30 mg - Adderall 30 mg - Beste globale medisiner","og_description":"Kj\u00f8p Adderall 30mg piller online. Kj\u00f8p Adderall online 30 mg hos en av de beste forhandlerne p\u00e5 nett til den beste prisen. Adderall er ogs\u00e5 kjent som amfetamin og dekstroamfetamin som brukes til behandling av ADHD (oppmerksomhetsunderskudd hyperaktivitetsforstyrrelse).","og_url":"https:\/\/medicinasinc.com\/no\/product\/buy-adderall-30-mg\/","og_site_name":"Medicinas Inc","article_modified_time":"2022-03-22T01:01:37+00:00","og_image":[{"width":392,"height":300,"url":"https:\/\/medicinasinc.com\/no\/wp-content\/uploads\/sites\/14\/2022\/02\/Buy-Adderall-30-MG.jpg","type":"image\/jpeg"}],"twitter_card":"summary_large_image","twitter_misc":{"Est. reading time":"4 minutt"},"schema":{"@context":"https:\/\/schema.org","@graph":[{"@type":"WebPage","@id":"https:\/\/medicinasinc.com\/no\/product\/buy-adderall-30-mg\/","url":"https:\/\/medicinasinc.com\/no\/product\/buy-adderall-30-mg\/","name":"Kj\u00f8p Adderall 30 mg - Adderall 30 mg - Beste globale medisiner","isPartOf":{"@id":"https:\/\/medicinasinc.com\/no\/#website"},"primaryImageOfPage":{"@id":"https:\/\/medicinasinc.com\/no\/product\/buy-adderall-30-mg\/#primaryimage"},"image":{"@id":"https:\/\/medicinasinc.com\/no\/product\/buy-adderall-30-mg\/#primaryimage"},"thumbnailUrl":"https:\/\/medicinasinc.com\/no\/wp-content\/uploads\/sites\/14\/2022\/02\/Buy-Adderall-30-MG.jpg","datePublished":"2022-02-20T20:38:15+00:00","dateModified":"2022-03-22T01:01:37+00:00","description":"Kj\u00f8p Adderall 30mg piller online. Kj\u00f8p Adderall online 30 mg hos en av de beste forhandlerne p\u00e5 nett til den beste prisen. Adderall er ogs\u00e5 kjent som amfetamin og dekstroamfetamin som brukes til behandling av ADHD (oppmerksomhetsunderskudd hyperaktivitetsforstyrrelse).","breadcrumb":{"@id":"https:\/\/medicinasinc.com\/no\/product\/buy-adderall-30-mg\/#breadcrumb"},"inLanguage":"nn-NO","potentialAction":[{"@type":"ReadAction","target":["https:\/\/medicinasinc.com\/no\/product\/buy-adderall-30-mg\/"]}]},{"@type":"ImageObject","inLanguage":"nn-NO","@id":"https:\/\/medicinasinc.com\/no\/product\/buy-adderall-30-mg\/#primaryimage","url":"https:\/\/medicinasinc.com\/no\/wp-content\/uploads\/sites\/14\/2022\/02\/Buy-Adderall-30-MG.jpg","contentUrl":"https:\/\/medicinasinc.com\/no\/wp-content\/uploads\/sites\/14\/2022\/02\/Buy-Adderall-30-MG.jpg","width":392,"height":300},{"@type":"BreadcrumbList","@id":"https:\/\/medicinasinc.com\/no\/product\/buy-adderall-30-mg\/#breadcrumb","itemListElement":[{"@type":"ListItem","position":1,"name":"Butikk","item":"https:\/\/medicinasinc.com\/no\/butikk\/"},{"@type":"ListItem","position":2,"name":"Kj\u00f8p Adderall 30 mg"}]},{"@type":"WebSite","@id":"https:\/\/medicinasinc.com\/no\/#website","url":"https:\/\/medicinasinc.com\/no\/","name":"Medicinas Inc","description":"Helsemedisinsk klinikk","potentialAction":[{"@type":"SearchAction","target":{"@type":"EntryPoint","urlTemplate":"https:\/\/medicinasinc.com\/no\/?s={search_term_string}"},"query-input":{"@type":"PropertyValueSpecification","valueRequired":true,"valueName":"search_term_string"}}],"inLanguage":"nn-NO"}]}},"_links":{"self":[{"href":"https:\/\/medicinasinc.com\/no\/wp-json\/wp\/v2\/product\/5122","targetHints":{"allow":["GET"]}}],"collection":[{"href":"https:\/\/medicinasinc.com\/no\/wp-json\/wp\/v2\/product"}],"about":[{"href":"https:\/\/medicinasinc.com\/no\/wp-json\/wp\/v2\/types\/product"}],"replies":[{"embeddable":true,"href":"https:\/\/medicinasinc.com\/no\/wp-json\/wp\/v2\/comments?post=5122"}],"wp:featuredmedia":[{"embeddable":true,"href":"https:\/\/medicinasinc.com\/no\/wp-json\/wp\/v2\/media\/5138"}],"wp:attachment":[{"href":"https:\/\/medicinasinc.com\/no\/wp-json\/wp\/v2\/media?parent=5122"}],"wp:term":[{"taxonomy":"product_brand","embeddable":true,"href":"https:\/\/medicinasinc.com\/no\/wp-json\/wp\/v2\/product_brand?post=5122"},{"taxonomy":"product_cat","embeddable":true,"href":"https:\/\/medicinasinc.com\/no\/wp-json\/wp\/v2\/product_cat?post=5122"},{"taxonomy":"product_tag","embeddable":true,"href":"https:\/\/medicinasinc.com\/no\/wp-json\/wp\/v2\/product_tag?post=5122"}],"curies":[{"name":"wp","href":"https:\/\/api.w.org\/{rel}","templated":true}]}}