{"id":5096,"date":"2022-02-20T20:15:06","date_gmt":"2022-02-20T20:15:06","guid":{"rendered":"https:\/\/medicinasinc.com\/no\/?post_type=product&#038;p=5096"},"modified":"2022-03-22T01:01:46","modified_gmt":"2022-03-22T01:01:46","slug":"grapefrukt-ugress-stamme","status":"publish","type":"product","link":"https:\/\/medicinasinc.com\/no\/product\/grapefrukt-ugress-stamme\/","title":{"rendered":"Grapefrukt ugressstamme"},"content":{"rendered":"<p><strong>Online kj\u00f8p av h\u00f8ykvalitets grapefruktmarihuana<\/strong><\/p>\n<p>Grapefrukt er en nesten ren sativa-stamme. Den ble laget ved \u00e5 krysse Askepott 99 med en ukjent grapefruktsmakende sativa. Dette er ikke en rekreasjons-marihuana-stamme; den tilbyr ogs\u00e5 en mengde medisinske egenskaper. Etter noen drag vil du f\u00f8le deg mindre stresset, deprimert og ha smerter.<\/p>\n<p><strong>Sativa<\/strong>\u00a0\u2013 100 %<\/p>\n<p><strong>THC<\/strong> &gt;: 17-20 %<\/p>\n<h3><strong>Viktig fraktinformasjon<\/strong><\/h3>\n<ul>\n<li><strong>GRATIS frakt for bestillinger p\u00e5 $175 eller mer<\/strong><\/li>\n<li>Vi er lokalisert p\u00e5 vestkysten av Canada<\/li>\n<li><strong>Bestillinger vil ta ca. 3 virkedager \u00e5 ankomme<\/strong>\u00a0etter at Canada Post har mottatt pakken *forutsatt at ingen forsinkelser fra Canada Post*<\/li>\n<li>Pakkene vil bli sendt basert p\u00e5 tidspunktet\u00a0<strong>n\u00e5r betalingen er mottatt<\/strong>\u00a0IKKE n\u00e5r bestillingen er plassert.<\/li>\n<li>Bestillinger med betaling mottatt mellom kl. 12.00 PST \u2013 12.00 PST (midnatt til kl. 12.00) vil bli sendt samme dag.<\/li>\n<li>Bestillinger med betaling mottatt etter kl. 12.00 PST (middag) vil bli sendt neste dag.<\/li>\n<\/ul>\n<div class=\" product-next-previous\">\n<div class=\"product-prev\"><\/div><\/div>\n","protected":false},"excerpt":{"rendered":"<div class=\"woocommerce-product-details__short-description\">\n<p>Grapefrukt er en sv\u00e6rt kraftig sativa marihuana-stamme skapt ved \u00e5 krysse Askepott 99 med grapefrukt. Grapefrukt har revitaliserende egenskaper og fremkaller en f\u00f8lelse av munterhet. Denne stammen har en tropisk smaksprofil og en duft av sitrus.<\/p>\n<p>Kj\u00f8p Grapefruit Marihuana Strain er en sv\u00e6rt kraftig sativa marihuana-stamme som er laget ved \u00e5 krysse Askepott 99 med grapefrukt. Grapefrukt-marihuana-stamme til salgs p\u00e5 nettet<\/p>\n<p>Grapefrukt-marihuana av h\u00f8yeste kvalitet tilgjengelig p\u00e5 nettet.<\/p>\n<p>Grapefrukt-Cannabis er en sativa-stamme. 70 % Dominant Hybrid Sativa \/ 30 % Indica THC: 20 %\u201325 %, CBN: 1 %<\/p>\n<\/p><\/div>\n","protected":false},"featured_media":5115,"comment_status":"open","ping_status":"closed","template":"","meta":[],"product_brand":[],"product_cat":[778],"product_tag":[1115,1063,1064,1065,1066,1071,1072,1073,1074,1079,1080,1081,1082,1087,1090,1091,1092,1093,1098,1099,1100,1101,1106,1107,1108,1109,1114,1116,1060,1067,1068,1070,1062,1075,1077,1061,1083,1084,1085,1086,1076,1069,1078,1088,1113,1104,1103,1094,1105,1089,1095,1097,1102,1110,1111,1112,1096],"class_list":{"0":"post-5096","1":"product","2":"type-product","3":"status-publish","4":"has-post-thumbnail","6":"product_cat-luke-til-salg","7":"product_tag-billig-grapefrukt-marihuana-til-salg-online","8":"product_tag-buy-grapefruit-strain-online-in-bulgary","9":"product_tag-buy-grapefruit-strain-online-in-canada","10":"product_tag-buy-grapefruit-strain-online-in-china","11":"product_tag-buy-grapefruit-strain-online-in-croatia","12":"product_tag-buy-grapefruit-strain-online-in-germany","13":"product_tag-buy-grapefruit-strain-online-in-hungary","14":"product_tag-buy-grapefruit-strain-online-in-ireland","15":"product_tag-buy-grapefruit-strain-online-in-italy","16":"product_tag-buy-grapefruit-strain-online-in-pillipines","17":"product_tag-buy-grapefruit-strain-online-in-russia","18":"product_tag-buy-grapefruit-strain-online-in-scotland","19":"product_tag-buy-grapefruit-strain-online-in-spain","20":"product_tag-buy-grapefruit-weed-strain-online","21":"product_tag-buy-weed-online-in-belarus","22":"product_tag-buy-weed-online-in-bulgary","23":"product_tag-buy-weed-online-in-canada","24":"product_tag-buy-weed-online-in-china","25":"product_tag-buy-weed-online-in-france","26":"product_tag-buy-weed-online-in-germany","27":"product_tag-buy-weed-online-in-hungary","28":"product_tag-buy-weed-online-in-ireland","29":"product_tag-buy-weed-online-in-new-zealand","30":"product_tag-buy-weed-online-in-pillipines","31":"product_tag-buy-weed-online-in-russia","32":"product_tag-buy-weed-online-in-scotland","33":"product_tag-buy-weed-online-online-in-uk","34":"product_tag-grapefrukt-ugress-til-salg-online","35":"product_tag-kjp-grapefrukt-stamme-online-i-australia","36":"product_tag-kjp-grapefrukt-stamme-online-i-danmark","37":"product_tag-kjp-grapefrukt-stamme-online-i-england","38":"product_tag-kjp-grapefrukt-stamme-online-i-frankrike","39":"product_tag-kjp-grapefrukt-stamme-online-i-hviterussland","40":"product_tag-kjp-grapefrukt-stamme-online-i-japan","41":"product_tag-kjp-grapefrukt-stamme-online-i-mexico","42":"product_tag-kjp-grapefrukt-stamme-online-i-sterrike","43":"product_tag-kjp-grapefrukt-stamme-online-i-sveits","44":"product_tag-kjp-grapefrukt-stamme-online-i-tyrkia","45":"product_tag-kjp-grapefrukt-stamme-online-i-usa","46":"product_tag-kjp-grapefrukt-stamme-online-online-in-uk","47":"product_tag-kjp-grapefrukt-stamme-online-p-malta","48":"product_tag-kjp-grapefrukt-stamme-online-i-finland","49":"product_tag-kjp-grapefrukt-stamme-online-i-new-zealand","50":"product_tag-kjp-weed-online-i-australia","51":"product_tag-kjp-weed-online-in-usa","52":"product_tag-kjp-ugress-online-p-malta","53":"product_tag-kjp-ugress-online-i-japan","54":"product_tag-kjp-ugress-online-i-kroatia","55":"product_tag-kjp-ugress-online-i-mexico","56":"product_tag-kjp-ugress-online-i-sterrike","57":"product_tag-kjp-ugress-p-nett-i-danmark","58":"product_tag-kjp-ugress-online-i-finland","59":"product_tag-buy-weed-online-in-italy","60":"product_tag-kjp-ugress-online-i-spania","61":"product_tag-kjp-ugress-online-i-sveits","62":"product_tag-kjp-ugress-online-i-tyrkia","63":"product_tag-kjp-ugress-online-i-england","65":"first","66":"instock","67":"shipping-taxable","68":"purchasable","69":"product-type-variable","70":"has-default-attributes"},"yoast_head":"<!-- This site is optimized with the Yoast SEO plugin v27.3 - https:\/\/yoast.com\/product\/yoast-seo-wordpress\/ -->\n<title>Kj\u00f8p Grapefrukt Weed Strain - Best Best Global Meds<\/title>\n<meta name=\"description\" content=\"Kj\u00f8p Grapefruit Weed Strain er en potent sativa marihuana stamme laget gjennom en krysning av Askepott 99. Kj\u00f8p Grapefruit Marihuana Strain online\" \/>\n<meta name=\"robots\" content=\"index, follow, max-snippet:-1, max-image-preview:large, max-video-preview:-1\" \/>\n<link rel=\"canonical\" href=\"https:\/\/medicinasinc.com\/no\/product\/grapefrukt-ugress-stamme\/\" \/>\n<meta property=\"og:locale\" content=\"nn_NO\" \/>\n<meta property=\"og:type\" content=\"article\" \/>\n<meta property=\"og:title\" content=\"Kj\u00f8p Grapefrukt Weed Strain - Best Best Global Meds\" \/>\n<meta property=\"og:description\" content=\"Kj\u00f8p Grapefruit Weed Strain er en potent sativa marihuana stamme laget gjennom en krysning av Askepott 99. Kj\u00f8p Grapefruit Marihuana Strain online\" \/>\n<meta property=\"og:url\" content=\"https:\/\/medicinasinc.com\/no\/product\/grapefrukt-ugress-stamme\/\" \/>\n<meta property=\"og:site_name\" content=\"Medicinas Inc\" \/>\n<meta property=\"article:modified_time\" content=\"2022-03-22T01:01:46+00:00\" \/>\n<meta property=\"og:image\" content=\"https:\/\/medicinasinc.com\/no\/wp-content\/uploads\/sites\/14\/2022\/02\/Buy-Grapefruit-Weed-Strain.jpg\" \/>\n\t<meta property=\"og:image:width\" content=\"600\" \/>\n\t<meta property=\"og:image:height\" content=\"600\" \/>\n\t<meta property=\"og:image:type\" content=\"image\/jpeg\" \/>\n<meta name=\"twitter:card\" content=\"summary_large_image\" \/>\n<meta name=\"twitter:label1\" content=\"Est. reading time\" \/>\n\t<meta name=\"twitter:data1\" content=\"1 minutt\" \/>\n<script type=\"application\/ld+json\" class=\"yoast-schema-graph\">{\"@context\":\"https:\\\/\\\/schema.org\",\"@graph\":[{\"@type\":\"WebPage\",\"@id\":\"https:\\\/\\\/medicinasinc.com\\\/no\\\/product\\\/grapefrukt-ugress-stamme\\\/\",\"url\":\"https:\\\/\\\/medicinasinc.com\\\/no\\\/product\\\/grapefrukt-ugress-stamme\\\/\",\"name\":\"Kj\u00f8p Grapefrukt Weed Strain - Best Best Global Meds\",\"isPartOf\":{\"@id\":\"https:\\\/\\\/medicinasinc.com\\\/no\\\/#website\"},\"primaryImageOfPage\":{\"@id\":\"https:\\\/\\\/medicinasinc.com\\\/no\\\/product\\\/grapefrukt-ugress-stamme\\\/#primaryimage\"},\"image\":{\"@id\":\"https:\\\/\\\/medicinasinc.com\\\/no\\\/product\\\/grapefrukt-ugress-stamme\\\/#primaryimage\"},\"thumbnailUrl\":\"https:\\\/\\\/medicinasinc.com\\\/no\\\/wp-content\\\/uploads\\\/sites\\\/14\\\/2022\\\/02\\\/Buy-Grapefruit-Weed-Strain.jpg\",\"datePublished\":\"2022-02-20T20:15:06+00:00\",\"dateModified\":\"2022-03-22T01:01:46+00:00\",\"description\":\"Kj\u00f8p Grapefruit Weed Strain er en potent sativa marihuana stamme laget gjennom en krysning av Askepott 99. Kj\u00f8p Grapefruit Marihuana Strain online\",\"breadcrumb\":{\"@id\":\"https:\\\/\\\/medicinasinc.com\\\/no\\\/product\\\/grapefrukt-ugress-stamme\\\/#breadcrumb\"},\"inLanguage\":\"nn-NO\",\"potentialAction\":[{\"@type\":\"ReadAction\",\"target\":[\"https:\\\/\\\/medicinasinc.com\\\/no\\\/product\\\/grapefrukt-ugress-stamme\\\/\"]}]},{\"@type\":\"ImageObject\",\"inLanguage\":\"nn-NO\",\"@id\":\"https:\\\/\\\/medicinasinc.com\\\/no\\\/product\\\/grapefrukt-ugress-stamme\\\/#primaryimage\",\"url\":\"https:\\\/\\\/medicinasinc.com\\\/no\\\/wp-content\\\/uploads\\\/sites\\\/14\\\/2022\\\/02\\\/Buy-Grapefruit-Weed-Strain.jpg\",\"contentUrl\":\"https:\\\/\\\/medicinasinc.com\\\/no\\\/wp-content\\\/uploads\\\/sites\\\/14\\\/2022\\\/02\\\/Buy-Grapefruit-Weed-Strain.jpg\",\"width\":600,\"height\":600},{\"@type\":\"BreadcrumbList\",\"@id\":\"https:\\\/\\\/medicinasinc.com\\\/no\\\/product\\\/grapefrukt-ugress-stamme\\\/#breadcrumb\",\"itemListElement\":[{\"@type\":\"ListItem\",\"position\":1,\"name\":\"Butikk\",\"item\":\"https:\\\/\\\/medicinasinc.com\\\/no\\\/butikk\\\/\"},{\"@type\":\"ListItem\",\"position\":2,\"name\":\"Grapefrukt ugressstamme\"}]},{\"@type\":\"WebSite\",\"@id\":\"https:\\\/\\\/medicinasinc.com\\\/no\\\/#website\",\"url\":\"https:\\\/\\\/medicinasinc.com\\\/no\\\/\",\"name\":\"Medicinas Inc\",\"description\":\"Helsemedisinsk klinikk\",\"potentialAction\":[{\"@type\":\"SearchAction\",\"target\":{\"@type\":\"EntryPoint\",\"urlTemplate\":\"https:\\\/\\\/medicinasinc.com\\\/no\\\/?s={search_term_string}\"},\"query-input\":{\"@type\":\"PropertyValueSpecification\",\"valueRequired\":true,\"valueName\":\"search_term_string\"}}],\"inLanguage\":\"nn-NO\"}]}<\/script>\n<!-- \/ Yoast SEO plugin. -->","yoast_head_json":{"title":"Kj\u00f8p Grapefrukt Weed Strain - Best Best Global Meds","description":"Kj\u00f8p Grapefruit Weed Strain er en potent sativa marihuana stamme laget gjennom en krysning av Askepott 99. Kj\u00f8p Grapefruit Marihuana Strain online","robots":{"index":"index","follow":"follow","max-snippet":"max-snippet:-1","max-image-preview":"max-image-preview:large","max-video-preview":"max-video-preview:-1"},"canonical":"https:\/\/medicinasinc.com\/no\/product\/grapefrukt-ugress-stamme\/","og_locale":"nn_NO","og_type":"article","og_title":"Kj\u00f8p Grapefrukt Weed Strain - Best Best Global Meds","og_description":"Kj\u00f8p Grapefruit Weed Strain er en potent sativa marihuana stamme laget gjennom en krysning av Askepott 99. Kj\u00f8p Grapefruit Marihuana Strain online","og_url":"https:\/\/medicinasinc.com\/no\/product\/grapefrukt-ugress-stamme\/","og_site_name":"Medicinas Inc","article_modified_time":"2022-03-22T01:01:46+00:00","og_image":[{"width":600,"height":600,"url":"https:\/\/medicinasinc.com\/no\/wp-content\/uploads\/sites\/14\/2022\/02\/Buy-Grapefruit-Weed-Strain.jpg","type":"image\/jpeg"}],"twitter_card":"summary_large_image","twitter_misc":{"Est. reading time":"1 minutt"},"schema":{"@context":"https:\/\/schema.org","@graph":[{"@type":"WebPage","@id":"https:\/\/medicinasinc.com\/no\/product\/grapefrukt-ugress-stamme\/","url":"https:\/\/medicinasinc.com\/no\/product\/grapefrukt-ugress-stamme\/","name":"Kj\u00f8p Grapefrukt Weed Strain - Best Best Global Meds","isPartOf":{"@id":"https:\/\/medicinasinc.com\/no\/#website"},"primaryImageOfPage":{"@id":"https:\/\/medicinasinc.com\/no\/product\/grapefrukt-ugress-stamme\/#primaryimage"},"image":{"@id":"https:\/\/medicinasinc.com\/no\/product\/grapefrukt-ugress-stamme\/#primaryimage"},"thumbnailUrl":"https:\/\/medicinasinc.com\/no\/wp-content\/uploads\/sites\/14\/2022\/02\/Buy-Grapefruit-Weed-Strain.jpg","datePublished":"2022-02-20T20:15:06+00:00","dateModified":"2022-03-22T01:01:46+00:00","description":"Kj\u00f8p Grapefruit Weed Strain er en potent sativa marihuana stamme laget gjennom en krysning av Askepott 99. Kj\u00f8p Grapefruit Marihuana Strain online","breadcrumb":{"@id":"https:\/\/medicinasinc.com\/no\/product\/grapefrukt-ugress-stamme\/#breadcrumb"},"inLanguage":"nn-NO","potentialAction":[{"@type":"ReadAction","target":["https:\/\/medicinasinc.com\/no\/product\/grapefrukt-ugress-stamme\/"]}]},{"@type":"ImageObject","inLanguage":"nn-NO","@id":"https:\/\/medicinasinc.com\/no\/product\/grapefrukt-ugress-stamme\/#primaryimage","url":"https:\/\/medicinasinc.com\/no\/wp-content\/uploads\/sites\/14\/2022\/02\/Buy-Grapefruit-Weed-Strain.jpg","contentUrl":"https:\/\/medicinasinc.com\/no\/wp-content\/uploads\/sites\/14\/2022\/02\/Buy-Grapefruit-Weed-Strain.jpg","width":600,"height":600},{"@type":"BreadcrumbList","@id":"https:\/\/medicinasinc.com\/no\/product\/grapefrukt-ugress-stamme\/#breadcrumb","itemListElement":[{"@type":"ListItem","position":1,"name":"Butikk","item":"https:\/\/medicinasinc.com\/no\/butikk\/"},{"@type":"ListItem","position":2,"name":"Grapefrukt ugressstamme"}]},{"@type":"WebSite","@id":"https:\/\/medicinasinc.com\/no\/#website","url":"https:\/\/medicinasinc.com\/no\/","name":"Medicinas Inc","description":"Helsemedisinsk klinikk","potentialAction":[{"@type":"SearchAction","target":{"@type":"EntryPoint","urlTemplate":"https:\/\/medicinasinc.com\/no\/?s={search_term_string}"},"query-input":{"@type":"PropertyValueSpecification","valueRequired":true,"valueName":"search_term_string"}}],"inLanguage":"nn-NO"}]}},"_links":{"self":[{"href":"https:\/\/medicinasinc.com\/no\/wp-json\/wp\/v2\/product\/5096","targetHints":{"allow":["GET"]}}],"collection":[{"href":"https:\/\/medicinasinc.com\/no\/wp-json\/wp\/v2\/product"}],"about":[{"href":"https:\/\/medicinasinc.com\/no\/wp-json\/wp\/v2\/types\/product"}],"replies":[{"embeddable":true,"href":"https:\/\/medicinasinc.com\/no\/wp-json\/wp\/v2\/comments?post=5096"}],"wp:featuredmedia":[{"embeddable":true,"href":"https:\/\/medicinasinc.com\/no\/wp-json\/wp\/v2\/media\/5115"}],"wp:attachment":[{"href":"https:\/\/medicinasinc.com\/no\/wp-json\/wp\/v2\/media?parent=5096"}],"wp:term":[{"taxonomy":"product_brand","embeddable":true,"href":"https:\/\/medicinasinc.com\/no\/wp-json\/wp\/v2\/product_brand?post=5096"},{"taxonomy":"product_cat","embeddable":true,"href":"https:\/\/medicinasinc.com\/no\/wp-json\/wp\/v2\/product_cat?post=5096"},{"taxonomy":"product_tag","embeddable":true,"href":"https:\/\/medicinasinc.com\/no\/wp-json\/wp\/v2\/product_tag?post=5096"}],"curies":[{"name":"wp","href":"https:\/\/api.w.org\/{rel}","templated":true}]}}