{"id":5095,"date":"2022-02-20T20:14:14","date_gmt":"2022-02-20T20:14:14","guid":{"rendered":"https:\/\/medicinasinc.com\/no\/?post_type=product&#038;p=5095"},"modified":"2022-03-22T01:01:55","modified_gmt":"2022-03-22T01:01:55","slug":"tunfisk-kush","status":"publish","type":"product","link":"https:\/\/medicinasinc.com\/no\/product\/tunfisk-kush\/","title":{"rendered":"Tunfisk Kush"},"content":{"rendered":"<p><strong>Knoppst\u00f8rrelse: Middels<\/strong><br \/> <strong>Tekstur: Litt klissete \/ Litt klebrig<br \/> Smaker: Jordaktig \/ Treaktig \/ Skarp<\/strong><\/p>\n<div class=\"product-next-previous\">\n<div class=\"product-prev\">Tuna Kush er et fenomen i British Columbia som gj\u00f8r et comeback p\u00e5 de nordamerikanske markedene for medisinsk cannabis. Denne rasen har blitt kalt en av de mest potente p\u00e5 markedet, og genererer kompakte, tykke nuggets som er tett belagt med harpiks. Selv om Tuna Kush ikke er kjent for \u00e5 ha h\u00f8ye avlinger, vil det som kommer ut av disse tynnere stilkene v\u00e6re kraftig og smakfullt. N\u00e5r det er sagt, hvis denne stammen kommer inn i veksten din, kan det v\u00e6re lurt \u00e5 forbedre karbonfiltrene dine, siden denne knoppen stinker! Forvent en kombinasjon av skarp skunk, drivstoff og en delikat s\u00f8dme.<\/div><\/div>\n","protected":false},"excerpt":{"rendered":"<p>Kj\u00f8p Tuna Kush er en av de mest potente indica cannabis-stammene som er tilgjengelig for salg. \u00c9n toke vil indusere en dyp f\u00f8lelse av begeistring og avslapning.<\/p>\n<p>Bluefin Tuna Kush er en Indica dominerende hybridstamme som kombinerer det beste fra Blueberry og BC ber\u00f8mte Tuna Kush.<\/p>\n","protected":false},"featured_media":5113,"comment_status":"open","ping_status":"closed","template":"","meta":[],"product_brand":[],"product_cat":[778],"product_tag":[],"class_list":{"0":"post-5095","1":"product","2":"type-product","3":"status-publish","4":"has-post-thumbnail","6":"product_cat-luke-til-salg","8":"first","9":"instock","10":"shipping-taxable","11":"purchasable","12":"product-type-variable","13":"has-default-attributes"},"yoast_head":"<!-- This site is optimized with the Yoast SEO plugin v27.3 - https:\/\/yoast.com\/product\/yoast-seo-wordpress\/ -->\n<title>Kj\u00f8p Tuna Kush - Tuna Kush - Beste globale medisiner<\/title>\n<meta name=\"description\" content=\"Kj\u00f8p Tuna Kush-ugress for salg er en av de mest potente indica cannabis-stammene som finnes. En toke vil sette deg i en dyp tilstand av eufori og avslapning.\" \/>\n<meta name=\"robots\" content=\"index, follow, max-snippet:-1, max-image-preview:large, max-video-preview:-1\" \/>\n<link rel=\"canonical\" href=\"https:\/\/medicinasinc.com\/no\/product\/tunfisk-kush\/\" \/>\n<meta property=\"og:locale\" content=\"nn_NO\" \/>\n<meta property=\"og:type\" content=\"article\" \/>\n<meta property=\"og:title\" content=\"Kj\u00f8p Tuna Kush - Tuna Kush - Beste globale medisiner\" \/>\n<meta property=\"og:description\" content=\"Kj\u00f8p Tuna Kush-ugress for salg er en av de mest potente indica cannabis-stammene som finnes. En toke vil sette deg i en dyp tilstand av eufori og avslapning.\" \/>\n<meta property=\"og:url\" content=\"https:\/\/medicinasinc.com\/no\/product\/tunfisk-kush\/\" \/>\n<meta property=\"og:site_name\" content=\"Medicinas Inc\" \/>\n<meta property=\"article:modified_time\" content=\"2022-03-22T01:01:55+00:00\" \/>\n<meta property=\"og:image\" content=\"https:\/\/medicinasinc.com\/no\/wp-content\/uploads\/sites\/14\/2022\/02\/Buy-Tuna-Kush.jpg\" \/>\n\t<meta property=\"og:image:width\" content=\"1024\" \/>\n\t<meta property=\"og:image:height\" content=\"768\" \/>\n\t<meta property=\"og:image:type\" content=\"image\/jpeg\" \/>\n<meta name=\"twitter:card\" content=\"summary_large_image\" \/>\n<meta name=\"twitter:label1\" content=\"Est. reading time\" \/>\n\t<meta name=\"twitter:data1\" content=\"1 minutt\" \/>\n<script type=\"application\/ld+json\" class=\"yoast-schema-graph\">{\"@context\":\"https:\\\/\\\/schema.org\",\"@graph\":[{\"@type\":\"WebPage\",\"@id\":\"https:\\\/\\\/medicinasinc.com\\\/no\\\/product\\\/tunfisk-kush\\\/\",\"url\":\"https:\\\/\\\/medicinasinc.com\\\/no\\\/product\\\/tunfisk-kush\\\/\",\"name\":\"Kj\u00f8p Tuna Kush - Tuna Kush - Beste globale medisiner\",\"isPartOf\":{\"@id\":\"https:\\\/\\\/medicinasinc.com\\\/no\\\/#website\"},\"primaryImageOfPage\":{\"@id\":\"https:\\\/\\\/medicinasinc.com\\\/no\\\/product\\\/tunfisk-kush\\\/#primaryimage\"},\"image\":{\"@id\":\"https:\\\/\\\/medicinasinc.com\\\/no\\\/product\\\/tunfisk-kush\\\/#primaryimage\"},\"thumbnailUrl\":\"https:\\\/\\\/medicinasinc.com\\\/no\\\/wp-content\\\/uploads\\\/sites\\\/14\\\/2022\\\/02\\\/Buy-Tuna-Kush.jpg\",\"datePublished\":\"2022-02-20T20:14:14+00:00\",\"dateModified\":\"2022-03-22T01:01:55+00:00\",\"description\":\"Kj\u00f8p Tuna Kush-ugress for salg er en av de mest potente indica cannabis-stammene som finnes. En toke vil sette deg i en dyp tilstand av eufori og avslapning.\",\"breadcrumb\":{\"@id\":\"https:\\\/\\\/medicinasinc.com\\\/no\\\/product\\\/tunfisk-kush\\\/#breadcrumb\"},\"inLanguage\":\"nn-NO\",\"potentialAction\":[{\"@type\":\"ReadAction\",\"target\":[\"https:\\\/\\\/medicinasinc.com\\\/no\\\/product\\\/tunfisk-kush\\\/\"]}]},{\"@type\":\"ImageObject\",\"inLanguage\":\"nn-NO\",\"@id\":\"https:\\\/\\\/medicinasinc.com\\\/no\\\/product\\\/tunfisk-kush\\\/#primaryimage\",\"url\":\"https:\\\/\\\/medicinasinc.com\\\/no\\\/wp-content\\\/uploads\\\/sites\\\/14\\\/2022\\\/02\\\/Buy-Tuna-Kush.jpg\",\"contentUrl\":\"https:\\\/\\\/medicinasinc.com\\\/no\\\/wp-content\\\/uploads\\\/sites\\\/14\\\/2022\\\/02\\\/Buy-Tuna-Kush.jpg\",\"width\":1024,\"height\":768},{\"@type\":\"BreadcrumbList\",\"@id\":\"https:\\\/\\\/medicinasinc.com\\\/no\\\/product\\\/tunfisk-kush\\\/#breadcrumb\",\"itemListElement\":[{\"@type\":\"ListItem\",\"position\":1,\"name\":\"Butikk\",\"item\":\"https:\\\/\\\/medicinasinc.com\\\/no\\\/butikk\\\/\"},{\"@type\":\"ListItem\",\"position\":2,\"name\":\"Tunfisk Kush\"}]},{\"@type\":\"WebSite\",\"@id\":\"https:\\\/\\\/medicinasinc.com\\\/no\\\/#website\",\"url\":\"https:\\\/\\\/medicinasinc.com\\\/no\\\/\",\"name\":\"Medicinas Inc\",\"description\":\"Helsemedisinsk klinikk\",\"potentialAction\":[{\"@type\":\"SearchAction\",\"target\":{\"@type\":\"EntryPoint\",\"urlTemplate\":\"https:\\\/\\\/medicinasinc.com\\\/no\\\/?s={search_term_string}\"},\"query-input\":{\"@type\":\"PropertyValueSpecification\",\"valueRequired\":true,\"valueName\":\"search_term_string\"}}],\"inLanguage\":\"nn-NO\"}]}<\/script>\n<!-- \/ Yoast SEO plugin. -->","yoast_head_json":{"title":"Kj\u00f8p Tuna Kush - Tuna Kush - Beste globale medisiner","description":"Kj\u00f8p Tuna Kush-ugress for salg er en av de mest potente indica cannabis-stammene som finnes. En toke vil sette deg i en dyp tilstand av eufori og avslapning.","robots":{"index":"index","follow":"follow","max-snippet":"max-snippet:-1","max-image-preview":"max-image-preview:large","max-video-preview":"max-video-preview:-1"},"canonical":"https:\/\/medicinasinc.com\/no\/product\/tunfisk-kush\/","og_locale":"nn_NO","og_type":"article","og_title":"Kj\u00f8p Tuna Kush - Tuna Kush - Beste globale medisiner","og_description":"Kj\u00f8p Tuna Kush-ugress for salg er en av de mest potente indica cannabis-stammene som finnes. En toke vil sette deg i en dyp tilstand av eufori og avslapning.","og_url":"https:\/\/medicinasinc.com\/no\/product\/tunfisk-kush\/","og_site_name":"Medicinas Inc","article_modified_time":"2022-03-22T01:01:55+00:00","og_image":[{"width":1024,"height":768,"url":"https:\/\/medicinasinc.com\/no\/wp-content\/uploads\/sites\/14\/2022\/02\/Buy-Tuna-Kush.jpg","type":"image\/jpeg"}],"twitter_card":"summary_large_image","twitter_misc":{"Est. reading time":"1 minutt"},"schema":{"@context":"https:\/\/schema.org","@graph":[{"@type":"WebPage","@id":"https:\/\/medicinasinc.com\/no\/product\/tunfisk-kush\/","url":"https:\/\/medicinasinc.com\/no\/product\/tunfisk-kush\/","name":"Kj\u00f8p Tuna Kush - Tuna Kush - Beste globale medisiner","isPartOf":{"@id":"https:\/\/medicinasinc.com\/no\/#website"},"primaryImageOfPage":{"@id":"https:\/\/medicinasinc.com\/no\/product\/tunfisk-kush\/#primaryimage"},"image":{"@id":"https:\/\/medicinasinc.com\/no\/product\/tunfisk-kush\/#primaryimage"},"thumbnailUrl":"https:\/\/medicinasinc.com\/no\/wp-content\/uploads\/sites\/14\/2022\/02\/Buy-Tuna-Kush.jpg","datePublished":"2022-02-20T20:14:14+00:00","dateModified":"2022-03-22T01:01:55+00:00","description":"Kj\u00f8p Tuna Kush-ugress for salg er en av de mest potente indica cannabis-stammene som finnes. En toke vil sette deg i en dyp tilstand av eufori og avslapning.","breadcrumb":{"@id":"https:\/\/medicinasinc.com\/no\/product\/tunfisk-kush\/#breadcrumb"},"inLanguage":"nn-NO","potentialAction":[{"@type":"ReadAction","target":["https:\/\/medicinasinc.com\/no\/product\/tunfisk-kush\/"]}]},{"@type":"ImageObject","inLanguage":"nn-NO","@id":"https:\/\/medicinasinc.com\/no\/product\/tunfisk-kush\/#primaryimage","url":"https:\/\/medicinasinc.com\/no\/wp-content\/uploads\/sites\/14\/2022\/02\/Buy-Tuna-Kush.jpg","contentUrl":"https:\/\/medicinasinc.com\/no\/wp-content\/uploads\/sites\/14\/2022\/02\/Buy-Tuna-Kush.jpg","width":1024,"height":768},{"@type":"BreadcrumbList","@id":"https:\/\/medicinasinc.com\/no\/product\/tunfisk-kush\/#breadcrumb","itemListElement":[{"@type":"ListItem","position":1,"name":"Butikk","item":"https:\/\/medicinasinc.com\/no\/butikk\/"},{"@type":"ListItem","position":2,"name":"Tunfisk Kush"}]},{"@type":"WebSite","@id":"https:\/\/medicinasinc.com\/no\/#website","url":"https:\/\/medicinasinc.com\/no\/","name":"Medicinas Inc","description":"Helsemedisinsk klinikk","potentialAction":[{"@type":"SearchAction","target":{"@type":"EntryPoint","urlTemplate":"https:\/\/medicinasinc.com\/no\/?s={search_term_string}"},"query-input":{"@type":"PropertyValueSpecification","valueRequired":true,"valueName":"search_term_string"}}],"inLanguage":"nn-NO"}]}},"_links":{"self":[{"href":"https:\/\/medicinasinc.com\/no\/wp-json\/wp\/v2\/product\/5095","targetHints":{"allow":["GET"]}}],"collection":[{"href":"https:\/\/medicinasinc.com\/no\/wp-json\/wp\/v2\/product"}],"about":[{"href":"https:\/\/medicinasinc.com\/no\/wp-json\/wp\/v2\/types\/product"}],"replies":[{"embeddable":true,"href":"https:\/\/medicinasinc.com\/no\/wp-json\/wp\/v2\/comments?post=5095"}],"wp:featuredmedia":[{"embeddable":true,"href":"https:\/\/medicinasinc.com\/no\/wp-json\/wp\/v2\/media\/5113"}],"wp:attachment":[{"href":"https:\/\/medicinasinc.com\/no\/wp-json\/wp\/v2\/media?parent=5095"}],"wp:term":[{"taxonomy":"product_brand","embeddable":true,"href":"https:\/\/medicinasinc.com\/no\/wp-json\/wp\/v2\/product_brand?post=5095"},{"taxonomy":"product_cat","embeddable":true,"href":"https:\/\/medicinasinc.com\/no\/wp-json\/wp\/v2\/product_cat?post=5095"},{"taxonomy":"product_tag","embeddable":true,"href":"https:\/\/medicinasinc.com\/no\/wp-json\/wp\/v2\/product_tag?post=5095"}],"curies":[{"name":"wp","href":"https:\/\/api.w.org\/{rel}","templated":true}]}}