{"id":5094,"date":"2022-02-20T20:12:57","date_gmt":"2022-02-20T20:12:57","guid":{"rendered":"https:\/\/medicinasinc.com\/no\/?post_type=product&#038;p=5094"},"modified":"2022-03-22T01:02:06","modified_gmt":"2022-03-22T01:02:06","slug":"kjop-rosa-kush","status":"publish","type":"product","link":"https:\/\/medicinasinc.com\/no\/product\/kjop-rosa-kush\/","title":{"rendered":"Kj\u00f8p Pink Kush"},"content":{"rendered":"<p><strong>Kj\u00f8p p\u00e5 nett av Pink Kush<\/strong><\/p>\n<p>Pink Kush, i likhet med OG Kush-s\u00f8sken, er en sv\u00e6rt ettertraktet indica-dominerende hybrid med kraftige kroppsfokuserte effekter. Rosa h\u00e5r dukker opp fra lyse gr\u00f8nne knopper som knapt er synlige under et lag med sukkerlignende trikomer, og gir en s\u00f8t vanilje- og godteriduft. Denne stammens effekt antas \u00e5 v\u00e6re overveldende, og til og med sm\u00e5 doser har vist seg \u00e5 lindre smerte, s\u00f8vnl\u00f8shet og tap av appetitt. Pink Kush-blomstringen tar 10 til 11 uker, men de enorme utbyttene av knopper p\u00e5 \u00f8verste hylle gj\u00f8r ventetiden verdt.<\/p>\n<div class=\"product-next-previous\">\n<div class=\"product-prev\"><\/div><\/div>\n","protected":false},"excerpt":{"rendered":"<p>Kj\u00f8p Pink Kush cannabis og andre AAA+ ugressstammer fra Europas favoritt online apotek. Legg inn bestillingen din i dag og dra nytte av gratis levering p\u00e5 alle bestillinger over $150!<\/p>\n<p>Pink Kush, i likhet med OG Kush-s\u00f8sken, er en sv\u00e6rt ettertraktet indica-dominerende hybrid med kraftige kroppsfokuserte effekter.<\/p>\n<div>\n<p class=\"percentage\"><span class=\"heading\">THC:\u00a0<\/span>25 %<\/p>\n<\/p><\/div>\n<div class=\"panel-heading\">Kan avlaste <i class=\"fa fa-info-circle\" title=\"Ansvarsfraskrivelse: All informasjon om cannabisstammer som vises p\u00e5 denne nettsiden er basert p\u00e5 brukeranmeldelser. De viste stammedata b\u00f8r behandles som et informativt verkt\u00f8y og ikke som medisinsk anbefaling. Vennligst kontakt legen din f\u00f8r du bruker cannabis til medisinske form\u00e5l.\" data-toggle=\"tooltip\" data-placement=\"right\"><\/i><\/div>\n<div class=\"panel-body well tags-list\">Tap appetitt,\u00a0kroniske smerter,\u00a0depresjon,\u00a0s\u00f8vnl\u00f8shet,\u00a0kvalme<\/div>\n<ul>\n<li>AAAA representerer det beste av det beste!<\/li>\n<li>Kontakt oss for engrosbestillinger<\/li>\n<li>Verdensomfattende frakt.<\/li>\n<\/ul>\n","protected":false},"featured_media":5111,"comment_status":"open","ping_status":"closed","template":"","meta":[],"product_brand":[],"product_cat":[778],"product_tag":[1050,1051,1059,1052,1049,634,1058,1053,1054,1055,1056,1057],"class_list":{"0":"post-5094","1":"product","2":"type-product","3":"status-publish","4":"has-post-thumbnail","6":"product_cat-luke-til-salg","7":"product_tag-buy-medical-marijuana-online-uk","8":"product_tag-buy-nembutal","9":"product_tag-luke-til-salg-i-italia","10":"product_tag-hybrid-ugress-stammer","11":"product_tag-kjp-cannabis-online-uk","12":"product_tag-kjp-marihuana-online-uk","13":"product_tag-rekreasjons-marihuana-dispensary","14":"product_tag-marihuana-stammer-online","15":"product_tag-online-marihuana-salg","16":"product_tag-online-medical-marijuana-sales","17":"product_tag-oxycontin-80-mg","18":"product_tag-smerte-tabletter-til-salg","20":"first","21":"instock","22":"shipping-taxable","23":"purchasable","24":"product-type-variable","25":"has-default-attributes"},"yoast_head":"<!-- This site is optimized with the Yoast SEO plugin v27.3 - https:\/\/yoast.com\/product\/yoast-seo-wordpress\/ -->\n<title>Kj\u00f8p Pink Kush Online - Beste beste globale medisiner<\/title>\n<meta name=\"description\" content=\"Kj\u00f8p Pink Kush weed stamme og mer AAA+ weed fra Europas favoritt online dispensary. Bestill i dag og nyt gratis frakt p\u00e5 alle bestillinger over $150!\" \/>\n<meta name=\"robots\" content=\"index, follow, max-snippet:-1, max-image-preview:large, max-video-preview:-1\" \/>\n<link rel=\"canonical\" href=\"https:\/\/medicinasinc.com\/no\/product\/kjop-rosa-kush\/\" \/>\n<meta property=\"og:locale\" content=\"nn_NO\" \/>\n<meta property=\"og:type\" content=\"article\" \/>\n<meta property=\"og:title\" content=\"Kj\u00f8p Pink Kush Online - Beste beste globale medisiner\" \/>\n<meta property=\"og:description\" content=\"Kj\u00f8p Pink Kush weed stamme og mer AAA+ weed fra Europas favoritt online dispensary. Bestill i dag og nyt gratis frakt p\u00e5 alle bestillinger over $150!\" \/>\n<meta property=\"og:url\" content=\"https:\/\/medicinasinc.com\/no\/product\/kjop-rosa-kush\/\" \/>\n<meta property=\"og:site_name\" content=\"Medicinas Inc\" \/>\n<meta property=\"article:modified_time\" content=\"2022-03-22T01:02:06+00:00\" \/>\n<meta property=\"og:image\" content=\"https:\/\/medicinasinc.com\/no\/wp-content\/uploads\/sites\/14\/2022\/02\/Buy-Pink-Kush.jpg\" \/>\n\t<meta property=\"og:image:width\" content=\"450\" \/>\n\t<meta property=\"og:image:height\" content=\"450\" \/>\n\t<meta property=\"og:image:type\" content=\"image\/jpeg\" \/>\n<meta name=\"twitter:card\" content=\"summary_large_image\" \/>\n<meta name=\"twitter:label1\" content=\"Est. reading time\" \/>\n\t<meta name=\"twitter:data1\" content=\"1 minutt\" \/>\n<script type=\"application\/ld+json\" class=\"yoast-schema-graph\">{\"@context\":\"https:\\\/\\\/schema.org\",\"@graph\":[{\"@type\":\"WebPage\",\"@id\":\"https:\\\/\\\/medicinasinc.com\\\/no\\\/product\\\/kjop-rosa-kush\\\/\",\"url\":\"https:\\\/\\\/medicinasinc.com\\\/no\\\/product\\\/kjop-rosa-kush\\\/\",\"name\":\"Kj\u00f8p Pink Kush Online - Beste beste globale medisiner\",\"isPartOf\":{\"@id\":\"https:\\\/\\\/medicinasinc.com\\\/no\\\/#website\"},\"primaryImageOfPage\":{\"@id\":\"https:\\\/\\\/medicinasinc.com\\\/no\\\/product\\\/kjop-rosa-kush\\\/#primaryimage\"},\"image\":{\"@id\":\"https:\\\/\\\/medicinasinc.com\\\/no\\\/product\\\/kjop-rosa-kush\\\/#primaryimage\"},\"thumbnailUrl\":\"https:\\\/\\\/medicinasinc.com\\\/no\\\/wp-content\\\/uploads\\\/sites\\\/14\\\/2022\\\/02\\\/Buy-Pink-Kush.jpg\",\"datePublished\":\"2022-02-20T20:12:57+00:00\",\"dateModified\":\"2022-03-22T01:02:06+00:00\",\"description\":\"Kj\u00f8p Pink Kush weed stamme og mer AAA+ weed fra Europas favoritt online dispensary. Bestill i dag og nyt gratis frakt p\u00e5 alle bestillinger over $150!\",\"breadcrumb\":{\"@id\":\"https:\\\/\\\/medicinasinc.com\\\/no\\\/product\\\/kjop-rosa-kush\\\/#breadcrumb\"},\"inLanguage\":\"nn-NO\",\"potentialAction\":[{\"@type\":\"ReadAction\",\"target\":[\"https:\\\/\\\/medicinasinc.com\\\/no\\\/product\\\/kjop-rosa-kush\\\/\"]}]},{\"@type\":\"ImageObject\",\"inLanguage\":\"nn-NO\",\"@id\":\"https:\\\/\\\/medicinasinc.com\\\/no\\\/product\\\/kjop-rosa-kush\\\/#primaryimage\",\"url\":\"https:\\\/\\\/medicinasinc.com\\\/no\\\/wp-content\\\/uploads\\\/sites\\\/14\\\/2022\\\/02\\\/Buy-Pink-Kush.jpg\",\"contentUrl\":\"https:\\\/\\\/medicinasinc.com\\\/no\\\/wp-content\\\/uploads\\\/sites\\\/14\\\/2022\\\/02\\\/Buy-Pink-Kush.jpg\",\"width\":450,\"height\":450},{\"@type\":\"BreadcrumbList\",\"@id\":\"https:\\\/\\\/medicinasinc.com\\\/no\\\/product\\\/kjop-rosa-kush\\\/#breadcrumb\",\"itemListElement\":[{\"@type\":\"ListItem\",\"position\":1,\"name\":\"Butikk\",\"item\":\"https:\\\/\\\/medicinasinc.com\\\/no\\\/butikk\\\/\"},{\"@type\":\"ListItem\",\"position\":2,\"name\":\"Kj\u00f8p Pink Kush\"}]},{\"@type\":\"WebSite\",\"@id\":\"https:\\\/\\\/medicinasinc.com\\\/no\\\/#website\",\"url\":\"https:\\\/\\\/medicinasinc.com\\\/no\\\/\",\"name\":\"Medicinas Inc\",\"description\":\"Helsemedisinsk klinikk\",\"potentialAction\":[{\"@type\":\"SearchAction\",\"target\":{\"@type\":\"EntryPoint\",\"urlTemplate\":\"https:\\\/\\\/medicinasinc.com\\\/no\\\/?s={search_term_string}\"},\"query-input\":{\"@type\":\"PropertyValueSpecification\",\"valueRequired\":true,\"valueName\":\"search_term_string\"}}],\"inLanguage\":\"nn-NO\"}]}<\/script>\n<!-- \/ Yoast SEO plugin. -->","yoast_head_json":{"title":"Kj\u00f8p Pink Kush Online - Beste beste globale medisiner","description":"Kj\u00f8p Pink Kush weed stamme og mer AAA+ weed fra Europas favoritt online dispensary. Bestill i dag og nyt gratis frakt p\u00e5 alle bestillinger over $150!","robots":{"index":"index","follow":"follow","max-snippet":"max-snippet:-1","max-image-preview":"max-image-preview:large","max-video-preview":"max-video-preview:-1"},"canonical":"https:\/\/medicinasinc.com\/no\/product\/kjop-rosa-kush\/","og_locale":"nn_NO","og_type":"article","og_title":"Kj\u00f8p Pink Kush Online - Beste beste globale medisiner","og_description":"Kj\u00f8p Pink Kush weed stamme og mer AAA+ weed fra Europas favoritt online dispensary. Bestill i dag og nyt gratis frakt p\u00e5 alle bestillinger over $150!","og_url":"https:\/\/medicinasinc.com\/no\/product\/kjop-rosa-kush\/","og_site_name":"Medicinas Inc","article_modified_time":"2022-03-22T01:02:06+00:00","og_image":[{"width":450,"height":450,"url":"https:\/\/medicinasinc.com\/no\/wp-content\/uploads\/sites\/14\/2022\/02\/Buy-Pink-Kush.jpg","type":"image\/jpeg"}],"twitter_card":"summary_large_image","twitter_misc":{"Est. reading time":"1 minutt"},"schema":{"@context":"https:\/\/schema.org","@graph":[{"@type":"WebPage","@id":"https:\/\/medicinasinc.com\/no\/product\/kjop-rosa-kush\/","url":"https:\/\/medicinasinc.com\/no\/product\/kjop-rosa-kush\/","name":"Kj\u00f8p Pink Kush Online - Beste beste globale medisiner","isPartOf":{"@id":"https:\/\/medicinasinc.com\/no\/#website"},"primaryImageOfPage":{"@id":"https:\/\/medicinasinc.com\/no\/product\/kjop-rosa-kush\/#primaryimage"},"image":{"@id":"https:\/\/medicinasinc.com\/no\/product\/kjop-rosa-kush\/#primaryimage"},"thumbnailUrl":"https:\/\/medicinasinc.com\/no\/wp-content\/uploads\/sites\/14\/2022\/02\/Buy-Pink-Kush.jpg","datePublished":"2022-02-20T20:12:57+00:00","dateModified":"2022-03-22T01:02:06+00:00","description":"Kj\u00f8p Pink Kush weed stamme og mer AAA+ weed fra Europas favoritt online dispensary. Bestill i dag og nyt gratis frakt p\u00e5 alle bestillinger over $150!","breadcrumb":{"@id":"https:\/\/medicinasinc.com\/no\/product\/kjop-rosa-kush\/#breadcrumb"},"inLanguage":"nn-NO","potentialAction":[{"@type":"ReadAction","target":["https:\/\/medicinasinc.com\/no\/product\/kjop-rosa-kush\/"]}]},{"@type":"ImageObject","inLanguage":"nn-NO","@id":"https:\/\/medicinasinc.com\/no\/product\/kjop-rosa-kush\/#primaryimage","url":"https:\/\/medicinasinc.com\/no\/wp-content\/uploads\/sites\/14\/2022\/02\/Buy-Pink-Kush.jpg","contentUrl":"https:\/\/medicinasinc.com\/no\/wp-content\/uploads\/sites\/14\/2022\/02\/Buy-Pink-Kush.jpg","width":450,"height":450},{"@type":"BreadcrumbList","@id":"https:\/\/medicinasinc.com\/no\/product\/kjop-rosa-kush\/#breadcrumb","itemListElement":[{"@type":"ListItem","position":1,"name":"Butikk","item":"https:\/\/medicinasinc.com\/no\/butikk\/"},{"@type":"ListItem","position":2,"name":"Kj\u00f8p Pink Kush"}]},{"@type":"WebSite","@id":"https:\/\/medicinasinc.com\/no\/#website","url":"https:\/\/medicinasinc.com\/no\/","name":"Medicinas Inc","description":"Helsemedisinsk klinikk","potentialAction":[{"@type":"SearchAction","target":{"@type":"EntryPoint","urlTemplate":"https:\/\/medicinasinc.com\/no\/?s={search_term_string}"},"query-input":{"@type":"PropertyValueSpecification","valueRequired":true,"valueName":"search_term_string"}}],"inLanguage":"nn-NO"}]}},"_links":{"self":[{"href":"https:\/\/medicinasinc.com\/no\/wp-json\/wp\/v2\/product\/5094","targetHints":{"allow":["GET"]}}],"collection":[{"href":"https:\/\/medicinasinc.com\/no\/wp-json\/wp\/v2\/product"}],"about":[{"href":"https:\/\/medicinasinc.com\/no\/wp-json\/wp\/v2\/types\/product"}],"replies":[{"embeddable":true,"href":"https:\/\/medicinasinc.com\/no\/wp-json\/wp\/v2\/comments?post=5094"}],"wp:featuredmedia":[{"embeddable":true,"href":"https:\/\/medicinasinc.com\/no\/wp-json\/wp\/v2\/media\/5111"}],"wp:attachment":[{"href":"https:\/\/medicinasinc.com\/no\/wp-json\/wp\/v2\/media?parent=5094"}],"wp:term":[{"taxonomy":"product_brand","embeddable":true,"href":"https:\/\/medicinasinc.com\/no\/wp-json\/wp\/v2\/product_brand?post=5094"},{"taxonomy":"product_cat","embeddable":true,"href":"https:\/\/medicinasinc.com\/no\/wp-json\/wp\/v2\/product_cat?post=5094"},{"taxonomy":"product_tag","embeddable":true,"href":"https:\/\/medicinasinc.com\/no\/wp-json\/wp\/v2\/product_tag?post=5094"}],"curies":[{"name":"wp","href":"https:\/\/api.w.org\/{rel}","templated":true}]}}