{"id":5093,"date":"2022-02-20T20:12:04","date_gmt":"2022-02-20T20:12:04","guid":{"rendered":"https:\/\/medicinasinc.com\/no\/?post_type=product&#038;p=5093"},"modified":"2022-03-22T01:02:16","modified_gmt":"2022-03-22T01:02:16","slug":"kjop-kirsebaer-gorilla-lim","status":"publish","type":"product","link":"https:\/\/medicinasinc.com\/no\/product\/kjop-kirsebaer-gorilla-lim\/","title":{"rendered":"Kj\u00f8p Cherry Gorilla Lim"},"content":{"rendered":"<p><strong>Kj\u00f8p online Cherry Gorilla Marijuana.<\/strong><\/p>\n<p>Cherry Gorilla Marijuana kan kj\u00f8pes online. Kj\u00f8p Cherry Gorilla cannabisstamme. En hybrid som inneholder 50 % Sativa og 50 % Indica THC: 17\u201318 %<\/p>\n<p>Effekter<br \/> Kroppsh\u00f8y, cerebral, glad, avslappende, oppl\u00f8ftende<br \/> Kan lindre<br \/> depresjon, Tretthet, s\u00f8vnl\u00f8shet, kvalme, stress<br \/> Smaker<br \/> Kirseb\u00e6r, kaffe, diesel, s\u00f8tt<\/p>\n","protected":false},"excerpt":{"rendered":"<div class=\"woocommerce-product-details__short-description\">\n<p>Kj\u00f8p aka Cherry Gorilla Glue Marihuana p\u00e5 det svarte markedet til den beste prisen. Alle produktene v\u00e5re er laget med helt naturlige, THC-frie komponenter. Bestill online i dag!<\/p>\n<p>Cherry Gorilla Marijuana kan kj\u00f8pes online. 100 % garantert levering og sporing, samt et stort utvalg av spiselige retter, konsentrater, Sativa, Indica og hybrider.<\/p>\n<p>Cherry Gorilla, noen ganger referert til som &amp;#8220 ;Cherry Gorilla Lim,&#8221; er en sjelden, jevnt balansert hybridstamme (50 indica\/50 sativa) produsert ved kryssavl.<\/p>\n<\/p><\/div>\n","protected":false},"featured_media":5109,"comment_status":"open","ping_status":"closed","template":"","meta":[],"product_brand":[],"product_cat":[778],"product_tag":[1044,1045,1046,1047,1048,1043,1041,1042],"class_list":{"0":"post-5093","1":"product","2":"type-product","3":"status-publish","4":"has-post-thumbnail","6":"product_cat-luke-til-salg","7":"product_tag-cherry-gorilla-strain-effects","8":"product_tag-cherry-gorilla-strain-leafly","9":"product_tag-cherry-gorilla-strain-reddit","10":"product_tag-cherry-gorilla-strain-review","11":"product_tag-gorilla-kirsebr-frukt","12":"product_tag-kirsebr-gorilla-fr","13":"product_tag-kirsebr-c3-a6r-lim-stilk-blad","14":"product_tag-kirsebr-c3-a6r-gorilla-f2","16":"first","17":"instock","18":"shipping-taxable","19":"purchasable","20":"product-type-variable","21":"has-default-attributes"},"yoast_head":"<!-- This site is optimized with the Yoast SEO plugin v27.3 - https:\/\/yoast.com\/product\/yoast-seo-wordpress\/ -->\n<title>Kj\u00f8p Cherry Gorilla Glue - aka Cherry Gorilla Glue - Best Global Meds<\/title>\n<meta name=\"description\" content=\"Kj\u00f8p aka Cherry Gorilla Glue Marihuana Online til den beste markedsprisen. Alle v\u00e5re produkter er laget med rene naturlige ingredienser fri for THC. Bestill online n\u00e5!\" \/>\n<meta name=\"robots\" content=\"index, follow, max-snippet:-1, max-image-preview:large, max-video-preview:-1\" \/>\n<link rel=\"canonical\" href=\"https:\/\/medicinasinc.com\/no\/product\/kjop-kirsebaer-gorilla-lim\/\" \/>\n<meta property=\"og:locale\" content=\"nn_NO\" \/>\n<meta property=\"og:type\" content=\"article\" \/>\n<meta property=\"og:title\" content=\"Kj\u00f8p Cherry Gorilla Glue - aka Cherry Gorilla Glue - Best Global Meds\" \/>\n<meta property=\"og:description\" content=\"Kj\u00f8p aka Cherry Gorilla Glue Marihuana Online til den beste markedsprisen. Alle v\u00e5re produkter er laget med rene naturlige ingredienser fri for THC. Bestill online n\u00e5!\" \/>\n<meta property=\"og:url\" content=\"https:\/\/medicinasinc.com\/no\/product\/kjop-kirsebaer-gorilla-lim\/\" \/>\n<meta property=\"og:site_name\" content=\"Medicinas Inc\" \/>\n<meta property=\"article:modified_time\" content=\"2022-03-22T01:02:16+00:00\" \/>\n<meta property=\"og:image\" content=\"https:\/\/medicinasinc.com\/no\/wp-content\/uploads\/sites\/14\/2022\/02\/Buy-Cherry-Gorilla-Marijuana.jpg\" \/>\n\t<meta property=\"og:image:width\" content=\"1080\" \/>\n\t<meta property=\"og:image:height\" content=\"1080\" \/>\n\t<meta property=\"og:image:type\" content=\"image\/jpeg\" \/>\n<meta name=\"twitter:card\" content=\"summary_large_image\" \/>\n<meta name=\"twitter:label1\" content=\"Est. reading time\" \/>\n\t<meta name=\"twitter:data1\" content=\"1 minutt\" \/>\n<script type=\"application\/ld+json\" class=\"yoast-schema-graph\">{\"@context\":\"https:\\\/\\\/schema.org\",\"@graph\":[{\"@type\":\"WebPage\",\"@id\":\"https:\\\/\\\/medicinasinc.com\\\/no\\\/product\\\/kjop-kirsebaer-gorilla-lim\\\/\",\"url\":\"https:\\\/\\\/medicinasinc.com\\\/no\\\/product\\\/kjop-kirsebaer-gorilla-lim\\\/\",\"name\":\"Kj\u00f8p Cherry Gorilla Glue - aka Cherry Gorilla Glue - Best Global Meds\",\"isPartOf\":{\"@id\":\"https:\\\/\\\/medicinasinc.com\\\/no\\\/#website\"},\"primaryImageOfPage\":{\"@id\":\"https:\\\/\\\/medicinasinc.com\\\/no\\\/product\\\/kjop-kirsebaer-gorilla-lim\\\/#primaryimage\"},\"image\":{\"@id\":\"https:\\\/\\\/medicinasinc.com\\\/no\\\/product\\\/kjop-kirsebaer-gorilla-lim\\\/#primaryimage\"},\"thumbnailUrl\":\"https:\\\/\\\/medicinasinc.com\\\/no\\\/wp-content\\\/uploads\\\/sites\\\/14\\\/2022\\\/02\\\/Buy-Cherry-Gorilla-Marijuana.jpg\",\"datePublished\":\"2022-02-20T20:12:04+00:00\",\"dateModified\":\"2022-03-22T01:02:16+00:00\",\"description\":\"Kj\u00f8p aka Cherry Gorilla Glue Marihuana Online til den beste markedsprisen. Alle v\u00e5re produkter er laget med rene naturlige ingredienser fri for THC. Bestill online n\u00e5!\",\"breadcrumb\":{\"@id\":\"https:\\\/\\\/medicinasinc.com\\\/no\\\/product\\\/kjop-kirsebaer-gorilla-lim\\\/#breadcrumb\"},\"inLanguage\":\"nn-NO\",\"potentialAction\":[{\"@type\":\"ReadAction\",\"target\":[\"https:\\\/\\\/medicinasinc.com\\\/no\\\/product\\\/kjop-kirsebaer-gorilla-lim\\\/\"]}]},{\"@type\":\"ImageObject\",\"inLanguage\":\"nn-NO\",\"@id\":\"https:\\\/\\\/medicinasinc.com\\\/no\\\/product\\\/kjop-kirsebaer-gorilla-lim\\\/#primaryimage\",\"url\":\"https:\\\/\\\/medicinasinc.com\\\/no\\\/wp-content\\\/uploads\\\/sites\\\/14\\\/2022\\\/02\\\/Buy-Cherry-Gorilla-Marijuana.jpg\",\"contentUrl\":\"https:\\\/\\\/medicinasinc.com\\\/no\\\/wp-content\\\/uploads\\\/sites\\\/14\\\/2022\\\/02\\\/Buy-Cherry-Gorilla-Marijuana.jpg\",\"width\":1080,\"height\":1080},{\"@type\":\"BreadcrumbList\",\"@id\":\"https:\\\/\\\/medicinasinc.com\\\/no\\\/product\\\/kjop-kirsebaer-gorilla-lim\\\/#breadcrumb\",\"itemListElement\":[{\"@type\":\"ListItem\",\"position\":1,\"name\":\"Butikk\",\"item\":\"https:\\\/\\\/medicinasinc.com\\\/no\\\/butikk\\\/\"},{\"@type\":\"ListItem\",\"position\":2,\"name\":\"Kj\u00f8p Cherry Gorilla Lim\"}]},{\"@type\":\"WebSite\",\"@id\":\"https:\\\/\\\/medicinasinc.com\\\/no\\\/#website\",\"url\":\"https:\\\/\\\/medicinasinc.com\\\/no\\\/\",\"name\":\"Medicinas Inc\",\"description\":\"Helsemedisinsk klinikk\",\"potentialAction\":[{\"@type\":\"SearchAction\",\"target\":{\"@type\":\"EntryPoint\",\"urlTemplate\":\"https:\\\/\\\/medicinasinc.com\\\/no\\\/?s={search_term_string}\"},\"query-input\":{\"@type\":\"PropertyValueSpecification\",\"valueRequired\":true,\"valueName\":\"search_term_string\"}}],\"inLanguage\":\"nn-NO\"}]}<\/script>\n<!-- \/ Yoast SEO plugin. -->","yoast_head_json":{"title":"Kj\u00f8p Cherry Gorilla Glue - aka Cherry Gorilla Glue - Best Global Meds","description":"Kj\u00f8p aka Cherry Gorilla Glue Marihuana Online til den beste markedsprisen. Alle v\u00e5re produkter er laget med rene naturlige ingredienser fri for THC. Bestill online n\u00e5!","robots":{"index":"index","follow":"follow","max-snippet":"max-snippet:-1","max-image-preview":"max-image-preview:large","max-video-preview":"max-video-preview:-1"},"canonical":"https:\/\/medicinasinc.com\/no\/product\/kjop-kirsebaer-gorilla-lim\/","og_locale":"nn_NO","og_type":"article","og_title":"Kj\u00f8p Cherry Gorilla Glue - aka Cherry Gorilla Glue - Best Global Meds","og_description":"Kj\u00f8p aka Cherry Gorilla Glue Marihuana Online til den beste markedsprisen. Alle v\u00e5re produkter er laget med rene naturlige ingredienser fri for THC. Bestill online n\u00e5!","og_url":"https:\/\/medicinasinc.com\/no\/product\/kjop-kirsebaer-gorilla-lim\/","og_site_name":"Medicinas Inc","article_modified_time":"2022-03-22T01:02:16+00:00","og_image":[{"width":1080,"height":1080,"url":"https:\/\/medicinasinc.com\/no\/wp-content\/uploads\/sites\/14\/2022\/02\/Buy-Cherry-Gorilla-Marijuana.jpg","type":"image\/jpeg"}],"twitter_card":"summary_large_image","twitter_misc":{"Est. reading time":"1 minutt"},"schema":{"@context":"https:\/\/schema.org","@graph":[{"@type":"WebPage","@id":"https:\/\/medicinasinc.com\/no\/product\/kjop-kirsebaer-gorilla-lim\/","url":"https:\/\/medicinasinc.com\/no\/product\/kjop-kirsebaer-gorilla-lim\/","name":"Kj\u00f8p Cherry Gorilla Glue - aka Cherry Gorilla Glue - Best Global Meds","isPartOf":{"@id":"https:\/\/medicinasinc.com\/no\/#website"},"primaryImageOfPage":{"@id":"https:\/\/medicinasinc.com\/no\/product\/kjop-kirsebaer-gorilla-lim\/#primaryimage"},"image":{"@id":"https:\/\/medicinasinc.com\/no\/product\/kjop-kirsebaer-gorilla-lim\/#primaryimage"},"thumbnailUrl":"https:\/\/medicinasinc.com\/no\/wp-content\/uploads\/sites\/14\/2022\/02\/Buy-Cherry-Gorilla-Marijuana.jpg","datePublished":"2022-02-20T20:12:04+00:00","dateModified":"2022-03-22T01:02:16+00:00","description":"Kj\u00f8p aka Cherry Gorilla Glue Marihuana Online til den beste markedsprisen. Alle v\u00e5re produkter er laget med rene naturlige ingredienser fri for THC. Bestill online n\u00e5!","breadcrumb":{"@id":"https:\/\/medicinasinc.com\/no\/product\/kjop-kirsebaer-gorilla-lim\/#breadcrumb"},"inLanguage":"nn-NO","potentialAction":[{"@type":"ReadAction","target":["https:\/\/medicinasinc.com\/no\/product\/kjop-kirsebaer-gorilla-lim\/"]}]},{"@type":"ImageObject","inLanguage":"nn-NO","@id":"https:\/\/medicinasinc.com\/no\/product\/kjop-kirsebaer-gorilla-lim\/#primaryimage","url":"https:\/\/medicinasinc.com\/no\/wp-content\/uploads\/sites\/14\/2022\/02\/Buy-Cherry-Gorilla-Marijuana.jpg","contentUrl":"https:\/\/medicinasinc.com\/no\/wp-content\/uploads\/sites\/14\/2022\/02\/Buy-Cherry-Gorilla-Marijuana.jpg","width":1080,"height":1080},{"@type":"BreadcrumbList","@id":"https:\/\/medicinasinc.com\/no\/product\/kjop-kirsebaer-gorilla-lim\/#breadcrumb","itemListElement":[{"@type":"ListItem","position":1,"name":"Butikk","item":"https:\/\/medicinasinc.com\/no\/butikk\/"},{"@type":"ListItem","position":2,"name":"Kj\u00f8p Cherry Gorilla Lim"}]},{"@type":"WebSite","@id":"https:\/\/medicinasinc.com\/no\/#website","url":"https:\/\/medicinasinc.com\/no\/","name":"Medicinas Inc","description":"Helsemedisinsk klinikk","potentialAction":[{"@type":"SearchAction","target":{"@type":"EntryPoint","urlTemplate":"https:\/\/medicinasinc.com\/no\/?s={search_term_string}"},"query-input":{"@type":"PropertyValueSpecification","valueRequired":true,"valueName":"search_term_string"}}],"inLanguage":"nn-NO"}]}},"_links":{"self":[{"href":"https:\/\/medicinasinc.com\/no\/wp-json\/wp\/v2\/product\/5093","targetHints":{"allow":["GET"]}}],"collection":[{"href":"https:\/\/medicinasinc.com\/no\/wp-json\/wp\/v2\/product"}],"about":[{"href":"https:\/\/medicinasinc.com\/no\/wp-json\/wp\/v2\/types\/product"}],"replies":[{"embeddable":true,"href":"https:\/\/medicinasinc.com\/no\/wp-json\/wp\/v2\/comments?post=5093"}],"wp:featuredmedia":[{"embeddable":true,"href":"https:\/\/medicinasinc.com\/no\/wp-json\/wp\/v2\/media\/5109"}],"wp:attachment":[{"href":"https:\/\/medicinasinc.com\/no\/wp-json\/wp\/v2\/media?parent=5093"}],"wp:term":[{"taxonomy":"product_brand","embeddable":true,"href":"https:\/\/medicinasinc.com\/no\/wp-json\/wp\/v2\/product_brand?post=5093"},{"taxonomy":"product_cat","embeddable":true,"href":"https:\/\/medicinasinc.com\/no\/wp-json\/wp\/v2\/product_cat?post=5093"},{"taxonomy":"product_tag","embeddable":true,"href":"https:\/\/medicinasinc.com\/no\/wp-json\/wp\/v2\/product_tag?post=5093"}],"curies":[{"name":"wp","href":"https:\/\/api.w.org\/{rel}","templated":true}]}}