{"id":5070,"date":"2022-02-20T19:52:54","date_gmt":"2022-02-20T19:52:54","guid":{"rendered":"https:\/\/medicinasinc.com\/no\/?post_type=product&#038;p=5070"},"modified":"2022-03-22T01:02:27","modified_gmt":"2022-03-22T01:02:27","slug":"kjop-super-sur-skunk","status":"publish","type":"product","link":"https:\/\/medicinasinc.com\/no\/product\/kjop-super-sur-skunk\/","title":{"rendered":"Kj\u00f8p Super Sour Skunk"},"content":{"rendered":"<h1 class=\"product_title entry-title\">Kj\u00f8p Super Sour Skunk Marihuana online Spesifikasjoner for Super Sour Diesel Autoflower-stammen<\/h1>\n<p>Type: Sativa Dominant<br \/> Genetikk Foreldre: Sour Diesel X Super Silver Haze<br \/> Blomstringstid: 9 til 11 uker<br \/> Klima: Sol \/ Middelhavet<br \/> Avling: 315g\/m\u00b2 innend\u00f8rs \/ 370g\/plante utend\u00f8rs<br \/> Smaker: Krydret, syrlig, diesel, skarp, jordn\u00e6r <br \/> THC-niv\u00e5: 18%-24%<br \/> CBD-niv\u00e5: 1%<br \/> H\u00f8yde: H\u00f8y<br \/> Innh\u00f8stingsperiode: sent-oktober<br \/> Voksende vanskelighetsgrad: Moderat<\/p>\n<div class=\"product-next-previous\">\n<div class=\"product-prev\"><\/div><\/div>\n","protected":false},"excerpt":{"rendered":"<p>Super Sour Skunk Marihuana til salgs i Storbritannia og Europa til den beste prisen. Vi tilbyr trygg og sikker internasjonal forsendelse.<\/p>\n<p>Kj\u00f8p Super Sour Skunk i ditt omr\u00e5de. Legg inn en bestilling online. Henting eller levering samme dag.<\/p>\n<p>Kj\u00f8p Dispensary Packaging Novelty Super Sour Skunk Cali Tuna Tin Labels. Vi har 1000&#8217;er p\u00e5 lager og klare til \u00e5 sendes. I tillegg er tilpasset Cali-design tilgjengelig.<\/p>\n<p>.<\/p>\n","protected":false},"featured_media":5089,"comment_status":"open","ping_status":"closed","template":"","meta":[],"product_brand":[],"product_cat":[778],"product_tag":[1033,1034,1036,1037,1038,1039,1040,1035],"class_list":{"0":"post-5070","1":"product","2":"type-product","3":"status-publish","4":"has-post-thumbnail","6":"product_cat-luke-til-salg","7":"product_tag-sur-skunk-auto","8":"product_tag-p-skunk-cbd","9":"product_tag-sour-skunk-strain-allbud","10":"product_tag-sour-skunk-strain-indica-or-sativa","11":"product_tag-sour-skunk-strain-leafly","12":"product_tag-super-skunk","13":"product_tag-super-sour-skunk-strain","14":"product_tag-sur-skunk-og-strekk","16":"first","17":"instock","18":"shipping-taxable","19":"purchasable","20":"product-type-variable","21":"has-default-attributes"},"yoast_head":"<!-- This site is optimized with the Yoast SEO plugin v27.3 - https:\/\/yoast.com\/product\/yoast-seo-wordpress\/ -->\n<title>Kj\u00f8p Super Sour Skunk Marihuana online - Beste beste globale medisiner<\/title>\n<meta name=\"description\" content=\"Kj\u00f8p Super Sour Skunk Marihuana til salgs Storbritannia, Europa online til den beste prisen. Vi garanterer trygg og sikker frakt over hele verden\" \/>\n<meta name=\"robots\" content=\"index, follow, max-snippet:-1, max-image-preview:large, max-video-preview:-1\" \/>\n<link rel=\"canonical\" href=\"https:\/\/medicinasinc.com\/no\/product\/kjop-super-sur-skunk\/\" \/>\n<meta property=\"og:locale\" content=\"nn_NO\" \/>\n<meta property=\"og:type\" content=\"article\" \/>\n<meta property=\"og:title\" content=\"Kj\u00f8p Super Sour Skunk Marihuana online - Beste beste globale medisiner\" \/>\n<meta property=\"og:description\" content=\"Kj\u00f8p Super Sour Skunk Marihuana til salgs Storbritannia, Europa online til den beste prisen. Vi garanterer trygg og sikker frakt over hele verden\" \/>\n<meta property=\"og:url\" content=\"https:\/\/medicinasinc.com\/no\/product\/kjop-super-sur-skunk\/\" \/>\n<meta property=\"og:site_name\" content=\"Medicinas Inc\" \/>\n<meta property=\"article:modified_time\" content=\"2022-03-22T01:02:27+00:00\" \/>\n<meta property=\"og:image\" content=\"https:\/\/medicinasinc.com\/no\/wp-content\/uploads\/sites\/14\/2022\/02\/Buy-Super-Sour-Skunk.jpg\" \/>\n\t<meta property=\"og:image:width\" content=\"667\" \/>\n\t<meta property=\"og:image:height\" content=\"1000\" \/>\n\t<meta property=\"og:image:type\" content=\"image\/jpeg\" \/>\n<meta name=\"twitter:card\" content=\"summary_large_image\" \/>\n<meta name=\"twitter:label1\" content=\"Est. reading time\" \/>\n\t<meta name=\"twitter:data1\" content=\"1 minutt\" \/>\n<script type=\"application\/ld+json\" class=\"yoast-schema-graph\">{\"@context\":\"https:\\\/\\\/schema.org\",\"@graph\":[{\"@type\":\"WebPage\",\"@id\":\"https:\\\/\\\/medicinasinc.com\\\/no\\\/product\\\/kjop-super-sur-skunk\\\/\",\"url\":\"https:\\\/\\\/medicinasinc.com\\\/no\\\/product\\\/kjop-super-sur-skunk\\\/\",\"name\":\"Kj\u00f8p Super Sour Skunk Marihuana online - Beste beste globale medisiner\",\"isPartOf\":{\"@id\":\"https:\\\/\\\/medicinasinc.com\\\/no\\\/#website\"},\"primaryImageOfPage\":{\"@id\":\"https:\\\/\\\/medicinasinc.com\\\/no\\\/product\\\/kjop-super-sur-skunk\\\/#primaryimage\"},\"image\":{\"@id\":\"https:\\\/\\\/medicinasinc.com\\\/no\\\/product\\\/kjop-super-sur-skunk\\\/#primaryimage\"},\"thumbnailUrl\":\"https:\\\/\\\/medicinasinc.com\\\/no\\\/wp-content\\\/uploads\\\/sites\\\/14\\\/2022\\\/02\\\/Buy-Super-Sour-Skunk.jpg\",\"datePublished\":\"2022-02-20T19:52:54+00:00\",\"dateModified\":\"2022-03-22T01:02:27+00:00\",\"description\":\"Kj\u00f8p Super Sour Skunk Marihuana til salgs Storbritannia, Europa online til den beste prisen. Vi garanterer trygg og sikker frakt over hele verden\",\"breadcrumb\":{\"@id\":\"https:\\\/\\\/medicinasinc.com\\\/no\\\/product\\\/kjop-super-sur-skunk\\\/#breadcrumb\"},\"inLanguage\":\"nn-NO\",\"potentialAction\":[{\"@type\":\"ReadAction\",\"target\":[\"https:\\\/\\\/medicinasinc.com\\\/no\\\/product\\\/kjop-super-sur-skunk\\\/\"]}]},{\"@type\":\"ImageObject\",\"inLanguage\":\"nn-NO\",\"@id\":\"https:\\\/\\\/medicinasinc.com\\\/no\\\/product\\\/kjop-super-sur-skunk\\\/#primaryimage\",\"url\":\"https:\\\/\\\/medicinasinc.com\\\/no\\\/wp-content\\\/uploads\\\/sites\\\/14\\\/2022\\\/02\\\/Buy-Super-Sour-Skunk.jpg\",\"contentUrl\":\"https:\\\/\\\/medicinasinc.com\\\/no\\\/wp-content\\\/uploads\\\/sites\\\/14\\\/2022\\\/02\\\/Buy-Super-Sour-Skunk.jpg\",\"width\":667,\"height\":1000},{\"@type\":\"BreadcrumbList\",\"@id\":\"https:\\\/\\\/medicinasinc.com\\\/no\\\/product\\\/kjop-super-sur-skunk\\\/#breadcrumb\",\"itemListElement\":[{\"@type\":\"ListItem\",\"position\":1,\"name\":\"Butikk\",\"item\":\"https:\\\/\\\/medicinasinc.com\\\/no\\\/butikk\\\/\"},{\"@type\":\"ListItem\",\"position\":2,\"name\":\"Kj\u00f8p Super Sour Skunk\"}]},{\"@type\":\"WebSite\",\"@id\":\"https:\\\/\\\/medicinasinc.com\\\/no\\\/#website\",\"url\":\"https:\\\/\\\/medicinasinc.com\\\/no\\\/\",\"name\":\"Medicinas Inc\",\"description\":\"Helsemedisinsk klinikk\",\"potentialAction\":[{\"@type\":\"SearchAction\",\"target\":{\"@type\":\"EntryPoint\",\"urlTemplate\":\"https:\\\/\\\/medicinasinc.com\\\/no\\\/?s={search_term_string}\"},\"query-input\":{\"@type\":\"PropertyValueSpecification\",\"valueRequired\":true,\"valueName\":\"search_term_string\"}}],\"inLanguage\":\"nn-NO\"}]}<\/script>\n<!-- \/ Yoast SEO plugin. -->","yoast_head_json":{"title":"Kj\u00f8p Super Sour Skunk Marihuana online - Beste beste globale medisiner","description":"Kj\u00f8p Super Sour Skunk Marihuana til salgs Storbritannia, Europa online til den beste prisen. Vi garanterer trygg og sikker frakt over hele verden","robots":{"index":"index","follow":"follow","max-snippet":"max-snippet:-1","max-image-preview":"max-image-preview:large","max-video-preview":"max-video-preview:-1"},"canonical":"https:\/\/medicinasinc.com\/no\/product\/kjop-super-sur-skunk\/","og_locale":"nn_NO","og_type":"article","og_title":"Kj\u00f8p Super Sour Skunk Marihuana online - Beste beste globale medisiner","og_description":"Kj\u00f8p Super Sour Skunk Marihuana til salgs Storbritannia, Europa online til den beste prisen. Vi garanterer trygg og sikker frakt over hele verden","og_url":"https:\/\/medicinasinc.com\/no\/product\/kjop-super-sur-skunk\/","og_site_name":"Medicinas Inc","article_modified_time":"2022-03-22T01:02:27+00:00","og_image":[{"width":667,"height":1000,"url":"https:\/\/medicinasinc.com\/no\/wp-content\/uploads\/sites\/14\/2022\/02\/Buy-Super-Sour-Skunk.jpg","type":"image\/jpeg"}],"twitter_card":"summary_large_image","twitter_misc":{"Est. reading time":"1 minutt"},"schema":{"@context":"https:\/\/schema.org","@graph":[{"@type":"WebPage","@id":"https:\/\/medicinasinc.com\/no\/product\/kjop-super-sur-skunk\/","url":"https:\/\/medicinasinc.com\/no\/product\/kjop-super-sur-skunk\/","name":"Kj\u00f8p Super Sour Skunk Marihuana online - Beste beste globale medisiner","isPartOf":{"@id":"https:\/\/medicinasinc.com\/no\/#website"},"primaryImageOfPage":{"@id":"https:\/\/medicinasinc.com\/no\/product\/kjop-super-sur-skunk\/#primaryimage"},"image":{"@id":"https:\/\/medicinasinc.com\/no\/product\/kjop-super-sur-skunk\/#primaryimage"},"thumbnailUrl":"https:\/\/medicinasinc.com\/no\/wp-content\/uploads\/sites\/14\/2022\/02\/Buy-Super-Sour-Skunk.jpg","datePublished":"2022-02-20T19:52:54+00:00","dateModified":"2022-03-22T01:02:27+00:00","description":"Kj\u00f8p Super Sour Skunk Marihuana til salgs Storbritannia, Europa online til den beste prisen. Vi garanterer trygg og sikker frakt over hele verden","breadcrumb":{"@id":"https:\/\/medicinasinc.com\/no\/product\/kjop-super-sur-skunk\/#breadcrumb"},"inLanguage":"nn-NO","potentialAction":[{"@type":"ReadAction","target":["https:\/\/medicinasinc.com\/no\/product\/kjop-super-sur-skunk\/"]}]},{"@type":"ImageObject","inLanguage":"nn-NO","@id":"https:\/\/medicinasinc.com\/no\/product\/kjop-super-sur-skunk\/#primaryimage","url":"https:\/\/medicinasinc.com\/no\/wp-content\/uploads\/sites\/14\/2022\/02\/Buy-Super-Sour-Skunk.jpg","contentUrl":"https:\/\/medicinasinc.com\/no\/wp-content\/uploads\/sites\/14\/2022\/02\/Buy-Super-Sour-Skunk.jpg","width":667,"height":1000},{"@type":"BreadcrumbList","@id":"https:\/\/medicinasinc.com\/no\/product\/kjop-super-sur-skunk\/#breadcrumb","itemListElement":[{"@type":"ListItem","position":1,"name":"Butikk","item":"https:\/\/medicinasinc.com\/no\/butikk\/"},{"@type":"ListItem","position":2,"name":"Kj\u00f8p Super Sour Skunk"}]},{"@type":"WebSite","@id":"https:\/\/medicinasinc.com\/no\/#website","url":"https:\/\/medicinasinc.com\/no\/","name":"Medicinas Inc","description":"Helsemedisinsk klinikk","potentialAction":[{"@type":"SearchAction","target":{"@type":"EntryPoint","urlTemplate":"https:\/\/medicinasinc.com\/no\/?s={search_term_string}"},"query-input":{"@type":"PropertyValueSpecification","valueRequired":true,"valueName":"search_term_string"}}],"inLanguage":"nn-NO"}]}},"_links":{"self":[{"href":"https:\/\/medicinasinc.com\/no\/wp-json\/wp\/v2\/product\/5070","targetHints":{"allow":["GET"]}}],"collection":[{"href":"https:\/\/medicinasinc.com\/no\/wp-json\/wp\/v2\/product"}],"about":[{"href":"https:\/\/medicinasinc.com\/no\/wp-json\/wp\/v2\/types\/product"}],"replies":[{"embeddable":true,"href":"https:\/\/medicinasinc.com\/no\/wp-json\/wp\/v2\/comments?post=5070"}],"wp:featuredmedia":[{"embeddable":true,"href":"https:\/\/medicinasinc.com\/no\/wp-json\/wp\/v2\/media\/5089"}],"wp:attachment":[{"href":"https:\/\/medicinasinc.com\/no\/wp-json\/wp\/v2\/media?parent=5070"}],"wp:term":[{"taxonomy":"product_brand","embeddable":true,"href":"https:\/\/medicinasinc.com\/no\/wp-json\/wp\/v2\/product_brand?post=5070"},{"taxonomy":"product_cat","embeddable":true,"href":"https:\/\/medicinasinc.com\/no\/wp-json\/wp\/v2\/product_cat?post=5070"},{"taxonomy":"product_tag","embeddable":true,"href":"https:\/\/medicinasinc.com\/no\/wp-json\/wp\/v2\/product_tag?post=5070"}],"curies":[{"name":"wp","href":"https:\/\/api.w.org\/{rel}","templated":true}]}}