{"id":5069,"date":"2022-02-20T19:51:48","date_gmt":"2022-02-20T19:51:48","guid":{"rendered":"https:\/\/medicinasinc.com\/no\/?post_type=product&#038;p=5069"},"modified":"2022-03-22T01:02:37","modified_gmt":"2022-03-22T01:02:37","slug":"kjop-super-sur-diesel","status":"publish","type":"product","link":"https:\/\/medicinasinc.com\/no\/product\/kjop-super-sur-diesel\/","title":{"rendered":"Kj\u00f8p Super Sour Diesel"},"content":{"rendered":"<p>Marijuana Super Sour Diesel til salgs p\u00e5 nettet.<\/p>\n<p>Marijuana Super Sour Diesel til salgs p\u00e5 nettet.<\/p>\n<p>Sativa THC-innholdet i supersur diesel marihuana-stammen er mellom 18 og 24 prosent.<\/p>\n<p>Effekter<br \/> Cerebral, energigivende, eufori, glad<br \/> Kan lindre<br \/> ADD\/ADHD, kronisk smerte, depresjon, \u00f8yetrykk, tretthet, fibromyalgi, tap av appetitt, migrene, Stress<br \/> Smaker<br \/> Sitrus, Diesel, Krydret, S\u00f8t<br \/> Aromaer<br \/> Diesel, Urte, Skarp, Syrlig, Krydret<\/p>\n","protected":false},"excerpt":{"rendered":"<div class=\"woocommerce-product-details__short-description\">\n<p>Super Sour Diesel AAAA er en marihuana-stamme skapt ved \u00e5 krysse Super Silver Haze med Sour Diesel.<\/p>\n<p>Marihuana Super Sour Diesel til salgs p\u00e5 nettet. <\/p>\n<p>Kj\u00f8p\u00a0Weed\u00a0online. Marihuana til salgs. Kj\u00f8p medisinske marihuana- og cannabisstammer av h\u00f8y kvalitet p\u00e5 nettet.<\/p>\n<\/p><\/div>\n","protected":false},"featured_media":5087,"comment_status":"open","ping_status":"closed","template":"","meta":[],"product_brand":[],"product_cat":[778],"product_tag":[1027,1028,1025,1026,1032,1030,1029,1031],"class_list":{"0":"post-5069","1":"product","2":"type-product","3":"status-publish","4":"has-post-thumbnail","6":"product_cat-luke-til-salg","7":"product_tag-super-sour-diesel-effects","8":"product_tag-super-sour-diesel-price","9":"product_tag-super-sur-diesel-allbud","10":"product_tag-super-sur-diesel-cbd","11":"product_tag-super-sur-diesel-vs-sur-diesel","12":"product_tag-super-p-diesel-stamme","13":"product_tag-super-sikker-diesel-fr","14":"product_tag-supersikker-diesel-terpener","16":"first","17":"instock","18":"shipping-taxable","19":"purchasable","20":"product-type-variable","21":"has-default-attributes"},"yoast_head":"<!-- This site is optimized with the Yoast SEO plugin v27.3 - https:\/\/yoast.com\/product\/yoast-seo-wordpress\/ -->\n<title>Kj\u00f8p Super Sour Diesel - Best Best Global Meds<\/title>\n<meta name=\"description\" content=\"Kj\u00f8p Super Sour Diesel AAAA for salg p\u00e5 beste medisinske rekreasjonsdispensasjon, marihuana-stamme laget ved \u00e5 krysse Super Silver Haze med Sour Diesel.\" \/>\n<meta name=\"robots\" content=\"index, follow, max-snippet:-1, max-image-preview:large, max-video-preview:-1\" \/>\n<link rel=\"canonical\" href=\"https:\/\/medicinasinc.com\/no\/product\/kjop-super-sur-diesel\/\" \/>\n<meta property=\"og:locale\" content=\"nn_NO\" \/>\n<meta property=\"og:type\" content=\"article\" \/>\n<meta property=\"og:title\" content=\"Kj\u00f8p Super Sour Diesel - Best Best Global Meds\" \/>\n<meta property=\"og:description\" content=\"Kj\u00f8p Super Sour Diesel AAAA for salg p\u00e5 beste medisinske rekreasjonsdispensasjon, marihuana-stamme laget ved \u00e5 krysse Super Silver Haze med Sour Diesel.\" \/>\n<meta property=\"og:url\" content=\"https:\/\/medicinasinc.com\/no\/product\/kjop-super-sur-diesel\/\" \/>\n<meta property=\"og:site_name\" content=\"Medicinas Inc\" \/>\n<meta property=\"article:modified_time\" content=\"2022-03-22T01:02:37+00:00\" \/>\n<meta property=\"og:image\" content=\"https:\/\/medicinasinc.com\/no\/wp-content\/uploads\/sites\/14\/2022\/02\/Buy-Super-Sour-Diesel-scaled-1.jpg\" \/>\n\t<meta property=\"og:image:width\" content=\"1920\" \/>\n\t<meta property=\"og:image:height\" content=\"2560\" \/>\n\t<meta property=\"og:image:type\" content=\"image\/jpeg\" \/>\n<meta name=\"twitter:card\" content=\"summary_large_image\" \/>\n<meta name=\"twitter:label1\" content=\"Est. reading time\" \/>\n\t<meta name=\"twitter:data1\" content=\"1 minutt\" \/>\n<script type=\"application\/ld+json\" class=\"yoast-schema-graph\">{\"@context\":\"https:\\\/\\\/schema.org\",\"@graph\":[{\"@type\":\"WebPage\",\"@id\":\"https:\\\/\\\/medicinasinc.com\\\/no\\\/product\\\/kjop-super-sur-diesel\\\/\",\"url\":\"https:\\\/\\\/medicinasinc.com\\\/no\\\/product\\\/kjop-super-sur-diesel\\\/\",\"name\":\"Kj\u00f8p Super Sour Diesel - Best Best Global Meds\",\"isPartOf\":{\"@id\":\"https:\\\/\\\/medicinasinc.com\\\/no\\\/#website\"},\"primaryImageOfPage\":{\"@id\":\"https:\\\/\\\/medicinasinc.com\\\/no\\\/product\\\/kjop-super-sur-diesel\\\/#primaryimage\"},\"image\":{\"@id\":\"https:\\\/\\\/medicinasinc.com\\\/no\\\/product\\\/kjop-super-sur-diesel\\\/#primaryimage\"},\"thumbnailUrl\":\"https:\\\/\\\/medicinasinc.com\\\/no\\\/wp-content\\\/uploads\\\/sites\\\/14\\\/2022\\\/02\\\/Buy-Super-Sour-Diesel-scaled-1.jpg\",\"datePublished\":\"2022-02-20T19:51:48+00:00\",\"dateModified\":\"2022-03-22T01:02:37+00:00\",\"description\":\"Kj\u00f8p Super Sour Diesel AAAA for salg p\u00e5 beste medisinske rekreasjonsdispensasjon, marihuana-stamme laget ved \u00e5 krysse Super Silver Haze med Sour Diesel.\",\"breadcrumb\":{\"@id\":\"https:\\\/\\\/medicinasinc.com\\\/no\\\/product\\\/kjop-super-sur-diesel\\\/#breadcrumb\"},\"inLanguage\":\"nn-NO\",\"potentialAction\":[{\"@type\":\"ReadAction\",\"target\":[\"https:\\\/\\\/medicinasinc.com\\\/no\\\/product\\\/kjop-super-sur-diesel\\\/\"]}]},{\"@type\":\"ImageObject\",\"inLanguage\":\"nn-NO\",\"@id\":\"https:\\\/\\\/medicinasinc.com\\\/no\\\/product\\\/kjop-super-sur-diesel\\\/#primaryimage\",\"url\":\"https:\\\/\\\/medicinasinc.com\\\/no\\\/wp-content\\\/uploads\\\/sites\\\/14\\\/2022\\\/02\\\/Buy-Super-Sour-Diesel-scaled-1.jpg\",\"contentUrl\":\"https:\\\/\\\/medicinasinc.com\\\/no\\\/wp-content\\\/uploads\\\/sites\\\/14\\\/2022\\\/02\\\/Buy-Super-Sour-Diesel-scaled-1.jpg\",\"width\":1920,\"height\":2560},{\"@type\":\"BreadcrumbList\",\"@id\":\"https:\\\/\\\/medicinasinc.com\\\/no\\\/product\\\/kjop-super-sur-diesel\\\/#breadcrumb\",\"itemListElement\":[{\"@type\":\"ListItem\",\"position\":1,\"name\":\"Butikk\",\"item\":\"https:\\\/\\\/medicinasinc.com\\\/no\\\/butikk\\\/\"},{\"@type\":\"ListItem\",\"position\":2,\"name\":\"Kj\u00f8p Super Sour Diesel\"}]},{\"@type\":\"WebSite\",\"@id\":\"https:\\\/\\\/medicinasinc.com\\\/no\\\/#website\",\"url\":\"https:\\\/\\\/medicinasinc.com\\\/no\\\/\",\"name\":\"Medicinas Inc\",\"description\":\"Helsemedisinsk klinikk\",\"potentialAction\":[{\"@type\":\"SearchAction\",\"target\":{\"@type\":\"EntryPoint\",\"urlTemplate\":\"https:\\\/\\\/medicinasinc.com\\\/no\\\/?s={search_term_string}\"},\"query-input\":{\"@type\":\"PropertyValueSpecification\",\"valueRequired\":true,\"valueName\":\"search_term_string\"}}],\"inLanguage\":\"nn-NO\"}]}<\/script>\n<!-- \/ Yoast SEO plugin. -->","yoast_head_json":{"title":"Kj\u00f8p Super Sour Diesel - Best Best Global Meds","description":"Kj\u00f8p Super Sour Diesel AAAA for salg p\u00e5 beste medisinske rekreasjonsdispensasjon, marihuana-stamme laget ved \u00e5 krysse Super Silver Haze med Sour Diesel.","robots":{"index":"index","follow":"follow","max-snippet":"max-snippet:-1","max-image-preview":"max-image-preview:large","max-video-preview":"max-video-preview:-1"},"canonical":"https:\/\/medicinasinc.com\/no\/product\/kjop-super-sur-diesel\/","og_locale":"nn_NO","og_type":"article","og_title":"Kj\u00f8p Super Sour Diesel - Best Best Global Meds","og_description":"Kj\u00f8p Super Sour Diesel AAAA for salg p\u00e5 beste medisinske rekreasjonsdispensasjon, marihuana-stamme laget ved \u00e5 krysse Super Silver Haze med Sour Diesel.","og_url":"https:\/\/medicinasinc.com\/no\/product\/kjop-super-sur-diesel\/","og_site_name":"Medicinas Inc","article_modified_time":"2022-03-22T01:02:37+00:00","og_image":[{"width":1920,"height":2560,"url":"https:\/\/medicinasinc.com\/no\/wp-content\/uploads\/sites\/14\/2022\/02\/Buy-Super-Sour-Diesel-scaled-1.jpg","type":"image\/jpeg"}],"twitter_card":"summary_large_image","twitter_misc":{"Est. reading time":"1 minutt"},"schema":{"@context":"https:\/\/schema.org","@graph":[{"@type":"WebPage","@id":"https:\/\/medicinasinc.com\/no\/product\/kjop-super-sur-diesel\/","url":"https:\/\/medicinasinc.com\/no\/product\/kjop-super-sur-diesel\/","name":"Kj\u00f8p Super Sour Diesel - Best Best Global Meds","isPartOf":{"@id":"https:\/\/medicinasinc.com\/no\/#website"},"primaryImageOfPage":{"@id":"https:\/\/medicinasinc.com\/no\/product\/kjop-super-sur-diesel\/#primaryimage"},"image":{"@id":"https:\/\/medicinasinc.com\/no\/product\/kjop-super-sur-diesel\/#primaryimage"},"thumbnailUrl":"https:\/\/medicinasinc.com\/no\/wp-content\/uploads\/sites\/14\/2022\/02\/Buy-Super-Sour-Diesel-scaled-1.jpg","datePublished":"2022-02-20T19:51:48+00:00","dateModified":"2022-03-22T01:02:37+00:00","description":"Kj\u00f8p Super Sour Diesel AAAA for salg p\u00e5 beste medisinske rekreasjonsdispensasjon, marihuana-stamme laget ved \u00e5 krysse Super Silver Haze med Sour Diesel.","breadcrumb":{"@id":"https:\/\/medicinasinc.com\/no\/product\/kjop-super-sur-diesel\/#breadcrumb"},"inLanguage":"nn-NO","potentialAction":[{"@type":"ReadAction","target":["https:\/\/medicinasinc.com\/no\/product\/kjop-super-sur-diesel\/"]}]},{"@type":"ImageObject","inLanguage":"nn-NO","@id":"https:\/\/medicinasinc.com\/no\/product\/kjop-super-sur-diesel\/#primaryimage","url":"https:\/\/medicinasinc.com\/no\/wp-content\/uploads\/sites\/14\/2022\/02\/Buy-Super-Sour-Diesel-scaled-1.jpg","contentUrl":"https:\/\/medicinasinc.com\/no\/wp-content\/uploads\/sites\/14\/2022\/02\/Buy-Super-Sour-Diesel-scaled-1.jpg","width":1920,"height":2560},{"@type":"BreadcrumbList","@id":"https:\/\/medicinasinc.com\/no\/product\/kjop-super-sur-diesel\/#breadcrumb","itemListElement":[{"@type":"ListItem","position":1,"name":"Butikk","item":"https:\/\/medicinasinc.com\/no\/butikk\/"},{"@type":"ListItem","position":2,"name":"Kj\u00f8p Super Sour Diesel"}]},{"@type":"WebSite","@id":"https:\/\/medicinasinc.com\/no\/#website","url":"https:\/\/medicinasinc.com\/no\/","name":"Medicinas Inc","description":"Helsemedisinsk klinikk","potentialAction":[{"@type":"SearchAction","target":{"@type":"EntryPoint","urlTemplate":"https:\/\/medicinasinc.com\/no\/?s={search_term_string}"},"query-input":{"@type":"PropertyValueSpecification","valueRequired":true,"valueName":"search_term_string"}}],"inLanguage":"nn-NO"}]}},"_links":{"self":[{"href":"https:\/\/medicinasinc.com\/no\/wp-json\/wp\/v2\/product\/5069","targetHints":{"allow":["GET"]}}],"collection":[{"href":"https:\/\/medicinasinc.com\/no\/wp-json\/wp\/v2\/product"}],"about":[{"href":"https:\/\/medicinasinc.com\/no\/wp-json\/wp\/v2\/types\/product"}],"replies":[{"embeddable":true,"href":"https:\/\/medicinasinc.com\/no\/wp-json\/wp\/v2\/comments?post=5069"}],"wp:featuredmedia":[{"embeddable":true,"href":"https:\/\/medicinasinc.com\/no\/wp-json\/wp\/v2\/media\/5087"}],"wp:attachment":[{"href":"https:\/\/medicinasinc.com\/no\/wp-json\/wp\/v2\/media?parent=5069"}],"wp:term":[{"taxonomy":"product_brand","embeddable":true,"href":"https:\/\/medicinasinc.com\/no\/wp-json\/wp\/v2\/product_brand?post=5069"},{"taxonomy":"product_cat","embeddable":true,"href":"https:\/\/medicinasinc.com\/no\/wp-json\/wp\/v2\/product_cat?post=5069"},{"taxonomy":"product_tag","embeddable":true,"href":"https:\/\/medicinasinc.com\/no\/wp-json\/wp\/v2\/product_tag?post=5069"}],"curies":[{"name":"wp","href":"https:\/\/api.w.org\/{rel}","templated":true}]}}