{"id":5068,"date":"2022-02-20T19:50:54","date_gmt":"2022-02-20T19:50:54","guid":{"rendered":"https:\/\/medicinasinc.com\/no\/?post_type=product&#038;p=5068"},"modified":"2022-03-22T01:02:53","modified_gmt":"2022-03-22T01:02:53","slug":"kjop-super-sitron-dis","status":"publish","type":"product","link":"https:\/\/medicinasinc.com\/no\/product\/kjop-super-sitron-dis\/","title":{"rendered":"Kj\u00f8p Super Lemon Haze"},"content":{"rendered":"<p>Kj\u00f8p p\u00e5 nett av Super Lamon Haze<\/p>\n<p>Denne deilige sitronstammen er en god ettergivende stamme som passer for enhver veterangruppe. Super Lemon Haze er en av de mest popul\u00e6re stammene, spesielt blant indiske entusiaster, og har vellykket konvertert dem til sativa. Uten tvil er Super Lemon Haze unik. Denne Cannabis Cup-vinneren er en krysning mellom Lemon Skunk og Super Silver Haze, noe som gj\u00f8r den til en stamtavle og en av de beste sativaene som er tilgjengelige i dag. Du kan kj\u00f8pe Super Lamon Haze p\u00e5 nettet og finne den for salg p\u00e5 nettet. Denne sativa-dominante hybriden lever virkelig opp til navnet sitt, med en kraftig limonisk aroma som lukter utrolig. Super Lemon Haze begynner sakte, men jevnt og trutt, og bygges opp til et enormt euforisk h\u00f8ydepunkt som f\u00e5r deg til \u00e5 \u00f8nske \u00e5 hoppe fra stolen av begeistring. Denne stammen er ogs\u00e5 en popul\u00e6r medisinsk versjon, siden den kan brukes til \u00e5 behandle en lang rekke plager.<\/p>\n<p>Effekter<\/p>\n<p>Alle disse super-sativa-effektene er energibaserte. Det prim\u00e6re kjennetegnet er imidlertid at det er et fantastisk hverdagsfors\u00f8k p\u00e5 grunn av dets evne til \u00e5 gj\u00f8re det effektivt og tidvis nyskapende. Super Lemon Haze er i stand til \u00e5 roe deg ned tilstrekkelig til at du f\u00f8ler deg fin. Super Lemon Haze er den ideelle lykkelige f\u00f8lgesvennen. Hvis du har en lang dag foran deg og trenger \u00e5 f\u00e5 ting gjort grundig, er denne sativa veien \u00e5 g\u00e5.<br \/> Du vil ha en halvkilo av denne herlige knoppen \u00e5 holde alle i salen, og en annen \u00e5 trekke deg opp. Super Lemon Haze har ingen innvirkning p\u00e5 oppstartsbedrifter. Effekten kan gi en behagelig cerebral high, som gj\u00f8r at du kan tenke klarere og huske informasjon som du ellers ville glemme. I tillegg antas dette presset \u00e5 f\u00e5 deg til \u00e5 f\u00f8le deg litt frisk, noe som er ideelt for en romantisk kveld. Duften: En duftende knopp skal fremkalle bilder av sitrusfrukter. Super Lemon Haze har en sitrons\u00f8t smak med et hint av krydder og en ekstremt syrlig aroma. Den s\u00f8te sitronsmaken balanseres av et snev av jord og krydder, og skaper en fantastisk opplevelse. Super Lemon Haze har en ekstremt behagelig lukt. Denne sativaen har en behagelig, forfriskende aroma, og den sitronaktige jordigheten b\u00f8r henge p\u00e5 tungen din. Det er som om du inhalerer et godteri med en tydelig urteundertone.<\/p>\n<p>Medisinske fordeler<\/p>\n<p>Super Lemon Haze er foresl\u00e5tt for en rekke plager og symptomer. Kronisk tretthet kan lett bekjempes med denne potente belastningen p\u00e5 grunn av dens evne til \u00e5 skape en stabil og forh\u00f8yet sinnstilstand som stimulerer deg til \u00e5 gj\u00f8re ting. I tillegg er denne belastningen god til \u00e5 bekjempe stress og tristhet. Super Lemon Haze har evnen til \u00e5 behandle en rekke plager forbundet med en h\u00f8ystress livsstil, og den kan lett frigj\u00f8re seg fra mindre smerter som migrene, hodepine, ledd og muskelspasmer. Super Lemon Haze er et allsidig, p\u00e5litelig smertestillende middel som slapper av og kribler i kroppen, og skjuler andre fysiske problemer som kan oppst\u00e5. Den oppl\u00f8ftende smaken og aromaen bidrar til dens attraktivitet, og gj\u00f8r den hyggelig selv for folk som neppe vil bruke cannabis for \u00e5 behandle plagene sine.<\/p>\n","protected":false},"excerpt":{"rendered":"<div class=\"woocommerce-product-details__short-description\">\n<p>Kj\u00f8p Super Lemon Haze marihuana-stamme i Storbritannia og Europa. Det er en sterk sitrus og s\u00f8t Sativa-dominerende hybrid. Denne blomsten er resultatet av en krysning mellom sitronskunk og s\u00f8lvhaze.<\/p>\n<p>Kj\u00f8p p\u00e5 nett av Super Lemon Haze Marihuana-stamme.<\/p>\n<p>Super Lemon Haze er en Sativa-dominerende hybrid &#8211; 80 % Sativa \/ 20 % Indica. Indica THC-innhold er 25 %, CBD-innhold er 1 %, og CBN-innhold er 2 %.<\/p>\n<\/p><\/div>\n","protected":false},"featured_media":5085,"comment_status":"open","ping_status":"closed","template":"","meta":[],"product_brand":[],"product_cat":[778],"product_tag":[1019,1020,487,1024,1021,1022,486,1023],"class_list":{"0":"post-5068","1":"product","2":"type-product","3":"status-publish","4":"has-post-thumbnail","6":"product_cat-luke-til-salg","7":"product_tag-er-super-sitron-dis-psykedelisk","8":"product_tag-sitron-dis-fr-c3-b8-til-salg","9":"product_tag-super-lemon-haze-seeds","10":"product_tag-super-lemon-haze-seeds-usa","11":"product_tag-super-sitron-dis-autoflower","12":"product_tag-super-sitron-dis-autoflower-fr","13":"product_tag-super-sitron-dis-pris","14":"product_tag-super-sitron-dis-effekter","16":"first","17":"instock","18":"shipping-taxable","19":"purchasable","20":"product-type-variable","21":"has-default-attributes"},"yoast_head":"<!-- This site is optimized with the Yoast SEO plugin v27.3 - https:\/\/yoast.com\/product\/yoast-seo-wordpress\/ -->\n<title>Kj\u00f8p Super Lemon Haze - Best Best Global Meds<\/title>\n<meta name=\"description\" content=\"Kj\u00f8p Super Lemon Haze marihuana-stamme UK, Europe skarp sitrus og s\u00f8t Sativa-dominerende hybrid. Denne blomsten er et kryss av sitron skunk &amp; s\u00f8lv dis.\" \/>\n<meta name=\"robots\" content=\"index, follow, max-snippet:-1, max-image-preview:large, max-video-preview:-1\" \/>\n<link rel=\"canonical\" href=\"https:\/\/medicinasinc.com\/no\/product\/kjop-super-sitron-dis\/\" \/>\n<meta property=\"og:locale\" content=\"nn_NO\" \/>\n<meta property=\"og:type\" content=\"article\" \/>\n<meta property=\"og:title\" content=\"Kj\u00f8p Super Lemon Haze - Best Best Global Meds\" \/>\n<meta property=\"og:description\" content=\"Kj\u00f8p Super Lemon Haze marihuana-stamme UK, Europe skarp sitrus og s\u00f8t Sativa-dominerende hybrid. Denne blomsten er et kryss av sitron skunk &amp; s\u00f8lv dis.\" \/>\n<meta property=\"og:url\" content=\"https:\/\/medicinasinc.com\/no\/product\/kjop-super-sitron-dis\/\" \/>\n<meta property=\"og:site_name\" content=\"Medicinas Inc\" \/>\n<meta property=\"article:modified_time\" content=\"2022-03-22T01:02:53+00:00\" \/>\n<meta property=\"og:image\" content=\"https:\/\/medicinasinc.com\/no\/wp-content\/uploads\/sites\/14\/2022\/02\/Buy-Super-Lemon-Haze.jpg\" \/>\n\t<meta property=\"og:image:width\" content=\"1080\" \/>\n\t<meta property=\"og:image:height\" content=\"1080\" \/>\n\t<meta property=\"og:image:type\" content=\"image\/jpeg\" \/>\n<meta name=\"twitter:card\" content=\"summary_large_image\" \/>\n<meta name=\"twitter:label1\" content=\"Est. reading time\" \/>\n\t<meta name=\"twitter:data1\" content=\"3 minutt\" \/>\n<script type=\"application\/ld+json\" class=\"yoast-schema-graph\">{\"@context\":\"https:\\\/\\\/schema.org\",\"@graph\":[{\"@type\":\"WebPage\",\"@id\":\"https:\\\/\\\/medicinasinc.com\\\/no\\\/product\\\/kjop-super-sitron-dis\\\/\",\"url\":\"https:\\\/\\\/medicinasinc.com\\\/no\\\/product\\\/kjop-super-sitron-dis\\\/\",\"name\":\"Kj\u00f8p Super Lemon Haze - Best Best Global Meds\",\"isPartOf\":{\"@id\":\"https:\\\/\\\/medicinasinc.com\\\/no\\\/#website\"},\"primaryImageOfPage\":{\"@id\":\"https:\\\/\\\/medicinasinc.com\\\/no\\\/product\\\/kjop-super-sitron-dis\\\/#primaryimage\"},\"image\":{\"@id\":\"https:\\\/\\\/medicinasinc.com\\\/no\\\/product\\\/kjop-super-sitron-dis\\\/#primaryimage\"},\"thumbnailUrl\":\"https:\\\/\\\/medicinasinc.com\\\/no\\\/wp-content\\\/uploads\\\/sites\\\/14\\\/2022\\\/02\\\/Buy-Super-Lemon-Haze.jpg\",\"datePublished\":\"2022-02-20T19:50:54+00:00\",\"dateModified\":\"2022-03-22T01:02:53+00:00\",\"description\":\"Kj\u00f8p Super Lemon Haze marihuana-stamme UK, Europe skarp sitrus og s\u00f8t Sativa-dominerende hybrid. Denne blomsten er et kryss av sitron skunk &amp; s\u00f8lv dis.\",\"breadcrumb\":{\"@id\":\"https:\\\/\\\/medicinasinc.com\\\/no\\\/product\\\/kjop-super-sitron-dis\\\/#breadcrumb\"},\"inLanguage\":\"nn-NO\",\"potentialAction\":[{\"@type\":\"ReadAction\",\"target\":[\"https:\\\/\\\/medicinasinc.com\\\/no\\\/product\\\/kjop-super-sitron-dis\\\/\"]}]},{\"@type\":\"ImageObject\",\"inLanguage\":\"nn-NO\",\"@id\":\"https:\\\/\\\/medicinasinc.com\\\/no\\\/product\\\/kjop-super-sitron-dis\\\/#primaryimage\",\"url\":\"https:\\\/\\\/medicinasinc.com\\\/no\\\/wp-content\\\/uploads\\\/sites\\\/14\\\/2022\\\/02\\\/Buy-Super-Lemon-Haze.jpg\",\"contentUrl\":\"https:\\\/\\\/medicinasinc.com\\\/no\\\/wp-content\\\/uploads\\\/sites\\\/14\\\/2022\\\/02\\\/Buy-Super-Lemon-Haze.jpg\",\"width\":1080,\"height\":1080},{\"@type\":\"BreadcrumbList\",\"@id\":\"https:\\\/\\\/medicinasinc.com\\\/no\\\/product\\\/kjop-super-sitron-dis\\\/#breadcrumb\",\"itemListElement\":[{\"@type\":\"ListItem\",\"position\":1,\"name\":\"Butikk\",\"item\":\"https:\\\/\\\/medicinasinc.com\\\/no\\\/butikk\\\/\"},{\"@type\":\"ListItem\",\"position\":2,\"name\":\"Kj\u00f8p Super Lemon Haze\"}]},{\"@type\":\"WebSite\",\"@id\":\"https:\\\/\\\/medicinasinc.com\\\/no\\\/#website\",\"url\":\"https:\\\/\\\/medicinasinc.com\\\/no\\\/\",\"name\":\"Medicinas Inc\",\"description\":\"Helsemedisinsk klinikk\",\"potentialAction\":[{\"@type\":\"SearchAction\",\"target\":{\"@type\":\"EntryPoint\",\"urlTemplate\":\"https:\\\/\\\/medicinasinc.com\\\/no\\\/?s={search_term_string}\"},\"query-input\":{\"@type\":\"PropertyValueSpecification\",\"valueRequired\":true,\"valueName\":\"search_term_string\"}}],\"inLanguage\":\"nn-NO\"}]}<\/script>\n<!-- \/ Yoast SEO plugin. -->","yoast_head_json":{"title":"Kj\u00f8p Super Lemon Haze - Best Best Global Meds","description":"Kj\u00f8p Super Lemon Haze marihuana-stamme UK, Europe skarp sitrus og s\u00f8t Sativa-dominerende hybrid. Denne blomsten er et kryss av sitron skunk &amp; s\u00f8lv dis.","robots":{"index":"index","follow":"follow","max-snippet":"max-snippet:-1","max-image-preview":"max-image-preview:large","max-video-preview":"max-video-preview:-1"},"canonical":"https:\/\/medicinasinc.com\/no\/product\/kjop-super-sitron-dis\/","og_locale":"nn_NO","og_type":"article","og_title":"Kj\u00f8p Super Lemon Haze - Best Best Global Meds","og_description":"Kj\u00f8p Super Lemon Haze marihuana-stamme UK, Europe skarp sitrus og s\u00f8t Sativa-dominerende hybrid. Denne blomsten er et kryss av sitron skunk &amp; s\u00f8lv dis.","og_url":"https:\/\/medicinasinc.com\/no\/product\/kjop-super-sitron-dis\/","og_site_name":"Medicinas Inc","article_modified_time":"2022-03-22T01:02:53+00:00","og_image":[{"width":1080,"height":1080,"url":"https:\/\/medicinasinc.com\/no\/wp-content\/uploads\/sites\/14\/2022\/02\/Buy-Super-Lemon-Haze.jpg","type":"image\/jpeg"}],"twitter_card":"summary_large_image","twitter_misc":{"Est. reading time":"3 minutt"},"schema":{"@context":"https:\/\/schema.org","@graph":[{"@type":"WebPage","@id":"https:\/\/medicinasinc.com\/no\/product\/kjop-super-sitron-dis\/","url":"https:\/\/medicinasinc.com\/no\/product\/kjop-super-sitron-dis\/","name":"Kj\u00f8p Super Lemon Haze - Best Best Global Meds","isPartOf":{"@id":"https:\/\/medicinasinc.com\/no\/#website"},"primaryImageOfPage":{"@id":"https:\/\/medicinasinc.com\/no\/product\/kjop-super-sitron-dis\/#primaryimage"},"image":{"@id":"https:\/\/medicinasinc.com\/no\/product\/kjop-super-sitron-dis\/#primaryimage"},"thumbnailUrl":"https:\/\/medicinasinc.com\/no\/wp-content\/uploads\/sites\/14\/2022\/02\/Buy-Super-Lemon-Haze.jpg","datePublished":"2022-02-20T19:50:54+00:00","dateModified":"2022-03-22T01:02:53+00:00","description":"Kj\u00f8p Super Lemon Haze marihuana-stamme UK, Europe skarp sitrus og s\u00f8t Sativa-dominerende hybrid. Denne blomsten er et kryss av sitron skunk &amp; s\u00f8lv dis.","breadcrumb":{"@id":"https:\/\/medicinasinc.com\/no\/product\/kjop-super-sitron-dis\/#breadcrumb"},"inLanguage":"nn-NO","potentialAction":[{"@type":"ReadAction","target":["https:\/\/medicinasinc.com\/no\/product\/kjop-super-sitron-dis\/"]}]},{"@type":"ImageObject","inLanguage":"nn-NO","@id":"https:\/\/medicinasinc.com\/no\/product\/kjop-super-sitron-dis\/#primaryimage","url":"https:\/\/medicinasinc.com\/no\/wp-content\/uploads\/sites\/14\/2022\/02\/Buy-Super-Lemon-Haze.jpg","contentUrl":"https:\/\/medicinasinc.com\/no\/wp-content\/uploads\/sites\/14\/2022\/02\/Buy-Super-Lemon-Haze.jpg","width":1080,"height":1080},{"@type":"BreadcrumbList","@id":"https:\/\/medicinasinc.com\/no\/product\/kjop-super-sitron-dis\/#breadcrumb","itemListElement":[{"@type":"ListItem","position":1,"name":"Butikk","item":"https:\/\/medicinasinc.com\/no\/butikk\/"},{"@type":"ListItem","position":2,"name":"Kj\u00f8p Super Lemon Haze"}]},{"@type":"WebSite","@id":"https:\/\/medicinasinc.com\/no\/#website","url":"https:\/\/medicinasinc.com\/no\/","name":"Medicinas Inc","description":"Helsemedisinsk klinikk","potentialAction":[{"@type":"SearchAction","target":{"@type":"EntryPoint","urlTemplate":"https:\/\/medicinasinc.com\/no\/?s={search_term_string}"},"query-input":{"@type":"PropertyValueSpecification","valueRequired":true,"valueName":"search_term_string"}}],"inLanguage":"nn-NO"}]}},"_links":{"self":[{"href":"https:\/\/medicinasinc.com\/no\/wp-json\/wp\/v2\/product\/5068","targetHints":{"allow":["GET"]}}],"collection":[{"href":"https:\/\/medicinasinc.com\/no\/wp-json\/wp\/v2\/product"}],"about":[{"href":"https:\/\/medicinasinc.com\/no\/wp-json\/wp\/v2\/types\/product"}],"replies":[{"embeddable":true,"href":"https:\/\/medicinasinc.com\/no\/wp-json\/wp\/v2\/comments?post=5068"}],"wp:featuredmedia":[{"embeddable":true,"href":"https:\/\/medicinasinc.com\/no\/wp-json\/wp\/v2\/media\/5085"}],"wp:attachment":[{"href":"https:\/\/medicinasinc.com\/no\/wp-json\/wp\/v2\/media?parent=5068"}],"wp:term":[{"taxonomy":"product_brand","embeddable":true,"href":"https:\/\/medicinasinc.com\/no\/wp-json\/wp\/v2\/product_brand?post=5068"},{"taxonomy":"product_cat","embeddable":true,"href":"https:\/\/medicinasinc.com\/no\/wp-json\/wp\/v2\/product_cat?post=5068"},{"taxonomy":"product_tag","embeddable":true,"href":"https:\/\/medicinasinc.com\/no\/wp-json\/wp\/v2\/product_tag?post=5068"}],"curies":[{"name":"wp","href":"https:\/\/api.w.org\/{rel}","templated":true}]}}