{"id":5066,"date":"2022-02-20T19:49:25","date_gmt":"2022-02-20T19:49:25","guid":{"rendered":"https:\/\/medicinasinc.com\/no\/?post_type=product&#038;p=5066"},"modified":"2022-03-22T01:03:02","modified_gmt":"2022-03-22T01:03:02","slug":"kjope-snoops-dromme-marihuana","status":"publish","type":"product","link":"https:\/\/medicinasinc.com\/no\/product\/kjope-snoops-dromme-marihuana\/","title":{"rendered":"Kj\u00f8p Snoop&#8217;s Dream Marihuana"},"content":{"rendered":"<p><strong>Snoops Dream Marihuana-stamme kan kj\u00f8pes p\u00e5 nettet.<\/strong><\/p>\n<p>Snoops Dream Marihuana-stamme kan kj\u00f8pes p\u00e5 nettet.<\/p>\n<p>Effekter<br \/> Kreativ, energigivende , Eufori, Fnisende, Glad, Avslappende, Oppl\u00f8ftende<br \/> Kan lindre<br \/> Bipolar lidelse, kroniske smerter, depresjon, tretthet, hodepine, s\u00f8vnl\u00f8shet, PMS, PTSD, stress<br \/> Smaker<br \/> B\u00e6r, Bl\u00e5b\u00e6r, sm\u00f8raktig, furu, sukker, s\u00f8t, vanilje<\/p>\n","protected":false},"excerpt":{"rendered":"<p>Kj\u00f8p Snoops Dream Marihuana-stamme kan kj\u00f8pes online. Snoop&#8217;s Dream er en marihuana-stamme utviklet av Snoop Dogg. Hybrid &#8211; 50 % Sativa, 50 % Indica THC: 26 %<\/p>\n<p>Snoop&#8217;s Dream er en cannabisstamme oppkalt etter hip hop-artisten Snoop Dog. Han har vist betydelig interesse for marihuanasektoren.<\/p>\n<p>Snoop&#8217;s Dream er en marihuana-stamme utviklet av Snoop Dogg. Hybrid &#8211; 50 % Sativa, 50 % Indica THC-innhold: 26 %. Vi tilbyr muligheten til \u00e5 kj\u00f8pe medisinsk marihuana p\u00e5 nettet, voks og splintring og ugress.<\/p>\n","protected":false},"featured_media":5083,"comment_status":"open","ping_status":"closed","template":"","meta":[],"product_brand":[],"product_cat":[778],"product_tag":[1011,1014,1012,1015,1016,1017,1018,1013],"class_list":{"0":"post-5066","1":"product","2":"type-product","3":"status-publish","4":"has-post-thumbnail","6":"product_cat-luke-til-salg","7":"product_tag-bl-drmme-pris","8":"product_tag-blad-for-snoop-stammer","9":"product_tag-dream-dog-strain","10":"product_tag-master-kush-pris","11":"product_tag-snoop-dawg-strain-redbud-roots","12":"product_tag-snoop-stammer","13":"product_tag-snoops-dream-wikileaf","14":"product_tag-vokse-snoops-drm","16":"first","17":"instock","18":"shipping-taxable","19":"purchasable","20":"product-type-variable","21":"has-default-attributes"},"yoast_head":"<!-- This site is optimized with the Yoast SEO plugin v27.3 - https:\/\/yoast.com\/product\/yoast-seo-wordpress\/ -->\n<title>Kj\u00f8p Snoops Dream Marihuana - Beste beste globale medisiner<\/title>\n<meta name=\"description\" content=\"Krysser den bl\u00e5 dr\u00f8mmen med Master Kush, to livlige, kraftige varianter som sies \u00e5 v\u00e6re ... Dette er den beste plattformen for Kj\u00f8p Snoop&#039;s Dream-marihuana for salg.\" \/>\n<meta name=\"robots\" content=\"index, follow, max-snippet:-1, max-image-preview:large, max-video-preview:-1\" \/>\n<link rel=\"canonical\" href=\"https:\/\/medicinasinc.com\/no\/product\/kjope-snoops-dromme-marihuana\/\" \/>\n<meta property=\"og:locale\" content=\"nn_NO\" \/>\n<meta property=\"og:type\" content=\"article\" \/>\n<meta property=\"og:title\" content=\"Kj\u00f8p Snoops Dream Marihuana - Beste beste globale medisiner\" \/>\n<meta property=\"og:description\" content=\"Krysser den bl\u00e5 dr\u00f8mmen med Master Kush, to livlige, kraftige varianter som sies \u00e5 v\u00e6re ... Dette er den beste plattformen for Kj\u00f8p Snoop&#039;s Dream-marihuana for salg.\" \/>\n<meta property=\"og:url\" content=\"https:\/\/medicinasinc.com\/no\/product\/kjope-snoops-dromme-marihuana\/\" \/>\n<meta property=\"og:site_name\" content=\"Medicinas Inc\" \/>\n<meta property=\"article:modified_time\" content=\"2022-03-22T01:03:02+00:00\" \/>\n<meta property=\"og:image\" content=\"https:\/\/medicinasinc.com\/no\/wp-content\/uploads\/sites\/14\/2022\/02\/Buy-Snoops-Dream-Marijuana.jpg\" \/>\n\t<meta property=\"og:image:width\" content=\"2000\" \/>\n\t<meta property=\"og:image:height\" content=\"1333\" \/>\n\t<meta property=\"og:image:type\" content=\"image\/jpeg\" \/>\n<meta name=\"twitter:card\" content=\"summary_large_image\" \/>\n<meta name=\"twitter:label1\" content=\"Est. reading time\" \/>\n\t<meta name=\"twitter:data1\" content=\"1 minutt\" \/>\n<script type=\"application\/ld+json\" class=\"yoast-schema-graph\">{\"@context\":\"https:\\\/\\\/schema.org\",\"@graph\":[{\"@type\":\"WebPage\",\"@id\":\"https:\\\/\\\/medicinasinc.com\\\/no\\\/product\\\/kjope-snoops-dromme-marihuana\\\/\",\"url\":\"https:\\\/\\\/medicinasinc.com\\\/no\\\/product\\\/kjope-snoops-dromme-marihuana\\\/\",\"name\":\"Kj\u00f8p Snoops Dream Marihuana - Beste beste globale medisiner\",\"isPartOf\":{\"@id\":\"https:\\\/\\\/medicinasinc.com\\\/no\\\/#website\"},\"primaryImageOfPage\":{\"@id\":\"https:\\\/\\\/medicinasinc.com\\\/no\\\/product\\\/kjope-snoops-dromme-marihuana\\\/#primaryimage\"},\"image\":{\"@id\":\"https:\\\/\\\/medicinasinc.com\\\/no\\\/product\\\/kjope-snoops-dromme-marihuana\\\/#primaryimage\"},\"thumbnailUrl\":\"https:\\\/\\\/medicinasinc.com\\\/no\\\/wp-content\\\/uploads\\\/sites\\\/14\\\/2022\\\/02\\\/Buy-Snoops-Dream-Marijuana.jpg\",\"datePublished\":\"2022-02-20T19:49:25+00:00\",\"dateModified\":\"2022-03-22T01:03:02+00:00\",\"description\":\"Krysser den bl\u00e5 dr\u00f8mmen med Master Kush, to livlige, kraftige varianter som sies \u00e5 v\u00e6re ... Dette er den beste plattformen for Kj\u00f8p Snoop's Dream-marihuana for salg.\",\"breadcrumb\":{\"@id\":\"https:\\\/\\\/medicinasinc.com\\\/no\\\/product\\\/kjope-snoops-dromme-marihuana\\\/#breadcrumb\"},\"inLanguage\":\"nn-NO\",\"potentialAction\":[{\"@type\":\"ReadAction\",\"target\":[\"https:\\\/\\\/medicinasinc.com\\\/no\\\/product\\\/kjope-snoops-dromme-marihuana\\\/\"]}]},{\"@type\":\"ImageObject\",\"inLanguage\":\"nn-NO\",\"@id\":\"https:\\\/\\\/medicinasinc.com\\\/no\\\/product\\\/kjope-snoops-dromme-marihuana\\\/#primaryimage\",\"url\":\"https:\\\/\\\/medicinasinc.com\\\/no\\\/wp-content\\\/uploads\\\/sites\\\/14\\\/2022\\\/02\\\/Buy-Snoops-Dream-Marijuana.jpg\",\"contentUrl\":\"https:\\\/\\\/medicinasinc.com\\\/no\\\/wp-content\\\/uploads\\\/sites\\\/14\\\/2022\\\/02\\\/Buy-Snoops-Dream-Marijuana.jpg\",\"width\":2000,\"height\":1333},{\"@type\":\"BreadcrumbList\",\"@id\":\"https:\\\/\\\/medicinasinc.com\\\/no\\\/product\\\/kjope-snoops-dromme-marihuana\\\/#breadcrumb\",\"itemListElement\":[{\"@type\":\"ListItem\",\"position\":1,\"name\":\"Butikk\",\"item\":\"https:\\\/\\\/medicinasinc.com\\\/no\\\/butikk\\\/\"},{\"@type\":\"ListItem\",\"position\":2,\"name\":\"Kj\u00f8p Snoop&#8217;s Dream Marihuana\"}]},{\"@type\":\"WebSite\",\"@id\":\"https:\\\/\\\/medicinasinc.com\\\/no\\\/#website\",\"url\":\"https:\\\/\\\/medicinasinc.com\\\/no\\\/\",\"name\":\"Medicinas Inc\",\"description\":\"Helsemedisinsk klinikk\",\"potentialAction\":[{\"@type\":\"SearchAction\",\"target\":{\"@type\":\"EntryPoint\",\"urlTemplate\":\"https:\\\/\\\/medicinasinc.com\\\/no\\\/?s={search_term_string}\"},\"query-input\":{\"@type\":\"PropertyValueSpecification\",\"valueRequired\":true,\"valueName\":\"search_term_string\"}}],\"inLanguage\":\"nn-NO\"}]}<\/script>\n<!-- \/ Yoast SEO plugin. -->","yoast_head_json":{"title":"Kj\u00f8p Snoops Dream Marihuana - Beste beste globale medisiner","description":"Krysser den bl\u00e5 dr\u00f8mmen med Master Kush, to livlige, kraftige varianter som sies \u00e5 v\u00e6re ... Dette er den beste plattformen for Kj\u00f8p Snoop's Dream-marihuana for salg.","robots":{"index":"index","follow":"follow","max-snippet":"max-snippet:-1","max-image-preview":"max-image-preview:large","max-video-preview":"max-video-preview:-1"},"canonical":"https:\/\/medicinasinc.com\/no\/product\/kjope-snoops-dromme-marihuana\/","og_locale":"nn_NO","og_type":"article","og_title":"Kj\u00f8p Snoops Dream Marihuana - Beste beste globale medisiner","og_description":"Krysser den bl\u00e5 dr\u00f8mmen med Master Kush, to livlige, kraftige varianter som sies \u00e5 v\u00e6re ... Dette er den beste plattformen for Kj\u00f8p Snoop's Dream-marihuana for salg.","og_url":"https:\/\/medicinasinc.com\/no\/product\/kjope-snoops-dromme-marihuana\/","og_site_name":"Medicinas Inc","article_modified_time":"2022-03-22T01:03:02+00:00","og_image":[{"width":2000,"height":1333,"url":"https:\/\/medicinasinc.com\/no\/wp-content\/uploads\/sites\/14\/2022\/02\/Buy-Snoops-Dream-Marijuana.jpg","type":"image\/jpeg"}],"twitter_card":"summary_large_image","twitter_misc":{"Est. reading time":"1 minutt"},"schema":{"@context":"https:\/\/schema.org","@graph":[{"@type":"WebPage","@id":"https:\/\/medicinasinc.com\/no\/product\/kjope-snoops-dromme-marihuana\/","url":"https:\/\/medicinasinc.com\/no\/product\/kjope-snoops-dromme-marihuana\/","name":"Kj\u00f8p Snoops Dream Marihuana - Beste beste globale medisiner","isPartOf":{"@id":"https:\/\/medicinasinc.com\/no\/#website"},"primaryImageOfPage":{"@id":"https:\/\/medicinasinc.com\/no\/product\/kjope-snoops-dromme-marihuana\/#primaryimage"},"image":{"@id":"https:\/\/medicinasinc.com\/no\/product\/kjope-snoops-dromme-marihuana\/#primaryimage"},"thumbnailUrl":"https:\/\/medicinasinc.com\/no\/wp-content\/uploads\/sites\/14\/2022\/02\/Buy-Snoops-Dream-Marijuana.jpg","datePublished":"2022-02-20T19:49:25+00:00","dateModified":"2022-03-22T01:03:02+00:00","description":"Krysser den bl\u00e5 dr\u00f8mmen med Master Kush, to livlige, kraftige varianter som sies \u00e5 v\u00e6re ... Dette er den beste plattformen for Kj\u00f8p Snoop's Dream-marihuana for salg.","breadcrumb":{"@id":"https:\/\/medicinasinc.com\/no\/product\/kjope-snoops-dromme-marihuana\/#breadcrumb"},"inLanguage":"nn-NO","potentialAction":[{"@type":"ReadAction","target":["https:\/\/medicinasinc.com\/no\/product\/kjope-snoops-dromme-marihuana\/"]}]},{"@type":"ImageObject","inLanguage":"nn-NO","@id":"https:\/\/medicinasinc.com\/no\/product\/kjope-snoops-dromme-marihuana\/#primaryimage","url":"https:\/\/medicinasinc.com\/no\/wp-content\/uploads\/sites\/14\/2022\/02\/Buy-Snoops-Dream-Marijuana.jpg","contentUrl":"https:\/\/medicinasinc.com\/no\/wp-content\/uploads\/sites\/14\/2022\/02\/Buy-Snoops-Dream-Marijuana.jpg","width":2000,"height":1333},{"@type":"BreadcrumbList","@id":"https:\/\/medicinasinc.com\/no\/product\/kjope-snoops-dromme-marihuana\/#breadcrumb","itemListElement":[{"@type":"ListItem","position":1,"name":"Butikk","item":"https:\/\/medicinasinc.com\/no\/butikk\/"},{"@type":"ListItem","position":2,"name":"Kj\u00f8p Snoop&#8217;s Dream Marihuana"}]},{"@type":"WebSite","@id":"https:\/\/medicinasinc.com\/no\/#website","url":"https:\/\/medicinasinc.com\/no\/","name":"Medicinas Inc","description":"Helsemedisinsk klinikk","potentialAction":[{"@type":"SearchAction","target":{"@type":"EntryPoint","urlTemplate":"https:\/\/medicinasinc.com\/no\/?s={search_term_string}"},"query-input":{"@type":"PropertyValueSpecification","valueRequired":true,"valueName":"search_term_string"}}],"inLanguage":"nn-NO"}]}},"_links":{"self":[{"href":"https:\/\/medicinasinc.com\/no\/wp-json\/wp\/v2\/product\/5066","targetHints":{"allow":["GET"]}}],"collection":[{"href":"https:\/\/medicinasinc.com\/no\/wp-json\/wp\/v2\/product"}],"about":[{"href":"https:\/\/medicinasinc.com\/no\/wp-json\/wp\/v2\/types\/product"}],"replies":[{"embeddable":true,"href":"https:\/\/medicinasinc.com\/no\/wp-json\/wp\/v2\/comments?post=5066"}],"wp:featuredmedia":[{"embeddable":true,"href":"https:\/\/medicinasinc.com\/no\/wp-json\/wp\/v2\/media\/5083"}],"wp:attachment":[{"href":"https:\/\/medicinasinc.com\/no\/wp-json\/wp\/v2\/media?parent=5066"}],"wp:term":[{"taxonomy":"product_brand","embeddable":true,"href":"https:\/\/medicinasinc.com\/no\/wp-json\/wp\/v2\/product_brand?post=5066"},{"taxonomy":"product_cat","embeddable":true,"href":"https:\/\/medicinasinc.com\/no\/wp-json\/wp\/v2\/product_cat?post=5066"},{"taxonomy":"product_tag","embeddable":true,"href":"https:\/\/medicinasinc.com\/no\/wp-json\/wp\/v2\/product_tag?post=5066"}],"curies":[{"name":"wp","href":"https:\/\/api.w.org\/{rel}","templated":true}]}}