{"id":5047,"date":"2022-02-20T19:35:13","date_gmt":"2022-02-20T19:35:13","guid":{"rendered":"https:\/\/medicinasinc.com\/no\/?post_type=product&#038;p=5047"},"modified":"2022-03-22T01:03:12","modified_gmt":"2022-03-22T01:03:12","slug":"kjop-lilla-drage-marihuana-aaaaa","status":"publish","type":"product","link":"https:\/\/medicinasinc.com\/no\/product\/kjop-lilla-drage-marihuana-aaaaa\/","title":{"rendered":"Kj\u00f8p Purple Dragon Marihuana (AAAAA)"},"content":{"rendered":"<p>Purple Dragon cannabis (AAAAA) &#8211; 30 % Sativa \/ 60 % Indica<\/p>\n<p>Purple Dragon er en indica-dominerende hybridstamme skapt ved \u00e5 krysse den potente Purple Urkle med Blue Dragon. Purple Dragon gir en balansert h\u00f8y som beroliger og avslapper sinnet og kroppen. Denne stammen genererer en aroma som er ganske uvanlig, og kombinerer moskussalvie med en s\u00e6regen floral smak som henger igjen p\u00e5 ganen. Etter \u00e5 ha inhalert denne belastningen, blir sinnet energisk, og en sterk eufori fjerner raskt bekymring og depresjon. Purple Dragon gir f\u00f8rst brukerne en spennende og stimulerende mental klarhet; Disse fordelene forsvinner imidlertid gradvis og etterlater brukerne timer med smertelindring og sedasjon. Generelle kroppslige smerter vil avta etter hvert som brukerens kropp gradvis g\u00e5r inn i en tilstand av avslapning som f\u00f8les b\u00e5de fysisk og mentalt. Purple Dragon er et nyttig behandlingsalternativ for en rekke sykdommer, inkludert angst, depresjon, hum\u00f8rsykdommer, fysisk utmattelse, migrene\/hodepine, kroniske smerter og tap av appetitt.<\/p>\n<div class=\"product-next-previous\">\n<div class=\"product-prev\"><\/div><\/div>\n","protected":false},"excerpt":{"rendered":"<p>Purple Dragon Crassula (Crassula multicava) er en fantastisk og fargerik sukkulent som har stor&#8230; Kj\u00f8p tre eller flere varer og motta dem for $10,80 hver.<\/p>\n<ul>\n<li>AAAA representerer det beste av det beste!<\/li>\n<li>Kontakt oss for engrosbestillinger<\/li>\n<li>Verdensomspennende frakt.<\/li>\n<\/ul>\n","protected":false},"featured_media":5067,"comment_status":"open","ping_status":"closed","template":"","meta":[],"product_brand":[],"product_cat":[778],"product_tag":[1006,1010,1008,1009,1007],"class_list":{"0":"post-5047","1":"product","2":"type-product","3":"status-publish","4":"has-post-thumbnail","6":"product_cat-luke-til-salg","7":"product_tag-gr-c3-b8nne-og-lilla-drage-navn","8":"product_tag-lilla-drage-utstoppet-dyr-stor","9":"product_tag-lilla-drage-saks-anmeldelser","10":"product_tag-lilla-drage-saks-nettsted","11":"product_tag-lilla-og-grnn-drage-tegneserie","13":"first","14":"instock","15":"shipping-taxable","16":"purchasable","17":"product-type-variable","18":"has-default-attributes"},"yoast_head":"<!-- This site is optimized with the Yoast SEO plugin v27.3 - https:\/\/yoast.com\/product\/yoast-seo-wordpress\/ -->\n<title>Kj\u00f8p Purple Dragon (AAAAA) - Beste beste globale medisiner<\/title>\n<meta name=\"description\" content=\"Kj\u00f8p Purple Dragon marihuana-stamme. Eterisk og surrealistisk den lilla dragen er vokteren av ujordiske krystaller. Digitalt malt av Tobias Vyseri.\" \/>\n<meta name=\"robots\" content=\"index, follow, max-snippet:-1, max-image-preview:large, max-video-preview:-1\" \/>\n<link rel=\"canonical\" href=\"https:\/\/medicinasinc.com\/no\/product\/kjop-lilla-drage-marihuana-aaaaa\/\" \/>\n<meta property=\"og:locale\" content=\"nn_NO\" \/>\n<meta property=\"og:type\" content=\"article\" \/>\n<meta property=\"og:title\" content=\"Kj\u00f8p Purple Dragon (AAAAA) - Beste beste globale medisiner\" \/>\n<meta property=\"og:description\" content=\"Kj\u00f8p Purple Dragon marihuana-stamme. Eterisk og surrealistisk den lilla dragen er vokteren av ujordiske krystaller. Digitalt malt av Tobias Vyseri.\" \/>\n<meta property=\"og:url\" content=\"https:\/\/medicinasinc.com\/no\/product\/kjop-lilla-drage-marihuana-aaaaa\/\" \/>\n<meta property=\"og:site_name\" content=\"Medicinas Inc\" \/>\n<meta property=\"article:modified_time\" content=\"2022-03-22T01:03:12+00:00\" \/>\n<meta property=\"og:image\" content=\"https:\/\/medicinasinc.com\/no\/wp-content\/uploads\/sites\/14\/2022\/02\/Buy-Purple-Dragon.jpg\" \/>\n\t<meta property=\"og:image:width\" content=\"541\" \/>\n\t<meta property=\"og:image:height\" content=\"459\" \/>\n\t<meta property=\"og:image:type\" content=\"image\/jpeg\" \/>\n<meta name=\"twitter:card\" content=\"summary_large_image\" \/>\n<meta name=\"twitter:label1\" content=\"Est. reading time\" \/>\n\t<meta name=\"twitter:data1\" content=\"1 minutt\" \/>\n<script type=\"application\/ld+json\" class=\"yoast-schema-graph\">{\"@context\":\"https:\\\/\\\/schema.org\",\"@graph\":[{\"@type\":\"WebPage\",\"@id\":\"https:\\\/\\\/medicinasinc.com\\\/no\\\/product\\\/kjop-lilla-drage-marihuana-aaaaa\\\/\",\"url\":\"https:\\\/\\\/medicinasinc.com\\\/no\\\/product\\\/kjop-lilla-drage-marihuana-aaaaa\\\/\",\"name\":\"Kj\u00f8p Purple Dragon (AAAAA) - Beste beste globale medisiner\",\"isPartOf\":{\"@id\":\"https:\\\/\\\/medicinasinc.com\\\/no\\\/#website\"},\"primaryImageOfPage\":{\"@id\":\"https:\\\/\\\/medicinasinc.com\\\/no\\\/product\\\/kjop-lilla-drage-marihuana-aaaaa\\\/#primaryimage\"},\"image\":{\"@id\":\"https:\\\/\\\/medicinasinc.com\\\/no\\\/product\\\/kjop-lilla-drage-marihuana-aaaaa\\\/#primaryimage\"},\"thumbnailUrl\":\"https:\\\/\\\/medicinasinc.com\\\/no\\\/wp-content\\\/uploads\\\/sites\\\/14\\\/2022\\\/02\\\/Buy-Purple-Dragon.jpg\",\"datePublished\":\"2022-02-20T19:35:13+00:00\",\"dateModified\":\"2022-03-22T01:03:12+00:00\",\"description\":\"Kj\u00f8p Purple Dragon marihuana-stamme. Eterisk og surrealistisk den lilla dragen er vokteren av ujordiske krystaller. Digitalt malt av Tobias Vyseri.\",\"breadcrumb\":{\"@id\":\"https:\\\/\\\/medicinasinc.com\\\/no\\\/product\\\/kjop-lilla-drage-marihuana-aaaaa\\\/#breadcrumb\"},\"inLanguage\":\"nn-NO\",\"potentialAction\":[{\"@type\":\"ReadAction\",\"target\":[\"https:\\\/\\\/medicinasinc.com\\\/no\\\/product\\\/kjop-lilla-drage-marihuana-aaaaa\\\/\"]}]},{\"@type\":\"ImageObject\",\"inLanguage\":\"nn-NO\",\"@id\":\"https:\\\/\\\/medicinasinc.com\\\/no\\\/product\\\/kjop-lilla-drage-marihuana-aaaaa\\\/#primaryimage\",\"url\":\"https:\\\/\\\/medicinasinc.com\\\/no\\\/wp-content\\\/uploads\\\/sites\\\/14\\\/2022\\\/02\\\/Buy-Purple-Dragon.jpg\",\"contentUrl\":\"https:\\\/\\\/medicinasinc.com\\\/no\\\/wp-content\\\/uploads\\\/sites\\\/14\\\/2022\\\/02\\\/Buy-Purple-Dragon.jpg\",\"width\":541,\"height\":459},{\"@type\":\"BreadcrumbList\",\"@id\":\"https:\\\/\\\/medicinasinc.com\\\/no\\\/product\\\/kjop-lilla-drage-marihuana-aaaaa\\\/#breadcrumb\",\"itemListElement\":[{\"@type\":\"ListItem\",\"position\":1,\"name\":\"Butikk\",\"item\":\"https:\\\/\\\/medicinasinc.com\\\/no\\\/butikk\\\/\"},{\"@type\":\"ListItem\",\"position\":2,\"name\":\"Kj\u00f8p Purple Dragon Marihuana (AAAAA)\"}]},{\"@type\":\"WebSite\",\"@id\":\"https:\\\/\\\/medicinasinc.com\\\/no\\\/#website\",\"url\":\"https:\\\/\\\/medicinasinc.com\\\/no\\\/\",\"name\":\"Medicinas Inc\",\"description\":\"Helsemedisinsk klinikk\",\"potentialAction\":[{\"@type\":\"SearchAction\",\"target\":{\"@type\":\"EntryPoint\",\"urlTemplate\":\"https:\\\/\\\/medicinasinc.com\\\/no\\\/?s={search_term_string}\"},\"query-input\":{\"@type\":\"PropertyValueSpecification\",\"valueRequired\":true,\"valueName\":\"search_term_string\"}}],\"inLanguage\":\"nn-NO\"}]}<\/script>\n<!-- \/ Yoast SEO plugin. -->","yoast_head_json":{"title":"Kj\u00f8p Purple Dragon (AAAAA) - Beste beste globale medisiner","description":"Kj\u00f8p Purple Dragon marihuana-stamme. Eterisk og surrealistisk den lilla dragen er vokteren av ujordiske krystaller. Digitalt malt av Tobias Vyseri.","robots":{"index":"index","follow":"follow","max-snippet":"max-snippet:-1","max-image-preview":"max-image-preview:large","max-video-preview":"max-video-preview:-1"},"canonical":"https:\/\/medicinasinc.com\/no\/product\/kjop-lilla-drage-marihuana-aaaaa\/","og_locale":"nn_NO","og_type":"article","og_title":"Kj\u00f8p Purple Dragon (AAAAA) - Beste beste globale medisiner","og_description":"Kj\u00f8p Purple Dragon marihuana-stamme. Eterisk og surrealistisk den lilla dragen er vokteren av ujordiske krystaller. Digitalt malt av Tobias Vyseri.","og_url":"https:\/\/medicinasinc.com\/no\/product\/kjop-lilla-drage-marihuana-aaaaa\/","og_site_name":"Medicinas Inc","article_modified_time":"2022-03-22T01:03:12+00:00","og_image":[{"width":541,"height":459,"url":"https:\/\/medicinasinc.com\/no\/wp-content\/uploads\/sites\/14\/2022\/02\/Buy-Purple-Dragon.jpg","type":"image\/jpeg"}],"twitter_card":"summary_large_image","twitter_misc":{"Est. reading time":"1 minutt"},"schema":{"@context":"https:\/\/schema.org","@graph":[{"@type":"WebPage","@id":"https:\/\/medicinasinc.com\/no\/product\/kjop-lilla-drage-marihuana-aaaaa\/","url":"https:\/\/medicinasinc.com\/no\/product\/kjop-lilla-drage-marihuana-aaaaa\/","name":"Kj\u00f8p Purple Dragon (AAAAA) - Beste beste globale medisiner","isPartOf":{"@id":"https:\/\/medicinasinc.com\/no\/#website"},"primaryImageOfPage":{"@id":"https:\/\/medicinasinc.com\/no\/product\/kjop-lilla-drage-marihuana-aaaaa\/#primaryimage"},"image":{"@id":"https:\/\/medicinasinc.com\/no\/product\/kjop-lilla-drage-marihuana-aaaaa\/#primaryimage"},"thumbnailUrl":"https:\/\/medicinasinc.com\/no\/wp-content\/uploads\/sites\/14\/2022\/02\/Buy-Purple-Dragon.jpg","datePublished":"2022-02-20T19:35:13+00:00","dateModified":"2022-03-22T01:03:12+00:00","description":"Kj\u00f8p Purple Dragon marihuana-stamme. Eterisk og surrealistisk den lilla dragen er vokteren av ujordiske krystaller. Digitalt malt av Tobias Vyseri.","breadcrumb":{"@id":"https:\/\/medicinasinc.com\/no\/product\/kjop-lilla-drage-marihuana-aaaaa\/#breadcrumb"},"inLanguage":"nn-NO","potentialAction":[{"@type":"ReadAction","target":["https:\/\/medicinasinc.com\/no\/product\/kjop-lilla-drage-marihuana-aaaaa\/"]}]},{"@type":"ImageObject","inLanguage":"nn-NO","@id":"https:\/\/medicinasinc.com\/no\/product\/kjop-lilla-drage-marihuana-aaaaa\/#primaryimage","url":"https:\/\/medicinasinc.com\/no\/wp-content\/uploads\/sites\/14\/2022\/02\/Buy-Purple-Dragon.jpg","contentUrl":"https:\/\/medicinasinc.com\/no\/wp-content\/uploads\/sites\/14\/2022\/02\/Buy-Purple-Dragon.jpg","width":541,"height":459},{"@type":"BreadcrumbList","@id":"https:\/\/medicinasinc.com\/no\/product\/kjop-lilla-drage-marihuana-aaaaa\/#breadcrumb","itemListElement":[{"@type":"ListItem","position":1,"name":"Butikk","item":"https:\/\/medicinasinc.com\/no\/butikk\/"},{"@type":"ListItem","position":2,"name":"Kj\u00f8p Purple Dragon Marihuana (AAAAA)"}]},{"@type":"WebSite","@id":"https:\/\/medicinasinc.com\/no\/#website","url":"https:\/\/medicinasinc.com\/no\/","name":"Medicinas Inc","description":"Helsemedisinsk klinikk","potentialAction":[{"@type":"SearchAction","target":{"@type":"EntryPoint","urlTemplate":"https:\/\/medicinasinc.com\/no\/?s={search_term_string}"},"query-input":{"@type":"PropertyValueSpecification","valueRequired":true,"valueName":"search_term_string"}}],"inLanguage":"nn-NO"}]}},"_links":{"self":[{"href":"https:\/\/medicinasinc.com\/no\/wp-json\/wp\/v2\/product\/5047","targetHints":{"allow":["GET"]}}],"collection":[{"href":"https:\/\/medicinasinc.com\/no\/wp-json\/wp\/v2\/product"}],"about":[{"href":"https:\/\/medicinasinc.com\/no\/wp-json\/wp\/v2\/types\/product"}],"replies":[{"embeddable":true,"href":"https:\/\/medicinasinc.com\/no\/wp-json\/wp\/v2\/comments?post=5047"}],"wp:featuredmedia":[{"embeddable":true,"href":"https:\/\/medicinasinc.com\/no\/wp-json\/wp\/v2\/media\/5067"}],"wp:attachment":[{"href":"https:\/\/medicinasinc.com\/no\/wp-json\/wp\/v2\/media?parent=5047"}],"wp:term":[{"taxonomy":"product_brand","embeddable":true,"href":"https:\/\/medicinasinc.com\/no\/wp-json\/wp\/v2\/product_brand?post=5047"},{"taxonomy":"product_cat","embeddable":true,"href":"https:\/\/medicinasinc.com\/no\/wp-json\/wp\/v2\/product_cat?post=5047"},{"taxonomy":"product_tag","embeddable":true,"href":"https:\/\/medicinasinc.com\/no\/wp-json\/wp\/v2\/product_tag?post=5047"}],"curies":[{"name":"wp","href":"https:\/\/api.w.org\/{rel}","templated":true}]}}