{"id":5046,"date":"2022-02-20T19:34:10","date_gmt":"2022-02-20T19:34:10","guid":{"rendered":"https:\/\/medicinasinc.com\/no\/?post_type=product&#038;p=5046"},"modified":"2022-03-22T01:03:21","modified_gmt":"2022-03-22T01:03:21","slug":"kjop-sjokolade-fondue-stamme","status":"publish","type":"product","link":"https:\/\/medicinasinc.com\/no\/product\/kjop-sjokolade-fondue-stamme\/","title":{"rendered":"Kj\u00f8p Chocolate Fondue Strain"},"content":{"rendered":"<p>Informasjon om sjokoladefonduestammen<\/p>\n<p>Sjokoladefondue er en Sativa-dominerende kors utviklet av DNA Genetics som kombinerer de oppl\u00f8ftende kraftene til Chocolate med de beroligende effektene og unike smakene til Exodus Cheese.<\/p>\n<p>Sjokoladefondues effekter beroliger kroppen og gj\u00f8r sinnet roligere, og lokker deg inn i en tilstand av behagelig bevissthet. Denne cannabisstammen er flott dag eller natt p\u00e5 grunn av dens mangfoldige duft og s\u00f8te smaker.<\/p>\n<p>Sjokoladefondue-stammens medisinske egenskaper<\/p>\n<p>Det er mange grunner til \u00e5 bruke cannabisstammer. F\u00f8lgende er de seks beste grunnene til \u00e5 vurdere \u00e5 ansette dem. Naturligvis, jo h\u00f8yere potens, jo sterkere jo h\u00f8y!<\/p>\n<p>1 \u2013 Lindrer kroniske smerter<\/p>\n<p>Cannabis inneholder en kjemisk sammensetning som hjelper til med \u00e5 redusere smerte. Vanligvis indikerer fargen p\u00e5 cannabisen ogs\u00e5 dens styrke. Mange mennesker har oppdaget at dette er sant.<\/p>\n<p>2 &#8211; \u00d8kt lungekapasitet<\/p>\n<p>Er du klar over det? Cannabisr\u00f8yking er langt bedre enn r\u00f8yking av sigaretter. I tillegg vil det hjelpe deg med \u00e5 \u00f8ke lungekapasiteten.<\/p>\n<p>3 \u2013 Fedme<\/p>\n<p>De aller fleste marihuanabrukere er ikke overvektige. Dette er fordi regelmessig bruk av denne marihuanablomsten vil hjelpe deg med \u00e5 kontrollere kaloriforbruket ditt.<\/p>\n<p>4 \u2013 Diabetesforebygging<\/p>\n<p>N\u00e5r du har f\u00e5tt diagnosen diabetes, vil du ha det for resten av liv. Du kan ganske enkelt administrere blodsukkerniv\u00e5et slik at det ikke fortsetter \u00e5 stige.<\/p>\n<p>Cannabis kan hjelpe til med blodsukkerstabilisering og blodtrykksreduksjon!<\/p>\n<p>5 \u2013 Hjelper deprimerte individer<\/p>\n<p> p&gt; <\/p>\n<p>Noen mennesker er deprimerte uten \u00e5 v\u00e6re klar over det. Cannabis kan bidra til \u00e5 roe ned hum\u00f8ret ditt i tilfelle depresjon.<\/p>\n<p>Hvor kan du kj\u00f8pe en sjokoladestamme av fondue i Canada<\/p>\n<p>Selv om det er andre apotek i Canada hvor du kan f\u00e5 sjokoladefondue weed strain, v\u00e5r dispensary p\u00e5 Mail Order Marijuana tilbyr noen av de h\u00f8yeste kvalitetsvarene som er tilgjengelige.<\/p>\n<p>Vi garanterer at du vil motta produkter av h\u00f8y kvalitet, eller s\u00e5 refunderer vi pengene dine!<\/p>\n<p>I tillegg , bestillinger over $100 f\u00e5r gratis frakt!<\/p>\n","protected":false},"excerpt":{"rendered":"<div class=\"woocommerce-product-details__short-description\">\n<p>Kj\u00f8p kvalitetssjokoladefondue p\u00e5 nettet. Sjokoladefondue-stamme er en sativa dominerende hybrid \u2013 80 % Sativa \/ 20 % Indica THC: 17 %<\/p>\n<\/p><\/div>\n","protected":false},"featured_media":5065,"comment_status":"open","ping_status":"closed","template":"","meta":[],"product_brand":[],"product_cat":[778],"product_tag":[1004,1005],"class_list":{"0":"post-5046","1":"product","2":"type-product","3":"status-publish","4":"has-post-thumbnail","6":"product_cat-luke-til-salg","7":"product_tag-ostefondue-stammer","8":"product_tag-sjokolade-fudge-stamme","10":"first","11":"instock","12":"shipping-taxable","13":"purchasable","14":"product-type-variable","15":"has-default-attributes"},"yoast_head":"<!-- This site is optimized with the Yoast SEO plugin v27.3 - https:\/\/yoast.com\/product\/yoast-seo-wordpress\/ -->\n<title>Kj\u00f8p kvalitetssjokoladefondue-stamme p\u00e5 nett - Beste globale medisiner<\/title>\n<meta name=\"description\" content=\"Kj\u00f8p kvalitetssjokoladefondue-stamme p\u00e5 nett. Sjokoladefondue-stamme er en sativa dominant hybrid \u2013 80 % Sativa \/ 20 % Indica THC: 17 %\" \/>\n<meta name=\"robots\" content=\"index, follow, max-snippet:-1, max-image-preview:large, max-video-preview:-1\" \/>\n<link rel=\"canonical\" href=\"https:\/\/medicinasinc.com\/no\/product\/kjop-sjokolade-fondue-stamme\/\" \/>\n<meta property=\"og:locale\" content=\"nn_NO\" \/>\n<meta property=\"og:type\" content=\"article\" \/>\n<meta property=\"og:title\" content=\"Kj\u00f8p kvalitetssjokoladefondue-stamme p\u00e5 nett - Beste globale medisiner\" \/>\n<meta property=\"og:description\" content=\"Kj\u00f8p kvalitetssjokoladefondue-stamme p\u00e5 nett. Sjokoladefondue-stamme er en sativa dominant hybrid \u2013 80 % Sativa \/ 20 % Indica THC: 17 %\" \/>\n<meta property=\"og:url\" content=\"https:\/\/medicinasinc.com\/no\/product\/kjop-sjokolade-fondue-stamme\/\" \/>\n<meta property=\"og:site_name\" content=\"Medicinas Inc\" \/>\n<meta property=\"article:modified_time\" content=\"2022-03-22T01:03:21+00:00\" \/>\n<meta property=\"og:image\" content=\"https:\/\/medicinasinc.com\/no\/wp-content\/uploads\/sites\/14\/2022\/02\/Buy-Quality-Chocolate-Fondue.jpg\" \/>\n\t<meta property=\"og:image:width\" content=\"667\" \/>\n\t<meta property=\"og:image:height\" content=\"1000\" \/>\n\t<meta property=\"og:image:type\" content=\"image\/jpeg\" \/>\n<meta name=\"twitter:card\" content=\"summary_large_image\" \/>\n<meta name=\"twitter:label1\" content=\"Est. reading time\" \/>\n\t<meta name=\"twitter:data1\" content=\"2 minutt\" \/>\n<script type=\"application\/ld+json\" class=\"yoast-schema-graph\">{\"@context\":\"https:\\\/\\\/schema.org\",\"@graph\":[{\"@type\":\"WebPage\",\"@id\":\"https:\\\/\\\/medicinasinc.com\\\/no\\\/product\\\/kjop-sjokolade-fondue-stamme\\\/\",\"url\":\"https:\\\/\\\/medicinasinc.com\\\/no\\\/product\\\/kjop-sjokolade-fondue-stamme\\\/\",\"name\":\"Kj\u00f8p kvalitetssjokoladefondue-stamme p\u00e5 nett - Beste globale medisiner\",\"isPartOf\":{\"@id\":\"https:\\\/\\\/medicinasinc.com\\\/no\\\/#website\"},\"primaryImageOfPage\":{\"@id\":\"https:\\\/\\\/medicinasinc.com\\\/no\\\/product\\\/kjop-sjokolade-fondue-stamme\\\/#primaryimage\"},\"image\":{\"@id\":\"https:\\\/\\\/medicinasinc.com\\\/no\\\/product\\\/kjop-sjokolade-fondue-stamme\\\/#primaryimage\"},\"thumbnailUrl\":\"https:\\\/\\\/medicinasinc.com\\\/no\\\/wp-content\\\/uploads\\\/sites\\\/14\\\/2022\\\/02\\\/Buy-Quality-Chocolate-Fondue.jpg\",\"datePublished\":\"2022-02-20T19:34:10+00:00\",\"dateModified\":\"2022-03-22T01:03:21+00:00\",\"description\":\"Kj\u00f8p kvalitetssjokoladefondue-stamme p\u00e5 nett. Sjokoladefondue-stamme er en sativa dominant hybrid \u2013 80 % Sativa \\\/ 20 % Indica THC: 17 %\",\"breadcrumb\":{\"@id\":\"https:\\\/\\\/medicinasinc.com\\\/no\\\/product\\\/kjop-sjokolade-fondue-stamme\\\/#breadcrumb\"},\"inLanguage\":\"nn-NO\",\"potentialAction\":[{\"@type\":\"ReadAction\",\"target\":[\"https:\\\/\\\/medicinasinc.com\\\/no\\\/product\\\/kjop-sjokolade-fondue-stamme\\\/\"]}]},{\"@type\":\"ImageObject\",\"inLanguage\":\"nn-NO\",\"@id\":\"https:\\\/\\\/medicinasinc.com\\\/no\\\/product\\\/kjop-sjokolade-fondue-stamme\\\/#primaryimage\",\"url\":\"https:\\\/\\\/medicinasinc.com\\\/no\\\/wp-content\\\/uploads\\\/sites\\\/14\\\/2022\\\/02\\\/Buy-Quality-Chocolate-Fondue.jpg\",\"contentUrl\":\"https:\\\/\\\/medicinasinc.com\\\/no\\\/wp-content\\\/uploads\\\/sites\\\/14\\\/2022\\\/02\\\/Buy-Quality-Chocolate-Fondue.jpg\",\"width\":667,\"height\":1000},{\"@type\":\"BreadcrumbList\",\"@id\":\"https:\\\/\\\/medicinasinc.com\\\/no\\\/product\\\/kjop-sjokolade-fondue-stamme\\\/#breadcrumb\",\"itemListElement\":[{\"@type\":\"ListItem\",\"position\":1,\"name\":\"Butikk\",\"item\":\"https:\\\/\\\/medicinasinc.com\\\/no\\\/butikk\\\/\"},{\"@type\":\"ListItem\",\"position\":2,\"name\":\"Kj\u00f8p Chocolate Fondue Strain\"}]},{\"@type\":\"WebSite\",\"@id\":\"https:\\\/\\\/medicinasinc.com\\\/no\\\/#website\",\"url\":\"https:\\\/\\\/medicinasinc.com\\\/no\\\/\",\"name\":\"Medicinas Inc\",\"description\":\"Helsemedisinsk klinikk\",\"potentialAction\":[{\"@type\":\"SearchAction\",\"target\":{\"@type\":\"EntryPoint\",\"urlTemplate\":\"https:\\\/\\\/medicinasinc.com\\\/no\\\/?s={search_term_string}\"},\"query-input\":{\"@type\":\"PropertyValueSpecification\",\"valueRequired\":true,\"valueName\":\"search_term_string\"}}],\"inLanguage\":\"nn-NO\"}]}<\/script>\n<!-- \/ Yoast SEO plugin. -->","yoast_head_json":{"title":"Kj\u00f8p kvalitetssjokoladefondue-stamme p\u00e5 nett - Beste globale medisiner","description":"Kj\u00f8p kvalitetssjokoladefondue-stamme p\u00e5 nett. Sjokoladefondue-stamme er en sativa dominant hybrid \u2013 80 % Sativa \/ 20 % Indica THC: 17 %","robots":{"index":"index","follow":"follow","max-snippet":"max-snippet:-1","max-image-preview":"max-image-preview:large","max-video-preview":"max-video-preview:-1"},"canonical":"https:\/\/medicinasinc.com\/no\/product\/kjop-sjokolade-fondue-stamme\/","og_locale":"nn_NO","og_type":"article","og_title":"Kj\u00f8p kvalitetssjokoladefondue-stamme p\u00e5 nett - Beste globale medisiner","og_description":"Kj\u00f8p kvalitetssjokoladefondue-stamme p\u00e5 nett. Sjokoladefondue-stamme er en sativa dominant hybrid \u2013 80 % Sativa \/ 20 % Indica THC: 17 %","og_url":"https:\/\/medicinasinc.com\/no\/product\/kjop-sjokolade-fondue-stamme\/","og_site_name":"Medicinas Inc","article_modified_time":"2022-03-22T01:03:21+00:00","og_image":[{"width":667,"height":1000,"url":"https:\/\/medicinasinc.com\/no\/wp-content\/uploads\/sites\/14\/2022\/02\/Buy-Quality-Chocolate-Fondue.jpg","type":"image\/jpeg"}],"twitter_card":"summary_large_image","twitter_misc":{"Est. reading time":"2 minutt"},"schema":{"@context":"https:\/\/schema.org","@graph":[{"@type":"WebPage","@id":"https:\/\/medicinasinc.com\/no\/product\/kjop-sjokolade-fondue-stamme\/","url":"https:\/\/medicinasinc.com\/no\/product\/kjop-sjokolade-fondue-stamme\/","name":"Kj\u00f8p kvalitetssjokoladefondue-stamme p\u00e5 nett - Beste globale medisiner","isPartOf":{"@id":"https:\/\/medicinasinc.com\/no\/#website"},"primaryImageOfPage":{"@id":"https:\/\/medicinasinc.com\/no\/product\/kjop-sjokolade-fondue-stamme\/#primaryimage"},"image":{"@id":"https:\/\/medicinasinc.com\/no\/product\/kjop-sjokolade-fondue-stamme\/#primaryimage"},"thumbnailUrl":"https:\/\/medicinasinc.com\/no\/wp-content\/uploads\/sites\/14\/2022\/02\/Buy-Quality-Chocolate-Fondue.jpg","datePublished":"2022-02-20T19:34:10+00:00","dateModified":"2022-03-22T01:03:21+00:00","description":"Kj\u00f8p kvalitetssjokoladefondue-stamme p\u00e5 nett. Sjokoladefondue-stamme er en sativa dominant hybrid \u2013 80 % Sativa \/ 20 % Indica THC: 17 %","breadcrumb":{"@id":"https:\/\/medicinasinc.com\/no\/product\/kjop-sjokolade-fondue-stamme\/#breadcrumb"},"inLanguage":"nn-NO","potentialAction":[{"@type":"ReadAction","target":["https:\/\/medicinasinc.com\/no\/product\/kjop-sjokolade-fondue-stamme\/"]}]},{"@type":"ImageObject","inLanguage":"nn-NO","@id":"https:\/\/medicinasinc.com\/no\/product\/kjop-sjokolade-fondue-stamme\/#primaryimage","url":"https:\/\/medicinasinc.com\/no\/wp-content\/uploads\/sites\/14\/2022\/02\/Buy-Quality-Chocolate-Fondue.jpg","contentUrl":"https:\/\/medicinasinc.com\/no\/wp-content\/uploads\/sites\/14\/2022\/02\/Buy-Quality-Chocolate-Fondue.jpg","width":667,"height":1000},{"@type":"BreadcrumbList","@id":"https:\/\/medicinasinc.com\/no\/product\/kjop-sjokolade-fondue-stamme\/#breadcrumb","itemListElement":[{"@type":"ListItem","position":1,"name":"Butikk","item":"https:\/\/medicinasinc.com\/no\/butikk\/"},{"@type":"ListItem","position":2,"name":"Kj\u00f8p Chocolate Fondue Strain"}]},{"@type":"WebSite","@id":"https:\/\/medicinasinc.com\/no\/#website","url":"https:\/\/medicinasinc.com\/no\/","name":"Medicinas Inc","description":"Helsemedisinsk klinikk","potentialAction":[{"@type":"SearchAction","target":{"@type":"EntryPoint","urlTemplate":"https:\/\/medicinasinc.com\/no\/?s={search_term_string}"},"query-input":{"@type":"PropertyValueSpecification","valueRequired":true,"valueName":"search_term_string"}}],"inLanguage":"nn-NO"}]}},"_links":{"self":[{"href":"https:\/\/medicinasinc.com\/no\/wp-json\/wp\/v2\/product\/5046","targetHints":{"allow":["GET"]}}],"collection":[{"href":"https:\/\/medicinasinc.com\/no\/wp-json\/wp\/v2\/product"}],"about":[{"href":"https:\/\/medicinasinc.com\/no\/wp-json\/wp\/v2\/types\/product"}],"replies":[{"embeddable":true,"href":"https:\/\/medicinasinc.com\/no\/wp-json\/wp\/v2\/comments?post=5046"}],"wp:featuredmedia":[{"embeddable":true,"href":"https:\/\/medicinasinc.com\/no\/wp-json\/wp\/v2\/media\/5065"}],"wp:attachment":[{"href":"https:\/\/medicinasinc.com\/no\/wp-json\/wp\/v2\/media?parent=5046"}],"wp:term":[{"taxonomy":"product_brand","embeddable":true,"href":"https:\/\/medicinasinc.com\/no\/wp-json\/wp\/v2\/product_brand?post=5046"},{"taxonomy":"product_cat","embeddable":true,"href":"https:\/\/medicinasinc.com\/no\/wp-json\/wp\/v2\/product_cat?post=5046"},{"taxonomy":"product_tag","embeddable":true,"href":"https:\/\/medicinasinc.com\/no\/wp-json\/wp\/v2\/product_tag?post=5046"}],"curies":[{"name":"wp","href":"https:\/\/api.w.org\/{rel}","templated":true}]}}