{"id":5045,"date":"2022-02-20T19:32:59","date_gmt":"2022-02-20T19:32:59","guid":{"rendered":"https:\/\/medicinasinc.com\/no\/?post_type=product&#038;p=5045"},"modified":"2022-03-22T01:03:37","modified_gmt":"2022-03-22T01:03:37","slug":"kjop-stein-fjell-blabaer","status":"publish","type":"product","link":"https:\/\/medicinasinc.com\/no\/product\/kjop-stein-fjell-blabaer\/","title":{"rendered":"Kj\u00f8p Rocky Mountain Blueberry"},"content":{"rendered":"<h1><a href=\"https:\/\/www.bestglobalmeds.com\/product\/marijuana\/rocky-mountain\/\">Kj\u00f8p Rocky Mountain Blueberry<\/a> stamme<\/h1>\n<p>Rocky Mountain Blueberry er Indica-dominerende Hybrid \u2013 70 % Indica \/ 30 % Sativa THC: 15 % \u2013 18 %<\/p>\n<p>Effekter<br \/> Opphisset, kreativ, energigivende, glad, motivasjon, avslappende<br \/> Kan lindre<br \/> depresjon , Tretthet, Gr\u00f8nn st\u00e6r, Hodepine, Stress<br \/> Smaker<br \/> B\u00e6r, Godteri, Fruktig, S\u00f8t<br \/> Aromaer<br \/> B\u00e6r, Bl\u00e5b\u00e6r, Jordaktig, Urte, S\u00f8t<\/p>\n<p>Stenete Mountain Blueberry er en indica-dominerende hybridstamme avlet fra de utrolig smakfulle Shishkaberry- og Blueberry-stammene. Denne stammen er kjent for sin forf\u00f8rende smak \u2013 som ligner p\u00e5 saftige, nyplukkede bl\u00e5b\u00e6r eller et saftig godteri med bl\u00e5b\u00e6rsmak! Aromaen er like deilig, med toner av jordn\u00e6re bl\u00e5b\u00e6r, frisk furu og en d\u00e6sj sitron. Rocky Mountain Blueberry-h\u00f8yden er like s\u00f8t som den smaker, med stimulerende og oppkvikkende effekter som er ideelle for \u00e5 forberede seg p\u00e5 et utend\u00f8rseventyr. Du vil f\u00f8le deg komfortabel, men likevel forberedt p\u00e5 \u00e5 g\u00e5 en fottur, sv\u00f8mme, l\u00f8pe eller hva annet du m\u00e5tte tenke deg mens du er ute. Denne stemningen kan til tider krible litt, noe som gj\u00f8r at du f\u00f8ler deg litt engstelig og litt opphisset. Rocky Mountain Blueberry er rapportert \u00e5 v\u00e6re ideell for \u00e5 behandle plager som utmattelse, depresjon, hodepine eller migrene, og glaukom eller h\u00f8yt \u00f8yetrykk p\u00e5 grunn av disse effektene og dets betydelige 15-18 prosent gjennomsnittlige THC-innhold. M\u00f8rke olivengr\u00f8nne nupper med bl\u00e5 overtoner og et belegg av livlige lavendelfargede trikomer kjennetegner denne knoppen.<\/p>\n","protected":false},"excerpt":{"rendered":"<div class=\"woocommerce-product-details__short-description\">\n<p>Kj\u00f8p p\u00e5 nett av Rocky Mountain Blueberry Strain. Rocky Mountain Blueberry er en dominerende indicahybrid &#8211; 70% Indica \/ 30% Sativa. THC-innhold i sativa: 15 %\u201318 %<\/p>\n<p>Rocky Mountain Blueberry er en indica-dominerende hybridstamme avlet fra de utrolig smakfulle Shishkaberry X Blueberry-foreldrene.<\/p>\n<\/p><\/div>\n","protected":false},"featured_media":5063,"comment_status":"open","ping_status":"closed","template":"","meta":[],"product_brand":[],"product_cat":[778],"product_tag":[996,999,998,997,1002,1001,1000,1003],"class_list":{"0":"post-5045","1":"product","2":"type-product","3":"status-publish","4":"has-post-thumbnail","6":"product_cat-luke-til-salg","7":"product_tag-blbr-stamme-allknopp","8":"product_tag-fjell-og","9":"product_tag-fjell-br-kush-stamme","10":"product_tag-mikado-stamme-blad","11":"product_tag-shazam-stamme-blad","12":"product_tag-steinete-fjell-hy-belastning","13":"product_tag-steinete-fjell-brann-stamme","14":"product_tag-sveitsisk-br-stamme","16":"first","17":"instock","18":"shipping-taxable","19":"purchasable","20":"product-type-variable","21":"has-default-attributes"},"yoast_head":"<!-- This site is optimized with the Yoast SEO plugin v27.3 - https:\/\/yoast.com\/product\/yoast-seo-wordpress\/ -->\n<title>Kj\u00f8p Rocky Mountain Blueberry Strain - Best Global Meds<\/title>\n<meta name=\"description\" content=\"Kj\u00f8p Rocky Mountain Blueberry Strain Rocky Mountain Blueberry er Indica Dominant Hybrid - 70% Indica \/ 30% Sativa THC: 15% - 18% Effekter vekket, kreative.\" \/>\n<meta name=\"robots\" content=\"index, follow, max-snippet:-1, max-image-preview:large, max-video-preview:-1\" \/>\n<link rel=\"canonical\" href=\"https:\/\/medicinasinc.com\/no\/product\/kjop-stein-fjell-blabaer\/\" \/>\n<meta property=\"og:locale\" content=\"nn_NO\" \/>\n<meta property=\"og:type\" content=\"article\" \/>\n<meta property=\"og:title\" content=\"Kj\u00f8p Rocky Mountain Blueberry Strain - Best Global Meds\" \/>\n<meta property=\"og:description\" content=\"Kj\u00f8p Rocky Mountain Blueberry Strain Rocky Mountain Blueberry er Indica Dominant Hybrid - 70% Indica \/ 30% Sativa THC: 15% - 18% Effekter vekket, kreative.\" \/>\n<meta property=\"og:url\" content=\"https:\/\/medicinasinc.com\/no\/product\/kjop-stein-fjell-blabaer\/\" \/>\n<meta property=\"og:site_name\" content=\"Medicinas Inc\" \/>\n<meta property=\"article:modified_time\" content=\"2022-03-22T01:03:37+00:00\" \/>\n<meta property=\"og:image\" content=\"https:\/\/medicinasinc.com\/no\/wp-content\/uploads\/sites\/14\/2022\/02\/Buy-Rocky-Mountain-Blueberry.jpg\" \/>\n\t<meta property=\"og:image:width\" content=\"1200\" \/>\n\t<meta property=\"og:image:height\" content=\"630\" \/>\n\t<meta property=\"og:image:type\" content=\"image\/jpeg\" \/>\n<meta name=\"twitter:card\" content=\"summary_large_image\" \/>\n<meta name=\"twitter:label1\" content=\"Est. reading time\" \/>\n\t<meta name=\"twitter:data1\" content=\"1 minutt\" \/>\n<script type=\"application\/ld+json\" class=\"yoast-schema-graph\">{\"@context\":\"https:\\\/\\\/schema.org\",\"@graph\":[{\"@type\":\"WebPage\",\"@id\":\"https:\\\/\\\/medicinasinc.com\\\/no\\\/product\\\/kjop-stein-fjell-blabaer\\\/\",\"url\":\"https:\\\/\\\/medicinasinc.com\\\/no\\\/product\\\/kjop-stein-fjell-blabaer\\\/\",\"name\":\"Kj\u00f8p Rocky Mountain Blueberry Strain - Best Global Meds\",\"isPartOf\":{\"@id\":\"https:\\\/\\\/medicinasinc.com\\\/no\\\/#website\"},\"primaryImageOfPage\":{\"@id\":\"https:\\\/\\\/medicinasinc.com\\\/no\\\/product\\\/kjop-stein-fjell-blabaer\\\/#primaryimage\"},\"image\":{\"@id\":\"https:\\\/\\\/medicinasinc.com\\\/no\\\/product\\\/kjop-stein-fjell-blabaer\\\/#primaryimage\"},\"thumbnailUrl\":\"https:\\\/\\\/medicinasinc.com\\\/no\\\/wp-content\\\/uploads\\\/sites\\\/14\\\/2022\\\/02\\\/Buy-Rocky-Mountain-Blueberry.jpg\",\"datePublished\":\"2022-02-20T19:32:59+00:00\",\"dateModified\":\"2022-03-22T01:03:37+00:00\",\"description\":\"Kj\u00f8p Rocky Mountain Blueberry Strain Rocky Mountain Blueberry er Indica Dominant Hybrid - 70% Indica \\\/ 30% Sativa THC: 15% - 18% Effekter vekket, kreative.\",\"breadcrumb\":{\"@id\":\"https:\\\/\\\/medicinasinc.com\\\/no\\\/product\\\/kjop-stein-fjell-blabaer\\\/#breadcrumb\"},\"inLanguage\":\"nn-NO\",\"potentialAction\":[{\"@type\":\"ReadAction\",\"target\":[\"https:\\\/\\\/medicinasinc.com\\\/no\\\/product\\\/kjop-stein-fjell-blabaer\\\/\"]}]},{\"@type\":\"ImageObject\",\"inLanguage\":\"nn-NO\",\"@id\":\"https:\\\/\\\/medicinasinc.com\\\/no\\\/product\\\/kjop-stein-fjell-blabaer\\\/#primaryimage\",\"url\":\"https:\\\/\\\/medicinasinc.com\\\/no\\\/wp-content\\\/uploads\\\/sites\\\/14\\\/2022\\\/02\\\/Buy-Rocky-Mountain-Blueberry.jpg\",\"contentUrl\":\"https:\\\/\\\/medicinasinc.com\\\/no\\\/wp-content\\\/uploads\\\/sites\\\/14\\\/2022\\\/02\\\/Buy-Rocky-Mountain-Blueberry.jpg\",\"width\":1200,\"height\":630},{\"@type\":\"BreadcrumbList\",\"@id\":\"https:\\\/\\\/medicinasinc.com\\\/no\\\/product\\\/kjop-stein-fjell-blabaer\\\/#breadcrumb\",\"itemListElement\":[{\"@type\":\"ListItem\",\"position\":1,\"name\":\"Butikk\",\"item\":\"https:\\\/\\\/medicinasinc.com\\\/no\\\/butikk\\\/\"},{\"@type\":\"ListItem\",\"position\":2,\"name\":\"Kj\u00f8p Rocky Mountain Blueberry\"}]},{\"@type\":\"WebSite\",\"@id\":\"https:\\\/\\\/medicinasinc.com\\\/no\\\/#website\",\"url\":\"https:\\\/\\\/medicinasinc.com\\\/no\\\/\",\"name\":\"Medicinas Inc\",\"description\":\"Helsemedisinsk klinikk\",\"potentialAction\":[{\"@type\":\"SearchAction\",\"target\":{\"@type\":\"EntryPoint\",\"urlTemplate\":\"https:\\\/\\\/medicinasinc.com\\\/no\\\/?s={search_term_string}\"},\"query-input\":{\"@type\":\"PropertyValueSpecification\",\"valueRequired\":true,\"valueName\":\"search_term_string\"}}],\"inLanguage\":\"nn-NO\"}]}<\/script>\n<!-- \/ Yoast SEO plugin. -->","yoast_head_json":{"title":"Kj\u00f8p Rocky Mountain Blueberry Strain - Best Global Meds","description":"Kj\u00f8p Rocky Mountain Blueberry Strain Rocky Mountain Blueberry er Indica Dominant Hybrid - 70% Indica \/ 30% Sativa THC: 15% - 18% Effekter vekket, kreative.","robots":{"index":"index","follow":"follow","max-snippet":"max-snippet:-1","max-image-preview":"max-image-preview:large","max-video-preview":"max-video-preview:-1"},"canonical":"https:\/\/medicinasinc.com\/no\/product\/kjop-stein-fjell-blabaer\/","og_locale":"nn_NO","og_type":"article","og_title":"Kj\u00f8p Rocky Mountain Blueberry Strain - Best Global Meds","og_description":"Kj\u00f8p Rocky Mountain Blueberry Strain Rocky Mountain Blueberry er Indica Dominant Hybrid - 70% Indica \/ 30% Sativa THC: 15% - 18% Effekter vekket, kreative.","og_url":"https:\/\/medicinasinc.com\/no\/product\/kjop-stein-fjell-blabaer\/","og_site_name":"Medicinas Inc","article_modified_time":"2022-03-22T01:03:37+00:00","og_image":[{"width":1200,"height":630,"url":"https:\/\/medicinasinc.com\/no\/wp-content\/uploads\/sites\/14\/2022\/02\/Buy-Rocky-Mountain-Blueberry.jpg","type":"image\/jpeg"}],"twitter_card":"summary_large_image","twitter_misc":{"Est. reading time":"1 minutt"},"schema":{"@context":"https:\/\/schema.org","@graph":[{"@type":"WebPage","@id":"https:\/\/medicinasinc.com\/no\/product\/kjop-stein-fjell-blabaer\/","url":"https:\/\/medicinasinc.com\/no\/product\/kjop-stein-fjell-blabaer\/","name":"Kj\u00f8p Rocky Mountain Blueberry Strain - Best Global Meds","isPartOf":{"@id":"https:\/\/medicinasinc.com\/no\/#website"},"primaryImageOfPage":{"@id":"https:\/\/medicinasinc.com\/no\/product\/kjop-stein-fjell-blabaer\/#primaryimage"},"image":{"@id":"https:\/\/medicinasinc.com\/no\/product\/kjop-stein-fjell-blabaer\/#primaryimage"},"thumbnailUrl":"https:\/\/medicinasinc.com\/no\/wp-content\/uploads\/sites\/14\/2022\/02\/Buy-Rocky-Mountain-Blueberry.jpg","datePublished":"2022-02-20T19:32:59+00:00","dateModified":"2022-03-22T01:03:37+00:00","description":"Kj\u00f8p Rocky Mountain Blueberry Strain Rocky Mountain Blueberry er Indica Dominant Hybrid - 70% Indica \/ 30% Sativa THC: 15% - 18% Effekter vekket, kreative.","breadcrumb":{"@id":"https:\/\/medicinasinc.com\/no\/product\/kjop-stein-fjell-blabaer\/#breadcrumb"},"inLanguage":"nn-NO","potentialAction":[{"@type":"ReadAction","target":["https:\/\/medicinasinc.com\/no\/product\/kjop-stein-fjell-blabaer\/"]}]},{"@type":"ImageObject","inLanguage":"nn-NO","@id":"https:\/\/medicinasinc.com\/no\/product\/kjop-stein-fjell-blabaer\/#primaryimage","url":"https:\/\/medicinasinc.com\/no\/wp-content\/uploads\/sites\/14\/2022\/02\/Buy-Rocky-Mountain-Blueberry.jpg","contentUrl":"https:\/\/medicinasinc.com\/no\/wp-content\/uploads\/sites\/14\/2022\/02\/Buy-Rocky-Mountain-Blueberry.jpg","width":1200,"height":630},{"@type":"BreadcrumbList","@id":"https:\/\/medicinasinc.com\/no\/product\/kjop-stein-fjell-blabaer\/#breadcrumb","itemListElement":[{"@type":"ListItem","position":1,"name":"Butikk","item":"https:\/\/medicinasinc.com\/no\/butikk\/"},{"@type":"ListItem","position":2,"name":"Kj\u00f8p Rocky Mountain Blueberry"}]},{"@type":"WebSite","@id":"https:\/\/medicinasinc.com\/no\/#website","url":"https:\/\/medicinasinc.com\/no\/","name":"Medicinas Inc","description":"Helsemedisinsk klinikk","potentialAction":[{"@type":"SearchAction","target":{"@type":"EntryPoint","urlTemplate":"https:\/\/medicinasinc.com\/no\/?s={search_term_string}"},"query-input":{"@type":"PropertyValueSpecification","valueRequired":true,"valueName":"search_term_string"}}],"inLanguage":"nn-NO"}]}},"_links":{"self":[{"href":"https:\/\/medicinasinc.com\/no\/wp-json\/wp\/v2\/product\/5045","targetHints":{"allow":["GET"]}}],"collection":[{"href":"https:\/\/medicinasinc.com\/no\/wp-json\/wp\/v2\/product"}],"about":[{"href":"https:\/\/medicinasinc.com\/no\/wp-json\/wp\/v2\/types\/product"}],"replies":[{"embeddable":true,"href":"https:\/\/medicinasinc.com\/no\/wp-json\/wp\/v2\/comments?post=5045"}],"wp:featuredmedia":[{"embeddable":true,"href":"https:\/\/medicinasinc.com\/no\/wp-json\/wp\/v2\/media\/5063"}],"wp:attachment":[{"href":"https:\/\/medicinasinc.com\/no\/wp-json\/wp\/v2\/media?parent=5045"}],"wp:term":[{"taxonomy":"product_brand","embeddable":true,"href":"https:\/\/medicinasinc.com\/no\/wp-json\/wp\/v2\/product_brand?post=5045"},{"taxonomy":"product_cat","embeddable":true,"href":"https:\/\/medicinasinc.com\/no\/wp-json\/wp\/v2\/product_cat?post=5045"},{"taxonomy":"product_tag","embeddable":true,"href":"https:\/\/medicinasinc.com\/no\/wp-json\/wp\/v2\/product_tag?post=5045"}],"curies":[{"name":"wp","href":"https:\/\/api.w.org\/{rel}","templated":true}]}}