{"id":5044,"date":"2022-02-20T19:31:39","date_gmt":"2022-02-20T19:31:39","guid":{"rendered":"https:\/\/medicinasinc.com\/no\/?post_type=product&#038;p=5044"},"modified":"2022-03-22T01:03:45","modified_gmt":"2022-03-22T01:03:45","slug":"kjop-lilla-vrak-marihuana","status":"publish","type":"product","link":"https:\/\/medicinasinc.com\/no\/product\/kjop-lilla-vrak-marihuana\/","title":{"rendered":"Kj\u00f8p Purple Wreck Marihuana"},"content":{"rendered":"<div class=\"et_pb_column et_pb_column_3_8 et_pb_column_inner et_pb_column_inner_4 \">\n<div> &lt;_div class=&quot;et_pb_module et_pb_text et_pb_text_6 et_pb_bg_layout_light et_pb_text] &lt;_div class=&quot;et_pb_module et_pb_text et_pb_text_6 et_pb_bg_layout_light et_pb_text] indica-dominant hybridstamme som har evnen til \u00e5 imponere selv den mest erfarne cannabisforbrukeren. Purple Wreck er en blanding mellom den ekstremt popul\u00e6re sativa Trainwreck og den fargerike, aromatiske Purple Urkle. Den ble laget av DNA Genetics, de kjente oppdretterne bak Chocolope og LA Confidential. Purple Wreck er et utmerket valg for konsum p\u00e5 slutten av dagen p\u00e5 grunn av sin sterke, beroligende kroppsh\u00f8ye og dristige smak. Analytical 360, et testanlegg for cannabis, oppdaget at pr\u00f8ver av stammen inneholdt THC-niv\u00e5er fra 10 % til svimlende 31 %.<\/p>\n<p>Purple Wreck utmerker seg ved sine enorme, perfekt formede blomster. Disse knoppene ser ut som miniatyrjuletr\u00e6r, avsmalnende fra en bred base til en spiss spiss. Strukturen deres ser ut til \u00e5 v\u00e6re en krysning mellom indica og sativa \u2013 selv om de er kompakte og tette p\u00e5 innsiden, spiraler bladene utover med en myk tekstur p\u00e5 utsiden. Stammens sanne stjerne er disse bladene, som blender forbrukerne med en flekkete kombinasjon av olivengr\u00f8nn, lilla og fiolett. Disse lilla fargene er for\u00e5rsaket av kaldere enn gjennomsnittet v\u00e6r som aktiverer antocyaninpigmenter i stammens DNA. Til slutt dekker klebrige hvite trikomer hele overflaten til disse enorme nuggets, og gir et duggfrisk, frostig utseende.<\/p>\n<p>Cannabishybrider er en krysning mellom indica- og sativa-stammer. Mens samtaler om cannabisstammer har en tendens til \u00e5 fokusere p\u00e5 forskjellene mellom sativa og indica, er dette bare ett aspekt av bildet. Faktisk er flertallet av marihuana-kultivarer som er tilgjengelige n\u00e5, ikke rene sativa. Vanligvis vil de v\u00e6re indica- eller sativa-dominante hybrider, eller en 50\/50 kombinasjon av de to. Purple Wreck Purchase Online<\/p>\n<p>Purple Wreck Purchase Online<\/p>\n<\/p><\/div><\/div><\/div>\n<div class=\"product-next-previous\">\n<div class=\"product- forrige\"><\/div><\/div>\n","protected":false},"excerpt":{"rendered":"<p>Lilla vrak &#8211; Kj\u00f8p Purple Wreck Online &#8211; Purple Wreck er en indica-dominant hybrid som har evnen til \u00e5 imponere selv den mest erfarne cannabisbrukeren.<\/p>\n<p>Purple Wreck Marijuana-stamme kan kj\u00f8pes p\u00e5 nettet.<\/p>\n<p>Purple Wreck Marihuana er en indica stamme av marihuana. Dominant hybrid &#8211; 60 % Indica \/ 40 % Sativa THC-innhold i sativa: 18\u201325 %<\/p>\n<p>1 oz. minimumsbestilling<\/p>\n<p>&nbsp;<\/p>\n","protected":false},"featured_media":5061,"comment_status":"open","ping_status":"closed","template":"","meta":[],"product_brand":[],"product_cat":[778],"product_tag":[989,988,990,991,992,993,994,995],"class_list":{"0":"post-5044","1":"product","2":"type-product","3":"status-publish","4":"has-post-thumbnail","6":"product_cat-luke-til-salg","7":"product_tag-lilla-togvrak-belastning-effekter","8":"product_tag-lilla-togvrak-pris","9":"product_tag-lilla-togvrak-stamme-anmeldelse","10":"product_tag-lilla-vrak-blad","11":"product_tag-lilla-vrak-sativa-eller-indica","12":"product_tag-lilla-vrak-stamme-allbud","13":"product_tag-lilla-vrak-stamme-reserve-privada","14":"product_tag-togvrak-belastning-pris","16":"first","17":"instock","18":"shipping-taxable","19":"purchasable","20":"product-type-simple"},"yoast_head":"<!-- This site is optimized with the Yoast SEO plugin v27.3 - https:\/\/yoast.com\/product\/yoast-seo-wordpress\/ -->\n<title>Kj\u00f8p Purple Wreck Marihuana - Beste beste globale medisiner<\/title>\n<meta name=\"description\" content=\"Kj\u00f8p Purple Wreck marihuana p\u00e5 nettet - Purple Wreck er en indica-dominerende hybrid med kraften til \u00e5 imponere selv erfarne cannabisforbrukere.\" \/>\n<meta name=\"robots\" content=\"index, follow, max-snippet:-1, max-image-preview:large, max-video-preview:-1\" \/>\n<link rel=\"canonical\" href=\"https:\/\/medicinasinc.com\/no\/product\/kjop-lilla-vrak-marihuana\/\" \/>\n<meta property=\"og:locale\" content=\"nn_NO\" \/>\n<meta property=\"og:type\" content=\"article\" \/>\n<meta property=\"og:title\" content=\"Kj\u00f8p Purple Wreck Marihuana - Beste beste globale medisiner\" \/>\n<meta property=\"og:description\" content=\"Kj\u00f8p Purple Wreck marihuana p\u00e5 nettet - Purple Wreck er en indica-dominerende hybrid med kraften til \u00e5 imponere selv erfarne cannabisforbrukere.\" \/>\n<meta property=\"og:url\" content=\"https:\/\/medicinasinc.com\/no\/product\/kjop-lilla-vrak-marihuana\/\" \/>\n<meta property=\"og:site_name\" content=\"Medicinas Inc\" \/>\n<meta property=\"article:modified_time\" content=\"2022-03-22T01:03:45+00:00\" \/>\n<meta property=\"og:image\" content=\"https:\/\/medicinasinc.com\/no\/wp-content\/uploads\/sites\/14\/2022\/02\/Buy-Purple-Wreck-Marijuana-1.jpg\" \/>\n\t<meta property=\"og:image:width\" content=\"1245\" \/>\n\t<meta property=\"og:image:height\" content=\"1024\" \/>\n\t<meta property=\"og:image:type\" content=\"image\/jpeg\" \/>\n<meta name=\"twitter:card\" content=\"summary_large_image\" \/>\n<meta name=\"twitter:label1\" content=\"Est. reading time\" \/>\n\t<meta name=\"twitter:data1\" content=\"2 minutt\" \/>\n<script type=\"application\/ld+json\" class=\"yoast-schema-graph\">{\"@context\":\"https:\\\/\\\/schema.org\",\"@graph\":[{\"@type\":\"WebPage\",\"@id\":\"https:\\\/\\\/medicinasinc.com\\\/no\\\/product\\\/kjop-lilla-vrak-marihuana\\\/\",\"url\":\"https:\\\/\\\/medicinasinc.com\\\/no\\\/product\\\/kjop-lilla-vrak-marihuana\\\/\",\"name\":\"Kj\u00f8p Purple Wreck Marihuana - Beste beste globale medisiner\",\"isPartOf\":{\"@id\":\"https:\\\/\\\/medicinasinc.com\\\/no\\\/#website\"},\"primaryImageOfPage\":{\"@id\":\"https:\\\/\\\/medicinasinc.com\\\/no\\\/product\\\/kjop-lilla-vrak-marihuana\\\/#primaryimage\"},\"image\":{\"@id\":\"https:\\\/\\\/medicinasinc.com\\\/no\\\/product\\\/kjop-lilla-vrak-marihuana\\\/#primaryimage\"},\"thumbnailUrl\":\"https:\\\/\\\/medicinasinc.com\\\/no\\\/wp-content\\\/uploads\\\/sites\\\/14\\\/2022\\\/02\\\/Buy-Purple-Wreck-Marijuana-1.jpg\",\"datePublished\":\"2022-02-20T19:31:39+00:00\",\"dateModified\":\"2022-03-22T01:03:45+00:00\",\"description\":\"Kj\u00f8p Purple Wreck marihuana p\u00e5 nettet - Purple Wreck er en indica-dominerende hybrid med kraften til \u00e5 imponere selv erfarne cannabisforbrukere.\",\"breadcrumb\":{\"@id\":\"https:\\\/\\\/medicinasinc.com\\\/no\\\/product\\\/kjop-lilla-vrak-marihuana\\\/#breadcrumb\"},\"inLanguage\":\"nn-NO\",\"potentialAction\":[{\"@type\":\"ReadAction\",\"target\":[\"https:\\\/\\\/medicinasinc.com\\\/no\\\/product\\\/kjop-lilla-vrak-marihuana\\\/\"]}]},{\"@type\":\"ImageObject\",\"inLanguage\":\"nn-NO\",\"@id\":\"https:\\\/\\\/medicinasinc.com\\\/no\\\/product\\\/kjop-lilla-vrak-marihuana\\\/#primaryimage\",\"url\":\"https:\\\/\\\/medicinasinc.com\\\/no\\\/wp-content\\\/uploads\\\/sites\\\/14\\\/2022\\\/02\\\/Buy-Purple-Wreck-Marijuana-1.jpg\",\"contentUrl\":\"https:\\\/\\\/medicinasinc.com\\\/no\\\/wp-content\\\/uploads\\\/sites\\\/14\\\/2022\\\/02\\\/Buy-Purple-Wreck-Marijuana-1.jpg\",\"width\":1245,\"height\":1024},{\"@type\":\"BreadcrumbList\",\"@id\":\"https:\\\/\\\/medicinasinc.com\\\/no\\\/product\\\/kjop-lilla-vrak-marihuana\\\/#breadcrumb\",\"itemListElement\":[{\"@type\":\"ListItem\",\"position\":1,\"name\":\"Butikk\",\"item\":\"https:\\\/\\\/medicinasinc.com\\\/no\\\/butikk\\\/\"},{\"@type\":\"ListItem\",\"position\":2,\"name\":\"Kj\u00f8p Purple Wreck Marihuana\"}]},{\"@type\":\"WebSite\",\"@id\":\"https:\\\/\\\/medicinasinc.com\\\/no\\\/#website\",\"url\":\"https:\\\/\\\/medicinasinc.com\\\/no\\\/\",\"name\":\"Medicinas Inc\",\"description\":\"Helsemedisinsk klinikk\",\"potentialAction\":[{\"@type\":\"SearchAction\",\"target\":{\"@type\":\"EntryPoint\",\"urlTemplate\":\"https:\\\/\\\/medicinasinc.com\\\/no\\\/?s={search_term_string}\"},\"query-input\":{\"@type\":\"PropertyValueSpecification\",\"valueRequired\":true,\"valueName\":\"search_term_string\"}}],\"inLanguage\":\"nn-NO\"}]}<\/script>\n<!-- \/ Yoast SEO plugin. -->","yoast_head_json":{"title":"Kj\u00f8p Purple Wreck Marihuana - Beste beste globale medisiner","description":"Kj\u00f8p Purple Wreck marihuana p\u00e5 nettet - Purple Wreck er en indica-dominerende hybrid med kraften til \u00e5 imponere selv erfarne cannabisforbrukere.","robots":{"index":"index","follow":"follow","max-snippet":"max-snippet:-1","max-image-preview":"max-image-preview:large","max-video-preview":"max-video-preview:-1"},"canonical":"https:\/\/medicinasinc.com\/no\/product\/kjop-lilla-vrak-marihuana\/","og_locale":"nn_NO","og_type":"article","og_title":"Kj\u00f8p Purple Wreck Marihuana - Beste beste globale medisiner","og_description":"Kj\u00f8p Purple Wreck marihuana p\u00e5 nettet - Purple Wreck er en indica-dominerende hybrid med kraften til \u00e5 imponere selv erfarne cannabisforbrukere.","og_url":"https:\/\/medicinasinc.com\/no\/product\/kjop-lilla-vrak-marihuana\/","og_site_name":"Medicinas Inc","article_modified_time":"2022-03-22T01:03:45+00:00","og_image":[{"width":1245,"height":1024,"url":"https:\/\/medicinasinc.com\/no\/wp-content\/uploads\/sites\/14\/2022\/02\/Buy-Purple-Wreck-Marijuana-1.jpg","type":"image\/jpeg"}],"twitter_card":"summary_large_image","twitter_misc":{"Est. reading time":"2 minutt"},"schema":{"@context":"https:\/\/schema.org","@graph":[{"@type":"WebPage","@id":"https:\/\/medicinasinc.com\/no\/product\/kjop-lilla-vrak-marihuana\/","url":"https:\/\/medicinasinc.com\/no\/product\/kjop-lilla-vrak-marihuana\/","name":"Kj\u00f8p Purple Wreck Marihuana - Beste beste globale medisiner","isPartOf":{"@id":"https:\/\/medicinasinc.com\/no\/#website"},"primaryImageOfPage":{"@id":"https:\/\/medicinasinc.com\/no\/product\/kjop-lilla-vrak-marihuana\/#primaryimage"},"image":{"@id":"https:\/\/medicinasinc.com\/no\/product\/kjop-lilla-vrak-marihuana\/#primaryimage"},"thumbnailUrl":"https:\/\/medicinasinc.com\/no\/wp-content\/uploads\/sites\/14\/2022\/02\/Buy-Purple-Wreck-Marijuana-1.jpg","datePublished":"2022-02-20T19:31:39+00:00","dateModified":"2022-03-22T01:03:45+00:00","description":"Kj\u00f8p Purple Wreck marihuana p\u00e5 nettet - Purple Wreck er en indica-dominerende hybrid med kraften til \u00e5 imponere selv erfarne cannabisforbrukere.","breadcrumb":{"@id":"https:\/\/medicinasinc.com\/no\/product\/kjop-lilla-vrak-marihuana\/#breadcrumb"},"inLanguage":"nn-NO","potentialAction":[{"@type":"ReadAction","target":["https:\/\/medicinasinc.com\/no\/product\/kjop-lilla-vrak-marihuana\/"]}]},{"@type":"ImageObject","inLanguage":"nn-NO","@id":"https:\/\/medicinasinc.com\/no\/product\/kjop-lilla-vrak-marihuana\/#primaryimage","url":"https:\/\/medicinasinc.com\/no\/wp-content\/uploads\/sites\/14\/2022\/02\/Buy-Purple-Wreck-Marijuana-1.jpg","contentUrl":"https:\/\/medicinasinc.com\/no\/wp-content\/uploads\/sites\/14\/2022\/02\/Buy-Purple-Wreck-Marijuana-1.jpg","width":1245,"height":1024},{"@type":"BreadcrumbList","@id":"https:\/\/medicinasinc.com\/no\/product\/kjop-lilla-vrak-marihuana\/#breadcrumb","itemListElement":[{"@type":"ListItem","position":1,"name":"Butikk","item":"https:\/\/medicinasinc.com\/no\/butikk\/"},{"@type":"ListItem","position":2,"name":"Kj\u00f8p Purple Wreck Marihuana"}]},{"@type":"WebSite","@id":"https:\/\/medicinasinc.com\/no\/#website","url":"https:\/\/medicinasinc.com\/no\/","name":"Medicinas Inc","description":"Helsemedisinsk klinikk","potentialAction":[{"@type":"SearchAction","target":{"@type":"EntryPoint","urlTemplate":"https:\/\/medicinasinc.com\/no\/?s={search_term_string}"},"query-input":{"@type":"PropertyValueSpecification","valueRequired":true,"valueName":"search_term_string"}}],"inLanguage":"nn-NO"}]}},"_links":{"self":[{"href":"https:\/\/medicinasinc.com\/no\/wp-json\/wp\/v2\/product\/5044","targetHints":{"allow":["GET"]}}],"collection":[{"href":"https:\/\/medicinasinc.com\/no\/wp-json\/wp\/v2\/product"}],"about":[{"href":"https:\/\/medicinasinc.com\/no\/wp-json\/wp\/v2\/types\/product"}],"replies":[{"embeddable":true,"href":"https:\/\/medicinasinc.com\/no\/wp-json\/wp\/v2\/comments?post=5044"}],"wp:featuredmedia":[{"embeddable":true,"href":"https:\/\/medicinasinc.com\/no\/wp-json\/wp\/v2\/media\/5061"}],"wp:attachment":[{"href":"https:\/\/medicinasinc.com\/no\/wp-json\/wp\/v2\/media?parent=5044"}],"wp:term":[{"taxonomy":"product_brand","embeddable":true,"href":"https:\/\/medicinasinc.com\/no\/wp-json\/wp\/v2\/product_brand?post=5044"},{"taxonomy":"product_cat","embeddable":true,"href":"https:\/\/medicinasinc.com\/no\/wp-json\/wp\/v2\/product_cat?post=5044"},{"taxonomy":"product_tag","embeddable":true,"href":"https:\/\/medicinasinc.com\/no\/wp-json\/wp\/v2\/product_tag?post=5044"}],"curies":[{"name":"wp","href":"https:\/\/api.w.org\/{rel}","templated":true}]}}