{"id":5037,"date":"2022-02-20T19:24:52","date_gmt":"2022-02-20T19:24:52","guid":{"rendered":"https:\/\/medicinasinc.com\/no\/?post_type=product&#038;p=5037"},"modified":"2022-03-22T01:03:54","modified_gmt":"2022-03-22T01:03:54","slug":"kjop-nirvana-spesial-cannabis","status":"publish","type":"product","link":"https:\/\/medicinasinc.com\/no\/product\/kjop-nirvana-spesial-cannabis\/","title":{"rendered":"Kj\u00f8p Nirvana Special Cannabis"},"content":{"rendered":"<p>Nirvana Special er en unik sativa-dominerende hybridstamme (75 % sativa\/25 % indica) produsert ved \u00e5 blande de ikoniske Jock Horror- og Oaxacan Sativa-stammene. Denne rolige knoppen vant 2008 HighLife Cup i Amsterdam, og tok hjem gullmedaljen for beste bio totalt. Med sitt kraftige funksjonelle, men kreative h\u00f8ye og imponerende gjennomsnittlige THC-innhold p\u00e5 26-27 prosent, er det ikke rart at Nirvana Special er en s\u00e5 popul\u00e6r stamme! Nirvana Special high begynner med et utbrudd av forh\u00f8yet energi som gj\u00f8r at du f\u00f8ler deg munter og motivert. Du vil f\u00f8le deg oppmuntret og ekstremt kreativ, noe som gj\u00f8r dette utmerket for alle mentale gj\u00f8rem\u00e5l eller bare \u00e5 komme seg ut. Disse effektene, sammen med det h\u00f8ye THC-innholdet, gj\u00f8r Nirvana Special ideell for behandling av kronisk tretthet, depresjon, kronisk stress, s\u00f8vnl\u00f8shet og tap av appetitt. Denne knoppen har en s\u00f8t og fruktig skunky smak med en utpust som er ganske syrlig. Aromaen er noe skunky og aromatisk, med en sterk syrlig fruktig overtone. Nirvana Special-knopper er luftige, popcornformede mintgr\u00f8nne nupper dekket av bleke sandete krystalltrikomer.<\/p>\n<p>Sativa Dominant Hybrid \u2013 75 % Sativa \/ 25 % Indica<\/p>\n<p>THC: 26-27 % <\/p>\n<p>Vanlig bruk: Depresjon, tretthet, s\u00f8vnl\u00f8shet, tap av appetitt, stress<\/p>\n<p>Effekter: Kreativ, energigivende, glad, motivasjon, oppl\u00f8ftende<\/p>\n","protected":false},"excerpt":{"rendered":"<p>Nirvana Special Cannabis-stamme USA. Dette er en sjelden dominerende hybridstamme (75 % sativa\/25 % indica).<em>Kj\u00f8p Nirvana Special Cannabis<\/em>\u00a0Strain.<\/p>\n","protected":false},"featured_media":5054,"comment_status":"open","ping_status":"closed","template":"","meta":[],"product_brand":[],"product_cat":[778],"product_tag":[],"class_list":{"0":"post-5037","1":"product","2":"type-product","3":"status-publish","4":"has-post-thumbnail","6":"product_cat-luke-til-salg","8":"first","9":"instock","10":"shipping-taxable","11":"purchasable","12":"product-type-variable","13":"has-default-attributes"},"yoast_head":"<!-- This site is optimized with the Yoast SEO plugin v27.3 - https:\/\/yoast.com\/product\/yoast-seo-wordpress\/ -->\n<title>Kj\u00f8p Nirvana Special Cannabis - Beste beste globale medisiner<\/title>\n<meta name=\"description\" content=\"Nirvana Special Cannabis stamme USA. Dette er en sjelden dominerende hybrid (75 % sativa\/25 % indica) stamme. Kj\u00f8p Nirvana Special Cannabis Strain.\" \/>\n<meta name=\"robots\" content=\"index, follow, max-snippet:-1, max-image-preview:large, max-video-preview:-1\" \/>\n<link rel=\"canonical\" href=\"https:\/\/medicinasinc.com\/no\/product\/kjop-nirvana-spesial-cannabis\/\" \/>\n<meta property=\"og:locale\" content=\"nn_NO\" \/>\n<meta property=\"og:type\" content=\"article\" \/>\n<meta property=\"og:title\" content=\"Kj\u00f8p Nirvana Special Cannabis - Beste beste globale medisiner\" \/>\n<meta property=\"og:description\" content=\"Nirvana Special Cannabis stamme USA. Dette er en sjelden dominerende hybrid (75 % sativa\/25 % indica) stamme. Kj\u00f8p Nirvana Special Cannabis Strain.\" \/>\n<meta property=\"og:url\" content=\"https:\/\/medicinasinc.com\/no\/product\/kjop-nirvana-spesial-cannabis\/\" \/>\n<meta property=\"og:site_name\" content=\"Medicinas Inc\" \/>\n<meta property=\"article:modified_time\" content=\"2022-03-22T01:03:54+00:00\" \/>\n<meta property=\"og:image\" content=\"https:\/\/medicinasinc.com\/no\/wp-content\/uploads\/sites\/14\/2022\/02\/Buy-Nirvana-Special-Cannabis.jpg\" \/>\n\t<meta property=\"og:image:width\" content=\"1920\" \/>\n\t<meta property=\"og:image:height\" content=\"1920\" \/>\n\t<meta property=\"og:image:type\" content=\"image\/jpeg\" \/>\n<meta name=\"twitter:card\" content=\"summary_large_image\" \/>\n<meta name=\"twitter:label1\" content=\"Est. reading time\" \/>\n\t<meta name=\"twitter:data1\" content=\"1 minutt\" \/>\n<script type=\"application\/ld+json\" class=\"yoast-schema-graph\">{\"@context\":\"https:\\\/\\\/schema.org\",\"@graph\":[{\"@type\":\"WebPage\",\"@id\":\"https:\\\/\\\/medicinasinc.com\\\/no\\\/product\\\/kjop-nirvana-spesial-cannabis\\\/\",\"url\":\"https:\\\/\\\/medicinasinc.com\\\/no\\\/product\\\/kjop-nirvana-spesial-cannabis\\\/\",\"name\":\"Kj\u00f8p Nirvana Special Cannabis - Beste beste globale medisiner\",\"isPartOf\":{\"@id\":\"https:\\\/\\\/medicinasinc.com\\\/no\\\/#website\"},\"primaryImageOfPage\":{\"@id\":\"https:\\\/\\\/medicinasinc.com\\\/no\\\/product\\\/kjop-nirvana-spesial-cannabis\\\/#primaryimage\"},\"image\":{\"@id\":\"https:\\\/\\\/medicinasinc.com\\\/no\\\/product\\\/kjop-nirvana-spesial-cannabis\\\/#primaryimage\"},\"thumbnailUrl\":\"https:\\\/\\\/medicinasinc.com\\\/no\\\/wp-content\\\/uploads\\\/sites\\\/14\\\/2022\\\/02\\\/Buy-Nirvana-Special-Cannabis.jpg\",\"datePublished\":\"2022-02-20T19:24:52+00:00\",\"dateModified\":\"2022-03-22T01:03:54+00:00\",\"description\":\"Nirvana Special Cannabis stamme USA. Dette er en sjelden dominerende hybrid (75 % sativa\\\/25 % indica) stamme. Kj\u00f8p Nirvana Special Cannabis Strain.\",\"breadcrumb\":{\"@id\":\"https:\\\/\\\/medicinasinc.com\\\/no\\\/product\\\/kjop-nirvana-spesial-cannabis\\\/#breadcrumb\"},\"inLanguage\":\"nn-NO\",\"potentialAction\":[{\"@type\":\"ReadAction\",\"target\":[\"https:\\\/\\\/medicinasinc.com\\\/no\\\/product\\\/kjop-nirvana-spesial-cannabis\\\/\"]}]},{\"@type\":\"ImageObject\",\"inLanguage\":\"nn-NO\",\"@id\":\"https:\\\/\\\/medicinasinc.com\\\/no\\\/product\\\/kjop-nirvana-spesial-cannabis\\\/#primaryimage\",\"url\":\"https:\\\/\\\/medicinasinc.com\\\/no\\\/wp-content\\\/uploads\\\/sites\\\/14\\\/2022\\\/02\\\/Buy-Nirvana-Special-Cannabis.jpg\",\"contentUrl\":\"https:\\\/\\\/medicinasinc.com\\\/no\\\/wp-content\\\/uploads\\\/sites\\\/14\\\/2022\\\/02\\\/Buy-Nirvana-Special-Cannabis.jpg\",\"width\":1920,\"height\":1920},{\"@type\":\"BreadcrumbList\",\"@id\":\"https:\\\/\\\/medicinasinc.com\\\/no\\\/product\\\/kjop-nirvana-spesial-cannabis\\\/#breadcrumb\",\"itemListElement\":[{\"@type\":\"ListItem\",\"position\":1,\"name\":\"Butikk\",\"item\":\"https:\\\/\\\/medicinasinc.com\\\/no\\\/butikk\\\/\"},{\"@type\":\"ListItem\",\"position\":2,\"name\":\"Kj\u00f8p Nirvana Special Cannabis\"}]},{\"@type\":\"WebSite\",\"@id\":\"https:\\\/\\\/medicinasinc.com\\\/no\\\/#website\",\"url\":\"https:\\\/\\\/medicinasinc.com\\\/no\\\/\",\"name\":\"Medicinas Inc\",\"description\":\"Helsemedisinsk klinikk\",\"potentialAction\":[{\"@type\":\"SearchAction\",\"target\":{\"@type\":\"EntryPoint\",\"urlTemplate\":\"https:\\\/\\\/medicinasinc.com\\\/no\\\/?s={search_term_string}\"},\"query-input\":{\"@type\":\"PropertyValueSpecification\",\"valueRequired\":true,\"valueName\":\"search_term_string\"}}],\"inLanguage\":\"nn-NO\"}]}<\/script>\n<!-- \/ Yoast SEO plugin. -->","yoast_head_json":{"title":"Kj\u00f8p Nirvana Special Cannabis - Beste beste globale medisiner","description":"Nirvana Special Cannabis stamme USA. Dette er en sjelden dominerende hybrid (75 % sativa\/25 % indica) stamme. Kj\u00f8p Nirvana Special Cannabis Strain.","robots":{"index":"index","follow":"follow","max-snippet":"max-snippet:-1","max-image-preview":"max-image-preview:large","max-video-preview":"max-video-preview:-1"},"canonical":"https:\/\/medicinasinc.com\/no\/product\/kjop-nirvana-spesial-cannabis\/","og_locale":"nn_NO","og_type":"article","og_title":"Kj\u00f8p Nirvana Special Cannabis - Beste beste globale medisiner","og_description":"Nirvana Special Cannabis stamme USA. Dette er en sjelden dominerende hybrid (75 % sativa\/25 % indica) stamme. Kj\u00f8p Nirvana Special Cannabis Strain.","og_url":"https:\/\/medicinasinc.com\/no\/product\/kjop-nirvana-spesial-cannabis\/","og_site_name":"Medicinas Inc","article_modified_time":"2022-03-22T01:03:54+00:00","og_image":[{"width":1920,"height":1920,"url":"https:\/\/medicinasinc.com\/no\/wp-content\/uploads\/sites\/14\/2022\/02\/Buy-Nirvana-Special-Cannabis.jpg","type":"image\/jpeg"}],"twitter_card":"summary_large_image","twitter_misc":{"Est. reading time":"1 minutt"},"schema":{"@context":"https:\/\/schema.org","@graph":[{"@type":"WebPage","@id":"https:\/\/medicinasinc.com\/no\/product\/kjop-nirvana-spesial-cannabis\/","url":"https:\/\/medicinasinc.com\/no\/product\/kjop-nirvana-spesial-cannabis\/","name":"Kj\u00f8p Nirvana Special Cannabis - Beste beste globale medisiner","isPartOf":{"@id":"https:\/\/medicinasinc.com\/no\/#website"},"primaryImageOfPage":{"@id":"https:\/\/medicinasinc.com\/no\/product\/kjop-nirvana-spesial-cannabis\/#primaryimage"},"image":{"@id":"https:\/\/medicinasinc.com\/no\/product\/kjop-nirvana-spesial-cannabis\/#primaryimage"},"thumbnailUrl":"https:\/\/medicinasinc.com\/no\/wp-content\/uploads\/sites\/14\/2022\/02\/Buy-Nirvana-Special-Cannabis.jpg","datePublished":"2022-02-20T19:24:52+00:00","dateModified":"2022-03-22T01:03:54+00:00","description":"Nirvana Special Cannabis stamme USA. Dette er en sjelden dominerende hybrid (75 % sativa\/25 % indica) stamme. Kj\u00f8p Nirvana Special Cannabis Strain.","breadcrumb":{"@id":"https:\/\/medicinasinc.com\/no\/product\/kjop-nirvana-spesial-cannabis\/#breadcrumb"},"inLanguage":"nn-NO","potentialAction":[{"@type":"ReadAction","target":["https:\/\/medicinasinc.com\/no\/product\/kjop-nirvana-spesial-cannabis\/"]}]},{"@type":"ImageObject","inLanguage":"nn-NO","@id":"https:\/\/medicinasinc.com\/no\/product\/kjop-nirvana-spesial-cannabis\/#primaryimage","url":"https:\/\/medicinasinc.com\/no\/wp-content\/uploads\/sites\/14\/2022\/02\/Buy-Nirvana-Special-Cannabis.jpg","contentUrl":"https:\/\/medicinasinc.com\/no\/wp-content\/uploads\/sites\/14\/2022\/02\/Buy-Nirvana-Special-Cannabis.jpg","width":1920,"height":1920},{"@type":"BreadcrumbList","@id":"https:\/\/medicinasinc.com\/no\/product\/kjop-nirvana-spesial-cannabis\/#breadcrumb","itemListElement":[{"@type":"ListItem","position":1,"name":"Butikk","item":"https:\/\/medicinasinc.com\/no\/butikk\/"},{"@type":"ListItem","position":2,"name":"Kj\u00f8p Nirvana Special Cannabis"}]},{"@type":"WebSite","@id":"https:\/\/medicinasinc.com\/no\/#website","url":"https:\/\/medicinasinc.com\/no\/","name":"Medicinas Inc","description":"Helsemedisinsk klinikk","potentialAction":[{"@type":"SearchAction","target":{"@type":"EntryPoint","urlTemplate":"https:\/\/medicinasinc.com\/no\/?s={search_term_string}"},"query-input":{"@type":"PropertyValueSpecification","valueRequired":true,"valueName":"search_term_string"}}],"inLanguage":"nn-NO"}]}},"_links":{"self":[{"href":"https:\/\/medicinasinc.com\/no\/wp-json\/wp\/v2\/product\/5037","targetHints":{"allow":["GET"]}}],"collection":[{"href":"https:\/\/medicinasinc.com\/no\/wp-json\/wp\/v2\/product"}],"about":[{"href":"https:\/\/medicinasinc.com\/no\/wp-json\/wp\/v2\/types\/product"}],"replies":[{"embeddable":true,"href":"https:\/\/medicinasinc.com\/no\/wp-json\/wp\/v2\/comments?post=5037"}],"wp:featuredmedia":[{"embeddable":true,"href":"https:\/\/medicinasinc.com\/no\/wp-json\/wp\/v2\/media\/5054"}],"wp:attachment":[{"href":"https:\/\/medicinasinc.com\/no\/wp-json\/wp\/v2\/media?parent=5037"}],"wp:term":[{"taxonomy":"product_brand","embeddable":true,"href":"https:\/\/medicinasinc.com\/no\/wp-json\/wp\/v2\/product_brand?post=5037"},{"taxonomy":"product_cat","embeddable":true,"href":"https:\/\/medicinasinc.com\/no\/wp-json\/wp\/v2\/product_cat?post=5037"},{"taxonomy":"product_tag","embeddable":true,"href":"https:\/\/medicinasinc.com\/no\/wp-json\/wp\/v2\/product_tag?post=5037"}],"curies":[{"name":"wp","href":"https:\/\/api.w.org\/{rel}","templated":true}]}}