{"id":5020,"date":"2022-02-20T19:11:16","date_gmt":"2022-02-20T19:11:16","guid":{"rendered":"https:\/\/medicinasinc.com\/no\/?post_type=product&#038;p=5020"},"modified":"2022-03-22T01:04:02","modified_gmt":"2022-03-22T01:04:02","slug":"kjop-mor-til-drager-marihuana","status":"publish","type":"product","link":"https:\/\/medicinasinc.com\/no\/product\/kjop-mor-til-drager-marihuana\/","title":{"rendered":"Kj\u00f8p Mother of Dragons Marihuana"},"content":{"rendered":"<p>Kj\u00f8p av marihuana Mother of Dragons<\/p>\n<p>Mother of Dragons er en sv\u00e6rt sjelden jevnt balansert hybrid (50 prosent Indica\/50 prosent Sativa) stamme med ukjent opphav p\u00e5 grunn av oppdretterhemmelighold og generell mangel p\u00e5 kunnskap om dens opprinnelse. Oppkalt etter den ber\u00f8mte Daenerys Targaryen fra Game of Thrones, pakker denne sjeldne stammen en brennende smak som vil sette smaksl\u00f8kene i brann. Aromaen er en fyrstikk laget i himmelen, med en tung og skarp kushy skunky overtone og en sv\u00e6rt krydret gressaktig innvirkning som frigj\u00f8res n\u00e5r nugsene brenner. Etter bare noen f\u00e5 treff, vil Mother of Dragons-h\u00f8yen etterlate deg l\u00f8ftet og tankene dine sveve i timevis. Det begynner med en cerebral p\u00e5virkning som transporterer tankene dine til en tilstand av perfekt ekstase og hum\u00f8ret ditt til en tilstand av ren tilfredshet. Mens sinnet og \u00e5nden flyr over himmelen, vil kroppen din oppleve et mildt niv\u00e5 av avslapning, noe som kan gj\u00f8re at du f\u00f8ler deg litt d\u00f8sig. Denne stemningen har v\u00e6rt kjent for \u00e5 for\u00e5rsake angst hos noen mennesker, s\u00e5 unng\u00e5 det hvis du er utsatt for det. Mother of Dragons er et ideelt alternativ for personer som lider av kronisk stress, tristhet, hum\u00f8rsvingninger og kroniske smerter p\u00e5 grunn av disse effektene pluss det h\u00f8ye gjennomsnittlige THC-innholdet p\u00e5 23-28 prosent. Denne knoppen er sammensatt av drueformede skoggr\u00f8nne nupper dekket med h\u00e5rete ravh\u00e5r og trikomer av blendende ravkrystaller.<\/p>\n<p>Kj\u00f8p Mother of Dragons Marihuana n\u00e5 fra Tegridy Farms&raquo; online cannabisdispensary<\/p>\n","protected":false},"excerpt":{"rendered":"<div class=\"woocommerce-product-details__short-description\">\n<p>Kj\u00f8p Mother of Dragons Marihuana billig online. Mor til drager marihuana er hybrid \u2013 50 % Sativa \/50 % Indica THC: 23 % \u2013 28 %<\/p>\n<div class=\"woocommerce-product-details__short-description\">\n<p><strong>Budst\u00f8rrelse<\/strong>: Liten \u2013 Middels<br \/> <strong>Strain Type<\/strong>: 40 % Indica 60 % Sativa<br \/> <strong>Tekstur<\/strong>: Normal \u2013 klebrig<br \/> <strong>Smak<\/strong>: Urte | S\u00f8t<br \/> <strong>Medisinsk bruk<\/strong>: Angst | Kronisk smerte | Depresjon | Stress<br \/> <strong>THC-innhold<\/strong>: 26 % h\u00f8yeste test\u00a0<strong>CBD<\/strong>: &gt;1 %<\/p>\n<\/p><\/div>\n<p class=\"stock out-of- lager\"> <\/div>\n","protected":false},"featured_media":5038,"comment_status":"open","ping_status":"closed","template":"","meta":[],"product_brand":[],"product_cat":[778],"product_tag":[960,983,615,964,455,967,968,969,461,971,973,974,987,985,986,480,978,975,976,977,961,972,962,970,965,966,963,979,980,981,982,984],"class_list":{"0":"post-5020","1":"product","2":"type-product","3":"status-publish","4":"has-post-thumbnail","6":"product_cat-luke-til-salg","7":"product_tag-best-place-to-buy-marijuana-seeds-online","8":"product_tag-bestille-kodein-hostesaft-online","9":"product_tag-buy-cannabis-oil-online","10":"product_tag-buy-lean-codeine-online","11":"product_tag-buy-marijuana-online","12":"product_tag-buy-marijuana-seeds-online","13":"product_tag-buy-marijuana-seeds-online-canada","14":"product_tag-buy-marijuana-seeds-online-usa","15":"product_tag-buy-medical-marijuana-online","16":"product_tag-buy-online-actavis-cough-syrup","17":"product_tag-buy-safe-medical-marijuana-online","18":"product_tag-buy-synthetic-marijuana-online","19":"product_tag-hvor-kan-kjpe-cbd-olje-nr-meg","20":"product_tag-hvor-kan-jeg-kjpe-marihuana-online","21":"product_tag-hvor-kan-jeg-kjpe-marihuana-fr-p-nettet","22":"product_tag-hvor-kan-kjpe-marihuana-online","23":"product_tag-hvordan-kjpe-marihuana-p-nettet","24":"product_tag-kan-du-kjpe","25":"product_tag-kan-du-kj-c3-b8pe-marihuana-online","26":"product_tag-kan-du-kjpe-c3-b8pe-marihuana-fr-c3-b8-p-c3-a5-net","27":"product_tag-kj-c3-b8p-actavis-sirup","28":"product_tag-kjp-ekte-marihuana-online","29":"product_tag-kjp-hostesaft-med-kodein","30":"product_tag-kjp-nirvana-spesiell-marihuana-stamme-online","31":"product_tag-kjpe-marihuana","32":"product_tag-kjp-marihuana-online-canada","33":"product_tag-kj-c3-b8p-ulovlig-marihuana-online","34":"product_tag-marihuana-oljer-for-vaping-til-salg","35":"product_tag-marihuana-online-kjp-cannabis","36":"product_tag-medisinsk-marihuana-online","37":"product_tag-online-lovlig","38":"product_tag-prometazin-kodein-sirup-til-salg","40":"first","41":"instock","42":"shipping-taxable","43":"purchasable","44":"product-type-variable","45":"has-default-attributes"},"yoast_head":"<!-- This site is optimized with the Yoast SEO plugin v27.3 - https:\/\/yoast.com\/product\/yoast-seo-wordpress\/ -->\n<title>Kj\u00f8p Mother of Dragons Marihuana - Beste globale medisiner<\/title>\n<meta name=\"description\" content=\"Kj\u00f8p Mother of Dragons Marihuana billig p\u00e5 nett. Mor til drager marihuana er hybrid \u2013 50 % Sativa \/ 50 % Indica THC: 23 % \u2013 28 %\" \/>\n<meta name=\"robots\" content=\"index, follow, max-snippet:-1, max-image-preview:large, max-video-preview:-1\" \/>\n<link rel=\"canonical\" href=\"https:\/\/medicinasinc.com\/no\/product\/kjop-mor-til-drager-marihuana\/\" \/>\n<meta property=\"og:locale\" content=\"nn_NO\" \/>\n<meta property=\"og:type\" content=\"article\" \/>\n<meta property=\"og:title\" content=\"Kj\u00f8p Mother of Dragons Marihuana - Beste globale medisiner\" \/>\n<meta property=\"og:description\" content=\"Kj\u00f8p Mother of Dragons Marihuana billig p\u00e5 nett. Mor til drager marihuana er hybrid \u2013 50 % Sativa \/ 50 % Indica THC: 23 % \u2013 28 %\" \/>\n<meta property=\"og:url\" content=\"https:\/\/medicinasinc.com\/no\/product\/kjop-mor-til-drager-marihuana\/\" \/>\n<meta property=\"og:site_name\" content=\"Medicinas Inc\" \/>\n<meta property=\"article:modified_time\" content=\"2022-03-22T01:04:02+00:00\" \/>\n<meta property=\"og:image\" content=\"https:\/\/medicinasinc.com\/no\/wp-content\/uploads\/sites\/14\/2022\/02\/Buy-Mother-of-Dragons-Marijuana.jpg\" \/>\n\t<meta property=\"og:image:width\" content=\"1000\" \/>\n\t<meta property=\"og:image:height\" content=\"1000\" \/>\n\t<meta property=\"og:image:type\" content=\"image\/jpeg\" \/>\n<meta name=\"twitter:card\" content=\"summary_large_image\" \/>\n<meta name=\"twitter:label1\" content=\"Est. reading time\" \/>\n\t<meta name=\"twitter:data1\" content=\"2 minutt\" \/>\n<script type=\"application\/ld+json\" class=\"yoast-schema-graph\">{\"@context\":\"https:\\\/\\\/schema.org\",\"@graph\":[{\"@type\":\"WebPage\",\"@id\":\"https:\\\/\\\/medicinasinc.com\\\/no\\\/product\\\/kjop-mor-til-drager-marihuana\\\/\",\"url\":\"https:\\\/\\\/medicinasinc.com\\\/no\\\/product\\\/kjop-mor-til-drager-marihuana\\\/\",\"name\":\"Kj\u00f8p Mother of Dragons Marihuana - Beste globale medisiner\",\"isPartOf\":{\"@id\":\"https:\\\/\\\/medicinasinc.com\\\/no\\\/#website\"},\"primaryImageOfPage\":{\"@id\":\"https:\\\/\\\/medicinasinc.com\\\/no\\\/product\\\/kjop-mor-til-drager-marihuana\\\/#primaryimage\"},\"image\":{\"@id\":\"https:\\\/\\\/medicinasinc.com\\\/no\\\/product\\\/kjop-mor-til-drager-marihuana\\\/#primaryimage\"},\"thumbnailUrl\":\"https:\\\/\\\/medicinasinc.com\\\/no\\\/wp-content\\\/uploads\\\/sites\\\/14\\\/2022\\\/02\\\/Buy-Mother-of-Dragons-Marijuana.jpg\",\"datePublished\":\"2022-02-20T19:11:16+00:00\",\"dateModified\":\"2022-03-22T01:04:02+00:00\",\"description\":\"Kj\u00f8p Mother of Dragons Marihuana billig p\u00e5 nett. Mor til drager marihuana er hybrid \u2013 50 % Sativa \\\/ 50 % Indica THC: 23 % \u2013 28 %\",\"breadcrumb\":{\"@id\":\"https:\\\/\\\/medicinasinc.com\\\/no\\\/product\\\/kjop-mor-til-drager-marihuana\\\/#breadcrumb\"},\"inLanguage\":\"nn-NO\",\"potentialAction\":[{\"@type\":\"ReadAction\",\"target\":[\"https:\\\/\\\/medicinasinc.com\\\/no\\\/product\\\/kjop-mor-til-drager-marihuana\\\/\"]}]},{\"@type\":\"ImageObject\",\"inLanguage\":\"nn-NO\",\"@id\":\"https:\\\/\\\/medicinasinc.com\\\/no\\\/product\\\/kjop-mor-til-drager-marihuana\\\/#primaryimage\",\"url\":\"https:\\\/\\\/medicinasinc.com\\\/no\\\/wp-content\\\/uploads\\\/sites\\\/14\\\/2022\\\/02\\\/Buy-Mother-of-Dragons-Marijuana.jpg\",\"contentUrl\":\"https:\\\/\\\/medicinasinc.com\\\/no\\\/wp-content\\\/uploads\\\/sites\\\/14\\\/2022\\\/02\\\/Buy-Mother-of-Dragons-Marijuana.jpg\",\"width\":1000,\"height\":1000},{\"@type\":\"BreadcrumbList\",\"@id\":\"https:\\\/\\\/medicinasinc.com\\\/no\\\/product\\\/kjop-mor-til-drager-marihuana\\\/#breadcrumb\",\"itemListElement\":[{\"@type\":\"ListItem\",\"position\":1,\"name\":\"Butikk\",\"item\":\"https:\\\/\\\/medicinasinc.com\\\/no\\\/butikk\\\/\"},{\"@type\":\"ListItem\",\"position\":2,\"name\":\"Kj\u00f8p Mother of Dragons Marihuana\"}]},{\"@type\":\"WebSite\",\"@id\":\"https:\\\/\\\/medicinasinc.com\\\/no\\\/#website\",\"url\":\"https:\\\/\\\/medicinasinc.com\\\/no\\\/\",\"name\":\"Medicinas Inc\",\"description\":\"Helsemedisinsk klinikk\",\"potentialAction\":[{\"@type\":\"SearchAction\",\"target\":{\"@type\":\"EntryPoint\",\"urlTemplate\":\"https:\\\/\\\/medicinasinc.com\\\/no\\\/?s={search_term_string}\"},\"query-input\":{\"@type\":\"PropertyValueSpecification\",\"valueRequired\":true,\"valueName\":\"search_term_string\"}}],\"inLanguage\":\"nn-NO\"}]}<\/script>\n<!-- \/ Yoast SEO plugin. -->","yoast_head_json":{"title":"Kj\u00f8p Mother of Dragons Marihuana - Beste globale medisiner","description":"Kj\u00f8p Mother of Dragons Marihuana billig p\u00e5 nett. Mor til drager marihuana er hybrid \u2013 50 % Sativa \/ 50 % Indica THC: 23 % \u2013 28 %","robots":{"index":"index","follow":"follow","max-snippet":"max-snippet:-1","max-image-preview":"max-image-preview:large","max-video-preview":"max-video-preview:-1"},"canonical":"https:\/\/medicinasinc.com\/no\/product\/kjop-mor-til-drager-marihuana\/","og_locale":"nn_NO","og_type":"article","og_title":"Kj\u00f8p Mother of Dragons Marihuana - Beste globale medisiner","og_description":"Kj\u00f8p Mother of Dragons Marihuana billig p\u00e5 nett. Mor til drager marihuana er hybrid \u2013 50 % Sativa \/ 50 % Indica THC: 23 % \u2013 28 %","og_url":"https:\/\/medicinasinc.com\/no\/product\/kjop-mor-til-drager-marihuana\/","og_site_name":"Medicinas Inc","article_modified_time":"2022-03-22T01:04:02+00:00","og_image":[{"width":1000,"height":1000,"url":"https:\/\/medicinasinc.com\/no\/wp-content\/uploads\/sites\/14\/2022\/02\/Buy-Mother-of-Dragons-Marijuana.jpg","type":"image\/jpeg"}],"twitter_card":"summary_large_image","twitter_misc":{"Est. reading time":"2 minutt"},"schema":{"@context":"https:\/\/schema.org","@graph":[{"@type":"WebPage","@id":"https:\/\/medicinasinc.com\/no\/product\/kjop-mor-til-drager-marihuana\/","url":"https:\/\/medicinasinc.com\/no\/product\/kjop-mor-til-drager-marihuana\/","name":"Kj\u00f8p Mother of Dragons Marihuana - Beste globale medisiner","isPartOf":{"@id":"https:\/\/medicinasinc.com\/no\/#website"},"primaryImageOfPage":{"@id":"https:\/\/medicinasinc.com\/no\/product\/kjop-mor-til-drager-marihuana\/#primaryimage"},"image":{"@id":"https:\/\/medicinasinc.com\/no\/product\/kjop-mor-til-drager-marihuana\/#primaryimage"},"thumbnailUrl":"https:\/\/medicinasinc.com\/no\/wp-content\/uploads\/sites\/14\/2022\/02\/Buy-Mother-of-Dragons-Marijuana.jpg","datePublished":"2022-02-20T19:11:16+00:00","dateModified":"2022-03-22T01:04:02+00:00","description":"Kj\u00f8p Mother of Dragons Marihuana billig p\u00e5 nett. Mor til drager marihuana er hybrid \u2013 50 % Sativa \/ 50 % Indica THC: 23 % \u2013 28 %","breadcrumb":{"@id":"https:\/\/medicinasinc.com\/no\/product\/kjop-mor-til-drager-marihuana\/#breadcrumb"},"inLanguage":"nn-NO","potentialAction":[{"@type":"ReadAction","target":["https:\/\/medicinasinc.com\/no\/product\/kjop-mor-til-drager-marihuana\/"]}]},{"@type":"ImageObject","inLanguage":"nn-NO","@id":"https:\/\/medicinasinc.com\/no\/product\/kjop-mor-til-drager-marihuana\/#primaryimage","url":"https:\/\/medicinasinc.com\/no\/wp-content\/uploads\/sites\/14\/2022\/02\/Buy-Mother-of-Dragons-Marijuana.jpg","contentUrl":"https:\/\/medicinasinc.com\/no\/wp-content\/uploads\/sites\/14\/2022\/02\/Buy-Mother-of-Dragons-Marijuana.jpg","width":1000,"height":1000},{"@type":"BreadcrumbList","@id":"https:\/\/medicinasinc.com\/no\/product\/kjop-mor-til-drager-marihuana\/#breadcrumb","itemListElement":[{"@type":"ListItem","position":1,"name":"Butikk","item":"https:\/\/medicinasinc.com\/no\/butikk\/"},{"@type":"ListItem","position":2,"name":"Kj\u00f8p Mother of Dragons Marihuana"}]},{"@type":"WebSite","@id":"https:\/\/medicinasinc.com\/no\/#website","url":"https:\/\/medicinasinc.com\/no\/","name":"Medicinas Inc","description":"Helsemedisinsk klinikk","potentialAction":[{"@type":"SearchAction","target":{"@type":"EntryPoint","urlTemplate":"https:\/\/medicinasinc.com\/no\/?s={search_term_string}"},"query-input":{"@type":"PropertyValueSpecification","valueRequired":true,"valueName":"search_term_string"}}],"inLanguage":"nn-NO"}]}},"_links":{"self":[{"href":"https:\/\/medicinasinc.com\/no\/wp-json\/wp\/v2\/product\/5020","targetHints":{"allow":["GET"]}}],"collection":[{"href":"https:\/\/medicinasinc.com\/no\/wp-json\/wp\/v2\/product"}],"about":[{"href":"https:\/\/medicinasinc.com\/no\/wp-json\/wp\/v2\/types\/product"}],"replies":[{"embeddable":true,"href":"https:\/\/medicinasinc.com\/no\/wp-json\/wp\/v2\/comments?post=5020"}],"wp:featuredmedia":[{"embeddable":true,"href":"https:\/\/medicinasinc.com\/no\/wp-json\/wp\/v2\/media\/5038"}],"wp:attachment":[{"href":"https:\/\/medicinasinc.com\/no\/wp-json\/wp\/v2\/media?parent=5020"}],"wp:term":[{"taxonomy":"product_brand","embeddable":true,"href":"https:\/\/medicinasinc.com\/no\/wp-json\/wp\/v2\/product_brand?post=5020"},{"taxonomy":"product_cat","embeddable":true,"href":"https:\/\/medicinasinc.com\/no\/wp-json\/wp\/v2\/product_cat?post=5020"},{"taxonomy":"product_tag","embeddable":true,"href":"https:\/\/medicinasinc.com\/no\/wp-json\/wp\/v2\/product_tag?post=5020"}],"curies":[{"name":"wp","href":"https:\/\/api.w.org\/{rel}","templated":true}]}}