{"id":5019,"date":"2022-02-20T19:10:26","date_gmt":"2022-02-20T19:10:26","guid":{"rendered":"https:\/\/medicinasinc.com\/no\/?post_type=product&#038;p=5019"},"modified":"2022-03-22T01:04:15","modified_gmt":"2022-03-22T01:04:15","slug":"hukommelsestap-dis","status":"publish","type":"product","link":"https:\/\/medicinasinc.com\/no\/product\/hukommelsestap-dis\/","title":{"rendered":"Amnesi Haze"},"content":{"rendered":"<p>Amnesia Haze Strain Purchase Online<\/p>\n<p>Amnesia Haze Strain Online er en Sativa-dominerende hybrid skapt ved \u00e5 krysse Haze med flere forskjellige jordrase-stammer, inkludert thailandsk, hawaiisk og afghansk. Sativa til indica-forholdet er omtrent 80:20. THC er ganske h\u00f8yt, og overstiger 22 % i visse tester, men CBD er betydelig mindre potent, og kommer inn p\u00e5 litt mindre enn 1 %. Highen er euforisk og kreativ, med en psykoaktiv stemningsboost og et tilfelle av fnising. Amnesia Haze har en fruktig, hashy smak og en s\u00f8t, jordaktig aroma med spor av brennende pepper. Nugs er blekgr\u00f8nne med m\u00f8rkere brune filamenter og en trikom-dekket overflate. Det er et utmerket alternativ for lindring av angst og depresjon, s\u00e5 vel som tretthet, ADHD-symptomer, migrene, hum\u00f8rsvingninger og fysisk smerte.<\/p>\n<p>Kj\u00f8p online fra Best Global Meds til en rimelig pris!<\/p>\n<p>Vi i Best Global Meds tilbyr amnesia haze marihuana-blomster til en rimelig pris. Amnesia Haze er en Sativa-dominant hybrid laget av de to prim\u00e6re stammene av cannabis, Sativa og Indica. Den brukes til en rekke terapeutiske og rekreasjonsapplikasjoner. Amnesia Haze er et utmerket alternativ for \u00e5 konsentrere seg om arbeid p\u00e5 et avsidesliggende sted. Med jordn\u00e6re sitron- og sitrusnoter er Amnesia Haze den ideelle stammen for \u00e5 starte dagen med et smil.<\/p>\n<div class=\"product-next-previous\">\n<div class=\"product-prev\"><\/div><\/div>\n","protected":false},"excerpt":{"rendered":"<p>Amnesia Haze til salgs online i Storbritannia og Europa, Amnesia Haze er en europeisk favoritt. Denne sv\u00e6rt psykedeliske Sativa er best reservert for erfarne forbrukere.<\/p>\n<p>Amnesia Haze er muligens verdens mest popul\u00e6re stamme.<\/p>\n<p>Amnesia Haze er en ekstremt berusende og psykedelisk hybridstamme. <\/p>\n","protected":false},"featured_media":5036,"comment_status":"open","ping_status":"closed","template":"","meta":[],"product_brand":[],"product_cat":[778],"product_tag":[956,957,959,958],"class_list":{"0":"post-5019","1":"product","2":"type-product","3":"status-publish","4":"has-post-thumbnail","6":"product_cat-luke-til-salg","7":"product_tag-amnesi","8":"product_tag-buy-amnesia-haze-online","9":"product_tag-hvor-kan-kjpes-amnesi-haze-strain-online","10":"product_tag-marihuana","12":"first","13":"instock","14":"shipping-taxable","15":"purchasable","16":"product-type-variable","17":"has-default-attributes"},"yoast_head":"<!-- This site is optimized with the Yoast SEO plugin v27.3 - https:\/\/yoast.com\/product\/yoast-seo-wordpress\/ -->\n<title>Amnesia Haze - Amnesia Haze Weed Strains - Beste beste globale medisiner<\/title>\n<meta name=\"description\" content=\"Kj\u00f8p Amnesia Haze Til salgs Storbritannia, Europa online, Amnesia Haze er en europeisk favoritt. Denne intenst psykedeliske stammen er en Sativa som best overlates til erfarne forbrukere.\" \/>\n<meta name=\"robots\" content=\"index, follow, max-snippet:-1, max-image-preview:large, max-video-preview:-1\" \/>\n<link rel=\"canonical\" href=\"https:\/\/medicinasinc.com\/no\/product\/hukommelsestap-dis\/\" \/>\n<meta property=\"og:locale\" content=\"nn_NO\" \/>\n<meta property=\"og:type\" content=\"article\" \/>\n<meta property=\"og:title\" content=\"Amnesia Haze - Amnesia Haze Weed Strains - Beste beste globale medisiner\" \/>\n<meta property=\"og:description\" content=\"Kj\u00f8p Amnesia Haze Til salgs Storbritannia, Europa online, Amnesia Haze er en europeisk favoritt. Denne intenst psykedeliske stammen er en Sativa som best overlates til erfarne forbrukere.\" \/>\n<meta property=\"og:url\" content=\"https:\/\/medicinasinc.com\/no\/product\/hukommelsestap-dis\/\" \/>\n<meta property=\"og:site_name\" content=\"Medicinas Inc\" \/>\n<meta property=\"article:modified_time\" content=\"2022-03-22T01:04:15+00:00\" \/>\n<meta property=\"og:image\" content=\"https:\/\/medicinasinc.com\/no\/wp-content\/uploads\/sites\/14\/2022\/02\/Buy-Amnesia-Haze.jpg\" \/>\n\t<meta property=\"og:image:width\" content=\"1159\" \/>\n\t<meta property=\"og:image:height\" content=\"1043\" \/>\n\t<meta property=\"og:image:type\" content=\"image\/jpeg\" \/>\n<meta name=\"twitter:card\" content=\"summary_large_image\" \/>\n<meta name=\"twitter:label1\" content=\"Est. reading time\" \/>\n\t<meta name=\"twitter:data1\" content=\"1 minutt\" \/>\n<script type=\"application\/ld+json\" class=\"yoast-schema-graph\">{\"@context\":\"https:\\\/\\\/schema.org\",\"@graph\":[{\"@type\":\"WebPage\",\"@id\":\"https:\\\/\\\/medicinasinc.com\\\/no\\\/product\\\/hukommelsestap-dis\\\/\",\"url\":\"https:\\\/\\\/medicinasinc.com\\\/no\\\/product\\\/hukommelsestap-dis\\\/\",\"name\":\"Amnesia Haze - Amnesia Haze Weed Strains - Beste beste globale medisiner\",\"isPartOf\":{\"@id\":\"https:\\\/\\\/medicinasinc.com\\\/no\\\/#website\"},\"primaryImageOfPage\":{\"@id\":\"https:\\\/\\\/medicinasinc.com\\\/no\\\/product\\\/hukommelsestap-dis\\\/#primaryimage\"},\"image\":{\"@id\":\"https:\\\/\\\/medicinasinc.com\\\/no\\\/product\\\/hukommelsestap-dis\\\/#primaryimage\"},\"thumbnailUrl\":\"https:\\\/\\\/medicinasinc.com\\\/no\\\/wp-content\\\/uploads\\\/sites\\\/14\\\/2022\\\/02\\\/Buy-Amnesia-Haze.jpg\",\"datePublished\":\"2022-02-20T19:10:26+00:00\",\"dateModified\":\"2022-03-22T01:04:15+00:00\",\"description\":\"Kj\u00f8p Amnesia Haze Til salgs Storbritannia, Europa online, Amnesia Haze er en europeisk favoritt. Denne intenst psykedeliske stammen er en Sativa som best overlates til erfarne forbrukere.\",\"breadcrumb\":{\"@id\":\"https:\\\/\\\/medicinasinc.com\\\/no\\\/product\\\/hukommelsestap-dis\\\/#breadcrumb\"},\"inLanguage\":\"nn-NO\",\"potentialAction\":[{\"@type\":\"ReadAction\",\"target\":[\"https:\\\/\\\/medicinasinc.com\\\/no\\\/product\\\/hukommelsestap-dis\\\/\"]}]},{\"@type\":\"ImageObject\",\"inLanguage\":\"nn-NO\",\"@id\":\"https:\\\/\\\/medicinasinc.com\\\/no\\\/product\\\/hukommelsestap-dis\\\/#primaryimage\",\"url\":\"https:\\\/\\\/medicinasinc.com\\\/no\\\/wp-content\\\/uploads\\\/sites\\\/14\\\/2022\\\/02\\\/Buy-Amnesia-Haze.jpg\",\"contentUrl\":\"https:\\\/\\\/medicinasinc.com\\\/no\\\/wp-content\\\/uploads\\\/sites\\\/14\\\/2022\\\/02\\\/Buy-Amnesia-Haze.jpg\",\"width\":1159,\"height\":1043},{\"@type\":\"BreadcrumbList\",\"@id\":\"https:\\\/\\\/medicinasinc.com\\\/no\\\/product\\\/hukommelsestap-dis\\\/#breadcrumb\",\"itemListElement\":[{\"@type\":\"ListItem\",\"position\":1,\"name\":\"Butikk\",\"item\":\"https:\\\/\\\/medicinasinc.com\\\/no\\\/butikk\\\/\"},{\"@type\":\"ListItem\",\"position\":2,\"name\":\"Amnesi Haze\"}]},{\"@type\":\"WebSite\",\"@id\":\"https:\\\/\\\/medicinasinc.com\\\/no\\\/#website\",\"url\":\"https:\\\/\\\/medicinasinc.com\\\/no\\\/\",\"name\":\"Medicinas Inc\",\"description\":\"Helsemedisinsk klinikk\",\"potentialAction\":[{\"@type\":\"SearchAction\",\"target\":{\"@type\":\"EntryPoint\",\"urlTemplate\":\"https:\\\/\\\/medicinasinc.com\\\/no\\\/?s={search_term_string}\"},\"query-input\":{\"@type\":\"PropertyValueSpecification\",\"valueRequired\":true,\"valueName\":\"search_term_string\"}}],\"inLanguage\":\"nn-NO\"}]}<\/script>\n<!-- \/ Yoast SEO plugin. -->","yoast_head_json":{"title":"Amnesia Haze - Amnesia Haze Weed Strains - Beste beste globale medisiner","description":"Kj\u00f8p Amnesia Haze Til salgs Storbritannia, Europa online, Amnesia Haze er en europeisk favoritt. Denne intenst psykedeliske stammen er en Sativa som best overlates til erfarne forbrukere.","robots":{"index":"index","follow":"follow","max-snippet":"max-snippet:-1","max-image-preview":"max-image-preview:large","max-video-preview":"max-video-preview:-1"},"canonical":"https:\/\/medicinasinc.com\/no\/product\/hukommelsestap-dis\/","og_locale":"nn_NO","og_type":"article","og_title":"Amnesia Haze - Amnesia Haze Weed Strains - Beste beste globale medisiner","og_description":"Kj\u00f8p Amnesia Haze Til salgs Storbritannia, Europa online, Amnesia Haze er en europeisk favoritt. Denne intenst psykedeliske stammen er en Sativa som best overlates til erfarne forbrukere.","og_url":"https:\/\/medicinasinc.com\/no\/product\/hukommelsestap-dis\/","og_site_name":"Medicinas Inc","article_modified_time":"2022-03-22T01:04:15+00:00","og_image":[{"width":1159,"height":1043,"url":"https:\/\/medicinasinc.com\/no\/wp-content\/uploads\/sites\/14\/2022\/02\/Buy-Amnesia-Haze.jpg","type":"image\/jpeg"}],"twitter_card":"summary_large_image","twitter_misc":{"Est. reading time":"1 minutt"},"schema":{"@context":"https:\/\/schema.org","@graph":[{"@type":"WebPage","@id":"https:\/\/medicinasinc.com\/no\/product\/hukommelsestap-dis\/","url":"https:\/\/medicinasinc.com\/no\/product\/hukommelsestap-dis\/","name":"Amnesia Haze - Amnesia Haze Weed Strains - Beste beste globale medisiner","isPartOf":{"@id":"https:\/\/medicinasinc.com\/no\/#website"},"primaryImageOfPage":{"@id":"https:\/\/medicinasinc.com\/no\/product\/hukommelsestap-dis\/#primaryimage"},"image":{"@id":"https:\/\/medicinasinc.com\/no\/product\/hukommelsestap-dis\/#primaryimage"},"thumbnailUrl":"https:\/\/medicinasinc.com\/no\/wp-content\/uploads\/sites\/14\/2022\/02\/Buy-Amnesia-Haze.jpg","datePublished":"2022-02-20T19:10:26+00:00","dateModified":"2022-03-22T01:04:15+00:00","description":"Kj\u00f8p Amnesia Haze Til salgs Storbritannia, Europa online, Amnesia Haze er en europeisk favoritt. Denne intenst psykedeliske stammen er en Sativa som best overlates til erfarne forbrukere.","breadcrumb":{"@id":"https:\/\/medicinasinc.com\/no\/product\/hukommelsestap-dis\/#breadcrumb"},"inLanguage":"nn-NO","potentialAction":[{"@type":"ReadAction","target":["https:\/\/medicinasinc.com\/no\/product\/hukommelsestap-dis\/"]}]},{"@type":"ImageObject","inLanguage":"nn-NO","@id":"https:\/\/medicinasinc.com\/no\/product\/hukommelsestap-dis\/#primaryimage","url":"https:\/\/medicinasinc.com\/no\/wp-content\/uploads\/sites\/14\/2022\/02\/Buy-Amnesia-Haze.jpg","contentUrl":"https:\/\/medicinasinc.com\/no\/wp-content\/uploads\/sites\/14\/2022\/02\/Buy-Amnesia-Haze.jpg","width":1159,"height":1043},{"@type":"BreadcrumbList","@id":"https:\/\/medicinasinc.com\/no\/product\/hukommelsestap-dis\/#breadcrumb","itemListElement":[{"@type":"ListItem","position":1,"name":"Butikk","item":"https:\/\/medicinasinc.com\/no\/butikk\/"},{"@type":"ListItem","position":2,"name":"Amnesi Haze"}]},{"@type":"WebSite","@id":"https:\/\/medicinasinc.com\/no\/#website","url":"https:\/\/medicinasinc.com\/no\/","name":"Medicinas Inc","description":"Helsemedisinsk klinikk","potentialAction":[{"@type":"SearchAction","target":{"@type":"EntryPoint","urlTemplate":"https:\/\/medicinasinc.com\/no\/?s={search_term_string}"},"query-input":{"@type":"PropertyValueSpecification","valueRequired":true,"valueName":"search_term_string"}}],"inLanguage":"nn-NO"}]}},"_links":{"self":[{"href":"https:\/\/medicinasinc.com\/no\/wp-json\/wp\/v2\/product\/5019","targetHints":{"allow":["GET"]}}],"collection":[{"href":"https:\/\/medicinasinc.com\/no\/wp-json\/wp\/v2\/product"}],"about":[{"href":"https:\/\/medicinasinc.com\/no\/wp-json\/wp\/v2\/types\/product"}],"replies":[{"embeddable":true,"href":"https:\/\/medicinasinc.com\/no\/wp-json\/wp\/v2\/comments?post=5019"}],"wp:featuredmedia":[{"embeddable":true,"href":"https:\/\/medicinasinc.com\/no\/wp-json\/wp\/v2\/media\/5036"}],"wp:attachment":[{"href":"https:\/\/medicinasinc.com\/no\/wp-json\/wp\/v2\/media?parent=5019"}],"wp:term":[{"taxonomy":"product_brand","embeddable":true,"href":"https:\/\/medicinasinc.com\/no\/wp-json\/wp\/v2\/product_brand?post=5019"},{"taxonomy":"product_cat","embeddable":true,"href":"https:\/\/medicinasinc.com\/no\/wp-json\/wp\/v2\/product_cat?post=5019"},{"taxonomy":"product_tag","embeddable":true,"href":"https:\/\/medicinasinc.com\/no\/wp-json\/wp\/v2\/product_tag?post=5019"}],"curies":[{"name":"wp","href":"https:\/\/api.w.org\/{rel}","templated":true}]}}