{"id":5018,"date":"2022-02-20T19:09:20","date_gmt":"2022-02-20T19:09:20","guid":{"rendered":"https:\/\/medicinasinc.com\/no\/?post_type=product&#038;p=5018"},"modified":"2022-03-22T01:04:23","modified_gmt":"2022-03-22T01:04:23","slug":"kjop-ananas-ekspress-marihuana","status":"publish","type":"product","link":"https:\/\/medicinasinc.com\/no\/product\/kjop-ananas-ekspress-marihuana\/","title":{"rendered":"Kj\u00f8p Pineapple Express Marihuana"},"content":{"rendered":"<h1>Kj\u00f8p Pineapple Express Marijuana Strain Online.<\/h1>\n<p>Kj\u00f8p Pineapple Express Marihuana Strain Online.<\/p>\n<p>Effekter<br \/> Energigivende, eufori, fokus<br \/> Kan lindre<br \/> Kronisk smerte, depresjon, tretthet, tap av appetitt, migrene, kvalme, mareritt<br \/> Smaker<br \/> Sitrus, furu, ananas, s\u00f8t, tropisk<br \/> Aromaer<br \/> Jordaktig, furu, ananas, S\u00f8t<\/p>\n<p>Du m\u00e5 imidlertid huske p\u00e5 at spenningen ikke er fullt s\u00e5 stor som filmen fremstiller den. Pineapple Express gir imidlertid en lett og behagelig kroppsbed\u00f8vende effekt, som er noe \u00e5 se frem til.<\/p>\n<p>Stammen er tilgjengelig i form av presist vektede nuggets som ligner isoporpopcorn. Den har ikke en s\u00f8t smak, men den har en merkelig aroma p\u00e5 grunn av sitrusovertonene. Smaken er ganske unik, med et hint av ananas p\u00e5 pusten. Pineapple Express foretrekkes for behandling av en rekke medisinske tilstander, inkludert angst og stress. Imidlertid er det betydelig mer vellykket ved samtidig behandling av symptomene p\u00e5 kronisk depresjon. Hvis du opplever milde smerter og plager, har du kommet til rett sted. Etter et drag vil du legge merke til at Pineapple Express er b\u00e5de fredelig og oppkvikkende.<\/p>\n","protected":false},"excerpt":{"rendered":"<div class=\"woocommerce-product-details__short-description\">\n<p>Kj\u00f8p Pineapple Express Marihuana-stamme for salg p\u00e5 nett. Kj\u00f8p Pineapple Express Marihuana Strain. En sativa Dominant Hybrid \u2013 60 % Sativa \/ 40 % Indica THC: 25 %, CBN: 1 %<\/p>\n<\/p><\/div>\n","protected":false},"featured_media":5034,"comment_status":"open","ping_status":"closed","template":"","meta":[],"product_brand":[],"product_cat":[778],"product_tag":[948,950,955,951,954,949,953,952],"class_list":{"0":"post-5018","1":"product","2":"type-product","3":"status-publish","4":"has-post-thumbnail","6":"product_cat-luke-til-salg","7":"product_tag-ananas-ekspress-afghanistan","8":"product_tag-ananas-ekspress-strain-allbud","9":"product_tag-ananas-ekspress-vape-patron","10":"product_tag-ananas-ekspress-strain-effekter","11":"product_tag-ananas-ekspress-stamme-sativa-eller-indica","12":"product_tag-ananas-ekspress-fr","13":"product_tag-ananas-ekspress-stamme-anmeldelse","14":"product_tag-ananas-ekspress-stamme-info","16":"first","17":"instock","18":"shipping-taxable","19":"purchasable","20":"product-type-variable","21":"has-default-attributes"},"yoast_head":"<!-- This site is optimized with the Yoast SEO plugin v27.3 - https:\/\/yoast.com\/product\/yoast-seo-wordpress\/ -->\n<title>Kj\u00f8p Pineapple Express Marihuana - Beste beste globale medisiner<\/title>\n<meta name=\"description\" content=\"Kj\u00f8p Pineapple Express Marihuana-stamme for salg p\u00e5 nett. Kj\u00f8p Pineapple Express Marihuana Strain. En sativa dominant hybrid \u2013 60 % Sativa \/ 40 % Indica THC: 25 %, CBN: 1 %\" \/>\n<meta name=\"robots\" content=\"index, follow, max-snippet:-1, max-image-preview:large, max-video-preview:-1\" \/>\n<link rel=\"canonical\" href=\"https:\/\/medicinasinc.com\/no\/product\/kjop-ananas-ekspress-marihuana\/\" \/>\n<meta property=\"og:locale\" content=\"nn_NO\" \/>\n<meta property=\"og:type\" content=\"article\" \/>\n<meta property=\"og:title\" content=\"Kj\u00f8p Pineapple Express Marihuana - Beste beste globale medisiner\" \/>\n<meta property=\"og:description\" content=\"Kj\u00f8p Pineapple Express Marihuana-stamme for salg p\u00e5 nett. Kj\u00f8p Pineapple Express Marihuana Strain. En sativa dominant hybrid \u2013 60 % Sativa \/ 40 % Indica THC: 25 %, CBN: 1 %\" \/>\n<meta property=\"og:url\" content=\"https:\/\/medicinasinc.com\/no\/product\/kjop-ananas-ekspress-marihuana\/\" \/>\n<meta property=\"og:site_name\" content=\"Medicinas Inc\" \/>\n<meta property=\"article:modified_time\" content=\"2022-03-22T01:04:23+00:00\" \/>\n<meta property=\"og:image\" content=\"https:\/\/medicinasinc.com\/no\/wp-content\/uploads\/sites\/14\/2022\/02\/Buy-Pineapple-Express-Marijuana.jpeg\" \/>\n\t<meta property=\"og:image:width\" content=\"600\" \/>\n\t<meta property=\"og:image:height\" content=\"600\" \/>\n\t<meta property=\"og:image:type\" content=\"image\/jpeg\" \/>\n<meta name=\"twitter:card\" content=\"summary_large_image\" \/>\n<meta name=\"twitter:label1\" content=\"Est. reading time\" \/>\n\t<meta name=\"twitter:data1\" content=\"1 minutt\" \/>\n<script type=\"application\/ld+json\" class=\"yoast-schema-graph\">{\"@context\":\"https:\\\/\\\/schema.org\",\"@graph\":[{\"@type\":\"WebPage\",\"@id\":\"https:\\\/\\\/medicinasinc.com\\\/no\\\/product\\\/kjop-ananas-ekspress-marihuana\\\/\",\"url\":\"https:\\\/\\\/medicinasinc.com\\\/no\\\/product\\\/kjop-ananas-ekspress-marihuana\\\/\",\"name\":\"Kj\u00f8p Pineapple Express Marihuana - Beste beste globale medisiner\",\"isPartOf\":{\"@id\":\"https:\\\/\\\/medicinasinc.com\\\/no\\\/#website\"},\"primaryImageOfPage\":{\"@id\":\"https:\\\/\\\/medicinasinc.com\\\/no\\\/product\\\/kjop-ananas-ekspress-marihuana\\\/#primaryimage\"},\"image\":{\"@id\":\"https:\\\/\\\/medicinasinc.com\\\/no\\\/product\\\/kjop-ananas-ekspress-marihuana\\\/#primaryimage\"},\"thumbnailUrl\":\"https:\\\/\\\/medicinasinc.com\\\/no\\\/wp-content\\\/uploads\\\/sites\\\/14\\\/2022\\\/02\\\/Buy-Pineapple-Express-Marijuana.jpeg\",\"datePublished\":\"2022-02-20T19:09:20+00:00\",\"dateModified\":\"2022-03-22T01:04:23+00:00\",\"description\":\"Kj\u00f8p Pineapple Express Marihuana-stamme for salg p\u00e5 nett. Kj\u00f8p Pineapple Express Marihuana Strain. En sativa dominant hybrid \u2013 60 % Sativa \\\/ 40 % Indica THC: 25 %, CBN: 1 %\",\"breadcrumb\":{\"@id\":\"https:\\\/\\\/medicinasinc.com\\\/no\\\/product\\\/kjop-ananas-ekspress-marihuana\\\/#breadcrumb\"},\"inLanguage\":\"nn-NO\",\"potentialAction\":[{\"@type\":\"ReadAction\",\"target\":[\"https:\\\/\\\/medicinasinc.com\\\/no\\\/product\\\/kjop-ananas-ekspress-marihuana\\\/\"]}]},{\"@type\":\"ImageObject\",\"inLanguage\":\"nn-NO\",\"@id\":\"https:\\\/\\\/medicinasinc.com\\\/no\\\/product\\\/kjop-ananas-ekspress-marihuana\\\/#primaryimage\",\"url\":\"https:\\\/\\\/medicinasinc.com\\\/no\\\/wp-content\\\/uploads\\\/sites\\\/14\\\/2022\\\/02\\\/Buy-Pineapple-Express-Marijuana.jpeg\",\"contentUrl\":\"https:\\\/\\\/medicinasinc.com\\\/no\\\/wp-content\\\/uploads\\\/sites\\\/14\\\/2022\\\/02\\\/Buy-Pineapple-Express-Marijuana.jpeg\",\"width\":600,\"height\":600},{\"@type\":\"BreadcrumbList\",\"@id\":\"https:\\\/\\\/medicinasinc.com\\\/no\\\/product\\\/kjop-ananas-ekspress-marihuana\\\/#breadcrumb\",\"itemListElement\":[{\"@type\":\"ListItem\",\"position\":1,\"name\":\"Butikk\",\"item\":\"https:\\\/\\\/medicinasinc.com\\\/no\\\/butikk\\\/\"},{\"@type\":\"ListItem\",\"position\":2,\"name\":\"Kj\u00f8p Pineapple Express Marihuana\"}]},{\"@type\":\"WebSite\",\"@id\":\"https:\\\/\\\/medicinasinc.com\\\/no\\\/#website\",\"url\":\"https:\\\/\\\/medicinasinc.com\\\/no\\\/\",\"name\":\"Medicinas Inc\",\"description\":\"Helsemedisinsk klinikk\",\"potentialAction\":[{\"@type\":\"SearchAction\",\"target\":{\"@type\":\"EntryPoint\",\"urlTemplate\":\"https:\\\/\\\/medicinasinc.com\\\/no\\\/?s={search_term_string}\"},\"query-input\":{\"@type\":\"PropertyValueSpecification\",\"valueRequired\":true,\"valueName\":\"search_term_string\"}}],\"inLanguage\":\"nn-NO\"}]}<\/script>\n<!-- \/ Yoast SEO plugin. -->","yoast_head_json":{"title":"Kj\u00f8p Pineapple Express Marihuana - Beste beste globale medisiner","description":"Kj\u00f8p Pineapple Express Marihuana-stamme for salg p\u00e5 nett. Kj\u00f8p Pineapple Express Marihuana Strain. En sativa dominant hybrid \u2013 60 % Sativa \/ 40 % Indica THC: 25 %, CBN: 1 %","robots":{"index":"index","follow":"follow","max-snippet":"max-snippet:-1","max-image-preview":"max-image-preview:large","max-video-preview":"max-video-preview:-1"},"canonical":"https:\/\/medicinasinc.com\/no\/product\/kjop-ananas-ekspress-marihuana\/","og_locale":"nn_NO","og_type":"article","og_title":"Kj\u00f8p Pineapple Express Marihuana - Beste beste globale medisiner","og_description":"Kj\u00f8p Pineapple Express Marihuana-stamme for salg p\u00e5 nett. Kj\u00f8p Pineapple Express Marihuana Strain. En sativa dominant hybrid \u2013 60 % Sativa \/ 40 % Indica THC: 25 %, CBN: 1 %","og_url":"https:\/\/medicinasinc.com\/no\/product\/kjop-ananas-ekspress-marihuana\/","og_site_name":"Medicinas Inc","article_modified_time":"2022-03-22T01:04:23+00:00","og_image":[{"width":600,"height":600,"url":"https:\/\/medicinasinc.com\/no\/wp-content\/uploads\/sites\/14\/2022\/02\/Buy-Pineapple-Express-Marijuana.jpeg","type":"image\/jpeg"}],"twitter_card":"summary_large_image","twitter_misc":{"Est. reading time":"1 minutt"},"schema":{"@context":"https:\/\/schema.org","@graph":[{"@type":"WebPage","@id":"https:\/\/medicinasinc.com\/no\/product\/kjop-ananas-ekspress-marihuana\/","url":"https:\/\/medicinasinc.com\/no\/product\/kjop-ananas-ekspress-marihuana\/","name":"Kj\u00f8p Pineapple Express Marihuana - Beste beste globale medisiner","isPartOf":{"@id":"https:\/\/medicinasinc.com\/no\/#website"},"primaryImageOfPage":{"@id":"https:\/\/medicinasinc.com\/no\/product\/kjop-ananas-ekspress-marihuana\/#primaryimage"},"image":{"@id":"https:\/\/medicinasinc.com\/no\/product\/kjop-ananas-ekspress-marihuana\/#primaryimage"},"thumbnailUrl":"https:\/\/medicinasinc.com\/no\/wp-content\/uploads\/sites\/14\/2022\/02\/Buy-Pineapple-Express-Marijuana.jpeg","datePublished":"2022-02-20T19:09:20+00:00","dateModified":"2022-03-22T01:04:23+00:00","description":"Kj\u00f8p Pineapple Express Marihuana-stamme for salg p\u00e5 nett. Kj\u00f8p Pineapple Express Marihuana Strain. En sativa dominant hybrid \u2013 60 % Sativa \/ 40 % Indica THC: 25 %, CBN: 1 %","breadcrumb":{"@id":"https:\/\/medicinasinc.com\/no\/product\/kjop-ananas-ekspress-marihuana\/#breadcrumb"},"inLanguage":"nn-NO","potentialAction":[{"@type":"ReadAction","target":["https:\/\/medicinasinc.com\/no\/product\/kjop-ananas-ekspress-marihuana\/"]}]},{"@type":"ImageObject","inLanguage":"nn-NO","@id":"https:\/\/medicinasinc.com\/no\/product\/kjop-ananas-ekspress-marihuana\/#primaryimage","url":"https:\/\/medicinasinc.com\/no\/wp-content\/uploads\/sites\/14\/2022\/02\/Buy-Pineapple-Express-Marijuana.jpeg","contentUrl":"https:\/\/medicinasinc.com\/no\/wp-content\/uploads\/sites\/14\/2022\/02\/Buy-Pineapple-Express-Marijuana.jpeg","width":600,"height":600},{"@type":"BreadcrumbList","@id":"https:\/\/medicinasinc.com\/no\/product\/kjop-ananas-ekspress-marihuana\/#breadcrumb","itemListElement":[{"@type":"ListItem","position":1,"name":"Butikk","item":"https:\/\/medicinasinc.com\/no\/butikk\/"},{"@type":"ListItem","position":2,"name":"Kj\u00f8p Pineapple Express Marihuana"}]},{"@type":"WebSite","@id":"https:\/\/medicinasinc.com\/no\/#website","url":"https:\/\/medicinasinc.com\/no\/","name":"Medicinas Inc","description":"Helsemedisinsk klinikk","potentialAction":[{"@type":"SearchAction","target":{"@type":"EntryPoint","urlTemplate":"https:\/\/medicinasinc.com\/no\/?s={search_term_string}"},"query-input":{"@type":"PropertyValueSpecification","valueRequired":true,"valueName":"search_term_string"}}],"inLanguage":"nn-NO"}]}},"_links":{"self":[{"href":"https:\/\/medicinasinc.com\/no\/wp-json\/wp\/v2\/product\/5018","targetHints":{"allow":["GET"]}}],"collection":[{"href":"https:\/\/medicinasinc.com\/no\/wp-json\/wp\/v2\/product"}],"about":[{"href":"https:\/\/medicinasinc.com\/no\/wp-json\/wp\/v2\/types\/product"}],"replies":[{"embeddable":true,"href":"https:\/\/medicinasinc.com\/no\/wp-json\/wp\/v2\/comments?post=5018"}],"wp:featuredmedia":[{"embeddable":true,"href":"https:\/\/medicinasinc.com\/no\/wp-json\/wp\/v2\/media\/5034"}],"wp:attachment":[{"href":"https:\/\/medicinasinc.com\/no\/wp-json\/wp\/v2\/media?parent=5018"}],"wp:term":[{"taxonomy":"product_brand","embeddable":true,"href":"https:\/\/medicinasinc.com\/no\/wp-json\/wp\/v2\/product_brand?post=5018"},{"taxonomy":"product_cat","embeddable":true,"href":"https:\/\/medicinasinc.com\/no\/wp-json\/wp\/v2\/product_cat?post=5018"},{"taxonomy":"product_tag","embeddable":true,"href":"https:\/\/medicinasinc.com\/no\/wp-json\/wp\/v2\/product_tag?post=5018"}],"curies":[{"name":"wp","href":"https:\/\/api.w.org\/{rel}","templated":true}]}}