{"id":4998,"date":"2022-02-20T18:55:26","date_gmt":"2022-02-20T18:55:26","guid":{"rendered":"https:\/\/medicinasinc.com\/no\/?post_type=product&#038;p=4998"},"modified":"2022-03-22T01:04:32","modified_gmt":"2022-03-22T01:04:32","slug":"kjop-mickey-kush","status":"publish","type":"product","link":"https:\/\/medicinasinc.com\/no\/product\/kjop-mickey-kush\/","title":{"rendered":"Kj\u00f8p Mickey Kush"},"content":{"rendered":"<p>Kj\u00f8p p\u00e5 nett av Mickey Kush Marijuana-stamme<\/p>\n<p>Disse sv\u00e6rt konsentrerte knoppene har en jordaktig, kush-smak med sitronundertoner og gir energiske, fokuserte effekter. Mickey Kush er kjent for sitt sterke innhold av THC og CBG cannabinoid, noe som gj\u00f8r det til et utmerket valg for svulstbehandling, kvalmelindring og depresjonslindring. Disse innend\u00f8rs eller utend\u00f8rs plantene oppn\u00e5r en middels h\u00f8yde og gir en moderat til stor avling over en 7- til 8-ukers blomstringsperiode.<\/p>\n","protected":false},"excerpt":{"rendered":"<div class=\"woocommerce-product-details__short-description\">\n<p>Kj\u00f8p Mickey Kush Marihuana-stamme p\u00e5 nettet. Kunder sp\u00f8r ofte Kan du\u00a0<em>kj\u00f8pe<\/em>\u00a0gras\u00a0<em>p\u00e5 nettet<\/em> og f\u00e5 det levert uten at politiet sporer det? JA!<\/p>\n<\/p><\/div>\n","protected":false},"featured_media":5017,"comment_status":"open","ping_status":"closed","template":"","meta":[],"product_brand":[],"product_cat":[778],"product_tag":[],"class_list":{"0":"post-4998","1":"product","2":"type-product","3":"status-publish","4":"has-post-thumbnail","6":"product_cat-luke-til-salg","8":"first","9":"instock","10":"shipping-taxable","11":"purchasable","12":"product-type-variable","13":"has-default-attributes"},"yoast_head":"<!-- This site is optimized with the Yoast SEO plugin v27.3 - https:\/\/yoast.com\/product\/yoast-seo-wordpress\/ -->\n<title>Kj\u00f8p Mickey Kush - Mickey Kush marihuana - Beste globale medisiner<\/title>\n<meta name=\"description\" content=\"Kj\u00f8p Mickey Kush Marihuana Strain Online. Kunder sp\u00f8r ofte Kan du kj\u00f8pe gress p\u00e5 nett og f\u00e5 det levert uten at politiet sporer det? JA!\" \/>\n<meta name=\"robots\" content=\"index, follow, max-snippet:-1, max-image-preview:large, max-video-preview:-1\" \/>\n<link rel=\"canonical\" href=\"https:\/\/medicinasinc.com\/no\/product\/kjop-mickey-kush\/\" \/>\n<meta property=\"og:locale\" content=\"nn_NO\" \/>\n<meta property=\"og:type\" content=\"article\" \/>\n<meta property=\"og:title\" content=\"Kj\u00f8p Mickey Kush - Mickey Kush marihuana - Beste globale medisiner\" \/>\n<meta property=\"og:description\" content=\"Kj\u00f8p Mickey Kush Marihuana Strain Online. Kunder sp\u00f8r ofte Kan du kj\u00f8pe gress p\u00e5 nett og f\u00e5 det levert uten at politiet sporer det? JA!\" \/>\n<meta property=\"og:url\" content=\"https:\/\/medicinasinc.com\/no\/product\/kjop-mickey-kush\/\" \/>\n<meta property=\"og:site_name\" content=\"Medicinas Inc\" \/>\n<meta property=\"article:modified_time\" content=\"2022-03-22T01:04:32+00:00\" \/>\n<meta property=\"og:image\" content=\"https:\/\/medicinasinc.com\/no\/wp-content\/uploads\/sites\/14\/2022\/02\/Buy-Mickey-Kush-Marijuana.jpg\" \/>\n\t<meta property=\"og:image:width\" content=\"1200\" \/>\n\t<meta property=\"og:image:height\" content=\"630\" \/>\n\t<meta property=\"og:image:type\" content=\"image\/jpeg\" \/>\n<meta name=\"twitter:card\" content=\"summary_large_image\" \/>\n<meta name=\"twitter:label1\" content=\"Est. reading time\" \/>\n\t<meta name=\"twitter:data1\" content=\"1 minutt\" \/>\n<script type=\"application\/ld+json\" class=\"yoast-schema-graph\">{\"@context\":\"https:\\\/\\\/schema.org\",\"@graph\":[{\"@type\":\"WebPage\",\"@id\":\"https:\\\/\\\/medicinasinc.com\\\/no\\\/product\\\/kjop-mickey-kush\\\/\",\"url\":\"https:\\\/\\\/medicinasinc.com\\\/no\\\/product\\\/kjop-mickey-kush\\\/\",\"name\":\"Kj\u00f8p Mickey Kush - Mickey Kush marihuana - Beste globale medisiner\",\"isPartOf\":{\"@id\":\"https:\\\/\\\/medicinasinc.com\\\/no\\\/#website\"},\"primaryImageOfPage\":{\"@id\":\"https:\\\/\\\/medicinasinc.com\\\/no\\\/product\\\/kjop-mickey-kush\\\/#primaryimage\"},\"image\":{\"@id\":\"https:\\\/\\\/medicinasinc.com\\\/no\\\/product\\\/kjop-mickey-kush\\\/#primaryimage\"},\"thumbnailUrl\":\"https:\\\/\\\/medicinasinc.com\\\/no\\\/wp-content\\\/uploads\\\/sites\\\/14\\\/2022\\\/02\\\/Buy-Mickey-Kush-Marijuana.jpg\",\"datePublished\":\"2022-02-20T18:55:26+00:00\",\"dateModified\":\"2022-03-22T01:04:32+00:00\",\"description\":\"Kj\u00f8p Mickey Kush Marihuana Strain Online. Kunder sp\u00f8r ofte Kan du kj\u00f8pe gress p\u00e5 nett og f\u00e5 det levert uten at politiet sporer det? JA!\",\"breadcrumb\":{\"@id\":\"https:\\\/\\\/medicinasinc.com\\\/no\\\/product\\\/kjop-mickey-kush\\\/#breadcrumb\"},\"inLanguage\":\"nn-NO\",\"potentialAction\":[{\"@type\":\"ReadAction\",\"target\":[\"https:\\\/\\\/medicinasinc.com\\\/no\\\/product\\\/kjop-mickey-kush\\\/\"]}]},{\"@type\":\"ImageObject\",\"inLanguage\":\"nn-NO\",\"@id\":\"https:\\\/\\\/medicinasinc.com\\\/no\\\/product\\\/kjop-mickey-kush\\\/#primaryimage\",\"url\":\"https:\\\/\\\/medicinasinc.com\\\/no\\\/wp-content\\\/uploads\\\/sites\\\/14\\\/2022\\\/02\\\/Buy-Mickey-Kush-Marijuana.jpg\",\"contentUrl\":\"https:\\\/\\\/medicinasinc.com\\\/no\\\/wp-content\\\/uploads\\\/sites\\\/14\\\/2022\\\/02\\\/Buy-Mickey-Kush-Marijuana.jpg\",\"width\":1200,\"height\":630},{\"@type\":\"BreadcrumbList\",\"@id\":\"https:\\\/\\\/medicinasinc.com\\\/no\\\/product\\\/kjop-mickey-kush\\\/#breadcrumb\",\"itemListElement\":[{\"@type\":\"ListItem\",\"position\":1,\"name\":\"Butikk\",\"item\":\"https:\\\/\\\/medicinasinc.com\\\/no\\\/butikk\\\/\"},{\"@type\":\"ListItem\",\"position\":2,\"name\":\"Kj\u00f8p Mickey Kush\"}]},{\"@type\":\"WebSite\",\"@id\":\"https:\\\/\\\/medicinasinc.com\\\/no\\\/#website\",\"url\":\"https:\\\/\\\/medicinasinc.com\\\/no\\\/\",\"name\":\"Medicinas Inc\",\"description\":\"Helsemedisinsk klinikk\",\"potentialAction\":[{\"@type\":\"SearchAction\",\"target\":{\"@type\":\"EntryPoint\",\"urlTemplate\":\"https:\\\/\\\/medicinasinc.com\\\/no\\\/?s={search_term_string}\"},\"query-input\":{\"@type\":\"PropertyValueSpecification\",\"valueRequired\":true,\"valueName\":\"search_term_string\"}}],\"inLanguage\":\"nn-NO\"}]}<\/script>\n<!-- \/ Yoast SEO plugin. -->","yoast_head_json":{"title":"Kj\u00f8p Mickey Kush - Mickey Kush marihuana - Beste globale medisiner","description":"Kj\u00f8p Mickey Kush Marihuana Strain Online. Kunder sp\u00f8r ofte Kan du kj\u00f8pe gress p\u00e5 nett og f\u00e5 det levert uten at politiet sporer det? JA!","robots":{"index":"index","follow":"follow","max-snippet":"max-snippet:-1","max-image-preview":"max-image-preview:large","max-video-preview":"max-video-preview:-1"},"canonical":"https:\/\/medicinasinc.com\/no\/product\/kjop-mickey-kush\/","og_locale":"nn_NO","og_type":"article","og_title":"Kj\u00f8p Mickey Kush - Mickey Kush marihuana - Beste globale medisiner","og_description":"Kj\u00f8p Mickey Kush Marihuana Strain Online. Kunder sp\u00f8r ofte Kan du kj\u00f8pe gress p\u00e5 nett og f\u00e5 det levert uten at politiet sporer det? JA!","og_url":"https:\/\/medicinasinc.com\/no\/product\/kjop-mickey-kush\/","og_site_name":"Medicinas Inc","article_modified_time":"2022-03-22T01:04:32+00:00","og_image":[{"width":1200,"height":630,"url":"https:\/\/medicinasinc.com\/no\/wp-content\/uploads\/sites\/14\/2022\/02\/Buy-Mickey-Kush-Marijuana.jpg","type":"image\/jpeg"}],"twitter_card":"summary_large_image","twitter_misc":{"Est. reading time":"1 minutt"},"schema":{"@context":"https:\/\/schema.org","@graph":[{"@type":"WebPage","@id":"https:\/\/medicinasinc.com\/no\/product\/kjop-mickey-kush\/","url":"https:\/\/medicinasinc.com\/no\/product\/kjop-mickey-kush\/","name":"Kj\u00f8p Mickey Kush - Mickey Kush marihuana - Beste globale medisiner","isPartOf":{"@id":"https:\/\/medicinasinc.com\/no\/#website"},"primaryImageOfPage":{"@id":"https:\/\/medicinasinc.com\/no\/product\/kjop-mickey-kush\/#primaryimage"},"image":{"@id":"https:\/\/medicinasinc.com\/no\/product\/kjop-mickey-kush\/#primaryimage"},"thumbnailUrl":"https:\/\/medicinasinc.com\/no\/wp-content\/uploads\/sites\/14\/2022\/02\/Buy-Mickey-Kush-Marijuana.jpg","datePublished":"2022-02-20T18:55:26+00:00","dateModified":"2022-03-22T01:04:32+00:00","description":"Kj\u00f8p Mickey Kush Marihuana Strain Online. Kunder sp\u00f8r ofte Kan du kj\u00f8pe gress p\u00e5 nett og f\u00e5 det levert uten at politiet sporer det? JA!","breadcrumb":{"@id":"https:\/\/medicinasinc.com\/no\/product\/kjop-mickey-kush\/#breadcrumb"},"inLanguage":"nn-NO","potentialAction":[{"@type":"ReadAction","target":["https:\/\/medicinasinc.com\/no\/product\/kjop-mickey-kush\/"]}]},{"@type":"ImageObject","inLanguage":"nn-NO","@id":"https:\/\/medicinasinc.com\/no\/product\/kjop-mickey-kush\/#primaryimage","url":"https:\/\/medicinasinc.com\/no\/wp-content\/uploads\/sites\/14\/2022\/02\/Buy-Mickey-Kush-Marijuana.jpg","contentUrl":"https:\/\/medicinasinc.com\/no\/wp-content\/uploads\/sites\/14\/2022\/02\/Buy-Mickey-Kush-Marijuana.jpg","width":1200,"height":630},{"@type":"BreadcrumbList","@id":"https:\/\/medicinasinc.com\/no\/product\/kjop-mickey-kush\/#breadcrumb","itemListElement":[{"@type":"ListItem","position":1,"name":"Butikk","item":"https:\/\/medicinasinc.com\/no\/butikk\/"},{"@type":"ListItem","position":2,"name":"Kj\u00f8p Mickey Kush"}]},{"@type":"WebSite","@id":"https:\/\/medicinasinc.com\/no\/#website","url":"https:\/\/medicinasinc.com\/no\/","name":"Medicinas Inc","description":"Helsemedisinsk klinikk","potentialAction":[{"@type":"SearchAction","target":{"@type":"EntryPoint","urlTemplate":"https:\/\/medicinasinc.com\/no\/?s={search_term_string}"},"query-input":{"@type":"PropertyValueSpecification","valueRequired":true,"valueName":"search_term_string"}}],"inLanguage":"nn-NO"}]}},"_links":{"self":[{"href":"https:\/\/medicinasinc.com\/no\/wp-json\/wp\/v2\/product\/4998","targetHints":{"allow":["GET"]}}],"collection":[{"href":"https:\/\/medicinasinc.com\/no\/wp-json\/wp\/v2\/product"}],"about":[{"href":"https:\/\/medicinasinc.com\/no\/wp-json\/wp\/v2\/types\/product"}],"replies":[{"embeddable":true,"href":"https:\/\/medicinasinc.com\/no\/wp-json\/wp\/v2\/comments?post=4998"}],"wp:featuredmedia":[{"embeddable":true,"href":"https:\/\/medicinasinc.com\/no\/wp-json\/wp\/v2\/media\/5017"}],"wp:attachment":[{"href":"https:\/\/medicinasinc.com\/no\/wp-json\/wp\/v2\/media?parent=4998"}],"wp:term":[{"taxonomy":"product_brand","embeddable":true,"href":"https:\/\/medicinasinc.com\/no\/wp-json\/wp\/v2\/product_brand?post=4998"},{"taxonomy":"product_cat","embeddable":true,"href":"https:\/\/medicinasinc.com\/no\/wp-json\/wp\/v2\/product_cat?post=4998"},{"taxonomy":"product_tag","embeddable":true,"href":"https:\/\/medicinasinc.com\/no\/wp-json\/wp\/v2\/product_tag?post=4998"}],"curies":[{"name":"wp","href":"https:\/\/api.w.org\/{rel}","templated":true}]}}