{"id":4997,"date":"2022-02-20T18:54:15","date_gmt":"2022-02-20T18:54:15","guid":{"rendered":"https:\/\/medicinasinc.com\/no\/?post_type=product&#038;p=4997"},"modified":"2022-03-22T01:04:41","modified_gmt":"2022-03-22T01:04:41","slug":"rom-monster-marihuana","status":"publish","type":"product","link":"https:\/\/medicinasinc.com\/no\/product\/rom-monster-marihuana\/","title":{"rendered":"Rommonster Marihuana"},"content":{"rendered":"<p>Space Monster Marihuana til salgs p\u00e5 nettet.<\/p>\n<p>Space Monster Marihuana til salgs p\u00e5 nettet.<\/p>\n<p>Kj\u00f8p Marihuana Space Monster. Space monster marihuana er en dominerende hybrid som inneholder 75 % Indica og 25 % Sativa. THC-innhold er 20 %.<\/p>\n<p>Effekter<br \/> Fysisk h\u00f8y, eufori, lykke, avslapning, s\u00f8vnighet og oppl\u00f8ftende effekter kan lindre kroniske smerter, betennelser, s\u00f8vnl\u00f8shet, muskelspasmer og skjelvinger Smaker B\u00e6r, kjemisk , Drue, S\u00f8t<\/p>\n","protected":false},"excerpt":{"rendered":"<p>Kj\u00f8p Marihuana Space Monster online. Kj\u00f8p Weed Online l Kj\u00f8p Marihuana Online | Kj\u00f8p Cannabis Online | Kj\u00f8p matvarer | Kj\u00f8p Cannabis Oil<\/p>\n<p>Ayer, Massachusetts har n\u00e5 en Cannabis Dispensary for fritidsaktiviteter. Legg inn bestillingen din p\u00e5 nettet og hent p\u00e5 v\u00e5r marihuanadispensary i Ayer, Massachusetts.<\/p>\n","protected":false},"featured_media":5015,"comment_status":"open","ping_status":"closed","template":"","meta":[],"product_brand":[],"product_cat":[778],"product_tag":[940,941,942,943,944,945,946,947],"class_list":{"0":"post-4997","1":"product","2":"type-product","3":"status-publish","4":"has-post-thumbnail","6":"product_cat-luke-til-salg","7":"product_tag-a-train-strain","8":"product_tag-gass-lekkasje-belastning","9":"product_tag-lvtk-stamme","10":"product_tag-perfekt-trekant-5-strain","11":"product_tag-rom-bombe-belastning","12":"product_tag-space-monkey-strain-wikileaf","13":"product_tag-tk-bx1-stamme","14":"product_tag-triangel-kush","16":"first","17":"instock","18":"shipping-taxable","19":"purchasable","20":"product-type-variable","21":"has-default-attributes"},"yoast_head":"<!-- This site is optimized with the Yoast SEO plugin v27.3 - https:\/\/yoast.com\/product\/yoast-seo-wordpress\/ -->\n<title>Kj\u00f8p Space Monster Marihuana - Beste beste globale medisiner<\/title>\n<meta name=\"description\" content=\"Kj\u00f8p Space Monster Marihuana for salg p\u00e5 nett. Kj\u00f8p Weed Online l Kj\u00f8p Marihuana Online | Kj\u00f8p Cannabis Online | spiselige varer | Cannabis olje til salgs.\" \/>\n<meta name=\"robots\" content=\"index, follow, max-snippet:-1, max-image-preview:large, max-video-preview:-1\" \/>\n<link rel=\"canonical\" href=\"https:\/\/medicinasinc.com\/no\/product\/rom-monster-marihuana\/\" \/>\n<meta property=\"og:locale\" content=\"nn_NO\" \/>\n<meta property=\"og:type\" content=\"article\" \/>\n<meta property=\"og:title\" content=\"Kj\u00f8p Space Monster Marihuana - Beste beste globale medisiner\" \/>\n<meta property=\"og:description\" content=\"Kj\u00f8p Space Monster Marihuana for salg p\u00e5 nett. Kj\u00f8p Weed Online l Kj\u00f8p Marihuana Online | Kj\u00f8p Cannabis Online | spiselige varer | Cannabis olje til salgs.\" \/>\n<meta property=\"og:url\" content=\"https:\/\/medicinasinc.com\/no\/product\/rom-monster-marihuana\/\" \/>\n<meta property=\"og:site_name\" content=\"Medicinas Inc\" \/>\n<meta property=\"article:modified_time\" content=\"2022-03-22T01:04:41+00:00\" \/>\n<meta property=\"og:image\" content=\"https:\/\/medicinasinc.com\/no\/wp-content\/uploads\/sites\/14\/2022\/02\/Space-Monster-Marijuana.jpg\" \/>\n\t<meta property=\"og:image:width\" content=\"600\" \/>\n\t<meta property=\"og:image:height\" content=\"600\" \/>\n\t<meta property=\"og:image:type\" content=\"image\/jpeg\" \/>\n<meta name=\"twitter:card\" content=\"summary_large_image\" \/>\n<meta name=\"twitter:label1\" content=\"Est. reading time\" \/>\n\t<meta name=\"twitter:data1\" content=\"1 minutt\" \/>\n<script type=\"application\/ld+json\" class=\"yoast-schema-graph\">{\"@context\":\"https:\\\/\\\/schema.org\",\"@graph\":[{\"@type\":\"WebPage\",\"@id\":\"https:\\\/\\\/medicinasinc.com\\\/no\\\/product\\\/rom-monster-marihuana\\\/\",\"url\":\"https:\\\/\\\/medicinasinc.com\\\/no\\\/product\\\/rom-monster-marihuana\\\/\",\"name\":\"Kj\u00f8p Space Monster Marihuana - Beste beste globale medisiner\",\"isPartOf\":{\"@id\":\"https:\\\/\\\/medicinasinc.com\\\/no\\\/#website\"},\"primaryImageOfPage\":{\"@id\":\"https:\\\/\\\/medicinasinc.com\\\/no\\\/product\\\/rom-monster-marihuana\\\/#primaryimage\"},\"image\":{\"@id\":\"https:\\\/\\\/medicinasinc.com\\\/no\\\/product\\\/rom-monster-marihuana\\\/#primaryimage\"},\"thumbnailUrl\":\"https:\\\/\\\/medicinasinc.com\\\/no\\\/wp-content\\\/uploads\\\/sites\\\/14\\\/2022\\\/02\\\/Space-Monster-Marijuana.jpg\",\"datePublished\":\"2022-02-20T18:54:15+00:00\",\"dateModified\":\"2022-03-22T01:04:41+00:00\",\"description\":\"Kj\u00f8p Space Monster Marihuana for salg p\u00e5 nett. Kj\u00f8p Weed Online l Kj\u00f8p Marihuana Online | Kj\u00f8p Cannabis Online | spiselige varer | Cannabis olje til salgs.\",\"breadcrumb\":{\"@id\":\"https:\\\/\\\/medicinasinc.com\\\/no\\\/product\\\/rom-monster-marihuana\\\/#breadcrumb\"},\"inLanguage\":\"nn-NO\",\"potentialAction\":[{\"@type\":\"ReadAction\",\"target\":[\"https:\\\/\\\/medicinasinc.com\\\/no\\\/product\\\/rom-monster-marihuana\\\/\"]}]},{\"@type\":\"ImageObject\",\"inLanguage\":\"nn-NO\",\"@id\":\"https:\\\/\\\/medicinasinc.com\\\/no\\\/product\\\/rom-monster-marihuana\\\/#primaryimage\",\"url\":\"https:\\\/\\\/medicinasinc.com\\\/no\\\/wp-content\\\/uploads\\\/sites\\\/14\\\/2022\\\/02\\\/Space-Monster-Marijuana.jpg\",\"contentUrl\":\"https:\\\/\\\/medicinasinc.com\\\/no\\\/wp-content\\\/uploads\\\/sites\\\/14\\\/2022\\\/02\\\/Space-Monster-Marijuana.jpg\",\"width\":600,\"height\":600},{\"@type\":\"BreadcrumbList\",\"@id\":\"https:\\\/\\\/medicinasinc.com\\\/no\\\/product\\\/rom-monster-marihuana\\\/#breadcrumb\",\"itemListElement\":[{\"@type\":\"ListItem\",\"position\":1,\"name\":\"Butikk\",\"item\":\"https:\\\/\\\/medicinasinc.com\\\/no\\\/butikk\\\/\"},{\"@type\":\"ListItem\",\"position\":2,\"name\":\"Rommonster Marihuana\"}]},{\"@type\":\"WebSite\",\"@id\":\"https:\\\/\\\/medicinasinc.com\\\/no\\\/#website\",\"url\":\"https:\\\/\\\/medicinasinc.com\\\/no\\\/\",\"name\":\"Medicinas Inc\",\"description\":\"Helsemedisinsk klinikk\",\"potentialAction\":[{\"@type\":\"SearchAction\",\"target\":{\"@type\":\"EntryPoint\",\"urlTemplate\":\"https:\\\/\\\/medicinasinc.com\\\/no\\\/?s={search_term_string}\"},\"query-input\":{\"@type\":\"PropertyValueSpecification\",\"valueRequired\":true,\"valueName\":\"search_term_string\"}}],\"inLanguage\":\"nn-NO\"}]}<\/script>\n<!-- \/ Yoast SEO plugin. -->","yoast_head_json":{"title":"Kj\u00f8p Space Monster Marihuana - Beste beste globale medisiner","description":"Kj\u00f8p Space Monster Marihuana for salg p\u00e5 nett. Kj\u00f8p Weed Online l Kj\u00f8p Marihuana Online | Kj\u00f8p Cannabis Online | spiselige varer | Cannabis olje til salgs.","robots":{"index":"index","follow":"follow","max-snippet":"max-snippet:-1","max-image-preview":"max-image-preview:large","max-video-preview":"max-video-preview:-1"},"canonical":"https:\/\/medicinasinc.com\/no\/product\/rom-monster-marihuana\/","og_locale":"nn_NO","og_type":"article","og_title":"Kj\u00f8p Space Monster Marihuana - Beste beste globale medisiner","og_description":"Kj\u00f8p Space Monster Marihuana for salg p\u00e5 nett. Kj\u00f8p Weed Online l Kj\u00f8p Marihuana Online | Kj\u00f8p Cannabis Online | spiselige varer | Cannabis olje til salgs.","og_url":"https:\/\/medicinasinc.com\/no\/product\/rom-monster-marihuana\/","og_site_name":"Medicinas Inc","article_modified_time":"2022-03-22T01:04:41+00:00","og_image":[{"width":600,"height":600,"url":"https:\/\/medicinasinc.com\/no\/wp-content\/uploads\/sites\/14\/2022\/02\/Space-Monster-Marijuana.jpg","type":"image\/jpeg"}],"twitter_card":"summary_large_image","twitter_misc":{"Est. reading time":"1 minutt"},"schema":{"@context":"https:\/\/schema.org","@graph":[{"@type":"WebPage","@id":"https:\/\/medicinasinc.com\/no\/product\/rom-monster-marihuana\/","url":"https:\/\/medicinasinc.com\/no\/product\/rom-monster-marihuana\/","name":"Kj\u00f8p Space Monster Marihuana - Beste beste globale medisiner","isPartOf":{"@id":"https:\/\/medicinasinc.com\/no\/#website"},"primaryImageOfPage":{"@id":"https:\/\/medicinasinc.com\/no\/product\/rom-monster-marihuana\/#primaryimage"},"image":{"@id":"https:\/\/medicinasinc.com\/no\/product\/rom-monster-marihuana\/#primaryimage"},"thumbnailUrl":"https:\/\/medicinasinc.com\/no\/wp-content\/uploads\/sites\/14\/2022\/02\/Space-Monster-Marijuana.jpg","datePublished":"2022-02-20T18:54:15+00:00","dateModified":"2022-03-22T01:04:41+00:00","description":"Kj\u00f8p Space Monster Marihuana for salg p\u00e5 nett. Kj\u00f8p Weed Online l Kj\u00f8p Marihuana Online | Kj\u00f8p Cannabis Online | spiselige varer | Cannabis olje til salgs.","breadcrumb":{"@id":"https:\/\/medicinasinc.com\/no\/product\/rom-monster-marihuana\/#breadcrumb"},"inLanguage":"nn-NO","potentialAction":[{"@type":"ReadAction","target":["https:\/\/medicinasinc.com\/no\/product\/rom-monster-marihuana\/"]}]},{"@type":"ImageObject","inLanguage":"nn-NO","@id":"https:\/\/medicinasinc.com\/no\/product\/rom-monster-marihuana\/#primaryimage","url":"https:\/\/medicinasinc.com\/no\/wp-content\/uploads\/sites\/14\/2022\/02\/Space-Monster-Marijuana.jpg","contentUrl":"https:\/\/medicinasinc.com\/no\/wp-content\/uploads\/sites\/14\/2022\/02\/Space-Monster-Marijuana.jpg","width":600,"height":600},{"@type":"BreadcrumbList","@id":"https:\/\/medicinasinc.com\/no\/product\/rom-monster-marihuana\/#breadcrumb","itemListElement":[{"@type":"ListItem","position":1,"name":"Butikk","item":"https:\/\/medicinasinc.com\/no\/butikk\/"},{"@type":"ListItem","position":2,"name":"Rommonster Marihuana"}]},{"@type":"WebSite","@id":"https:\/\/medicinasinc.com\/no\/#website","url":"https:\/\/medicinasinc.com\/no\/","name":"Medicinas Inc","description":"Helsemedisinsk klinikk","potentialAction":[{"@type":"SearchAction","target":{"@type":"EntryPoint","urlTemplate":"https:\/\/medicinasinc.com\/no\/?s={search_term_string}"},"query-input":{"@type":"PropertyValueSpecification","valueRequired":true,"valueName":"search_term_string"}}],"inLanguage":"nn-NO"}]}},"_links":{"self":[{"href":"https:\/\/medicinasinc.com\/no\/wp-json\/wp\/v2\/product\/4997","targetHints":{"allow":["GET"]}}],"collection":[{"href":"https:\/\/medicinasinc.com\/no\/wp-json\/wp\/v2\/product"}],"about":[{"href":"https:\/\/medicinasinc.com\/no\/wp-json\/wp\/v2\/types\/product"}],"replies":[{"embeddable":true,"href":"https:\/\/medicinasinc.com\/no\/wp-json\/wp\/v2\/comments?post=4997"}],"wp:featuredmedia":[{"embeddable":true,"href":"https:\/\/medicinasinc.com\/no\/wp-json\/wp\/v2\/media\/5015"}],"wp:attachment":[{"href":"https:\/\/medicinasinc.com\/no\/wp-json\/wp\/v2\/media?parent=4997"}],"wp:term":[{"taxonomy":"product_brand","embeddable":true,"href":"https:\/\/medicinasinc.com\/no\/wp-json\/wp\/v2\/product_brand?post=4997"},{"taxonomy":"product_cat","embeddable":true,"href":"https:\/\/medicinasinc.com\/no\/wp-json\/wp\/v2\/product_cat?post=4997"},{"taxonomy":"product_tag","embeddable":true,"href":"https:\/\/medicinasinc.com\/no\/wp-json\/wp\/v2\/product_tag?post=4997"}],"curies":[{"name":"wp","href":"https:\/\/api.w.org\/{rel}","templated":true}]}}