{"id":4996,"date":"2022-02-20T18:53:00","date_gmt":"2022-02-20T18:53:00","guid":{"rendered":"https:\/\/medicinasinc.com\/no\/?post_type=product&#038;p=4996"},"modified":"2022-03-22T01:04:52","modified_gmt":"2022-03-22T01:04:52","slug":"kjop-sitron-skunk","status":"publish","type":"product","link":"https:\/\/medicinasinc.com\/no\/product\/kjop-sitron-skunk\/","title":{"rendered":"Kj\u00f8p Lemon Skunk"},"content":{"rendered":"<p>Lemon Skunk er tilgjengelig p\u00e5 Chronic Posts online marihuanadispensary.<\/p>\n<p>ChronicPost Lemon Skunk er en flerprisvinnende Sativa-hybrid med sitronsmak og et THC-innhold p\u00e5 opptil 22 %. I 2009 ble den inkludert i High Times&raquo; rangering av de ti beste stammene.<\/p>\n<p>Lemon Skunks THC-innhold varierer mellom 14 og 15 % i gjennomsnitt og har blitt testet s\u00e5 h\u00f8yt som 22 % THC. Dens h\u00f8ye er kjent for \u00e5 stimulere cerebral funksjon, noe som resulterer i st\u00f8rre kreativitet og omslutter brukeren i en gledelig og energigivende summing. Tallrike anmeldere har karakterisert deres Lemon Skunk h\u00f8y som introspektiv, vekker tanker og forbedrer oppfinnsomhet. Etter en til to timer begynner indikasjonskomponentene til stammen \u00e5 sl\u00e5 inn, og gj\u00f8r brukeren litt sliten ettersom de cerebrale effektene avtar.<\/p>\n<p>Sitron Skunk er en noe h\u00f8y og produktiv plante som er n\u00f8yaktig hva navnet tilsier \u2013 en sterkt sitrusfarget Skunk-variant med en potent og beroligende effekt. Den har de karakteristiske limegr\u00f8nne knoppene og livlige oransje pistillerne til Skunk, noe som resulterer i frostige, tette, spydformede colaer.<\/p>\n","protected":false},"excerpt":{"rendered":"<div class=\"woocommerce-product-details__short-description\">\n<p>Sitron Skunk inneholder en moderat mengde THC og sv\u00e6rt lite CBD. Oppdag mer om DNA Genetics Lemon Skunk og plasser kj\u00f8pet hos Tokyo Smoke i dag.<\/p>\n<p>Lemon Skunk Weed til salgs p\u00e5 nettet. Lemon Kush er en blanding mellom Master Kush og Lemon Joy og gir et lavt til moderat utbytte. Anbefalt for pasienter med hiv\/aids, glaukom, Parkinsons sykdom, angst og kroniske smertepasienter<\/p>\n<p><strong>Knoppst\u00f8rrelse:\u00a0<\/strong>liten<br \/> <strong>tekstur:\u00a0<\/strong> strong&gt;T\u00f8rr<br \/> <strong>Smaker:\u00a0<\/strong>Sitron \/ Sitrus \/ Frisk<br \/> <strong>Vanlig bruk:<\/strong>\u00a0Smerte \/ appetitt \/ depresjon<br \/> <strong><a href=\"https:\/\/www.bestglobalmeds.com\/product\/marijuana\/lemon-skunk\/\">THC<\/a>:<\/strong>\u00a022 %\u00a0 \u00a0<strong><a href=\"https:\/\/www.bestglobalmeds. com\/product\/marijuana\/lemon-skunk\/\">CBD<\/a>: &lt;<\/strong>1 %<\/p>\n<\/p><\/div>\n","protected":false},"featured_media":5013,"comment_status":"open","ping_status":"closed","template":"","meta":[],"product_brand":[],"product_cat":[778],"product_tag":[932,933,938,939,935,936,937,934],"class_list":{"0":"post-4996","1":"product","2":"type-product","3":"status-publish","4":"has-post-thumbnail","6":"product_cat-luke-til-salg","7":"product_tag-beste-sitron-skunk-fr","8":"product_tag-lemon-skunk-auto","9":"product_tag-lemon-skunk-price","10":"product_tag-lemon-skunk-taste","11":"product_tag-sitron-skunk-cbd","12":"product_tag-sitron-skunk-drivhus-fr-c3-b8-anmeldelse","13":"product_tag-sitron-skunk-indica-eller-sativa","14":"product_tag-sitron-skunk-patron","16":"first","17":"instock","18":"shipping-taxable","19":"purchasable","20":"product-type-variable","21":"has-default-attributes"},"yoast_head":"<!-- This site is optimized with the Yoast SEO plugin v27.3 - https:\/\/yoast.com\/product\/yoast-seo-wordpress\/ -->\n<title>Kj\u00f8p Lemon Skunk - Best Best Global Meds<\/title>\n<meta name=\"description\" content=\"Kj\u00f8p Lemon Skunk Weed online. Lemon Kush er en cross btw Master Kush og Lemon Joy, den har lavt til middels utbytte. Anbefalt for pasienter med HIV\/AIDS, glaukom, Parkinsons sykdom, angst, kroniske smerter...\" \/>\n<meta name=\"robots\" content=\"index, follow, max-snippet:-1, max-image-preview:large, max-video-preview:-1\" \/>\n<link rel=\"canonical\" href=\"https:\/\/medicinasinc.com\/no\/product\/kjop-sitron-skunk\/\" \/>\n<meta property=\"og:locale\" content=\"nn_NO\" \/>\n<meta property=\"og:type\" content=\"article\" \/>\n<meta property=\"og:title\" content=\"Kj\u00f8p Lemon Skunk - Best Best Global Meds\" \/>\n<meta property=\"og:description\" content=\"Kj\u00f8p Lemon Skunk Weed online. Lemon Kush er en cross btw Master Kush og Lemon Joy, den har lavt til middels utbytte. Anbefalt for pasienter med HIV\/AIDS, glaukom, Parkinsons sykdom, angst, kroniske smerter...\" \/>\n<meta property=\"og:url\" content=\"https:\/\/medicinasinc.com\/no\/product\/kjop-sitron-skunk\/\" \/>\n<meta property=\"og:site_name\" content=\"Medicinas Inc\" \/>\n<meta property=\"article:modified_time\" content=\"2022-03-22T01:04:52+00:00\" \/>\n<meta property=\"og:image\" content=\"https:\/\/medicinasinc.com\/no\/wp-content\/uploads\/sites\/14\/2022\/02\/Buy-Lemon-Skunk.jpg\" \/>\n\t<meta property=\"og:image:width\" content=\"2403\" \/>\n\t<meta property=\"og:image:height\" content=\"2403\" \/>\n\t<meta property=\"og:image:type\" content=\"image\/jpeg\" \/>\n<meta name=\"twitter:card\" content=\"summary_large_image\" \/>\n<meta name=\"twitter:label1\" content=\"Est. reading time\" \/>\n\t<meta name=\"twitter:data1\" content=\"1 minutt\" \/>\n<script type=\"application\/ld+json\" class=\"yoast-schema-graph\">{\"@context\":\"https:\\\/\\\/schema.org\",\"@graph\":[{\"@type\":\"WebPage\",\"@id\":\"https:\\\/\\\/medicinasinc.com\\\/no\\\/product\\\/kjop-sitron-skunk\\\/\",\"url\":\"https:\\\/\\\/medicinasinc.com\\\/no\\\/product\\\/kjop-sitron-skunk\\\/\",\"name\":\"Kj\u00f8p Lemon Skunk - Best Best Global Meds\",\"isPartOf\":{\"@id\":\"https:\\\/\\\/medicinasinc.com\\\/no\\\/#website\"},\"primaryImageOfPage\":{\"@id\":\"https:\\\/\\\/medicinasinc.com\\\/no\\\/product\\\/kjop-sitron-skunk\\\/#primaryimage\"},\"image\":{\"@id\":\"https:\\\/\\\/medicinasinc.com\\\/no\\\/product\\\/kjop-sitron-skunk\\\/#primaryimage\"},\"thumbnailUrl\":\"https:\\\/\\\/medicinasinc.com\\\/no\\\/wp-content\\\/uploads\\\/sites\\\/14\\\/2022\\\/02\\\/Buy-Lemon-Skunk.jpg\",\"datePublished\":\"2022-02-20T18:53:00+00:00\",\"dateModified\":\"2022-03-22T01:04:52+00:00\",\"description\":\"Kj\u00f8p Lemon Skunk Weed online. Lemon Kush er en cross btw Master Kush og Lemon Joy, den har lavt til middels utbytte. Anbefalt for pasienter med HIV\\\/AIDS, glaukom, Parkinsons sykdom, angst, kroniske smerter...\",\"breadcrumb\":{\"@id\":\"https:\\\/\\\/medicinasinc.com\\\/no\\\/product\\\/kjop-sitron-skunk\\\/#breadcrumb\"},\"inLanguage\":\"nn-NO\",\"potentialAction\":[{\"@type\":\"ReadAction\",\"target\":[\"https:\\\/\\\/medicinasinc.com\\\/no\\\/product\\\/kjop-sitron-skunk\\\/\"]}]},{\"@type\":\"ImageObject\",\"inLanguage\":\"nn-NO\",\"@id\":\"https:\\\/\\\/medicinasinc.com\\\/no\\\/product\\\/kjop-sitron-skunk\\\/#primaryimage\",\"url\":\"https:\\\/\\\/medicinasinc.com\\\/no\\\/wp-content\\\/uploads\\\/sites\\\/14\\\/2022\\\/02\\\/Buy-Lemon-Skunk.jpg\",\"contentUrl\":\"https:\\\/\\\/medicinasinc.com\\\/no\\\/wp-content\\\/uploads\\\/sites\\\/14\\\/2022\\\/02\\\/Buy-Lemon-Skunk.jpg\",\"width\":2403,\"height\":2403},{\"@type\":\"BreadcrumbList\",\"@id\":\"https:\\\/\\\/medicinasinc.com\\\/no\\\/product\\\/kjop-sitron-skunk\\\/#breadcrumb\",\"itemListElement\":[{\"@type\":\"ListItem\",\"position\":1,\"name\":\"Butikk\",\"item\":\"https:\\\/\\\/medicinasinc.com\\\/no\\\/butikk\\\/\"},{\"@type\":\"ListItem\",\"position\":2,\"name\":\"Kj\u00f8p Lemon Skunk\"}]},{\"@type\":\"WebSite\",\"@id\":\"https:\\\/\\\/medicinasinc.com\\\/no\\\/#website\",\"url\":\"https:\\\/\\\/medicinasinc.com\\\/no\\\/\",\"name\":\"Medicinas Inc\",\"description\":\"Helsemedisinsk klinikk\",\"potentialAction\":[{\"@type\":\"SearchAction\",\"target\":{\"@type\":\"EntryPoint\",\"urlTemplate\":\"https:\\\/\\\/medicinasinc.com\\\/no\\\/?s={search_term_string}\"},\"query-input\":{\"@type\":\"PropertyValueSpecification\",\"valueRequired\":true,\"valueName\":\"search_term_string\"}}],\"inLanguage\":\"nn-NO\"}]}<\/script>\n<!-- \/ Yoast SEO plugin. -->","yoast_head_json":{"title":"Kj\u00f8p Lemon Skunk - Best Best Global Meds","description":"Kj\u00f8p Lemon Skunk Weed online. Lemon Kush er en cross btw Master Kush og Lemon Joy, den har lavt til middels utbytte. Anbefalt for pasienter med HIV\/AIDS, glaukom, Parkinsons sykdom, angst, kroniske smerter...","robots":{"index":"index","follow":"follow","max-snippet":"max-snippet:-1","max-image-preview":"max-image-preview:large","max-video-preview":"max-video-preview:-1"},"canonical":"https:\/\/medicinasinc.com\/no\/product\/kjop-sitron-skunk\/","og_locale":"nn_NO","og_type":"article","og_title":"Kj\u00f8p Lemon Skunk - Best Best Global Meds","og_description":"Kj\u00f8p Lemon Skunk Weed online. Lemon Kush er en cross btw Master Kush og Lemon Joy, den har lavt til middels utbytte. Anbefalt for pasienter med HIV\/AIDS, glaukom, Parkinsons sykdom, angst, kroniske smerter...","og_url":"https:\/\/medicinasinc.com\/no\/product\/kjop-sitron-skunk\/","og_site_name":"Medicinas Inc","article_modified_time":"2022-03-22T01:04:52+00:00","og_image":[{"width":2403,"height":2403,"url":"https:\/\/medicinasinc.com\/no\/wp-content\/uploads\/sites\/14\/2022\/02\/Buy-Lemon-Skunk.jpg","type":"image\/jpeg"}],"twitter_card":"summary_large_image","twitter_misc":{"Est. reading time":"1 minutt"},"schema":{"@context":"https:\/\/schema.org","@graph":[{"@type":"WebPage","@id":"https:\/\/medicinasinc.com\/no\/product\/kjop-sitron-skunk\/","url":"https:\/\/medicinasinc.com\/no\/product\/kjop-sitron-skunk\/","name":"Kj\u00f8p Lemon Skunk - Best Best Global Meds","isPartOf":{"@id":"https:\/\/medicinasinc.com\/no\/#website"},"primaryImageOfPage":{"@id":"https:\/\/medicinasinc.com\/no\/product\/kjop-sitron-skunk\/#primaryimage"},"image":{"@id":"https:\/\/medicinasinc.com\/no\/product\/kjop-sitron-skunk\/#primaryimage"},"thumbnailUrl":"https:\/\/medicinasinc.com\/no\/wp-content\/uploads\/sites\/14\/2022\/02\/Buy-Lemon-Skunk.jpg","datePublished":"2022-02-20T18:53:00+00:00","dateModified":"2022-03-22T01:04:52+00:00","description":"Kj\u00f8p Lemon Skunk Weed online. Lemon Kush er en cross btw Master Kush og Lemon Joy, den har lavt til middels utbytte. Anbefalt for pasienter med HIV\/AIDS, glaukom, Parkinsons sykdom, angst, kroniske smerter...","breadcrumb":{"@id":"https:\/\/medicinasinc.com\/no\/product\/kjop-sitron-skunk\/#breadcrumb"},"inLanguage":"nn-NO","potentialAction":[{"@type":"ReadAction","target":["https:\/\/medicinasinc.com\/no\/product\/kjop-sitron-skunk\/"]}]},{"@type":"ImageObject","inLanguage":"nn-NO","@id":"https:\/\/medicinasinc.com\/no\/product\/kjop-sitron-skunk\/#primaryimage","url":"https:\/\/medicinasinc.com\/no\/wp-content\/uploads\/sites\/14\/2022\/02\/Buy-Lemon-Skunk.jpg","contentUrl":"https:\/\/medicinasinc.com\/no\/wp-content\/uploads\/sites\/14\/2022\/02\/Buy-Lemon-Skunk.jpg","width":2403,"height":2403},{"@type":"BreadcrumbList","@id":"https:\/\/medicinasinc.com\/no\/product\/kjop-sitron-skunk\/#breadcrumb","itemListElement":[{"@type":"ListItem","position":1,"name":"Butikk","item":"https:\/\/medicinasinc.com\/no\/butikk\/"},{"@type":"ListItem","position":2,"name":"Kj\u00f8p Lemon Skunk"}]},{"@type":"WebSite","@id":"https:\/\/medicinasinc.com\/no\/#website","url":"https:\/\/medicinasinc.com\/no\/","name":"Medicinas Inc","description":"Helsemedisinsk klinikk","potentialAction":[{"@type":"SearchAction","target":{"@type":"EntryPoint","urlTemplate":"https:\/\/medicinasinc.com\/no\/?s={search_term_string}"},"query-input":{"@type":"PropertyValueSpecification","valueRequired":true,"valueName":"search_term_string"}}],"inLanguage":"nn-NO"}]}},"_links":{"self":[{"href":"https:\/\/medicinasinc.com\/no\/wp-json\/wp\/v2\/product\/4996","targetHints":{"allow":["GET"]}}],"collection":[{"href":"https:\/\/medicinasinc.com\/no\/wp-json\/wp\/v2\/product"}],"about":[{"href":"https:\/\/medicinasinc.com\/no\/wp-json\/wp\/v2\/types\/product"}],"replies":[{"embeddable":true,"href":"https:\/\/medicinasinc.com\/no\/wp-json\/wp\/v2\/comments?post=4996"}],"wp:featuredmedia":[{"embeddable":true,"href":"https:\/\/medicinasinc.com\/no\/wp-json\/wp\/v2\/media\/5013"}],"wp:attachment":[{"href":"https:\/\/medicinasinc.com\/no\/wp-json\/wp\/v2\/media?parent=4996"}],"wp:term":[{"taxonomy":"product_brand","embeddable":true,"href":"https:\/\/medicinasinc.com\/no\/wp-json\/wp\/v2\/product_brand?post=4996"},{"taxonomy":"product_cat","embeddable":true,"href":"https:\/\/medicinasinc.com\/no\/wp-json\/wp\/v2\/product_cat?post=4996"},{"taxonomy":"product_tag","embeddable":true,"href":"https:\/\/medicinasinc.com\/no\/wp-json\/wp\/v2\/product_tag?post=4996"}],"curies":[{"name":"wp","href":"https:\/\/api.w.org\/{rel}","templated":true}]}}