{"id":4971,"date":"2022-02-20T18:31:57","date_gmt":"2022-02-20T18:31:57","guid":{"rendered":"https:\/\/medicinasinc.com\/no\/?post_type=product&#038;p=4971"},"modified":"2022-03-22T01:05:11","modified_gmt":"2022-03-22T01:05:11","slug":"kjop-khalifa-kush","status":"publish","type":"product","link":"https:\/\/medicinasinc.com\/no\/product\/kjop-khalifa-kush\/","title":{"rendered":"Kj\u00f8p Khalifa Kush"},"content":{"rendered":"<p>Kj\u00f8p p\u00e5 nett av Khalifa Kush Marijuana.<\/p>\n<p>Kj\u00f8p p\u00e5 nett av Khalifa Kush Marijuana.<\/p>\n<p>Cerebrale, kreative, euforiske og avslappende effekter<br \/> Kan hjelpe til med \u00e5 lindre Leddgikt, kronisk smerte, depresjon, tretthet, hodepine, tap av appetitt, migrene, kvalme, PTSD og stresssmaker<br \/> Sitron, sitrus, furu og s\u00f8tt<\/p>\n","protected":false},"excerpt":{"rendered":"<p>Kj\u00f8p p\u00e5 nett av Khalifa Kush Khalifa Kush til salgs p\u00e5 nett Topp medisinsk Khalifa Cannabis til salgs i nabolaget mitt Kj\u00f8p Medisinsk Marihuana Online Online Medisinsk Marihuana Kj\u00f8p.<\/p>\n<p>Hva b\u00f8r du vite f\u00f8r du kj\u00f8per Wiz Khalifa OG? Wiz Khalifa OG, ofte kjent som Khalifa Kush, er en cannabishybridstamme. Kj\u00f8p\u00a0p\u00e5 nettet!<\/p>\n<p>Smaken og aromaen til Khalifa Kush er sitrus og furu. N\u00e5r det brukes medisinsk, kan khalifa kush v\u00e6re effektivt for tretthet, spenning, angst og depresjon, mens det h\u00f8ye CBD-innholdet er utmerket for mer alvorlige lidelser. THC-konsentrasjonen av khalifa kush varierer mellom 15 % og 29 %.<\/p>\n<p>OG Hybrid Genetics Sitron x Earthy x Pine Kush Happiness \u00d7 Euphoria x Avslapping x Kreativitet x Oppl\u00f8ftende<\/p>\n<p>Online kj\u00f8p av Khalifa Kush Marijuana.<\/p>\n<p>En dominerende hybrid &#8211; 80 % Indica \/ 20 % Sativa THC: 24\u201326 %<\/p>\n","protected":false},"featured_media":4985,"comment_status":"open","ping_status":"closed","template":"","meta":[],"product_brand":[],"product_cat":[778],"product_tag":[],"class_list":{"0":"post-4971","1":"product","2":"type-product","3":"status-publish","4":"has-post-thumbnail","6":"product_cat-luke-til-salg","8":"first","9":"instock","10":"shipping-taxable","11":"purchasable","12":"product-type-variable","13":"has-default-attributes"},"yoast_head":"<!-- This site is optimized with the Yoast SEO plugin v27.3 - https:\/\/yoast.com\/product\/yoast-seo-wordpress\/ -->\n<title>Kj\u00f8p Khalifa Kush Marihuana Online - Beste beste globale medisiner<\/title>\n<meta name=\"description\" content=\"Kj\u00f8p Khalifa Kush Online Khalifa Kush for salg p\u00e5 nett Topp Medisinsk Khalifa Cannabis til salgs i n\u00e6rheten av meg Kj\u00f8p Medisinsk Cannabis Online Kj\u00f8p Medisinsk Marihuana online.\" \/>\n<meta name=\"robots\" content=\"index, follow, max-snippet:-1, max-image-preview:large, max-video-preview:-1\" \/>\n<link rel=\"canonical\" href=\"https:\/\/medicinasinc.com\/no\/product\/kjop-khalifa-kush\/\" \/>\n<meta property=\"og:locale\" content=\"nn_NO\" \/>\n<meta property=\"og:type\" content=\"article\" \/>\n<meta property=\"og:title\" content=\"Kj\u00f8p Khalifa Kush Marihuana Online - Beste beste globale medisiner\" \/>\n<meta property=\"og:description\" content=\"Kj\u00f8p Khalifa Kush Online Khalifa Kush for salg p\u00e5 nett Topp Medisinsk Khalifa Cannabis til salgs i n\u00e6rheten av meg Kj\u00f8p Medisinsk Cannabis Online Kj\u00f8p Medisinsk Marihuana online.\" \/>\n<meta property=\"og:url\" content=\"https:\/\/medicinasinc.com\/no\/product\/kjop-khalifa-kush\/\" \/>\n<meta property=\"og:site_name\" content=\"Medicinas Inc\" \/>\n<meta property=\"article:modified_time\" content=\"2022-03-22T01:05:11+00:00\" \/>\n<meta property=\"og:image\" content=\"https:\/\/medicinasinc.com\/no\/wp-content\/uploads\/sites\/14\/2022\/02\/Buy-Khalifa-Kush.jpeg\" \/>\n\t<meta property=\"og:image:width\" content=\"1141\" \/>\n\t<meta property=\"og:image:height\" content=\"1064\" \/>\n\t<meta property=\"og:image:type\" content=\"image\/jpeg\" \/>\n<meta name=\"twitter:card\" content=\"summary_large_image\" \/>\n<meta name=\"twitter:label1\" content=\"Est. reading time\" \/>\n\t<meta name=\"twitter:data1\" content=\"1 minutt\" \/>\n<script type=\"application\/ld+json\" class=\"yoast-schema-graph\">{\"@context\":\"https:\\\/\\\/schema.org\",\"@graph\":[{\"@type\":\"WebPage\",\"@id\":\"https:\\\/\\\/medicinasinc.com\\\/no\\\/product\\\/kjop-khalifa-kush\\\/\",\"url\":\"https:\\\/\\\/medicinasinc.com\\\/no\\\/product\\\/kjop-khalifa-kush\\\/\",\"name\":\"Kj\u00f8p Khalifa Kush Marihuana Online - Beste beste globale medisiner\",\"isPartOf\":{\"@id\":\"https:\\\/\\\/medicinasinc.com\\\/no\\\/#website\"},\"primaryImageOfPage\":{\"@id\":\"https:\\\/\\\/medicinasinc.com\\\/no\\\/product\\\/kjop-khalifa-kush\\\/#primaryimage\"},\"image\":{\"@id\":\"https:\\\/\\\/medicinasinc.com\\\/no\\\/product\\\/kjop-khalifa-kush\\\/#primaryimage\"},\"thumbnailUrl\":\"https:\\\/\\\/medicinasinc.com\\\/no\\\/wp-content\\\/uploads\\\/sites\\\/14\\\/2022\\\/02\\\/Buy-Khalifa-Kush.jpeg\",\"datePublished\":\"2022-02-20T18:31:57+00:00\",\"dateModified\":\"2022-03-22T01:05:11+00:00\",\"description\":\"Kj\u00f8p Khalifa Kush Online Khalifa Kush for salg p\u00e5 nett Topp Medisinsk Khalifa Cannabis til salgs i n\u00e6rheten av meg Kj\u00f8p Medisinsk Cannabis Online Kj\u00f8p Medisinsk Marihuana online.\",\"breadcrumb\":{\"@id\":\"https:\\\/\\\/medicinasinc.com\\\/no\\\/product\\\/kjop-khalifa-kush\\\/#breadcrumb\"},\"inLanguage\":\"nn-NO\",\"potentialAction\":[{\"@type\":\"ReadAction\",\"target\":[\"https:\\\/\\\/medicinasinc.com\\\/no\\\/product\\\/kjop-khalifa-kush\\\/\"]}]},{\"@type\":\"ImageObject\",\"inLanguage\":\"nn-NO\",\"@id\":\"https:\\\/\\\/medicinasinc.com\\\/no\\\/product\\\/kjop-khalifa-kush\\\/#primaryimage\",\"url\":\"https:\\\/\\\/medicinasinc.com\\\/no\\\/wp-content\\\/uploads\\\/sites\\\/14\\\/2022\\\/02\\\/Buy-Khalifa-Kush.jpeg\",\"contentUrl\":\"https:\\\/\\\/medicinasinc.com\\\/no\\\/wp-content\\\/uploads\\\/sites\\\/14\\\/2022\\\/02\\\/Buy-Khalifa-Kush.jpeg\",\"width\":1141,\"height\":1064},{\"@type\":\"BreadcrumbList\",\"@id\":\"https:\\\/\\\/medicinasinc.com\\\/no\\\/product\\\/kjop-khalifa-kush\\\/#breadcrumb\",\"itemListElement\":[{\"@type\":\"ListItem\",\"position\":1,\"name\":\"Butikk\",\"item\":\"https:\\\/\\\/medicinasinc.com\\\/no\\\/butikk\\\/\"},{\"@type\":\"ListItem\",\"position\":2,\"name\":\"Kj\u00f8p Khalifa Kush\"}]},{\"@type\":\"WebSite\",\"@id\":\"https:\\\/\\\/medicinasinc.com\\\/no\\\/#website\",\"url\":\"https:\\\/\\\/medicinasinc.com\\\/no\\\/\",\"name\":\"Medicinas Inc\",\"description\":\"Helsemedisinsk klinikk\",\"potentialAction\":[{\"@type\":\"SearchAction\",\"target\":{\"@type\":\"EntryPoint\",\"urlTemplate\":\"https:\\\/\\\/medicinasinc.com\\\/no\\\/?s={search_term_string}\"},\"query-input\":{\"@type\":\"PropertyValueSpecification\",\"valueRequired\":true,\"valueName\":\"search_term_string\"}}],\"inLanguage\":\"nn-NO\"}]}<\/script>\n<!-- \/ Yoast SEO plugin. -->","yoast_head_json":{"title":"Kj\u00f8p Khalifa Kush Marihuana Online - Beste beste globale medisiner","description":"Kj\u00f8p Khalifa Kush Online Khalifa Kush for salg p\u00e5 nett Topp Medisinsk Khalifa Cannabis til salgs i n\u00e6rheten av meg Kj\u00f8p Medisinsk Cannabis Online Kj\u00f8p Medisinsk Marihuana online.","robots":{"index":"index","follow":"follow","max-snippet":"max-snippet:-1","max-image-preview":"max-image-preview:large","max-video-preview":"max-video-preview:-1"},"canonical":"https:\/\/medicinasinc.com\/no\/product\/kjop-khalifa-kush\/","og_locale":"nn_NO","og_type":"article","og_title":"Kj\u00f8p Khalifa Kush Marihuana Online - Beste beste globale medisiner","og_description":"Kj\u00f8p Khalifa Kush Online Khalifa Kush for salg p\u00e5 nett Topp Medisinsk Khalifa Cannabis til salgs i n\u00e6rheten av meg Kj\u00f8p Medisinsk Cannabis Online Kj\u00f8p Medisinsk Marihuana online.","og_url":"https:\/\/medicinasinc.com\/no\/product\/kjop-khalifa-kush\/","og_site_name":"Medicinas Inc","article_modified_time":"2022-03-22T01:05:11+00:00","og_image":[{"width":1141,"height":1064,"url":"https:\/\/medicinasinc.com\/no\/wp-content\/uploads\/sites\/14\/2022\/02\/Buy-Khalifa-Kush.jpeg","type":"image\/jpeg"}],"twitter_card":"summary_large_image","twitter_misc":{"Est. reading time":"1 minutt"},"schema":{"@context":"https:\/\/schema.org","@graph":[{"@type":"WebPage","@id":"https:\/\/medicinasinc.com\/no\/product\/kjop-khalifa-kush\/","url":"https:\/\/medicinasinc.com\/no\/product\/kjop-khalifa-kush\/","name":"Kj\u00f8p Khalifa Kush Marihuana Online - Beste beste globale medisiner","isPartOf":{"@id":"https:\/\/medicinasinc.com\/no\/#website"},"primaryImageOfPage":{"@id":"https:\/\/medicinasinc.com\/no\/product\/kjop-khalifa-kush\/#primaryimage"},"image":{"@id":"https:\/\/medicinasinc.com\/no\/product\/kjop-khalifa-kush\/#primaryimage"},"thumbnailUrl":"https:\/\/medicinasinc.com\/no\/wp-content\/uploads\/sites\/14\/2022\/02\/Buy-Khalifa-Kush.jpeg","datePublished":"2022-02-20T18:31:57+00:00","dateModified":"2022-03-22T01:05:11+00:00","description":"Kj\u00f8p Khalifa Kush Online Khalifa Kush for salg p\u00e5 nett Topp Medisinsk Khalifa Cannabis til salgs i n\u00e6rheten av meg Kj\u00f8p Medisinsk Cannabis Online Kj\u00f8p Medisinsk Marihuana online.","breadcrumb":{"@id":"https:\/\/medicinasinc.com\/no\/product\/kjop-khalifa-kush\/#breadcrumb"},"inLanguage":"nn-NO","potentialAction":[{"@type":"ReadAction","target":["https:\/\/medicinasinc.com\/no\/product\/kjop-khalifa-kush\/"]}]},{"@type":"ImageObject","inLanguage":"nn-NO","@id":"https:\/\/medicinasinc.com\/no\/product\/kjop-khalifa-kush\/#primaryimage","url":"https:\/\/medicinasinc.com\/no\/wp-content\/uploads\/sites\/14\/2022\/02\/Buy-Khalifa-Kush.jpeg","contentUrl":"https:\/\/medicinasinc.com\/no\/wp-content\/uploads\/sites\/14\/2022\/02\/Buy-Khalifa-Kush.jpeg","width":1141,"height":1064},{"@type":"BreadcrumbList","@id":"https:\/\/medicinasinc.com\/no\/product\/kjop-khalifa-kush\/#breadcrumb","itemListElement":[{"@type":"ListItem","position":1,"name":"Butikk","item":"https:\/\/medicinasinc.com\/no\/butikk\/"},{"@type":"ListItem","position":2,"name":"Kj\u00f8p Khalifa Kush"}]},{"@type":"WebSite","@id":"https:\/\/medicinasinc.com\/no\/#website","url":"https:\/\/medicinasinc.com\/no\/","name":"Medicinas Inc","description":"Helsemedisinsk klinikk","potentialAction":[{"@type":"SearchAction","target":{"@type":"EntryPoint","urlTemplate":"https:\/\/medicinasinc.com\/no\/?s={search_term_string}"},"query-input":{"@type":"PropertyValueSpecification","valueRequired":true,"valueName":"search_term_string"}}],"inLanguage":"nn-NO"}]}},"_links":{"self":[{"href":"https:\/\/medicinasinc.com\/no\/wp-json\/wp\/v2\/product\/4971","targetHints":{"allow":["GET"]}}],"collection":[{"href":"https:\/\/medicinasinc.com\/no\/wp-json\/wp\/v2\/product"}],"about":[{"href":"https:\/\/medicinasinc.com\/no\/wp-json\/wp\/v2\/types\/product"}],"replies":[{"embeddable":true,"href":"https:\/\/medicinasinc.com\/no\/wp-json\/wp\/v2\/comments?post=4971"}],"wp:featuredmedia":[{"embeddable":true,"href":"https:\/\/medicinasinc.com\/no\/wp-json\/wp\/v2\/media\/4985"}],"wp:attachment":[{"href":"https:\/\/medicinasinc.com\/no\/wp-json\/wp\/v2\/media?parent=4971"}],"wp:term":[{"taxonomy":"product_brand","embeddable":true,"href":"https:\/\/medicinasinc.com\/no\/wp-json\/wp\/v2\/product_brand?post=4971"},{"taxonomy":"product_cat","embeddable":true,"href":"https:\/\/medicinasinc.com\/no\/wp-json\/wp\/v2\/product_cat?post=4971"},{"taxonomy":"product_tag","embeddable":true,"href":"https:\/\/medicinasinc.com\/no\/wp-json\/wp\/v2\/product_tag?post=4971"}],"curies":[{"name":"wp","href":"https:\/\/api.w.org\/{rel}","templated":true}]}}