{"id":4970,"date":"2022-02-20T18:30:09","date_gmt":"2022-02-20T18:30:09","guid":{"rendered":"https:\/\/medicinasinc.com\/no\/?post_type=product&#038;p=4970"},"modified":"2022-03-22T01:05:21","modified_gmt":"2022-03-22T01:05:21","slug":"kjop-jesus-og-luke","status":"publish","type":"product","link":"https:\/\/medicinasinc.com\/no\/product\/kjop-jesus-og-luke\/","title":{"rendered":"Kj\u00f8p Jesus OG Weed"},"content":{"rendered":"<p>Jesus OG Marihuana-stamme kan kj\u00f8pes online. Jesus OG er en Sativa Dominant Hybrid &#8211; 80 prosent Sativa. Sativa \/ 20% Indica THC: 21% &#8211; 25%<\/p>\n<p>Energigivende, euforiske, fokuserende, glade og oppl\u00f8ftende effekter kan lindre ADD\/ADHD, bipolar lidelse, kronisk smerte, depresjon, tretthet, hodepine, migrene, Smaker av kvalme, PTSD og stress<br \/> Sitron, furun\u00e5ler, s\u00f8te og syrlige<br \/> Aromaer<br \/> Sitronaktig, skarp og s\u00f8t<\/p>\n","protected":false},"excerpt":{"rendered":"<p>Kj\u00f8p Jesus OG Marihuana Strain Online. Jesus og marihuana-stammen er en Sativa Dominant Hybrid &#8211; 80 % Sativa \/ 20 % Indica THC: 21 % \u2013 25 %<\/p>\n","protected":false},"featured_media":4983,"comment_status":"open","ping_status":"closed","template":"","meta":[],"product_brand":[],"product_cat":[778],"product_tag":[911,908,885,614,886,887,888,889,890,891,893,894,455,896,897,898,903,904,906,907,913,909,910,912,918,916,917,899,626,459,895,900,901,902,473,470,477,892,905,920,921,919,914,922,915,923],"class_list":{"0":"post-4970","1":"product","2":"type-product","3":"status-publish","4":"has-post-thumbnail","6":"product_cat-luke-til-salg","7":"product_tag-dispensary-nr-meg-pner-sent","8":"product_tag-dispensarer-nr-meg-pner-n","9":"product_tag-best-marijuana-strains","10":"product_tag-beste-online-dispensary","11":"product_tag-beste-online-dispensary-canada","12":"product_tag-bipolar-lidelse","13":"product_tag-bl-drm-marihuana-stamme","14":"product_tag-buy-ace-killer-og-marijuana","15":"product_tag-buy-ahoe-hydro-og-indica","16":"product_tag-buy-gelato-marijuana-online","17":"product_tag-buy-jesus-og-marijuana-strain-online","18":"product_tag-buy-khalifa-kush-marijuana","19":"product_tag-buy-marijuana-online","20":"product_tag-buy-medical-cannabis-oil-online","21":"product_tag-buy-my-weed-online-review","22":"product_tag-buy-presidential-kush-strain","23":"product_tag-buy-weed-onlne-uk","24":"product_tag-charlottes-web-cannabis-stamme","25":"product_tag-dawg-cookies-indica-stamme","26":"product_tag-depresjon","27":"product_tag-dispensary-ugress-stammer","28":"product_tag-dispensarer-som-ikke-krever-medisinsk-kort-nr-meg","29":"product_tag-dispensarer-som-sender-ut-av-staten","30":"product_tag-dispensary-nr-meg-rekreasjon","31":"product_tag-jesus-og-belastning","32":"product_tag-jesus-og-feminiserte-fr","33":"product_tag-jesus-og-fr","34":"product_tag-kjp-ekte-ugress-p-nett","35":"product_tag-kjp-lovlig-ugress-p-nett","36":"product_tag-kjp-marihuana-online-usa","37":"product_tag-kjp-marihuana-online-no-medical-card","38":"product_tag-kjp-rekreasjons-luke-p-nett","39":"product_tag-kjp-skunk-online-uk","40":"product_tag-kjp-ugress-online-kjp-marihuana-online","41":"product_tag-kjp-weed-online-europe","42":"product_tag-kjp-ugress-p-nett","43":"product_tag-kjpe-luke-p-nettet","44":"product_tag-kjp-ulovlig-ugress-p-nett","45":"product_tag-kronisk-smerte","46":"product_tag-stillehavs-frbank-autoflower","47":"product_tag-platinum-og-kush-seed","48":"product_tag-sitron-og-autoflower","49":"product_tag-edibles-online-no-medical-card","50":"product_tag-tga-subcool-jesus-og","51":"product_tag-utmattelse","52":"product_tag-yoda-og-oppdretter","54":"first","55":"instock","56":"shipping-taxable","57":"purchasable","58":"product-type-variable","59":"has-default-attributes"},"yoast_head":"<!-- This site is optimized with the Yoast SEO plugin v27.3 - https:\/\/yoast.com\/product\/yoast-seo-wordpress\/ -->\n<title>Kj\u00f8p Jesus OG Weed Marihuana Strain - Beste globale medisiner<\/title>\n<meta name=\"description\" content=\"Kj\u00f8p Jesus OG Marihuana-stamme for salg p\u00e5 nett. Jesus og marihuana-stammen er Sativa Dominant Hybrid \u2013 80 % Sativa \/ 20 % Indica THC: 21 % \u2013 25 %\" \/>\n<meta name=\"robots\" content=\"index, follow, max-snippet:-1, max-image-preview:large, max-video-preview:-1\" \/>\n<link rel=\"canonical\" href=\"https:\/\/medicinasinc.com\/no\/product\/kjop-jesus-og-luke\/\" \/>\n<meta property=\"og:locale\" content=\"nn_NO\" \/>\n<meta property=\"og:type\" content=\"article\" \/>\n<meta property=\"og:title\" content=\"Kj\u00f8p Jesus OG Weed Marihuana Strain - Beste globale medisiner\" \/>\n<meta property=\"og:description\" content=\"Kj\u00f8p Jesus OG Marihuana-stamme for salg p\u00e5 nett. Jesus og marihuana-stammen er Sativa Dominant Hybrid \u2013 80 % Sativa \/ 20 % Indica THC: 21 % \u2013 25 %\" \/>\n<meta property=\"og:url\" content=\"https:\/\/medicinasinc.com\/no\/product\/kjop-jesus-og-luke\/\" \/>\n<meta property=\"og:site_name\" content=\"Medicinas Inc\" \/>\n<meta property=\"article:modified_time\" content=\"2022-03-22T01:05:21+00:00\" \/>\n<meta property=\"og:image\" content=\"https:\/\/medicinasinc.com\/no\/wp-content\/uploads\/sites\/14\/2022\/02\/buy-Jesus-OG.png\" \/>\n\t<meta property=\"og:image:width\" content=\"600\" \/>\n\t<meta property=\"og:image:height\" content=\"600\" \/>\n\t<meta property=\"og:image:type\" content=\"image\/png\" \/>\n<meta name=\"twitter:card\" content=\"summary_large_image\" \/>\n<meta name=\"twitter:label1\" content=\"Est. reading time\" \/>\n\t<meta name=\"twitter:data1\" content=\"1 minutt\" \/>\n<script type=\"application\/ld+json\" class=\"yoast-schema-graph\">{\"@context\":\"https:\\\/\\\/schema.org\",\"@graph\":[{\"@type\":\"WebPage\",\"@id\":\"https:\\\/\\\/medicinasinc.com\\\/no\\\/product\\\/kjop-jesus-og-luke\\\/\",\"url\":\"https:\\\/\\\/medicinasinc.com\\\/no\\\/product\\\/kjop-jesus-og-luke\\\/\",\"name\":\"Kj\u00f8p Jesus OG Weed Marihuana Strain - Beste globale medisiner\",\"isPartOf\":{\"@id\":\"https:\\\/\\\/medicinasinc.com\\\/no\\\/#website\"},\"primaryImageOfPage\":{\"@id\":\"https:\\\/\\\/medicinasinc.com\\\/no\\\/product\\\/kjop-jesus-og-luke\\\/#primaryimage\"},\"image\":{\"@id\":\"https:\\\/\\\/medicinasinc.com\\\/no\\\/product\\\/kjop-jesus-og-luke\\\/#primaryimage\"},\"thumbnailUrl\":\"https:\\\/\\\/medicinasinc.com\\\/no\\\/wp-content\\\/uploads\\\/sites\\\/14\\\/2022\\\/02\\\/buy-Jesus-OG.png\",\"datePublished\":\"2022-02-20T18:30:09+00:00\",\"dateModified\":\"2022-03-22T01:05:21+00:00\",\"description\":\"Kj\u00f8p Jesus OG Marihuana-stamme for salg p\u00e5 nett. Jesus og marihuana-stammen er Sativa Dominant Hybrid \u2013 80 % Sativa \\\/ 20 % Indica THC: 21 % \u2013 25 %\",\"breadcrumb\":{\"@id\":\"https:\\\/\\\/medicinasinc.com\\\/no\\\/product\\\/kjop-jesus-og-luke\\\/#breadcrumb\"},\"inLanguage\":\"nn-NO\",\"potentialAction\":[{\"@type\":\"ReadAction\",\"target\":[\"https:\\\/\\\/medicinasinc.com\\\/no\\\/product\\\/kjop-jesus-og-luke\\\/\"]}]},{\"@type\":\"ImageObject\",\"inLanguage\":\"nn-NO\",\"@id\":\"https:\\\/\\\/medicinasinc.com\\\/no\\\/product\\\/kjop-jesus-og-luke\\\/#primaryimage\",\"url\":\"https:\\\/\\\/medicinasinc.com\\\/no\\\/wp-content\\\/uploads\\\/sites\\\/14\\\/2022\\\/02\\\/buy-Jesus-OG.png\",\"contentUrl\":\"https:\\\/\\\/medicinasinc.com\\\/no\\\/wp-content\\\/uploads\\\/sites\\\/14\\\/2022\\\/02\\\/buy-Jesus-OG.png\",\"width\":600,\"height\":600},{\"@type\":\"BreadcrumbList\",\"@id\":\"https:\\\/\\\/medicinasinc.com\\\/no\\\/product\\\/kjop-jesus-og-luke\\\/#breadcrumb\",\"itemListElement\":[{\"@type\":\"ListItem\",\"position\":1,\"name\":\"Butikk\",\"item\":\"https:\\\/\\\/medicinasinc.com\\\/no\\\/butikk\\\/\"},{\"@type\":\"ListItem\",\"position\":2,\"name\":\"Kj\u00f8p Jesus OG Weed\"}]},{\"@type\":\"WebSite\",\"@id\":\"https:\\\/\\\/medicinasinc.com\\\/no\\\/#website\",\"url\":\"https:\\\/\\\/medicinasinc.com\\\/no\\\/\",\"name\":\"Medicinas Inc\",\"description\":\"Helsemedisinsk klinikk\",\"potentialAction\":[{\"@type\":\"SearchAction\",\"target\":{\"@type\":\"EntryPoint\",\"urlTemplate\":\"https:\\\/\\\/medicinasinc.com\\\/no\\\/?s={search_term_string}\"},\"query-input\":{\"@type\":\"PropertyValueSpecification\",\"valueRequired\":true,\"valueName\":\"search_term_string\"}}],\"inLanguage\":\"nn-NO\"}]}<\/script>\n<!-- \/ Yoast SEO plugin. -->","yoast_head_json":{"title":"Kj\u00f8p Jesus OG Weed Marihuana Strain - Beste globale medisiner","description":"Kj\u00f8p Jesus OG Marihuana-stamme for salg p\u00e5 nett. Jesus og marihuana-stammen er Sativa Dominant Hybrid \u2013 80 % Sativa \/ 20 % Indica THC: 21 % \u2013 25 %","robots":{"index":"index","follow":"follow","max-snippet":"max-snippet:-1","max-image-preview":"max-image-preview:large","max-video-preview":"max-video-preview:-1"},"canonical":"https:\/\/medicinasinc.com\/no\/product\/kjop-jesus-og-luke\/","og_locale":"nn_NO","og_type":"article","og_title":"Kj\u00f8p Jesus OG Weed Marihuana Strain - Beste globale medisiner","og_description":"Kj\u00f8p Jesus OG Marihuana-stamme for salg p\u00e5 nett. Jesus og marihuana-stammen er Sativa Dominant Hybrid \u2013 80 % Sativa \/ 20 % Indica THC: 21 % \u2013 25 %","og_url":"https:\/\/medicinasinc.com\/no\/product\/kjop-jesus-og-luke\/","og_site_name":"Medicinas Inc","article_modified_time":"2022-03-22T01:05:21+00:00","og_image":[{"width":600,"height":600,"url":"https:\/\/medicinasinc.com\/no\/wp-content\/uploads\/sites\/14\/2022\/02\/buy-Jesus-OG.png","type":"image\/png"}],"twitter_card":"summary_large_image","twitter_misc":{"Est. reading time":"1 minutt"},"schema":{"@context":"https:\/\/schema.org","@graph":[{"@type":"WebPage","@id":"https:\/\/medicinasinc.com\/no\/product\/kjop-jesus-og-luke\/","url":"https:\/\/medicinasinc.com\/no\/product\/kjop-jesus-og-luke\/","name":"Kj\u00f8p Jesus OG Weed Marihuana Strain - Beste globale medisiner","isPartOf":{"@id":"https:\/\/medicinasinc.com\/no\/#website"},"primaryImageOfPage":{"@id":"https:\/\/medicinasinc.com\/no\/product\/kjop-jesus-og-luke\/#primaryimage"},"image":{"@id":"https:\/\/medicinasinc.com\/no\/product\/kjop-jesus-og-luke\/#primaryimage"},"thumbnailUrl":"https:\/\/medicinasinc.com\/no\/wp-content\/uploads\/sites\/14\/2022\/02\/buy-Jesus-OG.png","datePublished":"2022-02-20T18:30:09+00:00","dateModified":"2022-03-22T01:05:21+00:00","description":"Kj\u00f8p Jesus OG Marihuana-stamme for salg p\u00e5 nett. Jesus og marihuana-stammen er Sativa Dominant Hybrid \u2013 80 % Sativa \/ 20 % Indica THC: 21 % \u2013 25 %","breadcrumb":{"@id":"https:\/\/medicinasinc.com\/no\/product\/kjop-jesus-og-luke\/#breadcrumb"},"inLanguage":"nn-NO","potentialAction":[{"@type":"ReadAction","target":["https:\/\/medicinasinc.com\/no\/product\/kjop-jesus-og-luke\/"]}]},{"@type":"ImageObject","inLanguage":"nn-NO","@id":"https:\/\/medicinasinc.com\/no\/product\/kjop-jesus-og-luke\/#primaryimage","url":"https:\/\/medicinasinc.com\/no\/wp-content\/uploads\/sites\/14\/2022\/02\/buy-Jesus-OG.png","contentUrl":"https:\/\/medicinasinc.com\/no\/wp-content\/uploads\/sites\/14\/2022\/02\/buy-Jesus-OG.png","width":600,"height":600},{"@type":"BreadcrumbList","@id":"https:\/\/medicinasinc.com\/no\/product\/kjop-jesus-og-luke\/#breadcrumb","itemListElement":[{"@type":"ListItem","position":1,"name":"Butikk","item":"https:\/\/medicinasinc.com\/no\/butikk\/"},{"@type":"ListItem","position":2,"name":"Kj\u00f8p Jesus OG Weed"}]},{"@type":"WebSite","@id":"https:\/\/medicinasinc.com\/no\/#website","url":"https:\/\/medicinasinc.com\/no\/","name":"Medicinas Inc","description":"Helsemedisinsk klinikk","potentialAction":[{"@type":"SearchAction","target":{"@type":"EntryPoint","urlTemplate":"https:\/\/medicinasinc.com\/no\/?s={search_term_string}"},"query-input":{"@type":"PropertyValueSpecification","valueRequired":true,"valueName":"search_term_string"}}],"inLanguage":"nn-NO"}]}},"_links":{"self":[{"href":"https:\/\/medicinasinc.com\/no\/wp-json\/wp\/v2\/product\/4970","targetHints":{"allow":["GET"]}}],"collection":[{"href":"https:\/\/medicinasinc.com\/no\/wp-json\/wp\/v2\/product"}],"about":[{"href":"https:\/\/medicinasinc.com\/no\/wp-json\/wp\/v2\/types\/product"}],"replies":[{"embeddable":true,"href":"https:\/\/medicinasinc.com\/no\/wp-json\/wp\/v2\/comments?post=4970"}],"wp:featuredmedia":[{"embeddable":true,"href":"https:\/\/medicinasinc.com\/no\/wp-json\/wp\/v2\/media\/4983"}],"wp:attachment":[{"href":"https:\/\/medicinasinc.com\/no\/wp-json\/wp\/v2\/media?parent=4970"}],"wp:term":[{"taxonomy":"product_brand","embeddable":true,"href":"https:\/\/medicinasinc.com\/no\/wp-json\/wp\/v2\/product_brand?post=4970"},{"taxonomy":"product_cat","embeddable":true,"href":"https:\/\/medicinasinc.com\/no\/wp-json\/wp\/v2\/product_cat?post=4970"},{"taxonomy":"product_tag","embeddable":true,"href":"https:\/\/medicinasinc.com\/no\/wp-json\/wp\/v2\/product_tag?post=4970"}],"curies":[{"name":"wp","href":"https:\/\/api.w.org\/{rel}","templated":true}]}}