{"id":4946,"date":"2022-02-20T18:08:57","date_gmt":"2022-02-20T18:08:57","guid":{"rendered":"https:\/\/medicinasinc.com\/no\/?post_type=product&#038;p=4946"},"modified":"2022-03-22T01:05:59","modified_gmt":"2022-03-22T01:05:59","slug":"kjop-gorilla-kjeks-marihuana","status":"publish","type":"product","link":"https:\/\/medicinasinc.com\/no\/product\/kjop-gorilla-kjeks-marihuana\/","title":{"rendered":"Kj\u00f8p Gorilla Biscuit Marihuana"},"content":{"rendered":"<h1><\/h1>\n<p>Online kj\u00f8p av Gorilla Biscuit Marihuana Strain.<\/p>\n<p>Online kj\u00f8p av Gorilla Biscuit Marihuana Strain.<\/p>\n<p>Marihuana fra gorilla kjeks er Indica. Dominant Hybrid &#8211; 60 % Indica \/ 40 % Sativa THC-innhold i sativa: 15 %\u201320 %<\/p>\n<p>Opphisset, eufori, sult, avslapning og s\u00f8vnighet<br \/> Kan hjelpe til med behandling av anoreksi, kramper , depresjon, s\u00f8vnl\u00f8shet og stress smaker<br \/> Aromaer av kaffe, sitron og furu<br \/> Jordaktig, skarp og krydret<\/p>\n<p>Gorilla kjeks av Seeds of Compassion er en India-dominerende skj\u00e6ring avledet fra krysset mellom Sensi Stars Terpentine og Stardawg IX fenotyper. Denne uvanlige og ganske gamle blandingen er oppkalt etter Methaqualone, ofte kjent som quaaludes, et stoff med en beroligende og eksotisk effekt p\u00e5 kroppen. Dens eiendeler fortsetter p\u00e5 en lignende beroligende m\u00e5te, og etterlater vedleggene tunge og l\u00f8se. Gorilla Biscuit har en sterk terpenprofil, med en sterk furu-sol og kaffeb\u00f8nnearoma.<\/p>\n<p>Gorilla Biscuits Strain: En ekte steiner-stamme, Gorilla OG&#8217;s high utvikler seg gradvis og bygger til en tilstand av henrykkelse som varer i en lengre periode. N\u00e5r eiendelene hennes tar fullstendig tak i tankene dine og kroppen din, er kanskje ikke grublingene dine like klare som de var for noen timer siden. Det mest synlige aspektet av opplevelsen din vil v\u00e6re det faste inntrykket av kj\u00e6rlighetssetel\u00e5sen, som vil gj\u00f8re det vanskelig \u00e5 tilfredsstille noen sneaky munchies. V\u00e5rt forslag er \u00e5 avansere over tid med en feiing, pute og en stor mengde mat innenfor armens rekkevidde. Denne uvanlige og ganske gamle blandingen er oppkalt etter Methaqualone, ofte kjent som quaaludes, et stoff med en beroligende og eksotisk effekt p\u00e5 kroppen. Dens eiendeler fortsetter p\u00e5 en lignende beroligende m\u00e5te, og etterlater vedleggene tunge og l\u00f8se. Gorilla Biscuit har en robust terpenprofil, med en sterk furusol og kaffebourbonaroma.<\/p>\n","protected":false},"excerpt":{"rendered":"<p>Kj\u00f8p Gorilla Biscuit Marihuana Strain Online. Med over 15 \u00e5rs erfaring i medisinsk marihuana-sektoren, er vi Canadas ledende innen cannabispostordre.<\/p>\n","protected":false},"featured_media":4960,"comment_status":"open","ping_status":"closed","template":"","meta":[],"product_brand":[],"product_cat":[778],"product_tag":[828,829,833,830,832,831,827,834],"class_list":{"0":"post-4946","1":"product","2":"type-product","3":"status-publish","4":"has-post-thumbnail","6":"product_cat-luke-til-salg","7":"product_tag-bizkitz-stamme","8":"product_tag-california-orange-strain","9":"product_tag-drue-kjler-stamme","10":"product_tag-ekto-kjler-stamme","11":"product_tag-gorilla-biscuits-merch","12":"product_tag-gorilla-kjeks-stoff","13":"product_tag-kjeks-stamme","14":"product_tag-sukker-kjeks-stamme","16":"first","17":"instock","18":"shipping-taxable","19":"purchasable","20":"product-type-variable","21":"has-default-attributes"},"yoast_head":"<!-- This site is optimized with the Yoast SEO plugin v27.3 - https:\/\/yoast.com\/product\/yoast-seo-wordpress\/ -->\n<title>Kj\u00f8p Gorilla Biscuit Marihuana - Beste beste globale medisiner<\/title>\n<meta name=\"description\" content=\"Kj\u00f8p Gorilla Biscuit Marihuana Strain for salg Online. Leder innen cannabispostordre i Canada med mer enn 15 \u00e5rs erfaring i medisinsk marihuana-industrien.\" \/>\n<meta name=\"robots\" content=\"index, follow, max-snippet:-1, max-image-preview:large, max-video-preview:-1\" \/>\n<link rel=\"canonical\" href=\"https:\/\/medicinasinc.com\/no\/product\/kjop-gorilla-kjeks-marihuana\/\" \/>\n<meta property=\"og:locale\" content=\"nn_NO\" \/>\n<meta property=\"og:type\" content=\"article\" \/>\n<meta property=\"og:title\" content=\"Kj\u00f8p Gorilla Biscuit Marihuana - Beste beste globale medisiner\" \/>\n<meta property=\"og:description\" content=\"Kj\u00f8p Gorilla Biscuit Marihuana Strain for salg Online. Leder innen cannabispostordre i Canada med mer enn 15 \u00e5rs erfaring i medisinsk marihuana-industrien.\" \/>\n<meta property=\"og:url\" content=\"https:\/\/medicinasinc.com\/no\/product\/kjop-gorilla-kjeks-marihuana\/\" \/>\n<meta property=\"og:site_name\" content=\"Medicinas Inc\" \/>\n<meta property=\"article:modified_time\" content=\"2022-03-22T01:05:59+00:00\" \/>\n<meta property=\"og:image\" content=\"https:\/\/medicinasinc.com\/no\/wp-content\/uploads\/sites\/14\/2022\/02\/Buy-Gorilla-Biscuit-Marijuana.jpg\" \/>\n\t<meta property=\"og:image:width\" content=\"420\" \/>\n\t<meta property=\"og:image:height\" content=\"630\" \/>\n\t<meta property=\"og:image:type\" content=\"image\/jpeg\" \/>\n<meta name=\"twitter:card\" content=\"summary_large_image\" \/>\n<meta name=\"twitter:label1\" content=\"Est. reading time\" \/>\n\t<meta name=\"twitter:data1\" content=\"2 minutt\" \/>\n<script type=\"application\/ld+json\" class=\"yoast-schema-graph\">{\"@context\":\"https:\\\/\\\/schema.org\",\"@graph\":[{\"@type\":\"WebPage\",\"@id\":\"https:\\\/\\\/medicinasinc.com\\\/no\\\/product\\\/kjop-gorilla-kjeks-marihuana\\\/\",\"url\":\"https:\\\/\\\/medicinasinc.com\\\/no\\\/product\\\/kjop-gorilla-kjeks-marihuana\\\/\",\"name\":\"Kj\u00f8p Gorilla Biscuit Marihuana - Beste beste globale medisiner\",\"isPartOf\":{\"@id\":\"https:\\\/\\\/medicinasinc.com\\\/no\\\/#website\"},\"primaryImageOfPage\":{\"@id\":\"https:\\\/\\\/medicinasinc.com\\\/no\\\/product\\\/kjop-gorilla-kjeks-marihuana\\\/#primaryimage\"},\"image\":{\"@id\":\"https:\\\/\\\/medicinasinc.com\\\/no\\\/product\\\/kjop-gorilla-kjeks-marihuana\\\/#primaryimage\"},\"thumbnailUrl\":\"https:\\\/\\\/medicinasinc.com\\\/no\\\/wp-content\\\/uploads\\\/sites\\\/14\\\/2022\\\/02\\\/Buy-Gorilla-Biscuit-Marijuana.jpg\",\"datePublished\":\"2022-02-20T18:08:57+00:00\",\"dateModified\":\"2022-03-22T01:05:59+00:00\",\"description\":\"Kj\u00f8p Gorilla Biscuit Marihuana Strain for salg Online. Leder innen cannabispostordre i Canada med mer enn 15 \u00e5rs erfaring i medisinsk marihuana-industrien.\",\"breadcrumb\":{\"@id\":\"https:\\\/\\\/medicinasinc.com\\\/no\\\/product\\\/kjop-gorilla-kjeks-marihuana\\\/#breadcrumb\"},\"inLanguage\":\"nn-NO\",\"potentialAction\":[{\"@type\":\"ReadAction\",\"target\":[\"https:\\\/\\\/medicinasinc.com\\\/no\\\/product\\\/kjop-gorilla-kjeks-marihuana\\\/\"]}]},{\"@type\":\"ImageObject\",\"inLanguage\":\"nn-NO\",\"@id\":\"https:\\\/\\\/medicinasinc.com\\\/no\\\/product\\\/kjop-gorilla-kjeks-marihuana\\\/#primaryimage\",\"url\":\"https:\\\/\\\/medicinasinc.com\\\/no\\\/wp-content\\\/uploads\\\/sites\\\/14\\\/2022\\\/02\\\/Buy-Gorilla-Biscuit-Marijuana.jpg\",\"contentUrl\":\"https:\\\/\\\/medicinasinc.com\\\/no\\\/wp-content\\\/uploads\\\/sites\\\/14\\\/2022\\\/02\\\/Buy-Gorilla-Biscuit-Marijuana.jpg\",\"width\":420,\"height\":630},{\"@type\":\"BreadcrumbList\",\"@id\":\"https:\\\/\\\/medicinasinc.com\\\/no\\\/product\\\/kjop-gorilla-kjeks-marihuana\\\/#breadcrumb\",\"itemListElement\":[{\"@type\":\"ListItem\",\"position\":1,\"name\":\"Butikk\",\"item\":\"https:\\\/\\\/medicinasinc.com\\\/no\\\/butikk\\\/\"},{\"@type\":\"ListItem\",\"position\":2,\"name\":\"Kj\u00f8p Gorilla Biscuit Marihuana\"}]},{\"@type\":\"WebSite\",\"@id\":\"https:\\\/\\\/medicinasinc.com\\\/no\\\/#website\",\"url\":\"https:\\\/\\\/medicinasinc.com\\\/no\\\/\",\"name\":\"Medicinas Inc\",\"description\":\"Helsemedisinsk klinikk\",\"potentialAction\":[{\"@type\":\"SearchAction\",\"target\":{\"@type\":\"EntryPoint\",\"urlTemplate\":\"https:\\\/\\\/medicinasinc.com\\\/no\\\/?s={search_term_string}\"},\"query-input\":{\"@type\":\"PropertyValueSpecification\",\"valueRequired\":true,\"valueName\":\"search_term_string\"}}],\"inLanguage\":\"nn-NO\"}]}<\/script>\n<!-- \/ Yoast SEO plugin. -->","yoast_head_json":{"title":"Kj\u00f8p Gorilla Biscuit Marihuana - Beste beste globale medisiner","description":"Kj\u00f8p Gorilla Biscuit Marihuana Strain for salg Online. Leder innen cannabispostordre i Canada med mer enn 15 \u00e5rs erfaring i medisinsk marihuana-industrien.","robots":{"index":"index","follow":"follow","max-snippet":"max-snippet:-1","max-image-preview":"max-image-preview:large","max-video-preview":"max-video-preview:-1"},"canonical":"https:\/\/medicinasinc.com\/no\/product\/kjop-gorilla-kjeks-marihuana\/","og_locale":"nn_NO","og_type":"article","og_title":"Kj\u00f8p Gorilla Biscuit Marihuana - Beste beste globale medisiner","og_description":"Kj\u00f8p Gorilla Biscuit Marihuana Strain for salg Online. Leder innen cannabispostordre i Canada med mer enn 15 \u00e5rs erfaring i medisinsk marihuana-industrien.","og_url":"https:\/\/medicinasinc.com\/no\/product\/kjop-gorilla-kjeks-marihuana\/","og_site_name":"Medicinas Inc","article_modified_time":"2022-03-22T01:05:59+00:00","og_image":[{"width":420,"height":630,"url":"https:\/\/medicinasinc.com\/no\/wp-content\/uploads\/sites\/14\/2022\/02\/Buy-Gorilla-Biscuit-Marijuana.jpg","type":"image\/jpeg"}],"twitter_card":"summary_large_image","twitter_misc":{"Est. reading time":"2 minutt"},"schema":{"@context":"https:\/\/schema.org","@graph":[{"@type":"WebPage","@id":"https:\/\/medicinasinc.com\/no\/product\/kjop-gorilla-kjeks-marihuana\/","url":"https:\/\/medicinasinc.com\/no\/product\/kjop-gorilla-kjeks-marihuana\/","name":"Kj\u00f8p Gorilla Biscuit Marihuana - Beste beste globale medisiner","isPartOf":{"@id":"https:\/\/medicinasinc.com\/no\/#website"},"primaryImageOfPage":{"@id":"https:\/\/medicinasinc.com\/no\/product\/kjop-gorilla-kjeks-marihuana\/#primaryimage"},"image":{"@id":"https:\/\/medicinasinc.com\/no\/product\/kjop-gorilla-kjeks-marihuana\/#primaryimage"},"thumbnailUrl":"https:\/\/medicinasinc.com\/no\/wp-content\/uploads\/sites\/14\/2022\/02\/Buy-Gorilla-Biscuit-Marijuana.jpg","datePublished":"2022-02-20T18:08:57+00:00","dateModified":"2022-03-22T01:05:59+00:00","description":"Kj\u00f8p Gorilla Biscuit Marihuana Strain for salg Online. Leder innen cannabispostordre i Canada med mer enn 15 \u00e5rs erfaring i medisinsk marihuana-industrien.","breadcrumb":{"@id":"https:\/\/medicinasinc.com\/no\/product\/kjop-gorilla-kjeks-marihuana\/#breadcrumb"},"inLanguage":"nn-NO","potentialAction":[{"@type":"ReadAction","target":["https:\/\/medicinasinc.com\/no\/product\/kjop-gorilla-kjeks-marihuana\/"]}]},{"@type":"ImageObject","inLanguage":"nn-NO","@id":"https:\/\/medicinasinc.com\/no\/product\/kjop-gorilla-kjeks-marihuana\/#primaryimage","url":"https:\/\/medicinasinc.com\/no\/wp-content\/uploads\/sites\/14\/2022\/02\/Buy-Gorilla-Biscuit-Marijuana.jpg","contentUrl":"https:\/\/medicinasinc.com\/no\/wp-content\/uploads\/sites\/14\/2022\/02\/Buy-Gorilla-Biscuit-Marijuana.jpg","width":420,"height":630},{"@type":"BreadcrumbList","@id":"https:\/\/medicinasinc.com\/no\/product\/kjop-gorilla-kjeks-marihuana\/#breadcrumb","itemListElement":[{"@type":"ListItem","position":1,"name":"Butikk","item":"https:\/\/medicinasinc.com\/no\/butikk\/"},{"@type":"ListItem","position":2,"name":"Kj\u00f8p Gorilla Biscuit Marihuana"}]},{"@type":"WebSite","@id":"https:\/\/medicinasinc.com\/no\/#website","url":"https:\/\/medicinasinc.com\/no\/","name":"Medicinas Inc","description":"Helsemedisinsk klinikk","potentialAction":[{"@type":"SearchAction","target":{"@type":"EntryPoint","urlTemplate":"https:\/\/medicinasinc.com\/no\/?s={search_term_string}"},"query-input":{"@type":"PropertyValueSpecification","valueRequired":true,"valueName":"search_term_string"}}],"inLanguage":"nn-NO"}]}},"_links":{"self":[{"href":"https:\/\/medicinasinc.com\/no\/wp-json\/wp\/v2\/product\/4946","targetHints":{"allow":["GET"]}}],"collection":[{"href":"https:\/\/medicinasinc.com\/no\/wp-json\/wp\/v2\/product"}],"about":[{"href":"https:\/\/medicinasinc.com\/no\/wp-json\/wp\/v2\/types\/product"}],"replies":[{"embeddable":true,"href":"https:\/\/medicinasinc.com\/no\/wp-json\/wp\/v2\/comments?post=4946"}],"wp:featuredmedia":[{"embeddable":true,"href":"https:\/\/medicinasinc.com\/no\/wp-json\/wp\/v2\/media\/4960"}],"wp:attachment":[{"href":"https:\/\/medicinasinc.com\/no\/wp-json\/wp\/v2\/media?parent=4946"}],"wp:term":[{"taxonomy":"product_brand","embeddable":true,"href":"https:\/\/medicinasinc.com\/no\/wp-json\/wp\/v2\/product_brand?post=4946"},{"taxonomy":"product_cat","embeddable":true,"href":"https:\/\/medicinasinc.com\/no\/wp-json\/wp\/v2\/product_cat?post=4946"},{"taxonomy":"product_tag","embeddable":true,"href":"https:\/\/medicinasinc.com\/no\/wp-json\/wp\/v2\/product_tag?post=4946"}],"curies":[{"name":"wp","href":"https:\/\/api.w.org\/{rel}","templated":true}]}}