{"id":4940,"date":"2022-02-20T18:04:10","date_gmt":"2022-02-20T18:04:10","guid":{"rendered":"https:\/\/medicinasinc.com\/no\/?post_type=product&#038;p=4940"},"modified":"2022-03-22T01:06:12","modified_gmt":"2022-03-22T01:06:12","slug":"kjop-durban-gift-marihuana","status":"publish","type":"product","link":"https:\/\/medicinasinc.com\/no\/product\/kjop-durban-gift-marihuana\/","title":{"rendered":"Kj\u00f8p Durban Poison Marihuana"},"content":{"rendered":"<p>Kj\u00f8p p\u00e5 nett av Durban Poison Marijuana-stamme<\/p>\n<p>Denne sv\u00e6rt potente stammen vil gi hjernen et hardt slag. Durban Poison er en ren sativa-stamme som er en elsket innavlet etterkommer av en s\u00f8rafrikansk sativa-stamme. P\u00e5 1970-tallet identifiserte Ed Rosenthal, en amerikansk cannabisaktivist, den opprinnelige stammen og introduserte den til USA. Det har lenge v\u00e6rt en favoritt blant steinere og medisinske marihuanapasienter i denne byen. Durban Poison har et THC-innhold p\u00e5 opptil 24 %, noe som gj\u00f8r den til en av de mest potente stammene som finnes. Denne stammen gir en kraftig, behagelig hodeh\u00f8yde som er ideell for kreative bestrebelser og aktiviteter p\u00e5 dagtid. Sammen med munnt\u00f8rrhet er paranoia en mulig bivirkning. Durban Poison er en kraftig behandling for depresjon og angst, samt kroniske smerter og kvalme. Denne stammen er god for \u00e5 lage kraftf\u00f4r p\u00e5 grunn av overflod av store trikomer p\u00e5 knoppen. Durban Poisons dominerende duft og smak er jordaktig og s\u00f8t, med en svak furuaroma. Knoppene er runde og tykke, dekket av rikelig med trikom. Denne stammen er ideell for perioder med fysisk aktivitet, gj\u00f8rem\u00e5l og andre dagslysaktiviteter.<\/p>\n","protected":false},"excerpt":{"rendered":"<div class=\"woocommerce-product-details__short-description\">\n<p>Durban Poison har et THC-innhold p\u00e5 opptil 24 %, noe som gj\u00f8r den til en av verdens&#8217;s&#8230; at disse butikkene selger noen av disse unike stammene.<\/p>\n<p>Durban Poison-stammen har f\u00e5tt verdensomspennende appell p\u00e5 grunn av dens behagelige aroma og energigivende, oppl\u00f8ftende effekter. Vennligst bes\u00f8k oss.<\/p>\n<p>Durban Poison Marihuana-stamme kan kj\u00f8pes p\u00e5 nettet. Durban Poison er en afrikansk Sativa Landrace-stamme av cannabis. Utmerket for pasienter som s\u00f8ker en robust cerebral belastning som vil hjelpe i kampen mot stress og tretthet.<\/p>\n<\/p><\/div>\n","protected":false},"featured_media":4954,"comment_status":"open","ping_status":"closed","template":"","meta":[],"product_brand":[],"product_cat":[778],"product_tag":[819,820,824,821,825,823,822,826],"class_list":{"0":"post-4940","1":"product","2":"type-product","3":"status-publish","4":"has-post-thumbnail","6":"product_cat-luke-til-salg","7":"product_tag-beste-durban-gift-fr","8":"product_tag-durban-gift-autoflower","9":"product_tag-durban-gift-fr-sr-afrika","10":"product_tag-durban-gift-kryss","11":"product_tag-durban-gift-veg-tid","12":"product_tag-durban-gift-historie","13":"product_tag-durban-poison-grow","14":"product_tag-er-durban-det-samme-som-durban-gift","16":"first","17":"instock","18":"shipping-taxable","19":"purchasable","20":"product-type-variable","21":"has-default-attributes"},"yoast_head":"<!-- This site is optimized with the Yoast SEO plugin v27.3 - https:\/\/yoast.com\/product\/yoast-seo-wordpress\/ -->\n<title>Kj\u00f8p Durban Poison Marihuana - Beste beste globale medisiner<\/title>\n<meta name=\"description\" content=\"Kj\u00f8p Durban Poison-stamme for salg p\u00e5 nettet, har vunnet popularitet over hele verden for sin s\u00f8te lukt og energiske, oppl\u00f8ftende effekter. Bes\u00f8k oss.\" \/>\n<meta name=\"robots\" content=\"index, follow, max-snippet:-1, max-image-preview:large, max-video-preview:-1\" \/>\n<link rel=\"canonical\" href=\"https:\/\/medicinasinc.com\/no\/product\/kjop-durban-gift-marihuana\/\" \/>\n<meta property=\"og:locale\" content=\"nn_NO\" \/>\n<meta property=\"og:type\" content=\"article\" \/>\n<meta property=\"og:title\" content=\"Kj\u00f8p Durban Poison Marihuana - Beste beste globale medisiner\" \/>\n<meta property=\"og:description\" content=\"Kj\u00f8p Durban Poison-stamme for salg p\u00e5 nettet, har vunnet popularitet over hele verden for sin s\u00f8te lukt og energiske, oppl\u00f8ftende effekter. Bes\u00f8k oss.\" \/>\n<meta property=\"og:url\" content=\"https:\/\/medicinasinc.com\/no\/product\/kjop-durban-gift-marihuana\/\" \/>\n<meta property=\"og:site_name\" content=\"Medicinas Inc\" \/>\n<meta property=\"article:modified_time\" content=\"2022-03-22T01:06:12+00:00\" \/>\n<meta property=\"og:image\" content=\"https:\/\/medicinasinc.com\/no\/wp-content\/uploads\/sites\/14\/2022\/02\/Buy-Durban-Poison-Marijuana.jpg\" \/>\n\t<meta property=\"og:image:width\" content=\"225\" \/>\n\t<meta property=\"og:image:height\" content=\"225\" \/>\n\t<meta property=\"og:image:type\" content=\"image\/jpeg\" \/>\n<meta name=\"twitter:card\" content=\"summary_large_image\" \/>\n<meta name=\"twitter:label1\" content=\"Est. reading time\" \/>\n\t<meta name=\"twitter:data1\" content=\"1 minutt\" \/>\n<script type=\"application\/ld+json\" class=\"yoast-schema-graph\">{\"@context\":\"https:\\\/\\\/schema.org\",\"@graph\":[{\"@type\":\"WebPage\",\"@id\":\"https:\\\/\\\/medicinasinc.com\\\/no\\\/product\\\/kjop-durban-gift-marihuana\\\/\",\"url\":\"https:\\\/\\\/medicinasinc.com\\\/no\\\/product\\\/kjop-durban-gift-marihuana\\\/\",\"name\":\"Kj\u00f8p Durban Poison Marihuana - Beste beste globale medisiner\",\"isPartOf\":{\"@id\":\"https:\\\/\\\/medicinasinc.com\\\/no\\\/#website\"},\"primaryImageOfPage\":{\"@id\":\"https:\\\/\\\/medicinasinc.com\\\/no\\\/product\\\/kjop-durban-gift-marihuana\\\/#primaryimage\"},\"image\":{\"@id\":\"https:\\\/\\\/medicinasinc.com\\\/no\\\/product\\\/kjop-durban-gift-marihuana\\\/#primaryimage\"},\"thumbnailUrl\":\"https:\\\/\\\/medicinasinc.com\\\/no\\\/wp-content\\\/uploads\\\/sites\\\/14\\\/2022\\\/02\\\/Buy-Durban-Poison-Marijuana.jpg\",\"datePublished\":\"2022-02-20T18:04:10+00:00\",\"dateModified\":\"2022-03-22T01:06:12+00:00\",\"description\":\"Kj\u00f8p Durban Poison-stamme for salg p\u00e5 nettet, har vunnet popularitet over hele verden for sin s\u00f8te lukt og energiske, oppl\u00f8ftende effekter. Bes\u00f8k oss.\",\"breadcrumb\":{\"@id\":\"https:\\\/\\\/medicinasinc.com\\\/no\\\/product\\\/kjop-durban-gift-marihuana\\\/#breadcrumb\"},\"inLanguage\":\"nn-NO\",\"potentialAction\":[{\"@type\":\"ReadAction\",\"target\":[\"https:\\\/\\\/medicinasinc.com\\\/no\\\/product\\\/kjop-durban-gift-marihuana\\\/\"]}]},{\"@type\":\"ImageObject\",\"inLanguage\":\"nn-NO\",\"@id\":\"https:\\\/\\\/medicinasinc.com\\\/no\\\/product\\\/kjop-durban-gift-marihuana\\\/#primaryimage\",\"url\":\"https:\\\/\\\/medicinasinc.com\\\/no\\\/wp-content\\\/uploads\\\/sites\\\/14\\\/2022\\\/02\\\/Buy-Durban-Poison-Marijuana.jpg\",\"contentUrl\":\"https:\\\/\\\/medicinasinc.com\\\/no\\\/wp-content\\\/uploads\\\/sites\\\/14\\\/2022\\\/02\\\/Buy-Durban-Poison-Marijuana.jpg\",\"width\":225,\"height\":225},{\"@type\":\"BreadcrumbList\",\"@id\":\"https:\\\/\\\/medicinasinc.com\\\/no\\\/product\\\/kjop-durban-gift-marihuana\\\/#breadcrumb\",\"itemListElement\":[{\"@type\":\"ListItem\",\"position\":1,\"name\":\"Butikk\",\"item\":\"https:\\\/\\\/medicinasinc.com\\\/no\\\/butikk\\\/\"},{\"@type\":\"ListItem\",\"position\":2,\"name\":\"Kj\u00f8p Durban Poison Marihuana\"}]},{\"@type\":\"WebSite\",\"@id\":\"https:\\\/\\\/medicinasinc.com\\\/no\\\/#website\",\"url\":\"https:\\\/\\\/medicinasinc.com\\\/no\\\/\",\"name\":\"Medicinas Inc\",\"description\":\"Helsemedisinsk klinikk\",\"potentialAction\":[{\"@type\":\"SearchAction\",\"target\":{\"@type\":\"EntryPoint\",\"urlTemplate\":\"https:\\\/\\\/medicinasinc.com\\\/no\\\/?s={search_term_string}\"},\"query-input\":{\"@type\":\"PropertyValueSpecification\",\"valueRequired\":true,\"valueName\":\"search_term_string\"}}],\"inLanguage\":\"nn-NO\"}]}<\/script>\n<!-- \/ Yoast SEO plugin. -->","yoast_head_json":{"title":"Kj\u00f8p Durban Poison Marihuana - Beste beste globale medisiner","description":"Kj\u00f8p Durban Poison-stamme for salg p\u00e5 nettet, har vunnet popularitet over hele verden for sin s\u00f8te lukt og energiske, oppl\u00f8ftende effekter. Bes\u00f8k oss.","robots":{"index":"index","follow":"follow","max-snippet":"max-snippet:-1","max-image-preview":"max-image-preview:large","max-video-preview":"max-video-preview:-1"},"canonical":"https:\/\/medicinasinc.com\/no\/product\/kjop-durban-gift-marihuana\/","og_locale":"nn_NO","og_type":"article","og_title":"Kj\u00f8p Durban Poison Marihuana - Beste beste globale medisiner","og_description":"Kj\u00f8p Durban Poison-stamme for salg p\u00e5 nettet, har vunnet popularitet over hele verden for sin s\u00f8te lukt og energiske, oppl\u00f8ftende effekter. Bes\u00f8k oss.","og_url":"https:\/\/medicinasinc.com\/no\/product\/kjop-durban-gift-marihuana\/","og_site_name":"Medicinas Inc","article_modified_time":"2022-03-22T01:06:12+00:00","og_image":[{"width":225,"height":225,"url":"https:\/\/medicinasinc.com\/no\/wp-content\/uploads\/sites\/14\/2022\/02\/Buy-Durban-Poison-Marijuana.jpg","type":"image\/jpeg"}],"twitter_card":"summary_large_image","twitter_misc":{"Est. reading time":"1 minutt"},"schema":{"@context":"https:\/\/schema.org","@graph":[{"@type":"WebPage","@id":"https:\/\/medicinasinc.com\/no\/product\/kjop-durban-gift-marihuana\/","url":"https:\/\/medicinasinc.com\/no\/product\/kjop-durban-gift-marihuana\/","name":"Kj\u00f8p Durban Poison Marihuana - Beste beste globale medisiner","isPartOf":{"@id":"https:\/\/medicinasinc.com\/no\/#website"},"primaryImageOfPage":{"@id":"https:\/\/medicinasinc.com\/no\/product\/kjop-durban-gift-marihuana\/#primaryimage"},"image":{"@id":"https:\/\/medicinasinc.com\/no\/product\/kjop-durban-gift-marihuana\/#primaryimage"},"thumbnailUrl":"https:\/\/medicinasinc.com\/no\/wp-content\/uploads\/sites\/14\/2022\/02\/Buy-Durban-Poison-Marijuana.jpg","datePublished":"2022-02-20T18:04:10+00:00","dateModified":"2022-03-22T01:06:12+00:00","description":"Kj\u00f8p Durban Poison-stamme for salg p\u00e5 nettet, har vunnet popularitet over hele verden for sin s\u00f8te lukt og energiske, oppl\u00f8ftende effekter. Bes\u00f8k oss.","breadcrumb":{"@id":"https:\/\/medicinasinc.com\/no\/product\/kjop-durban-gift-marihuana\/#breadcrumb"},"inLanguage":"nn-NO","potentialAction":[{"@type":"ReadAction","target":["https:\/\/medicinasinc.com\/no\/product\/kjop-durban-gift-marihuana\/"]}]},{"@type":"ImageObject","inLanguage":"nn-NO","@id":"https:\/\/medicinasinc.com\/no\/product\/kjop-durban-gift-marihuana\/#primaryimage","url":"https:\/\/medicinasinc.com\/no\/wp-content\/uploads\/sites\/14\/2022\/02\/Buy-Durban-Poison-Marijuana.jpg","contentUrl":"https:\/\/medicinasinc.com\/no\/wp-content\/uploads\/sites\/14\/2022\/02\/Buy-Durban-Poison-Marijuana.jpg","width":225,"height":225},{"@type":"BreadcrumbList","@id":"https:\/\/medicinasinc.com\/no\/product\/kjop-durban-gift-marihuana\/#breadcrumb","itemListElement":[{"@type":"ListItem","position":1,"name":"Butikk","item":"https:\/\/medicinasinc.com\/no\/butikk\/"},{"@type":"ListItem","position":2,"name":"Kj\u00f8p Durban Poison Marihuana"}]},{"@type":"WebSite","@id":"https:\/\/medicinasinc.com\/no\/#website","url":"https:\/\/medicinasinc.com\/no\/","name":"Medicinas Inc","description":"Helsemedisinsk klinikk","potentialAction":[{"@type":"SearchAction","target":{"@type":"EntryPoint","urlTemplate":"https:\/\/medicinasinc.com\/no\/?s={search_term_string}"},"query-input":{"@type":"PropertyValueSpecification","valueRequired":true,"valueName":"search_term_string"}}],"inLanguage":"nn-NO"}]}},"_links":{"self":[{"href":"https:\/\/medicinasinc.com\/no\/wp-json\/wp\/v2\/product\/4940","targetHints":{"allow":["GET"]}}],"collection":[{"href":"https:\/\/medicinasinc.com\/no\/wp-json\/wp\/v2\/product"}],"about":[{"href":"https:\/\/medicinasinc.com\/no\/wp-json\/wp\/v2\/types\/product"}],"replies":[{"embeddable":true,"href":"https:\/\/medicinasinc.com\/no\/wp-json\/wp\/v2\/comments?post=4940"}],"wp:featuredmedia":[{"embeddable":true,"href":"https:\/\/medicinasinc.com\/no\/wp-json\/wp\/v2\/media\/4954"}],"wp:attachment":[{"href":"https:\/\/medicinasinc.com\/no\/wp-json\/wp\/v2\/media?parent=4940"}],"wp:term":[{"taxonomy":"product_brand","embeddable":true,"href":"https:\/\/medicinasinc.com\/no\/wp-json\/wp\/v2\/product_brand?post=4940"},{"taxonomy":"product_cat","embeddable":true,"href":"https:\/\/medicinasinc.com\/no\/wp-json\/wp\/v2\/product_cat?post=4940"},{"taxonomy":"product_tag","embeddable":true,"href":"https:\/\/medicinasinc.com\/no\/wp-json\/wp\/v2\/product_tag?post=4940"}],"curies":[{"name":"wp","href":"https:\/\/api.w.org\/{rel}","templated":true}]}}