{"id":4928,"date":"2022-02-20T17:53:26","date_gmt":"2022-02-20T17:53:26","guid":{"rendered":"https:\/\/medicinasinc.com\/no\/?post_type=product&#038;p=4928"},"modified":"2022-03-22T01:06:30","modified_gmt":"2022-03-22T01:06:30","slug":"kjop-informasjonskapsler-gelato","status":"publish","type":"product","link":"https:\/\/medicinasinc.com\/no\/product\/kjop-informasjonskapsler-gelato\/","title":{"rendered":"Kj\u00f8p Cookies Gelato"},"content":{"rendered":"<p>Cookies Gelato er avkom av to ber\u00f8mte marihuana-stammer. Hun arvet en vanvittig mengde styrke, en s\u00f8t smak og en utrolig mengde produktivitet. Og Cali Bliss har optimalisert hvert av disse elementene. Dette er n\u00e5 #2, og det har blitt betydelig forbedret. I tillegg brukes 25 % THC i stedet for 23 % THC.<\/p>\n<p>Til \u00e5 begynne med vil vi gjerne gi en kontekst for dyrkerne av denne nydelige Cookies Gelato-stammen. Cali Bliss er et relativt nytt dyrkerteam. Dette er tunge slagere, og det har tatt oss omtrent et og et halvt \u00e5r \u00e5 lagerf\u00f8re noen av stammene deres. Vi har v\u00e6rt s\u00e5 heldige \u00e5 anskaffe tre av dem akkurat n\u00e5. De er viet til autentisk California-genetikk, men med en vri. Visse stammer tar \u00e5r \u00e5 utvikle seg til det punktet hvor disse gutta er forn\u00f8yde.<\/p>\n<p>&laquo;N\u00e5r du bruker mer cannabis, \u00f8ker toleransen din. For nybegynnere skal det ikke mye til for \u00e5 bli steinet. Noen drag fra en svak stamme vil v\u00e6re tilstrekkelig. Etter flere \u00e5r trenger imidlertid erfarne r\u00f8ykere sterkere marihuana for \u00e5 oppn\u00e5 de samme effektene. En av disse stammene er Cookies Gelato. Hun leverer en monstr\u00f8s THC-dose som umiddelbart transporterer sinnet til en endret bevissthetstilstand og opprettholder det i timevis.&raquo;<\/p>\n<p>Cookies Gelatos mektige effekter er et resultat av hennes kraftige foreldrestammer Girl Scout Cookies og Gelato. Denne dynamiske duoen er imidlertid kjent for mer enn sin brutale styrke. Som navnene tilsier, har de begge s\u00f8te og sukkerholdige terpenprofiler. Cookies Gelato legemliggj\u00f8r de beste egenskapene til begge disse legendariske variantene.<\/p>\n<p>Kroppene p\u00e5 denne fyren er sparsomme og p\u00e5 den lille siden (dette er genetisk bestemt \u2013 det er ingen vei utenom det). Ekstra lo og mykhet. Det vil si at selve knoppen har mer luftrom. Dette kan resultere i en raskere forbrenning og en t\u00f8ffere f\u00f8lelse hvis det ikke tas i betraktning. S\u00f8rg derfor ganske enkelt for at den er tett pakket for \u00e5 eliminere luftrom. N\u00e5r du ruller en joint eller r\u00f8yker en bolle, pakk den tett. Dette er stammens natur.<\/p>\n<p>HVA BETYR NUMMER TO?<\/p>\n<p>\u2013 Omfattende effekter (mer raffinert)<\/p>\n<p>\u2013 Forbedret smak (mer raffinert terp-profil) <\/p>\n<p>\u2013 \u00d8kt THC-innhold (pleide \u00e5 v\u00e6re 23 prosent , er n\u00e5 25 prosent )<\/p>\n<p>\u2013 I tillegg bedre herding og trimming<\/p>\n<p>EFFEKTER:<\/p>\n<p>Kreativt, gledelig og euforisk<\/p>\n<p>Medisinsk:<\/p>\n<p>Angst, stress og kronisk smerte<\/p>\n<p>THC:<\/p>\n<p>25 % <\/p>\n<div class=\"product-next-previous\">\n<div class=\"product-prev\"><\/div><\/div>\n","protected":false},"excerpt":{"rendered":"<p>Kj\u00f8p Marihuana Cookies Gelato for salg p\u00e5 nettet. Chem Willie er en Sativa Dominant Hybrid \u2013 70 % Sativa og 30 % Indica. Indika THC: 15 %<\/p>\n","protected":false},"featured_media":4941,"comment_status":"open","ping_status":"closed","template":"","meta":[],"product_brand":[],"product_cat":[778],"product_tag":[804,805,806,808,809,810,807,803],"class_list":{"0":"post-4928","1":"product","2":"type-product","3":"status-publish","4":"has-post-thumbnail","6":"product_cat-luke-til-salg","7":"product_tag-cookies-gelato-41","8":"product_tag-cookies-gelato-flowering-time","9":"product_tag-cookies-gelato-grow-diary","10":"product_tag-gelato-kaker-og-krem","11":"product_tag-gelato-cookies-strain-allbud","12":"product_tag-gelato-cookies-strain-wikileaf","13":"product_tag-informasjonskapsler-gelato-utbytte","14":"product_tag-cookies-gelato-42","16":"first","17":"instock","18":"shipping-taxable","19":"purchasable","20":"product-type-variable","21":"has-default-attributes"},"yoast_head":"<!-- This site is optimized with the Yoast SEO plugin v27.3 - https:\/\/yoast.com\/product\/yoast-seo-wordpress\/ -->\n<title>Kj\u00f8p Cookies Gelato - Cookies Gelato for salg - Beste beste globale medisiner<\/title>\n<meta name=\"description\" content=\"Kj\u00f8p informasjonskapsler Gelato Marihuana for salg p\u00e5 nett. Chem willie er Sativa Dominant Hybrid \u2013 70 % Sativa \/ 30 % Indica THC: 15 %\" \/>\n<meta name=\"robots\" content=\"index, follow, max-snippet:-1, max-image-preview:large, max-video-preview:-1\" \/>\n<link rel=\"canonical\" href=\"https:\/\/medicinasinc.com\/no\/product\/kjop-informasjonskapsler-gelato\/\" \/>\n<meta property=\"og:locale\" content=\"nn_NO\" \/>\n<meta property=\"og:type\" content=\"article\" \/>\n<meta property=\"og:title\" content=\"Kj\u00f8p Cookies Gelato - Cookies Gelato for salg - Beste beste globale medisiner\" \/>\n<meta property=\"og:description\" content=\"Kj\u00f8p informasjonskapsler Gelato Marihuana for salg p\u00e5 nett. Chem willie er Sativa Dominant Hybrid \u2013 70 % Sativa \/ 30 % Indica THC: 15 %\" \/>\n<meta property=\"og:url\" content=\"https:\/\/medicinasinc.com\/no\/product\/kjop-informasjonskapsler-gelato\/\" \/>\n<meta property=\"og:site_name\" content=\"Medicinas Inc\" \/>\n<meta property=\"article:modified_time\" content=\"2022-03-22T01:06:30+00:00\" \/>\n<meta property=\"og:image\" content=\"https:\/\/medicinasinc.com\/no\/wp-content\/uploads\/sites\/14\/2022\/02\/Buy-Cookies-Gelato.jpg\" \/>\n\t<meta property=\"og:image:width\" content=\"420\" \/>\n\t<meta property=\"og:image:height\" content=\"630\" \/>\n\t<meta property=\"og:image:type\" content=\"image\/jpeg\" \/>\n<meta name=\"twitter:card\" content=\"summary_large_image\" \/>\n<meta name=\"twitter:label1\" content=\"Est. reading time\" \/>\n\t<meta name=\"twitter:data1\" content=\"2 minutt\" \/>\n<script type=\"application\/ld+json\" class=\"yoast-schema-graph\">{\"@context\":\"https:\\\/\\\/schema.org\",\"@graph\":[{\"@type\":\"WebPage\",\"@id\":\"https:\\\/\\\/medicinasinc.com\\\/no\\\/product\\\/kjop-informasjonskapsler-gelato\\\/\",\"url\":\"https:\\\/\\\/medicinasinc.com\\\/no\\\/product\\\/kjop-informasjonskapsler-gelato\\\/\",\"name\":\"Kj\u00f8p Cookies Gelato - Cookies Gelato for salg - Beste beste globale medisiner\",\"isPartOf\":{\"@id\":\"https:\\\/\\\/medicinasinc.com\\\/no\\\/#website\"},\"primaryImageOfPage\":{\"@id\":\"https:\\\/\\\/medicinasinc.com\\\/no\\\/product\\\/kjop-informasjonskapsler-gelato\\\/#primaryimage\"},\"image\":{\"@id\":\"https:\\\/\\\/medicinasinc.com\\\/no\\\/product\\\/kjop-informasjonskapsler-gelato\\\/#primaryimage\"},\"thumbnailUrl\":\"https:\\\/\\\/medicinasinc.com\\\/no\\\/wp-content\\\/uploads\\\/sites\\\/14\\\/2022\\\/02\\\/Buy-Cookies-Gelato.jpg\",\"datePublished\":\"2022-02-20T17:53:26+00:00\",\"dateModified\":\"2022-03-22T01:06:30+00:00\",\"description\":\"Kj\u00f8p informasjonskapsler Gelato Marihuana for salg p\u00e5 nett. Chem willie er Sativa Dominant Hybrid \u2013 70 % Sativa \\\/ 30 % Indica THC: 15 %\",\"breadcrumb\":{\"@id\":\"https:\\\/\\\/medicinasinc.com\\\/no\\\/product\\\/kjop-informasjonskapsler-gelato\\\/#breadcrumb\"},\"inLanguage\":\"nn-NO\",\"potentialAction\":[{\"@type\":\"ReadAction\",\"target\":[\"https:\\\/\\\/medicinasinc.com\\\/no\\\/product\\\/kjop-informasjonskapsler-gelato\\\/\"]}]},{\"@type\":\"ImageObject\",\"inLanguage\":\"nn-NO\",\"@id\":\"https:\\\/\\\/medicinasinc.com\\\/no\\\/product\\\/kjop-informasjonskapsler-gelato\\\/#primaryimage\",\"url\":\"https:\\\/\\\/medicinasinc.com\\\/no\\\/wp-content\\\/uploads\\\/sites\\\/14\\\/2022\\\/02\\\/Buy-Cookies-Gelato.jpg\",\"contentUrl\":\"https:\\\/\\\/medicinasinc.com\\\/no\\\/wp-content\\\/uploads\\\/sites\\\/14\\\/2022\\\/02\\\/Buy-Cookies-Gelato.jpg\",\"width\":420,\"height\":630},{\"@type\":\"BreadcrumbList\",\"@id\":\"https:\\\/\\\/medicinasinc.com\\\/no\\\/product\\\/kjop-informasjonskapsler-gelato\\\/#breadcrumb\",\"itemListElement\":[{\"@type\":\"ListItem\",\"position\":1,\"name\":\"Butikk\",\"item\":\"https:\\\/\\\/medicinasinc.com\\\/no\\\/butikk\\\/\"},{\"@type\":\"ListItem\",\"position\":2,\"name\":\"Kj\u00f8p Cookies Gelato\"}]},{\"@type\":\"WebSite\",\"@id\":\"https:\\\/\\\/medicinasinc.com\\\/no\\\/#website\",\"url\":\"https:\\\/\\\/medicinasinc.com\\\/no\\\/\",\"name\":\"Medicinas Inc\",\"description\":\"Helsemedisinsk klinikk\",\"potentialAction\":[{\"@type\":\"SearchAction\",\"target\":{\"@type\":\"EntryPoint\",\"urlTemplate\":\"https:\\\/\\\/medicinasinc.com\\\/no\\\/?s={search_term_string}\"},\"query-input\":{\"@type\":\"PropertyValueSpecification\",\"valueRequired\":true,\"valueName\":\"search_term_string\"}}],\"inLanguage\":\"nn-NO\"}]}<\/script>\n<!-- \/ Yoast SEO plugin. -->","yoast_head_json":{"title":"Kj\u00f8p Cookies Gelato - Cookies Gelato for salg - Beste beste globale medisiner","description":"Kj\u00f8p informasjonskapsler Gelato Marihuana for salg p\u00e5 nett. Chem willie er Sativa Dominant Hybrid \u2013 70 % Sativa \/ 30 % Indica THC: 15 %","robots":{"index":"index","follow":"follow","max-snippet":"max-snippet:-1","max-image-preview":"max-image-preview:large","max-video-preview":"max-video-preview:-1"},"canonical":"https:\/\/medicinasinc.com\/no\/product\/kjop-informasjonskapsler-gelato\/","og_locale":"nn_NO","og_type":"article","og_title":"Kj\u00f8p Cookies Gelato - Cookies Gelato for salg - Beste beste globale medisiner","og_description":"Kj\u00f8p informasjonskapsler Gelato Marihuana for salg p\u00e5 nett. Chem willie er Sativa Dominant Hybrid \u2013 70 % Sativa \/ 30 % Indica THC: 15 %","og_url":"https:\/\/medicinasinc.com\/no\/product\/kjop-informasjonskapsler-gelato\/","og_site_name":"Medicinas Inc","article_modified_time":"2022-03-22T01:06:30+00:00","og_image":[{"width":420,"height":630,"url":"https:\/\/medicinasinc.com\/no\/wp-content\/uploads\/sites\/14\/2022\/02\/Buy-Cookies-Gelato.jpg","type":"image\/jpeg"}],"twitter_card":"summary_large_image","twitter_misc":{"Est. reading time":"2 minutt"},"schema":{"@context":"https:\/\/schema.org","@graph":[{"@type":"WebPage","@id":"https:\/\/medicinasinc.com\/no\/product\/kjop-informasjonskapsler-gelato\/","url":"https:\/\/medicinasinc.com\/no\/product\/kjop-informasjonskapsler-gelato\/","name":"Kj\u00f8p Cookies Gelato - Cookies Gelato for salg - Beste beste globale medisiner","isPartOf":{"@id":"https:\/\/medicinasinc.com\/no\/#website"},"primaryImageOfPage":{"@id":"https:\/\/medicinasinc.com\/no\/product\/kjop-informasjonskapsler-gelato\/#primaryimage"},"image":{"@id":"https:\/\/medicinasinc.com\/no\/product\/kjop-informasjonskapsler-gelato\/#primaryimage"},"thumbnailUrl":"https:\/\/medicinasinc.com\/no\/wp-content\/uploads\/sites\/14\/2022\/02\/Buy-Cookies-Gelato.jpg","datePublished":"2022-02-20T17:53:26+00:00","dateModified":"2022-03-22T01:06:30+00:00","description":"Kj\u00f8p informasjonskapsler Gelato Marihuana for salg p\u00e5 nett. Chem willie er Sativa Dominant Hybrid \u2013 70 % Sativa \/ 30 % Indica THC: 15 %","breadcrumb":{"@id":"https:\/\/medicinasinc.com\/no\/product\/kjop-informasjonskapsler-gelato\/#breadcrumb"},"inLanguage":"nn-NO","potentialAction":[{"@type":"ReadAction","target":["https:\/\/medicinasinc.com\/no\/product\/kjop-informasjonskapsler-gelato\/"]}]},{"@type":"ImageObject","inLanguage":"nn-NO","@id":"https:\/\/medicinasinc.com\/no\/product\/kjop-informasjonskapsler-gelato\/#primaryimage","url":"https:\/\/medicinasinc.com\/no\/wp-content\/uploads\/sites\/14\/2022\/02\/Buy-Cookies-Gelato.jpg","contentUrl":"https:\/\/medicinasinc.com\/no\/wp-content\/uploads\/sites\/14\/2022\/02\/Buy-Cookies-Gelato.jpg","width":420,"height":630},{"@type":"BreadcrumbList","@id":"https:\/\/medicinasinc.com\/no\/product\/kjop-informasjonskapsler-gelato\/#breadcrumb","itemListElement":[{"@type":"ListItem","position":1,"name":"Butikk","item":"https:\/\/medicinasinc.com\/no\/butikk\/"},{"@type":"ListItem","position":2,"name":"Kj\u00f8p Cookies Gelato"}]},{"@type":"WebSite","@id":"https:\/\/medicinasinc.com\/no\/#website","url":"https:\/\/medicinasinc.com\/no\/","name":"Medicinas Inc","description":"Helsemedisinsk klinikk","potentialAction":[{"@type":"SearchAction","target":{"@type":"EntryPoint","urlTemplate":"https:\/\/medicinasinc.com\/no\/?s={search_term_string}"},"query-input":{"@type":"PropertyValueSpecification","valueRequired":true,"valueName":"search_term_string"}}],"inLanguage":"nn-NO"}]}},"_links":{"self":[{"href":"https:\/\/medicinasinc.com\/no\/wp-json\/wp\/v2\/product\/4928","targetHints":{"allow":["GET"]}}],"collection":[{"href":"https:\/\/medicinasinc.com\/no\/wp-json\/wp\/v2\/product"}],"about":[{"href":"https:\/\/medicinasinc.com\/no\/wp-json\/wp\/v2\/types\/product"}],"replies":[{"embeddable":true,"href":"https:\/\/medicinasinc.com\/no\/wp-json\/wp\/v2\/comments?post=4928"}],"wp:featuredmedia":[{"embeddable":true,"href":"https:\/\/medicinasinc.com\/no\/wp-json\/wp\/v2\/media\/4941"}],"wp:attachment":[{"href":"https:\/\/medicinasinc.com\/no\/wp-json\/wp\/v2\/media?parent=4928"}],"wp:term":[{"taxonomy":"product_brand","embeddable":true,"href":"https:\/\/medicinasinc.com\/no\/wp-json\/wp\/v2\/product_brand?post=4928"},{"taxonomy":"product_cat","embeddable":true,"href":"https:\/\/medicinasinc.com\/no\/wp-json\/wp\/v2\/product_cat?post=4928"},{"taxonomy":"product_tag","embeddable":true,"href":"https:\/\/medicinasinc.com\/no\/wp-json\/wp\/v2\/product_tag?post=4928"}],"curies":[{"name":"wp","href":"https:\/\/api.w.org\/{rel}","templated":true}]}}