{"id":4908,"date":"2022-02-20T17:37:57","date_gmt":"2022-02-20T17:37:57","guid":{"rendered":"https:\/\/medicinasinc.com\/no\/?post_type=product&#038;p=4908"},"modified":"2022-03-22T01:07:11","modified_gmt":"2022-03-22T01:07:11","slug":"kjop-trippel-g-stamme","status":"publish","type":"product","link":"https:\/\/medicinasinc.com\/no\/product\/kjop-trippel-g-stamme\/","title":{"rendered":"Kj\u00f8p Triple G Strain"},"content":{"rendered":"<p>Ang\u00e5ende denne hybridstammen<\/p>\n<p>Triple G, ogs\u00e5 kjent som Ghost OG, produserer knopper som er velduftende, tropiske, men litt skunky, med friske, jordn\u00e6re undertoner. P\u00e5 grunn av sin indica-dominans kan noen knopper ha dype og fristende lilla nyanser. N\u00e5r den r\u00f8ykes eller fordampes, lener smaken seg mot en s\u00f8t, men lime-lignende smak.<\/p>\n<p>THC-niv\u00e5er varierer vanligvis mellom lavt og midten av tjue\u00e5rene, og mange anmeldere skryter av denne stammens potensiale for kjedelige smerter forbundet med en rekke forskjellige av tilstander og symptomer, inkludert ubehag i ryggraden.<\/p>\n<p>I tillegg har fans av Triple G uttalt at det er en utmerket belastning for \u00e5 roe nerver, lindre psykologisk stress og la sinnet hvile fra angrepet av tanker som hold oss \u200b\u200bv\u00e5kne om natten.<\/p>\n<p>Denne indica-dominante stammen kan indusere sult eller sedasjon, s\u00e5 ha noen sunne snacks for h\u00e5nden og et komfortabelt sted \u00e5 slappe av eller sove i n\u00e6rheten.<\/p>\n<p>Kj\u00f8p Blue Dream Sativa AA med gratis frakt til alle steder i CEurope. BudStars er verdens #1 rangerte marihuanabutikk p\u00e5 nett. F\u00e5 betydelige rabatter p\u00e5 ditt f\u00f8rste kj\u00f8p.<\/p>\n<p>Blue Dream Sativa-stamme kan kj\u00f8pes p\u00e5 nettet.<\/p>\n<p>Du kan kj\u00f8pe marihuana p\u00e5 nettet med eller uten medisinsk marihuana-kort. Marihuana via postordre.<\/p>\n","protected":false},"excerpt":{"rendered":"<p>Kj\u00f8p Triple G-stamme for salg er en hybrid og en krysning mellom to legendariske stammer i cannabissamfunnet: Gorilla Glue og Gelato.<\/p>\n<table>\n<caption>Cannabinoid Lab Data<\/caption>\n<thead>\n<tr>\n<th>Cannabinoid<\/th>\n<th>Bel\u00f8p<\/th>\n<\/tr>\n<\/thead>\n<tbody>\n<tr>\n<td>THC:<\/td>\n<td>21,69 %<\/td>\n<\/tr>\n<tr>\n<td>\u03949-THC:<\/td>\n<td>1,04 %<\/td>\n<\/tr>\n<tr>\n<td>THC-A:<\/td>\n<td>23,54 % <\/td>\n<\/tr>\n<\/tbody>\n<\/table>\n<p>&nbsp;<\/p>\n<table>\n<caption>Terpen Lab Data<\/caption>\n<thead>\n<tr>\n<th>Terpene<\/caption>\n<p> th&gt; <\/p>\n<th>Bel\u00f8p<\/th>\n<\/tr>\n<\/thead>\n<tbody>\n<tr>\n<td>Limonen:<\/td>\n<td>0,68 %<\/td>\n<\/tr>\n<tr>\n<td>Beta Caryophyllene:<\/td>\n<td>0,27 %<\/td>\n<\/tr>\n<tr>\n<td>Beta Myrcene:<\/td>\n<td>0,22 %<\/td>\n<\/tr>\n<\/tbody>\n<\/table>\n","protected":false},"featured_media":4922,"comment_status":"open","ping_status":"closed","template":"","meta":[],"product_brand":[],"product_cat":[778],"product_tag":[787,788,789,792,793,791,790,794],"class_list":{"0":"post-4908","1":"product","2":"type-product","3":"status-publish","4":"has-post-thumbnail","6":"product_cat-luke-til-salg","7":"product_tag-ggg-strain","8":"product_tag-hulkberry-stamme","9":"product_tag-la-patron-stamme-blad","10":"product_tag-triple-g-strain-flowering-time","11":"product_tag-triple-g-strain-leafly","12":"product_tag-trippel-g-stamme-allbud","13":"product_tag-trippel-g-vekst-dagbok","14":"product_tag-trippel-g-stamme-nr-meg","16":"first","17":"instock","18":"shipping-taxable","19":"purchasable","20":"product-type-variable","21":"has-default-attributes"},"yoast_head":"<!-- This site is optimized with the Yoast SEO plugin v27.3 - https:\/\/yoast.com\/product\/yoast-seo-wordpress\/ -->\n<title>Kj\u00f8p Triple G-stamme - Best Best Global Meds<\/title>\n<meta name=\"description\" content=\"Kj\u00f8p Triple G-stamme for salg er en hybrid og en krysning mellom to kraftsenterstammer som har blitt kjente navn i cannabismilj\u00f8et: Gorilla Glue og Gelato.\" \/>\n<meta name=\"robots\" content=\"index, follow, max-snippet:-1, max-image-preview:large, max-video-preview:-1\" \/>\n<link rel=\"canonical\" href=\"https:\/\/medicinasinc.com\/no\/product\/kjop-trippel-g-stamme\/\" \/>\n<meta property=\"og:locale\" content=\"nn_NO\" \/>\n<meta property=\"og:type\" content=\"article\" \/>\n<meta property=\"og:title\" content=\"Kj\u00f8p Triple G-stamme - Best Best Global Meds\" \/>\n<meta property=\"og:description\" content=\"Kj\u00f8p Triple G-stamme for salg er en hybrid og en krysning mellom to kraftsenterstammer som har blitt kjente navn i cannabismilj\u00f8et: Gorilla Glue og Gelato.\" \/>\n<meta property=\"og:url\" content=\"https:\/\/medicinasinc.com\/no\/product\/kjop-trippel-g-stamme\/\" \/>\n<meta property=\"og:site_name\" content=\"Medicinas Inc\" \/>\n<meta property=\"article:modified_time\" content=\"2022-03-22T01:07:11+00:00\" \/>\n<meta property=\"og:image\" content=\"https:\/\/medicinasinc.com\/no\/wp-content\/uploads\/sites\/14\/2022\/02\/Buy-Triple-G-Strain-1.jpg\" \/>\n\t<meta property=\"og:image:width\" content=\"800\" \/>\n\t<meta property=\"og:image:height\" content=\"800\" \/>\n\t<meta property=\"og:image:type\" content=\"image\/jpeg\" \/>\n<meta name=\"twitter:card\" content=\"summary_large_image\" \/>\n<meta name=\"twitter:label1\" content=\"Est. reading time\" \/>\n\t<meta name=\"twitter:data1\" content=\"1 minutt\" \/>\n<script type=\"application\/ld+json\" class=\"yoast-schema-graph\">{\"@context\":\"https:\\\/\\\/schema.org\",\"@graph\":[{\"@type\":\"WebPage\",\"@id\":\"https:\\\/\\\/medicinasinc.com\\\/no\\\/product\\\/kjop-trippel-g-stamme\\\/\",\"url\":\"https:\\\/\\\/medicinasinc.com\\\/no\\\/product\\\/kjop-trippel-g-stamme\\\/\",\"name\":\"Kj\u00f8p Triple G-stamme - Best Best Global Meds\",\"isPartOf\":{\"@id\":\"https:\\\/\\\/medicinasinc.com\\\/no\\\/#website\"},\"primaryImageOfPage\":{\"@id\":\"https:\\\/\\\/medicinasinc.com\\\/no\\\/product\\\/kjop-trippel-g-stamme\\\/#primaryimage\"},\"image\":{\"@id\":\"https:\\\/\\\/medicinasinc.com\\\/no\\\/product\\\/kjop-trippel-g-stamme\\\/#primaryimage\"},\"thumbnailUrl\":\"https:\\\/\\\/medicinasinc.com\\\/no\\\/wp-content\\\/uploads\\\/sites\\\/14\\\/2022\\\/02\\\/Buy-Triple-G-Strain-1.jpg\",\"datePublished\":\"2022-02-20T17:37:57+00:00\",\"dateModified\":\"2022-03-22T01:07:11+00:00\",\"description\":\"Kj\u00f8p Triple G-stamme for salg er en hybrid og en krysning mellom to kraftsenterstammer som har blitt kjente navn i cannabismilj\u00f8et: Gorilla Glue og Gelato.\",\"breadcrumb\":{\"@id\":\"https:\\\/\\\/medicinasinc.com\\\/no\\\/product\\\/kjop-trippel-g-stamme\\\/#breadcrumb\"},\"inLanguage\":\"nn-NO\",\"potentialAction\":[{\"@type\":\"ReadAction\",\"target\":[\"https:\\\/\\\/medicinasinc.com\\\/no\\\/product\\\/kjop-trippel-g-stamme\\\/\"]}]},{\"@type\":\"ImageObject\",\"inLanguage\":\"nn-NO\",\"@id\":\"https:\\\/\\\/medicinasinc.com\\\/no\\\/product\\\/kjop-trippel-g-stamme\\\/#primaryimage\",\"url\":\"https:\\\/\\\/medicinasinc.com\\\/no\\\/wp-content\\\/uploads\\\/sites\\\/14\\\/2022\\\/02\\\/Buy-Triple-G-Strain-1.jpg\",\"contentUrl\":\"https:\\\/\\\/medicinasinc.com\\\/no\\\/wp-content\\\/uploads\\\/sites\\\/14\\\/2022\\\/02\\\/Buy-Triple-G-Strain-1.jpg\",\"width\":800,\"height\":800},{\"@type\":\"BreadcrumbList\",\"@id\":\"https:\\\/\\\/medicinasinc.com\\\/no\\\/product\\\/kjop-trippel-g-stamme\\\/#breadcrumb\",\"itemListElement\":[{\"@type\":\"ListItem\",\"position\":1,\"name\":\"Butikk\",\"item\":\"https:\\\/\\\/medicinasinc.com\\\/no\\\/butikk\\\/\"},{\"@type\":\"ListItem\",\"position\":2,\"name\":\"Kj\u00f8p Triple G Strain\"}]},{\"@type\":\"WebSite\",\"@id\":\"https:\\\/\\\/medicinasinc.com\\\/no\\\/#website\",\"url\":\"https:\\\/\\\/medicinasinc.com\\\/no\\\/\",\"name\":\"Medicinas Inc\",\"description\":\"Helsemedisinsk klinikk\",\"potentialAction\":[{\"@type\":\"SearchAction\",\"target\":{\"@type\":\"EntryPoint\",\"urlTemplate\":\"https:\\\/\\\/medicinasinc.com\\\/no\\\/?s={search_term_string}\"},\"query-input\":{\"@type\":\"PropertyValueSpecification\",\"valueRequired\":true,\"valueName\":\"search_term_string\"}}],\"inLanguage\":\"nn-NO\"}]}<\/script>\n<!-- \/ Yoast SEO plugin. -->","yoast_head_json":{"title":"Kj\u00f8p Triple G-stamme - Best Best Global Meds","description":"Kj\u00f8p Triple G-stamme for salg er en hybrid og en krysning mellom to kraftsenterstammer som har blitt kjente navn i cannabismilj\u00f8et: Gorilla Glue og Gelato.","robots":{"index":"index","follow":"follow","max-snippet":"max-snippet:-1","max-image-preview":"max-image-preview:large","max-video-preview":"max-video-preview:-1"},"canonical":"https:\/\/medicinasinc.com\/no\/product\/kjop-trippel-g-stamme\/","og_locale":"nn_NO","og_type":"article","og_title":"Kj\u00f8p Triple G-stamme - Best Best Global Meds","og_description":"Kj\u00f8p Triple G-stamme for salg er en hybrid og en krysning mellom to kraftsenterstammer som har blitt kjente navn i cannabismilj\u00f8et: Gorilla Glue og Gelato.","og_url":"https:\/\/medicinasinc.com\/no\/product\/kjop-trippel-g-stamme\/","og_site_name":"Medicinas Inc","article_modified_time":"2022-03-22T01:07:11+00:00","og_image":[{"width":800,"height":800,"url":"https:\/\/medicinasinc.com\/no\/wp-content\/uploads\/sites\/14\/2022\/02\/Buy-Triple-G-Strain-1.jpg","type":"image\/jpeg"}],"twitter_card":"summary_large_image","twitter_misc":{"Est. reading time":"1 minutt"},"schema":{"@context":"https:\/\/schema.org","@graph":[{"@type":"WebPage","@id":"https:\/\/medicinasinc.com\/no\/product\/kjop-trippel-g-stamme\/","url":"https:\/\/medicinasinc.com\/no\/product\/kjop-trippel-g-stamme\/","name":"Kj\u00f8p Triple G-stamme - Best Best Global Meds","isPartOf":{"@id":"https:\/\/medicinasinc.com\/no\/#website"},"primaryImageOfPage":{"@id":"https:\/\/medicinasinc.com\/no\/product\/kjop-trippel-g-stamme\/#primaryimage"},"image":{"@id":"https:\/\/medicinasinc.com\/no\/product\/kjop-trippel-g-stamme\/#primaryimage"},"thumbnailUrl":"https:\/\/medicinasinc.com\/no\/wp-content\/uploads\/sites\/14\/2022\/02\/Buy-Triple-G-Strain-1.jpg","datePublished":"2022-02-20T17:37:57+00:00","dateModified":"2022-03-22T01:07:11+00:00","description":"Kj\u00f8p Triple G-stamme for salg er en hybrid og en krysning mellom to kraftsenterstammer som har blitt kjente navn i cannabismilj\u00f8et: Gorilla Glue og Gelato.","breadcrumb":{"@id":"https:\/\/medicinasinc.com\/no\/product\/kjop-trippel-g-stamme\/#breadcrumb"},"inLanguage":"nn-NO","potentialAction":[{"@type":"ReadAction","target":["https:\/\/medicinasinc.com\/no\/product\/kjop-trippel-g-stamme\/"]}]},{"@type":"ImageObject","inLanguage":"nn-NO","@id":"https:\/\/medicinasinc.com\/no\/product\/kjop-trippel-g-stamme\/#primaryimage","url":"https:\/\/medicinasinc.com\/no\/wp-content\/uploads\/sites\/14\/2022\/02\/Buy-Triple-G-Strain-1.jpg","contentUrl":"https:\/\/medicinasinc.com\/no\/wp-content\/uploads\/sites\/14\/2022\/02\/Buy-Triple-G-Strain-1.jpg","width":800,"height":800},{"@type":"BreadcrumbList","@id":"https:\/\/medicinasinc.com\/no\/product\/kjop-trippel-g-stamme\/#breadcrumb","itemListElement":[{"@type":"ListItem","position":1,"name":"Butikk","item":"https:\/\/medicinasinc.com\/no\/butikk\/"},{"@type":"ListItem","position":2,"name":"Kj\u00f8p Triple G Strain"}]},{"@type":"WebSite","@id":"https:\/\/medicinasinc.com\/no\/#website","url":"https:\/\/medicinasinc.com\/no\/","name":"Medicinas Inc","description":"Helsemedisinsk klinikk","potentialAction":[{"@type":"SearchAction","target":{"@type":"EntryPoint","urlTemplate":"https:\/\/medicinasinc.com\/no\/?s={search_term_string}"},"query-input":{"@type":"PropertyValueSpecification","valueRequired":true,"valueName":"search_term_string"}}],"inLanguage":"nn-NO"}]}},"_links":{"self":[{"href":"https:\/\/medicinasinc.com\/no\/wp-json\/wp\/v2\/product\/4908","targetHints":{"allow":["GET"]}}],"collection":[{"href":"https:\/\/medicinasinc.com\/no\/wp-json\/wp\/v2\/product"}],"about":[{"href":"https:\/\/medicinasinc.com\/no\/wp-json\/wp\/v2\/types\/product"}],"replies":[{"embeddable":true,"href":"https:\/\/medicinasinc.com\/no\/wp-json\/wp\/v2\/comments?post=4908"}],"wp:featuredmedia":[{"embeddable":true,"href":"https:\/\/medicinasinc.com\/no\/wp-json\/wp\/v2\/media\/4922"}],"wp:attachment":[{"href":"https:\/\/medicinasinc.com\/no\/wp-json\/wp\/v2\/media?parent=4908"}],"wp:term":[{"taxonomy":"product_brand","embeddable":true,"href":"https:\/\/medicinasinc.com\/no\/wp-json\/wp\/v2\/product_brand?post=4908"},{"taxonomy":"product_cat","embeddable":true,"href":"https:\/\/medicinasinc.com\/no\/wp-json\/wp\/v2\/product_cat?post=4908"},{"taxonomy":"product_tag","embeddable":true,"href":"https:\/\/medicinasinc.com\/no\/wp-json\/wp\/v2\/product_tag?post=4908"}],"curies":[{"name":"wp","href":"https:\/\/api.w.org\/{rel}","templated":true}]}}