{"id":4895,"date":"2022-02-20T17:27:17","date_gmt":"2022-02-20T17:27:17","guid":{"rendered":"https:\/\/medicinasinc.com\/no\/?post_type=product&#038;p=4895"},"modified":"2022-03-22T01:07:39","modified_gmt":"2022-03-22T01:07:39","slug":"kjop-ak-47-marihuana","status":"publish","type":"product","link":"https:\/\/medicinasinc.com\/no\/product\/kjop-ak-47-marihuana\/","title":{"rendered":"Kj\u00f8p AK-47 Marihuana"},"content":{"rendered":"<p><strong>Kj\u00f8p AK-47 Marijuana Sativa-stamme p\u00e5 nettet.<\/strong><\/p>\n<p><strong>Kj\u00f8p p\u00e5 nett av AK-47 Marijuana Sativa-stamme.<\/strong><\/p>\n<p> AK-47 Marihuana er en Sativa Dominant Hybrid \u2013 65 % Sativa og 35 % Indica. Indica<br \/> THC-innhold varierer mellom 13 % og 20 %, CBD-innhold er 1 %, og CBN-innhold er 1 %.<\/p>\n<p>Kreative, energigivende, euforiske og glade smaker kan lindre bipolar lidelse, kronisk Smerte, depresjon, hodepine, s\u00f8vnl\u00f8shet, tap av appetitt, migrene, PTSD og stress<br \/> Aromaer av skunk, s\u00f8thet og tre<br \/> Stigende, skunky, sur og krydret<\/p>\n","protected":false},"excerpt":{"rendered":"<p>Kj\u00f8p AK-47 Marijuana Sativa-stamme for salg online i Storbritannia og Europa. KJ\u00d8P WEED ONLINE AUSTRALIA<\/p>\n<p>&nbsp;<\/p>\n","protected":false},"featured_media":4909,"comment_status":"open","ping_status":"closed","template":"","meta":[],"product_brand":[],"product_cat":[778],"product_tag":[782,780,779,781,784,783,785,786],"class_list":{"0":"post-4895","1":"product","2":"type-product","3":"status-publish","4":"has-post-thumbnail","6":"product_cat-luke-til-salg","7":"product_tag-ak-47-belastning-for-angst","8":"product_tag-ak-47-fr-feminisert-uk","9":"product_tag-ak-47-runtz-stamme","10":"product_tag-ak-47-strain-effekter","11":"product_tag-ak-47-stamme-lukt","12":"product_tag-ak-47-stamme-pris","13":"product_tag-kirseb-c3-a6r-ak-47-fr-c3-b8","14":"product_tag-seris-fr-ak-47-anmeldelse","16":"first","17":"instock","18":"shipping-taxable","19":"purchasable","20":"product-type-variable","21":"has-default-attributes"},"yoast_head":"<!-- This site is optimized with the Yoast SEO plugin v27.3 - https:\/\/yoast.com\/product\/yoast-seo-wordpress\/ -->\n<title>Kj\u00f8p AK-47 Marihuana - Best Global Meds<\/title>\n<meta name=\"description\" content=\"Kj\u00f8p AK-47 Marihuana Sativa-stamme for salg online Storbritannia, Europa. KJ\u00d8P WEED ONLINE AUSTRALIA kj\u00f8p marihuana online Australia , Australia weed for salg.\" \/>\n<meta name=\"robots\" content=\"index, follow, max-snippet:-1, max-image-preview:large, max-video-preview:-1\" \/>\n<link rel=\"canonical\" href=\"https:\/\/medicinasinc.com\/no\/product\/kjop-ak-47-marihuana\/\" \/>\n<meta property=\"og:locale\" content=\"nn_NO\" \/>\n<meta property=\"og:type\" content=\"article\" \/>\n<meta property=\"og:title\" content=\"Kj\u00f8p AK-47 Marihuana - Best Global Meds\" \/>\n<meta property=\"og:description\" content=\"Kj\u00f8p AK-47 Marihuana Sativa-stamme for salg online Storbritannia, Europa. KJ\u00d8P WEED ONLINE AUSTRALIA kj\u00f8p marihuana online Australia , Australia weed for salg.\" \/>\n<meta property=\"og:url\" content=\"https:\/\/medicinasinc.com\/no\/product\/kjop-ak-47-marihuana\/\" \/>\n<meta property=\"og:site_name\" content=\"Medicinas Inc\" \/>\n<meta property=\"article:modified_time\" content=\"2022-03-22T01:07:39+00:00\" \/>\n<meta property=\"og:image\" content=\"https:\/\/medicinasinc.com\/no\/wp-content\/uploads\/sites\/14\/2022\/02\/Buy-AK-47-Marijuana.jpeg\" \/>\n\t<meta property=\"og:image:width\" content=\"1242\" \/>\n\t<meta property=\"og:image:height\" content=\"1051\" \/>\n\t<meta property=\"og:image:type\" content=\"image\/jpeg\" \/>\n<meta name=\"twitter:card\" content=\"summary_large_image\" \/>\n<meta name=\"twitter:label1\" content=\"Est. reading time\" \/>\n\t<meta name=\"twitter:data1\" content=\"1 minutt\" \/>\n<script type=\"application\/ld+json\" class=\"yoast-schema-graph\">{\"@context\":\"https:\\\/\\\/schema.org\",\"@graph\":[{\"@type\":\"WebPage\",\"@id\":\"https:\\\/\\\/medicinasinc.com\\\/no\\\/product\\\/kjop-ak-47-marihuana\\\/\",\"url\":\"https:\\\/\\\/medicinasinc.com\\\/no\\\/product\\\/kjop-ak-47-marihuana\\\/\",\"name\":\"Kj\u00f8p AK-47 Marihuana - Best Global Meds\",\"isPartOf\":{\"@id\":\"https:\\\/\\\/medicinasinc.com\\\/no\\\/#website\"},\"primaryImageOfPage\":{\"@id\":\"https:\\\/\\\/medicinasinc.com\\\/no\\\/product\\\/kjop-ak-47-marihuana\\\/#primaryimage\"},\"image\":{\"@id\":\"https:\\\/\\\/medicinasinc.com\\\/no\\\/product\\\/kjop-ak-47-marihuana\\\/#primaryimage\"},\"thumbnailUrl\":\"https:\\\/\\\/medicinasinc.com\\\/no\\\/wp-content\\\/uploads\\\/sites\\\/14\\\/2022\\\/02\\\/Buy-AK-47-Marijuana.jpeg\",\"datePublished\":\"2022-02-20T17:27:17+00:00\",\"dateModified\":\"2022-03-22T01:07:39+00:00\",\"description\":\"Kj\u00f8p AK-47 Marihuana Sativa-stamme for salg online Storbritannia, Europa. KJ\u00d8P WEED ONLINE AUSTRALIA kj\u00f8p marihuana online Australia , Australia weed for salg.\",\"breadcrumb\":{\"@id\":\"https:\\\/\\\/medicinasinc.com\\\/no\\\/product\\\/kjop-ak-47-marihuana\\\/#breadcrumb\"},\"inLanguage\":\"nn-NO\",\"potentialAction\":[{\"@type\":\"ReadAction\",\"target\":[\"https:\\\/\\\/medicinasinc.com\\\/no\\\/product\\\/kjop-ak-47-marihuana\\\/\"]}]},{\"@type\":\"ImageObject\",\"inLanguage\":\"nn-NO\",\"@id\":\"https:\\\/\\\/medicinasinc.com\\\/no\\\/product\\\/kjop-ak-47-marihuana\\\/#primaryimage\",\"url\":\"https:\\\/\\\/medicinasinc.com\\\/no\\\/wp-content\\\/uploads\\\/sites\\\/14\\\/2022\\\/02\\\/Buy-AK-47-Marijuana.jpeg\",\"contentUrl\":\"https:\\\/\\\/medicinasinc.com\\\/no\\\/wp-content\\\/uploads\\\/sites\\\/14\\\/2022\\\/02\\\/Buy-AK-47-Marijuana.jpeg\",\"width\":1242,\"height\":1051},{\"@type\":\"BreadcrumbList\",\"@id\":\"https:\\\/\\\/medicinasinc.com\\\/no\\\/product\\\/kjop-ak-47-marihuana\\\/#breadcrumb\",\"itemListElement\":[{\"@type\":\"ListItem\",\"position\":1,\"name\":\"Butikk\",\"item\":\"https:\\\/\\\/medicinasinc.com\\\/no\\\/butikk\\\/\"},{\"@type\":\"ListItem\",\"position\":2,\"name\":\"Kj\u00f8p AK-47 Marihuana\"}]},{\"@type\":\"WebSite\",\"@id\":\"https:\\\/\\\/medicinasinc.com\\\/no\\\/#website\",\"url\":\"https:\\\/\\\/medicinasinc.com\\\/no\\\/\",\"name\":\"Medicinas Inc\",\"description\":\"Helsemedisinsk klinikk\",\"potentialAction\":[{\"@type\":\"SearchAction\",\"target\":{\"@type\":\"EntryPoint\",\"urlTemplate\":\"https:\\\/\\\/medicinasinc.com\\\/no\\\/?s={search_term_string}\"},\"query-input\":{\"@type\":\"PropertyValueSpecification\",\"valueRequired\":true,\"valueName\":\"search_term_string\"}}],\"inLanguage\":\"nn-NO\"}]}<\/script>\n<!-- \/ Yoast SEO plugin. -->","yoast_head_json":{"title":"Kj\u00f8p AK-47 Marihuana - Best Global Meds","description":"Kj\u00f8p AK-47 Marihuana Sativa-stamme for salg online Storbritannia, Europa. KJ\u00d8P WEED ONLINE AUSTRALIA kj\u00f8p marihuana online Australia , Australia weed for salg.","robots":{"index":"index","follow":"follow","max-snippet":"max-snippet:-1","max-image-preview":"max-image-preview:large","max-video-preview":"max-video-preview:-1"},"canonical":"https:\/\/medicinasinc.com\/no\/product\/kjop-ak-47-marihuana\/","og_locale":"nn_NO","og_type":"article","og_title":"Kj\u00f8p AK-47 Marihuana - Best Global Meds","og_description":"Kj\u00f8p AK-47 Marihuana Sativa-stamme for salg online Storbritannia, Europa. KJ\u00d8P WEED ONLINE AUSTRALIA kj\u00f8p marihuana online Australia , Australia weed for salg.","og_url":"https:\/\/medicinasinc.com\/no\/product\/kjop-ak-47-marihuana\/","og_site_name":"Medicinas Inc","article_modified_time":"2022-03-22T01:07:39+00:00","og_image":[{"width":1242,"height":1051,"url":"https:\/\/medicinasinc.com\/no\/wp-content\/uploads\/sites\/14\/2022\/02\/Buy-AK-47-Marijuana.jpeg","type":"image\/jpeg"}],"twitter_card":"summary_large_image","twitter_misc":{"Est. reading time":"1 minutt"},"schema":{"@context":"https:\/\/schema.org","@graph":[{"@type":"WebPage","@id":"https:\/\/medicinasinc.com\/no\/product\/kjop-ak-47-marihuana\/","url":"https:\/\/medicinasinc.com\/no\/product\/kjop-ak-47-marihuana\/","name":"Kj\u00f8p AK-47 Marihuana - Best Global Meds","isPartOf":{"@id":"https:\/\/medicinasinc.com\/no\/#website"},"primaryImageOfPage":{"@id":"https:\/\/medicinasinc.com\/no\/product\/kjop-ak-47-marihuana\/#primaryimage"},"image":{"@id":"https:\/\/medicinasinc.com\/no\/product\/kjop-ak-47-marihuana\/#primaryimage"},"thumbnailUrl":"https:\/\/medicinasinc.com\/no\/wp-content\/uploads\/sites\/14\/2022\/02\/Buy-AK-47-Marijuana.jpeg","datePublished":"2022-02-20T17:27:17+00:00","dateModified":"2022-03-22T01:07:39+00:00","description":"Kj\u00f8p AK-47 Marihuana Sativa-stamme for salg online Storbritannia, Europa. KJ\u00d8P WEED ONLINE AUSTRALIA kj\u00f8p marihuana online Australia , Australia weed for salg.","breadcrumb":{"@id":"https:\/\/medicinasinc.com\/no\/product\/kjop-ak-47-marihuana\/#breadcrumb"},"inLanguage":"nn-NO","potentialAction":[{"@type":"ReadAction","target":["https:\/\/medicinasinc.com\/no\/product\/kjop-ak-47-marihuana\/"]}]},{"@type":"ImageObject","inLanguage":"nn-NO","@id":"https:\/\/medicinasinc.com\/no\/product\/kjop-ak-47-marihuana\/#primaryimage","url":"https:\/\/medicinasinc.com\/no\/wp-content\/uploads\/sites\/14\/2022\/02\/Buy-AK-47-Marijuana.jpeg","contentUrl":"https:\/\/medicinasinc.com\/no\/wp-content\/uploads\/sites\/14\/2022\/02\/Buy-AK-47-Marijuana.jpeg","width":1242,"height":1051},{"@type":"BreadcrumbList","@id":"https:\/\/medicinasinc.com\/no\/product\/kjop-ak-47-marihuana\/#breadcrumb","itemListElement":[{"@type":"ListItem","position":1,"name":"Butikk","item":"https:\/\/medicinasinc.com\/no\/butikk\/"},{"@type":"ListItem","position":2,"name":"Kj\u00f8p AK-47 Marihuana"}]},{"@type":"WebSite","@id":"https:\/\/medicinasinc.com\/no\/#website","url":"https:\/\/medicinasinc.com\/no\/","name":"Medicinas Inc","description":"Helsemedisinsk klinikk","potentialAction":[{"@type":"SearchAction","target":{"@type":"EntryPoint","urlTemplate":"https:\/\/medicinasinc.com\/no\/?s={search_term_string}"},"query-input":{"@type":"PropertyValueSpecification","valueRequired":true,"valueName":"search_term_string"}}],"inLanguage":"nn-NO"}]}},"_links":{"self":[{"href":"https:\/\/medicinasinc.com\/no\/wp-json\/wp\/v2\/product\/4895","targetHints":{"allow":["GET"]}}],"collection":[{"href":"https:\/\/medicinasinc.com\/no\/wp-json\/wp\/v2\/product"}],"about":[{"href":"https:\/\/medicinasinc.com\/no\/wp-json\/wp\/v2\/types\/product"}],"replies":[{"embeddable":true,"href":"https:\/\/medicinasinc.com\/no\/wp-json\/wp\/v2\/comments?post=4895"}],"wp:featuredmedia":[{"embeddable":true,"href":"https:\/\/medicinasinc.com\/no\/wp-json\/wp\/v2\/media\/4909"}],"wp:attachment":[{"href":"https:\/\/medicinasinc.com\/no\/wp-json\/wp\/v2\/media?parent=4895"}],"wp:term":[{"taxonomy":"product_brand","embeddable":true,"href":"https:\/\/medicinasinc.com\/no\/wp-json\/wp\/v2\/product_brand?post=4895"},{"taxonomy":"product_cat","embeddable":true,"href":"https:\/\/medicinasinc.com\/no\/wp-json\/wp\/v2\/product_cat?post=4895"},{"taxonomy":"product_tag","embeddable":true,"href":"https:\/\/medicinasinc.com\/no\/wp-json\/wp\/v2\/product_tag?post=4895"}],"curies":[{"name":"wp","href":"https:\/\/api.w.org\/{rel}","templated":true}]}}