{"id":4884,"date":"2022-02-20T17:19:27","date_gmt":"2022-02-20T17:19:27","guid":{"rendered":"https:\/\/medicinasinc.com\/no\/?post_type=product&#038;p=4884"},"modified":"2022-03-22T01:07:50","modified_gmt":"2022-03-22T01:07:50","slug":"kjop-hvit-enke-knuser","status":"publish","type":"product","link":"https:\/\/medicinasinc.com\/no\/product\/kjop-hvit-enke-knuser\/","title":{"rendered":"Kj\u00f8p White Widow Shatter"},"content":{"rendered":"<p>KJ\u00d8P P\u00c5 NETT FRA DEN BESTE NETTBUTIKKEN WHITE WIDOW SHATTER<\/p>\n<p>Hvis du \u00f8nsker \u00e5 kj\u00f8pe White Widow Shatter p\u00e5 nettet, kontakt MJ Online Bud Store. Vi tilbyr de beste prisene p\u00e5 White Widow Shatter. Som den beste butikken p\u00e5 nettmarkedet i USA, Storbritannia, Canada, Tyskland og Australia, ser vi ikke bort fra noen aspekter ved \u00e5 oppfylle kravene spesifisert av kunder n\u00e5r de bestiller White Widow Shatter p\u00e5 nettet.<\/p>\n<p>Hvorfor b\u00f8r enkeltpersoner bruke White Widow Shatter?<\/p>\n<p>White Widow Shatter er en legendarisk hybridstamme som er elsket over hele verden. Denne stammen produseres utelukkende ved \u00e5 krysse en brasiliansk Sativa Landrace med en s\u00f8rindisk indica. Fargen er m\u00f8rk rav. Dette konsentratet har en ekstremt skarp tekstur, som gj\u00f8r det veldig enkelt \u00e5 bruke. N\u00e5r den r\u00f8ykes, gir denne stammen en tradisjonell cannabisopplevelse. Den inneholder mellom 75 % og 80 % THC. I tillegg er den kjent for \u00e5 v\u00e6re en utmerket morgen- eller dagtid. Denne stammens smak er typisk jordaktig, treaktig og floral.<\/p>\n<p>Det er en velkjent stamme for sine euforiske og cerebrale effekter.<br \/> Den gir et \u00f8yeblikkelig og euforisk cerebralt rush.<br \/> Den induserer en sterk eufori, som resulterer i \u00f8kt kreativitet.<br \/> Den lindrer smerte og fremmer ultimat ro.<br \/> Den er en ideell belastning for mild til moderat smerte, stress, depresjon og tretthet.<br \/> Den fremmer aktiviteter som moderat arbeid eller fysisk aktivitet, sosial interaksjon, rekreasjon og kreative bestrebelser.<br \/> Hvilken nettbutikk er best \u00e5 kj\u00f8pe White Widow Shatter?<\/p>\n<p>White Widow Shatter kan kj\u00f8pes fra ingen ringere enn MJ Online Bud Store. Du vil motta din online bestilling for White Widow Shatter innen kort tid. Bestill White Widow Shatter online i dag og kontakt de beste leverand\u00f8rene og leverand\u00f8rene p\u00e5 nettbutikken v\u00e5r.<\/p>\n","protected":false},"excerpt":{"rendered":"<p>Hvis du \u00f8nsker \u00e5 kj\u00f8pe White Widow Shatter for salg p\u00e5 nettet, s\u00e5 ta kontakt med bestglobalmeds nettbutikk. Vi har White Widow Shatter til salgs til de beste prisene.<\/p>\n<p>&nbsp;<\/p>\n<ul>\n<li>Verdensomfattende frakt<\/li>\n<li><strong>Klasse: AAAAA<\/strong> <\/li>\n<li><strong>Kontakt oss<\/strong>\u00a0for st\u00f8rre bestillinger<\/li>\n<\/ul>\n","protected":false},"featured_media":4899,"comment_status":"open","ping_status":"closed","template":"","meta":[],"product_brand":[],"product_cat":[777],"product_tag":[],"class_list":{"0":"post-4884","1":"product","2":"type-product","3":"status-publish","4":"has-post-thumbnail","6":"product_cat-kjpe-knusere","8":"first","9":"instock","10":"shipping-taxable","11":"purchasable","12":"product-type-variable","13":"has-default-attributes"},"yoast_head":"<!-- This site is optimized with the Yoast SEO plugin v27.3 - https:\/\/yoast.com\/product\/yoast-seo-wordpress\/ -->\n<title>Kj\u00f8p White Widow Shatter - Best Best Global Meds<\/title>\n<meta name=\"description\" content=\"Hvis du \u00f8nsker \u00e5 kj\u00f8pe White Widow Shatter for salg p\u00e5 nett, s\u00e5 ta kontakt med bestglobalmeds nettbutikk. Vi har White Widow Shatter til salgs til de beste prisene.\" \/>\n<meta name=\"robots\" content=\"index, follow, max-snippet:-1, max-image-preview:large, max-video-preview:-1\" \/>\n<link rel=\"canonical\" href=\"https:\/\/medicinasinc.com\/no\/product\/kjop-hvit-enke-knuser\/\" \/>\n<meta property=\"og:locale\" content=\"nn_NO\" \/>\n<meta property=\"og:type\" content=\"article\" \/>\n<meta property=\"og:title\" content=\"Kj\u00f8p White Widow Shatter - Best Best Global Meds\" \/>\n<meta property=\"og:description\" content=\"Hvis du \u00f8nsker \u00e5 kj\u00f8pe White Widow Shatter for salg p\u00e5 nett, s\u00e5 ta kontakt med bestglobalmeds nettbutikk. Vi har White Widow Shatter til salgs til de beste prisene.\" \/>\n<meta property=\"og:url\" content=\"https:\/\/medicinasinc.com\/no\/product\/kjop-hvit-enke-knuser\/\" \/>\n<meta property=\"og:site_name\" content=\"Medicinas Inc\" \/>\n<meta property=\"article:modified_time\" content=\"2022-03-22T01:07:50+00:00\" \/>\n<meta property=\"og:image\" content=\"https:\/\/medicinasinc.com\/no\/wp-content\/uploads\/sites\/14\/2022\/02\/Buy-White-Widow-Shatter.jpg\" \/>\n\t<meta property=\"og:image:width\" content=\"600\" \/>\n\t<meta property=\"og:image:height\" content=\"600\" \/>\n\t<meta property=\"og:image:type\" content=\"image\/jpeg\" \/>\n<meta name=\"twitter:card\" content=\"summary_large_image\" \/>\n<script type=\"application\/ld+json\" class=\"yoast-schema-graph\">{\"@context\":\"https:\\\/\\\/schema.org\",\"@graph\":[{\"@type\":\"WebPage\",\"@id\":\"https:\\\/\\\/medicinasinc.com\\\/no\\\/product\\\/kjop-hvit-enke-knuser\\\/\",\"url\":\"https:\\\/\\\/medicinasinc.com\\\/no\\\/product\\\/kjop-hvit-enke-knuser\\\/\",\"name\":\"Kj\u00f8p White Widow Shatter - Best Best Global Meds\",\"isPartOf\":{\"@id\":\"https:\\\/\\\/medicinasinc.com\\\/no\\\/#website\"},\"primaryImageOfPage\":{\"@id\":\"https:\\\/\\\/medicinasinc.com\\\/no\\\/product\\\/kjop-hvit-enke-knuser\\\/#primaryimage\"},\"image\":{\"@id\":\"https:\\\/\\\/medicinasinc.com\\\/no\\\/product\\\/kjop-hvit-enke-knuser\\\/#primaryimage\"},\"thumbnailUrl\":\"https:\\\/\\\/medicinasinc.com\\\/no\\\/wp-content\\\/uploads\\\/sites\\\/14\\\/2022\\\/02\\\/Buy-White-Widow-Shatter.jpg\",\"datePublished\":\"2022-02-20T17:19:27+00:00\",\"dateModified\":\"2022-03-22T01:07:50+00:00\",\"description\":\"Hvis du \u00f8nsker \u00e5 kj\u00f8pe White Widow Shatter for salg p\u00e5 nett, s\u00e5 ta kontakt med bestglobalmeds nettbutikk. Vi har White Widow Shatter til salgs til de beste prisene.\",\"breadcrumb\":{\"@id\":\"https:\\\/\\\/medicinasinc.com\\\/no\\\/product\\\/kjop-hvit-enke-knuser\\\/#breadcrumb\"},\"inLanguage\":\"nn-NO\",\"potentialAction\":[{\"@type\":\"ReadAction\",\"target\":[\"https:\\\/\\\/medicinasinc.com\\\/no\\\/product\\\/kjop-hvit-enke-knuser\\\/\"]}]},{\"@type\":\"ImageObject\",\"inLanguage\":\"nn-NO\",\"@id\":\"https:\\\/\\\/medicinasinc.com\\\/no\\\/product\\\/kjop-hvit-enke-knuser\\\/#primaryimage\",\"url\":\"https:\\\/\\\/medicinasinc.com\\\/no\\\/wp-content\\\/uploads\\\/sites\\\/14\\\/2022\\\/02\\\/Buy-White-Widow-Shatter.jpg\",\"contentUrl\":\"https:\\\/\\\/medicinasinc.com\\\/no\\\/wp-content\\\/uploads\\\/sites\\\/14\\\/2022\\\/02\\\/Buy-White-Widow-Shatter.jpg\",\"width\":600,\"height\":600},{\"@type\":\"BreadcrumbList\",\"@id\":\"https:\\\/\\\/medicinasinc.com\\\/no\\\/product\\\/kjop-hvit-enke-knuser\\\/#breadcrumb\",\"itemListElement\":[{\"@type\":\"ListItem\",\"position\":1,\"name\":\"Butikk\",\"item\":\"https:\\\/\\\/medicinasinc.com\\\/no\\\/butikk\\\/\"},{\"@type\":\"ListItem\",\"position\":2,\"name\":\"Kj\u00f8p White Widow Shatter\"}]},{\"@type\":\"WebSite\",\"@id\":\"https:\\\/\\\/medicinasinc.com\\\/no\\\/#website\",\"url\":\"https:\\\/\\\/medicinasinc.com\\\/no\\\/\",\"name\":\"Medicinas Inc\",\"description\":\"Helsemedisinsk klinikk\",\"potentialAction\":[{\"@type\":\"SearchAction\",\"target\":{\"@type\":\"EntryPoint\",\"urlTemplate\":\"https:\\\/\\\/medicinasinc.com\\\/no\\\/?s={search_term_string}\"},\"query-input\":{\"@type\":\"PropertyValueSpecification\",\"valueRequired\":true,\"valueName\":\"search_term_string\"}}],\"inLanguage\":\"nn-NO\"}]}<\/script>\n<!-- \/ Yoast SEO plugin. -->","yoast_head_json":{"title":"Kj\u00f8p White Widow Shatter - Best Best Global Meds","description":"Hvis du \u00f8nsker \u00e5 kj\u00f8pe White Widow Shatter for salg p\u00e5 nett, s\u00e5 ta kontakt med bestglobalmeds nettbutikk. Vi har White Widow Shatter til salgs til de beste prisene.","robots":{"index":"index","follow":"follow","max-snippet":"max-snippet:-1","max-image-preview":"max-image-preview:large","max-video-preview":"max-video-preview:-1"},"canonical":"https:\/\/medicinasinc.com\/no\/product\/kjop-hvit-enke-knuser\/","og_locale":"nn_NO","og_type":"article","og_title":"Kj\u00f8p White Widow Shatter - Best Best Global Meds","og_description":"Hvis du \u00f8nsker \u00e5 kj\u00f8pe White Widow Shatter for salg p\u00e5 nett, s\u00e5 ta kontakt med bestglobalmeds nettbutikk. Vi har White Widow Shatter til salgs til de beste prisene.","og_url":"https:\/\/medicinasinc.com\/no\/product\/kjop-hvit-enke-knuser\/","og_site_name":"Medicinas Inc","article_modified_time":"2022-03-22T01:07:50+00:00","og_image":[{"width":600,"height":600,"url":"https:\/\/medicinasinc.com\/no\/wp-content\/uploads\/sites\/14\/2022\/02\/Buy-White-Widow-Shatter.jpg","type":"image\/jpeg"}],"twitter_card":"summary_large_image","schema":{"@context":"https:\/\/schema.org","@graph":[{"@type":"WebPage","@id":"https:\/\/medicinasinc.com\/no\/product\/kjop-hvit-enke-knuser\/","url":"https:\/\/medicinasinc.com\/no\/product\/kjop-hvit-enke-knuser\/","name":"Kj\u00f8p White Widow Shatter - Best Best Global Meds","isPartOf":{"@id":"https:\/\/medicinasinc.com\/no\/#website"},"primaryImageOfPage":{"@id":"https:\/\/medicinasinc.com\/no\/product\/kjop-hvit-enke-knuser\/#primaryimage"},"image":{"@id":"https:\/\/medicinasinc.com\/no\/product\/kjop-hvit-enke-knuser\/#primaryimage"},"thumbnailUrl":"https:\/\/medicinasinc.com\/no\/wp-content\/uploads\/sites\/14\/2022\/02\/Buy-White-Widow-Shatter.jpg","datePublished":"2022-02-20T17:19:27+00:00","dateModified":"2022-03-22T01:07:50+00:00","description":"Hvis du \u00f8nsker \u00e5 kj\u00f8pe White Widow Shatter for salg p\u00e5 nett, s\u00e5 ta kontakt med bestglobalmeds nettbutikk. Vi har White Widow Shatter til salgs til de beste prisene.","breadcrumb":{"@id":"https:\/\/medicinasinc.com\/no\/product\/kjop-hvit-enke-knuser\/#breadcrumb"},"inLanguage":"nn-NO","potentialAction":[{"@type":"ReadAction","target":["https:\/\/medicinasinc.com\/no\/product\/kjop-hvit-enke-knuser\/"]}]},{"@type":"ImageObject","inLanguage":"nn-NO","@id":"https:\/\/medicinasinc.com\/no\/product\/kjop-hvit-enke-knuser\/#primaryimage","url":"https:\/\/medicinasinc.com\/no\/wp-content\/uploads\/sites\/14\/2022\/02\/Buy-White-Widow-Shatter.jpg","contentUrl":"https:\/\/medicinasinc.com\/no\/wp-content\/uploads\/sites\/14\/2022\/02\/Buy-White-Widow-Shatter.jpg","width":600,"height":600},{"@type":"BreadcrumbList","@id":"https:\/\/medicinasinc.com\/no\/product\/kjop-hvit-enke-knuser\/#breadcrumb","itemListElement":[{"@type":"ListItem","position":1,"name":"Butikk","item":"https:\/\/medicinasinc.com\/no\/butikk\/"},{"@type":"ListItem","position":2,"name":"Kj\u00f8p White Widow Shatter"}]},{"@type":"WebSite","@id":"https:\/\/medicinasinc.com\/no\/#website","url":"https:\/\/medicinasinc.com\/no\/","name":"Medicinas Inc","description":"Helsemedisinsk klinikk","potentialAction":[{"@type":"SearchAction","target":{"@type":"EntryPoint","urlTemplate":"https:\/\/medicinasinc.com\/no\/?s={search_term_string}"},"query-input":{"@type":"PropertyValueSpecification","valueRequired":true,"valueName":"search_term_string"}}],"inLanguage":"nn-NO"}]}},"_links":{"self":[{"href":"https:\/\/medicinasinc.com\/no\/wp-json\/wp\/v2\/product\/4884","targetHints":{"allow":["GET"]}}],"collection":[{"href":"https:\/\/medicinasinc.com\/no\/wp-json\/wp\/v2\/product"}],"about":[{"href":"https:\/\/medicinasinc.com\/no\/wp-json\/wp\/v2\/types\/product"}],"replies":[{"embeddable":true,"href":"https:\/\/medicinasinc.com\/no\/wp-json\/wp\/v2\/comments?post=4884"}],"wp:featuredmedia":[{"embeddable":true,"href":"https:\/\/medicinasinc.com\/no\/wp-json\/wp\/v2\/media\/4899"}],"wp:attachment":[{"href":"https:\/\/medicinasinc.com\/no\/wp-json\/wp\/v2\/media?parent=4884"}],"wp:term":[{"taxonomy":"product_brand","embeddable":true,"href":"https:\/\/medicinasinc.com\/no\/wp-json\/wp\/v2\/product_brand?post=4884"},{"taxonomy":"product_cat","embeddable":true,"href":"https:\/\/medicinasinc.com\/no\/wp-json\/wp\/v2\/product_cat?post=4884"},{"taxonomy":"product_tag","embeddable":true,"href":"https:\/\/medicinasinc.com\/no\/wp-json\/wp\/v2\/product_tag?post=4884"}],"curies":[{"name":"wp","href":"https:\/\/api.w.org\/{rel}","templated":true}]}}