{"id":4883,"date":"2022-02-20T17:18:33","date_gmt":"2022-02-20T17:18:33","guid":{"rendered":"https:\/\/medicinasinc.com\/no\/?post_type=product&#038;p=4883"},"modified":"2022-03-22T01:07:59","modified_gmt":"2022-03-22T01:07:59","slug":"kjop-solnedgang-sherbert-knuser","status":"publish","type":"product","link":"https:\/\/medicinasinc.com\/no\/product\/kjop-solnedgang-sherbert-knuser\/","title":{"rendered":"Kj\u00f8p Sunset Sherbert Shatter"},"content":{"rendered":"<p>Kj\u00f8p Sunset Sherbert Shatter \u2013 Premium Indica Dominant Hybrid \u2013 85% Indica \/ 15% Sativa<\/p>\n<p>Sunset Sherbert, alternativt referert til som Sherbet, er arvingen til Girl Scout Cookie-tronen. Sunset Sherbert arvet de genetiske egenskapene til sin Girl Scout Cookies-forelder, som inkluderte OG Kush, Durban Poison og Cherry Pie i sin genetiske avstamning. Disse genetikken ble deretter krysset med Pink Panties, en indica-forelder. Sunset Sherbert kombinerer en sterk kroppslig buzz med et oppkvikkende utbrudd av kreativ energi. Etter r\u00f8yking vil brukere f\u00f8le en umiddelbar b\u00f8lge av energi \u2013 f\u00f8rst og fremst i sinnet \u2013 som vil gj\u00f8re at de f\u00f8ler seg sosial og euforisk i l\u00f8pet av minutter. N\u00e5r effektene begynner \u00e5 tre i kraft, vil en mild varmende f\u00f8lelse spre seg gjennom hele kroppen, og omslutte brukeren i fullstendig avslapning og salig lykke. Sunset Sherbert har blitt brukt til \u00e5 behandle depresjon, stress, angst og milde til moderate smerter p\u00e5 grunn av dens kraftige effekter.<\/p>\n<p>&nbsp;<\/p>\n<p>V\u00e6r oppmerksom p\u00e5 at p\u00e5 grunn av uforutsette omstendigheter, f. som sommervarme, fuktighet og til og med tid, er det alltid en sjanse for at splintet du bestilte vil forvandles til voks eller knopper f\u00f8r det n\u00e5r deg.<\/p>\n<p>Dessverre er splint som konverteres til voksknopper ikke uvanlig n\u00e5r det eksponeres \u00e5 varme, men dette reduserer p\u00e5 ingen m\u00e5te sikkerheten eller styrken til splintringen din. Faktisk, hvis dette skjer, vil terpenene og aromatene forsterkes, og dermed \u00f8ke smaken.<\/p>\n<p>Vi tilbyr ikke refusjoner eller bytte hvis splinten din forvandles til knopper eller voks.<\/p>\n<div class=\"product-next-previous\">\n<div class=\"product-prev\"><\/div><\/div>\n","protected":false},"excerpt":{"rendered":"<p>Kj\u00f8p Shatter &#8211; Sunset Sherbert er tilgjengelig for kj\u00f8p p\u00e5 nettet i Europa og Storbritannia hos beste globale medisiner. I Europa kan du finne Shatter av h\u00f8yeste kvalitet &#8211; Sunset Sherbert cannabisprodukter.<\/p>\n<p>&nbsp;<\/p>\n<ul>\n<li>Verdensomfattende frakt<\/li>\n<li><strong>Klasse: AAAAA<\/strong><\/li>\n<li> <strong>Kontakt oss<\/strong>\u00a0for st\u00f8rre bestillinger<\/li>\n<\/ul>\n","protected":false},"featured_media":4897,"comment_status":"open","ping_status":"closed","template":"","meta":[],"product_brand":[],"product_cat":[777],"product_tag":[],"class_list":{"0":"post-4883","1":"product","2":"type-product","3":"status-publish","4":"has-post-thumbnail","6":"product_cat-kjpe-knusere","8":"first","9":"instock","10":"shipping-taxable","11":"purchasable","12":"product-type-variable","13":"has-default-attributes"},"yoast_head":"<!-- This site is optimized with the Yoast SEO plugin v27.3 - https:\/\/yoast.com\/product\/yoast-seo-wordpress\/ -->\n<title>Kj\u00f8p Sunset Sherbert Shatter - Beste beste globale medisiner<\/title>\n<meta name=\"description\" content=\"Kj\u00f8p Shatter - Sunset Sherbert for salg online Europa, Storbritannia p\u00e5 The global medicinas. Finn Shatter - Sunset Sherbert cannabisprodukter av h\u00f8yeste kvalitet i Europa.\" \/>\n<meta name=\"robots\" content=\"index, follow, max-snippet:-1, max-image-preview:large, max-video-preview:-1\" \/>\n<link rel=\"canonical\" href=\"https:\/\/medicinasinc.com\/no\/product\/kjop-solnedgang-sherbert-knuser\/\" \/>\n<meta property=\"og:locale\" content=\"nn_NO\" \/>\n<meta property=\"og:type\" content=\"article\" \/>\n<meta property=\"og:title\" content=\"Kj\u00f8p Sunset Sherbert Shatter - Beste beste globale medisiner\" \/>\n<meta property=\"og:description\" content=\"Kj\u00f8p Shatter - Sunset Sherbert for salg online Europa, Storbritannia p\u00e5 The global medicinas. Finn Shatter - Sunset Sherbert cannabisprodukter av h\u00f8yeste kvalitet i Europa.\" \/>\n<meta property=\"og:url\" content=\"https:\/\/medicinasinc.com\/no\/product\/kjop-solnedgang-sherbert-knuser\/\" \/>\n<meta property=\"og:site_name\" content=\"Medicinas Inc\" \/>\n<meta property=\"article:modified_time\" content=\"2022-03-22T01:07:59+00:00\" \/>\n<meta property=\"og:image\" content=\"https:\/\/medicinasinc.com\/no\/wp-content\/uploads\/sites\/14\/2022\/02\/Buy-Sunset-Sherbert-Shatter.jpg\" \/>\n\t<meta property=\"og:image:width\" content=\"600\" \/>\n\t<meta property=\"og:image:height\" content=\"600\" \/>\n\t<meta property=\"og:image:type\" content=\"image\/jpeg\" \/>\n<meta name=\"twitter:card\" content=\"summary_large_image\" \/>\n<meta name=\"twitter:label1\" content=\"Est. reading time\" \/>\n\t<meta name=\"twitter:data1\" content=\"2 minutt\" \/>\n<script type=\"application\/ld+json\" class=\"yoast-schema-graph\">{\"@context\":\"https:\\\/\\\/schema.org\",\"@graph\":[{\"@type\":\"WebPage\",\"@id\":\"https:\\\/\\\/medicinasinc.com\\\/no\\\/product\\\/kjop-solnedgang-sherbert-knuser\\\/\",\"url\":\"https:\\\/\\\/medicinasinc.com\\\/no\\\/product\\\/kjop-solnedgang-sherbert-knuser\\\/\",\"name\":\"Kj\u00f8p Sunset Sherbert Shatter - Beste beste globale medisiner\",\"isPartOf\":{\"@id\":\"https:\\\/\\\/medicinasinc.com\\\/no\\\/#website\"},\"primaryImageOfPage\":{\"@id\":\"https:\\\/\\\/medicinasinc.com\\\/no\\\/product\\\/kjop-solnedgang-sherbert-knuser\\\/#primaryimage\"},\"image\":{\"@id\":\"https:\\\/\\\/medicinasinc.com\\\/no\\\/product\\\/kjop-solnedgang-sherbert-knuser\\\/#primaryimage\"},\"thumbnailUrl\":\"https:\\\/\\\/medicinasinc.com\\\/no\\\/wp-content\\\/uploads\\\/sites\\\/14\\\/2022\\\/02\\\/Buy-Sunset-Sherbert-Shatter.jpg\",\"datePublished\":\"2022-02-20T17:18:33+00:00\",\"dateModified\":\"2022-03-22T01:07:59+00:00\",\"description\":\"Kj\u00f8p Shatter - Sunset Sherbert for salg online Europa, Storbritannia p\u00e5 The global medicinas. Finn Shatter - Sunset Sherbert cannabisprodukter av h\u00f8yeste kvalitet i Europa.\",\"breadcrumb\":{\"@id\":\"https:\\\/\\\/medicinasinc.com\\\/no\\\/product\\\/kjop-solnedgang-sherbert-knuser\\\/#breadcrumb\"},\"inLanguage\":\"nn-NO\",\"potentialAction\":[{\"@type\":\"ReadAction\",\"target\":[\"https:\\\/\\\/medicinasinc.com\\\/no\\\/product\\\/kjop-solnedgang-sherbert-knuser\\\/\"]}]},{\"@type\":\"ImageObject\",\"inLanguage\":\"nn-NO\",\"@id\":\"https:\\\/\\\/medicinasinc.com\\\/no\\\/product\\\/kjop-solnedgang-sherbert-knuser\\\/#primaryimage\",\"url\":\"https:\\\/\\\/medicinasinc.com\\\/no\\\/wp-content\\\/uploads\\\/sites\\\/14\\\/2022\\\/02\\\/Buy-Sunset-Sherbert-Shatter.jpg\",\"contentUrl\":\"https:\\\/\\\/medicinasinc.com\\\/no\\\/wp-content\\\/uploads\\\/sites\\\/14\\\/2022\\\/02\\\/Buy-Sunset-Sherbert-Shatter.jpg\",\"width\":600,\"height\":600},{\"@type\":\"BreadcrumbList\",\"@id\":\"https:\\\/\\\/medicinasinc.com\\\/no\\\/product\\\/kjop-solnedgang-sherbert-knuser\\\/#breadcrumb\",\"itemListElement\":[{\"@type\":\"ListItem\",\"position\":1,\"name\":\"Butikk\",\"item\":\"https:\\\/\\\/medicinasinc.com\\\/no\\\/butikk\\\/\"},{\"@type\":\"ListItem\",\"position\":2,\"name\":\"Kj\u00f8p Sunset Sherbert Shatter\"}]},{\"@type\":\"WebSite\",\"@id\":\"https:\\\/\\\/medicinasinc.com\\\/no\\\/#website\",\"url\":\"https:\\\/\\\/medicinasinc.com\\\/no\\\/\",\"name\":\"Medicinas Inc\",\"description\":\"Helsemedisinsk klinikk\",\"potentialAction\":[{\"@type\":\"SearchAction\",\"target\":{\"@type\":\"EntryPoint\",\"urlTemplate\":\"https:\\\/\\\/medicinasinc.com\\\/no\\\/?s={search_term_string}\"},\"query-input\":{\"@type\":\"PropertyValueSpecification\",\"valueRequired\":true,\"valueName\":\"search_term_string\"}}],\"inLanguage\":\"nn-NO\"}]}<\/script>\n<!-- \/ Yoast SEO plugin. -->","yoast_head_json":{"title":"Kj\u00f8p Sunset Sherbert Shatter - Beste beste globale medisiner","description":"Kj\u00f8p Shatter - Sunset Sherbert for salg online Europa, Storbritannia p\u00e5 The global medicinas. Finn Shatter - Sunset Sherbert cannabisprodukter av h\u00f8yeste kvalitet i Europa.","robots":{"index":"index","follow":"follow","max-snippet":"max-snippet:-1","max-image-preview":"max-image-preview:large","max-video-preview":"max-video-preview:-1"},"canonical":"https:\/\/medicinasinc.com\/no\/product\/kjop-solnedgang-sherbert-knuser\/","og_locale":"nn_NO","og_type":"article","og_title":"Kj\u00f8p Sunset Sherbert Shatter - Beste beste globale medisiner","og_description":"Kj\u00f8p Shatter - Sunset Sherbert for salg online Europa, Storbritannia p\u00e5 The global medicinas. Finn Shatter - Sunset Sherbert cannabisprodukter av h\u00f8yeste kvalitet i Europa.","og_url":"https:\/\/medicinasinc.com\/no\/product\/kjop-solnedgang-sherbert-knuser\/","og_site_name":"Medicinas Inc","article_modified_time":"2022-03-22T01:07:59+00:00","og_image":[{"width":600,"height":600,"url":"https:\/\/medicinasinc.com\/no\/wp-content\/uploads\/sites\/14\/2022\/02\/Buy-Sunset-Sherbert-Shatter.jpg","type":"image\/jpeg"}],"twitter_card":"summary_large_image","twitter_misc":{"Est. reading time":"2 minutt"},"schema":{"@context":"https:\/\/schema.org","@graph":[{"@type":"WebPage","@id":"https:\/\/medicinasinc.com\/no\/product\/kjop-solnedgang-sherbert-knuser\/","url":"https:\/\/medicinasinc.com\/no\/product\/kjop-solnedgang-sherbert-knuser\/","name":"Kj\u00f8p Sunset Sherbert Shatter - Beste beste globale medisiner","isPartOf":{"@id":"https:\/\/medicinasinc.com\/no\/#website"},"primaryImageOfPage":{"@id":"https:\/\/medicinasinc.com\/no\/product\/kjop-solnedgang-sherbert-knuser\/#primaryimage"},"image":{"@id":"https:\/\/medicinasinc.com\/no\/product\/kjop-solnedgang-sherbert-knuser\/#primaryimage"},"thumbnailUrl":"https:\/\/medicinasinc.com\/no\/wp-content\/uploads\/sites\/14\/2022\/02\/Buy-Sunset-Sherbert-Shatter.jpg","datePublished":"2022-02-20T17:18:33+00:00","dateModified":"2022-03-22T01:07:59+00:00","description":"Kj\u00f8p Shatter - Sunset Sherbert for salg online Europa, Storbritannia p\u00e5 The global medicinas. Finn Shatter - Sunset Sherbert cannabisprodukter av h\u00f8yeste kvalitet i Europa.","breadcrumb":{"@id":"https:\/\/medicinasinc.com\/no\/product\/kjop-solnedgang-sherbert-knuser\/#breadcrumb"},"inLanguage":"nn-NO","potentialAction":[{"@type":"ReadAction","target":["https:\/\/medicinasinc.com\/no\/product\/kjop-solnedgang-sherbert-knuser\/"]}]},{"@type":"ImageObject","inLanguage":"nn-NO","@id":"https:\/\/medicinasinc.com\/no\/product\/kjop-solnedgang-sherbert-knuser\/#primaryimage","url":"https:\/\/medicinasinc.com\/no\/wp-content\/uploads\/sites\/14\/2022\/02\/Buy-Sunset-Sherbert-Shatter.jpg","contentUrl":"https:\/\/medicinasinc.com\/no\/wp-content\/uploads\/sites\/14\/2022\/02\/Buy-Sunset-Sherbert-Shatter.jpg","width":600,"height":600},{"@type":"BreadcrumbList","@id":"https:\/\/medicinasinc.com\/no\/product\/kjop-solnedgang-sherbert-knuser\/#breadcrumb","itemListElement":[{"@type":"ListItem","position":1,"name":"Butikk","item":"https:\/\/medicinasinc.com\/no\/butikk\/"},{"@type":"ListItem","position":2,"name":"Kj\u00f8p Sunset Sherbert Shatter"}]},{"@type":"WebSite","@id":"https:\/\/medicinasinc.com\/no\/#website","url":"https:\/\/medicinasinc.com\/no\/","name":"Medicinas Inc","description":"Helsemedisinsk klinikk","potentialAction":[{"@type":"SearchAction","target":{"@type":"EntryPoint","urlTemplate":"https:\/\/medicinasinc.com\/no\/?s={search_term_string}"},"query-input":{"@type":"PropertyValueSpecification","valueRequired":true,"valueName":"search_term_string"}}],"inLanguage":"nn-NO"}]}},"_links":{"self":[{"href":"https:\/\/medicinasinc.com\/no\/wp-json\/wp\/v2\/product\/4883","targetHints":{"allow":["GET"]}}],"collection":[{"href":"https:\/\/medicinasinc.com\/no\/wp-json\/wp\/v2\/product"}],"about":[{"href":"https:\/\/medicinasinc.com\/no\/wp-json\/wp\/v2\/types\/product"}],"replies":[{"embeddable":true,"href":"https:\/\/medicinasinc.com\/no\/wp-json\/wp\/v2\/comments?post=4883"}],"wp:featuredmedia":[{"embeddable":true,"href":"https:\/\/medicinasinc.com\/no\/wp-json\/wp\/v2\/media\/4897"}],"wp:attachment":[{"href":"https:\/\/medicinasinc.com\/no\/wp-json\/wp\/v2\/media?parent=4883"}],"wp:term":[{"taxonomy":"product_brand","embeddable":true,"href":"https:\/\/medicinasinc.com\/no\/wp-json\/wp\/v2\/product_brand?post=4883"},{"taxonomy":"product_cat","embeddable":true,"href":"https:\/\/medicinasinc.com\/no\/wp-json\/wp\/v2\/product_cat?post=4883"},{"taxonomy":"product_tag","embeddable":true,"href":"https:\/\/medicinasinc.com\/no\/wp-json\/wp\/v2\/product_tag?post=4883"}],"curies":[{"name":"wp","href":"https:\/\/api.w.org\/{rel}","templated":true}]}}