{"id":4861,"date":"2022-02-20T17:01:48","date_gmt":"2022-02-20T17:01:48","guid":{"rendered":"https:\/\/medicinasinc.com\/no\/?post_type=product&#038;p=4861"},"modified":"2022-03-22T01:08:33","modified_gmt":"2022-03-22T01:08:33","slug":"kjop-lsd-100mcg-blottere","status":"publish","type":"product","link":"https:\/\/medicinasinc.com\/no\/product\/kjop-lsd-100mcg-blottere\/","title":{"rendered":"Kj\u00f8p LSD 100mcg BLOTTERS"},"content":{"rendered":"<p>LSD 100mcg BLOTTERS kan kj\u00f8pes p\u00e5 nettet.<\/p>\n<p>LSD 100mcg BLOTTERS kan kj\u00f8pes online. Vi selger ogs\u00e5 LSD-faner. For mer informasjon om LSD, vennligst bes\u00f8k denne siden.<\/p>\n<p>Kj\u00f8p p\u00e5 nett av LSD (Lysergic Acid Diethylamide) salt-\/blotterpapir<\/p>\n<p>&nbsp;<\/p>\n<p>LSD (Lysergic) Acid Diethylamide), forkortet LSD eller LSD-25, er et semisyntetisk psykedelisk medikament fra ergolinfamilien som er kjent for sine psykologiske effekter.<br \/> Du kan kj\u00f8pe rimelig LSD (Lysergic Acid Diethylamide) blotter-papir p\u00e5 nettet (til lav pris). )<br \/> Kjemikalier &amp; Powders for Research<br \/> Ikke-propriet\u00e6r merkevare<br \/> Syre, badesalt, blotter, blotterpapir, kjemikalier, hits, LSD, LSD-25, Lysergic Acid, Lysergic Acid Dietylamid, papir, forskningskjemikalier og blotter-papirer, lyserginsyre, lysergsyredietylamid, salt, ark<\/p>\n","protected":false},"excerpt":{"rendered":"<div class=\"woocommerce-product-details__short-description\">\n<p>LSD 100mcg BLOTTERS kan kj\u00f8pes online. Kj\u00f8p LSD 100mcg BLOTTERS pulver til en rabattert pris | Hvor kan du kj\u00f8pe LSD 100mcg BLOTTERS-pulver online. Online kj\u00f8p av Lysergic Acid Diethylamide BLOTTERS &#8211; LSD BLOTTERS til salgs<\/p>\n<p>Nettforhandlere selger LSD (Lysergic Acid Diethylamide) salt\/blotterpapir.<br \/> Prisen p\u00e5 produktet er som f\u00f8lger: per ark (blotterpapir)<\/p>\n<\/p>\n<p> div&gt;<\/p>\n","protected":false},"featured_media":4876,"comment_status":"open","ping_status":"closed","template":"","meta":[],"product_brand":[],"product_cat":[703],"product_tag":[745,746,748,749,750,752,753,747,775,756,755,776,751,754,770,757,762,764,760,759,758,766,761,763,767,768,765,769,772,771,774,773],"class_list":{"0":"post-4861","1":"product","2":"type-product","3":"status-publish","4":"has-post-thumbnail","6":"product_cat-kjpe-psykedeliske-narkotika","7":"product_tag-1p-lsd-buy-usa","8":"product_tag-1p-lsd-blotter-100-mcg","9":"product_tag-art-sheets-edible","10":"product_tag-blotter","11":"product_tag-blotter-syre-til-salg","12":"product_tag-buy-lsd-blotter-sheets","13":"product_tag-buy-lsd-blotters-legal-highs-online","14":"product_tag-er-lsd","15":"product_tag-hvor-kan-jeg-kjpe-blotter-papir","16":"product_tag-hvordan-bruker-du-en-lsd-blotter-tab","17":"product_tag-hvordan-kan-du-fortelle-om-din-lsd-blotter-er-ekte-eller-en-av-2c-familien","18":"product_tag-hvorfor-gjre-lsd-blotter-tabs-har-design-p-dem","19":"product_tag-kjp-1-p-lsd","20":"product_tag-kjp-lysergisk-syre-dietylamid-blotter-liste","21":"product_tag-lsd--kjpe","22":"product_tag-lsd-andra-sa-c2-b6kte-a-c2-a4ven-etter","23":"product_tag-lsd-blotter-ark","24":"product_tag-lsd-blotter-butikk","25":"product_tag-lsd-blotter-hofmann","26":"product_tag-lsd-blotter-kostnad","27":"product_tag-lsd-blotter-kunst-til-salg","28":"product_tag-lsd-blotter-lagring","29":"product_tag-lsd-blotter-papir-syre","30":"product_tag-lsd-blotter-sheets","31":"product_tag-lsd-blotter-tab-strrelse","32":"product_tag-lsd-blotters-dose","33":"product_tag-lsd-blotter-side","34":"product_tag-lsd-tabs-kjp","35":"product_tag-lysergic-acid-diethylamide-blottery","36":"product_tag-lysergsyre-dietylamid-blotterazzi","37":"product_tag-lysergsyre-dietylamid-gatenavn","38":"product_tag-lysergsyre-dietylamid-til-salg","40":"first","41":"instock","42":"shipping-taxable","43":"purchasable","44":"product-type-variable","45":"has-default-attributes"},"yoast_head":"<!-- This site is optimized with the Yoast SEO plugin v27.3 - https:\/\/yoast.com\/product\/yoast-seo-wordpress\/ -->\n<title>Kj\u00f8p LSD 100mcg BLOTTERS - Beste beste globale medisiner<\/title>\n<meta name=\"description\" content=\"Kj\u00f8p LSD 100mcg blotters i Europa Uk for salg 1-Propionyl-LSD (aka 1P-LSD blotters) til en god pris. Klikk deg inn p\u00e5 nettsiden for \u00e5 bestille i dag!\" \/>\n<meta name=\"robots\" content=\"index, follow, max-snippet:-1, max-image-preview:large, max-video-preview:-1\" \/>\n<link rel=\"canonical\" href=\"https:\/\/medicinasinc.com\/no\/product\/kjop-lsd-100mcg-blottere\/\" \/>\n<meta property=\"og:locale\" content=\"nn_NO\" \/>\n<meta property=\"og:type\" content=\"article\" \/>\n<meta property=\"og:title\" content=\"Kj\u00f8p LSD 100mcg BLOTTERS - Beste beste globale medisiner\" \/>\n<meta property=\"og:description\" content=\"Kj\u00f8p LSD 100mcg blotters i Europa Uk for salg 1-Propionyl-LSD (aka 1P-LSD blotters) til en god pris. Klikk deg inn p\u00e5 nettsiden for \u00e5 bestille i dag!\" \/>\n<meta property=\"og:url\" content=\"https:\/\/medicinasinc.com\/no\/product\/kjop-lsd-100mcg-blottere\/\" \/>\n<meta property=\"og:site_name\" content=\"Medicinas Inc\" \/>\n<meta property=\"article:modified_time\" content=\"2022-03-22T01:08:33+00:00\" \/>\n<meta property=\"og:image\" content=\"https:\/\/medicinasinc.com\/no\/wp-content\/uploads\/sites\/14\/2022\/02\/Buy-LSD-100mcg-blotters-1.jpg\" \/>\n\t<meta property=\"og:image:width\" content=\"960\" \/>\n\t<meta property=\"og:image:height\" content=\"720\" \/>\n\t<meta property=\"og:image:type\" content=\"image\/jpeg\" \/>\n<meta name=\"twitter:card\" content=\"summary_large_image\" \/>\n<meta name=\"twitter:label1\" content=\"Est. reading time\" \/>\n\t<meta name=\"twitter:data1\" content=\"1 minutt\" \/>\n<script type=\"application\/ld+json\" class=\"yoast-schema-graph\">{\"@context\":\"https:\\\/\\\/schema.org\",\"@graph\":[{\"@type\":\"WebPage\",\"@id\":\"https:\\\/\\\/medicinasinc.com\\\/no\\\/product\\\/kjop-lsd-100mcg-blottere\\\/\",\"url\":\"https:\\\/\\\/medicinasinc.com\\\/no\\\/product\\\/kjop-lsd-100mcg-blottere\\\/\",\"name\":\"Kj\u00f8p LSD 100mcg BLOTTERS - Beste beste globale medisiner\",\"isPartOf\":{\"@id\":\"https:\\\/\\\/medicinasinc.com\\\/no\\\/#website\"},\"primaryImageOfPage\":{\"@id\":\"https:\\\/\\\/medicinasinc.com\\\/no\\\/product\\\/kjop-lsd-100mcg-blottere\\\/#primaryimage\"},\"image\":{\"@id\":\"https:\\\/\\\/medicinasinc.com\\\/no\\\/product\\\/kjop-lsd-100mcg-blottere\\\/#primaryimage\"},\"thumbnailUrl\":\"https:\\\/\\\/medicinasinc.com\\\/no\\\/wp-content\\\/uploads\\\/sites\\\/14\\\/2022\\\/02\\\/Buy-LSD-100mcg-blotters-1.jpg\",\"datePublished\":\"2022-02-20T17:01:48+00:00\",\"dateModified\":\"2022-03-22T01:08:33+00:00\",\"description\":\"Kj\u00f8p LSD 100mcg blotters i Europa Uk for salg 1-Propionyl-LSD (aka 1P-LSD blotters) til en god pris. Klikk deg inn p\u00e5 nettsiden for \u00e5 bestille i dag!\",\"breadcrumb\":{\"@id\":\"https:\\\/\\\/medicinasinc.com\\\/no\\\/product\\\/kjop-lsd-100mcg-blottere\\\/#breadcrumb\"},\"inLanguage\":\"nn-NO\",\"potentialAction\":[{\"@type\":\"ReadAction\",\"target\":[\"https:\\\/\\\/medicinasinc.com\\\/no\\\/product\\\/kjop-lsd-100mcg-blottere\\\/\"]}]},{\"@type\":\"ImageObject\",\"inLanguage\":\"nn-NO\",\"@id\":\"https:\\\/\\\/medicinasinc.com\\\/no\\\/product\\\/kjop-lsd-100mcg-blottere\\\/#primaryimage\",\"url\":\"https:\\\/\\\/medicinasinc.com\\\/no\\\/wp-content\\\/uploads\\\/sites\\\/14\\\/2022\\\/02\\\/Buy-LSD-100mcg-blotters-1.jpg\",\"contentUrl\":\"https:\\\/\\\/medicinasinc.com\\\/no\\\/wp-content\\\/uploads\\\/sites\\\/14\\\/2022\\\/02\\\/Buy-LSD-100mcg-blotters-1.jpg\",\"width\":960,\"height\":720},{\"@type\":\"BreadcrumbList\",\"@id\":\"https:\\\/\\\/medicinasinc.com\\\/no\\\/product\\\/kjop-lsd-100mcg-blottere\\\/#breadcrumb\",\"itemListElement\":[{\"@type\":\"ListItem\",\"position\":1,\"name\":\"Butikk\",\"item\":\"https:\\\/\\\/medicinasinc.com\\\/no\\\/butikk\\\/\"},{\"@type\":\"ListItem\",\"position\":2,\"name\":\"Kj\u00f8p LSD 100mcg BLOTTERS\"}]},{\"@type\":\"WebSite\",\"@id\":\"https:\\\/\\\/medicinasinc.com\\\/no\\\/#website\",\"url\":\"https:\\\/\\\/medicinasinc.com\\\/no\\\/\",\"name\":\"Medicinas Inc\",\"description\":\"Helsemedisinsk klinikk\",\"potentialAction\":[{\"@type\":\"SearchAction\",\"target\":{\"@type\":\"EntryPoint\",\"urlTemplate\":\"https:\\\/\\\/medicinasinc.com\\\/no\\\/?s={search_term_string}\"},\"query-input\":{\"@type\":\"PropertyValueSpecification\",\"valueRequired\":true,\"valueName\":\"search_term_string\"}}],\"inLanguage\":\"nn-NO\"}]}<\/script>\n<!-- \/ Yoast SEO plugin. -->","yoast_head_json":{"title":"Kj\u00f8p LSD 100mcg BLOTTERS - Beste beste globale medisiner","description":"Kj\u00f8p LSD 100mcg blotters i Europa Uk for salg 1-Propionyl-LSD (aka 1P-LSD blotters) til en god pris. Klikk deg inn p\u00e5 nettsiden for \u00e5 bestille i dag!","robots":{"index":"index","follow":"follow","max-snippet":"max-snippet:-1","max-image-preview":"max-image-preview:large","max-video-preview":"max-video-preview:-1"},"canonical":"https:\/\/medicinasinc.com\/no\/product\/kjop-lsd-100mcg-blottere\/","og_locale":"nn_NO","og_type":"article","og_title":"Kj\u00f8p LSD 100mcg BLOTTERS - Beste beste globale medisiner","og_description":"Kj\u00f8p LSD 100mcg blotters i Europa Uk for salg 1-Propionyl-LSD (aka 1P-LSD blotters) til en god pris. Klikk deg inn p\u00e5 nettsiden for \u00e5 bestille i dag!","og_url":"https:\/\/medicinasinc.com\/no\/product\/kjop-lsd-100mcg-blottere\/","og_site_name":"Medicinas Inc","article_modified_time":"2022-03-22T01:08:33+00:00","og_image":[{"width":960,"height":720,"url":"https:\/\/medicinasinc.com\/no\/wp-content\/uploads\/sites\/14\/2022\/02\/Buy-LSD-100mcg-blotters-1.jpg","type":"image\/jpeg"}],"twitter_card":"summary_large_image","twitter_misc":{"Est. reading time":"1 minutt"},"schema":{"@context":"https:\/\/schema.org","@graph":[{"@type":"WebPage","@id":"https:\/\/medicinasinc.com\/no\/product\/kjop-lsd-100mcg-blottere\/","url":"https:\/\/medicinasinc.com\/no\/product\/kjop-lsd-100mcg-blottere\/","name":"Kj\u00f8p LSD 100mcg BLOTTERS - Beste beste globale medisiner","isPartOf":{"@id":"https:\/\/medicinasinc.com\/no\/#website"},"primaryImageOfPage":{"@id":"https:\/\/medicinasinc.com\/no\/product\/kjop-lsd-100mcg-blottere\/#primaryimage"},"image":{"@id":"https:\/\/medicinasinc.com\/no\/product\/kjop-lsd-100mcg-blottere\/#primaryimage"},"thumbnailUrl":"https:\/\/medicinasinc.com\/no\/wp-content\/uploads\/sites\/14\/2022\/02\/Buy-LSD-100mcg-blotters-1.jpg","datePublished":"2022-02-20T17:01:48+00:00","dateModified":"2022-03-22T01:08:33+00:00","description":"Kj\u00f8p LSD 100mcg blotters i Europa Uk for salg 1-Propionyl-LSD (aka 1P-LSD blotters) til en god pris. Klikk deg inn p\u00e5 nettsiden for \u00e5 bestille i dag!","breadcrumb":{"@id":"https:\/\/medicinasinc.com\/no\/product\/kjop-lsd-100mcg-blottere\/#breadcrumb"},"inLanguage":"nn-NO","potentialAction":[{"@type":"ReadAction","target":["https:\/\/medicinasinc.com\/no\/product\/kjop-lsd-100mcg-blottere\/"]}]},{"@type":"ImageObject","inLanguage":"nn-NO","@id":"https:\/\/medicinasinc.com\/no\/product\/kjop-lsd-100mcg-blottere\/#primaryimage","url":"https:\/\/medicinasinc.com\/no\/wp-content\/uploads\/sites\/14\/2022\/02\/Buy-LSD-100mcg-blotters-1.jpg","contentUrl":"https:\/\/medicinasinc.com\/no\/wp-content\/uploads\/sites\/14\/2022\/02\/Buy-LSD-100mcg-blotters-1.jpg","width":960,"height":720},{"@type":"BreadcrumbList","@id":"https:\/\/medicinasinc.com\/no\/product\/kjop-lsd-100mcg-blottere\/#breadcrumb","itemListElement":[{"@type":"ListItem","position":1,"name":"Butikk","item":"https:\/\/medicinasinc.com\/no\/butikk\/"},{"@type":"ListItem","position":2,"name":"Kj\u00f8p LSD 100mcg BLOTTERS"}]},{"@type":"WebSite","@id":"https:\/\/medicinasinc.com\/no\/#website","url":"https:\/\/medicinasinc.com\/no\/","name":"Medicinas Inc","description":"Helsemedisinsk klinikk","potentialAction":[{"@type":"SearchAction","target":{"@type":"EntryPoint","urlTemplate":"https:\/\/medicinasinc.com\/no\/?s={search_term_string}"},"query-input":{"@type":"PropertyValueSpecification","valueRequired":true,"valueName":"search_term_string"}}],"inLanguage":"nn-NO"}]}},"_links":{"self":[{"href":"https:\/\/medicinasinc.com\/no\/wp-json\/wp\/v2\/product\/4861","targetHints":{"allow":["GET"]}}],"collection":[{"href":"https:\/\/medicinasinc.com\/no\/wp-json\/wp\/v2\/product"}],"about":[{"href":"https:\/\/medicinasinc.com\/no\/wp-json\/wp\/v2\/types\/product"}],"replies":[{"embeddable":true,"href":"https:\/\/medicinasinc.com\/no\/wp-json\/wp\/v2\/comments?post=4861"}],"wp:featuredmedia":[{"embeddable":true,"href":"https:\/\/medicinasinc.com\/no\/wp-json\/wp\/v2\/media\/4876"}],"wp:attachment":[{"href":"https:\/\/medicinasinc.com\/no\/wp-json\/wp\/v2\/media?parent=4861"}],"wp:term":[{"taxonomy":"product_brand","embeddable":true,"href":"https:\/\/medicinasinc.com\/no\/wp-json\/wp\/v2\/product_brand?post=4861"},{"taxonomy":"product_cat","embeddable":true,"href":"https:\/\/medicinasinc.com\/no\/wp-json\/wp\/v2\/product_cat?post=4861"},{"taxonomy":"product_tag","embeddable":true,"href":"https:\/\/medicinasinc.com\/no\/wp-json\/wp\/v2\/product_tag?post=4861"}],"curies":[{"name":"wp","href":"https:\/\/api.w.org\/{rel}","templated":true}]}}