{"id":4859,"date":"2022-02-20T17:00:55","date_gmt":"2022-02-20T17:00:55","guid":{"rendered":"https:\/\/medicinasinc.com\/no\/?post_type=product&#038;p=4859"},"modified":"2022-03-22T01:08:42","modified_gmt":"2022-03-22T01:08:42","slug":"kjop-kvalitet-al-lad-blottere","status":"publish","type":"product","link":"https:\/\/medicinasinc.com\/no\/product\/kjop-kvalitet-al-lad-blottere\/","title":{"rendered":"Kj\u00f8p kvalitets AL-LAD blotters"},"content":{"rendered":"<p>Kj\u00f8p billige AL-LAD blotters p\u00e5 nett. 150mcg AL-LAD blotters.<\/p>\n<p>Hva er AL-LAD?<\/p>\n<p>6-allyl-6-nor-<\/p>\n<p>AL-LAD, oftere referert til som LSD, er et psykedelisk stoff med egenskaper som ligner p\u00e5 LSD (lysergsyredietylamid). Det ble syntetisert for f\u00f8rste gang i 1976 og har siden blitt et popul\u00e6rt stoff p\u00e5 markedet for &laquo;forskningskjemikalier&raquo; og &laquo;nye psykoaktive stoffer&raquo;. AL-LAD produserer en psykoaktiv &laquo;reise&raquo; som ligner veldig p\u00e5 LSD.<\/p>\n<p>AL-LAD ble f\u00f8rst brukt til rekreasjon i Irland og Storbritannia. Den ble omtalt i Alexander Shulgins bok fra 1997 TIHKAL (Tryptamines I Have Known And Loved). Som et resultat har stoffets popularitet spredt seg globalt. N\u00e5 eksperimenterer folk over hele verden, inkludert USA, med stoffet.<\/p>\n<p>Den juridiske statusen til AL-LAD er noe tvetydig. Det er ikke klassifisert som et kontrollert stoff under f\u00f8deral lov i USA. Det er imidlertid en analog av LSD, noe som betyr at salg eller besittelse med den hensikt \u00e5 distribuere kan f\u00f8re til rettsforf\u00f8lgelse i henhold til Federal Analogue Act.<\/p>\n<p>AL-LAD-turer ligner LSD-turer p\u00e5 de fleste m\u00e5ter. Legemidlet tas oralt, ofte via blotter-papirer. Som et resultat begynner effektene \u00e5 manifestere seg tjue minutter til en time etter inntak. Brukere vil m\u00f8te f\u00f8lgende:<\/p>\n<p>Stimulering eller energi\u00f8kning<br \/> Eufori<br \/> Krikking i ekstremiteter eller nummenhet<br \/> Sensibilisering<br \/> Visuell desorientering<br \/> Hallusinasjoner<\/p>\n<p>Blant de mulige u\u00f8nskede effektene av bruk av AL-LAD er f\u00f8lgende:<br \/> Konsentrasjons- eller tenkevansker<br \/> Hjertefrekvens \u00f8kt<br \/> Temperatursvingninger i kroppen<br \/> Kvalme<br \/> Vrangforestillinger<br \/> Sl\u00f8yfer av negative tanker<br \/> Innsnevring av karene (stramming av blod\u00e5rer)<br \/> Anfall<\/p>\n<p>LSD er en av de psykedeliske stoffene som er mest unders\u00f8kt. Til tross for betegnelsen &laquo;forskningsmedisin&raquo;, har sv\u00e6rt lite faktisk vitenskapelig forskning blitt utf\u00f8rt p\u00e5 AL-LAD. Dette betyr at listen over umiddelbare konsekvenser kanskje ikke er utt\u00f8mmende. I tillegg er det lite eller ingen forskning p\u00e5 stoffets langtidseffekter.<\/p>\n<p>Langvarig misbruk av hallusinogener kan ha en rekke negative konsekvenser. HPPD er en tilstand der en person opplever spontane tilbakeblikk av visuelle forvrengninger eller hallusinasjoner. Denne kroniske lidelsen har blitt observert hos personer som har brukt en rekke hallusinogene stoffer, inkludert LSD, sopp og DMT.<\/p>\n","protected":false},"excerpt":{"rendered":"<p>Kj\u00f8p AL-LAD blotters Billig til salgs UK, Europe Online. 6-allyl-6-nor-LSD er et psykedelisk lysergamid ogs\u00e5 kjent som AL LAD (lysergsyredietylamid). 150mcg AL-LAD blotters.<\/p>\n<p>Minstebestillingen er 15 blotters.<\/p>\n","protected":false},"featured_media":4874,"comment_status":"open","ping_status":"closed","template":"","meta":[],"product_brand":[],"product_cat":[703],"product_tag":[],"class_list":{"0":"post-4859","1":"product","2":"type-product","3":"status-publish","4":"has-post-thumbnail","6":"product_cat-kjpe-psykedeliske-narkotika","8":"first","9":"instock","10":"shipping-taxable","11":"purchasable","12":"product-type-variable","13":"has-default-attributes"},"yoast_head":"<!-- This site is optimized with the Yoast SEO plugin v27.3 - https:\/\/yoast.com\/product\/yoast-seo-wordpress\/ -->\n<title>Kj\u00f8p kvalitets AL-LAD blotters - Beste beste globale medisiner<\/title>\n<meta name=\"description\" content=\"Kj\u00f8p AL-LAD blotters Billig til salgs Storbritannia, Europa Online. 6-allyl-6-nor-LSD er et psykedelisk lysergamid ogs\u00e5 kjent som AL LAD (lysergsyredietylamid). 150mcg AL-LAD blotters.\" \/>\n<meta name=\"robots\" content=\"index, follow, max-snippet:-1, max-image-preview:large, max-video-preview:-1\" \/>\n<link rel=\"canonical\" href=\"https:\/\/medicinasinc.com\/no\/product\/kjop-kvalitet-al-lad-blottere\/\" \/>\n<meta property=\"og:locale\" content=\"nn_NO\" \/>\n<meta property=\"og:type\" content=\"article\" \/>\n<meta property=\"og:title\" content=\"Kj\u00f8p kvalitets AL-LAD blotters - Beste beste globale medisiner\" \/>\n<meta property=\"og:description\" content=\"Kj\u00f8p AL-LAD blotters Billig til salgs Storbritannia, Europa Online. 6-allyl-6-nor-LSD er et psykedelisk lysergamid ogs\u00e5 kjent som AL LAD (lysergsyredietylamid). 150mcg AL-LAD blotters.\" \/>\n<meta property=\"og:url\" content=\"https:\/\/medicinasinc.com\/no\/product\/kjop-kvalitet-al-lad-blottere\/\" \/>\n<meta property=\"og:site_name\" content=\"Medicinas Inc\" \/>\n<meta property=\"article:modified_time\" content=\"2022-03-22T01:08:42+00:00\" \/>\n<meta property=\"og:image\" content=\"https:\/\/medicinasinc.com\/no\/wp-content\/uploads\/sites\/14\/2022\/02\/Buy-Quality-AL-LAD-blotters.jpg\" \/>\n\t<meta property=\"og:image:width\" content=\"225\" \/>\n\t<meta property=\"og:image:height\" content=\"225\" \/>\n\t<meta property=\"og:image:type\" content=\"image\/jpeg\" \/>\n<meta name=\"twitter:card\" content=\"summary_large_image\" \/>\n<meta name=\"twitter:label1\" content=\"Est. reading time\" \/>\n\t<meta name=\"twitter:data1\" content=\"2 minutt\" \/>\n<script type=\"application\/ld+json\" class=\"yoast-schema-graph\">{\"@context\":\"https:\\\/\\\/schema.org\",\"@graph\":[{\"@type\":\"WebPage\",\"@id\":\"https:\\\/\\\/medicinasinc.com\\\/no\\\/product\\\/kjop-kvalitet-al-lad-blottere\\\/\",\"url\":\"https:\\\/\\\/medicinasinc.com\\\/no\\\/product\\\/kjop-kvalitet-al-lad-blottere\\\/\",\"name\":\"Kj\u00f8p kvalitets AL-LAD blotters - Beste beste globale medisiner\",\"isPartOf\":{\"@id\":\"https:\\\/\\\/medicinasinc.com\\\/no\\\/#website\"},\"primaryImageOfPage\":{\"@id\":\"https:\\\/\\\/medicinasinc.com\\\/no\\\/product\\\/kjop-kvalitet-al-lad-blottere\\\/#primaryimage\"},\"image\":{\"@id\":\"https:\\\/\\\/medicinasinc.com\\\/no\\\/product\\\/kjop-kvalitet-al-lad-blottere\\\/#primaryimage\"},\"thumbnailUrl\":\"https:\\\/\\\/medicinasinc.com\\\/no\\\/wp-content\\\/uploads\\\/sites\\\/14\\\/2022\\\/02\\\/Buy-Quality-AL-LAD-blotters.jpg\",\"datePublished\":\"2022-02-20T17:00:55+00:00\",\"dateModified\":\"2022-03-22T01:08:42+00:00\",\"description\":\"Kj\u00f8p AL-LAD blotters Billig til salgs Storbritannia, Europa Online. 6-allyl-6-nor-LSD er et psykedelisk lysergamid ogs\u00e5 kjent som AL LAD (lysergsyredietylamid). 150mcg AL-LAD blotters.\",\"breadcrumb\":{\"@id\":\"https:\\\/\\\/medicinasinc.com\\\/no\\\/product\\\/kjop-kvalitet-al-lad-blottere\\\/#breadcrumb\"},\"inLanguage\":\"nn-NO\",\"potentialAction\":[{\"@type\":\"ReadAction\",\"target\":[\"https:\\\/\\\/medicinasinc.com\\\/no\\\/product\\\/kjop-kvalitet-al-lad-blottere\\\/\"]}]},{\"@type\":\"ImageObject\",\"inLanguage\":\"nn-NO\",\"@id\":\"https:\\\/\\\/medicinasinc.com\\\/no\\\/product\\\/kjop-kvalitet-al-lad-blottere\\\/#primaryimage\",\"url\":\"https:\\\/\\\/medicinasinc.com\\\/no\\\/wp-content\\\/uploads\\\/sites\\\/14\\\/2022\\\/02\\\/Buy-Quality-AL-LAD-blotters.jpg\",\"contentUrl\":\"https:\\\/\\\/medicinasinc.com\\\/no\\\/wp-content\\\/uploads\\\/sites\\\/14\\\/2022\\\/02\\\/Buy-Quality-AL-LAD-blotters.jpg\",\"width\":225,\"height\":225},{\"@type\":\"BreadcrumbList\",\"@id\":\"https:\\\/\\\/medicinasinc.com\\\/no\\\/product\\\/kjop-kvalitet-al-lad-blottere\\\/#breadcrumb\",\"itemListElement\":[{\"@type\":\"ListItem\",\"position\":1,\"name\":\"Butikk\",\"item\":\"https:\\\/\\\/medicinasinc.com\\\/no\\\/butikk\\\/\"},{\"@type\":\"ListItem\",\"position\":2,\"name\":\"Kj\u00f8p kvalitets AL-LAD blotters\"}]},{\"@type\":\"WebSite\",\"@id\":\"https:\\\/\\\/medicinasinc.com\\\/no\\\/#website\",\"url\":\"https:\\\/\\\/medicinasinc.com\\\/no\\\/\",\"name\":\"Medicinas Inc\",\"description\":\"Helsemedisinsk klinikk\",\"potentialAction\":[{\"@type\":\"SearchAction\",\"target\":{\"@type\":\"EntryPoint\",\"urlTemplate\":\"https:\\\/\\\/medicinasinc.com\\\/no\\\/?s={search_term_string}\"},\"query-input\":{\"@type\":\"PropertyValueSpecification\",\"valueRequired\":true,\"valueName\":\"search_term_string\"}}],\"inLanguage\":\"nn-NO\"}]}<\/script>\n<!-- \/ Yoast SEO plugin. -->","yoast_head_json":{"title":"Kj\u00f8p kvalitets AL-LAD blotters - Beste beste globale medisiner","description":"Kj\u00f8p AL-LAD blotters Billig til salgs Storbritannia, Europa Online. 6-allyl-6-nor-LSD er et psykedelisk lysergamid ogs\u00e5 kjent som AL LAD (lysergsyredietylamid). 150mcg AL-LAD blotters.","robots":{"index":"index","follow":"follow","max-snippet":"max-snippet:-1","max-image-preview":"max-image-preview:large","max-video-preview":"max-video-preview:-1"},"canonical":"https:\/\/medicinasinc.com\/no\/product\/kjop-kvalitet-al-lad-blottere\/","og_locale":"nn_NO","og_type":"article","og_title":"Kj\u00f8p kvalitets AL-LAD blotters - Beste beste globale medisiner","og_description":"Kj\u00f8p AL-LAD blotters Billig til salgs Storbritannia, Europa Online. 6-allyl-6-nor-LSD er et psykedelisk lysergamid ogs\u00e5 kjent som AL LAD (lysergsyredietylamid). 150mcg AL-LAD blotters.","og_url":"https:\/\/medicinasinc.com\/no\/product\/kjop-kvalitet-al-lad-blottere\/","og_site_name":"Medicinas Inc","article_modified_time":"2022-03-22T01:08:42+00:00","og_image":[{"width":225,"height":225,"url":"https:\/\/medicinasinc.com\/no\/wp-content\/uploads\/sites\/14\/2022\/02\/Buy-Quality-AL-LAD-blotters.jpg","type":"image\/jpeg"}],"twitter_card":"summary_large_image","twitter_misc":{"Est. reading time":"2 minutt"},"schema":{"@context":"https:\/\/schema.org","@graph":[{"@type":"WebPage","@id":"https:\/\/medicinasinc.com\/no\/product\/kjop-kvalitet-al-lad-blottere\/","url":"https:\/\/medicinasinc.com\/no\/product\/kjop-kvalitet-al-lad-blottere\/","name":"Kj\u00f8p kvalitets AL-LAD blotters - Beste beste globale medisiner","isPartOf":{"@id":"https:\/\/medicinasinc.com\/no\/#website"},"primaryImageOfPage":{"@id":"https:\/\/medicinasinc.com\/no\/product\/kjop-kvalitet-al-lad-blottere\/#primaryimage"},"image":{"@id":"https:\/\/medicinasinc.com\/no\/product\/kjop-kvalitet-al-lad-blottere\/#primaryimage"},"thumbnailUrl":"https:\/\/medicinasinc.com\/no\/wp-content\/uploads\/sites\/14\/2022\/02\/Buy-Quality-AL-LAD-blotters.jpg","datePublished":"2022-02-20T17:00:55+00:00","dateModified":"2022-03-22T01:08:42+00:00","description":"Kj\u00f8p AL-LAD blotters Billig til salgs Storbritannia, Europa Online. 6-allyl-6-nor-LSD er et psykedelisk lysergamid ogs\u00e5 kjent som AL LAD (lysergsyredietylamid). 150mcg AL-LAD blotters.","breadcrumb":{"@id":"https:\/\/medicinasinc.com\/no\/product\/kjop-kvalitet-al-lad-blottere\/#breadcrumb"},"inLanguage":"nn-NO","potentialAction":[{"@type":"ReadAction","target":["https:\/\/medicinasinc.com\/no\/product\/kjop-kvalitet-al-lad-blottere\/"]}]},{"@type":"ImageObject","inLanguage":"nn-NO","@id":"https:\/\/medicinasinc.com\/no\/product\/kjop-kvalitet-al-lad-blottere\/#primaryimage","url":"https:\/\/medicinasinc.com\/no\/wp-content\/uploads\/sites\/14\/2022\/02\/Buy-Quality-AL-LAD-blotters.jpg","contentUrl":"https:\/\/medicinasinc.com\/no\/wp-content\/uploads\/sites\/14\/2022\/02\/Buy-Quality-AL-LAD-blotters.jpg","width":225,"height":225},{"@type":"BreadcrumbList","@id":"https:\/\/medicinasinc.com\/no\/product\/kjop-kvalitet-al-lad-blottere\/#breadcrumb","itemListElement":[{"@type":"ListItem","position":1,"name":"Butikk","item":"https:\/\/medicinasinc.com\/no\/butikk\/"},{"@type":"ListItem","position":2,"name":"Kj\u00f8p kvalitets AL-LAD blotters"}]},{"@type":"WebSite","@id":"https:\/\/medicinasinc.com\/no\/#website","url":"https:\/\/medicinasinc.com\/no\/","name":"Medicinas Inc","description":"Helsemedisinsk klinikk","potentialAction":[{"@type":"SearchAction","target":{"@type":"EntryPoint","urlTemplate":"https:\/\/medicinasinc.com\/no\/?s={search_term_string}"},"query-input":{"@type":"PropertyValueSpecification","valueRequired":true,"valueName":"search_term_string"}}],"inLanguage":"nn-NO"}]}},"_links":{"self":[{"href":"https:\/\/medicinasinc.com\/no\/wp-json\/wp\/v2\/product\/4859","targetHints":{"allow":["GET"]}}],"collection":[{"href":"https:\/\/medicinasinc.com\/no\/wp-json\/wp\/v2\/product"}],"about":[{"href":"https:\/\/medicinasinc.com\/no\/wp-json\/wp\/v2\/types\/product"}],"replies":[{"embeddable":true,"href":"https:\/\/medicinasinc.com\/no\/wp-json\/wp\/v2\/comments?post=4859"}],"wp:featuredmedia":[{"embeddable":true,"href":"https:\/\/medicinasinc.com\/no\/wp-json\/wp\/v2\/media\/4874"}],"wp:attachment":[{"href":"https:\/\/medicinasinc.com\/no\/wp-json\/wp\/v2\/media?parent=4859"}],"wp:term":[{"taxonomy":"product_brand","embeddable":true,"href":"https:\/\/medicinasinc.com\/no\/wp-json\/wp\/v2\/product_brand?post=4859"},{"taxonomy":"product_cat","embeddable":true,"href":"https:\/\/medicinasinc.com\/no\/wp-json\/wp\/v2\/product_cat?post=4859"},{"taxonomy":"product_tag","embeddable":true,"href":"https:\/\/medicinasinc.com\/no\/wp-json\/wp\/v2\/product_tag?post=4859"}],"curies":[{"name":"wp","href":"https:\/\/api.w.org\/{rel}","templated":true}]}}