{"id":4854,"date":"2022-02-20T16:56:44","date_gmt":"2022-02-20T16:56:44","guid":{"rendered":"https:\/\/medicinasinc.com\/no\/?post_type=product&#038;p=4854"},"modified":"2022-03-22T01:08:51","modified_gmt":"2022-03-22T01:08:51","slug":"buy-lsd-liquid-200ug-drop","status":"publish","type":"product","link":"https:\/\/medicinasinc.com\/no\/product\/buy-lsd-liquid-200ug-drop\/","title":{"rendered":"Kj\u00f8p LSD v\u00e6ske 200ug Drop"},"content":{"rendered":"<p>Kj\u00f8p flytende LSD 200ug &amp; slipp p\u00e5 nettet til en rabattert pris.<\/p>\n<p>Hva er flytende LSD?<\/p>\n<p>LSD, eller lysergsyredietylamid, er et hallusinogent stoff som kommer fra et kjemikalie som finnes i rugsoppen. Den er mest kjent for sin bruk i 1960-tallets motkultur, og dens p\u00e5f\u00f8lgende forbud ga den et overveiende negativt rykte.<\/p>\n<p>Albert Hofmann, en sveitsisk vitenskapsmann, syntetiserte LSD i 1938 i sitt Z\u00fcrich-laboratorium. I 1943, da en spormengde kom i kontakt med huden hans, oppdaget han uventet dens hallusinogene egenskaper.<\/p>\n<p>Kj\u00f8p LSD LSD er et sv\u00e6rt potent hallusinogener med enorme terapeutiske, spirituelle og kulturelle implikasjoner.<\/p>\n<p>Kj\u00f8p flytende LSD 200ug &amp; slipp p\u00e5 nettet til en rabattpris \u2013 Farmakologi<\/p>\n<p>Ved inntak fungerer LSD som en 5-HT (serotonin) reseptoraktivator samtidig som den \u00f8ker serotoninniv\u00e5et i hjernen betydelig ved \u00e5 hemme serotoninregulerende systemer. Kj\u00f8p flytende LSD 200ug &amp; slipp p\u00e5 nett til en rabattert pris. 200ug flytende LSD-pris LSD LSD foretrekker 2A-undertypen av de 15 serotoninreseptorene som finnes i hjernen (5-HT2A). 5-HT2A-reseptoren er involvert i prefrontale cortex kognitive prosesser. Dette er kritisk, ettersom mange av LSDs fordeler kommer fra dens involvering i den prefrontale cortex.<\/p>\n<p>Hvordan syntetiseres LSD?<\/p>\n<p>LSD-produksjon krever sterk kunnskap om organisk kjemi, en fullt utstyrt laboratorium (inkludert muligheten til \u00e5 sterilisere utstyr og tilgang til et m\u00f8rkt rom), og flere kjemikalier som enten for tiden er forbudt \u00e5 selge eller er underlagt tett overv\u00e5king av Drug Enforcement Agency (DEA). I motsetning til kjemikaliene som brukes til \u00e5 lage metamfetamin, finnes de ikke i vanlig brukte husholdningsartikler.<\/p>\n<p>Den prefrontale cortex antas \u00e5 v\u00e6re involvert i kompleks kognitiv atferdsplanlegging, personlighetsuttrykk, beslutningstaking og sosial atferdsmoderering . Kj\u00f8p flytende LSD 200ug &amp; slipp p\u00e5 nett til en rabattert pris. I tillegg er det avgj\u00f8rende for et menneskes evne til \u00e5 behandle data fra alle andre hjernesystemer og ta m\u00e5lrettede beslutninger som et resultat.<\/p>\n<p>Lysergsyredietylamid, oftere referert til som LSD, er et psykoaktivt stoff som endrer oppfatningen og for\u00e5rsaker hallusinasjoner.<\/p>\n","protected":false},"excerpt":{"rendered":"<p>LSD Liquid 200ug drop til salgs i Storbritannia, Europa til den beste markedsprisen. Alle produktene v\u00e5re er laget med helt naturlige, THC-frie ingredienser. Legg inn din bestilling online n\u00e5!<\/p>\n<p>Kj\u00f8p flytende lsd 200ug &amp; slipp p\u00e5 nett til en rabattert pris. \u00c5 kj\u00f8pe LSD er en enkel prosess; den er lett tilgjengelig p\u00e5 nettet i USA.<\/p>\n<p>200ug koster &#8211; 350<\/p>\n<p>&nbsp;<\/p>\n<p>&nbsp;<\/p>\n","protected":false},"featured_media":4868,"comment_status":"open","ping_status":"closed","template":"","meta":[],"product_brand":[],"product_cat":[703],"product_tag":[],"class_list":{"0":"post-4854","1":"product","2":"type-product","3":"status-publish","4":"has-post-thumbnail","6":"product_cat-kjpe-psykedeliske-narkotika","8":"first","9":"instock","10":"shipping-taxable","11":"purchasable","12":"product-type-simple"},"yoast_head":"<!-- This site is optimized with the Yoast SEO plugin v27.2 - https:\/\/yoast.com\/product\/yoast-seo-wordpress\/ -->\n<title>Kj\u00f8p LSD flytende 200ug Drop - Best Best Global Meds<\/title>\n<meta name=\"description\" content=\"Kj\u00f8p LSD Liquid 200ug drop i Storbritannia, Europa for salg til den beste markedsprisen. Alle v\u00e5re produkter er laget med rene naturlige ingredienser fri for THC. Bestill online n\u00e5!\" \/>\n<meta name=\"robots\" content=\"index, follow, max-snippet:-1, max-image-preview:large, max-video-preview:-1\" \/>\n<link rel=\"canonical\" href=\"https:\/\/medicinasinc.com\/no\/product\/buy-lsd-liquid-200ug-drop\/\" \/>\n<meta property=\"og:locale\" content=\"nn_NO\" \/>\n<meta property=\"og:type\" content=\"article\" \/>\n<meta property=\"og:title\" content=\"Kj\u00f8p LSD flytende 200ug Drop - Best Best Global Meds\" \/>\n<meta property=\"og:description\" content=\"Kj\u00f8p LSD Liquid 200ug drop i Storbritannia, Europa for salg til den beste markedsprisen. Alle v\u00e5re produkter er laget med rene naturlige ingredienser fri for THC. Bestill online n\u00e5!\" \/>\n<meta property=\"og:url\" content=\"https:\/\/medicinasinc.com\/no\/product\/buy-lsd-liquid-200ug-drop\/\" \/>\n<meta property=\"og:site_name\" content=\"Medicinas Inc\" \/>\n<meta property=\"article:modified_time\" content=\"2022-03-22T01:08:51+00:00\" \/>\n<meta property=\"og:image\" content=\"https:\/\/medicinasinc.com\/no\/wp-content\/uploads\/sites\/14\/2022\/02\/Buy-LSD-liquid-200ug-Drop.jpg\" \/>\n\t<meta property=\"og:image:width\" content=\"363\" \/>\n\t<meta property=\"og:image:height\" content=\"445\" \/>\n\t<meta property=\"og:image:type\" content=\"image\/jpeg\" \/>\n<meta name=\"twitter:card\" content=\"summary_large_image\" \/>\n<meta name=\"twitter:label1\" content=\"Est. reading time\" \/>\n\t<meta name=\"twitter:data1\" content=\"2 minutt\" \/>\n<script type=\"application\/ld+json\" class=\"yoast-schema-graph\">{\"@context\":\"https:\/\/schema.org\",\"@graph\":[{\"@type\":\"WebPage\",\"@id\":\"https:\/\/medicinasinc.com\/no\/product\/buy-lsd-liquid-200ug-drop\/\",\"url\":\"https:\/\/medicinasinc.com\/no\/product\/buy-lsd-liquid-200ug-drop\/\",\"name\":\"Kj\u00f8p LSD flytende 200ug Drop - Best Best Global Meds\",\"isPartOf\":{\"@id\":\"https:\/\/medicinasinc.com\/no\/#website\"},\"primaryImageOfPage\":{\"@id\":\"https:\/\/medicinasinc.com\/no\/product\/buy-lsd-liquid-200ug-drop\/#primaryimage\"},\"image\":{\"@id\":\"https:\/\/medicinasinc.com\/no\/product\/buy-lsd-liquid-200ug-drop\/#primaryimage\"},\"thumbnailUrl\":\"https:\/\/medicinasinc.com\/no\/wp-content\/uploads\/sites\/14\/2022\/02\/Buy-LSD-liquid-200ug-Drop.jpg\",\"datePublished\":\"2022-02-20T16:56:44+00:00\",\"dateModified\":\"2022-03-22T01:08:51+00:00\",\"description\":\"Kj\u00f8p LSD Liquid 200ug drop i Storbritannia, Europa for salg til den beste markedsprisen. Alle v\u00e5re produkter er laget med rene naturlige ingredienser fri for THC. Bestill online n\u00e5!\",\"breadcrumb\":{\"@id\":\"https:\/\/medicinasinc.com\/no\/product\/buy-lsd-liquid-200ug-drop\/#breadcrumb\"},\"inLanguage\":\"nn-NO\",\"potentialAction\":[{\"@type\":\"ReadAction\",\"target\":[\"https:\/\/medicinasinc.com\/no\/product\/buy-lsd-liquid-200ug-drop\/\"]}]},{\"@type\":\"ImageObject\",\"inLanguage\":\"nn-NO\",\"@id\":\"https:\/\/medicinasinc.com\/no\/product\/buy-lsd-liquid-200ug-drop\/#primaryimage\",\"url\":\"https:\/\/medicinasinc.com\/no\/wp-content\/uploads\/sites\/14\/2022\/02\/Buy-LSD-liquid-200ug-Drop.jpg\",\"contentUrl\":\"https:\/\/medicinasinc.com\/no\/wp-content\/uploads\/sites\/14\/2022\/02\/Buy-LSD-liquid-200ug-Drop.jpg\",\"width\":363,\"height\":445},{\"@type\":\"BreadcrumbList\",\"@id\":\"https:\/\/medicinasinc.com\/no\/product\/buy-lsd-liquid-200ug-drop\/#breadcrumb\",\"itemListElement\":[{\"@type\":\"ListItem\",\"position\":1,\"name\":\"Butikk\",\"item\":\"https:\/\/medicinasinc.com\/no\/butikk\/\"},{\"@type\":\"ListItem\",\"position\":2,\"name\":\"Kj\u00f8p LSD v\u00e6ske 200ug Drop\"}]},{\"@type\":\"WebSite\",\"@id\":\"https:\/\/medicinasinc.com\/no\/#website\",\"url\":\"https:\/\/medicinasinc.com\/no\/\",\"name\":\"Medicinas Inc\",\"description\":\"Helsemedisinsk klinikk\",\"potentialAction\":[{\"@type\":\"SearchAction\",\"target\":{\"@type\":\"EntryPoint\",\"urlTemplate\":\"https:\/\/medicinasinc.com\/no\/?s={search_term_string}\"},\"query-input\":{\"@type\":\"PropertyValueSpecification\",\"valueRequired\":true,\"valueName\":\"search_term_string\"}}],\"inLanguage\":\"nn-NO\"}]}<\/script>\n<!-- \/ Yoast SEO plugin. -->","yoast_head_json":{"title":"Kj\u00f8p LSD flytende 200ug Drop - Best Best Global Meds","description":"Kj\u00f8p LSD Liquid 200ug drop i Storbritannia, Europa for salg til den beste markedsprisen. Alle v\u00e5re produkter er laget med rene naturlige ingredienser fri for THC. Bestill online n\u00e5!","robots":{"index":"index","follow":"follow","max-snippet":"max-snippet:-1","max-image-preview":"max-image-preview:large","max-video-preview":"max-video-preview:-1"},"canonical":"https:\/\/medicinasinc.com\/no\/product\/buy-lsd-liquid-200ug-drop\/","og_locale":"nn_NO","og_type":"article","og_title":"Kj\u00f8p LSD flytende 200ug Drop - Best Best Global Meds","og_description":"Kj\u00f8p LSD Liquid 200ug drop i Storbritannia, Europa for salg til den beste markedsprisen. Alle v\u00e5re produkter er laget med rene naturlige ingredienser fri for THC. Bestill online n\u00e5!","og_url":"https:\/\/medicinasinc.com\/no\/product\/buy-lsd-liquid-200ug-drop\/","og_site_name":"Medicinas Inc","article_modified_time":"2022-03-22T01:08:51+00:00","og_image":[{"width":363,"height":445,"url":"https:\/\/medicinasinc.com\/no\/wp-content\/uploads\/sites\/14\/2022\/02\/Buy-LSD-liquid-200ug-Drop.jpg","type":"image\/jpeg"}],"twitter_card":"summary_large_image","twitter_misc":{"Est. reading time":"2 minutt"},"schema":{"@context":"https:\/\/schema.org","@graph":[{"@type":"WebPage","@id":"https:\/\/medicinasinc.com\/no\/product\/buy-lsd-liquid-200ug-drop\/","url":"https:\/\/medicinasinc.com\/no\/product\/buy-lsd-liquid-200ug-drop\/","name":"Kj\u00f8p LSD flytende 200ug Drop - Best Best Global Meds","isPartOf":{"@id":"https:\/\/medicinasinc.com\/no\/#website"},"primaryImageOfPage":{"@id":"https:\/\/medicinasinc.com\/no\/product\/buy-lsd-liquid-200ug-drop\/#primaryimage"},"image":{"@id":"https:\/\/medicinasinc.com\/no\/product\/buy-lsd-liquid-200ug-drop\/#primaryimage"},"thumbnailUrl":"https:\/\/medicinasinc.com\/no\/wp-content\/uploads\/sites\/14\/2022\/02\/Buy-LSD-liquid-200ug-Drop.jpg","datePublished":"2022-02-20T16:56:44+00:00","dateModified":"2022-03-22T01:08:51+00:00","description":"Kj\u00f8p LSD Liquid 200ug drop i Storbritannia, Europa for salg til den beste markedsprisen. Alle v\u00e5re produkter er laget med rene naturlige ingredienser fri for THC. Bestill online n\u00e5!","breadcrumb":{"@id":"https:\/\/medicinasinc.com\/no\/product\/buy-lsd-liquid-200ug-drop\/#breadcrumb"},"inLanguage":"nn-NO","potentialAction":[{"@type":"ReadAction","target":["https:\/\/medicinasinc.com\/no\/product\/buy-lsd-liquid-200ug-drop\/"]}]},{"@type":"ImageObject","inLanguage":"nn-NO","@id":"https:\/\/medicinasinc.com\/no\/product\/buy-lsd-liquid-200ug-drop\/#primaryimage","url":"https:\/\/medicinasinc.com\/no\/wp-content\/uploads\/sites\/14\/2022\/02\/Buy-LSD-liquid-200ug-Drop.jpg","contentUrl":"https:\/\/medicinasinc.com\/no\/wp-content\/uploads\/sites\/14\/2022\/02\/Buy-LSD-liquid-200ug-Drop.jpg","width":363,"height":445},{"@type":"BreadcrumbList","@id":"https:\/\/medicinasinc.com\/no\/product\/buy-lsd-liquid-200ug-drop\/#breadcrumb","itemListElement":[{"@type":"ListItem","position":1,"name":"Butikk","item":"https:\/\/medicinasinc.com\/no\/butikk\/"},{"@type":"ListItem","position":2,"name":"Kj\u00f8p LSD v\u00e6ske 200ug Drop"}]},{"@type":"WebSite","@id":"https:\/\/medicinasinc.com\/no\/#website","url":"https:\/\/medicinasinc.com\/no\/","name":"Medicinas Inc","description":"Helsemedisinsk klinikk","potentialAction":[{"@type":"SearchAction","target":{"@type":"EntryPoint","urlTemplate":"https:\/\/medicinasinc.com\/no\/?s={search_term_string}"},"query-input":{"@type":"PropertyValueSpecification","valueRequired":true,"valueName":"search_term_string"}}],"inLanguage":"nn-NO"}]}},"_links":{"self":[{"href":"https:\/\/medicinasinc.com\/no\/wp-json\/wp\/v2\/product\/4854","targetHints":{"allow":["GET"]}}],"collection":[{"href":"https:\/\/medicinasinc.com\/no\/wp-json\/wp\/v2\/product"}],"about":[{"href":"https:\/\/medicinasinc.com\/no\/wp-json\/wp\/v2\/types\/product"}],"replies":[{"embeddable":true,"href":"https:\/\/medicinasinc.com\/no\/wp-json\/wp\/v2\/comments?post=4854"}],"wp:featuredmedia":[{"embeddable":true,"href":"https:\/\/medicinasinc.com\/no\/wp-json\/wp\/v2\/media\/4868"}],"wp:attachment":[{"href":"https:\/\/medicinasinc.com\/no\/wp-json\/wp\/v2\/media?parent=4854"}],"wp:term":[{"taxonomy":"product_brand","embeddable":true,"href":"https:\/\/medicinasinc.com\/no\/wp-json\/wp\/v2\/product_brand?post=4854"},{"taxonomy":"product_cat","embeddable":true,"href":"https:\/\/medicinasinc.com\/no\/wp-json\/wp\/v2\/product_cat?post=4854"},{"taxonomy":"product_tag","embeddable":true,"href":"https:\/\/medicinasinc.com\/no\/wp-json\/wp\/v2\/product_tag?post=4854"}],"curies":[{"name":"wp","href":"https:\/\/api.w.org\/{rel}","templated":true}]}}