{"id":4849,"date":"2022-02-20T16:51:26","date_gmt":"2022-02-20T16:51:26","guid":{"rendered":"https:\/\/medicinasinc.com\/no\/?post_type=product&#038;p=4849"},"modified":"2022-03-22T01:09:03","modified_gmt":"2022-03-22T01:09:03","slug":"kjop-ibogaine-pulver","status":"publish","type":"product","link":"https:\/\/medicinasinc.com\/no\/product\/kjop-ibogaine-pulver\/","title":{"rendered":"Kj\u00f8p Ibogaine Powder"},"content":{"rendered":"<p>Ibogainhydroklorid<\/p>\n<p>Ibogaine HCL er et naturlig forekommende psykoaktivt stoff som finnes i planter som tilh\u00f8rer Apocynaceae-familien, inkludert Tabernanthe iboga, Voacanga africana og Tabernaemontana undulata.<\/p>\n<p>Det er en dissosiativ psykedelisk. Forel\u00f8pig forskning indikerer at det kan v\u00e6re gunstig i behandlingen av rusavhengighet. Ibogaine er tilgjengelig for kj\u00f8p. Ibogaine HCL kan kj\u00f8pes online. Ibogain hydroklorid pulver. Ibogain kan kj\u00f8pes p\u00e5 nettet.<\/p>\n<p>I tillegg, fra og med 2016, er det mange former for ibogain tilgjengelig, alt fra rotpulveret, som inneholder ekstremt spor av ibogain og har sv\u00e6rt liten effekt n\u00e5r det brukes til \u00e5 lindre opioid abstinenssymptomer, til h\u00f8yt renset, 99,7 prosent ren Ibogaine HCL. Ibogaine HCL til salgs p\u00e5 nettet<\/p>\n<p>Ibogaine Hydrochloride til salgs<\/p>\n<p>Til \u00e5 begynne med bruker vi 99,7 % ren farmas\u00f8ytisk kvalitet ibogaine HCL p\u00e5 Meds Consultings behandlingssenter for ibogaine. Vi bruker ikke billig semisyntetisk ibogain avledet fra Voacanga africana, og vi bruker heller ikke ekstrakter av TA (total alkaloid) eller PTA (renset total alkaloid). Ibogaine kan kj\u00f8pes p\u00e5 nettet.<\/p>\n<p>R\u00e5varene v\u00e5re har sin opprinnelse i Kamerun (ikke Gabon), via et bondekooperativ som har dyrket TA iboga til v\u00e5rt bruk siden midten av 1990-tallet, ved \u00e5 bruke milj\u00f8vennlig, b\u00e6rekraftig landbruk praksis. Vi bruker ikke materialer fra det svarte eller gr\u00e5 markedet som er ukjent med hensyn til opprinnelse eller renhet. Ibogaine HCL kan kj\u00f8pes p\u00e5 nettet.<\/p>\n<p>V\u00e5rt ibogainhydroklorid ble produsert i et cGMP-kompatibelt laboratorium som overholder alle USFDAs retningslinjer. Meds Consulting bruker den reneste Ibogaine HCL som er tilgjengelig ved bruk av naturlig produktkjemi; materialene v\u00e5re er sertifisert 99,7 % rene via HPLC-analyse.<\/p>\n<p>Ibogaines psykoaktive egenskaper<\/p>\n<p>Til \u00e5 begynne med produserer Ibogaines psykoaktive egenskaper en forbedret \u00e5ndelig opplevelse. Pasienten f\u00e5r dyp innsikt, som gir dem klarhet i livet og motiverer dem til \u00e5 gj\u00f8re psykologiske endringer og leve rusfrie liv. Ibogain er tilgjengelig for kj\u00f8p.<\/p>\n<p>Ibogain har et betydelig potensiale for behandling av hard narkotikaavhengighet som heroin, metadon, kokain, crack og alkohol, if\u00f8lge studier. I tillegg er det bevis p\u00e5 at det er gunstig i behandlingen av tobakksavhengighet. Ibogaine kan kj\u00f8pes online.<\/p>\n<p>I tillegg gir Ibogaine muligheter for psykoterapi og \u00e5ndelig l\u00e6rer. I tillegg kan Ibogaine brukes i psykoterapi for \u00e5 behandle effekten av traumer eller kondisjonering. Ibogain er tilgjengelig for kj\u00f8p.<\/p>\n<p>Er terapi effektiv og trygg?<\/p>\n<p>Enkeltpersoner ser av og til etter ibogain for salg i h\u00e5p om \u00e5 gjennomg\u00e5 ibogainterapi for opiatavhengighet. Imidlertid, som med all behandling, garanterer ikke ibogainbehandling suksess. Det beste ibogainhydrokloridpulveret<\/p>\n<p>I tillegg kan ibogain HCL-terapi brukes for \u00e5 hjelpe en person med \u00e5 overvinne en opiatavhengighet. Ibogain er tilgjengelig for kj\u00f8p.<\/p>\n<p>I tillegg hjelper ibogain med \u00e5 tilbakestille kjemiske niv\u00e5er i hjernen, men hjernen blir fysisk avhengig av ibogain relativt raskt. Derfor, hvis en person bruker en overdreven mengde ibogain p\u00e5 en gang, kan han eller hun lide av en d\u00f8delig overdose. Ibogaine kan kj\u00f8pes online.<\/p>\n<p>Ikke alle ibogaine er skapt like. Ulike materialer kan ha markant forskjellige effekter. V\u00e5r ibogaine er identisk med den som er brukt i alle monografier publisert i fagfellevurderte tidsskrifter til dags dato, og viser ibogaines antatte evne til \u00e5 lindre abstinenssymptomer assosiert med polysubstansmisbruksforstyrrelser. Ibogaine kan kj\u00f8pes p\u00e5 nettet.<\/p>\n<p>Vi tilbyr verdens sikreste og mest effektive ibogaine-detox-program, ved \u00e5 bruke det reneste ibogainhydrokloridet som er tilgjengelig p\u00e5 planeten. Ibogainhydrokloridpulver.<\/p>\n","protected":false},"excerpt":{"rendered":"<div class=\"woocommerce-product-details__short-description\">\n<p>Kj\u00f8p Ibogaine Powder fra Afrika i Storbritannia, Europa for salg fra den beste nettsiden, Ibogaine for salg p\u00e5 nettet. F\u00e5 Iboga rotbark, Ibogaine hcl, Iboga TA, Ibogaine capsule og voacanga p\u00e5 get ibogaine.<\/p>\n<p>Ibogaine HCL (hydroklorid) er isolert fra v\u00e5r Iboga TA-ekstrakt og er ~95-99% ren Ibogaine HCL.<\/p>\n<\/p><\/div>\n","protected":false},"featured_media":4862,"comment_status":"open","ping_status":"closed","template":"","meta":[],"product_brand":[],"product_cat":[703],"product_tag":[742,728,729,730,731,733,725,735,739,740,736,738,737,734,741,726,727,732,743,744],"class_list":{"0":"post-4849","1":"product","2":"type-product","3":"status-publish","4":"has-post-thumbnail","6":"product_cat-kjpe-psykedeliske-narkotika","7":"product_tag-bestille-iboga-online","8":"product_tag-buy-iboga-root-bark","9":"product_tag-buy-iboga-root-bark-chips","10":"product_tag-buy-iboga-root-bark-online","11":"product_tag-buy-ibogaine","12":"product_tag-eboka","13":"product_tag-hellig-tre","14":"product_tag-iboga-powder","15":"product_tag-iboga-root-bark-for-sale","16":"product_tag-iboga-root-bark-for-sale-online","17":"product_tag-iboga-root-tilbake-til-salg","18":"product_tag-iboga-rot-bark-til-salg","19":"product_tag-iboga-rot-bark-flis-til-salg","20":"product_tag-iboga-til-salg","21":"product_tag-ibogaine-til-salg","22":"product_tag-kjpe-iboga","23":"product_tag-kjp-iboga-root-tilbake","24":"product_tag-kjp-ibogaine-online","25":"product_tag-pure-iboga-powder-for-sale","26":"product_tag-tabernanthe-iboga","28":"first","29":"instock","30":"shipping-taxable","31":"purchasable","32":"product-type-variable","33":"has-default-attributes"},"yoast_head":"<!-- This site is optimized with the Yoast SEO plugin v27.3 - https:\/\/yoast.com\/product\/yoast-seo-wordpress\/ -->\n<title>Kj\u00f8p Ibogaine Powder - Iboga til salgs - Best Best Global Meds<\/title>\n<meta name=\"description\" content=\"Kj\u00f8p Ibogaine Powder fra Afrika i Storbritannia, Europa for salg fra den beste nettsiden, Ibogaine til salgs online. F\u00e5 Iboga rotbark, Ibogaine hcl, Iboga TA, Ibogaine capsule og voacanga p\u00e5 get ibogaine.\" \/>\n<meta name=\"robots\" content=\"index, follow, max-snippet:-1, max-image-preview:large, max-video-preview:-1\" \/>\n<link rel=\"canonical\" href=\"https:\/\/medicinasinc.com\/no\/product\/kjop-ibogaine-pulver\/\" \/>\n<meta property=\"og:locale\" content=\"nn_NO\" \/>\n<meta property=\"og:type\" content=\"article\" \/>\n<meta property=\"og:title\" content=\"Kj\u00f8p Ibogaine Powder - Iboga til salgs - Best Best Global Meds\" \/>\n<meta property=\"og:description\" content=\"Kj\u00f8p Ibogaine Powder fra Afrika i Storbritannia, Europa for salg fra den beste nettsiden, Ibogaine til salgs online. F\u00e5 Iboga rotbark, Ibogaine hcl, Iboga TA, Ibogaine capsule og voacanga p\u00e5 get ibogaine.\" \/>\n<meta property=\"og:url\" content=\"https:\/\/medicinasinc.com\/no\/product\/kjop-ibogaine-pulver\/\" \/>\n<meta property=\"og:site_name\" content=\"Medicinas Inc\" \/>\n<meta property=\"article:modified_time\" content=\"2022-03-22T01:09:03+00:00\" \/>\n<meta property=\"og:image\" content=\"https:\/\/medicinasinc.com\/no\/wp-content\/uploads\/sites\/14\/2022\/02\/Buy-Ibogaine-Powder.webp\" \/>\n\t<meta property=\"og:image:width\" content=\"400\" \/>\n\t<meta property=\"og:image:height\" content=\"533\" \/>\n\t<meta property=\"og:image:type\" content=\"image\/webp\" \/>\n<meta name=\"twitter:card\" content=\"summary_large_image\" \/>\n<meta name=\"twitter:label1\" content=\"Est. reading time\" \/>\n\t<meta name=\"twitter:data1\" content=\"3 minutt\" \/>\n<script type=\"application\/ld+json\" class=\"yoast-schema-graph\">{\"@context\":\"https:\\\/\\\/schema.org\",\"@graph\":[{\"@type\":\"WebPage\",\"@id\":\"https:\\\/\\\/medicinasinc.com\\\/no\\\/product\\\/kjop-ibogaine-pulver\\\/\",\"url\":\"https:\\\/\\\/medicinasinc.com\\\/no\\\/product\\\/kjop-ibogaine-pulver\\\/\",\"name\":\"Kj\u00f8p Ibogaine Powder - Iboga til salgs - Best Best Global Meds\",\"isPartOf\":{\"@id\":\"https:\\\/\\\/medicinasinc.com\\\/no\\\/#website\"},\"primaryImageOfPage\":{\"@id\":\"https:\\\/\\\/medicinasinc.com\\\/no\\\/product\\\/kjop-ibogaine-pulver\\\/#primaryimage\"},\"image\":{\"@id\":\"https:\\\/\\\/medicinasinc.com\\\/no\\\/product\\\/kjop-ibogaine-pulver\\\/#primaryimage\"},\"thumbnailUrl\":\"https:\\\/\\\/medicinasinc.com\\\/no\\\/wp-content\\\/uploads\\\/sites\\\/14\\\/2022\\\/02\\\/Buy-Ibogaine-Powder.webp\",\"datePublished\":\"2022-02-20T16:51:26+00:00\",\"dateModified\":\"2022-03-22T01:09:03+00:00\",\"description\":\"Kj\u00f8p Ibogaine Powder fra Afrika i Storbritannia, Europa for salg fra den beste nettsiden, Ibogaine til salgs online. F\u00e5 Iboga rotbark, Ibogaine hcl, Iboga TA, Ibogaine capsule og voacanga p\u00e5 get ibogaine.\",\"breadcrumb\":{\"@id\":\"https:\\\/\\\/medicinasinc.com\\\/no\\\/product\\\/kjop-ibogaine-pulver\\\/#breadcrumb\"},\"inLanguage\":\"nn-NO\",\"potentialAction\":[{\"@type\":\"ReadAction\",\"target\":[\"https:\\\/\\\/medicinasinc.com\\\/no\\\/product\\\/kjop-ibogaine-pulver\\\/\"]}]},{\"@type\":\"ImageObject\",\"inLanguage\":\"nn-NO\",\"@id\":\"https:\\\/\\\/medicinasinc.com\\\/no\\\/product\\\/kjop-ibogaine-pulver\\\/#primaryimage\",\"url\":\"https:\\\/\\\/medicinasinc.com\\\/no\\\/wp-content\\\/uploads\\\/sites\\\/14\\\/2022\\\/02\\\/Buy-Ibogaine-Powder.webp\",\"contentUrl\":\"https:\\\/\\\/medicinasinc.com\\\/no\\\/wp-content\\\/uploads\\\/sites\\\/14\\\/2022\\\/02\\\/Buy-Ibogaine-Powder.webp\",\"width\":400,\"height\":533},{\"@type\":\"BreadcrumbList\",\"@id\":\"https:\\\/\\\/medicinasinc.com\\\/no\\\/product\\\/kjop-ibogaine-pulver\\\/#breadcrumb\",\"itemListElement\":[{\"@type\":\"ListItem\",\"position\":1,\"name\":\"Butikk\",\"item\":\"https:\\\/\\\/medicinasinc.com\\\/no\\\/butikk\\\/\"},{\"@type\":\"ListItem\",\"position\":2,\"name\":\"Kj\u00f8p Ibogaine Powder\"}]},{\"@type\":\"WebSite\",\"@id\":\"https:\\\/\\\/medicinasinc.com\\\/no\\\/#website\",\"url\":\"https:\\\/\\\/medicinasinc.com\\\/no\\\/\",\"name\":\"Medicinas Inc\",\"description\":\"Helsemedisinsk klinikk\",\"potentialAction\":[{\"@type\":\"SearchAction\",\"target\":{\"@type\":\"EntryPoint\",\"urlTemplate\":\"https:\\\/\\\/medicinasinc.com\\\/no\\\/?s={search_term_string}\"},\"query-input\":{\"@type\":\"PropertyValueSpecification\",\"valueRequired\":true,\"valueName\":\"search_term_string\"}}],\"inLanguage\":\"nn-NO\"}]}<\/script>\n<!-- \/ Yoast SEO plugin. -->","yoast_head_json":{"title":"Kj\u00f8p Ibogaine Powder - Iboga til salgs - Best Best Global Meds","description":"Kj\u00f8p Ibogaine Powder fra Afrika i Storbritannia, Europa for salg fra den beste nettsiden, Ibogaine til salgs online. F\u00e5 Iboga rotbark, Ibogaine hcl, Iboga TA, Ibogaine capsule og voacanga p\u00e5 get ibogaine.","robots":{"index":"index","follow":"follow","max-snippet":"max-snippet:-1","max-image-preview":"max-image-preview:large","max-video-preview":"max-video-preview:-1"},"canonical":"https:\/\/medicinasinc.com\/no\/product\/kjop-ibogaine-pulver\/","og_locale":"nn_NO","og_type":"article","og_title":"Kj\u00f8p Ibogaine Powder - Iboga til salgs - Best Best Global Meds","og_description":"Kj\u00f8p Ibogaine Powder fra Afrika i Storbritannia, Europa for salg fra den beste nettsiden, Ibogaine til salgs online. F\u00e5 Iboga rotbark, Ibogaine hcl, Iboga TA, Ibogaine capsule og voacanga p\u00e5 get ibogaine.","og_url":"https:\/\/medicinasinc.com\/no\/product\/kjop-ibogaine-pulver\/","og_site_name":"Medicinas Inc","article_modified_time":"2022-03-22T01:09:03+00:00","og_image":[{"width":400,"height":533,"url":"https:\/\/medicinasinc.com\/no\/wp-content\/uploads\/sites\/14\/2022\/02\/Buy-Ibogaine-Powder.webp","type":"image\/webp"}],"twitter_card":"summary_large_image","twitter_misc":{"Est. reading time":"3 minutt"},"schema":{"@context":"https:\/\/schema.org","@graph":[{"@type":"WebPage","@id":"https:\/\/medicinasinc.com\/no\/product\/kjop-ibogaine-pulver\/","url":"https:\/\/medicinasinc.com\/no\/product\/kjop-ibogaine-pulver\/","name":"Kj\u00f8p Ibogaine Powder - Iboga til salgs - Best Best Global Meds","isPartOf":{"@id":"https:\/\/medicinasinc.com\/no\/#website"},"primaryImageOfPage":{"@id":"https:\/\/medicinasinc.com\/no\/product\/kjop-ibogaine-pulver\/#primaryimage"},"image":{"@id":"https:\/\/medicinasinc.com\/no\/product\/kjop-ibogaine-pulver\/#primaryimage"},"thumbnailUrl":"https:\/\/medicinasinc.com\/no\/wp-content\/uploads\/sites\/14\/2022\/02\/Buy-Ibogaine-Powder.webp","datePublished":"2022-02-20T16:51:26+00:00","dateModified":"2022-03-22T01:09:03+00:00","description":"Kj\u00f8p Ibogaine Powder fra Afrika i Storbritannia, Europa for salg fra den beste nettsiden, Ibogaine til salgs online. F\u00e5 Iboga rotbark, Ibogaine hcl, Iboga TA, Ibogaine capsule og voacanga p\u00e5 get ibogaine.","breadcrumb":{"@id":"https:\/\/medicinasinc.com\/no\/product\/kjop-ibogaine-pulver\/#breadcrumb"},"inLanguage":"nn-NO","potentialAction":[{"@type":"ReadAction","target":["https:\/\/medicinasinc.com\/no\/product\/kjop-ibogaine-pulver\/"]}]},{"@type":"ImageObject","inLanguage":"nn-NO","@id":"https:\/\/medicinasinc.com\/no\/product\/kjop-ibogaine-pulver\/#primaryimage","url":"https:\/\/medicinasinc.com\/no\/wp-content\/uploads\/sites\/14\/2022\/02\/Buy-Ibogaine-Powder.webp","contentUrl":"https:\/\/medicinasinc.com\/no\/wp-content\/uploads\/sites\/14\/2022\/02\/Buy-Ibogaine-Powder.webp","width":400,"height":533},{"@type":"BreadcrumbList","@id":"https:\/\/medicinasinc.com\/no\/product\/kjop-ibogaine-pulver\/#breadcrumb","itemListElement":[{"@type":"ListItem","position":1,"name":"Butikk","item":"https:\/\/medicinasinc.com\/no\/butikk\/"},{"@type":"ListItem","position":2,"name":"Kj\u00f8p Ibogaine Powder"}]},{"@type":"WebSite","@id":"https:\/\/medicinasinc.com\/no\/#website","url":"https:\/\/medicinasinc.com\/no\/","name":"Medicinas Inc","description":"Helsemedisinsk klinikk","potentialAction":[{"@type":"SearchAction","target":{"@type":"EntryPoint","urlTemplate":"https:\/\/medicinasinc.com\/no\/?s={search_term_string}"},"query-input":{"@type":"PropertyValueSpecification","valueRequired":true,"valueName":"search_term_string"}}],"inLanguage":"nn-NO"}]}},"_links":{"self":[{"href":"https:\/\/medicinasinc.com\/no\/wp-json\/wp\/v2\/product\/4849","targetHints":{"allow":["GET"]}}],"collection":[{"href":"https:\/\/medicinasinc.com\/no\/wp-json\/wp\/v2\/product"}],"about":[{"href":"https:\/\/medicinasinc.com\/no\/wp-json\/wp\/v2\/types\/product"}],"replies":[{"embeddable":true,"href":"https:\/\/medicinasinc.com\/no\/wp-json\/wp\/v2\/comments?post=4849"}],"wp:featuredmedia":[{"embeddable":true,"href":"https:\/\/medicinasinc.com\/no\/wp-json\/wp\/v2\/media\/4862"}],"wp:attachment":[{"href":"https:\/\/medicinasinc.com\/no\/wp-json\/wp\/v2\/media?parent=4849"}],"wp:term":[{"taxonomy":"product_brand","embeddable":true,"href":"https:\/\/medicinasinc.com\/no\/wp-json\/wp\/v2\/product_brand?post=4849"},{"taxonomy":"product_cat","embeddable":true,"href":"https:\/\/medicinasinc.com\/no\/wp-json\/wp\/v2\/product_cat?post=4849"},{"taxonomy":"product_tag","embeddable":true,"href":"https:\/\/medicinasinc.com\/no\/wp-json\/wp\/v2\/product_tag?post=4849"}],"curies":[{"name":"wp","href":"https:\/\/api.w.org\/{rel}","templated":true}]}}