{"id":4848,"date":"2022-02-20T16:50:30","date_gmt":"2022-02-20T16:50:30","guid":{"rendered":"https:\/\/medicinasinc.com\/no\/?post_type=product&#038;p=4848"},"modified":"2022-03-22T01:09:12","modified_gmt":"2022-03-22T01:09:12","slug":"kjope-ketamin-pulver","status":"publish","type":"product","link":"https:\/\/medicinasinc.com\/no\/product\/kjope-ketamin-pulver\/","title":{"rendered":"Kj\u00f8p ketaminpulver"},"content":{"rendered":"<p>Ketaminpulver kan kj\u00f8pes p\u00e5 nettet.<\/p>\n<p>Kj\u00f8p ketaminpulver for postoperativ smertebehandling<br \/> Postoperativ smerte oppst\u00e5r etter st\u00f8rre operasjoner som inkluderer snitt og grafting. Det kan vedvare i to til fem dager, og riktig behandling er n\u00f8dvendig for \u00e5 utrydde den. Utilstrekkelig kontroll kan f\u00f8re til immobilitet, vanskeligere tid \u00e5 gjenvinne funksjonen og en forsinket restitusjon. M\u00e5let er \u00e5 lindre ubehag med f\u00e6rrest mulige bivirkninger. Til tross for mange \u00e5r med fremskritt innen smertebehandling, er det prim\u00e6re oppholdet i postoperativ terapi fortsatt anestetika som ketaminpulver til salgs. De binder seg til sentralnervesystemets reseptorer og hemmer overf\u00f8ringen av smertesignaler. Den har en rask innsettende virkning og en times effekt. De som er ansvarlige for \u00e5 administrere medisinen b\u00f8r s\u00f8rge for at ingen d\u00f8delige interaksjoner oppst\u00e5r.<\/p>\n<p>Beste globale medisiner \u2013 den eneste kilden for rimelig ketaminpulver<br \/> Et bredt utvalg av reseptbelagte medisiner er n\u00e5 tilgjengelig uten \u00e5 flytte en tomme fra et sted. Hos Best Global Meds kan du bestille ketaminpulver fra ditt hjem eller kontor. Vi streber etter \u00e5 gj\u00f8re netthandel enkel og sikker for v\u00e5re kunder. Det er derfor vi aksepterer en rekke betalingsmetoder, inkludert kryptovaluta, og beskytter kredittkortinformasjonen din gjennom kredittkortkryptering. I tillegg er fraktprosedyren risikofri. Vi samarbeider med anerkjente transport\u00f8rer for \u00e5 sikre medisinene dine og sende dem direkte hjem til deg.<\/p>\n<p>Hvis du har sp\u00f8rsm\u00e5l om oss eller produktene v\u00e5re, vennligst kontakt en av v\u00e5re ledere. Vi svarer gjerne p\u00e5 alle sp\u00f8rsm\u00e5l du m\u00e5tte ha!<\/p>\n","protected":false},"excerpt":{"rendered":"<div class=\"woocommerce-product-details__short-description\">\n<p>Kj\u00f8p ketaminpulver Frakt til EU, betaling via Bitcoin. Ketaminpulver med rabatt &#8211; kj\u00f8pe forskningskjemikalier i Europa. Europas st\u00f8rste forhandler av ketaminpulver.<\/p>\n<p>Ketaminpulver kan kj\u00f8pes p\u00e5 nett. Kj\u00f8p ketamin HCL-pulver p\u00e5 nett \u2013 Kj\u00f8p ketaminpulver p\u00e5 nett \u2013 Bestill ketaminpulver<\/p>\n<\/p><\/div>\n","protected":false},"featured_media":4860,"comment_status":"open","ping_status":"closed","template":"","meta":[],"product_brand":[],"product_cat":[703],"product_tag":[],"class_list":{"0":"post-4848","1":"product","2":"type-product","3":"status-publish","4":"has-post-thumbnail","6":"product_cat-kjpe-psykedeliske-narkotika","8":"first","9":"instock","10":"shipping-taxable","11":"purchasable","12":"product-type-variable","13":"has-default-attributes"},"yoast_head":"<!-- This site is optimized with the Yoast SEO plugin v27.3 - https:\/\/yoast.com\/product\/yoast-seo-wordpress\/ -->\n<title>Kj\u00f8p Ketaminpulver - Ketaminsalg Europa - Beste beste globale medisiner<\/title>\n<meta name=\"description\" content=\"Kj\u00f8p ketaminpulver til salgs EU-frakt, Bitcoin-betaling. Billig leverand\u00f8r av ketaminpulver - kj\u00f8p forskningskjemikalier i Europa. Ketaminpulverbutikk i Europa.\" \/>\n<meta name=\"robots\" content=\"index, follow, max-snippet:-1, max-image-preview:large, max-video-preview:-1\" \/>\n<link rel=\"canonical\" href=\"https:\/\/medicinasinc.com\/no\/product\/kjope-ketamin-pulver\/\" \/>\n<meta property=\"og:locale\" content=\"nn_NO\" \/>\n<meta property=\"og:type\" content=\"article\" \/>\n<meta property=\"og:title\" content=\"Kj\u00f8p Ketaminpulver - Ketaminsalg Europa - Beste beste globale medisiner\" \/>\n<meta property=\"og:description\" content=\"Kj\u00f8p ketaminpulver til salgs EU-frakt, Bitcoin-betaling. Billig leverand\u00f8r av ketaminpulver - kj\u00f8p forskningskjemikalier i Europa. Ketaminpulverbutikk i Europa.\" \/>\n<meta property=\"og:url\" content=\"https:\/\/medicinasinc.com\/no\/product\/kjope-ketamin-pulver\/\" \/>\n<meta property=\"og:site_name\" content=\"Medicinas Inc\" \/>\n<meta property=\"article:modified_time\" content=\"2022-03-22T01:09:12+00:00\" \/>\n<meta property=\"og:image\" content=\"https:\/\/medicinasinc.com\/no\/wp-content\/uploads\/sites\/14\/2022\/02\/Buy-Ketamine-powder.jpg\" \/>\n\t<meta property=\"og:image:width\" content=\"900\" \/>\n\t<meta property=\"og:image:height\" content=\"675\" \/>\n\t<meta property=\"og:image:type\" content=\"image\/jpeg\" \/>\n<meta name=\"twitter:card\" content=\"summary_large_image\" \/>\n<meta name=\"twitter:label1\" content=\"Est. reading time\" \/>\n\t<meta name=\"twitter:data1\" content=\"2 minutt\" \/>\n<script type=\"application\/ld+json\" class=\"yoast-schema-graph\">{\"@context\":\"https:\\\/\\\/schema.org\",\"@graph\":[{\"@type\":\"WebPage\",\"@id\":\"https:\\\/\\\/medicinasinc.com\\\/no\\\/product\\\/kjope-ketamin-pulver\\\/\",\"url\":\"https:\\\/\\\/medicinasinc.com\\\/no\\\/product\\\/kjope-ketamin-pulver\\\/\",\"name\":\"Kj\u00f8p Ketaminpulver - Ketaminsalg Europa - Beste beste globale medisiner\",\"isPartOf\":{\"@id\":\"https:\\\/\\\/medicinasinc.com\\\/no\\\/#website\"},\"primaryImageOfPage\":{\"@id\":\"https:\\\/\\\/medicinasinc.com\\\/no\\\/product\\\/kjope-ketamin-pulver\\\/#primaryimage\"},\"image\":{\"@id\":\"https:\\\/\\\/medicinasinc.com\\\/no\\\/product\\\/kjope-ketamin-pulver\\\/#primaryimage\"},\"thumbnailUrl\":\"https:\\\/\\\/medicinasinc.com\\\/no\\\/wp-content\\\/uploads\\\/sites\\\/14\\\/2022\\\/02\\\/Buy-Ketamine-powder.jpg\",\"datePublished\":\"2022-02-20T16:50:30+00:00\",\"dateModified\":\"2022-03-22T01:09:12+00:00\",\"description\":\"Kj\u00f8p ketaminpulver til salgs EU-frakt, Bitcoin-betaling. Billig leverand\u00f8r av ketaminpulver - kj\u00f8p forskningskjemikalier i Europa. Ketaminpulverbutikk i Europa.\",\"breadcrumb\":{\"@id\":\"https:\\\/\\\/medicinasinc.com\\\/no\\\/product\\\/kjope-ketamin-pulver\\\/#breadcrumb\"},\"inLanguage\":\"nn-NO\",\"potentialAction\":[{\"@type\":\"ReadAction\",\"target\":[\"https:\\\/\\\/medicinasinc.com\\\/no\\\/product\\\/kjope-ketamin-pulver\\\/\"]}]},{\"@type\":\"ImageObject\",\"inLanguage\":\"nn-NO\",\"@id\":\"https:\\\/\\\/medicinasinc.com\\\/no\\\/product\\\/kjope-ketamin-pulver\\\/#primaryimage\",\"url\":\"https:\\\/\\\/medicinasinc.com\\\/no\\\/wp-content\\\/uploads\\\/sites\\\/14\\\/2022\\\/02\\\/Buy-Ketamine-powder.jpg\",\"contentUrl\":\"https:\\\/\\\/medicinasinc.com\\\/no\\\/wp-content\\\/uploads\\\/sites\\\/14\\\/2022\\\/02\\\/Buy-Ketamine-powder.jpg\",\"width\":900,\"height\":675},{\"@type\":\"BreadcrumbList\",\"@id\":\"https:\\\/\\\/medicinasinc.com\\\/no\\\/product\\\/kjope-ketamin-pulver\\\/#breadcrumb\",\"itemListElement\":[{\"@type\":\"ListItem\",\"position\":1,\"name\":\"Butikk\",\"item\":\"https:\\\/\\\/medicinasinc.com\\\/no\\\/butikk\\\/\"},{\"@type\":\"ListItem\",\"position\":2,\"name\":\"Kj\u00f8p ketaminpulver\"}]},{\"@type\":\"WebSite\",\"@id\":\"https:\\\/\\\/medicinasinc.com\\\/no\\\/#website\",\"url\":\"https:\\\/\\\/medicinasinc.com\\\/no\\\/\",\"name\":\"Medicinas Inc\",\"description\":\"Helsemedisinsk klinikk\",\"potentialAction\":[{\"@type\":\"SearchAction\",\"target\":{\"@type\":\"EntryPoint\",\"urlTemplate\":\"https:\\\/\\\/medicinasinc.com\\\/no\\\/?s={search_term_string}\"},\"query-input\":{\"@type\":\"PropertyValueSpecification\",\"valueRequired\":true,\"valueName\":\"search_term_string\"}}],\"inLanguage\":\"nn-NO\"}]}<\/script>\n<!-- \/ Yoast SEO plugin. -->","yoast_head_json":{"title":"Kj\u00f8p Ketaminpulver - Ketaminsalg Europa - Beste beste globale medisiner","description":"Kj\u00f8p ketaminpulver til salgs EU-frakt, Bitcoin-betaling. Billig leverand\u00f8r av ketaminpulver - kj\u00f8p forskningskjemikalier i Europa. Ketaminpulverbutikk i Europa.","robots":{"index":"index","follow":"follow","max-snippet":"max-snippet:-1","max-image-preview":"max-image-preview:large","max-video-preview":"max-video-preview:-1"},"canonical":"https:\/\/medicinasinc.com\/no\/product\/kjope-ketamin-pulver\/","og_locale":"nn_NO","og_type":"article","og_title":"Kj\u00f8p Ketaminpulver - Ketaminsalg Europa - Beste beste globale medisiner","og_description":"Kj\u00f8p ketaminpulver til salgs EU-frakt, Bitcoin-betaling. Billig leverand\u00f8r av ketaminpulver - kj\u00f8p forskningskjemikalier i Europa. Ketaminpulverbutikk i Europa.","og_url":"https:\/\/medicinasinc.com\/no\/product\/kjope-ketamin-pulver\/","og_site_name":"Medicinas Inc","article_modified_time":"2022-03-22T01:09:12+00:00","og_image":[{"width":900,"height":675,"url":"https:\/\/medicinasinc.com\/no\/wp-content\/uploads\/sites\/14\/2022\/02\/Buy-Ketamine-powder.jpg","type":"image\/jpeg"}],"twitter_card":"summary_large_image","twitter_misc":{"Est. reading time":"2 minutt"},"schema":{"@context":"https:\/\/schema.org","@graph":[{"@type":"WebPage","@id":"https:\/\/medicinasinc.com\/no\/product\/kjope-ketamin-pulver\/","url":"https:\/\/medicinasinc.com\/no\/product\/kjope-ketamin-pulver\/","name":"Kj\u00f8p Ketaminpulver - Ketaminsalg Europa - Beste beste globale medisiner","isPartOf":{"@id":"https:\/\/medicinasinc.com\/no\/#website"},"primaryImageOfPage":{"@id":"https:\/\/medicinasinc.com\/no\/product\/kjope-ketamin-pulver\/#primaryimage"},"image":{"@id":"https:\/\/medicinasinc.com\/no\/product\/kjope-ketamin-pulver\/#primaryimage"},"thumbnailUrl":"https:\/\/medicinasinc.com\/no\/wp-content\/uploads\/sites\/14\/2022\/02\/Buy-Ketamine-powder.jpg","datePublished":"2022-02-20T16:50:30+00:00","dateModified":"2022-03-22T01:09:12+00:00","description":"Kj\u00f8p ketaminpulver til salgs EU-frakt, Bitcoin-betaling. Billig leverand\u00f8r av ketaminpulver - kj\u00f8p forskningskjemikalier i Europa. Ketaminpulverbutikk i Europa.","breadcrumb":{"@id":"https:\/\/medicinasinc.com\/no\/product\/kjope-ketamin-pulver\/#breadcrumb"},"inLanguage":"nn-NO","potentialAction":[{"@type":"ReadAction","target":["https:\/\/medicinasinc.com\/no\/product\/kjope-ketamin-pulver\/"]}]},{"@type":"ImageObject","inLanguage":"nn-NO","@id":"https:\/\/medicinasinc.com\/no\/product\/kjope-ketamin-pulver\/#primaryimage","url":"https:\/\/medicinasinc.com\/no\/wp-content\/uploads\/sites\/14\/2022\/02\/Buy-Ketamine-powder.jpg","contentUrl":"https:\/\/medicinasinc.com\/no\/wp-content\/uploads\/sites\/14\/2022\/02\/Buy-Ketamine-powder.jpg","width":900,"height":675},{"@type":"BreadcrumbList","@id":"https:\/\/medicinasinc.com\/no\/product\/kjope-ketamin-pulver\/#breadcrumb","itemListElement":[{"@type":"ListItem","position":1,"name":"Butikk","item":"https:\/\/medicinasinc.com\/no\/butikk\/"},{"@type":"ListItem","position":2,"name":"Kj\u00f8p ketaminpulver"}]},{"@type":"WebSite","@id":"https:\/\/medicinasinc.com\/no\/#website","url":"https:\/\/medicinasinc.com\/no\/","name":"Medicinas Inc","description":"Helsemedisinsk klinikk","potentialAction":[{"@type":"SearchAction","target":{"@type":"EntryPoint","urlTemplate":"https:\/\/medicinasinc.com\/no\/?s={search_term_string}"},"query-input":{"@type":"PropertyValueSpecification","valueRequired":true,"valueName":"search_term_string"}}],"inLanguage":"nn-NO"}]}},"_links":{"self":[{"href":"https:\/\/medicinasinc.com\/no\/wp-json\/wp\/v2\/product\/4848","targetHints":{"allow":["GET"]}}],"collection":[{"href":"https:\/\/medicinasinc.com\/no\/wp-json\/wp\/v2\/product"}],"about":[{"href":"https:\/\/medicinasinc.com\/no\/wp-json\/wp\/v2\/types\/product"}],"replies":[{"embeddable":true,"href":"https:\/\/medicinasinc.com\/no\/wp-json\/wp\/v2\/comments?post=4848"}],"wp:featuredmedia":[{"embeddable":true,"href":"https:\/\/medicinasinc.com\/no\/wp-json\/wp\/v2\/media\/4860"}],"wp:attachment":[{"href":"https:\/\/medicinasinc.com\/no\/wp-json\/wp\/v2\/media?parent=4848"}],"wp:term":[{"taxonomy":"product_brand","embeddable":true,"href":"https:\/\/medicinasinc.com\/no\/wp-json\/wp\/v2\/product_brand?post=4848"},{"taxonomy":"product_cat","embeddable":true,"href":"https:\/\/medicinasinc.com\/no\/wp-json\/wp\/v2\/product_cat?post=4848"},{"taxonomy":"product_tag","embeddable":true,"href":"https:\/\/medicinasinc.com\/no\/wp-json\/wp\/v2\/product_tag?post=4848"}],"curies":[{"name":"wp","href":"https:\/\/api.w.org\/{rel}","templated":true}]}}