{"id":4830,"date":"2022-02-20T16:34:51","date_gmt":"2022-02-20T16:34:51","guid":{"rendered":"https:\/\/medicinasinc.com\/no\/?post_type=product&#038;p=4830"},"modified":"2022-03-22T01:09:21","modified_gmt":"2022-03-22T01:09:21","slug":"kjop-crystal-meth","status":"publish","type":"product","link":"https:\/\/medicinasinc.com\/no\/product\/kjop-crystal-meth\/","title":{"rendered":"Kj\u00f8p Crystal Meth"},"content":{"rendered":"<p>Hvor kan man kj\u00f8pe Crystal Meth \u2013 Metamfetamin<\/p>\n<p>Ville til \u00e5 kj\u00f8pe Crystal Meth, ogs\u00e5 kjent som edelstensmeth, er en sentralnervesystemstimulerende medisin som har mange likheter med amfetamin, verdens andre mest popul\u00e6re klassen av ulovlige medisiner, bak maryjane.<br \/> Som med amfetamin, fremmer det \u00f8kt aktivitet, redusert sult og en generell f\u00f8lelse av velv\u00e6re.<\/p>\n<p>Det er noen f\u00e5 anerkjente medisinske bruksomr\u00e5der for Crystal Meth \u2013 Metamfetamin, inkludert behandling av narkolepsi, manglende evne til \u00e5 konsentrere seg konsistent, og for kortvarig bruk, for eksempel kraftighet; disse medisinske bruksomr\u00e5dene er imidlertid begrenset.<\/p>\n<p>Crystal Meth, som kokain, kan r\u00f8ykes. Chemical Inc. selger Crystal Meth \u2013 Metamfetamin.<\/p>\n<p>Metamfetamin brukes til \u00e5 behandle f\u00f8lgende tilstander:<\/p>\n<p>ADHDsNarkolepsi<\/p>\n<p>Medisinske bruksomr\u00e5der er begrenset.<\/p>\n<p>Crystal Meth \u2013 Metamfetamin, som kokain, kan r\u00f8ykes.<\/p>\n<p>Kj\u00f8p Crystal Meth ved hjelp av Bitcoins<\/p>\n<p>Crystal Meth \u2013 Metamfetamin brukes til \u00e5 behandle f\u00f8lgende tilstander:<\/p>\n<p>Fedme Hyperaktivitetsforstyrrelse Narkolepsi Som et resultat fremmer det \u00f8kt handling, redusert sult og en generell f\u00f8lelse av velstand. N\u00e5r det brukes i overkant, har det gradvis \u00f8deleggende effekter p\u00e5 det prim\u00e6re sensoriske systemet.<br \/> Hvis du tror du kan ha blitt gravid mens du tok medisinen, kontakt din spesialist umiddelbart for \u00e5 unng\u00e5 komplikasjoner.<br \/> Hvis du lider av hjerteproblemer,<\/p>\n<p>Metamfetamin har en rekke negative konsekvenser, inkludert f\u00f8lgende:<\/p>\n<p>\u00d8kt puls<br \/> Heving av kroppens temperatur<br \/> En \u00f8kning i frekvensen kl. hvilken man slapper av<br \/> Elever med utvidede pupiller<br \/> Skjelving Rapture-lignende f\u00f8lelser<br \/> Forsterket angst<br \/> Irritabilitet<br \/> Paranoia<br \/> Voldelig og unnvikende atferd<br \/> Hyperaktivitet p\u00e5 et midlertidig grunnlag R\u00e5df\u00f8r deg med en spesialist ang\u00e5ende terapeutiske alternativer.<\/p>\n<p>\u00c5 unng\u00e5 en del metamfetamin er ikke vanskelig, men du b\u00f8r unng\u00e5 \u00e5 ta doble m\u00e5linger.<\/p>\n<p>&nbsp;<\/p>\n<p> &nbsp;<\/p>\n<p>&nbsp;<\/p>\n<p>&nbsp;<\/p>\n<p>&nbsp;<\/p>\n<p>&nbsp;<\/p>\n<p>Mens metamfetamin er ment \u00e5 opprettholde fokus, wh no misbrukt, kan det lett f\u00f8re til alvorlige medisinske problemer, s\u00e5 det er best \u00e5 s\u00f8ke krisehjelp fra kvalifisert helsepersonell.<\/p>\n<p>&nbsp;<\/p>\n<p>&nbsp;<\/p>\n<p>&nbsp;<\/p>\n<p>&nbsp;<\/p>\n<p>&nbsp;<\/p>\n<p>&nbsp;<\/p>\n<p>Beste globale medisiner. tilbyr Crystal Meth \u2013 Metamfetamin for salg p\u00e5 nettet.<\/p>\n<p>I tillegg, hold Metamfetamin ved romtemperatur i omr\u00e5der blottet for lys og varme. P\u00e5 samme m\u00e5te m\u00e5 du ikke skylle denne medisinen. Dine barn og kj\u00e6ledyr m\u00e5 ikke utsettes for denne medisinen p\u00e5 noen m\u00e5te.<\/p>\n<p>Du kan imidlertid kj\u00f8pe Crystal Meth \u2013 Methamphetamine online fra den mest anerkjente nettforhandleren \u2013 Chemical Inc.<\/p>\n<p> Kj\u00f8p metamfetamin uten resept, metamfetamin er tilgjengelig for kj\u00f8p p\u00e5 nettet til best mulig pris.<br \/> Kj\u00f8p de mest effektive medisinene akkurat n\u00e5!<br \/> Kj\u00f8p p\u00e5 nett av Crystal Meth<\/p>\n<p>Meth-brukere b\u00f8r s\u00f8ke behandling umiddelbart.<\/p>\n<p>Selv om mange fysiske symptomer kan reverseres med riktig behandling, er avansert aldring og tannr\u00e5te vanskeligere \u00e5 reversere, og skaden er ofte irreversibel.<\/p>\n<p>I tillegg kan metamfetaminbruk brukes. kan resultere i psykose, eller psykotisk atferd, der brukere mister kontakten med virkeligheten og opplever alvorlige vrangforestillinger, paranoia, hallusinasjoner og tvangsmessig atferd som hindrer dem i \u00e5 virkelig forst\u00e5 skaden de p\u00e5f\u00f8rer seg selv.<\/p>\n<p>Det er kritisk for den rusavhengige til s\u00f8k hjelp umiddelbart, ellers vil de lide av disse fysiske og psykiske konsekvensene, s\u00e5 vel som andre vanlige symptomer som \u00f8delagte forhold, \u00f8konomisk n\u00f8d og kriminelle anklager.<\/p>\n<p>Nesten hver familie er p\u00e5virket av avhengighet, som skaper \u00f8deleggelse av fysisk og mental helse, relasjoner og personlig \u00f8konomi. m\u00f8dre, fedre, br\u00f8dre, s\u00f8stre, d\u00f8tre og s\u00f8nner er alle inkludert i denne kategorien.<\/p>\n<p>Ingen er immun mot de skremmende langsiktige konsekvensene av hardt rusmisbruk.<br \/> Det som f\u00f8lger er en n\u00f8ktern skildring av EKTE mennesker.<\/p>\n<p>Vi har gitt etter for lokket med narkotikabruk \u2013 i dette tilfellet metamfetamin \u2013 og dets \u00f8deleggende konsekvenser er altfor tydelige.<br \/> Hvis du eller en du er glad i sliter med en metamfetaminavhengighet, eller hvis du er interessert i \u00e5 l\u00e6re mer, vennligst bes\u00f8k f\u00f8lgende nettsteder for \u00e5 f\u00e5 hjelp med restitusjon.<\/p>\n<p>&nbsp;<\/p>\n<p>bivirkninger av metamfetamin, metamfetaminstruktur, hvor lenge varer metamfetamin bli i systemet ditt, hvordan du r\u00f8yker metamfetamin, heroin, kokain, metamfetamin, sigaretter og alkohol er alle eksempler p\u00e5 ________., rosa metamfetamin, prustende krystall metamfetamin, metamfetaminpriser Hvordan smaker metamfetamin, hvor lenge blir det i urinen din , og hvordan ser metamfetamin ut? supermetamfetamin, metamfetaminbivirkninger, metamfetaminstruktur, hvor lenge forblir metamfetamin i systemet ditt, hvordan r\u00f8yke metamfetamin, heroin, kokain, metamfetamin, sigaretter og alkohol er alle eksempler p\u00e5 ________., rosa metamfetamin, metamfetaminpriser med snortkrystall, Hvordan smaker metamfetamin, hvor lenge blir det i urinen, og hvordan ser metamfetamin ut? metamfetamin supr\u00eame<\/p>\n","protected":false},"excerpt":{"rendered":"<p>Kj\u00f8p Crystal Meth for salg Storbritannia, Europa Asia, Metamfetamin Online Kj\u00f8p Metamfetamin hos oss, vi kan levere deg fra hvor som helst over hele verden.<\/p>\n<p>Kj\u00f8p Crystal Meth online Piller \u2013 Kj\u00f8p 96,8 prosent rent krystallmetamfetamin \u2013 Hvor kan du kj\u00f8pe crystal meth p\u00e5 nett \u2013 Kj\u00f8p 96,8 prosent ren ismeth \u2013 Kj\u00f8p metamfetamin p\u00e5 nett<\/p>\n","protected":false},"featured_media":4844,"comment_status":"open","ping_status":"closed","template":"","meta":[],"product_brand":[],"product_cat":[703],"product_tag":[722,704,705,706,707,708,709,713,710,711,715,716,712,717,718,719,720,724,714,721,723],"class_list":{"0":"post-4830","1":"product","2":"type-product","3":"status-publish","4":"has-post-thumbnail","6":"product_cat-kjpe-psykedeliske-narkotika","7":"product_tag-bilder-av-krystall-met","8":"product_tag-buy-crystal-meth-in-australia","9":"product_tag-buy-crystal-meth-in-france","10":"product_tag-buy-crystal-meth-in-germany","11":"product_tag-buy-crystal-meth-in-spain","12":"product_tag-crystal-meth","13":"product_tag-crystal-meth-australia","14":"product_tag-crystal-meth-bilde","15":"product_tag-crystal-meth-drugs","16":"product_tag-crystal-meth-effects","17":"product_tag-crystal-meth-spain","18":"product_tag-crystal-meth-sweden","19":"product_tag-crystal-meth-tyskland","20":"product_tag-crystal-meth-leverandr-frankrike","21":"product_tag-crystal-meth-leverandr-usa","22":"product_tag-fake-crystal-meth","23":"product_tag-how-is-crystal-meth-smoked","24":"product_tag-hva-er-crystal-meth","25":"product_tag-krystall-met-rr","26":"product_tag-meth-krystall","27":"product_tag-snftende-krystall-meth","29":"first","30":"instock","31":"shipping-taxable","32":"purchasable","33":"product-type-variable"},"yoast_head":"<!-- This site is optimized with the Yoast SEO plugin v27.3 - https:\/\/yoast.com\/product\/yoast-seo-wordpress\/ -->\n<title>Kj\u00f8p Crystal Meth - Metamfetamin - Beste beste globale medisiner<\/title>\n<meta name=\"description\" content=\"Kj\u00f8p Crystal Meth for salg Storbritannia, Europa Asia, Metamfetamin Online kj\u00f8p metamfetamin hos oss, vi kan levere deg fra hvor som helst over hele verden.\" \/>\n<meta name=\"robots\" content=\"index, follow, max-snippet:-1, max-image-preview:large, max-video-preview:-1\" \/>\n<link rel=\"canonical\" href=\"https:\/\/medicinasinc.com\/no\/product\/kjop-crystal-meth\/\" \/>\n<meta property=\"og:locale\" content=\"nn_NO\" \/>\n<meta property=\"og:type\" content=\"article\" \/>\n<meta property=\"og:title\" content=\"Kj\u00f8p Crystal Meth - Metamfetamin - Beste beste globale medisiner\" \/>\n<meta property=\"og:description\" content=\"Kj\u00f8p Crystal Meth for salg Storbritannia, Europa Asia, Metamfetamin Online kj\u00f8p metamfetamin hos oss, vi kan levere deg fra hvor som helst over hele verden.\" \/>\n<meta property=\"og:url\" content=\"https:\/\/medicinasinc.com\/no\/product\/kjop-crystal-meth\/\" \/>\n<meta property=\"og:site_name\" content=\"Medicinas Inc\" \/>\n<meta property=\"article:modified_time\" content=\"2022-03-22T01:09:21+00:00\" \/>\n<meta property=\"og:image\" content=\"https:\/\/medicinasinc.com\/no\/wp-content\/uploads\/sites\/14\/2022\/02\/Buy-Crystal-Meth-1.jpg\" \/>\n\t<meta property=\"og:image:width\" content=\"1024\" \/>\n\t<meta property=\"og:image:height\" content=\"768\" \/>\n\t<meta property=\"og:image:type\" content=\"image\/jpeg\" \/>\n<meta name=\"twitter:card\" content=\"summary_large_image\" \/>\n<meta name=\"twitter:label1\" content=\"Est. reading time\" \/>\n\t<meta name=\"twitter:data1\" content=\"4 minutt\" \/>\n<script type=\"application\/ld+json\" class=\"yoast-schema-graph\">{\"@context\":\"https:\\\/\\\/schema.org\",\"@graph\":[{\"@type\":\"WebPage\",\"@id\":\"https:\\\/\\\/medicinasinc.com\\\/no\\\/product\\\/kjop-crystal-meth\\\/\",\"url\":\"https:\\\/\\\/medicinasinc.com\\\/no\\\/product\\\/kjop-crystal-meth\\\/\",\"name\":\"Kj\u00f8p Crystal Meth - Metamfetamin - Beste beste globale medisiner\",\"isPartOf\":{\"@id\":\"https:\\\/\\\/medicinasinc.com\\\/no\\\/#website\"},\"primaryImageOfPage\":{\"@id\":\"https:\\\/\\\/medicinasinc.com\\\/no\\\/product\\\/kjop-crystal-meth\\\/#primaryimage\"},\"image\":{\"@id\":\"https:\\\/\\\/medicinasinc.com\\\/no\\\/product\\\/kjop-crystal-meth\\\/#primaryimage\"},\"thumbnailUrl\":\"https:\\\/\\\/medicinasinc.com\\\/no\\\/wp-content\\\/uploads\\\/sites\\\/14\\\/2022\\\/02\\\/Buy-Crystal-Meth-1.jpg\",\"datePublished\":\"2022-02-20T16:34:51+00:00\",\"dateModified\":\"2022-03-22T01:09:21+00:00\",\"description\":\"Kj\u00f8p Crystal Meth for salg Storbritannia, Europa Asia, Metamfetamin Online kj\u00f8p metamfetamin hos oss, vi kan levere deg fra hvor som helst over hele verden.\",\"breadcrumb\":{\"@id\":\"https:\\\/\\\/medicinasinc.com\\\/no\\\/product\\\/kjop-crystal-meth\\\/#breadcrumb\"},\"inLanguage\":\"nn-NO\",\"potentialAction\":[{\"@type\":\"ReadAction\",\"target\":[\"https:\\\/\\\/medicinasinc.com\\\/no\\\/product\\\/kjop-crystal-meth\\\/\"]}]},{\"@type\":\"ImageObject\",\"inLanguage\":\"nn-NO\",\"@id\":\"https:\\\/\\\/medicinasinc.com\\\/no\\\/product\\\/kjop-crystal-meth\\\/#primaryimage\",\"url\":\"https:\\\/\\\/medicinasinc.com\\\/no\\\/wp-content\\\/uploads\\\/sites\\\/14\\\/2022\\\/02\\\/Buy-Crystal-Meth-1.jpg\",\"contentUrl\":\"https:\\\/\\\/medicinasinc.com\\\/no\\\/wp-content\\\/uploads\\\/sites\\\/14\\\/2022\\\/02\\\/Buy-Crystal-Meth-1.jpg\",\"width\":1024,\"height\":768},{\"@type\":\"BreadcrumbList\",\"@id\":\"https:\\\/\\\/medicinasinc.com\\\/no\\\/product\\\/kjop-crystal-meth\\\/#breadcrumb\",\"itemListElement\":[{\"@type\":\"ListItem\",\"position\":1,\"name\":\"Butikk\",\"item\":\"https:\\\/\\\/medicinasinc.com\\\/no\\\/butikk\\\/\"},{\"@type\":\"ListItem\",\"position\":2,\"name\":\"Kj\u00f8p Crystal Meth\"}]},{\"@type\":\"WebSite\",\"@id\":\"https:\\\/\\\/medicinasinc.com\\\/no\\\/#website\",\"url\":\"https:\\\/\\\/medicinasinc.com\\\/no\\\/\",\"name\":\"Medicinas Inc\",\"description\":\"Helsemedisinsk klinikk\",\"potentialAction\":[{\"@type\":\"SearchAction\",\"target\":{\"@type\":\"EntryPoint\",\"urlTemplate\":\"https:\\\/\\\/medicinasinc.com\\\/no\\\/?s={search_term_string}\"},\"query-input\":{\"@type\":\"PropertyValueSpecification\",\"valueRequired\":true,\"valueName\":\"search_term_string\"}}],\"inLanguage\":\"nn-NO\"}]}<\/script>\n<!-- \/ Yoast SEO plugin. -->","yoast_head_json":{"title":"Kj\u00f8p Crystal Meth - Metamfetamin - Beste beste globale medisiner","description":"Kj\u00f8p Crystal Meth for salg Storbritannia, Europa Asia, Metamfetamin Online kj\u00f8p metamfetamin hos oss, vi kan levere deg fra hvor som helst over hele verden.","robots":{"index":"index","follow":"follow","max-snippet":"max-snippet:-1","max-image-preview":"max-image-preview:large","max-video-preview":"max-video-preview:-1"},"canonical":"https:\/\/medicinasinc.com\/no\/product\/kjop-crystal-meth\/","og_locale":"nn_NO","og_type":"article","og_title":"Kj\u00f8p Crystal Meth - Metamfetamin - Beste beste globale medisiner","og_description":"Kj\u00f8p Crystal Meth for salg Storbritannia, Europa Asia, Metamfetamin Online kj\u00f8p metamfetamin hos oss, vi kan levere deg fra hvor som helst over hele verden.","og_url":"https:\/\/medicinasinc.com\/no\/product\/kjop-crystal-meth\/","og_site_name":"Medicinas Inc","article_modified_time":"2022-03-22T01:09:21+00:00","og_image":[{"width":1024,"height":768,"url":"https:\/\/medicinasinc.com\/no\/wp-content\/uploads\/sites\/14\/2022\/02\/Buy-Crystal-Meth-1.jpg","type":"image\/jpeg"}],"twitter_card":"summary_large_image","twitter_misc":{"Est. reading time":"4 minutt"},"schema":{"@context":"https:\/\/schema.org","@graph":[{"@type":"WebPage","@id":"https:\/\/medicinasinc.com\/no\/product\/kjop-crystal-meth\/","url":"https:\/\/medicinasinc.com\/no\/product\/kjop-crystal-meth\/","name":"Kj\u00f8p Crystal Meth - Metamfetamin - Beste beste globale medisiner","isPartOf":{"@id":"https:\/\/medicinasinc.com\/no\/#website"},"primaryImageOfPage":{"@id":"https:\/\/medicinasinc.com\/no\/product\/kjop-crystal-meth\/#primaryimage"},"image":{"@id":"https:\/\/medicinasinc.com\/no\/product\/kjop-crystal-meth\/#primaryimage"},"thumbnailUrl":"https:\/\/medicinasinc.com\/no\/wp-content\/uploads\/sites\/14\/2022\/02\/Buy-Crystal-Meth-1.jpg","datePublished":"2022-02-20T16:34:51+00:00","dateModified":"2022-03-22T01:09:21+00:00","description":"Kj\u00f8p Crystal Meth for salg Storbritannia, Europa Asia, Metamfetamin Online kj\u00f8p metamfetamin hos oss, vi kan levere deg fra hvor som helst over hele verden.","breadcrumb":{"@id":"https:\/\/medicinasinc.com\/no\/product\/kjop-crystal-meth\/#breadcrumb"},"inLanguage":"nn-NO","potentialAction":[{"@type":"ReadAction","target":["https:\/\/medicinasinc.com\/no\/product\/kjop-crystal-meth\/"]}]},{"@type":"ImageObject","inLanguage":"nn-NO","@id":"https:\/\/medicinasinc.com\/no\/product\/kjop-crystal-meth\/#primaryimage","url":"https:\/\/medicinasinc.com\/no\/wp-content\/uploads\/sites\/14\/2022\/02\/Buy-Crystal-Meth-1.jpg","contentUrl":"https:\/\/medicinasinc.com\/no\/wp-content\/uploads\/sites\/14\/2022\/02\/Buy-Crystal-Meth-1.jpg","width":1024,"height":768},{"@type":"BreadcrumbList","@id":"https:\/\/medicinasinc.com\/no\/product\/kjop-crystal-meth\/#breadcrumb","itemListElement":[{"@type":"ListItem","position":1,"name":"Butikk","item":"https:\/\/medicinasinc.com\/no\/butikk\/"},{"@type":"ListItem","position":2,"name":"Kj\u00f8p Crystal Meth"}]},{"@type":"WebSite","@id":"https:\/\/medicinasinc.com\/no\/#website","url":"https:\/\/medicinasinc.com\/no\/","name":"Medicinas Inc","description":"Helsemedisinsk klinikk","potentialAction":[{"@type":"SearchAction","target":{"@type":"EntryPoint","urlTemplate":"https:\/\/medicinasinc.com\/no\/?s={search_term_string}"},"query-input":{"@type":"PropertyValueSpecification","valueRequired":true,"valueName":"search_term_string"}}],"inLanguage":"nn-NO"}]}},"_links":{"self":[{"href":"https:\/\/medicinasinc.com\/no\/wp-json\/wp\/v2\/product\/4830","targetHints":{"allow":["GET"]}}],"collection":[{"href":"https:\/\/medicinasinc.com\/no\/wp-json\/wp\/v2\/product"}],"about":[{"href":"https:\/\/medicinasinc.com\/no\/wp-json\/wp\/v2\/types\/product"}],"replies":[{"embeddable":true,"href":"https:\/\/medicinasinc.com\/no\/wp-json\/wp\/v2\/comments?post=4830"}],"wp:featuredmedia":[{"embeddable":true,"href":"https:\/\/medicinasinc.com\/no\/wp-json\/wp\/v2\/media\/4844"}],"wp:attachment":[{"href":"https:\/\/medicinasinc.com\/no\/wp-json\/wp\/v2\/media?parent=4830"}],"wp:term":[{"taxonomy":"product_brand","embeddable":true,"href":"https:\/\/medicinasinc.com\/no\/wp-json\/wp\/v2\/product_brand?post=4830"},{"taxonomy":"product_cat","embeddable":true,"href":"https:\/\/medicinasinc.com\/no\/wp-json\/wp\/v2\/product_cat?post=4830"},{"taxonomy":"product_tag","embeddable":true,"href":"https:\/\/medicinasinc.com\/no\/wp-json\/wp\/v2\/product_tag?post=4830"}],"curies":[{"name":"wp","href":"https:\/\/api.w.org\/{rel}","templated":true}]}}