{"id":4829,"date":"2022-02-20T16:33:58","date_gmt":"2022-02-20T16:33:58","guid":{"rendered":"https:\/\/medicinasinc.com\/no\/?post_type=product&#038;p=4829"},"modified":"2022-03-22T01:09:30","modified_gmt":"2022-03-22T01:09:30","slug":"buy-liquid-lsd","status":"publish","type":"product","link":"https:\/\/medicinasinc.com\/no\/product\/buy-liquid-lsd\/","title":{"rendered":"Kj\u00f8p flytende LSD"},"content":{"rendered":"<p>Kj\u00f8p flytende LSD med rabatt p\u00e5 nettet<\/p>\n<p>Som med Green Crack (og ikke \u00e5 forveksle med LSD), er Acid en stamme oppkalt etter et mildt psykoaktivt stoff. Alt tatt i betraktning har Acid styrke, og kombinerer kontraintuitive effekter med en forvirrende duft. Acid er en stamme utviklet av Paradise Seeds, oppdretterne av Delahaze og Sensi Star. Den er avledet fra de arvelige egenskapene til den mest popul\u00e6re New York Sour Diesel-stammen. Dens lokke ga den tredjeplassen i Spanias 2016 Copa THC Valencia for beste innend\u00f8rs dyrkede blomst. Etsendes THC-innhold har blitt estimert til \u00e5 v\u00e6re mellom 16 og 23 %.<\/p>\n<p>Etsende blender med middels til enorme estimerte blomster som har en leddet spade-lignende form, som ligner miniatyrjuletr\u00e6r, strammer fra en bred rund base til en spiss spiss. Med sin kompakte, tette struktur er disse knoppene umiskjennelig indica-dominerende. Bladene er svakt overgrodde og er forvrengt med b\u00f8lgete jordfargede pistiller. Til slutt dekker gnistrende hvite trikomer de indre og ytre overflatene av Acids blomster, og gir stammens psykoaktive egenskaper og gj\u00f8r knoppene sv\u00e6rt vanskelige \u00e5 skille uten hjelp fra en prosessor.<\/p>\n<p>N\u00e5r den er riktig avlastet, har Acid en lett syrlig duft, som motvirkes av en skarp sitrusang. P\u00e5 samme m\u00e5te er det solide, muskaktige basenoter som minner om klam jord og r\u00f8kelse. I mellomtiden produserer separering eller granulering av disse tette klumpene den snerpende eksosgassen som gir foreldrestammen New York Sour Diesel sin skarpe og velkjente smak. N\u00e5r brennbare stoffer antennes i en ledning eller et ledd, produserer Acid en jevn, lett inntatt r\u00f8yk. P\u00e5 utpust etterlater denne tette r\u00f8yken en sitron- og diesel-ettersmak.<\/p>\n<p>Etsende h\u00f8y begynner gradvis og forvrenger r\u00f8ykerens oppfatning av deres eksteri\u00f8roppgraderinger. Visse lyder kan forsterkes, som om de ble generert inne i et etterklangskammer. I tillegg kan distinkte toner og skarpe lys f\u00e5 en ny betydning. N\u00e5r disse h\u00e5ndgripelige effektene blir overveldende, begynner mer levende hallusinogene vidundere \u00e5 manifestere seg, lik indre og ytre innsiktsforvrengninger og en solid f\u00f8lelse av tidsutvidelse. R\u00f8ykere kan oppleve en bevisst vekting rundt helligdommene og lymfeorganene over tid, samt en svak \u00f8kning i spyttutslipp. Disse skjelvingene utvikler seg til flom av avslapping som beveger seg nedover ryggraden og ut gjennom sentralnervesystemet og vedheng. Selv om disse lindrende effektene kanskje ikke helt immobiliserer klientene, kan de f\u00f8le seg tvunget til \u00e5 slappe av i de n\u00e6rmeste behagelige milj\u00f8faktorene.<\/p>\n<p>Etsende er ogs\u00e5 preget av en cerebral mentalitet der r\u00f8ykeren kan koble seg til uvanlige tanker eller ideer. , og finner dem mer fascinerende enn de er i alle fall. Slike \u00e5pent kjente resonnementer kan v\u00e6re en effektiv metode for \u00e5 finne nye l\u00f8sninger p\u00e5 forvirrende problemer eller for \u00e5 h\u00e5ndtere spesifikke arbeidsoppgaver. Over tid \u2013 eller etter hvert som m\u00e5lingen \u00f8kes \u2013 blir Acids psykologiske effekter mer fantastiske enn \u00e5penbare, noe som gj\u00f8r enhver tidligere effektivitet ugyldig. P\u00e5 grunn av dets gradvise tap av energi, nytes denne stammen best sent p\u00e5 kvelden eller om natten.<\/p>\n<p>Flytende LSD 200ug\/dr\u00e5pe, syre til salgs p\u00e5 nett, LSD til salgs p\u00e5 nett, kj\u00f8p lsd p\u00e5 nett, LSD-syre til salgs p\u00e5 nett, lsd nettbutikk, flytende lsd til salgs, syre til salgs p\u00e5 nett<\/p>\n","protected":false},"excerpt":{"rendered":"<p>Kj\u00f8p LSD p\u00e5 nett flytende LSD, detaljer Lysergide (LSD) er et semisyntetisk hallusinogen og er et av de mest potente stoffene kjent. Rekreasjonsbruk .<\/p>\n<p>Kj\u00f8p rimelig flytende LSD p\u00e5 nett. Ekte flytende LSD til salgs p\u00e5 nett | Kj\u00f8p flytende LSD online | Kj\u00f8p flytende LSD for salg| Kj\u00f8p billig flytende LSD | Hvor kan du kj\u00f8pe flytende LSD p\u00e5 nettet<\/p>\n","protected":false},"featured_media":4842,"comment_status":"open","ping_status":"closed","template":"","meta":[],"product_brand":[],"product_cat":[703],"product_tag":[],"class_list":{"0":"post-4829","1":"product","2":"type-product","3":"status-publish","4":"has-post-thumbnail","6":"product_cat-kjpe-psykedeliske-narkotika","8":"first","9":"instock","10":"shipping-taxable","11":"purchasable","12":"product-type-variable","13":"has-default-attributes"},"yoast_head":"<!-- This site is optimized with the Yoast SEO plugin v27.3 - https:\/\/yoast.com\/product\/yoast-seo-wordpress\/ -->\n<title>Kj\u00f8p flytende LSD - Best Best Global Meds<\/title>\n<meta name=\"description\" content=\"Kj\u00f8p LSD p\u00e5 nett Flytende LSD, detaljer Lysergide (LSD) er et semisyntetisk hallusinogen og er et av de mest potente stoffene kjent. Fritidsbruk .\" \/>\n<meta name=\"robots\" content=\"index, follow, max-snippet:-1, max-image-preview:large, max-video-preview:-1\" \/>\n<link rel=\"canonical\" href=\"https:\/\/medicinasinc.com\/no\/product\/buy-liquid-lsd\/\" \/>\n<meta property=\"og:locale\" content=\"nn_NO\" \/>\n<meta property=\"og:type\" content=\"article\" \/>\n<meta property=\"og:title\" content=\"Kj\u00f8p flytende LSD - Best Best Global Meds\" \/>\n<meta property=\"og:description\" content=\"Kj\u00f8p LSD p\u00e5 nett Flytende LSD, detaljer Lysergide (LSD) er et semisyntetisk hallusinogen og er et av de mest potente stoffene kjent. Fritidsbruk .\" \/>\n<meta property=\"og:url\" content=\"https:\/\/medicinasinc.com\/no\/product\/buy-liquid-lsd\/\" \/>\n<meta property=\"og:site_name\" content=\"Medicinas Inc\" \/>\n<meta property=\"article:modified_time\" content=\"2022-03-22T01:09:30+00:00\" \/>\n<meta property=\"og:image\" content=\"https:\/\/medicinasinc.com\/no\/wp-content\/uploads\/sites\/14\/2022\/02\/Buy-Liquid-LSD.jpg\" \/>\n\t<meta property=\"og:image:width\" content=\"512\" \/>\n\t<meta property=\"og:image:height\" content=\"512\" \/>\n\t<meta property=\"og:image:type\" content=\"image\/jpeg\" \/>\n<meta name=\"twitter:card\" content=\"summary_large_image\" \/>\n<meta name=\"twitter:label1\" content=\"Est. reading time\" \/>\n\t<meta name=\"twitter:data1\" content=\"3 minutt\" \/>\n<script type=\"application\/ld+json\" class=\"yoast-schema-graph\">{\"@context\":\"https:\\\/\\\/schema.org\",\"@graph\":[{\"@type\":\"WebPage\",\"@id\":\"https:\\\/\\\/medicinasinc.com\\\/no\\\/product\\\/buy-liquid-lsd\\\/\",\"url\":\"https:\\\/\\\/medicinasinc.com\\\/no\\\/product\\\/buy-liquid-lsd\\\/\",\"name\":\"Kj\u00f8p flytende LSD - Best Best Global Meds\",\"isPartOf\":{\"@id\":\"https:\\\/\\\/medicinasinc.com\\\/no\\\/#website\"},\"primaryImageOfPage\":{\"@id\":\"https:\\\/\\\/medicinasinc.com\\\/no\\\/product\\\/buy-liquid-lsd\\\/#primaryimage\"},\"image\":{\"@id\":\"https:\\\/\\\/medicinasinc.com\\\/no\\\/product\\\/buy-liquid-lsd\\\/#primaryimage\"},\"thumbnailUrl\":\"https:\\\/\\\/medicinasinc.com\\\/no\\\/wp-content\\\/uploads\\\/sites\\\/14\\\/2022\\\/02\\\/Buy-Liquid-LSD.jpg\",\"datePublished\":\"2022-02-20T16:33:58+00:00\",\"dateModified\":\"2022-03-22T01:09:30+00:00\",\"description\":\"Kj\u00f8p LSD p\u00e5 nett Flytende LSD, detaljer Lysergide (LSD) er et semisyntetisk hallusinogen og er et av de mest potente stoffene kjent. Fritidsbruk .\",\"breadcrumb\":{\"@id\":\"https:\\\/\\\/medicinasinc.com\\\/no\\\/product\\\/buy-liquid-lsd\\\/#breadcrumb\"},\"inLanguage\":\"nn-NO\",\"potentialAction\":[{\"@type\":\"ReadAction\",\"target\":[\"https:\\\/\\\/medicinasinc.com\\\/no\\\/product\\\/buy-liquid-lsd\\\/\"]}]},{\"@type\":\"ImageObject\",\"inLanguage\":\"nn-NO\",\"@id\":\"https:\\\/\\\/medicinasinc.com\\\/no\\\/product\\\/buy-liquid-lsd\\\/#primaryimage\",\"url\":\"https:\\\/\\\/medicinasinc.com\\\/no\\\/wp-content\\\/uploads\\\/sites\\\/14\\\/2022\\\/02\\\/Buy-Liquid-LSD.jpg\",\"contentUrl\":\"https:\\\/\\\/medicinasinc.com\\\/no\\\/wp-content\\\/uploads\\\/sites\\\/14\\\/2022\\\/02\\\/Buy-Liquid-LSD.jpg\",\"width\":512,\"height\":512},{\"@type\":\"BreadcrumbList\",\"@id\":\"https:\\\/\\\/medicinasinc.com\\\/no\\\/product\\\/buy-liquid-lsd\\\/#breadcrumb\",\"itemListElement\":[{\"@type\":\"ListItem\",\"position\":1,\"name\":\"Butikk\",\"item\":\"https:\\\/\\\/medicinasinc.com\\\/no\\\/butikk\\\/\"},{\"@type\":\"ListItem\",\"position\":2,\"name\":\"Kj\u00f8p flytende LSD\"}]},{\"@type\":\"WebSite\",\"@id\":\"https:\\\/\\\/medicinasinc.com\\\/no\\\/#website\",\"url\":\"https:\\\/\\\/medicinasinc.com\\\/no\\\/\",\"name\":\"Medicinas Inc\",\"description\":\"Helsemedisinsk klinikk\",\"potentialAction\":[{\"@type\":\"SearchAction\",\"target\":{\"@type\":\"EntryPoint\",\"urlTemplate\":\"https:\\\/\\\/medicinasinc.com\\\/no\\\/?s={search_term_string}\"},\"query-input\":{\"@type\":\"PropertyValueSpecification\",\"valueRequired\":true,\"valueName\":\"search_term_string\"}}],\"inLanguage\":\"nn-NO\"}]}<\/script>\n<!-- \/ Yoast SEO plugin. -->","yoast_head_json":{"title":"Kj\u00f8p flytende LSD - Best Best Global Meds","description":"Kj\u00f8p LSD p\u00e5 nett Flytende LSD, detaljer Lysergide (LSD) er et semisyntetisk hallusinogen og er et av de mest potente stoffene kjent. Fritidsbruk .","robots":{"index":"index","follow":"follow","max-snippet":"max-snippet:-1","max-image-preview":"max-image-preview:large","max-video-preview":"max-video-preview:-1"},"canonical":"https:\/\/medicinasinc.com\/no\/product\/buy-liquid-lsd\/","og_locale":"nn_NO","og_type":"article","og_title":"Kj\u00f8p flytende LSD - Best Best Global Meds","og_description":"Kj\u00f8p LSD p\u00e5 nett Flytende LSD, detaljer Lysergide (LSD) er et semisyntetisk hallusinogen og er et av de mest potente stoffene kjent. Fritidsbruk .","og_url":"https:\/\/medicinasinc.com\/no\/product\/buy-liquid-lsd\/","og_site_name":"Medicinas Inc","article_modified_time":"2022-03-22T01:09:30+00:00","og_image":[{"width":512,"height":512,"url":"https:\/\/medicinasinc.com\/no\/wp-content\/uploads\/sites\/14\/2022\/02\/Buy-Liquid-LSD.jpg","type":"image\/jpeg"}],"twitter_card":"summary_large_image","twitter_misc":{"Est. reading time":"3 minutt"},"schema":{"@context":"https:\/\/schema.org","@graph":[{"@type":"WebPage","@id":"https:\/\/medicinasinc.com\/no\/product\/buy-liquid-lsd\/","url":"https:\/\/medicinasinc.com\/no\/product\/buy-liquid-lsd\/","name":"Kj\u00f8p flytende LSD - Best Best Global Meds","isPartOf":{"@id":"https:\/\/medicinasinc.com\/no\/#website"},"primaryImageOfPage":{"@id":"https:\/\/medicinasinc.com\/no\/product\/buy-liquid-lsd\/#primaryimage"},"image":{"@id":"https:\/\/medicinasinc.com\/no\/product\/buy-liquid-lsd\/#primaryimage"},"thumbnailUrl":"https:\/\/medicinasinc.com\/no\/wp-content\/uploads\/sites\/14\/2022\/02\/Buy-Liquid-LSD.jpg","datePublished":"2022-02-20T16:33:58+00:00","dateModified":"2022-03-22T01:09:30+00:00","description":"Kj\u00f8p LSD p\u00e5 nett Flytende LSD, detaljer Lysergide (LSD) er et semisyntetisk hallusinogen og er et av de mest potente stoffene kjent. Fritidsbruk .","breadcrumb":{"@id":"https:\/\/medicinasinc.com\/no\/product\/buy-liquid-lsd\/#breadcrumb"},"inLanguage":"nn-NO","potentialAction":[{"@type":"ReadAction","target":["https:\/\/medicinasinc.com\/no\/product\/buy-liquid-lsd\/"]}]},{"@type":"ImageObject","inLanguage":"nn-NO","@id":"https:\/\/medicinasinc.com\/no\/product\/buy-liquid-lsd\/#primaryimage","url":"https:\/\/medicinasinc.com\/no\/wp-content\/uploads\/sites\/14\/2022\/02\/Buy-Liquid-LSD.jpg","contentUrl":"https:\/\/medicinasinc.com\/no\/wp-content\/uploads\/sites\/14\/2022\/02\/Buy-Liquid-LSD.jpg","width":512,"height":512},{"@type":"BreadcrumbList","@id":"https:\/\/medicinasinc.com\/no\/product\/buy-liquid-lsd\/#breadcrumb","itemListElement":[{"@type":"ListItem","position":1,"name":"Butikk","item":"https:\/\/medicinasinc.com\/no\/butikk\/"},{"@type":"ListItem","position":2,"name":"Kj\u00f8p flytende LSD"}]},{"@type":"WebSite","@id":"https:\/\/medicinasinc.com\/no\/#website","url":"https:\/\/medicinasinc.com\/no\/","name":"Medicinas Inc","description":"Helsemedisinsk klinikk","potentialAction":[{"@type":"SearchAction","target":{"@type":"EntryPoint","urlTemplate":"https:\/\/medicinasinc.com\/no\/?s={search_term_string}"},"query-input":{"@type":"PropertyValueSpecification","valueRequired":true,"valueName":"search_term_string"}}],"inLanguage":"nn-NO"}]}},"_links":{"self":[{"href":"https:\/\/medicinasinc.com\/no\/wp-json\/wp\/v2\/product\/4829","targetHints":{"allow":["GET"]}}],"collection":[{"href":"https:\/\/medicinasinc.com\/no\/wp-json\/wp\/v2\/product"}],"about":[{"href":"https:\/\/medicinasinc.com\/no\/wp-json\/wp\/v2\/types\/product"}],"replies":[{"embeddable":true,"href":"https:\/\/medicinasinc.com\/no\/wp-json\/wp\/v2\/comments?post=4829"}],"wp:featuredmedia":[{"embeddable":true,"href":"https:\/\/medicinasinc.com\/no\/wp-json\/wp\/v2\/media\/4842"}],"wp:attachment":[{"href":"https:\/\/medicinasinc.com\/no\/wp-json\/wp\/v2\/media?parent=4829"}],"wp:term":[{"taxonomy":"product_brand","embeddable":true,"href":"https:\/\/medicinasinc.com\/no\/wp-json\/wp\/v2\/product_brand?post=4829"},{"taxonomy":"product_cat","embeddable":true,"href":"https:\/\/medicinasinc.com\/no\/wp-json\/wp\/v2\/product_cat?post=4829"},{"taxonomy":"product_tag","embeddable":true,"href":"https:\/\/medicinasinc.com\/no\/wp-json\/wp\/v2\/product_tag?post=4829"}],"curies":[{"name":"wp","href":"https:\/\/api.w.org\/{rel}","templated":true}]}}