{"id":4810,"date":"2022-02-20T16:18:47","date_gmt":"2022-02-20T16:18:47","guid":{"rendered":"https:\/\/medicinasinc.com\/no\/?post_type=product&#038;p=4810"},"modified":"2022-03-22T01:09:51","modified_gmt":"2022-03-22T01:09:51","slug":"kjop-thca-krystaller-overste-hylle","status":"publish","type":"product","link":"https:\/\/medicinasinc.com\/no\/product\/kjop-thca-krystaller-overste-hylle\/","title":{"rendered":"Kj\u00f8p THCA-krystaller &#8211; \u00f8verste hylle"},"content":{"rendered":"<p>Krystallinsk THCA<\/p>\n<p>THCA Krystallinsk, alternativt referert til som &laquo;krystaller&raquo;, &laquo;THC-krystaller&raquo; eller &laquo;diamanter,&raquo; er et faststoffkonsentrat for cannabis. Det ser ut som grovt sukker, typen som vanligvis brukes til \u00e5 dekorere sukkerkaker eller til \u00e5 glitre toppen av bakte fruktpaier. Krystallinsk er produsert for \u00e5 fjerne plantemateriale og terpener, som er de karakteristiske aroma- og smaksegenskapene til en cannabiskultivar eller -stamme.<\/p>\n<p>BETYDNING AV THCA Krystallinsk<\/p>\n<p>Du har kanskje h\u00f8rt begrepet &raquo; THC-krystaller&raquo; eller &laquo;THC-krystallinsk&raquo; brukes til \u00e5 referere til krystallinsk, men THC, som gir en berusende h\u00f8y, er ikke krystallinsk; kjemisk sett er THC ikke i stand til \u00e5 danne en krystallinsk struktur. Med andre ord, det som ofte omtales som &laquo;THC-krystaller&raquo; er ikke ren THC, men en form for ren THCA. P\u00e5 forbrukstidspunktet krystalliserer THCA til aktiv THC via dekarboksylering. Krystallinsk produseres med en enkelt cannabinoid. THCA, CBDA og CBD er de eneste cannabinoidene som er tilgjengelige i krystallinsk form. Alle som bruker THCA, CBDA eller CBD vil ikke oppleve en berusende h\u00f8y, selv om THCA vil konvertere til THC ved oppvarming, noe som gj\u00f8r det krystallinske berusende.<\/p>\n<p>HVORDAN SKAPER DU KRYSTALLINK THCA<\/p>\n<p>Krystallinsk er ofte r\u00f8kt eller duppet med en dab-rigg. En dab-rigg er et r\u00f8ykeapparat, som ligner p\u00e5 en liten vannbong, som fordamper oppvarmet krystall for inn\u00e5nding i enkle, m\u00e5lte doser. Krystallinsk konsumeres ofte oralt, enten som en ingrediens i spiselige varer eller oppl\u00f8st i olje for \u00e5 lage et tinkturlignende produkt. Krystaller l\u00f8ses ofte i vegetabilsk olje eller sm\u00f8r og brukes som ingrediens i hjemmelagde matvarer. Vegetabilske oljer og kopraoljer er de mest brukte l\u00f8sningsmidlene for \u00e5 l\u00f8se opp krystaller for \u00e5 lage et tinkturlignende produkt.<\/p>\n","protected":false},"excerpt":{"rendered":"<p>Kj\u00f8p thca krystallinske online i Europa, thca krystaller til salgs, krystallinske diamanter i Nederland, thc krystallinske n\u00e6r meg, thc krystaller til salgs i Europa.<\/p>\n<ul>\n<li>Verdensomfattende frakt<\/li>\n<li><strong>Et konsentrat som best\u00e5r av 97-99 % THC<\/strong><\/li>\n<li><strong>99 % ren THC-A<\/strong><\/li>\n<li><strong>Kontakt oss <\/strong>\u00a0for st\u00f8rre bestillinger<\/li>\n<\/ul>\n","protected":false},"featured_media":4823,"comment_status":"open","ping_status":"closed","template":"","meta":[],"product_brand":[],"product_cat":[702],"product_tag":[],"class_list":{"0":"post-4810","1":"product","2":"type-product","3":"status-publish","4":"has-post-thumbnail","6":"product_cat-kjpe-cannabis-voks","8":"first","9":"instock","10":"shipping-taxable","11":"purchasable","12":"product-type-variable","13":"has-default-attributes"},"yoast_head":"<!-- This site is optimized with the Yoast SEO plugin v27.3 - https:\/\/yoast.com\/product\/yoast-seo-wordpress\/ -->\n<title>Kj\u00f8p THCA-krystaller - \u00f8verste hylle - Beste beste globale medisiner<\/title>\n<meta name=\"description\" content=\"Kj\u00f8p thca krystallinske online Europa, thca crystal til salgs, krystallinske diamanter NL, thc krystallinske i n\u00e6rheten av meg, kj\u00f8p thc krystaller i Europa.\" \/>\n<meta name=\"robots\" content=\"index, follow, max-snippet:-1, max-image-preview:large, max-video-preview:-1\" \/>\n<link rel=\"canonical\" href=\"https:\/\/medicinasinc.com\/no\/product\/kjop-thca-krystaller-overste-hylle\/\" \/>\n<meta property=\"og:locale\" content=\"nn_NO\" \/>\n<meta property=\"og:type\" content=\"article\" \/>\n<meta property=\"og:title\" content=\"Kj\u00f8p THCA-krystaller - \u00f8verste hylle - Beste beste globale medisiner\" \/>\n<meta property=\"og:description\" content=\"Kj\u00f8p thca krystallinske online Europa, thca crystal til salgs, krystallinske diamanter NL, thc krystallinske i n\u00e6rheten av meg, kj\u00f8p thc krystaller i Europa.\" \/>\n<meta property=\"og:url\" content=\"https:\/\/medicinasinc.com\/no\/product\/kjop-thca-krystaller-overste-hylle\/\" \/>\n<meta property=\"og:site_name\" content=\"Medicinas Inc\" \/>\n<meta property=\"article:modified_time\" content=\"2022-03-22T01:09:51+00:00\" \/>\n<meta property=\"og:image\" content=\"https:\/\/medicinasinc.com\/no\/wp-content\/uploads\/sites\/14\/2022\/02\/Buy-THCA-Crystals-Top-Shelf.jpg\" \/>\n\t<meta property=\"og:image:width\" content=\"600\" \/>\n\t<meta property=\"og:image:height\" content=\"600\" \/>\n\t<meta property=\"og:image:type\" content=\"image\/jpeg\" \/>\n<meta name=\"twitter:card\" content=\"summary_large_image\" \/>\n<meta name=\"twitter:label1\" content=\"Est. reading time\" \/>\n\t<meta name=\"twitter:data1\" content=\"2 minutt\" \/>\n<script type=\"application\/ld+json\" class=\"yoast-schema-graph\">{\"@context\":\"https:\\\/\\\/schema.org\",\"@graph\":[{\"@type\":\"WebPage\",\"@id\":\"https:\\\/\\\/medicinasinc.com\\\/no\\\/product\\\/kjop-thca-krystaller-overste-hylle\\\/\",\"url\":\"https:\\\/\\\/medicinasinc.com\\\/no\\\/product\\\/kjop-thca-krystaller-overste-hylle\\\/\",\"name\":\"Kj\u00f8p THCA-krystaller - \u00f8verste hylle - Beste beste globale medisiner\",\"isPartOf\":{\"@id\":\"https:\\\/\\\/medicinasinc.com\\\/no\\\/#website\"},\"primaryImageOfPage\":{\"@id\":\"https:\\\/\\\/medicinasinc.com\\\/no\\\/product\\\/kjop-thca-krystaller-overste-hylle\\\/#primaryimage\"},\"image\":{\"@id\":\"https:\\\/\\\/medicinasinc.com\\\/no\\\/product\\\/kjop-thca-krystaller-overste-hylle\\\/#primaryimage\"},\"thumbnailUrl\":\"https:\\\/\\\/medicinasinc.com\\\/no\\\/wp-content\\\/uploads\\\/sites\\\/14\\\/2022\\\/02\\\/Buy-THCA-Crystals-Top-Shelf.jpg\",\"datePublished\":\"2022-02-20T16:18:47+00:00\",\"dateModified\":\"2022-03-22T01:09:51+00:00\",\"description\":\"Kj\u00f8p thca krystallinske online Europa, thca crystal til salgs, krystallinske diamanter NL, thc krystallinske i n\u00e6rheten av meg, kj\u00f8p thc krystaller i Europa.\",\"breadcrumb\":{\"@id\":\"https:\\\/\\\/medicinasinc.com\\\/no\\\/product\\\/kjop-thca-krystaller-overste-hylle\\\/#breadcrumb\"},\"inLanguage\":\"nn-NO\",\"potentialAction\":[{\"@type\":\"ReadAction\",\"target\":[\"https:\\\/\\\/medicinasinc.com\\\/no\\\/product\\\/kjop-thca-krystaller-overste-hylle\\\/\"]}]},{\"@type\":\"ImageObject\",\"inLanguage\":\"nn-NO\",\"@id\":\"https:\\\/\\\/medicinasinc.com\\\/no\\\/product\\\/kjop-thca-krystaller-overste-hylle\\\/#primaryimage\",\"url\":\"https:\\\/\\\/medicinasinc.com\\\/no\\\/wp-content\\\/uploads\\\/sites\\\/14\\\/2022\\\/02\\\/Buy-THCA-Crystals-Top-Shelf.jpg\",\"contentUrl\":\"https:\\\/\\\/medicinasinc.com\\\/no\\\/wp-content\\\/uploads\\\/sites\\\/14\\\/2022\\\/02\\\/Buy-THCA-Crystals-Top-Shelf.jpg\",\"width\":600,\"height\":600},{\"@type\":\"BreadcrumbList\",\"@id\":\"https:\\\/\\\/medicinasinc.com\\\/no\\\/product\\\/kjop-thca-krystaller-overste-hylle\\\/#breadcrumb\",\"itemListElement\":[{\"@type\":\"ListItem\",\"position\":1,\"name\":\"Butikk\",\"item\":\"https:\\\/\\\/medicinasinc.com\\\/no\\\/butikk\\\/\"},{\"@type\":\"ListItem\",\"position\":2,\"name\":\"Kj\u00f8p THCA-krystaller &#8211; \u00f8verste hylle\"}]},{\"@type\":\"WebSite\",\"@id\":\"https:\\\/\\\/medicinasinc.com\\\/no\\\/#website\",\"url\":\"https:\\\/\\\/medicinasinc.com\\\/no\\\/\",\"name\":\"Medicinas Inc\",\"description\":\"Helsemedisinsk klinikk\",\"potentialAction\":[{\"@type\":\"SearchAction\",\"target\":{\"@type\":\"EntryPoint\",\"urlTemplate\":\"https:\\\/\\\/medicinasinc.com\\\/no\\\/?s={search_term_string}\"},\"query-input\":{\"@type\":\"PropertyValueSpecification\",\"valueRequired\":true,\"valueName\":\"search_term_string\"}}],\"inLanguage\":\"nn-NO\"}]}<\/script>\n<!-- \/ Yoast SEO plugin. -->","yoast_head_json":{"title":"Kj\u00f8p THCA-krystaller - \u00f8verste hylle - Beste beste globale medisiner","description":"Kj\u00f8p thca krystallinske online Europa, thca crystal til salgs, krystallinske diamanter NL, thc krystallinske i n\u00e6rheten av meg, kj\u00f8p thc krystaller i Europa.","robots":{"index":"index","follow":"follow","max-snippet":"max-snippet:-1","max-image-preview":"max-image-preview:large","max-video-preview":"max-video-preview:-1"},"canonical":"https:\/\/medicinasinc.com\/no\/product\/kjop-thca-krystaller-overste-hylle\/","og_locale":"nn_NO","og_type":"article","og_title":"Kj\u00f8p THCA-krystaller - \u00f8verste hylle - Beste beste globale medisiner","og_description":"Kj\u00f8p thca krystallinske online Europa, thca crystal til salgs, krystallinske diamanter NL, thc krystallinske i n\u00e6rheten av meg, kj\u00f8p thc krystaller i Europa.","og_url":"https:\/\/medicinasinc.com\/no\/product\/kjop-thca-krystaller-overste-hylle\/","og_site_name":"Medicinas Inc","article_modified_time":"2022-03-22T01:09:51+00:00","og_image":[{"width":600,"height":600,"url":"https:\/\/medicinasinc.com\/no\/wp-content\/uploads\/sites\/14\/2022\/02\/Buy-THCA-Crystals-Top-Shelf.jpg","type":"image\/jpeg"}],"twitter_card":"summary_large_image","twitter_misc":{"Est. reading time":"2 minutt"},"schema":{"@context":"https:\/\/schema.org","@graph":[{"@type":"WebPage","@id":"https:\/\/medicinasinc.com\/no\/product\/kjop-thca-krystaller-overste-hylle\/","url":"https:\/\/medicinasinc.com\/no\/product\/kjop-thca-krystaller-overste-hylle\/","name":"Kj\u00f8p THCA-krystaller - \u00f8verste hylle - Beste beste globale medisiner","isPartOf":{"@id":"https:\/\/medicinasinc.com\/no\/#website"},"primaryImageOfPage":{"@id":"https:\/\/medicinasinc.com\/no\/product\/kjop-thca-krystaller-overste-hylle\/#primaryimage"},"image":{"@id":"https:\/\/medicinasinc.com\/no\/product\/kjop-thca-krystaller-overste-hylle\/#primaryimage"},"thumbnailUrl":"https:\/\/medicinasinc.com\/no\/wp-content\/uploads\/sites\/14\/2022\/02\/Buy-THCA-Crystals-Top-Shelf.jpg","datePublished":"2022-02-20T16:18:47+00:00","dateModified":"2022-03-22T01:09:51+00:00","description":"Kj\u00f8p thca krystallinske online Europa, thca crystal til salgs, krystallinske diamanter NL, thc krystallinske i n\u00e6rheten av meg, kj\u00f8p thc krystaller i Europa.","breadcrumb":{"@id":"https:\/\/medicinasinc.com\/no\/product\/kjop-thca-krystaller-overste-hylle\/#breadcrumb"},"inLanguage":"nn-NO","potentialAction":[{"@type":"ReadAction","target":["https:\/\/medicinasinc.com\/no\/product\/kjop-thca-krystaller-overste-hylle\/"]}]},{"@type":"ImageObject","inLanguage":"nn-NO","@id":"https:\/\/medicinasinc.com\/no\/product\/kjop-thca-krystaller-overste-hylle\/#primaryimage","url":"https:\/\/medicinasinc.com\/no\/wp-content\/uploads\/sites\/14\/2022\/02\/Buy-THCA-Crystals-Top-Shelf.jpg","contentUrl":"https:\/\/medicinasinc.com\/no\/wp-content\/uploads\/sites\/14\/2022\/02\/Buy-THCA-Crystals-Top-Shelf.jpg","width":600,"height":600},{"@type":"BreadcrumbList","@id":"https:\/\/medicinasinc.com\/no\/product\/kjop-thca-krystaller-overste-hylle\/#breadcrumb","itemListElement":[{"@type":"ListItem","position":1,"name":"Butikk","item":"https:\/\/medicinasinc.com\/no\/butikk\/"},{"@type":"ListItem","position":2,"name":"Kj\u00f8p THCA-krystaller &#8211; \u00f8verste hylle"}]},{"@type":"WebSite","@id":"https:\/\/medicinasinc.com\/no\/#website","url":"https:\/\/medicinasinc.com\/no\/","name":"Medicinas Inc","description":"Helsemedisinsk klinikk","potentialAction":[{"@type":"SearchAction","target":{"@type":"EntryPoint","urlTemplate":"https:\/\/medicinasinc.com\/no\/?s={search_term_string}"},"query-input":{"@type":"PropertyValueSpecification","valueRequired":true,"valueName":"search_term_string"}}],"inLanguage":"nn-NO"}]}},"_links":{"self":[{"href":"https:\/\/medicinasinc.com\/no\/wp-json\/wp\/v2\/product\/4810","targetHints":{"allow":["GET"]}}],"collection":[{"href":"https:\/\/medicinasinc.com\/no\/wp-json\/wp\/v2\/product"}],"about":[{"href":"https:\/\/medicinasinc.com\/no\/wp-json\/wp\/v2\/types\/product"}],"replies":[{"embeddable":true,"href":"https:\/\/medicinasinc.com\/no\/wp-json\/wp\/v2\/comments?post=4810"}],"wp:featuredmedia":[{"embeddable":true,"href":"https:\/\/medicinasinc.com\/no\/wp-json\/wp\/v2\/media\/4823"}],"wp:attachment":[{"href":"https:\/\/medicinasinc.com\/no\/wp-json\/wp\/v2\/media?parent=4810"}],"wp:term":[{"taxonomy":"product_brand","embeddable":true,"href":"https:\/\/medicinasinc.com\/no\/wp-json\/wp\/v2\/product_brand?post=4810"},{"taxonomy":"product_cat","embeddable":true,"href":"https:\/\/medicinasinc.com\/no\/wp-json\/wp\/v2\/product_cat?post=4810"},{"taxonomy":"product_tag","embeddable":true,"href":"https:\/\/medicinasinc.com\/no\/wp-json\/wp\/v2\/product_tag?post=4810"}],"curies":[{"name":"wp","href":"https:\/\/api.w.org\/{rel}","templated":true}]}}