{"id":4808,"date":"2022-02-20T16:17:53","date_gmt":"2022-02-20T16:17:53","guid":{"rendered":"https:\/\/medicinasinc.com\/no\/?post_type=product&#038;p=4808"},"modified":"2022-03-22T01:10:01","modified_gmt":"2022-03-22T01:10:01","slug":"kjop-1p-lsd-100mcg-blottere","status":"publish","type":"product","link":"https:\/\/medicinasinc.com\/no\/product\/kjop-1p-lsd-100mcg-blottere\/","title":{"rendered":"Kj\u00f8p 1P-LSD 100mcg Blotters"},"content":{"rendered":"<p>Kj\u00f8p 1P-LSD 100mcg Blotters med rabatt p\u00e5 nettet.<\/p>\n<p>L.S.D. er en overveiende Indica-stamme som ble oppkalt etter en ekstremt hallusinogene medisin p\u00e5 grunn av stammens ekstremt hallusinogene og cerebrale h\u00f8ye. Anstrengelsen begynner med en energisk f\u00f8lelse av glede som har potensial til \u00e5 skygge sinnet og etterlate noen f\u00e5 klienter fullstendig forvirret og &laquo;intellektuelt fast.&raquo; Til tross for sterk cerebral stimulering, rapporterer noen klienter at de f\u00f8ler seg mer innovative eller sosiale etter \u00e5 ha brukt LSD<\/p>\n<p>Kj\u00f8p 1P-LSD 100mcg Blotters online til en rabattert pris.<\/p>\n<p>Dette niv\u00e5et av mental stimulering er ekstremt uvanlig for en Indica. Som man kan forvente av et Indica-avledet stoff, L.S.D. har ogs\u00e5 typiske Indica-avledede kroppseffekter. Klienter legger ofte merke til den revolusjonerende kroppens desensibiliserende effekten \u00e9n til to timer etter inntak, n\u00e5r mesteparten av den cerebrale effekten har forsvunnet. Bivirkningene kan omfatte bomullsmunn, t\u00f8rre \u00f8yne, d\u00f8sighet, hodepine og mild mistillit.<\/p>\n<p>For de fleste kan denne stammen brukes n\u00e5r som helst p\u00e5 dagen for \u00e5 lindre mild til alvorlig p\u00e5g\u00e5ende bankende smerte. LSD er ofte foreskrevet for \u00e5 hjelpe til med \u00e5 h\u00e5ndtere press, uro eller elendighet. I tillegg bruker pasienter belastningen for \u00e5 behandle s\u00f8vnl\u00f8shet, og noen f\u00e5 bruker den for \u00e5 bekjempe hodepine.<\/p>\n<p>L.S.D. er en krysning mellom en Mazar og et ekstremt gammelt skunk-sortiment, Skunk #1, laget av Barney&#8217;s Farm. Selv om denne stammen ikke anbefales for nye produsenter, er den ekstremt enkel \u00e5 dyrke p\u00e5 grunn av dens motstand mot mange infeksjoner og evnen til \u00e5 dyrkes b\u00e5de utend\u00f8rs og innend\u00f8rs. Med en blomstringstid p\u00e5 mellom 65 og 78 dager, har L.S.D. kan produsere opptil 650 gram per kvadratmeter. Noen ganger over 60 centimeter i lengde, slutter stammen vanligvis i april p\u00e5 den s\u00f8rlige ekvator og oktober p\u00e5 den nordlige. Denne stammen har et THC-innhold p\u00e5 opptil 24 %.<\/p>\n","protected":false},"excerpt":{"rendered":"<p>Hvor kan jeg kj\u00f8pe 1P-LSD blotters? De beste forskningskjemikaliene p\u00e5 markedet &#8211; Rask levering! Kj\u00f8p 1P-LSD Blotters via Bitcoin, bankoverf\u00f8ring og andre metoder.<\/p>\n","protected":false},"featured_media":4821,"comment_status":"open","ping_status":"closed","template":"","meta":[],"product_brand":[],"product_cat":[703],"product_tag":[],"class_list":{"0":"post-4808","1":"product","2":"type-product","3":"status-publish","4":"has-post-thumbnail","6":"product_cat-kjpe-psykedeliske-narkotika","8":"first","9":"instock","10":"shipping-taxable","11":"purchasable","12":"product-type-variable","13":"has-default-attributes"},"yoast_head":"<!-- This site is optimized with the Yoast SEO plugin v27.3 - https:\/\/yoast.com\/product\/yoast-seo-wordpress\/ -->\n<title>Kj\u00f8p 1P-LSD Billige 100mcg Blotters - Best Global Meds<\/title>\n<meta name=\"description\" content=\"Bestille 1P-LSD Blotters? De beste forskningskjemikaliene - rask levering! Kj\u00f8p 1P-LSD Blotters med Bitcoin, bankoverf\u00f8ring og mer.\" \/>\n<meta name=\"robots\" content=\"index, follow, max-snippet:-1, max-image-preview:large, max-video-preview:-1\" \/>\n<link rel=\"canonical\" href=\"https:\/\/medicinasinc.com\/no\/product\/kjop-1p-lsd-100mcg-blottere\/\" \/>\n<meta property=\"og:locale\" content=\"nn_NO\" \/>\n<meta property=\"og:type\" content=\"article\" \/>\n<meta property=\"og:title\" content=\"Kj\u00f8p 1P-LSD Billige 100mcg Blotters - Best Global Meds\" \/>\n<meta property=\"og:description\" content=\"Bestille 1P-LSD Blotters? De beste forskningskjemikaliene - rask levering! Kj\u00f8p 1P-LSD Blotters med Bitcoin, bankoverf\u00f8ring og mer.\" \/>\n<meta property=\"og:url\" content=\"https:\/\/medicinasinc.com\/no\/product\/kjop-1p-lsd-100mcg-blottere\/\" \/>\n<meta property=\"og:site_name\" content=\"Medicinas Inc\" \/>\n<meta property=\"article:modified_time\" content=\"2022-03-22T01:10:01+00:00\" \/>\n<meta property=\"og:image\" content=\"https:\/\/medicinasinc.com\/no\/wp-content\/uploads\/sites\/14\/2022\/02\/Buy-1P-LSD-100mcg-Blotters-cheap-online.jpg\" \/>\n\t<meta property=\"og:image:width\" content=\"600\" \/>\n\t<meta property=\"og:image:height\" content=\"600\" \/>\n\t<meta property=\"og:image:type\" content=\"image\/jpeg\" \/>\n<meta name=\"twitter:card\" content=\"summary_large_image\" \/>\n<meta name=\"twitter:label1\" content=\"Est. reading time\" \/>\n\t<meta name=\"twitter:data1\" content=\"2 minutt\" \/>\n<script type=\"application\/ld+json\" class=\"yoast-schema-graph\">{\"@context\":\"https:\\\/\\\/schema.org\",\"@graph\":[{\"@type\":\"WebPage\",\"@id\":\"https:\\\/\\\/medicinasinc.com\\\/no\\\/product\\\/kjop-1p-lsd-100mcg-blottere\\\/\",\"url\":\"https:\\\/\\\/medicinasinc.com\\\/no\\\/product\\\/kjop-1p-lsd-100mcg-blottere\\\/\",\"name\":\"Kj\u00f8p 1P-LSD Billige 100mcg Blotters - Best Global Meds\",\"isPartOf\":{\"@id\":\"https:\\\/\\\/medicinasinc.com\\\/no\\\/#website\"},\"primaryImageOfPage\":{\"@id\":\"https:\\\/\\\/medicinasinc.com\\\/no\\\/product\\\/kjop-1p-lsd-100mcg-blottere\\\/#primaryimage\"},\"image\":{\"@id\":\"https:\\\/\\\/medicinasinc.com\\\/no\\\/product\\\/kjop-1p-lsd-100mcg-blottere\\\/#primaryimage\"},\"thumbnailUrl\":\"https:\\\/\\\/medicinasinc.com\\\/no\\\/wp-content\\\/uploads\\\/sites\\\/14\\\/2022\\\/02\\\/Buy-1P-LSD-100mcg-Blotters-cheap-online.jpg\",\"datePublished\":\"2022-02-20T16:17:53+00:00\",\"dateModified\":\"2022-03-22T01:10:01+00:00\",\"description\":\"Bestille 1P-LSD Blotters? De beste forskningskjemikaliene - rask levering! Kj\u00f8p 1P-LSD Blotters med Bitcoin, bankoverf\u00f8ring og mer.\",\"breadcrumb\":{\"@id\":\"https:\\\/\\\/medicinasinc.com\\\/no\\\/product\\\/kjop-1p-lsd-100mcg-blottere\\\/#breadcrumb\"},\"inLanguage\":\"nn-NO\",\"potentialAction\":[{\"@type\":\"ReadAction\",\"target\":[\"https:\\\/\\\/medicinasinc.com\\\/no\\\/product\\\/kjop-1p-lsd-100mcg-blottere\\\/\"]}]},{\"@type\":\"ImageObject\",\"inLanguage\":\"nn-NO\",\"@id\":\"https:\\\/\\\/medicinasinc.com\\\/no\\\/product\\\/kjop-1p-lsd-100mcg-blottere\\\/#primaryimage\",\"url\":\"https:\\\/\\\/medicinasinc.com\\\/no\\\/wp-content\\\/uploads\\\/sites\\\/14\\\/2022\\\/02\\\/Buy-1P-LSD-100mcg-Blotters-cheap-online.jpg\",\"contentUrl\":\"https:\\\/\\\/medicinasinc.com\\\/no\\\/wp-content\\\/uploads\\\/sites\\\/14\\\/2022\\\/02\\\/Buy-1P-LSD-100mcg-Blotters-cheap-online.jpg\",\"width\":600,\"height\":600},{\"@type\":\"BreadcrumbList\",\"@id\":\"https:\\\/\\\/medicinasinc.com\\\/no\\\/product\\\/kjop-1p-lsd-100mcg-blottere\\\/#breadcrumb\",\"itemListElement\":[{\"@type\":\"ListItem\",\"position\":1,\"name\":\"Butikk\",\"item\":\"https:\\\/\\\/medicinasinc.com\\\/no\\\/butikk\\\/\"},{\"@type\":\"ListItem\",\"position\":2,\"name\":\"Kj\u00f8p 1P-LSD 100mcg Blotters\"}]},{\"@type\":\"WebSite\",\"@id\":\"https:\\\/\\\/medicinasinc.com\\\/no\\\/#website\",\"url\":\"https:\\\/\\\/medicinasinc.com\\\/no\\\/\",\"name\":\"Medicinas Inc\",\"description\":\"Helsemedisinsk klinikk\",\"potentialAction\":[{\"@type\":\"SearchAction\",\"target\":{\"@type\":\"EntryPoint\",\"urlTemplate\":\"https:\\\/\\\/medicinasinc.com\\\/no\\\/?s={search_term_string}\"},\"query-input\":{\"@type\":\"PropertyValueSpecification\",\"valueRequired\":true,\"valueName\":\"search_term_string\"}}],\"inLanguage\":\"nn-NO\"}]}<\/script>\n<!-- \/ Yoast SEO plugin. -->","yoast_head_json":{"title":"Kj\u00f8p 1P-LSD Billige 100mcg Blotters - Best Global Meds","description":"Bestille 1P-LSD Blotters? De beste forskningskjemikaliene - rask levering! Kj\u00f8p 1P-LSD Blotters med Bitcoin, bankoverf\u00f8ring og mer.","robots":{"index":"index","follow":"follow","max-snippet":"max-snippet:-1","max-image-preview":"max-image-preview:large","max-video-preview":"max-video-preview:-1"},"canonical":"https:\/\/medicinasinc.com\/no\/product\/kjop-1p-lsd-100mcg-blottere\/","og_locale":"nn_NO","og_type":"article","og_title":"Kj\u00f8p 1P-LSD Billige 100mcg Blotters - Best Global Meds","og_description":"Bestille 1P-LSD Blotters? De beste forskningskjemikaliene - rask levering! Kj\u00f8p 1P-LSD Blotters med Bitcoin, bankoverf\u00f8ring og mer.","og_url":"https:\/\/medicinasinc.com\/no\/product\/kjop-1p-lsd-100mcg-blottere\/","og_site_name":"Medicinas Inc","article_modified_time":"2022-03-22T01:10:01+00:00","og_image":[{"width":600,"height":600,"url":"https:\/\/medicinasinc.com\/no\/wp-content\/uploads\/sites\/14\/2022\/02\/Buy-1P-LSD-100mcg-Blotters-cheap-online.jpg","type":"image\/jpeg"}],"twitter_card":"summary_large_image","twitter_misc":{"Est. reading time":"2 minutt"},"schema":{"@context":"https:\/\/schema.org","@graph":[{"@type":"WebPage","@id":"https:\/\/medicinasinc.com\/no\/product\/kjop-1p-lsd-100mcg-blottere\/","url":"https:\/\/medicinasinc.com\/no\/product\/kjop-1p-lsd-100mcg-blottere\/","name":"Kj\u00f8p 1P-LSD Billige 100mcg Blotters - Best Global Meds","isPartOf":{"@id":"https:\/\/medicinasinc.com\/no\/#website"},"primaryImageOfPage":{"@id":"https:\/\/medicinasinc.com\/no\/product\/kjop-1p-lsd-100mcg-blottere\/#primaryimage"},"image":{"@id":"https:\/\/medicinasinc.com\/no\/product\/kjop-1p-lsd-100mcg-blottere\/#primaryimage"},"thumbnailUrl":"https:\/\/medicinasinc.com\/no\/wp-content\/uploads\/sites\/14\/2022\/02\/Buy-1P-LSD-100mcg-Blotters-cheap-online.jpg","datePublished":"2022-02-20T16:17:53+00:00","dateModified":"2022-03-22T01:10:01+00:00","description":"Bestille 1P-LSD Blotters? De beste forskningskjemikaliene - rask levering! Kj\u00f8p 1P-LSD Blotters med Bitcoin, bankoverf\u00f8ring og mer.","breadcrumb":{"@id":"https:\/\/medicinasinc.com\/no\/product\/kjop-1p-lsd-100mcg-blottere\/#breadcrumb"},"inLanguage":"nn-NO","potentialAction":[{"@type":"ReadAction","target":["https:\/\/medicinasinc.com\/no\/product\/kjop-1p-lsd-100mcg-blottere\/"]}]},{"@type":"ImageObject","inLanguage":"nn-NO","@id":"https:\/\/medicinasinc.com\/no\/product\/kjop-1p-lsd-100mcg-blottere\/#primaryimage","url":"https:\/\/medicinasinc.com\/no\/wp-content\/uploads\/sites\/14\/2022\/02\/Buy-1P-LSD-100mcg-Blotters-cheap-online.jpg","contentUrl":"https:\/\/medicinasinc.com\/no\/wp-content\/uploads\/sites\/14\/2022\/02\/Buy-1P-LSD-100mcg-Blotters-cheap-online.jpg","width":600,"height":600},{"@type":"BreadcrumbList","@id":"https:\/\/medicinasinc.com\/no\/product\/kjop-1p-lsd-100mcg-blottere\/#breadcrumb","itemListElement":[{"@type":"ListItem","position":1,"name":"Butikk","item":"https:\/\/medicinasinc.com\/no\/butikk\/"},{"@type":"ListItem","position":2,"name":"Kj\u00f8p 1P-LSD 100mcg Blotters"}]},{"@type":"WebSite","@id":"https:\/\/medicinasinc.com\/no\/#website","url":"https:\/\/medicinasinc.com\/no\/","name":"Medicinas Inc","description":"Helsemedisinsk klinikk","potentialAction":[{"@type":"SearchAction","target":{"@type":"EntryPoint","urlTemplate":"https:\/\/medicinasinc.com\/no\/?s={search_term_string}"},"query-input":{"@type":"PropertyValueSpecification","valueRequired":true,"valueName":"search_term_string"}}],"inLanguage":"nn-NO"}]}},"_links":{"self":[{"href":"https:\/\/medicinasinc.com\/no\/wp-json\/wp\/v2\/product\/4808","targetHints":{"allow":["GET"]}}],"collection":[{"href":"https:\/\/medicinasinc.com\/no\/wp-json\/wp\/v2\/product"}],"about":[{"href":"https:\/\/medicinasinc.com\/no\/wp-json\/wp\/v2\/types\/product"}],"replies":[{"embeddable":true,"href":"https:\/\/medicinasinc.com\/no\/wp-json\/wp\/v2\/comments?post=4808"}],"wp:featuredmedia":[{"embeddable":true,"href":"https:\/\/medicinasinc.com\/no\/wp-json\/wp\/v2\/media\/4821"}],"wp:attachment":[{"href":"https:\/\/medicinasinc.com\/no\/wp-json\/wp\/v2\/media?parent=4808"}],"wp:term":[{"taxonomy":"product_brand","embeddable":true,"href":"https:\/\/medicinasinc.com\/no\/wp-json\/wp\/v2\/product_brand?post=4808"},{"taxonomy":"product_cat","embeddable":true,"href":"https:\/\/medicinasinc.com\/no\/wp-json\/wp\/v2\/product_cat?post=4808"},{"taxonomy":"product_tag","embeddable":true,"href":"https:\/\/medicinasinc.com\/no\/wp-json\/wp\/v2\/product_tag?post=4808"}],"curies":[{"name":"wp","href":"https:\/\/api.w.org\/{rel}","templated":true}]}}