{"id":4794,"date":"2022-02-20T16:06:08","date_gmt":"2022-02-20T16:06:08","guid":{"rendered":"https:\/\/medicinasinc.com\/no\/?post_type=product&#038;p=4794"},"modified":"2022-03-22T01:10:22","modified_gmt":"2022-03-22T01:10:22","slug":"kjop-nyc-diesel-budder-overste-hylle","status":"publish","type":"product","link":"https:\/\/medicinasinc.com\/no\/product\/kjop-nyc-diesel-budder-overste-hylle\/","title":{"rendered":"Kj\u00f8p NYC Diesel Budder \u2013 \u00f8verste hylle"},"content":{"rendered":"<p>Kj\u00f8p New York City Diesel Budder \u2013 \u00f8verste hylle<\/p>\n<p>NYC Diesel er en 60 % Sativa-stamme som er en krysning mellom meksikansk og afghansk landrasegenetikk. Den lukter sterkt av syrlig grapefrukt og syrlige sitrusfrukter. NYC Diesel er en utmerket belastning p\u00e5 dagtid p\u00e5 grunn av sin h\u00f8ye cerebrale stimulering, som fremmer mental klarhet og \u00e5rv\u00e5kenhet. I tillegg til dens energigivende effekter, l\u00f8fter NYC Diesel hum\u00f8ret og stimulerer kreativiteten, noe som gj\u00f8r den til en effektiv behandling for depresjon. Over tid induserer effekten av denne belastningen en mild tilstand av avslapning i kroppen, som ikke resulterer i s\u00f8vnighet, men kan stimulere appetitten hos noen brukere. Den mest effektive bruken av NYC Diesel er i behandlingen av angst\/sosial angst, depresjon, kroniske smerter, tap av appetitt og d\u00e5rlig hum\u00f8r.<\/p>\n","protected":false},"excerpt":{"rendered":"<p>Kj\u00f8p NYC Diesel Budderl &#8211; En krysning mellom meksikanske og afghanske landraser, denne 60 prosent Sativa-dominerende stammen er n\u00e5 tilgjengelig til den beste prisen.<\/p>\n<ul>\n<li>Verdensomspennende frakt<\/li>\n<li><strong>Et konsentrat som best\u00e5r av 97 -99 % THC<\/strong><\/li>\n<li><strong>99 % ren THC-A<\/strong><\/li>\n<li><strong>Kontakt oss<\/strong>\u00a0for st\u00f8rre bestillinger<\/li>\n<\/ul>\n","protected":false},"featured_media":4807,"comment_status":"open","ping_status":"closed","template":"","meta":[],"product_brand":[],"product_cat":[702],"product_tag":[],"class_list":{"0":"post-4794","1":"product","2":"type-product","3":"status-publish","4":"has-post-thumbnail","6":"product_cat-kjpe-cannabis-voks","8":"first","9":"instock","10":"shipping-taxable","11":"purchasable","12":"product-type-variable","13":"has-default-attributes"},"yoast_head":"<!-- This site is optimized with the Yoast SEO plugin v27.3 - https:\/\/yoast.com\/product\/yoast-seo-wordpress\/ -->\n<title>Kj\u00f8p NYC Diesel Budder \u2013 \u00f8verste hylle \u2013 beste beste globale medisiner<\/title>\n<meta name=\"description\" content=\"Kj\u00f8p NYC Diesel Budderl - En krysning mellom meksikanske og afghanske landraser, er en 60 % Sativa-dominerende stamme, n\u00e5 tilgjengelig for salg til den beste prisen.\" \/>\n<meta name=\"robots\" content=\"index, follow, max-snippet:-1, max-image-preview:large, max-video-preview:-1\" \/>\n<link rel=\"canonical\" href=\"https:\/\/medicinasinc.com\/no\/product\/kjop-nyc-diesel-budder-overste-hylle\/\" \/>\n<meta property=\"og:locale\" content=\"nn_NO\" \/>\n<meta property=\"og:type\" content=\"article\" \/>\n<meta property=\"og:title\" content=\"Kj\u00f8p NYC Diesel Budder \u2013 \u00f8verste hylle \u2013 beste beste globale medisiner\" \/>\n<meta property=\"og:description\" content=\"Kj\u00f8p NYC Diesel Budderl - En krysning mellom meksikanske og afghanske landraser, er en 60 % Sativa-dominerende stamme, n\u00e5 tilgjengelig for salg til den beste prisen.\" \/>\n<meta property=\"og:url\" content=\"https:\/\/medicinasinc.com\/no\/product\/kjop-nyc-diesel-budder-overste-hylle\/\" \/>\n<meta property=\"og:site_name\" content=\"Medicinas Inc\" \/>\n<meta property=\"article:modified_time\" content=\"2022-03-22T01:10:22+00:00\" \/>\n<meta property=\"og:image\" content=\"https:\/\/medicinasinc.com\/no\/wp-content\/uploads\/sites\/14\/2022\/02\/Buy-NYC-Diesel-Budder..jpg\" \/>\n\t<meta property=\"og:image:width\" content=\"600\" \/>\n\t<meta property=\"og:image:height\" content=\"600\" \/>\n\t<meta property=\"og:image:type\" content=\"image\/jpeg\" \/>\n<meta name=\"twitter:card\" content=\"summary_large_image\" \/>\n<meta name=\"twitter:label1\" content=\"Est. reading time\" \/>\n\t<meta name=\"twitter:data1\" content=\"1 minutt\" \/>\n<script type=\"application\/ld+json\" class=\"yoast-schema-graph\">{\"@context\":\"https:\\\/\\\/schema.org\",\"@graph\":[{\"@type\":\"WebPage\",\"@id\":\"https:\\\/\\\/medicinasinc.com\\\/no\\\/product\\\/kjop-nyc-diesel-budder-overste-hylle\\\/\",\"url\":\"https:\\\/\\\/medicinasinc.com\\\/no\\\/product\\\/kjop-nyc-diesel-budder-overste-hylle\\\/\",\"name\":\"Kj\u00f8p NYC Diesel Budder \u2013 \u00f8verste hylle \u2013 beste beste globale medisiner\",\"isPartOf\":{\"@id\":\"https:\\\/\\\/medicinasinc.com\\\/no\\\/#website\"},\"primaryImageOfPage\":{\"@id\":\"https:\\\/\\\/medicinasinc.com\\\/no\\\/product\\\/kjop-nyc-diesel-budder-overste-hylle\\\/#primaryimage\"},\"image\":{\"@id\":\"https:\\\/\\\/medicinasinc.com\\\/no\\\/product\\\/kjop-nyc-diesel-budder-overste-hylle\\\/#primaryimage\"},\"thumbnailUrl\":\"https:\\\/\\\/medicinasinc.com\\\/no\\\/wp-content\\\/uploads\\\/sites\\\/14\\\/2022\\\/02\\\/Buy-NYC-Diesel-Budder..jpg\",\"datePublished\":\"2022-02-20T16:06:08+00:00\",\"dateModified\":\"2022-03-22T01:10:22+00:00\",\"description\":\"Kj\u00f8p NYC Diesel Budderl - En krysning mellom meksikanske og afghanske landraser, er en 60 % Sativa-dominerende stamme, n\u00e5 tilgjengelig for salg til den beste prisen.\",\"breadcrumb\":{\"@id\":\"https:\\\/\\\/medicinasinc.com\\\/no\\\/product\\\/kjop-nyc-diesel-budder-overste-hylle\\\/#breadcrumb\"},\"inLanguage\":\"nn-NO\",\"potentialAction\":[{\"@type\":\"ReadAction\",\"target\":[\"https:\\\/\\\/medicinasinc.com\\\/no\\\/product\\\/kjop-nyc-diesel-budder-overste-hylle\\\/\"]}]},{\"@type\":\"ImageObject\",\"inLanguage\":\"nn-NO\",\"@id\":\"https:\\\/\\\/medicinasinc.com\\\/no\\\/product\\\/kjop-nyc-diesel-budder-overste-hylle\\\/#primaryimage\",\"url\":\"https:\\\/\\\/medicinasinc.com\\\/no\\\/wp-content\\\/uploads\\\/sites\\\/14\\\/2022\\\/02\\\/Buy-NYC-Diesel-Budder..jpg\",\"contentUrl\":\"https:\\\/\\\/medicinasinc.com\\\/no\\\/wp-content\\\/uploads\\\/sites\\\/14\\\/2022\\\/02\\\/Buy-NYC-Diesel-Budder..jpg\",\"width\":600,\"height\":600},{\"@type\":\"BreadcrumbList\",\"@id\":\"https:\\\/\\\/medicinasinc.com\\\/no\\\/product\\\/kjop-nyc-diesel-budder-overste-hylle\\\/#breadcrumb\",\"itemListElement\":[{\"@type\":\"ListItem\",\"position\":1,\"name\":\"Butikk\",\"item\":\"https:\\\/\\\/medicinasinc.com\\\/no\\\/butikk\\\/\"},{\"@type\":\"ListItem\",\"position\":2,\"name\":\"Kj\u00f8p NYC Diesel Budder \u2013 \u00f8verste hylle\"}]},{\"@type\":\"WebSite\",\"@id\":\"https:\\\/\\\/medicinasinc.com\\\/no\\\/#website\",\"url\":\"https:\\\/\\\/medicinasinc.com\\\/no\\\/\",\"name\":\"Medicinas Inc\",\"description\":\"Helsemedisinsk klinikk\",\"potentialAction\":[{\"@type\":\"SearchAction\",\"target\":{\"@type\":\"EntryPoint\",\"urlTemplate\":\"https:\\\/\\\/medicinasinc.com\\\/no\\\/?s={search_term_string}\"},\"query-input\":{\"@type\":\"PropertyValueSpecification\",\"valueRequired\":true,\"valueName\":\"search_term_string\"}}],\"inLanguage\":\"nn-NO\"}]}<\/script>\n<!-- \/ Yoast SEO plugin. -->","yoast_head_json":{"title":"Kj\u00f8p NYC Diesel Budder \u2013 \u00f8verste hylle \u2013 beste beste globale medisiner","description":"Kj\u00f8p NYC Diesel Budderl - En krysning mellom meksikanske og afghanske landraser, er en 60 % Sativa-dominerende stamme, n\u00e5 tilgjengelig for salg til den beste prisen.","robots":{"index":"index","follow":"follow","max-snippet":"max-snippet:-1","max-image-preview":"max-image-preview:large","max-video-preview":"max-video-preview:-1"},"canonical":"https:\/\/medicinasinc.com\/no\/product\/kjop-nyc-diesel-budder-overste-hylle\/","og_locale":"nn_NO","og_type":"article","og_title":"Kj\u00f8p NYC Diesel Budder \u2013 \u00f8verste hylle \u2013 beste beste globale medisiner","og_description":"Kj\u00f8p NYC Diesel Budderl - En krysning mellom meksikanske og afghanske landraser, er en 60 % Sativa-dominerende stamme, n\u00e5 tilgjengelig for salg til den beste prisen.","og_url":"https:\/\/medicinasinc.com\/no\/product\/kjop-nyc-diesel-budder-overste-hylle\/","og_site_name":"Medicinas Inc","article_modified_time":"2022-03-22T01:10:22+00:00","og_image":[{"width":600,"height":600,"url":"https:\/\/medicinasinc.com\/no\/wp-content\/uploads\/sites\/14\/2022\/02\/Buy-NYC-Diesel-Budder..jpg","type":"image\/jpeg"}],"twitter_card":"summary_large_image","twitter_misc":{"Est. reading time":"1 minutt"},"schema":{"@context":"https:\/\/schema.org","@graph":[{"@type":"WebPage","@id":"https:\/\/medicinasinc.com\/no\/product\/kjop-nyc-diesel-budder-overste-hylle\/","url":"https:\/\/medicinasinc.com\/no\/product\/kjop-nyc-diesel-budder-overste-hylle\/","name":"Kj\u00f8p NYC Diesel Budder \u2013 \u00f8verste hylle \u2013 beste beste globale medisiner","isPartOf":{"@id":"https:\/\/medicinasinc.com\/no\/#website"},"primaryImageOfPage":{"@id":"https:\/\/medicinasinc.com\/no\/product\/kjop-nyc-diesel-budder-overste-hylle\/#primaryimage"},"image":{"@id":"https:\/\/medicinasinc.com\/no\/product\/kjop-nyc-diesel-budder-overste-hylle\/#primaryimage"},"thumbnailUrl":"https:\/\/medicinasinc.com\/no\/wp-content\/uploads\/sites\/14\/2022\/02\/Buy-NYC-Diesel-Budder..jpg","datePublished":"2022-02-20T16:06:08+00:00","dateModified":"2022-03-22T01:10:22+00:00","description":"Kj\u00f8p NYC Diesel Budderl - En krysning mellom meksikanske og afghanske landraser, er en 60 % Sativa-dominerende stamme, n\u00e5 tilgjengelig for salg til den beste prisen.","breadcrumb":{"@id":"https:\/\/medicinasinc.com\/no\/product\/kjop-nyc-diesel-budder-overste-hylle\/#breadcrumb"},"inLanguage":"nn-NO","potentialAction":[{"@type":"ReadAction","target":["https:\/\/medicinasinc.com\/no\/product\/kjop-nyc-diesel-budder-overste-hylle\/"]}]},{"@type":"ImageObject","inLanguage":"nn-NO","@id":"https:\/\/medicinasinc.com\/no\/product\/kjop-nyc-diesel-budder-overste-hylle\/#primaryimage","url":"https:\/\/medicinasinc.com\/no\/wp-content\/uploads\/sites\/14\/2022\/02\/Buy-NYC-Diesel-Budder..jpg","contentUrl":"https:\/\/medicinasinc.com\/no\/wp-content\/uploads\/sites\/14\/2022\/02\/Buy-NYC-Diesel-Budder..jpg","width":600,"height":600},{"@type":"BreadcrumbList","@id":"https:\/\/medicinasinc.com\/no\/product\/kjop-nyc-diesel-budder-overste-hylle\/#breadcrumb","itemListElement":[{"@type":"ListItem","position":1,"name":"Butikk","item":"https:\/\/medicinasinc.com\/no\/butikk\/"},{"@type":"ListItem","position":2,"name":"Kj\u00f8p NYC Diesel Budder \u2013 \u00f8verste hylle"}]},{"@type":"WebSite","@id":"https:\/\/medicinasinc.com\/no\/#website","url":"https:\/\/medicinasinc.com\/no\/","name":"Medicinas Inc","description":"Helsemedisinsk klinikk","potentialAction":[{"@type":"SearchAction","target":{"@type":"EntryPoint","urlTemplate":"https:\/\/medicinasinc.com\/no\/?s={search_term_string}"},"query-input":{"@type":"PropertyValueSpecification","valueRequired":true,"valueName":"search_term_string"}}],"inLanguage":"nn-NO"}]}},"_links":{"self":[{"href":"https:\/\/medicinasinc.com\/no\/wp-json\/wp\/v2\/product\/4794","targetHints":{"allow":["GET"]}}],"collection":[{"href":"https:\/\/medicinasinc.com\/no\/wp-json\/wp\/v2\/product"}],"about":[{"href":"https:\/\/medicinasinc.com\/no\/wp-json\/wp\/v2\/types\/product"}],"replies":[{"embeddable":true,"href":"https:\/\/medicinasinc.com\/no\/wp-json\/wp\/v2\/comments?post=4794"}],"wp:featuredmedia":[{"embeddable":true,"href":"https:\/\/medicinasinc.com\/no\/wp-json\/wp\/v2\/media\/4807"}],"wp:attachment":[{"href":"https:\/\/medicinasinc.com\/no\/wp-json\/wp\/v2\/media?parent=4794"}],"wp:term":[{"taxonomy":"product_brand","embeddable":true,"href":"https:\/\/medicinasinc.com\/no\/wp-json\/wp\/v2\/product_brand?post=4794"},{"taxonomy":"product_cat","embeddable":true,"href":"https:\/\/medicinasinc.com\/no\/wp-json\/wp\/v2\/product_cat?post=4794"},{"taxonomy":"product_tag","embeddable":true,"href":"https:\/\/medicinasinc.com\/no\/wp-json\/wp\/v2\/product_tag?post=4794"}],"curies":[{"name":"wp","href":"https:\/\/api.w.org\/{rel}","templated":true}]}}